{"id":47248,"date":"2023-02-21T13:26:51","date_gmt":"2023-02-21T12:26:54","guid":{"rendered":"https:\/\/newgarden.es\/?post_type=product&#038;p=47248"},"modified":"2024-05-27T10:22:32","modified_gmt":"2024-05-27T08:22:32","slug":"applique-sans-fil-conta-wall","status":"publish","type":"product","link":"https:\/\/newgarden.es\/fr\/shop\/lightdeco-fr\/appliques\/applique-sans-fil-conta-wall\/","title":{"rendered":"APPLIQUE SANS FIL CONTA WALL"},"content":{"rendered":"<section class=\"wpb-content-wrapper\"><p>[vc_row][vc_column][vc_column_text][\/vc_column_text][\/vc_column][\/vc_row][vc_row][vc_column][vc_column_text]L&rsquo;applique murale sans fil CONTA WALL est fabriqu\u00e9e en PVC recycl\u00e9. Cette lampe est le compl\u00e9ment id\u00e9al pour \u00e9clairer n&rsquo;importe quel espace de votre maison ou de votre jardin, en lui donnant une touche diff\u00e9rente.<\/p>\n<p>Elle int\u00e8gre une ampoule rechargeable portable de 900 lumens qui ne n\u00e9cessite aucune installation, il suffit de l&rsquo;approcher de la lampe pour qu&rsquo;elle y adh\u00e8re gr\u00e2ce \u00e0 sa base aimant\u00e9e. Cette ampoule comprend \u00e9galement une t\u00e9l\u00e9commande permettant de l&rsquo;allumer, de l&rsquo;\u00e9teindre et de r\u00e9gler son intensit\u00e9.<\/p>\n<p>Cette lampe fait partie de la famille CONTA et peut \u00eatre combin\u00e9e avec une lampe suspendue, un lampadaire et une lampe de table.<br \/>\n[\/vc_column_text][\/vc_column][\/vc_row][vc_row][vc_column width=\u00a0\u00bb1\/2&Prime;][vc_btn title=\u00a0\u00bbFiche technique\u00a0\u00bb style=\u00a0\u00bbcustom\u00a0\u00bb custom_background=\u00a0\u00bb#009bc2&Prime; custom_text=\u00a0\u00bb#ffffff\u00a0\u00bb shape=\u00a0\u00bbsquare\u00a0\u00bb el_class=\u00a0\u00bbbtn_descargar_ficha\u00a0\u00bb link=\u00a0\u00bburl:https%3A%2F%2Fbit.ly%2F3XWLQ3S|target:%20_blank|\u00a0\u00bb][\/vc_column][vc_column width=\u00a0\u00bb1\/2&Prime;][vc_btn title=\u00a0\u00bbManuel d&apos;instrutions\u00a0\u00bb style=\u00a0\u00bbcustom\u00a0\u00bb custom_background=\u00a0\u00bb#009bc2&Prime; custom_text=\u00a0\u00bb#ffffff\u00a0\u00bb shape=\u00a0\u00bbsquare\u00a0\u00bb el_class=\u00a0\u00bbbtn_descargar_ficha\u00a0\u00bb link=\u00a0\u00bburl:https%3A%2F%2Fbit.ly%2F3XNfRmj|target:%20_blank|\u00a0\u00bb][\/vc_column][\/vc_row]<\/p>\n<\/section>","protected":false},"excerpt":{"rendered":"<h6>Applique sans fil CONTA WALL<\/h6>\n","protected":false},"featured_media":56564,"template":"","meta":[],"product_cat":[651,757],"product_tag":[653,707],"class_list":{"0":"post-47248","1":"product","2":"type-product","3":"status-publish","4":"has-post-thumbnail","6":"product_cat-lightdeco-fr","7":"product_cat-appliques","8":"product_tag-batterie","9":"product_tag-sans-fil","11":"first","12":"instock","13":"taxable","14":"shipping-taxable","15":"purchasable","16":"product-type-variable","17":"has-default-attributes"},"yoast_head":"<!-- This site is optimized with the Yoast SEO plugin v24.2 - https:\/\/yoast.com\/wordpress\/plugins\/seo\/ -->\n<title>APPLIQUE SANS FIL CONTA WALL - Newgarden<\/title>\n<meta name=\"description\" content=\"L&#039;applique murale sans fil CONTA WALL est fabriqu\u00e9e en PVC recycl\u00e9. Cette lampe est le compl\u00e9ment id\u00e9al pour \u00e9clairer n&#039;importe quel espace de votre maison\" \/>\n<meta name=\"robots\" content=\"index, follow, max-snippet:-1, max-image-preview:large, max-video-preview:-1\" \/>\n<link rel=\"canonical\" href=\"https:\/\/newgarden.es\/fr\/shop\/lightdeco-fr\/appliques\/applique-sans-fil-conta-wall\/\" \/>\n<meta property=\"og:locale\" content=\"fr_FR\" \/>\n<meta property=\"og:type\" content=\"article\" \/>\n<meta property=\"og:title\" content=\"APPLIQUE SANS FIL CONTA WALL - Newgarden\" \/>\n<meta property=\"og:description\" content=\"L&#039;applique murale sans fil CONTA WALL est fabriqu\u00e9e en PVC recycl\u00e9. Cette lampe est le compl\u00e9ment id\u00e9al pour \u00e9clairer n&#039;importe quel espace de votre maison\" \/>\n<meta property=\"og:url\" content=\"https:\/\/newgarden.es\/fr\/shop\/lightdeco-fr\/appliques\/applique-sans-fil-conta-wall\/\" \/>\n<meta property=\"og:site_name\" content=\"Newgarden\" \/>\n<meta property=\"article:modified_time\" content=\"2024-05-27T08:22:32+00:00\" \/>\n<meta property=\"og:image\" content=\"https:\/\/newgarden.es\/wp-content\/uploads\/2023\/02\/CONTA_WALL_BATTERY_1200X1200-1.jpg\" \/>\n\t<meta property=\"og:image:width\" content=\"1200\" \/>\n\t<meta property=\"og:image:height\" content=\"1200\" \/>\n\t<meta property=\"og:image:type\" content=\"image\/jpeg\" \/>\n<meta name=\"twitter:card\" content=\"summary_large_image\" \/>\n<meta name=\"twitter:label1\" content=\"Dur\u00e9e de lecture estim\u00e9e\" \/>\n\t<meta name=\"twitter:data1\" content=\"1 minute\" \/>\n<script type=\"application\/ld+json\" class=\"yoast-schema-graph\">{\"@context\":\"https:\/\/schema.org\",\"@graph\":[{\"@type\":\"WebPage\",\"@id\":\"https:\/\/newgarden.es\/fr\/shop\/lightdeco-fr\/appliques\/applique-sans-fil-conta-wall\/\",\"url\":\"https:\/\/newgarden.es\/fr\/shop\/lightdeco-fr\/appliques\/applique-sans-fil-conta-wall\/\",\"name\":\"APPLIQUE SANS FIL CONTA WALL - Newgarden\",\"isPartOf\":{\"@id\":\"https:\/\/newgarden.es\/#website\"},\"primaryImageOfPage\":{\"@id\":\"https:\/\/newgarden.es\/fr\/shop\/lightdeco-fr\/appliques\/applique-sans-fil-conta-wall\/#primaryimage\"},\"image\":{\"@id\":\"https:\/\/newgarden.es\/fr\/shop\/lightdeco-fr\/appliques\/applique-sans-fil-conta-wall\/#primaryimage\"},\"thumbnailUrl\":\"https:\/\/newgarden.es\/wp-content\/uploads\/2023\/02\/CONTA_WALL_BATTERY_1200X1200-1.jpg\",\"datePublished\":\"2023-02-21T12:26:54+00:00\",\"dateModified\":\"2024-05-27T08:22:32+00:00\",\"description\":\"L'applique murale sans fil CONTA WALL est fabriqu\u00e9e en PVC recycl\u00e9. Cette lampe est le compl\u00e9ment id\u00e9al pour \u00e9clairer n'importe quel espace de votre maison\",\"breadcrumb\":{\"@id\":\"https:\/\/newgarden.es\/fr\/shop\/lightdeco-fr\/appliques\/applique-sans-fil-conta-wall\/#breadcrumb\"},\"inLanguage\":\"fr-FR\",\"potentialAction\":[{\"@type\":\"ReadAction\",\"target\":[\"https:\/\/newgarden.es\/fr\/shop\/lightdeco-fr\/appliques\/applique-sans-fil-conta-wall\/\"]}]},{\"@type\":\"ImageObject\",\"inLanguage\":\"fr-FR\",\"@id\":\"https:\/\/newgarden.es\/fr\/shop\/lightdeco-fr\/appliques\/applique-sans-fil-conta-wall\/#primaryimage\",\"url\":\"https:\/\/newgarden.es\/wp-content\/uploads\/2023\/02\/CONTA_WALL_BATTERY_1200X1200-1.jpg\",\"contentUrl\":\"https:\/\/newgarden.es\/wp-content\/uploads\/2023\/02\/CONTA_WALL_BATTERY_1200X1200-1.jpg\",\"width\":1200,\"height\":1200},{\"@type\":\"BreadcrumbList\",\"@id\":\"https:\/\/newgarden.es\/fr\/shop\/lightdeco-fr\/appliques\/applique-sans-fil-conta-wall\/#breadcrumb\",\"itemListElement\":[{\"@type\":\"ListItem\",\"position\":1,\"name\":\"Home\",\"item\":\"https:\/\/newgarden.es\/fr\/\"},{\"@type\":\"ListItem\",\"position\":2,\"name\":\"Boutique\",\"item\":\"https:\/\/newgarden.es\/fr\/boutique\/\"},{\"@type\":\"ListItem\",\"position\":3,\"name\":\"APPLIQUE SANS FIL CONTA WALL\"}]},{\"@type\":\"WebSite\",\"@id\":\"https:\/\/newgarden.es\/#website\",\"url\":\"https:\/\/newgarden.es\/\",\"name\":\"Newgarden\",\"description\":\"Be happy\",\"potentialAction\":[{\"@type\":\"SearchAction\",\"target\":{\"@type\":\"EntryPoint\",\"urlTemplate\":\"https:\/\/newgarden.es\/?s={search_term_string}\"},\"query-input\":{\"@type\":\"PropertyValueSpecification\",\"valueRequired\":true,\"valueName\":\"search_term_string\"}}],\"inLanguage\":\"fr-FR\"}]}<\/script>\n<!-- \/ Yoast SEO plugin. -->","yoast_head_json":{"title":"APPLIQUE SANS FIL CONTA WALL - Newgarden","description":"L'applique murale sans fil CONTA WALL est fabriqu\u00e9e en PVC recycl\u00e9. Cette lampe est le compl\u00e9ment id\u00e9al pour \u00e9clairer n'importe quel espace de votre maison","robots":{"index":"index","follow":"follow","max-snippet":"max-snippet:-1","max-image-preview":"max-image-preview:large","max-video-preview":"max-video-preview:-1"},"canonical":"https:\/\/newgarden.es\/fr\/shop\/lightdeco-fr\/appliques\/applique-sans-fil-conta-wall\/","og_locale":"fr_FR","og_type":"article","og_title":"APPLIQUE SANS FIL CONTA WALL - Newgarden","og_description":"L'applique murale sans fil CONTA WALL est fabriqu\u00e9e en PVC recycl\u00e9. Cette lampe est le compl\u00e9ment id\u00e9al pour \u00e9clairer n'importe quel espace de votre maison","og_url":"https:\/\/newgarden.es\/fr\/shop\/lightdeco-fr\/appliques\/applique-sans-fil-conta-wall\/","og_site_name":"Newgarden","article_modified_time":"2024-05-27T08:22:32+00:00","og_image":[{"width":1200,"height":1200,"url":"https:\/\/newgarden.es\/wp-content\/uploads\/2023\/02\/CONTA_WALL_BATTERY_1200X1200-1.jpg","type":"image\/jpeg"}],"twitter_card":"summary_large_image","twitter_misc":{"Dur\u00e9e de lecture estim\u00e9e":"1 minute"},"schema":{"@context":"https:\/\/schema.org","@graph":[{"@type":"WebPage","@id":"https:\/\/newgarden.es\/fr\/shop\/lightdeco-fr\/appliques\/applique-sans-fil-conta-wall\/","url":"https:\/\/newgarden.es\/fr\/shop\/lightdeco-fr\/appliques\/applique-sans-fil-conta-wall\/","name":"APPLIQUE SANS FIL CONTA WALL - Newgarden","isPartOf":{"@id":"https:\/\/newgarden.es\/#website"},"primaryImageOfPage":{"@id":"https:\/\/newgarden.es\/fr\/shop\/lightdeco-fr\/appliques\/applique-sans-fil-conta-wall\/#primaryimage"},"image":{"@id":"https:\/\/newgarden.es\/fr\/shop\/lightdeco-fr\/appliques\/applique-sans-fil-conta-wall\/#primaryimage"},"thumbnailUrl":"https:\/\/newgarden.es\/wp-content\/uploads\/2023\/02\/CONTA_WALL_BATTERY_1200X1200-1.jpg","datePublished":"2023-02-21T12:26:54+00:00","dateModified":"2024-05-27T08:22:32+00:00","description":"L'applique murale sans fil CONTA WALL est fabriqu\u00e9e en PVC recycl\u00e9. Cette lampe est le compl\u00e9ment id\u00e9al pour \u00e9clairer n'importe quel espace de votre maison","breadcrumb":{"@id":"https:\/\/newgarden.es\/fr\/shop\/lightdeco-fr\/appliques\/applique-sans-fil-conta-wall\/#breadcrumb"},"inLanguage":"fr-FR","potentialAction":[{"@type":"ReadAction","target":["https:\/\/newgarden.es\/fr\/shop\/lightdeco-fr\/appliques\/applique-sans-fil-conta-wall\/"]}]},{"@type":"ImageObject","inLanguage":"fr-FR","@id":"https:\/\/newgarden.es\/fr\/shop\/lightdeco-fr\/appliques\/applique-sans-fil-conta-wall\/#primaryimage","url":"https:\/\/newgarden.es\/wp-content\/uploads\/2023\/02\/CONTA_WALL_BATTERY_1200X1200-1.jpg","contentUrl":"https:\/\/newgarden.es\/wp-content\/uploads\/2023\/02\/CONTA_WALL_BATTERY_1200X1200-1.jpg","width":1200,"height":1200},{"@type":"BreadcrumbList","@id":"https:\/\/newgarden.es\/fr\/shop\/lightdeco-fr\/appliques\/applique-sans-fil-conta-wall\/#breadcrumb","itemListElement":[{"@type":"ListItem","position":1,"name":"Home","item":"https:\/\/newgarden.es\/fr\/"},{"@type":"ListItem","position":2,"name":"Boutique","item":"https:\/\/newgarden.es\/fr\/boutique\/"},{"@type":"ListItem","position":3,"name":"APPLIQUE SANS FIL CONTA WALL"}]},{"@type":"WebSite","@id":"https:\/\/newgarden.es\/#website","url":"https:\/\/newgarden.es\/","name":"Newgarden","description":"Be happy","potentialAction":[{"@type":"SearchAction","target":{"@type":"EntryPoint","urlTemplate":"https:\/\/newgarden.es\/?s={search_term_string}"},"query-input":{"@type":"PropertyValueSpecification","valueRequired":true,"valueName":"search_term_string"}}],"inLanguage":"fr-FR"}]}},"df_price":51,"df_sale_price":"","df_regular_price":51,"df_image_link":"https:\/\/newgarden.es\/wp-content\/uploads\/2023\/02\/CONTA_WALL_BATTERY_1200X1200-1-580x400.jpg","_links":{"self":[{"href":"https:\/\/newgarden.es\/fr\/wp-json\/wp\/v2\/product\/47248"}],"collection":[{"href":"https:\/\/newgarden.es\/fr\/wp-json\/wp\/v2\/product"}],"about":[{"href":"https:\/\/newgarden.es\/fr\/wp-json\/wp\/v2\/types\/product"}],"wp:featuredmedia":[{"embeddable":true,"href":"https:\/\/newgarden.es\/fr\/wp-json\/wp\/v2\/media\/56564"}],"wp:attachment":[{"href":"https:\/\/newgarden.es\/fr\/wp-json\/wp\/v2\/media?parent=47248"}],"wp:term":[{"taxonomy":"product_cat","embeddable":true,"href":"https:\/\/newgarden.es\/fr\/wp-json\/wp\/v2\/product_cat?post=47248"},{"taxonomy":"product_tag","embeddable":true,"href":"https:\/\/newgarden.es\/fr\/wp-json\/wp\/v2\/product_tag?post=47248"}],"curies":[{"name":"wp","href":"https:\/\/api.w.org\/{rel}","templated":true}]}}