{"id":47283,"date":"2023-02-21T13:42:11","date_gmt":"2023-02-21T12:42:15","guid":{"rendered":"https:\/\/newgarden.es\/?post_type=product&#038;p=47283"},"modified":"2024-06-13T15:06:17","modified_gmt":"2024-06-13T13:06:17","slug":"lampe-suspendue-sans-fil-okinawa-hang","status":"publish","type":"product","link":"https:\/\/newgarden.es\/fr\/shop\/lightdeco-fr\/lampes-suspendues\/lampe-suspendue-sans-fil-okinawa-hang\/","title":{"rendered":"LAMPE SUSPENDUE SANS FIL OKINAWA HANG"},"content":{"rendered":"<section class=\"wpb-content-wrapper\"><p>[vc_row][vc_column][vc_column_text]La lampe suspendue d&rsquo;ext\u00e9rieur Okinawa 40 Hang est fabriqu\u00e9e \u00e0 la main en bambou. Son design organique et sa forme \u00e9vas\u00e9e aux lignes droites en font un produit indispensable pour toute terrasse ou jardin. Elle peut \u00eatre combin\u00e9e avec d&rsquo;autres produits de la s\u00e9rie Okinawa, tels que la guirlande, la lanterne (Okinawa Lantern) ou le remarquable lampadaire Okinawa 170. Tous ces produits forment un ensemble de lampes qui apportent une touche de nature harmonieuse \u00e0 votre int\u00e9rieur.<\/p>\n<p>La lampe suspendue d&rsquo;ext\u00e9rieur Okinawa 40 Hang comprend un cordon de 3 m\u00e8tres, un abat-jour et l&rsquo;ampoule portable rechargeable Cherry. Cette ampoule ne n\u00e9cessite aucune installation, il suffit de la placer \u00e0 proximit\u00e9 de la zone m\u00e9tallique de l&rsquo;abat-jour et elle adh\u00e9rera gr\u00e2ce \u00e0 sa base magn\u00e9tique. Cette ampoule comprend \u00e9galement une t\u00e9l\u00e9commande qui vous permet de l&rsquo;allumer et de l&rsquo;\u00e9teindre et de r\u00e9gler son intensit\u00e9. Elle dispose de 900 lumens et d&rsquo;une autonomie comprise entre 6 et 20 heures selon son intensit\u00e9.<br \/>\n[\/vc_column_text][\/vc_column][\/vc_row][vc_row][vc_column width=\u00a0\u00bb1\/2&Prime;][vc_btn title=\u00a0\u00bbFiche technique\u00a0\u00bb style=\u00a0\u00bbcustom\u00a0\u00bb custom_background=\u00a0\u00bb#009bc2&Prime; custom_text=\u00a0\u00bb#ffffff\u00a0\u00bb link=\u00a0\u00bburl:https%3A%2F%2Fbit.ly%2F3ImEf8I|target:%20_blank|\u00a0\u00bb el_class=\u00a0\u00bbbtn_descargar_ficha\u00a0\u00bb][\/vc_column][vc_column width=\u00a0\u00bb1\/2&Prime;][vc_btn title=\u00a0\u00bbManuel d&apos;instrutions\u00a0\u00bb style=\u00a0\u00bbcustom\u00a0\u00bb custom_background=\u00a0\u00bb#009bc2&Prime; custom_text=\u00a0\u00bb#ffffff\u00a0\u00bb link=\u00a0\u00bburl:https%3A%2F%2Fbit.ly%2F3EskOKx|target:%20_blank|\u00a0\u00bb el_class=\u00a0\u00bbbtn_descargar_ficha\u00a0\u00bb][\/vc_column][\/vc_row]<\/p>\n<\/section>","protected":false},"excerpt":{"rendered":"<h5>Lampe suspendue sans fil OKINAWA HANG<\/h5>\n","protected":false},"featured_media":55384,"template":"","meta":[],"product_cat":[651,1569,754,744],"product_tag":[],"class_list":{"0":"post-47283","1":"product","2":"type-product","3":"status-publish","4":"has-post-thumbnail","6":"product_cat-lightdeco-fr","7":"product_cat-plafonniers-sans-fil","8":"product_cat-portables","9":"product_cat-lampes-suspendues","11":"first","12":"instock","13":"taxable","14":"shipping-taxable","15":"purchasable","16":"product-type-variable","17":"has-default-attributes"},"yoast_head":"<!-- This site is optimized with the Yoast SEO plugin v24.2 - https:\/\/yoast.com\/wordpress\/plugins\/seo\/ -->\n<title>LAMPE SUSPENSION SANS FIL OKINAWA HANG<\/title>\n<meta name=\"description\" content=\"La lampe suspendue d&#039;ext\u00e9rieur Okinawa 40 Hang est fabriqu\u00e9e \u00e0 la main en bambou. Son design organique et sa forme \u00e9vas\u00e9e aux lignes droites en font un pro\" \/>\n<meta name=\"robots\" content=\"index, follow, max-snippet:-1, max-image-preview:large, max-video-preview:-1\" \/>\n<link rel=\"canonical\" href=\"https:\/\/newgarden.es\/fr\/shop\/lightdeco-fr\/lampes-suspendues\/lampe-suspendue-sans-fil-okinawa-hang\/\" \/>\n<meta property=\"og:locale\" content=\"fr_FR\" \/>\n<meta property=\"og:type\" content=\"article\" \/>\n<meta property=\"og:title\" content=\"LAMPE SUSPENSION SANS FIL OKINAWA HANG\" \/>\n<meta property=\"og:description\" content=\"La lampe suspendue d&#039;ext\u00e9rieur Okinawa 40 Hang est fabriqu\u00e9e \u00e0 la main en bambou. Son design organique et sa forme \u00e9vas\u00e9e aux lignes droites en font un pro\" \/>\n<meta property=\"og:url\" content=\"https:\/\/newgarden.es\/fr\/shop\/lightdeco-fr\/lampes-suspendues\/lampe-suspendue-sans-fil-okinawa-hang\/\" \/>\n<meta property=\"og:site_name\" content=\"Newgarden\" \/>\n<meta property=\"article:modified_time\" content=\"2024-06-13T13:06:17+00:00\" \/>\n<meta property=\"og:image\" content=\"https:\/\/newgarden.es\/wp-content\/uploads\/2023\/02\/OKINAWA_HANG_1200X1200-2.jpg\" \/>\n\t<meta property=\"og:image:width\" content=\"1200\" \/>\n\t<meta property=\"og:image:height\" content=\"1200\" \/>\n\t<meta property=\"og:image:type\" content=\"image\/jpeg\" \/>\n<meta name=\"twitter:card\" content=\"summary_large_image\" \/>\n<meta name=\"twitter:label1\" content=\"Dur\u00e9e de lecture estim\u00e9e\" \/>\n\t<meta name=\"twitter:data1\" content=\"1 minute\" \/>\n<script type=\"application\/ld+json\" class=\"yoast-schema-graph\">{\"@context\":\"https:\/\/schema.org\",\"@graph\":[{\"@type\":\"WebPage\",\"@id\":\"https:\/\/newgarden.es\/fr\/shop\/lightdeco-fr\/lampes-suspendues\/lampe-suspendue-sans-fil-okinawa-hang\/\",\"url\":\"https:\/\/newgarden.es\/fr\/shop\/lightdeco-fr\/lampes-suspendues\/lampe-suspendue-sans-fil-okinawa-hang\/\",\"name\":\"LAMPE SUSPENSION SANS FIL OKINAWA HANG\",\"isPartOf\":{\"@id\":\"https:\/\/newgarden.es\/#website\"},\"primaryImageOfPage\":{\"@id\":\"https:\/\/newgarden.es\/fr\/shop\/lightdeco-fr\/lampes-suspendues\/lampe-suspendue-sans-fil-okinawa-hang\/#primaryimage\"},\"image\":{\"@id\":\"https:\/\/newgarden.es\/fr\/shop\/lightdeco-fr\/lampes-suspendues\/lampe-suspendue-sans-fil-okinawa-hang\/#primaryimage\"},\"thumbnailUrl\":\"https:\/\/newgarden.es\/wp-content\/uploads\/2023\/02\/OKINAWA_HANG_1200X1200-2.jpg\",\"datePublished\":\"2023-02-21T12:42:15+00:00\",\"dateModified\":\"2024-06-13T13:06:17+00:00\",\"description\":\"La lampe suspendue d'ext\u00e9rieur Okinawa 40 Hang est fabriqu\u00e9e \u00e0 la main en bambou. Son design organique et sa forme \u00e9vas\u00e9e aux lignes droites en font un pro\",\"breadcrumb\":{\"@id\":\"https:\/\/newgarden.es\/fr\/shop\/lightdeco-fr\/lampes-suspendues\/lampe-suspendue-sans-fil-okinawa-hang\/#breadcrumb\"},\"inLanguage\":\"fr-FR\",\"potentialAction\":[{\"@type\":\"ReadAction\",\"target\":[\"https:\/\/newgarden.es\/fr\/shop\/lightdeco-fr\/lampes-suspendues\/lampe-suspendue-sans-fil-okinawa-hang\/\"]}]},{\"@type\":\"ImageObject\",\"inLanguage\":\"fr-FR\",\"@id\":\"https:\/\/newgarden.es\/fr\/shop\/lightdeco-fr\/lampes-suspendues\/lampe-suspendue-sans-fil-okinawa-hang\/#primaryimage\",\"url\":\"https:\/\/newgarden.es\/wp-content\/uploads\/2023\/02\/OKINAWA_HANG_1200X1200-2.jpg\",\"contentUrl\":\"https:\/\/newgarden.es\/wp-content\/uploads\/2023\/02\/OKINAWA_HANG_1200X1200-2.jpg\",\"width\":1200,\"height\":1200},{\"@type\":\"BreadcrumbList\",\"@id\":\"https:\/\/newgarden.es\/fr\/shop\/lightdeco-fr\/lampes-suspendues\/lampe-suspendue-sans-fil-okinawa-hang\/#breadcrumb\",\"itemListElement\":[{\"@type\":\"ListItem\",\"position\":1,\"name\":\"Home\",\"item\":\"https:\/\/newgarden.es\/fr\/\"},{\"@type\":\"ListItem\",\"position\":2,\"name\":\"Boutique\",\"item\":\"https:\/\/newgarden.es\/fr\/boutique\/\"},{\"@type\":\"ListItem\",\"position\":3,\"name\":\"LAMPE SUSPENDUE SANS FIL OKINAWA HANG\"}]},{\"@type\":\"WebSite\",\"@id\":\"https:\/\/newgarden.es\/#website\",\"url\":\"https:\/\/newgarden.es\/\",\"name\":\"Newgarden\",\"description\":\"Be happy\",\"potentialAction\":[{\"@type\":\"SearchAction\",\"target\":{\"@type\":\"EntryPoint\",\"urlTemplate\":\"https:\/\/newgarden.es\/?s={search_term_string}\"},\"query-input\":{\"@type\":\"PropertyValueSpecification\",\"valueRequired\":true,\"valueName\":\"search_term_string\"}}],\"inLanguage\":\"fr-FR\"}]}<\/script>\n<!-- \/ Yoast SEO plugin. -->","yoast_head_json":{"title":"LAMPE SUSPENSION SANS FIL OKINAWA HANG","description":"La lampe suspendue d'ext\u00e9rieur Okinawa 40 Hang est fabriqu\u00e9e \u00e0 la main en bambou. Son design organique et sa forme \u00e9vas\u00e9e aux lignes droites en font un pro","robots":{"index":"index","follow":"follow","max-snippet":"max-snippet:-1","max-image-preview":"max-image-preview:large","max-video-preview":"max-video-preview:-1"},"canonical":"https:\/\/newgarden.es\/fr\/shop\/lightdeco-fr\/lampes-suspendues\/lampe-suspendue-sans-fil-okinawa-hang\/","og_locale":"fr_FR","og_type":"article","og_title":"LAMPE SUSPENSION SANS FIL OKINAWA HANG","og_description":"La lampe suspendue d'ext\u00e9rieur Okinawa 40 Hang est fabriqu\u00e9e \u00e0 la main en bambou. Son design organique et sa forme \u00e9vas\u00e9e aux lignes droites en font un pro","og_url":"https:\/\/newgarden.es\/fr\/shop\/lightdeco-fr\/lampes-suspendues\/lampe-suspendue-sans-fil-okinawa-hang\/","og_site_name":"Newgarden","article_modified_time":"2024-06-13T13:06:17+00:00","og_image":[{"width":1200,"height":1200,"url":"https:\/\/newgarden.es\/wp-content\/uploads\/2023\/02\/OKINAWA_HANG_1200X1200-2.jpg","type":"image\/jpeg"}],"twitter_card":"summary_large_image","twitter_misc":{"Dur\u00e9e de lecture estim\u00e9e":"1 minute"},"schema":{"@context":"https:\/\/schema.org","@graph":[{"@type":"WebPage","@id":"https:\/\/newgarden.es\/fr\/shop\/lightdeco-fr\/lampes-suspendues\/lampe-suspendue-sans-fil-okinawa-hang\/","url":"https:\/\/newgarden.es\/fr\/shop\/lightdeco-fr\/lampes-suspendues\/lampe-suspendue-sans-fil-okinawa-hang\/","name":"LAMPE SUSPENSION SANS FIL OKINAWA HANG","isPartOf":{"@id":"https:\/\/newgarden.es\/#website"},"primaryImageOfPage":{"@id":"https:\/\/newgarden.es\/fr\/shop\/lightdeco-fr\/lampes-suspendues\/lampe-suspendue-sans-fil-okinawa-hang\/#primaryimage"},"image":{"@id":"https:\/\/newgarden.es\/fr\/shop\/lightdeco-fr\/lampes-suspendues\/lampe-suspendue-sans-fil-okinawa-hang\/#primaryimage"},"thumbnailUrl":"https:\/\/newgarden.es\/wp-content\/uploads\/2023\/02\/OKINAWA_HANG_1200X1200-2.jpg","datePublished":"2023-02-21T12:42:15+00:00","dateModified":"2024-06-13T13:06:17+00:00","description":"La lampe suspendue d'ext\u00e9rieur Okinawa 40 Hang est fabriqu\u00e9e \u00e0 la main en bambou. Son design organique et sa forme \u00e9vas\u00e9e aux lignes droites en font un pro","breadcrumb":{"@id":"https:\/\/newgarden.es\/fr\/shop\/lightdeco-fr\/lampes-suspendues\/lampe-suspendue-sans-fil-okinawa-hang\/#breadcrumb"},"inLanguage":"fr-FR","potentialAction":[{"@type":"ReadAction","target":["https:\/\/newgarden.es\/fr\/shop\/lightdeco-fr\/lampes-suspendues\/lampe-suspendue-sans-fil-okinawa-hang\/"]}]},{"@type":"ImageObject","inLanguage":"fr-FR","@id":"https:\/\/newgarden.es\/fr\/shop\/lightdeco-fr\/lampes-suspendues\/lampe-suspendue-sans-fil-okinawa-hang\/#primaryimage","url":"https:\/\/newgarden.es\/wp-content\/uploads\/2023\/02\/OKINAWA_HANG_1200X1200-2.jpg","contentUrl":"https:\/\/newgarden.es\/wp-content\/uploads\/2023\/02\/OKINAWA_HANG_1200X1200-2.jpg","width":1200,"height":1200},{"@type":"BreadcrumbList","@id":"https:\/\/newgarden.es\/fr\/shop\/lightdeco-fr\/lampes-suspendues\/lampe-suspendue-sans-fil-okinawa-hang\/#breadcrumb","itemListElement":[{"@type":"ListItem","position":1,"name":"Home","item":"https:\/\/newgarden.es\/fr\/"},{"@type":"ListItem","position":2,"name":"Boutique","item":"https:\/\/newgarden.es\/fr\/boutique\/"},{"@type":"ListItem","position":3,"name":"LAMPE SUSPENDUE SANS FIL OKINAWA HANG"}]},{"@type":"WebSite","@id":"https:\/\/newgarden.es\/#website","url":"https:\/\/newgarden.es\/","name":"Newgarden","description":"Be happy","potentialAction":[{"@type":"SearchAction","target":{"@type":"EntryPoint","urlTemplate":"https:\/\/newgarden.es\/?s={search_term_string}"},"query-input":{"@type":"PropertyValueSpecification","valueRequired":true,"valueName":"search_term_string"}}],"inLanguage":"fr-FR"}]}},"df_price":69.9,"df_sale_price":"","df_regular_price":69.9,"df_image_link":"https:\/\/newgarden.es\/wp-content\/uploads\/2023\/02\/OKINAWA_HANG_1200X1200-2-580x400.jpg","_links":{"self":[{"href":"https:\/\/newgarden.es\/fr\/wp-json\/wp\/v2\/product\/47283"}],"collection":[{"href":"https:\/\/newgarden.es\/fr\/wp-json\/wp\/v2\/product"}],"about":[{"href":"https:\/\/newgarden.es\/fr\/wp-json\/wp\/v2\/types\/product"}],"wp:featuredmedia":[{"embeddable":true,"href":"https:\/\/newgarden.es\/fr\/wp-json\/wp\/v2\/media\/55384"}],"wp:attachment":[{"href":"https:\/\/newgarden.es\/fr\/wp-json\/wp\/v2\/media?parent=47283"}],"wp:term":[{"taxonomy":"product_cat","embeddable":true,"href":"https:\/\/newgarden.es\/fr\/wp-json\/wp\/v2\/product_cat?post=47283"},{"taxonomy":"product_tag","embeddable":true,"href":"https:\/\/newgarden.es\/fr\/wp-json\/wp\/v2\/product_tag?post=47283"}],"curies":[{"name":"wp","href":"https:\/\/api.w.org\/{rel}","templated":true}]}}