{"id":47323,"date":"2023-02-21T14:01:36","date_gmt":"2023-02-21T13:01:39","guid":{"rendered":"https:\/\/newgarden.es\/?post_type=product&#038;p=47323"},"modified":"2024-06-10T08:24:08","modified_gmt":"2024-06-10T06:24:08","slug":"okinawa-lantern-lanterne-portable-sans-fil","status":"publish","type":"product","link":"https:\/\/newgarden.es\/fr\/shop\/lightdeco-fr\/lampe-a-cote\/okinawa-lantern-lanterne-portable-sans-fil\/","title":{"rendered":"OKINAWA LANTERN LANTERNE PORTABLE SANS FIL"},"content":{"rendered":"<section class=\"wpb-content-wrapper\"><p>[vc_row][vc_column][vc_column_text][\/vc_column_text][\/vc_column][\/vc_row][vc_row][vc_column][vc_column_text]La lampe \u00e0 main OKINAWA LANTERN est fabriqu\u00e9e en bambou. Son design organique et ses lignes droites en font un produit indispensable pour toute terrasse ou jardin. Elle peut \u00eatre combin\u00e9e avec d&rsquo;autres produits de la s\u00e9rie Okinawa, tels que la guirlande, la suspension (Okinawa 40 Hang) ou le remarquable lampadaire Okinawa 170. Tous ces produits forment un ensemble de lampes qui apportent une touche de nature harmonieuse \u00e0 votre int\u00e9rieur. Elle int\u00e8gre un panneau solaire de grande taille qui permet de le recharger efficacement sans avoir besoin de c\u00e2bles. La poign\u00e9e est en m\u00e9tal pour plus de solidit\u00e9 et de r\u00e9sistance.<\/p>\n<p>Die OKINAWA-Handlampe ist die tragbare, wiederaufladbare Cherry-Lampe. Diese Gl\u00fchbirne muss nicht installiert werden, man muss sie nur in die N\u00e4he der R\u00fcckseite des Solarmoduls bringen und sie haftet dank ihres Magnetfu\u00dfes. Diese Gl\u00fchbirne wird mit einer Fernbedienung geliefert, mit der Sie die Lampe ein- und ausschalten und ihre Intensit\u00e4t regulieren k\u00f6nnen. Sie hat 900 Lumen und eine Betriebsdauer zwischen 6 und 20 Stunden, je nach Intensit\u00e4t.<\/p>\n<p>*Solar Charge: Wie der Name schon sagt, muss das Produkt nur dem Sonnenlicht ausgesetzt werden. Je mehr Zeit sie direktes Sonnenlicht erh\u00e4lt, desto l\u00e4nger ist die Autonomie.<br \/>\n[\/vc_column_text][\/vc_column][\/vc_row][vc_row][vc_column width=\u00a0\u00bb1\/2&Prime;][vc_btn title=\u00a0\u00bbFiche technique\u00a0\u00bb style=\u00a0\u00bbcustom\u00a0\u00bb custom_background=\u00a0\u00bb#009bc2&Prime; custom_text=\u00a0\u00bb#ffffff\u00a0\u00bb shape=\u00a0\u00bbsquare\u00a0\u00bb el_class=\u00a0\u00bbbtn_descargar_ficha\u00a0\u00bb link=\u00a0\u00bburl:https%3A%2F%2Fbit.ly%2F41fKL9T|target:%20_blank|\u00a0\u00bb][\/vc_column][vc_column width=\u00a0\u00bb1\/2&Prime;][vc_btn title=\u00a0\u00bbManuel d&apos;instrutions\u00a0\u00bb style=\u00a0\u00bbcustom\u00a0\u00bb custom_background=\u00a0\u00bb#009bc2&Prime; custom_text=\u00a0\u00bb#ffffff\u00a0\u00bb shape=\u00a0\u00bbsquare\u00a0\u00bb el_class=\u00a0\u00bbbtn_descargar_ficha\u00a0\u00bb link=\u00a0\u00bburl:https%3A%2F%2Fbit.ly%2F3EsSyHT|target:%20_blank|\u00a0\u00bb][\/vc_column][\/vc_row]<\/p>\n<\/section>","protected":false},"excerpt":{"rendered":"<h5>OKINAWA LANTERN lanterne portable sans fil<\/h5>\n","protected":false},"featured_media":60224,"template":"","meta":[],"product_cat":[1695,651,652,754,1590],"product_tag":[653,647,707],"class_list":{"0":"post-47323","1":"product","2":"type-product","3":"status-publish","4":"has-post-thumbnail","6":"product_cat-productos-fr","7":"product_cat-lightdeco-fr","8":"product_cat-lampe-a-cote","9":"product_cat-portables","10":"product_cat-interieur-fr","11":"product_tag-batterie","12":"product_tag-cable-fr","13":"product_tag-sans-fil","15":"first","16":"instock","17":"taxable","18":"shipping-taxable","19":"purchasable","20":"product-type-variable"},"yoast_head":"<!-- This site is optimized with the Yoast SEO plugin v24.2 - https:\/\/yoast.com\/wordpress\/plugins\/seo\/ -->\n<title>LANTERNE OKINAWA LANTERN PORTABLE SANS FIL<\/title>\n<meta name=\"description\" content=\"La lampe \u00e0 main OKINAWA LANTERN est fabriqu\u00e9e en bambou. Son design organique et ses lignes droites en font un produit indispensable pour toute terrasse\" \/>\n<meta name=\"robots\" content=\"index, follow, max-snippet:-1, max-image-preview:large, max-video-preview:-1\" \/>\n<link rel=\"canonical\" href=\"https:\/\/newgarden.es\/fr\/shop\/lightdeco-fr\/lampe-a-cote\/okinawa-lantern-lanterne-portable-sans-fil\/\" \/>\n<meta property=\"og:locale\" content=\"fr_FR\" \/>\n<meta property=\"og:type\" content=\"article\" \/>\n<meta property=\"og:title\" content=\"LANTERNE OKINAWA LANTERN PORTABLE SANS FIL\" \/>\n<meta property=\"og:description\" content=\"La lampe \u00e0 main OKINAWA LANTERN est fabriqu\u00e9e en bambou. Son design organique et ses lignes droites en font un produit indispensable pour toute terrasse\" \/>\n<meta property=\"og:url\" content=\"https:\/\/newgarden.es\/fr\/shop\/lightdeco-fr\/lampe-a-cote\/okinawa-lantern-lanterne-portable-sans-fil\/\" \/>\n<meta property=\"og:site_name\" content=\"Newgarden\" \/>\n<meta property=\"article:modified_time\" content=\"2024-06-10T06:24:08+00:00\" \/>\n<meta property=\"og:image\" content=\"https:\/\/newgarden.es\/wp-content\/uploads\/2023\/02\/OKINAWA_LANTERN_BATTERY_1200X1200-25-1.jpg\" \/>\n\t<meta property=\"og:image:width\" content=\"1200\" \/>\n\t<meta property=\"og:image:height\" content=\"1200\" \/>\n\t<meta property=\"og:image:type\" content=\"image\/jpeg\" \/>\n<meta name=\"twitter:card\" content=\"summary_large_image\" \/>\n<meta name=\"twitter:label1\" content=\"Dur\u00e9e de lecture estim\u00e9e\" \/>\n\t<meta name=\"twitter:data1\" content=\"2 minutes\" \/>\n<script type=\"application\/ld+json\" class=\"yoast-schema-graph\">{\"@context\":\"https:\/\/schema.org\",\"@graph\":[{\"@type\":\"WebPage\",\"@id\":\"https:\/\/newgarden.es\/fr\/shop\/lightdeco-fr\/lampe-a-cote\/okinawa-lantern-lanterne-portable-sans-fil\/\",\"url\":\"https:\/\/newgarden.es\/fr\/shop\/lightdeco-fr\/lampe-a-cote\/okinawa-lantern-lanterne-portable-sans-fil\/\",\"name\":\"LANTERNE OKINAWA LANTERN PORTABLE SANS FIL\",\"isPartOf\":{\"@id\":\"https:\/\/newgarden.es\/#website\"},\"primaryImageOfPage\":{\"@id\":\"https:\/\/newgarden.es\/fr\/shop\/lightdeco-fr\/lampe-a-cote\/okinawa-lantern-lanterne-portable-sans-fil\/#primaryimage\"},\"image\":{\"@id\":\"https:\/\/newgarden.es\/fr\/shop\/lightdeco-fr\/lampe-a-cote\/okinawa-lantern-lanterne-portable-sans-fil\/#primaryimage\"},\"thumbnailUrl\":\"https:\/\/newgarden.es\/wp-content\/uploads\/2023\/02\/OKINAWA_LANTERN_BATTERY_1200X1200-25-1.jpg\",\"datePublished\":\"2023-02-21T13:01:39+00:00\",\"dateModified\":\"2024-06-10T06:24:08+00:00\",\"description\":\"La lampe \u00e0 main OKINAWA LANTERN est fabriqu\u00e9e en bambou. Son design organique et ses lignes droites en font un produit indispensable pour toute terrasse\",\"breadcrumb\":{\"@id\":\"https:\/\/newgarden.es\/fr\/shop\/lightdeco-fr\/lampe-a-cote\/okinawa-lantern-lanterne-portable-sans-fil\/#breadcrumb\"},\"inLanguage\":\"fr-FR\",\"potentialAction\":[{\"@type\":\"ReadAction\",\"target\":[\"https:\/\/newgarden.es\/fr\/shop\/lightdeco-fr\/lampe-a-cote\/okinawa-lantern-lanterne-portable-sans-fil\/\"]}]},{\"@type\":\"ImageObject\",\"inLanguage\":\"fr-FR\",\"@id\":\"https:\/\/newgarden.es\/fr\/shop\/lightdeco-fr\/lampe-a-cote\/okinawa-lantern-lanterne-portable-sans-fil\/#primaryimage\",\"url\":\"https:\/\/newgarden.es\/wp-content\/uploads\/2023\/02\/OKINAWA_LANTERN_BATTERY_1200X1200-25-1.jpg\",\"contentUrl\":\"https:\/\/newgarden.es\/wp-content\/uploads\/2023\/02\/OKINAWA_LANTERN_BATTERY_1200X1200-25-1.jpg\",\"width\":1200,\"height\":1200},{\"@type\":\"BreadcrumbList\",\"@id\":\"https:\/\/newgarden.es\/fr\/shop\/lightdeco-fr\/lampe-a-cote\/okinawa-lantern-lanterne-portable-sans-fil\/#breadcrumb\",\"itemListElement\":[{\"@type\":\"ListItem\",\"position\":1,\"name\":\"Home\",\"item\":\"https:\/\/newgarden.es\/fr\/\"},{\"@type\":\"ListItem\",\"position\":2,\"name\":\"Boutique\",\"item\":\"https:\/\/newgarden.es\/fr\/boutique\/\"},{\"@type\":\"ListItem\",\"position\":3,\"name\":\"OKINAWA LANTERN LANTERNE PORTABLE SANS FIL\"}]},{\"@type\":\"WebSite\",\"@id\":\"https:\/\/newgarden.es\/#website\",\"url\":\"https:\/\/newgarden.es\/\",\"name\":\"Newgarden\",\"description\":\"Be happy\",\"potentialAction\":[{\"@type\":\"SearchAction\",\"target\":{\"@type\":\"EntryPoint\",\"urlTemplate\":\"https:\/\/newgarden.es\/?s={search_term_string}\"},\"query-input\":{\"@type\":\"PropertyValueSpecification\",\"valueRequired\":true,\"valueName\":\"search_term_string\"}}],\"inLanguage\":\"fr-FR\"}]}<\/script>\n<!-- \/ Yoast SEO plugin. -->","yoast_head_json":{"title":"LANTERNE OKINAWA LANTERN PORTABLE SANS FIL","description":"La lampe \u00e0 main OKINAWA LANTERN est fabriqu\u00e9e en bambou. Son design organique et ses lignes droites en font un produit indispensable pour toute terrasse","robots":{"index":"index","follow":"follow","max-snippet":"max-snippet:-1","max-image-preview":"max-image-preview:large","max-video-preview":"max-video-preview:-1"},"canonical":"https:\/\/newgarden.es\/fr\/shop\/lightdeco-fr\/lampe-a-cote\/okinawa-lantern-lanterne-portable-sans-fil\/","og_locale":"fr_FR","og_type":"article","og_title":"LANTERNE OKINAWA LANTERN PORTABLE SANS FIL","og_description":"La lampe \u00e0 main OKINAWA LANTERN est fabriqu\u00e9e en bambou. Son design organique et ses lignes droites en font un produit indispensable pour toute terrasse","og_url":"https:\/\/newgarden.es\/fr\/shop\/lightdeco-fr\/lampe-a-cote\/okinawa-lantern-lanterne-portable-sans-fil\/","og_site_name":"Newgarden","article_modified_time":"2024-06-10T06:24:08+00:00","og_image":[{"width":1200,"height":1200,"url":"https:\/\/newgarden.es\/wp-content\/uploads\/2023\/02\/OKINAWA_LANTERN_BATTERY_1200X1200-25-1.jpg","type":"image\/jpeg"}],"twitter_card":"summary_large_image","twitter_misc":{"Dur\u00e9e de lecture estim\u00e9e":"2 minutes"},"schema":{"@context":"https:\/\/schema.org","@graph":[{"@type":"WebPage","@id":"https:\/\/newgarden.es\/fr\/shop\/lightdeco-fr\/lampe-a-cote\/okinawa-lantern-lanterne-portable-sans-fil\/","url":"https:\/\/newgarden.es\/fr\/shop\/lightdeco-fr\/lampe-a-cote\/okinawa-lantern-lanterne-portable-sans-fil\/","name":"LANTERNE OKINAWA LANTERN PORTABLE SANS FIL","isPartOf":{"@id":"https:\/\/newgarden.es\/#website"},"primaryImageOfPage":{"@id":"https:\/\/newgarden.es\/fr\/shop\/lightdeco-fr\/lampe-a-cote\/okinawa-lantern-lanterne-portable-sans-fil\/#primaryimage"},"image":{"@id":"https:\/\/newgarden.es\/fr\/shop\/lightdeco-fr\/lampe-a-cote\/okinawa-lantern-lanterne-portable-sans-fil\/#primaryimage"},"thumbnailUrl":"https:\/\/newgarden.es\/wp-content\/uploads\/2023\/02\/OKINAWA_LANTERN_BATTERY_1200X1200-25-1.jpg","datePublished":"2023-02-21T13:01:39+00:00","dateModified":"2024-06-10T06:24:08+00:00","description":"La lampe \u00e0 main OKINAWA LANTERN est fabriqu\u00e9e en bambou. Son design organique et ses lignes droites en font un produit indispensable pour toute terrasse","breadcrumb":{"@id":"https:\/\/newgarden.es\/fr\/shop\/lightdeco-fr\/lampe-a-cote\/okinawa-lantern-lanterne-portable-sans-fil\/#breadcrumb"},"inLanguage":"fr-FR","potentialAction":[{"@type":"ReadAction","target":["https:\/\/newgarden.es\/fr\/shop\/lightdeco-fr\/lampe-a-cote\/okinawa-lantern-lanterne-portable-sans-fil\/"]}]},{"@type":"ImageObject","inLanguage":"fr-FR","@id":"https:\/\/newgarden.es\/fr\/shop\/lightdeco-fr\/lampe-a-cote\/okinawa-lantern-lanterne-portable-sans-fil\/#primaryimage","url":"https:\/\/newgarden.es\/wp-content\/uploads\/2023\/02\/OKINAWA_LANTERN_BATTERY_1200X1200-25-1.jpg","contentUrl":"https:\/\/newgarden.es\/wp-content\/uploads\/2023\/02\/OKINAWA_LANTERN_BATTERY_1200X1200-25-1.jpg","width":1200,"height":1200},{"@type":"BreadcrumbList","@id":"https:\/\/newgarden.es\/fr\/shop\/lightdeco-fr\/lampe-a-cote\/okinawa-lantern-lanterne-portable-sans-fil\/#breadcrumb","itemListElement":[{"@type":"ListItem","position":1,"name":"Home","item":"https:\/\/newgarden.es\/fr\/"},{"@type":"ListItem","position":2,"name":"Boutique","item":"https:\/\/newgarden.es\/fr\/boutique\/"},{"@type":"ListItem","position":3,"name":"OKINAWA LANTERN LANTERNE PORTABLE SANS FIL"}]},{"@type":"WebSite","@id":"https:\/\/newgarden.es\/#website","url":"https:\/\/newgarden.es\/","name":"Newgarden","description":"Be happy","potentialAction":[{"@type":"SearchAction","target":{"@type":"EntryPoint","urlTemplate":"https:\/\/newgarden.es\/?s={search_term_string}"},"query-input":{"@type":"PropertyValueSpecification","valueRequired":true,"valueName":"search_term_string"}}],"inLanguage":"fr-FR"}]}},"df_price":169,"df_sale_price":"","df_regular_price":169,"df_image_link":"https:\/\/newgarden.es\/wp-content\/uploads\/2023\/02\/OKINAWA_LANTERN_BATTERY_1200X1200-25-1-580x400.jpg","_links":{"self":[{"href":"https:\/\/newgarden.es\/fr\/wp-json\/wp\/v2\/product\/47323"}],"collection":[{"href":"https:\/\/newgarden.es\/fr\/wp-json\/wp\/v2\/product"}],"about":[{"href":"https:\/\/newgarden.es\/fr\/wp-json\/wp\/v2\/types\/product"}],"wp:featuredmedia":[{"embeddable":true,"href":"https:\/\/newgarden.es\/fr\/wp-json\/wp\/v2\/media\/60224"}],"wp:attachment":[{"href":"https:\/\/newgarden.es\/fr\/wp-json\/wp\/v2\/media?parent=47323"}],"wp:term":[{"taxonomy":"product_cat","embeddable":true,"href":"https:\/\/newgarden.es\/fr\/wp-json\/wp\/v2\/product_cat?post=47323"},{"taxonomy":"product_tag","embeddable":true,"href":"https:\/\/newgarden.es\/fr\/wp-json\/wp\/v2\/product_tag?post=47323"}],"curies":[{"name":"wp","href":"https:\/\/api.w.org\/{rel}","templated":true}]}}