{"id":47392,"date":"2023-02-21T14:20:13","date_gmt":"2023-02-21T13:20:16","guid":{"rendered":"https:\/\/newgarden.es\/?post_type=product&#038;p=47392"},"modified":"2024-05-28T10:19:16","modified_gmt":"2024-05-28T08:19:16","slug":"pack-x4-guirlande-decorative-dokinawa-pour-lexterieur","status":"publish","type":"product","link":"https:\/\/newgarden.es\/fr\/shop\/lightdeco-fr\/noel\/pack-x4-guirlande-decorative-dokinawa-pour-lexterieur\/","title":{"rendered":"GUIRLANDE D\u00c9CORATIVE D&rsquo;OKINAWA"},"content":{"rendered":"<section class=\"wpb-content-wrapper\"><p>[vc_row][vc_column][vc_column_text][\/vc_column_text][\/vc_column][\/vc_row][vc_row][vc_column][vc_column_text]<\/p>\n<p>La guirlande d&rsquo;ext\u00e9rieur OKINAWA est fabriqu\u00e9e \u00e0 la main avec du bambou. Elle comporte 10 abat-jour en forme de cloche au design organique et 10 ampoules rempla\u00e7ables. Elle peut \u00eatre combin\u00e9e avec d&rsquo;autres produits de la s\u00e9rie Okinawa tels que la lanterne (Okinawa Lantern), la suspension (Okinawa 40 Hang) ou le remarquable lampadaire Okinawa 170. Tous ces produits forment un ensemble de lampes qui apportent une touche de nature harmonieuse \u00e0 votre jardin. Dix ampoules et deux ampoules de rechange sont incluses. La corde a une finition effet jute et mesure 8 m\u00e8tres de long.<\/p>\n<p>La guirlande d\u00e9corative Okinawa est disponible en 2 finitions : CABLE ou SOLAIRE + BATTERIE RECHARGEABLE.<\/p>\n<p>[\/vc_column_text][\/vc_column][\/vc_row][vc_row][vc_column width=\u00a0\u00bb1\/2&Prime;][vc_btn title=\u00a0\u00bb<\/p>\n<p>FICHE TECHNIQUE DU C\u00c2BLE<\/p>\n<p>\u00a0\u00bb style=\u00a0\u00bbcustom\u00a0\u00bb custom_background=\u00a0\u00bb#009bc2&Prime; custom_text=\u00a0\u00bb#ffffff\u00a0\u00bb shape=\u00a0\u00bbsquare\u00a0\u00bb el_class=\u00a0\u00bbbtn_descargar_ficha\u00a0\u00bb link=\u00a0\u00bburl:%3Cp%3Ehttps%3A%2F%2Fbit.ly%2F3xEYB8k%3C%2Fp%3E|target:%20_blank|\u00a0\u00bb][vc_btn title=\u00a0\u00bb<\/p>\n<p>FICHE TECHNIQUE SOLAIRE<\/p>\n<p>\u00a0\u00bb style=\u00a0\u00bbcustom\u00a0\u00bb custom_background=\u00a0\u00bb#009bc2&Prime; custom_text=\u00a0\u00bb#ffffff\u00a0\u00bb shape=\u00a0\u00bbsquare\u00a0\u00bb el_class=\u00a0\u00bbbtn_descargar_ficha\u00a0\u00bb link=\u00a0\u00bburl:%3Cp%3Ehttps%3A%2F%2Fbit.ly%2F3SiSwb4%3C%2Fp%3E|target:%20_blank|\u00a0\u00bb][\/vc_column][vc_column width=\u00a0\u00bb1\/2&Prime;][vc_btn title=\u00a0\u00bb<\/p>\n<p>MANUEL D&apos;INSTRUCTION C\u00c2BLE<\/p>\n<p>\u00a0\u00bb style=\u00a0\u00bbcustom\u00a0\u00bb custom_background=\u00a0\u00bb#009bc2&Prime; custom_text=\u00a0\u00bb#ffffff\u00a0\u00bb shape=\u00a0\u00bbsquare\u00a0\u00bb el_class=\u00a0\u00bbbtn_descargar_ficha\u00a0\u00bb link=\u00a0\u00bburl:%3Cp%3Ehttps%3A%2F%2Fbit.ly%2F3Z4RKAG%3C%2Fp%3E|target:%20_blank|\u00a0\u00bb][vc_btn title=\u00a0\u00bb<\/p>\n<p>MANUEL D&apos;INSTRUCTION SOLAIRE<\/p>\n<p>\u00a0\u00bb style=\u00a0\u00bbcustom\u00a0\u00bb custom_background=\u00a0\u00bb#009bc2&Prime; custom_text=\u00a0\u00bb#ffffff\u00a0\u00bb shape=\u00a0\u00bbsquare\u00a0\u00bb el_class=\u00a0\u00bbbtn_descargar_ficha\u00a0\u00bb link=\u00a0\u00bburl:%3Cp%3Ehttps%3A%2F%2Fbit.ly%2F3Ksdna5%3C%2Fp%3E|target:%20_blank|\u00a0\u00bb][\/vc_column][\/vc_row]<\/p>\n<\/section>","protected":false},"excerpt":{"rendered":"<h5>PACK X 4 GUIRLANDE D\u00c9CORATIVE D&rsquo;OKINAWA POUR L&rsquo;EXT\u00c9RIEUR<\/h5>\n","protected":false},"featured_media":57930,"template":"","meta":[],"product_cat":[651,1575,752],"product_tag":[647,707,648],"class_list":{"0":"post-47392","1":"product","2":"type-product","3":"status-publish","4":"has-post-thumbnail","6":"product_cat-lightdeco-fr","7":"product_cat-guirlandes","8":"product_cat-noel","9":"product_tag-cable-fr","10":"product_tag-sans-fil","11":"product_tag-solaire","13":"first","14":"instock","15":"taxable","16":"shipping-taxable","17":"purchasable","18":"product-type-variable"},"yoast_head":"<!-- This site is optimized with the Yoast SEO plugin v24.2 - https:\/\/yoast.com\/wordpress\/plugins\/seo\/ -->\n<title>GUIRLANDE OKINAWA 10 AMPOULES CHANGEABLES EXT\u00c9RIEUR<\/title>\n<meta name=\"description\" content=\"La guirlande d&#039;ext\u00e9rieur OKINAWA est fabriqu\u00e9e \u00e0 la main avec du bambou. Elle comporte 10 abat-jour en forme de cloche au design organique et 10 ampoules\" \/>\n<meta name=\"robots\" content=\"index, follow, max-snippet:-1, max-image-preview:large, max-video-preview:-1\" \/>\n<link rel=\"canonical\" href=\"https:\/\/newgarden.es\/fr\/shop\/lightdeco-fr\/noel\/pack-x4-guirlande-decorative-dokinawa-pour-lexterieur\/\" \/>\n<meta property=\"og:locale\" content=\"fr_FR\" \/>\n<meta property=\"og:type\" content=\"article\" \/>\n<meta property=\"og:title\" content=\"GUIRLANDE OKINAWA 10 AMPOULES CHANGEABLES EXT\u00c9RIEUR\" \/>\n<meta property=\"og:description\" content=\"La guirlande d&#039;ext\u00e9rieur OKINAWA est fabriqu\u00e9e \u00e0 la main avec du bambou. Elle comporte 10 abat-jour en forme de cloche au design organique et 10 ampoules\" \/>\n<meta property=\"og:url\" content=\"https:\/\/newgarden.es\/fr\/shop\/lightdeco-fr\/noel\/pack-x4-guirlande-decorative-dokinawa-pour-lexterieur\/\" \/>\n<meta property=\"og:site_name\" content=\"Newgarden\" \/>\n<meta property=\"article:modified_time\" content=\"2024-05-28T08:19:16+00:00\" \/>\n<meta property=\"og:image\" content=\"https:\/\/newgarden.es\/wp-content\/uploads\/2023\/02\/OKINAWA_GARLAND_1200X1200-8-1.jpg\" \/>\n\t<meta property=\"og:image:width\" content=\"1200\" \/>\n\t<meta property=\"og:image:height\" content=\"1200\" \/>\n\t<meta property=\"og:image:type\" content=\"image\/jpeg\" \/>\n<meta name=\"twitter:card\" content=\"summary_large_image\" \/>\n<meta name=\"twitter:label1\" content=\"Dur\u00e9e de lecture estim\u00e9e\" \/>\n\t<meta name=\"twitter:data1\" content=\"2 minutes\" \/>\n<script type=\"application\/ld+json\" class=\"yoast-schema-graph\">{\"@context\":\"https:\/\/schema.org\",\"@graph\":[{\"@type\":\"WebPage\",\"@id\":\"https:\/\/newgarden.es\/fr\/shop\/lightdeco-fr\/noel\/pack-x4-guirlande-decorative-dokinawa-pour-lexterieur\/\",\"url\":\"https:\/\/newgarden.es\/fr\/shop\/lightdeco-fr\/noel\/pack-x4-guirlande-decorative-dokinawa-pour-lexterieur\/\",\"name\":\"GUIRLANDE OKINAWA 10 AMPOULES CHANGEABLES EXT\u00c9RIEUR\",\"isPartOf\":{\"@id\":\"https:\/\/newgarden.es\/#website\"},\"primaryImageOfPage\":{\"@id\":\"https:\/\/newgarden.es\/fr\/shop\/lightdeco-fr\/noel\/pack-x4-guirlande-decorative-dokinawa-pour-lexterieur\/#primaryimage\"},\"image\":{\"@id\":\"https:\/\/newgarden.es\/fr\/shop\/lightdeco-fr\/noel\/pack-x4-guirlande-decorative-dokinawa-pour-lexterieur\/#primaryimage\"},\"thumbnailUrl\":\"https:\/\/newgarden.es\/wp-content\/uploads\/2023\/02\/OKINAWA_GARLAND_1200X1200-8-1.jpg\",\"datePublished\":\"2023-02-21T13:20:16+00:00\",\"dateModified\":\"2024-05-28T08:19:16+00:00\",\"description\":\"La guirlande d'ext\u00e9rieur OKINAWA est fabriqu\u00e9e \u00e0 la main avec du bambou. Elle comporte 10 abat-jour en forme de cloche au design organique et 10 ampoules\",\"breadcrumb\":{\"@id\":\"https:\/\/newgarden.es\/fr\/shop\/lightdeco-fr\/noel\/pack-x4-guirlande-decorative-dokinawa-pour-lexterieur\/#breadcrumb\"},\"inLanguage\":\"fr-FR\",\"potentialAction\":[{\"@type\":\"ReadAction\",\"target\":[\"https:\/\/newgarden.es\/fr\/shop\/lightdeco-fr\/noel\/pack-x4-guirlande-decorative-dokinawa-pour-lexterieur\/\"]}]},{\"@type\":\"ImageObject\",\"inLanguage\":\"fr-FR\",\"@id\":\"https:\/\/newgarden.es\/fr\/shop\/lightdeco-fr\/noel\/pack-x4-guirlande-decorative-dokinawa-pour-lexterieur\/#primaryimage\",\"url\":\"https:\/\/newgarden.es\/wp-content\/uploads\/2023\/02\/OKINAWA_GARLAND_1200X1200-8-1.jpg\",\"contentUrl\":\"https:\/\/newgarden.es\/wp-content\/uploads\/2023\/02\/OKINAWA_GARLAND_1200X1200-8-1.jpg\",\"width\":1200,\"height\":1200},{\"@type\":\"BreadcrumbList\",\"@id\":\"https:\/\/newgarden.es\/fr\/shop\/lightdeco-fr\/noel\/pack-x4-guirlande-decorative-dokinawa-pour-lexterieur\/#breadcrumb\",\"itemListElement\":[{\"@type\":\"ListItem\",\"position\":1,\"name\":\"Home\",\"item\":\"https:\/\/newgarden.es\/fr\/\"},{\"@type\":\"ListItem\",\"position\":2,\"name\":\"Boutique\",\"item\":\"https:\/\/newgarden.es\/fr\/boutique\/\"},{\"@type\":\"ListItem\",\"position\":3,\"name\":\"GUIRLANDE D\u00c9CORATIVE D&#8217;OKINAWA\"}]},{\"@type\":\"WebSite\",\"@id\":\"https:\/\/newgarden.es\/#website\",\"url\":\"https:\/\/newgarden.es\/\",\"name\":\"Newgarden\",\"description\":\"Be happy\",\"potentialAction\":[{\"@type\":\"SearchAction\",\"target\":{\"@type\":\"EntryPoint\",\"urlTemplate\":\"https:\/\/newgarden.es\/?s={search_term_string}\"},\"query-input\":{\"@type\":\"PropertyValueSpecification\",\"valueRequired\":true,\"valueName\":\"search_term_string\"}}],\"inLanguage\":\"fr-FR\"}]}<\/script>\n<!-- \/ Yoast SEO plugin. -->","yoast_head_json":{"title":"GUIRLANDE OKINAWA 10 AMPOULES CHANGEABLES EXT\u00c9RIEUR","description":"La guirlande d'ext\u00e9rieur OKINAWA est fabriqu\u00e9e \u00e0 la main avec du bambou. Elle comporte 10 abat-jour en forme de cloche au design organique et 10 ampoules","robots":{"index":"index","follow":"follow","max-snippet":"max-snippet:-1","max-image-preview":"max-image-preview:large","max-video-preview":"max-video-preview:-1"},"canonical":"https:\/\/newgarden.es\/fr\/shop\/lightdeco-fr\/noel\/pack-x4-guirlande-decorative-dokinawa-pour-lexterieur\/","og_locale":"fr_FR","og_type":"article","og_title":"GUIRLANDE OKINAWA 10 AMPOULES CHANGEABLES EXT\u00c9RIEUR","og_description":"La guirlande d'ext\u00e9rieur OKINAWA est fabriqu\u00e9e \u00e0 la main avec du bambou. Elle comporte 10 abat-jour en forme de cloche au design organique et 10 ampoules","og_url":"https:\/\/newgarden.es\/fr\/shop\/lightdeco-fr\/noel\/pack-x4-guirlande-decorative-dokinawa-pour-lexterieur\/","og_site_name":"Newgarden","article_modified_time":"2024-05-28T08:19:16+00:00","og_image":[{"width":1200,"height":1200,"url":"https:\/\/newgarden.es\/wp-content\/uploads\/2023\/02\/OKINAWA_GARLAND_1200X1200-8-1.jpg","type":"image\/jpeg"}],"twitter_card":"summary_large_image","twitter_misc":{"Dur\u00e9e de lecture estim\u00e9e":"2 minutes"},"schema":{"@context":"https:\/\/schema.org","@graph":[{"@type":"WebPage","@id":"https:\/\/newgarden.es\/fr\/shop\/lightdeco-fr\/noel\/pack-x4-guirlande-decorative-dokinawa-pour-lexterieur\/","url":"https:\/\/newgarden.es\/fr\/shop\/lightdeco-fr\/noel\/pack-x4-guirlande-decorative-dokinawa-pour-lexterieur\/","name":"GUIRLANDE OKINAWA 10 AMPOULES CHANGEABLES EXT\u00c9RIEUR","isPartOf":{"@id":"https:\/\/newgarden.es\/#website"},"primaryImageOfPage":{"@id":"https:\/\/newgarden.es\/fr\/shop\/lightdeco-fr\/noel\/pack-x4-guirlande-decorative-dokinawa-pour-lexterieur\/#primaryimage"},"image":{"@id":"https:\/\/newgarden.es\/fr\/shop\/lightdeco-fr\/noel\/pack-x4-guirlande-decorative-dokinawa-pour-lexterieur\/#primaryimage"},"thumbnailUrl":"https:\/\/newgarden.es\/wp-content\/uploads\/2023\/02\/OKINAWA_GARLAND_1200X1200-8-1.jpg","datePublished":"2023-02-21T13:20:16+00:00","dateModified":"2024-05-28T08:19:16+00:00","description":"La guirlande d'ext\u00e9rieur OKINAWA est fabriqu\u00e9e \u00e0 la main avec du bambou. Elle comporte 10 abat-jour en forme de cloche au design organique et 10 ampoules","breadcrumb":{"@id":"https:\/\/newgarden.es\/fr\/shop\/lightdeco-fr\/noel\/pack-x4-guirlande-decorative-dokinawa-pour-lexterieur\/#breadcrumb"},"inLanguage":"fr-FR","potentialAction":[{"@type":"ReadAction","target":["https:\/\/newgarden.es\/fr\/shop\/lightdeco-fr\/noel\/pack-x4-guirlande-decorative-dokinawa-pour-lexterieur\/"]}]},{"@type":"ImageObject","inLanguage":"fr-FR","@id":"https:\/\/newgarden.es\/fr\/shop\/lightdeco-fr\/noel\/pack-x4-guirlande-decorative-dokinawa-pour-lexterieur\/#primaryimage","url":"https:\/\/newgarden.es\/wp-content\/uploads\/2023\/02\/OKINAWA_GARLAND_1200X1200-8-1.jpg","contentUrl":"https:\/\/newgarden.es\/wp-content\/uploads\/2023\/02\/OKINAWA_GARLAND_1200X1200-8-1.jpg","width":1200,"height":1200},{"@type":"BreadcrumbList","@id":"https:\/\/newgarden.es\/fr\/shop\/lightdeco-fr\/noel\/pack-x4-guirlande-decorative-dokinawa-pour-lexterieur\/#breadcrumb","itemListElement":[{"@type":"ListItem","position":1,"name":"Home","item":"https:\/\/newgarden.es\/fr\/"},{"@type":"ListItem","position":2,"name":"Boutique","item":"https:\/\/newgarden.es\/fr\/boutique\/"},{"@type":"ListItem","position":3,"name":"GUIRLANDE D\u00c9CORATIVE D&#8217;OKINAWA"}]},{"@type":"WebSite","@id":"https:\/\/newgarden.es\/#website","url":"https:\/\/newgarden.es\/","name":"Newgarden","description":"Be happy","potentialAction":[{"@type":"SearchAction","target":{"@type":"EntryPoint","urlTemplate":"https:\/\/newgarden.es\/?s={search_term_string}"},"query-input":{"@type":"PropertyValueSpecification","valueRequired":true,"valueName":"search_term_string"}}],"inLanguage":"fr-FR"}]}},"df_price":169,"df_sale_price":"","df_regular_price":169,"df_image_link":"https:\/\/newgarden.es\/wp-content\/uploads\/2023\/02\/OKINAWA_GARLAND_1200X1200-8-1-580x400.jpg","_links":{"self":[{"href":"https:\/\/newgarden.es\/fr\/wp-json\/wp\/v2\/product\/47392"}],"collection":[{"href":"https:\/\/newgarden.es\/fr\/wp-json\/wp\/v2\/product"}],"about":[{"href":"https:\/\/newgarden.es\/fr\/wp-json\/wp\/v2\/types\/product"}],"wp:featuredmedia":[{"embeddable":true,"href":"https:\/\/newgarden.es\/fr\/wp-json\/wp\/v2\/media\/57930"}],"wp:attachment":[{"href":"https:\/\/newgarden.es\/fr\/wp-json\/wp\/v2\/media?parent=47392"}],"wp:term":[{"taxonomy":"product_cat","embeddable":true,"href":"https:\/\/newgarden.es\/fr\/wp-json\/wp\/v2\/product_cat?post=47392"},{"taxonomy":"product_tag","embeddable":true,"href":"https:\/\/newgarden.es\/fr\/wp-json\/wp\/v2\/product_tag?post=47392"}],"curies":[{"name":"wp","href":"https:\/\/api.w.org\/{rel}","templated":true}]}}