{"id":65302,"date":"2024-06-17T11:29:16","date_gmt":"2024-06-17T09:29:16","guid":{"rendered":"https:\/\/newgarden.es\/shop\/non%20class\u00e9\/jardiniere-ronde-suspendue-avec-eclairage-sans-fil-elba-59-2\/"},"modified":"2024-06-18T09:29:56","modified_gmt":"2024-06-18T07:29:56","slug":"jardiniere-ronde-suspendue-avec-eclairage-sans-fil-elba-59-2","status":"publish","type":"product","link":"https:\/\/newgarden.es\/fr\/shop\/lightdeco-fr\/lampes-suspendues\/jardiniere-ronde-suspendue-avec-eclairage-sans-fil-elba-59-2\/","title":{"rendered":"JARDINI\u00c8RE RONDE SUSPENDUE AVEC \u00c9CLAIRAGE SANS FIL ELBA 59"},"content":{"rendered":"<section class=\"wpb-content-wrapper\"><p>[vc_row][vc_column][vc_column_text][\/vc_column_text][\/vc_column][\/vc_row][vc_row][vc_column][vc_column_text]La jardini\u00e8re suspendue ronde avec \u00e9clairage sans fil ELBA 59 est fabriqu\u00e9e en poly\u00e9thyl\u00e8ne blanc super r\u00e9sistant. Il est tr\u00e8s facile \u00e0 installer car il comprend un aimant qui permet de le suspendre sans trous sur n&rsquo;importe quelle surface magn\u00e9tique. Pour r\u00e9gler sa hauteur, il suffit de pousser le c\u00e2ble vers l&rsquo;int\u00e9rieur.<\/p>\n<p>Vous pouvez le combiner avec la version plus petite : ELBA 39.<\/p>\n<p>Ensemble de plantes artificielles inclus<\/p>\n<p>Son \u00e9clairage : La main ne n\u00e9cessite aucune installation, il suffit de l&rsquo;approcher de l&rsquo;anneau m\u00e9tallique int\u00e9rieur pour qu&rsquo;elle adh\u00e8re gr\u00e2ce \u00e0 sa base aimant\u00e9e.<\/p>\n<p>Cette ampoule est \u00e9galement \u00e9quip\u00e9e d&rsquo;une t\u00e9l\u00e9commande qui permet de l&rsquo;allumer, de l&rsquo;\u00e9teindre et d&rsquo;en r\u00e9gler l&rsquo;intensit\u00e9.<\/p>\n<p>Elle a une puissance de 900 lumens et une autonomie de 6 \u00e0 20 heures selon l&rsquo;intensit\u00e9.<\/p>\n<p>&nbsp;<\/p>\n<ul class=\"tablaTech\">\n<li>\n<div class=\"boxContents no-border\">\n<div class=\"name\"><strong>TAILLE<\/strong><\/div>\n<div class=\"data\">\u00f859 x\u00a015 cm<\/div>\n<\/div>\n<\/li>\n<\/ul>\n<p>[\/vc_column_text][vc_video link=\u00a0\u00bbhttps:\/\/youtu.be\/Zo0FlNN_K5U\u00a0\u00bb][\/vc_column][\/vc_row][vc_row][vc_column width=\u00a0\u00bb1\/2&Prime;][vc_btn title=\u00a0\u00bbFiche technique\u00a0\u00bb style=\u00a0\u00bbcustom\u00a0\u00bb custom_background=\u00a0\u00bb#009bc2&Prime; custom_text=\u00a0\u00bb#ffffff\u00a0\u00bb shape=\u00a0\u00bbsquare\u00a0\u00bb link=\u00a0\u00bburl:https%3A%2F%2Fbit.ly%2F3nd9HfI|target:%20_blank|\u00a0\u00bb el_class=\u00a0\u00bbbtn_descargar_ficha\u00a0\u00bb][\/vc_column][vc_column width=\u00a0\u00bb1\/2&Prime;][vc_btn title=\u00a0\u00bbManuel d&rsquo;instrutions\u00a0\u00bb style=\u00a0\u00bbcustom\u00a0\u00bb custom_background=\u00a0\u00bb#009bc2&Prime; custom_text=\u00a0\u00bb#ffffff\u00a0\u00bb shape=\u00a0\u00bbsquare\u00a0\u00bb link=\u00a0\u00bburl:https%3A%2F%2Fbit.ly%2F3oJD4Hc|target:%20_blank|\u00a0\u00bb el_class=\u00a0\u00bbbtn_descargar_ficha\u00a0\u00bb][\/vc_column][vc_column][\/vc_column][\/vc_row]<\/p>\n<\/section>","protected":false},"excerpt":{"rendered":"<p>[vc_row][vc_column][vc_column_text][\/vc_column_text][\/vc_column][\/vc_row][vc_row][vc_column][vc_column_text]La jardini\u00e8re suspendue ronde avec \u00e9clairage sans fil ELBA 59 est fabriqu\u00e9e en poly\u00e9thyl\u00e8ne blanc super r\u00e9sistant. Il est tr\u00e8s facile \u00e0 installer car il comprend un aimant qui permet<\/p>\n","protected":false},"featured_media":57447,"template":"","meta":[],"product_cat":[651,754,744,643,646],"product_tag":[653,707],"class_list":{"0":"post-65302","1":"product","2":"type-product","3":"status-publish","4":"has-post-thumbnail","6":"product_cat-lightdeco-fr","7":"product_cat-portables","8":"product_cat-lampes-suspendues","9":"product_cat-pot-de-fleur","10":"product_cat-maceteros-con-luz-fr","11":"product_tag-batterie","12":"product_tag-sans-fil","14":"first","15":"outofstock","16":"taxable","17":"shipping-taxable","18":"product-type-variable"},"yoast_head":"<!-- This site is optimized with the Yoast SEO plugin v24.2 - https:\/\/yoast.com\/wordpress\/plugins\/seo\/ -->\n<title>JARDINI\u00c8RE RONDE SUSPENDUE AVEC \u00c9CLAIRAGE SANS FIL ELBA 59 - Newgarden<\/title>\n<meta name=\"robots\" content=\"index, follow, max-snippet:-1, max-image-preview:large, max-video-preview:-1\" \/>\n<link rel=\"canonical\" href=\"https:\/\/newgarden.es\/fr\/shop\/lightdeco-fr\/lampes-suspendues\/jardiniere-ronde-suspendue-avec-eclairage-sans-fil-elba-59-2\/\" \/>\n<meta property=\"og:locale\" content=\"fr_FR\" \/>\n<meta property=\"og:type\" content=\"article\" \/>\n<meta property=\"og:title\" content=\"JARDINI\u00c8RE RONDE SUSPENDUE AVEC \u00c9CLAIRAGE SANS FIL ELBA 59 - Newgarden\" \/>\n<meta property=\"og:description\" content=\"[vc_row][vc_column][vc_column_text][\/vc_column_text][\/vc_column][\/vc_row][vc_row][vc_column][vc_column_text]La jardini\u00e8re suspendue ronde avec \u00e9clairage sans fil ELBA 59 est fabriqu\u00e9e en poly\u00e9thyl\u00e8ne blanc super r\u00e9sistant. Il est tr\u00e8s facile \u00e0 installer car il comprend un aimant qui permet\" \/>\n<meta property=\"og:url\" content=\"https:\/\/newgarden.es\/fr\/shop\/lightdeco-fr\/lampes-suspendues\/jardiniere-ronde-suspendue-avec-eclairage-sans-fil-elba-59-2\/\" \/>\n<meta property=\"og:site_name\" content=\"Newgarden\" \/>\n<meta property=\"article:modified_time\" content=\"2024-06-18T07:29:56+00:00\" \/>\n<meta property=\"og:image\" content=\"https:\/\/newgarden.es\/wp-content\/uploads\/2022\/03\/ELBA_35_BATTERY_1200X1200-7-1.jpg\" \/>\n\t<meta property=\"og:image:width\" content=\"1200\" \/>\n\t<meta property=\"og:image:height\" content=\"1200\" \/>\n\t<meta property=\"og:image:type\" content=\"image\/jpeg\" \/>\n<meta name=\"twitter:card\" content=\"summary_large_image\" \/>\n<meta name=\"twitter:label1\" content=\"Dur\u00e9e de lecture estim\u00e9e\" \/>\n\t<meta name=\"twitter:data1\" content=\"1 minute\" \/>\n<script type=\"application\/ld+json\" class=\"yoast-schema-graph\">{\"@context\":\"https:\/\/schema.org\",\"@graph\":[{\"@type\":\"WebPage\",\"@id\":\"https:\/\/newgarden.es\/fr\/shop\/lightdeco-fr\/lampes-suspendues\/jardiniere-ronde-suspendue-avec-eclairage-sans-fil-elba-59-2\/\",\"url\":\"https:\/\/newgarden.es\/fr\/shop\/lightdeco-fr\/lampes-suspendues\/jardiniere-ronde-suspendue-avec-eclairage-sans-fil-elba-59-2\/\",\"name\":\"JARDINI\u00c8RE RONDE SUSPENDUE AVEC \u00c9CLAIRAGE SANS FIL ELBA 59 - Newgarden\",\"isPartOf\":{\"@id\":\"https:\/\/newgarden.es\/#website\"},\"primaryImageOfPage\":{\"@id\":\"https:\/\/newgarden.es\/fr\/shop\/lightdeco-fr\/lampes-suspendues\/jardiniere-ronde-suspendue-avec-eclairage-sans-fil-elba-59-2\/#primaryimage\"},\"image\":{\"@id\":\"https:\/\/newgarden.es\/fr\/shop\/lightdeco-fr\/lampes-suspendues\/jardiniere-ronde-suspendue-avec-eclairage-sans-fil-elba-59-2\/#primaryimage\"},\"thumbnailUrl\":\"https:\/\/newgarden.es\/wp-content\/uploads\/2022\/03\/ELBA_35_BATTERY_1200X1200-7-1.jpg\",\"datePublished\":\"2024-06-17T09:29:16+00:00\",\"dateModified\":\"2024-06-18T07:29:56+00:00\",\"breadcrumb\":{\"@id\":\"https:\/\/newgarden.es\/fr\/shop\/lightdeco-fr\/lampes-suspendues\/jardiniere-ronde-suspendue-avec-eclairage-sans-fil-elba-59-2\/#breadcrumb\"},\"inLanguage\":\"fr-FR\",\"potentialAction\":[{\"@type\":\"ReadAction\",\"target\":[\"https:\/\/newgarden.es\/fr\/shop\/lightdeco-fr\/lampes-suspendues\/jardiniere-ronde-suspendue-avec-eclairage-sans-fil-elba-59-2\/\"]}]},{\"@type\":\"ImageObject\",\"inLanguage\":\"fr-FR\",\"@id\":\"https:\/\/newgarden.es\/fr\/shop\/lightdeco-fr\/lampes-suspendues\/jardiniere-ronde-suspendue-avec-eclairage-sans-fil-elba-59-2\/#primaryimage\",\"url\":\"https:\/\/newgarden.es\/wp-content\/uploads\/2022\/03\/ELBA_35_BATTERY_1200X1200-7-1.jpg\",\"contentUrl\":\"https:\/\/newgarden.es\/wp-content\/uploads\/2022\/03\/ELBA_35_BATTERY_1200X1200-7-1.jpg\",\"width\":1200,\"height\":1200},{\"@type\":\"BreadcrumbList\",\"@id\":\"https:\/\/newgarden.es\/fr\/shop\/lightdeco-fr\/lampes-suspendues\/jardiniere-ronde-suspendue-avec-eclairage-sans-fil-elba-59-2\/#breadcrumb\",\"itemListElement\":[{\"@type\":\"ListItem\",\"position\":1,\"name\":\"Home\",\"item\":\"https:\/\/newgarden.es\/fr\/\"},{\"@type\":\"ListItem\",\"position\":2,\"name\":\"Boutique\",\"item\":\"https:\/\/newgarden.es\/fr\/boutique\/\"},{\"@type\":\"ListItem\",\"position\":3,\"name\":\"JARDINI\u00c8RE RONDE SUSPENDUE AVEC \u00c9CLAIRAGE SANS FIL ELBA 59\"}]},{\"@type\":\"WebSite\",\"@id\":\"https:\/\/newgarden.es\/#website\",\"url\":\"https:\/\/newgarden.es\/\",\"name\":\"Newgarden\",\"description\":\"Be happy\",\"potentialAction\":[{\"@type\":\"SearchAction\",\"target\":{\"@type\":\"EntryPoint\",\"urlTemplate\":\"https:\/\/newgarden.es\/?s={search_term_string}\"},\"query-input\":{\"@type\":\"PropertyValueSpecification\",\"valueRequired\":true,\"valueName\":\"search_term_string\"}}],\"inLanguage\":\"fr-FR\"}]}<\/script>\n<!-- \/ Yoast SEO plugin. -->","yoast_head_json":{"title":"JARDINI\u00c8RE RONDE SUSPENDUE AVEC \u00c9CLAIRAGE SANS FIL ELBA 59 - Newgarden","robots":{"index":"index","follow":"follow","max-snippet":"max-snippet:-1","max-image-preview":"max-image-preview:large","max-video-preview":"max-video-preview:-1"},"canonical":"https:\/\/newgarden.es\/fr\/shop\/lightdeco-fr\/lampes-suspendues\/jardiniere-ronde-suspendue-avec-eclairage-sans-fil-elba-59-2\/","og_locale":"fr_FR","og_type":"article","og_title":"JARDINI\u00c8RE RONDE SUSPENDUE AVEC \u00c9CLAIRAGE SANS FIL ELBA 59 - Newgarden","og_description":"[vc_row][vc_column][vc_column_text][\/vc_column_text][\/vc_column][\/vc_row][vc_row][vc_column][vc_column_text]La jardini\u00e8re suspendue ronde avec \u00e9clairage sans fil ELBA 59 est fabriqu\u00e9e en poly\u00e9thyl\u00e8ne blanc super r\u00e9sistant. Il est tr\u00e8s facile \u00e0 installer car il comprend un aimant qui permet","og_url":"https:\/\/newgarden.es\/fr\/shop\/lightdeco-fr\/lampes-suspendues\/jardiniere-ronde-suspendue-avec-eclairage-sans-fil-elba-59-2\/","og_site_name":"Newgarden","article_modified_time":"2024-06-18T07:29:56+00:00","og_image":[{"width":1200,"height":1200,"url":"https:\/\/newgarden.es\/wp-content\/uploads\/2022\/03\/ELBA_35_BATTERY_1200X1200-7-1.jpg","type":"image\/jpeg"}],"twitter_card":"summary_large_image","twitter_misc":{"Dur\u00e9e de lecture estim\u00e9e":"1 minute"},"schema":{"@context":"https:\/\/schema.org","@graph":[{"@type":"WebPage","@id":"https:\/\/newgarden.es\/fr\/shop\/lightdeco-fr\/lampes-suspendues\/jardiniere-ronde-suspendue-avec-eclairage-sans-fil-elba-59-2\/","url":"https:\/\/newgarden.es\/fr\/shop\/lightdeco-fr\/lampes-suspendues\/jardiniere-ronde-suspendue-avec-eclairage-sans-fil-elba-59-2\/","name":"JARDINI\u00c8RE RONDE SUSPENDUE AVEC \u00c9CLAIRAGE SANS FIL ELBA 59 - Newgarden","isPartOf":{"@id":"https:\/\/newgarden.es\/#website"},"primaryImageOfPage":{"@id":"https:\/\/newgarden.es\/fr\/shop\/lightdeco-fr\/lampes-suspendues\/jardiniere-ronde-suspendue-avec-eclairage-sans-fil-elba-59-2\/#primaryimage"},"image":{"@id":"https:\/\/newgarden.es\/fr\/shop\/lightdeco-fr\/lampes-suspendues\/jardiniere-ronde-suspendue-avec-eclairage-sans-fil-elba-59-2\/#primaryimage"},"thumbnailUrl":"https:\/\/newgarden.es\/wp-content\/uploads\/2022\/03\/ELBA_35_BATTERY_1200X1200-7-1.jpg","datePublished":"2024-06-17T09:29:16+00:00","dateModified":"2024-06-18T07:29:56+00:00","breadcrumb":{"@id":"https:\/\/newgarden.es\/fr\/shop\/lightdeco-fr\/lampes-suspendues\/jardiniere-ronde-suspendue-avec-eclairage-sans-fil-elba-59-2\/#breadcrumb"},"inLanguage":"fr-FR","potentialAction":[{"@type":"ReadAction","target":["https:\/\/newgarden.es\/fr\/shop\/lightdeco-fr\/lampes-suspendues\/jardiniere-ronde-suspendue-avec-eclairage-sans-fil-elba-59-2\/"]}]},{"@type":"ImageObject","inLanguage":"fr-FR","@id":"https:\/\/newgarden.es\/fr\/shop\/lightdeco-fr\/lampes-suspendues\/jardiniere-ronde-suspendue-avec-eclairage-sans-fil-elba-59-2\/#primaryimage","url":"https:\/\/newgarden.es\/wp-content\/uploads\/2022\/03\/ELBA_35_BATTERY_1200X1200-7-1.jpg","contentUrl":"https:\/\/newgarden.es\/wp-content\/uploads\/2022\/03\/ELBA_35_BATTERY_1200X1200-7-1.jpg","width":1200,"height":1200},{"@type":"BreadcrumbList","@id":"https:\/\/newgarden.es\/fr\/shop\/lightdeco-fr\/lampes-suspendues\/jardiniere-ronde-suspendue-avec-eclairage-sans-fil-elba-59-2\/#breadcrumb","itemListElement":[{"@type":"ListItem","position":1,"name":"Home","item":"https:\/\/newgarden.es\/fr\/"},{"@type":"ListItem","position":2,"name":"Boutique","item":"https:\/\/newgarden.es\/fr\/boutique\/"},{"@type":"ListItem","position":3,"name":"JARDINI\u00c8RE RONDE SUSPENDUE AVEC \u00c9CLAIRAGE SANS FIL ELBA 59"}]},{"@type":"WebSite","@id":"https:\/\/newgarden.es\/#website","url":"https:\/\/newgarden.es\/","name":"Newgarden","description":"Be happy","potentialAction":[{"@type":"SearchAction","target":{"@type":"EntryPoint","urlTemplate":"https:\/\/newgarden.es\/?s={search_term_string}"},"query-input":{"@type":"PropertyValueSpecification","valueRequired":true,"valueName":"search_term_string"}}],"inLanguage":"fr-FR"}]}},"df_price":"","df_sale_price":"","df_regular_price":"","df_image_link":"https:\/\/newgarden.es\/wp-content\/uploads\/2022\/03\/ELBA_35_BATTERY_1200X1200-7-1-580x400.jpg","_links":{"self":[{"href":"https:\/\/newgarden.es\/fr\/wp-json\/wp\/v2\/product\/65302"}],"collection":[{"href":"https:\/\/newgarden.es\/fr\/wp-json\/wp\/v2\/product"}],"about":[{"href":"https:\/\/newgarden.es\/fr\/wp-json\/wp\/v2\/types\/product"}],"wp:featuredmedia":[{"embeddable":true,"href":"https:\/\/newgarden.es\/fr\/wp-json\/wp\/v2\/media\/57447"}],"wp:attachment":[{"href":"https:\/\/newgarden.es\/fr\/wp-json\/wp\/v2\/media?parent=65302"}],"wp:term":[{"taxonomy":"product_cat","embeddable":true,"href":"https:\/\/newgarden.es\/fr\/wp-json\/wp\/v2\/product_cat?post=65302"},{"taxonomy":"product_tag","embeddable":true,"href":"https:\/\/newgarden.es\/fr\/wp-json\/wp\/v2\/product_tag?post=65302"}],"curies":[{"name":"wp","href":"https:\/\/api.w.org\/{rel}","templated":true}]}}