{"id":66250,"date":"2024-07-02T10:06:45","date_gmt":"2024-07-02T08:06:54","guid":{"rendered":"https:\/\/newgarden.es\/?post_type=product&#038;p=66250"},"modified":"2024-07-02T12:32:34","modified_gmt":"2024-07-02T10:32:34","slug":"lampe-de-table-solaire-en-bambou-okinawa-table","status":"publish","type":"product","link":"https:\/\/newgarden.es\/fr\/lampe-de-table-solaire-en-bambou-okinawa-table","title":{"rendered":"LAMPE DE TABLE SOLAIRE EN BAMBOU OKINAWA TABLE"},"content":{"rendered":"<section class=\"wpb-content-wrapper\"><p>[vc_row][vc_column][vc_column_text][\/vc_column_text][\/vc_column][\/vc_row][vc_row][vc_column][vc_column_text]<\/p>\n<p>Plongez dans l&rsquo;innovation et le style avec la table Okinawa, une lampe de table modulable con\u00e7ue pour am\u00e9liorer l&rsquo;exp\u00e9rience d&rsquo;\u00e9clairage dans les espaces ext\u00e9rieurs. Sa hauteur r\u00e9glable, allant de 23 cm \u00e0 36 cm, permet de personnaliser l&rsquo;\u00e9clairage selon vos pr\u00e9f\u00e9rences, cr\u00e9ant l&rsquo;atmosph\u00e8re parfaite pour toute occasion.<\/p>\n<p>La table Okinawa va au-del\u00e0 de l&rsquo;esth\u00e9tique, en incorporant la technologie solaire et une batterie rechargeable pour offrir jusqu&rsquo;\u00e0 20 heures d&rsquo;\u00e9clairage sans effort. Contr\u00f4lez l&rsquo;intensit\u00e9 de la lumi\u00e8re avec la t\u00e9l\u00e9commande pratique, en l&rsquo;adaptant \u00e0 vos besoins et en cr\u00e9ant des moments m\u00e9morables \u00e0 chaque utilisation. Sa lumi\u00e8re chaude de 3000K et 350 lumens transforme vos soir\u00e9es en plein air, offrant une sensation chaleureuse et \u00e9l\u00e9gante.<\/p>\n<p>La conception soign\u00e9e en bambou et en m\u00e9tal r\u00e9sistant aux \u00e9l\u00e9ments garantit durabilit\u00e9 et style durable, tandis que la table Okinawa s&rsquo;int\u00e8gre parfaitement dans n&rsquo;importe quel environnement ext\u00e9rieur. Cette lampe fusionne la durabilit\u00e9 avec une fonctionnalit\u00e9 incomparable, offrant une solution \u00e9l\u00e9gante et efficace pour \u00e9clairer votre espace ext\u00e9rieur. \u00c9levez votre exp\u00e9rience en plein air avec la table Okinawa, une combinaison parfaite de style contemporain et de technologie avanc\u00e9e.<\/p>\n<ul class=\"tablaTech\">\n<li>\n<div class=\"boxContents no-border\">\n<div class=\"name\"><strong>TAILLE<\/strong><\/div>\n<div class=\"data\">\u00f816 x 36 cm<\/div>\n<\/div>\n<\/li>\n<\/ul>\n<p>[\/vc_column_text][\/vc_column][\/vc_row][vc_row][vc_column width=\u00a0\u00bb1\/2&Prime;][vc_btn title=\u00a0\u00bb<\/p>\n<p>Fiche technique<\/p>\n<p>\u00a0\u00bb style=\u00a0\u00bbcustom\u00a0\u00bb custom_background=\u00a0\u00bb#009bc2&Prime; custom_text=\u00a0\u00bb#ffffff\u00a0\u00bb shape=\u00a0\u00bbsquare\u00a0\u00bb el_class=\u00a0\u00bbbtn_descargar_ficha\u00a0\u00bb link=\u00a0\u00bburl:%3Cp%3Ehttps%3A%2F%2Facortar.link%2Fy4RqAP%3C%2Fp%3E|target:_blank|\u00a0\u00bb][\/vc_column][vc_column width=\u00a0\u00bb1\/2&Prime;][vc_btn title=\u00a0\u00bb<\/p>\n<p>Manuel d&rsquo;instrutions<\/p>\n<p>\u00a0\u00bb style=\u00a0\u00bbcustom\u00a0\u00bb custom_background=\u00a0\u00bb#009bc2&Prime; custom_text=\u00a0\u00bb#ffffff\u00a0\u00bb shape=\u00a0\u00bbsquare\u00a0\u00bb el_class=\u00a0\u00bbbtn_descargar_ficha\u00a0\u00bb link=\u00a0\u00bburl:%3Cp%3Ehttps%3A%2F%2Facortar.link%2FREFw60%3C%2Fp%3E|target:_blank|\u00a0\u00bb][\/vc_column][\/vc_row]<\/p>\n<\/section>","protected":false},"excerpt":{"rendered":"<h5>OKINAWA LANTERN lanterne portable sans fil<\/h5>\n","protected":false},"featured_media":66276,"template":"","meta":[],"product_cat":[1695,651,652,754,1590],"product_tag":[653,647,707],"class_list":{"0":"post-66250","1":"product","2":"type-product","3":"status-publish","4":"has-post-thumbnail","6":"product_cat-productos-fr","7":"product_cat-lightdeco-fr","8":"product_cat-lampe-a-cote","9":"product_cat-portables","10":"product_cat-interieur-fr","11":"product_tag-batterie","12":"product_tag-cable-fr","13":"product_tag-sans-fil","15":"first","16":"instock","17":"taxable","18":"shipping-taxable","19":"purchasable","20":"product-type-variable"},"yoast_head":"<!-- This site is optimized with the Yoast SEO plugin v24.2 - https:\/\/yoast.com\/wordpress\/plugins\/seo\/ -->\n<title>LANTERNE OKINAWA LANTERN PORTABLE SANS FIL<\/title>\n<meta name=\"description\" content=\"Une lampe de table modulable qui red\u00e9finit l&#039;\u00e9clairage ext\u00e9rieur.\" \/>\n<meta name=\"robots\" content=\"index, follow, max-snippet:-1, max-image-preview:large, max-video-preview:-1\" \/>\n<link rel=\"canonical\" href=\"https:\/\/newgarden.es\/fr\/lampe-de-table-solaire-en-bambou-okinawa-table\/\" \/>\n<meta property=\"og:locale\" content=\"fr_FR\" \/>\n<meta property=\"og:type\" content=\"article\" \/>\n<meta property=\"og:title\" content=\"LANTERNE OKINAWA LANTERN PORTABLE SANS FIL\" \/>\n<meta property=\"og:description\" content=\"Une lampe de table modulable qui red\u00e9finit l&#039;\u00e9clairage ext\u00e9rieur.\" \/>\n<meta property=\"og:url\" content=\"https:\/\/newgarden.es\/fr\/lampe-de-table-solaire-en-bambou-okinawa-table\/\" \/>\n<meta property=\"og:site_name\" content=\"Newgarden\" \/>\n<meta property=\"article:modified_time\" content=\"2024-07-02T10:32:34+00:00\" \/>\n<meta property=\"og:image\" content=\"https:\/\/newgarden.es\/wp-content\/uploads\/2024\/07\/OKINAWA_TABLE_LAMP_1200X1200-2.jpg\" \/>\n\t<meta property=\"og:image:width\" content=\"1200\" \/>\n\t<meta property=\"og:image:height\" content=\"1200\" \/>\n\t<meta property=\"og:image:type\" content=\"image\/jpeg\" \/>\n<meta name=\"twitter:card\" content=\"summary_large_image\" \/>\n<meta name=\"twitter:label1\" content=\"Dur\u00e9e de lecture estim\u00e9e\" \/>\n\t<meta name=\"twitter:data1\" content=\"2 minutes\" \/>\n<script type=\"application\/ld+json\" class=\"yoast-schema-graph\">{\"@context\":\"https:\/\/schema.org\",\"@graph\":[{\"@type\":\"WebPage\",\"@id\":\"https:\/\/newgarden.es\/fr\/lampe-de-table-solaire-en-bambou-okinawa-table\/\",\"url\":\"https:\/\/newgarden.es\/fr\/lampe-de-table-solaire-en-bambou-okinawa-table\/\",\"name\":\"LANTERNE OKINAWA LANTERN PORTABLE SANS FIL\",\"isPartOf\":{\"@id\":\"https:\/\/newgarden.es\/#website\"},\"primaryImageOfPage\":{\"@id\":\"https:\/\/newgarden.es\/fr\/lampe-de-table-solaire-en-bambou-okinawa-table\/#primaryimage\"},\"image\":{\"@id\":\"https:\/\/newgarden.es\/fr\/lampe-de-table-solaire-en-bambou-okinawa-table\/#primaryimage\"},\"thumbnailUrl\":\"https:\/\/newgarden.es\/wp-content\/uploads\/2024\/07\/OKINAWA_TABLE_LAMP_1200X1200-2.jpg\",\"datePublished\":\"2024-07-02T08:06:54+00:00\",\"dateModified\":\"2024-07-02T10:32:34+00:00\",\"description\":\"Une lampe de table modulable qui red\u00e9finit l'\u00e9clairage ext\u00e9rieur.\",\"breadcrumb\":{\"@id\":\"https:\/\/newgarden.es\/fr\/lampe-de-table-solaire-en-bambou-okinawa-table\/#breadcrumb\"},\"inLanguage\":\"fr-FR\",\"potentialAction\":[{\"@type\":\"ReadAction\",\"target\":[\"https:\/\/newgarden.es\/fr\/lampe-de-table-solaire-en-bambou-okinawa-table\/\"]}]},{\"@type\":\"ImageObject\",\"inLanguage\":\"fr-FR\",\"@id\":\"https:\/\/newgarden.es\/fr\/lampe-de-table-solaire-en-bambou-okinawa-table\/#primaryimage\",\"url\":\"https:\/\/newgarden.es\/wp-content\/uploads\/2024\/07\/OKINAWA_TABLE_LAMP_1200X1200-2.jpg\",\"contentUrl\":\"https:\/\/newgarden.es\/wp-content\/uploads\/2024\/07\/OKINAWA_TABLE_LAMP_1200X1200-2.jpg\",\"width\":1200,\"height\":1200},{\"@type\":\"BreadcrumbList\",\"@id\":\"https:\/\/newgarden.es\/fr\/lampe-de-table-solaire-en-bambou-okinawa-table\/#breadcrumb\",\"itemListElement\":[{\"@type\":\"ListItem\",\"position\":1,\"name\":\"Home\",\"item\":\"https:\/\/newgarden.es\/fr\/\"},{\"@type\":\"ListItem\",\"position\":2,\"name\":\"Boutique\",\"item\":\"https:\/\/newgarden.es\/fr\/boutique\/\"},{\"@type\":\"ListItem\",\"position\":3,\"name\":\"LAMPE DE TABLE SOLAIRE EN BAMBOU OKINAWA TABLE\"}]},{\"@type\":\"WebSite\",\"@id\":\"https:\/\/newgarden.es\/#website\",\"url\":\"https:\/\/newgarden.es\/\",\"name\":\"Newgarden\",\"description\":\"Be happy\",\"potentialAction\":[{\"@type\":\"SearchAction\",\"target\":{\"@type\":\"EntryPoint\",\"urlTemplate\":\"https:\/\/newgarden.es\/?s={search_term_string}\"},\"query-input\":{\"@type\":\"PropertyValueSpecification\",\"valueRequired\":true,\"valueName\":\"search_term_string\"}}],\"inLanguage\":\"fr-FR\"}]}<\/script>\n<!-- \/ Yoast SEO plugin. -->","yoast_head_json":{"title":"LANTERNE OKINAWA LANTERN PORTABLE SANS FIL","description":"Une lampe de table modulable qui red\u00e9finit l'\u00e9clairage ext\u00e9rieur.","robots":{"index":"index","follow":"follow","max-snippet":"max-snippet:-1","max-image-preview":"max-image-preview:large","max-video-preview":"max-video-preview:-1"},"canonical":"https:\/\/newgarden.es\/fr\/lampe-de-table-solaire-en-bambou-okinawa-table\/","og_locale":"fr_FR","og_type":"article","og_title":"LANTERNE OKINAWA LANTERN PORTABLE SANS FIL","og_description":"Une lampe de table modulable qui red\u00e9finit l'\u00e9clairage ext\u00e9rieur.","og_url":"https:\/\/newgarden.es\/fr\/lampe-de-table-solaire-en-bambou-okinawa-table\/","og_site_name":"Newgarden","article_modified_time":"2024-07-02T10:32:34+00:00","og_image":[{"width":1200,"height":1200,"url":"https:\/\/newgarden.es\/wp-content\/uploads\/2024\/07\/OKINAWA_TABLE_LAMP_1200X1200-2.jpg","type":"image\/jpeg"}],"twitter_card":"summary_large_image","twitter_misc":{"Dur\u00e9e de lecture estim\u00e9e":"2 minutes"},"schema":{"@context":"https:\/\/schema.org","@graph":[{"@type":"WebPage","@id":"https:\/\/newgarden.es\/fr\/lampe-de-table-solaire-en-bambou-okinawa-table\/","url":"https:\/\/newgarden.es\/fr\/lampe-de-table-solaire-en-bambou-okinawa-table\/","name":"LANTERNE OKINAWA LANTERN PORTABLE SANS FIL","isPartOf":{"@id":"https:\/\/newgarden.es\/#website"},"primaryImageOfPage":{"@id":"https:\/\/newgarden.es\/fr\/lampe-de-table-solaire-en-bambou-okinawa-table\/#primaryimage"},"image":{"@id":"https:\/\/newgarden.es\/fr\/lampe-de-table-solaire-en-bambou-okinawa-table\/#primaryimage"},"thumbnailUrl":"https:\/\/newgarden.es\/wp-content\/uploads\/2024\/07\/OKINAWA_TABLE_LAMP_1200X1200-2.jpg","datePublished":"2024-07-02T08:06:54+00:00","dateModified":"2024-07-02T10:32:34+00:00","description":"Une lampe de table modulable qui red\u00e9finit l'\u00e9clairage ext\u00e9rieur.","breadcrumb":{"@id":"https:\/\/newgarden.es\/fr\/lampe-de-table-solaire-en-bambou-okinawa-table\/#breadcrumb"},"inLanguage":"fr-FR","potentialAction":[{"@type":"ReadAction","target":["https:\/\/newgarden.es\/fr\/lampe-de-table-solaire-en-bambou-okinawa-table\/"]}]},{"@type":"ImageObject","inLanguage":"fr-FR","@id":"https:\/\/newgarden.es\/fr\/lampe-de-table-solaire-en-bambou-okinawa-table\/#primaryimage","url":"https:\/\/newgarden.es\/wp-content\/uploads\/2024\/07\/OKINAWA_TABLE_LAMP_1200X1200-2.jpg","contentUrl":"https:\/\/newgarden.es\/wp-content\/uploads\/2024\/07\/OKINAWA_TABLE_LAMP_1200X1200-2.jpg","width":1200,"height":1200},{"@type":"BreadcrumbList","@id":"https:\/\/newgarden.es\/fr\/lampe-de-table-solaire-en-bambou-okinawa-table\/#breadcrumb","itemListElement":[{"@type":"ListItem","position":1,"name":"Home","item":"https:\/\/newgarden.es\/fr\/"},{"@type":"ListItem","position":2,"name":"Boutique","item":"https:\/\/newgarden.es\/fr\/boutique\/"},{"@type":"ListItem","position":3,"name":"LAMPE DE TABLE SOLAIRE EN BAMBOU OKINAWA TABLE"}]},{"@type":"WebSite","@id":"https:\/\/newgarden.es\/#website","url":"https:\/\/newgarden.es\/","name":"Newgarden","description":"Be happy","potentialAction":[{"@type":"SearchAction","target":{"@type":"EntryPoint","urlTemplate":"https:\/\/newgarden.es\/?s={search_term_string}"},"query-input":{"@type":"PropertyValueSpecification","valueRequired":true,"valueName":"search_term_string"}}],"inLanguage":"fr-FR"}]}},"df_price":169,"df_sale_price":"","df_regular_price":169,"df_image_link":"https:\/\/newgarden.es\/wp-content\/uploads\/2024\/07\/OKINAWA_TABLE_LAMP_1200X1200-2-580x400.jpg","_links":{"self":[{"href":"https:\/\/newgarden.es\/fr\/wp-json\/wp\/v2\/product\/66250"}],"collection":[{"href":"https:\/\/newgarden.es\/fr\/wp-json\/wp\/v2\/product"}],"about":[{"href":"https:\/\/newgarden.es\/fr\/wp-json\/wp\/v2\/types\/product"}],"wp:featuredmedia":[{"embeddable":true,"href":"https:\/\/newgarden.es\/fr\/wp-json\/wp\/v2\/media\/66276"}],"wp:attachment":[{"href":"https:\/\/newgarden.es\/fr\/wp-json\/wp\/v2\/media?parent=66250"}],"wp:term":[{"taxonomy":"product_cat","embeddable":true,"href":"https:\/\/newgarden.es\/fr\/wp-json\/wp\/v2\/product_cat?post=66250"},{"taxonomy":"product_tag","embeddable":true,"href":"https:\/\/newgarden.es\/fr\/wp-json\/wp\/v2\/product_tag?post=66250"}],"curies":[{"name":"wp","href":"https:\/\/api.w.org\/{rel}","templated":true}]}}