{"id":66327,"date":"2024-07-02T11:02:59","date_gmt":"2024-07-02T09:03:06","guid":{"rendered":"https:\/\/newgarden.es\/?post_type=product&#038;p=66327"},"modified":"2024-07-02T12:14:40","modified_gmt":"2024-07-02T10:14:40","slug":"lampe-de-table-gretita-table-solaire","status":"publish","type":"product","link":"https:\/\/newgarden.es\/fr\/shop\/lightdeco-fr\/lampe-de-table-gretita-table-solaire","title":{"rendered":"LAMPE DE TABLE GRETITA TABLE SOLAIRE"},"content":{"rendered":"<section class=\"wpb-content-wrapper\"><p>[vc_row][vc_column][vc_column_text][\/vc_column_text][\/vc_column][\/vc_row][vc_row][vc_column][vc_column_text]Explorez l&#8217;excellence de l&#8217;\u00e9clairage ext\u00e9rieur avec la Gretita Table Solar, une lampe de table qui red\u00e9finit vos soir\u00e9es en plein air. Sa structure \u00e9l\u00e9gante en noir, avec un \u00e9cran et une base en m\u00e9tal, se distingue non seulement par son design attrayant, mais int\u00e8gre \u00e9galement une innovation fonctionnelle. Gr\u00e2ce \u00e0 des modules de base innovants, vous pouvez ajuster la hauteur de la lampe \u00e0 20 cm ou 30 cm, l&#8217;adaptant \u00e0 vos besoins et cr\u00e9ant une exp\u00e9rience d&#8217;\u00e9clairage personnalis\u00e9e. La Gretita Table Solar ne compromet pas le style pour la fonctionnalit\u00e9 : elle est aliment\u00e9e par une batterie avec un c\u00e2ble de chargement de type C et un panneau solaire, fournissant jusqu&#8217;\u00e0 20 heures de lumi\u00e8re chaude de 3000K et 150 lumens. Contr\u00f4lez votre environnement avec trois intensit\u00e9s de lumi\u00e8re, en choisissant entre la poign\u00e9e classique ou la t\u00e9l\u00e9commande incluse pour l&#8217;allumer selon vos pr\u00e9f\u00e9rences. Avec une consommation efficace de 1W, cette lampe n&#8217;\u00e9claire pas seulement vos soir\u00e9es avec facilit\u00e9, mais se distingue \u00e9galement par son respect de l&#8217;environnement. D\u00e9couvrez la polyvalence de l&#8217;\u00e9clairage ext\u00e9rieur avec Gretita, la lampe qui combine design contemporain, efficacit\u00e9 \u00e9nerg\u00e9tique et technologie avanc\u00e9e pour transformer votre espace ext\u00e9rieur en un environnement chaleureux et accueillant.<\/p>\n<ul class=\"tablaTech\">\n<li>\n<div class=\"boxContents no-border\">\n<div class=\"name\"><strong>TAILLE<\/strong><\/div>\n<div class=\"data\">\u00f810 x 30 cm<\/div>\n<\/div>\n<\/li>\n<\/ul>\n<p>[\/vc_column_text][\/vc_column][\/vc_row][vc_row][vc_column width=&#8221;1\/2&#8243;][vc_btn title=&#8221;Fiche technique&#8221; style=&#8221;custom&#8221; custom_background=&#8221;#009bc2&#8243; custom_text=&#8221;#ffffff&#8221; shape=&#8221;square&#8221; el_class=&#8221;btn_descargar_ficha&#8221; link=&#8221;url:https%3A%2F%2Facortar.link%2FBYEYWs|target:_blank|&#8221;][\/vc_column][vc_column width=&#8221;1\/2&#8243;][vc_btn title=&#8221;Manuel d&#8217;instrutions&#8221; style=&#8221;custom&#8221; custom_background=&#8221;#009bc2&#8243; custom_text=&#8221;#ffffff&#8221; shape=&#8221;square&#8221; el_class=&#8221;btn_descargar_ficha&#8221; link=&#8221;url:https%3A%2F%2Facortar.link%2FJRtcdp|target:_blank|&#8221;][\/vc_column][\/vc_row]<\/p>\n<\/section>","protected":false},"excerpt":{"rendered":"<h5>LAMPE DE TABLE GRETITA TABLE SOLAIRE<\/h5>\n","protected":false},"featured_media":66362,"template":"","meta":[],"product_cat":[1695,651,652,754,1590],"product_tag":[653,647,707],"class_list":{"0":"post-66327","1":"product","2":"type-product","3":"status-publish","4":"has-post-thumbnail","6":"product_cat-productos-fr","7":"product_cat-lightdeco-fr","8":"product_cat-lampe-a-cote","9":"product_cat-portables","10":"product_cat-interieur-fr","11":"product_tag-batterie","12":"product_tag-cable-fr","13":"product_tag-sans-fil","15":"first","16":"instock","17":"taxable","18":"shipping-taxable","19":"purchasable","20":"product-type-variable","21":"has-default-attributes"},"yoast_head":"<!-- This site is optimized with the Yoast SEO plugin v24.2 - https:\/\/yoast.com\/wordpress\/plugins\/seo\/ -->\n<title>LAMPE DE TABLE GRETITA TABLE SOLAIRE<\/title>\n<meta name=\"description\" content=\"La lampe de table ext\u00e9rieure qui fusionne design et fonctionnalit\u00e9.\" \/>\n<meta name=\"robots\" content=\"index, follow, max-snippet:-1, max-image-preview:large, max-video-preview:-1\" \/>\n<link rel=\"canonical\" href=\"https:\/\/newgarden.es\/fr\/shop\/lightdeco-fr\/lampe-de-table-gretita-table-solaire\/\" \/>\n<meta property=\"og:locale\" content=\"fr_FR\" \/>\n<meta property=\"og:type\" content=\"article\" \/>\n<meta property=\"og:title\" content=\"LAMPE DE TABLE GRETITA TABLE SOLAIRE\" \/>\n<meta property=\"og:description\" content=\"La lampe de table ext\u00e9rieure qui fusionne design et fonctionnalit\u00e9.\" \/>\n<meta property=\"og:url\" content=\"https:\/\/newgarden.es\/fr\/shop\/lightdeco-fr\/lampe-de-table-gretita-table-solaire\/\" \/>\n<meta property=\"og:site_name\" content=\"Newgarden\" \/>\n<meta property=\"article:modified_time\" content=\"2024-07-02T10:14:40+00:00\" \/>\n<meta property=\"og:image\" content=\"https:\/\/newgarden.es\/wp-content\/uploads\/2024\/07\/GRETITA_TABLE_LAMP_SOLAR_1200X1200-5.jpg\" \/>\n\t<meta property=\"og:image:width\" content=\"1200\" \/>\n\t<meta property=\"og:image:height\" content=\"1200\" \/>\n\t<meta property=\"og:image:type\" content=\"image\/jpeg\" \/>\n<meta name=\"twitter:card\" content=\"summary_large_image\" \/>\n<meta name=\"twitter:label1\" content=\"Dur\u00e9e de lecture estim\u00e9e\" \/>\n\t<meta name=\"twitter:data1\" content=\"2 minutes\" \/>\n<script type=\"application\/ld+json\" class=\"yoast-schema-graph\">{\"@context\":\"https:\/\/schema.org\",\"@graph\":[{\"@type\":\"WebPage\",\"@id\":\"https:\/\/newgarden.es\/fr\/shop\/lightdeco-fr\/lampe-de-table-gretita-table-solaire\/\",\"url\":\"https:\/\/newgarden.es\/fr\/shop\/lightdeco-fr\/lampe-de-table-gretita-table-solaire\/\",\"name\":\"LAMPE DE TABLE GRETITA TABLE SOLAIRE\",\"isPartOf\":{\"@id\":\"https:\/\/newgarden.es\/#website\"},\"primaryImageOfPage\":{\"@id\":\"https:\/\/newgarden.es\/fr\/shop\/lightdeco-fr\/lampe-de-table-gretita-table-solaire\/#primaryimage\"},\"image\":{\"@id\":\"https:\/\/newgarden.es\/fr\/shop\/lightdeco-fr\/lampe-de-table-gretita-table-solaire\/#primaryimage\"},\"thumbnailUrl\":\"https:\/\/newgarden.es\/wp-content\/uploads\/2024\/07\/GRETITA_TABLE_LAMP_SOLAR_1200X1200-5.jpg\",\"datePublished\":\"2024-07-02T09:03:06+00:00\",\"dateModified\":\"2024-07-02T10:14:40+00:00\",\"description\":\"La lampe de table ext\u00e9rieure qui fusionne design et fonctionnalit\u00e9.\",\"breadcrumb\":{\"@id\":\"https:\/\/newgarden.es\/fr\/shop\/lightdeco-fr\/lampe-de-table-gretita-table-solaire\/#breadcrumb\"},\"inLanguage\":\"fr-FR\",\"potentialAction\":[{\"@type\":\"ReadAction\",\"target\":[\"https:\/\/newgarden.es\/fr\/shop\/lightdeco-fr\/lampe-de-table-gretita-table-solaire\/\"]}]},{\"@type\":\"ImageObject\",\"inLanguage\":\"fr-FR\",\"@id\":\"https:\/\/newgarden.es\/fr\/shop\/lightdeco-fr\/lampe-de-table-gretita-table-solaire\/#primaryimage\",\"url\":\"https:\/\/newgarden.es\/wp-content\/uploads\/2024\/07\/GRETITA_TABLE_LAMP_SOLAR_1200X1200-5.jpg\",\"contentUrl\":\"https:\/\/newgarden.es\/wp-content\/uploads\/2024\/07\/GRETITA_TABLE_LAMP_SOLAR_1200X1200-5.jpg\",\"width\":1200,\"height\":1200},{\"@type\":\"BreadcrumbList\",\"@id\":\"https:\/\/newgarden.es\/fr\/shop\/lightdeco-fr\/lampe-de-table-gretita-table-solaire\/#breadcrumb\",\"itemListElement\":[{\"@type\":\"ListItem\",\"position\":1,\"name\":\"Home\",\"item\":\"https:\/\/newgarden.es\/fr\/\"},{\"@type\":\"ListItem\",\"position\":2,\"name\":\"Boutique\",\"item\":\"https:\/\/newgarden.es\/fr\/boutique\/\"},{\"@type\":\"ListItem\",\"position\":3,\"name\":\"LAMPE DE TABLE GRETITA TABLE SOLAIRE\"}]},{\"@type\":\"WebSite\",\"@id\":\"https:\/\/newgarden.es\/#website\",\"url\":\"https:\/\/newgarden.es\/\",\"name\":\"Newgarden\",\"description\":\"Be happy\",\"potentialAction\":[{\"@type\":\"SearchAction\",\"target\":{\"@type\":\"EntryPoint\",\"urlTemplate\":\"https:\/\/newgarden.es\/?s={search_term_string}\"},\"query-input\":{\"@type\":\"PropertyValueSpecification\",\"valueRequired\":true,\"valueName\":\"search_term_string\"}}],\"inLanguage\":\"fr-FR\"}]}<\/script>\n<!-- \/ Yoast SEO plugin. -->","yoast_head_json":{"title":"LAMPE DE TABLE GRETITA TABLE SOLAIRE","description":"La lampe de table ext\u00e9rieure qui fusionne design et fonctionnalit\u00e9.","robots":{"index":"index","follow":"follow","max-snippet":"max-snippet:-1","max-image-preview":"max-image-preview:large","max-video-preview":"max-video-preview:-1"},"canonical":"https:\/\/newgarden.es\/fr\/shop\/lightdeco-fr\/lampe-de-table-gretita-table-solaire\/","og_locale":"fr_FR","og_type":"article","og_title":"LAMPE DE TABLE GRETITA TABLE SOLAIRE","og_description":"La lampe de table ext\u00e9rieure qui fusionne design et fonctionnalit\u00e9.","og_url":"https:\/\/newgarden.es\/fr\/shop\/lightdeco-fr\/lampe-de-table-gretita-table-solaire\/","og_site_name":"Newgarden","article_modified_time":"2024-07-02T10:14:40+00:00","og_image":[{"width":1200,"height":1200,"url":"https:\/\/newgarden.es\/wp-content\/uploads\/2024\/07\/GRETITA_TABLE_LAMP_SOLAR_1200X1200-5.jpg","type":"image\/jpeg"}],"twitter_card":"summary_large_image","twitter_misc":{"Dur\u00e9e de lecture estim\u00e9e":"2 minutes"},"schema":{"@context":"https:\/\/schema.org","@graph":[{"@type":"WebPage","@id":"https:\/\/newgarden.es\/fr\/shop\/lightdeco-fr\/lampe-de-table-gretita-table-solaire\/","url":"https:\/\/newgarden.es\/fr\/shop\/lightdeco-fr\/lampe-de-table-gretita-table-solaire\/","name":"LAMPE DE TABLE GRETITA TABLE SOLAIRE","isPartOf":{"@id":"https:\/\/newgarden.es\/#website"},"primaryImageOfPage":{"@id":"https:\/\/newgarden.es\/fr\/shop\/lightdeco-fr\/lampe-de-table-gretita-table-solaire\/#primaryimage"},"image":{"@id":"https:\/\/newgarden.es\/fr\/shop\/lightdeco-fr\/lampe-de-table-gretita-table-solaire\/#primaryimage"},"thumbnailUrl":"https:\/\/newgarden.es\/wp-content\/uploads\/2024\/07\/GRETITA_TABLE_LAMP_SOLAR_1200X1200-5.jpg","datePublished":"2024-07-02T09:03:06+00:00","dateModified":"2024-07-02T10:14:40+00:00","description":"La lampe de table ext\u00e9rieure qui fusionne design et fonctionnalit\u00e9.","breadcrumb":{"@id":"https:\/\/newgarden.es\/fr\/shop\/lightdeco-fr\/lampe-de-table-gretita-table-solaire\/#breadcrumb"},"inLanguage":"fr-FR","potentialAction":[{"@type":"ReadAction","target":["https:\/\/newgarden.es\/fr\/shop\/lightdeco-fr\/lampe-de-table-gretita-table-solaire\/"]}]},{"@type":"ImageObject","inLanguage":"fr-FR","@id":"https:\/\/newgarden.es\/fr\/shop\/lightdeco-fr\/lampe-de-table-gretita-table-solaire\/#primaryimage","url":"https:\/\/newgarden.es\/wp-content\/uploads\/2024\/07\/GRETITA_TABLE_LAMP_SOLAR_1200X1200-5.jpg","contentUrl":"https:\/\/newgarden.es\/wp-content\/uploads\/2024\/07\/GRETITA_TABLE_LAMP_SOLAR_1200X1200-5.jpg","width":1200,"height":1200},{"@type":"BreadcrumbList","@id":"https:\/\/newgarden.es\/fr\/shop\/lightdeco-fr\/lampe-de-table-gretita-table-solaire\/#breadcrumb","itemListElement":[{"@type":"ListItem","position":1,"name":"Home","item":"https:\/\/newgarden.es\/fr\/"},{"@type":"ListItem","position":2,"name":"Boutique","item":"https:\/\/newgarden.es\/fr\/boutique\/"},{"@type":"ListItem","position":3,"name":"LAMPE DE TABLE GRETITA TABLE SOLAIRE"}]},{"@type":"WebSite","@id":"https:\/\/newgarden.es\/#website","url":"https:\/\/newgarden.es\/","name":"Newgarden","description":"Be happy","potentialAction":[{"@type":"SearchAction","target":{"@type":"EntryPoint","urlTemplate":"https:\/\/newgarden.es\/?s={search_term_string}"},"query-input":{"@type":"PropertyValueSpecification","valueRequired":true,"valueName":"search_term_string"}}],"inLanguage":"fr-FR"}]}},"df_price":169,"df_sale_price":"","df_regular_price":169,"df_image_link":"https:\/\/newgarden.es\/wp-content\/uploads\/2024\/07\/GRETITA_TABLE_LAMP_SOLAR_1200X1200-5-580x400.jpg","_links":{"self":[{"href":"https:\/\/newgarden.es\/fr\/wp-json\/wp\/v2\/product\/66327"}],"collection":[{"href":"https:\/\/newgarden.es\/fr\/wp-json\/wp\/v2\/product"}],"about":[{"href":"https:\/\/newgarden.es\/fr\/wp-json\/wp\/v2\/types\/product"}],"wp:featuredmedia":[{"embeddable":true,"href":"https:\/\/newgarden.es\/fr\/wp-json\/wp\/v2\/media\/66362"}],"wp:attachment":[{"href":"https:\/\/newgarden.es\/fr\/wp-json\/wp\/v2\/media?parent=66327"}],"wp:term":[{"taxonomy":"product_cat","embeddable":true,"href":"https:\/\/newgarden.es\/fr\/wp-json\/wp\/v2\/product_cat?post=66327"},{"taxonomy":"product_tag","embeddable":true,"href":"https:\/\/newgarden.es\/fr\/wp-json\/wp\/v2\/product_tag?post=66327"}],"curies":[{"name":"wp","href":"https:\/\/api.w.org\/{rel}","templated":true}]}}