{"id":66410,"date":"2024-07-02T13:21:05","date_gmt":"2024-07-02T11:21:18","guid":{"rendered":"https:\/\/newgarden.es\/?post_type=product&#038;p=66410"},"modified":"2024-07-02T14:04:53","modified_gmt":"2024-07-02T12:04:53","slug":"lampe-de-table-sans-fil-lola-12-lux","status":"publish","type":"product","link":"https:\/\/newgarden.es\/fr\/lampe-de-table-sans-fil-lola-12-lux","title":{"rendered":"LAMPE DE TABLE SANS FIL LOLA 12 LUX"},"content":{"rendered":"<section class=\"wpb-content-wrapper\"><p>[vc_row][vc_column el_class=&#8221;descripcion_producto&#8221;][vc_column_text]<\/p>\n<p>D\u00e9couvrez la lampe de table LOLA 20 LUX, con\u00e7ue pour rehausser le design \u00e9l\u00e9gant et sophistiqu\u00e9 pour n&#8217;importe quel endroit. Fabriqu\u00e9e en polyamide transparent r\u00e9sistant, cette lampe illumine et devient \u00e9galement une pi\u00e8ce d\u00e9corative unique gr\u00e2ce \u00e0 ses zones miroir. Son design distinctif et \u00e9l\u00e9gant la rend parfaite pour les espaces o\u00f9 l&#8217;on recherche une touche d&#8217;originalit\u00e9 et de style.<\/p>\n<p>LOLA 20 LUX int\u00e8gre un syst\u00e8me d&#8217;\u00e9clairage LED avec une lumi\u00e8re chaude de 3000\u00baK, offrant une atmosph\u00e8re chaleureuse et agr\u00e9able. L&#8217;intensit\u00e9 de la lumi\u00e8re est r\u00e9glable, vous permettant de l&#8217;adapter \u00e0 diff\u00e9rentes occasions et pr\u00e9f\u00e9rences.<\/p>\n<p>Avec une taille compacte de \u00f811 x 20 cm, LOLA 20 LUX est polyvalente et facile \u00e0 int\u00e9grer dans n&#8217;importe quel environnement. Son autonomie impressionnante atteint jusqu&#8217;\u00e0 50 heures, garantissant une utilisation prolong\u00e9e sans soucis. Ce mod\u00e8le en particulier, LOLA, est devenu l&#8217;ic\u00f4ne de la famille de produits Newgarden, \u00e9tant le plus vendu sur le march\u00e9 europ\u00e9en gr\u00e2ce \u00e0 sa forme distinctive qui a s\u00e9duit un public avide de design et de fonctionnalit\u00e9. Illuminez et embellissez vos espaces avec LOLA 20 LUX, le choix parfait pour ceux qui recherchent qualit\u00e9, style et durabilit\u00e9 dans une lampe de table. Charg\u00e9e avec des piles de type C.<\/p>\n<ul>\n<li>\n<div class=\"name\"><strong>TAILLE<\/strong><\/div>\n<div class=\"data\">\u00f86,6 x 12 cm<\/div>\n<\/li>\n<\/ul>\n<p>[\/vc_column_text][\/vc_column][\/vc_row][vc_row disable_element=&#8221;yes&#8221;][vc_column][vc_single_image image=&#8221;6566&#8243; img_size=&#8221;full&#8221;][\/vc_column][\/vc_row][vc_row][vc_column width=&#8221;1\/2&#8243;][vc_btn title=&#8221;<\/p>\n<p>Fiche technique Piles<\/p>\n<p>&#8221; style=&#8221;custom&#8221; custom_background=&#8221;#009bc2&#8243; custom_text=&#8221;#ffffff&#8221; shape=&#8221;square&#8221; link=&#8221;url:%3Cp%3Ehttps%3A%2F%2Facortar.link%2FDFoofQ%3C%2Fp%3E|target:_blank|&#8221; el_class=&#8221;btn_descargar_ficha&#8221;][\/vc_column][vc_column width=&#8221;1\/2&#8243;][vc_btn title=&#8221;<\/p>\n<p>Manuel d&#8217;instrutions Piles<\/p>\n<p>&#8221; style=&#8221;custom&#8221; custom_background=&#8221;#009bc2&#8243; custom_text=&#8221;#ffffff&#8221; shape=&#8221;square&#8221; link=&#8221;url:%3Cp%3Ehttps%3A%2F%2Facortar.link%2FcqQP3x%3C%2Fp%3E|target:_blank|&#8221; el_class=&#8221;btn_descargar_ficha&#8221;][\/vc_column][\/vc_row]<\/p>\n<\/section>","protected":false},"excerpt":{"rendered":"<div dir=\"ltr\">\n<div class=\"input-box\" spellcheck=\"false\">\n<div id=\"waffle-rich-text-editor\" class=\"cell-input editable disabled-input\" dir=\"ltr\" tabindex=\"0\" role=\"combobox\" contenteditable=\"false\" aria-autocomplete=\"list\" aria-label=\"M5\">LAMPE DE TABLE SANS FIL LOLA 12 LUX<\/div>\n<\/div>\n<\/div>\n","protected":false},"featured_media":66426,"template":"","meta":[],"product_cat":[1695,651,652,1223,1590],"product_tag":[653,1224],"class_list":{"0":"post-66410","1":"product","2":"type-product","3":"status-publish","4":"has-post-thumbnail","6":"product_cat-productos-fr","7":"product_cat-lightdeco-fr","8":"product_cat-lampe-a-cote","9":"product_cat-interieur","10":"product_cat-interieur-fr","11":"product_tag-batterie","12":"product_tag-interieur","14":"first","15":"instock","16":"taxable","17":"shipping-taxable","18":"purchasable","19":"product-type-variable","20":"has-default-attributes"},"yoast_head":"<!-- This site is optimized with the Yoast SEO plugin v24.2 - https:\/\/yoast.com\/wordpress\/plugins\/seo\/ -->\n<title>LAMPE DE TABLE LOLA 12 LUX - Newgarden<\/title>\n<meta name=\"description\" content=\"LOLA est consid\u00e9r\u00e9 comme l&#039;ic\u00f4ne de la famille de produits Newgarden. Avec son design unique, il a \u00e9t\u00e9 notre produit le plus vendu sur le march\u00e9.\" \/>\n<meta name=\"robots\" content=\"index, follow, max-snippet:-1, max-image-preview:large, max-video-preview:-1\" \/>\n<link rel=\"canonical\" href=\"https:\/\/newgarden.es\/fr\/lampe-de-table-sans-fil-lola-12-lux\/\" \/>\n<meta property=\"og:locale\" content=\"fr_FR\" \/>\n<meta property=\"og:type\" content=\"article\" \/>\n<meta property=\"og:title\" content=\"LAMPE DE TABLE LOLA 12 LUX - Newgarden\" \/>\n<meta property=\"og:description\" content=\"LOLA est consid\u00e9r\u00e9 comme l&#039;ic\u00f4ne de la famille de produits Newgarden. Avec son design unique, il a \u00e9t\u00e9 notre produit le plus vendu sur le march\u00e9.\" \/>\n<meta property=\"og:url\" content=\"https:\/\/newgarden.es\/fr\/lampe-de-table-sans-fil-lola-12-lux\/\" \/>\n<meta property=\"og:site_name\" content=\"Newgarden\" \/>\n<meta property=\"article:modified_time\" content=\"2024-07-02T12:04:53+00:00\" \/>\n<meta property=\"og:image\" content=\"https:\/\/newgarden.es\/wp-content\/uploads\/2024\/07\/LOLA_12_LUX_1200X1200-1.jpg\" \/>\n\t<meta property=\"og:image:width\" content=\"1200\" \/>\n\t<meta property=\"og:image:height\" content=\"1200\" \/>\n\t<meta property=\"og:image:type\" content=\"image\/jpeg\" \/>\n<meta name=\"twitter:card\" content=\"summary_large_image\" \/>\n<meta name=\"twitter:label1\" content=\"Dur\u00e9e de lecture estim\u00e9e\" \/>\n\t<meta name=\"twitter:data1\" content=\"2 minutes\" \/>\n<script type=\"application\/ld+json\" class=\"yoast-schema-graph\">{\"@context\":\"https:\/\/schema.org\",\"@graph\":[{\"@type\":\"WebPage\",\"@id\":\"https:\/\/newgarden.es\/fr\/lampe-de-table-sans-fil-lola-12-lux\/\",\"url\":\"https:\/\/newgarden.es\/fr\/lampe-de-table-sans-fil-lola-12-lux\/\",\"name\":\"LAMPE DE TABLE LOLA 12 LUX - Newgarden\",\"isPartOf\":{\"@id\":\"https:\/\/newgarden.es\/#website\"},\"primaryImageOfPage\":{\"@id\":\"https:\/\/newgarden.es\/fr\/lampe-de-table-sans-fil-lola-12-lux\/#primaryimage\"},\"image\":{\"@id\":\"https:\/\/newgarden.es\/fr\/lampe-de-table-sans-fil-lola-12-lux\/#primaryimage\"},\"thumbnailUrl\":\"https:\/\/newgarden.es\/wp-content\/uploads\/2024\/07\/LOLA_12_LUX_1200X1200-1.jpg\",\"datePublished\":\"2024-07-02T11:21:18+00:00\",\"dateModified\":\"2024-07-02T12:04:53+00:00\",\"description\":\"LOLA est consid\u00e9r\u00e9 comme l'ic\u00f4ne de la famille de produits Newgarden. Avec son design unique, il a \u00e9t\u00e9 notre produit le plus vendu sur le march\u00e9.\",\"breadcrumb\":{\"@id\":\"https:\/\/newgarden.es\/fr\/lampe-de-table-sans-fil-lola-12-lux\/#breadcrumb\"},\"inLanguage\":\"fr-FR\",\"potentialAction\":[{\"@type\":\"ReadAction\",\"target\":[\"https:\/\/newgarden.es\/fr\/lampe-de-table-sans-fil-lola-12-lux\/\"]}]},{\"@type\":\"ImageObject\",\"inLanguage\":\"fr-FR\",\"@id\":\"https:\/\/newgarden.es\/fr\/lampe-de-table-sans-fil-lola-12-lux\/#primaryimage\",\"url\":\"https:\/\/newgarden.es\/wp-content\/uploads\/2024\/07\/LOLA_12_LUX_1200X1200-1.jpg\",\"contentUrl\":\"https:\/\/newgarden.es\/wp-content\/uploads\/2024\/07\/LOLA_12_LUX_1200X1200-1.jpg\",\"width\":1200,\"height\":1200},{\"@type\":\"BreadcrumbList\",\"@id\":\"https:\/\/newgarden.es\/fr\/lampe-de-table-sans-fil-lola-12-lux\/#breadcrumb\",\"itemListElement\":[{\"@type\":\"ListItem\",\"position\":1,\"name\":\"Home\",\"item\":\"https:\/\/newgarden.es\/fr\/\"},{\"@type\":\"ListItem\",\"position\":2,\"name\":\"Boutique\",\"item\":\"https:\/\/newgarden.es\/fr\/boutique\/\"},{\"@type\":\"ListItem\",\"position\":3,\"name\":\"LAMPE DE TABLE SANS FIL LOLA 12 LUX\"}]},{\"@type\":\"WebSite\",\"@id\":\"https:\/\/newgarden.es\/#website\",\"url\":\"https:\/\/newgarden.es\/\",\"name\":\"Newgarden\",\"description\":\"Be happy\",\"potentialAction\":[{\"@type\":\"SearchAction\",\"target\":{\"@type\":\"EntryPoint\",\"urlTemplate\":\"https:\/\/newgarden.es\/?s={search_term_string}\"},\"query-input\":{\"@type\":\"PropertyValueSpecification\",\"valueRequired\":true,\"valueName\":\"search_term_string\"}}],\"inLanguage\":\"fr-FR\"}]}<\/script>\n<!-- \/ Yoast SEO plugin. -->","yoast_head_json":{"title":"LAMPE DE TABLE LOLA 12 LUX - Newgarden","description":"LOLA est consid\u00e9r\u00e9 comme l'ic\u00f4ne de la famille de produits Newgarden. Avec son design unique, il a \u00e9t\u00e9 notre produit le plus vendu sur le march\u00e9.","robots":{"index":"index","follow":"follow","max-snippet":"max-snippet:-1","max-image-preview":"max-image-preview:large","max-video-preview":"max-video-preview:-1"},"canonical":"https:\/\/newgarden.es\/fr\/lampe-de-table-sans-fil-lola-12-lux\/","og_locale":"fr_FR","og_type":"article","og_title":"LAMPE DE TABLE LOLA 12 LUX - Newgarden","og_description":"LOLA est consid\u00e9r\u00e9 comme l'ic\u00f4ne de la famille de produits Newgarden. Avec son design unique, il a \u00e9t\u00e9 notre produit le plus vendu sur le march\u00e9.","og_url":"https:\/\/newgarden.es\/fr\/lampe-de-table-sans-fil-lola-12-lux\/","og_site_name":"Newgarden","article_modified_time":"2024-07-02T12:04:53+00:00","og_image":[{"width":1200,"height":1200,"url":"https:\/\/newgarden.es\/wp-content\/uploads\/2024\/07\/LOLA_12_LUX_1200X1200-1.jpg","type":"image\/jpeg"}],"twitter_card":"summary_large_image","twitter_misc":{"Dur\u00e9e de lecture estim\u00e9e":"2 minutes"},"schema":{"@context":"https:\/\/schema.org","@graph":[{"@type":"WebPage","@id":"https:\/\/newgarden.es\/fr\/lampe-de-table-sans-fil-lola-12-lux\/","url":"https:\/\/newgarden.es\/fr\/lampe-de-table-sans-fil-lola-12-lux\/","name":"LAMPE DE TABLE LOLA 12 LUX - Newgarden","isPartOf":{"@id":"https:\/\/newgarden.es\/#website"},"primaryImageOfPage":{"@id":"https:\/\/newgarden.es\/fr\/lampe-de-table-sans-fil-lola-12-lux\/#primaryimage"},"image":{"@id":"https:\/\/newgarden.es\/fr\/lampe-de-table-sans-fil-lola-12-lux\/#primaryimage"},"thumbnailUrl":"https:\/\/newgarden.es\/wp-content\/uploads\/2024\/07\/LOLA_12_LUX_1200X1200-1.jpg","datePublished":"2024-07-02T11:21:18+00:00","dateModified":"2024-07-02T12:04:53+00:00","description":"LOLA est consid\u00e9r\u00e9 comme l'ic\u00f4ne de la famille de produits Newgarden. Avec son design unique, il a \u00e9t\u00e9 notre produit le plus vendu sur le march\u00e9.","breadcrumb":{"@id":"https:\/\/newgarden.es\/fr\/lampe-de-table-sans-fil-lola-12-lux\/#breadcrumb"},"inLanguage":"fr-FR","potentialAction":[{"@type":"ReadAction","target":["https:\/\/newgarden.es\/fr\/lampe-de-table-sans-fil-lola-12-lux\/"]}]},{"@type":"ImageObject","inLanguage":"fr-FR","@id":"https:\/\/newgarden.es\/fr\/lampe-de-table-sans-fil-lola-12-lux\/#primaryimage","url":"https:\/\/newgarden.es\/wp-content\/uploads\/2024\/07\/LOLA_12_LUX_1200X1200-1.jpg","contentUrl":"https:\/\/newgarden.es\/wp-content\/uploads\/2024\/07\/LOLA_12_LUX_1200X1200-1.jpg","width":1200,"height":1200},{"@type":"BreadcrumbList","@id":"https:\/\/newgarden.es\/fr\/lampe-de-table-sans-fil-lola-12-lux\/#breadcrumb","itemListElement":[{"@type":"ListItem","position":1,"name":"Home","item":"https:\/\/newgarden.es\/fr\/"},{"@type":"ListItem","position":2,"name":"Boutique","item":"https:\/\/newgarden.es\/fr\/boutique\/"},{"@type":"ListItem","position":3,"name":"LAMPE DE TABLE SANS FIL LOLA 12 LUX"}]},{"@type":"WebSite","@id":"https:\/\/newgarden.es\/#website","url":"https:\/\/newgarden.es\/","name":"Newgarden","description":"Be happy","potentialAction":[{"@type":"SearchAction","target":{"@type":"EntryPoint","urlTemplate":"https:\/\/newgarden.es\/?s={search_term_string}"},"query-input":{"@type":"PropertyValueSpecification","valueRequired":true,"valueName":"search_term_string"}}],"inLanguage":"fr-FR"}]}},"df_price":15.4,"df_sale_price":"","df_regular_price":15.4,"df_image_link":"https:\/\/newgarden.es\/wp-content\/uploads\/2024\/07\/LOLA_12_LUX_1200X1200-1-580x400.jpg","_links":{"self":[{"href":"https:\/\/newgarden.es\/fr\/wp-json\/wp\/v2\/product\/66410"}],"collection":[{"href":"https:\/\/newgarden.es\/fr\/wp-json\/wp\/v2\/product"}],"about":[{"href":"https:\/\/newgarden.es\/fr\/wp-json\/wp\/v2\/types\/product"}],"wp:featuredmedia":[{"embeddable":true,"href":"https:\/\/newgarden.es\/fr\/wp-json\/wp\/v2\/media\/66426"}],"wp:attachment":[{"href":"https:\/\/newgarden.es\/fr\/wp-json\/wp\/v2\/media?parent=66410"}],"wp:term":[{"taxonomy":"product_cat","embeddable":true,"href":"https:\/\/newgarden.es\/fr\/wp-json\/wp\/v2\/product_cat?post=66410"},{"taxonomy":"product_tag","embeddable":true,"href":"https:\/\/newgarden.es\/fr\/wp-json\/wp\/v2\/product_tag?post=66410"}],"curies":[{"name":"wp","href":"https:\/\/api.w.org\/{rel}","templated":true}]}}