{"id":66489,"date":"2024-07-04T09:18:20","date_gmt":"2024-07-04T07:18:30","guid":{"rendered":"https:\/\/newgarden.es\/?post_type=product&#038;p=66489"},"modified":"2024-07-04T10:45:26","modified_gmt":"2024-07-04T08:45:26","slug":"lampe-de-table-sans-fil-maia","status":"publish","type":"product","link":"https:\/\/newgarden.es\/fr\/lampe-de-table-sans-fil-maia","title":{"rendered":"LAMPE DE TABLE SANS FIL MAIA"},"content":{"rendered":"<section class=\"wpb-content-wrapper\"><p>[vc_row][vc_column][vc_column_text][\/vc_column_text][\/vc_column][\/vc_row][vc_row][vc_column][vc_column_text]D\u00e9couvrez Maia, la lampe d&rsquo;ext\u00e9rieur portable qui red\u00e9finit l&rsquo;\u00e9clairage ext\u00e9rieur. Son design moderne et pratique se caract\u00e9rise par des finitions lisses et des couleurs tendance. Comme il s&rsquo;agit d&rsquo;une lampe portable, vous pouvez l&#8217;emporter dans n&rsquo;importe quel coin de votre espace ext\u00e9rieur, cr\u00e9ant ainsi une atmosph\u00e8re unique et chaleureuse dans votre jardin.<\/p>\n<p>Elle se distingue par sa lumi\u00e8re blanche chaude (3000K) ou froide (6000K) de 100 lumens et sa lumi\u00e8re RVB de diff\u00e9rentes couleurs pour cr\u00e9er une atmosph\u00e8re personnelle dans n&rsquo;importe quel espace.<\/p>\n<p>Sa batterie peut \u00eatre recharg\u00e9e via un c\u00e2ble USB &#8211; Type C ou via la base de chargement sp\u00e9cialement con\u00e7ue pour Maia ; il suffit de placer la lampe sur la connexion de la base, sans avoir besoin de c\u00e2bles et en la rendant facile \u00e0 utiliser n&rsquo;importe o\u00f9. * Il suffit de placer la lampe sur la base de connexion, sans avoir besoin de c\u00e2bles, ce qui permet de l&rsquo;utiliser partout.<\/p>\n<p>D\u00e9couvrez la r\u00e9volution de l&rsquo;\u00e9clairage ext\u00e9rieur avec Maia, une lampe qui allie design moderne, efficacit\u00e9 \u00e9nerg\u00e9tique et fonctionnalit\u00e9 avanc\u00e9e pour transformer vos soir\u00e9es en plein air.<\/p>\n<p>Maia est disponible en deux couleurs : Brass et Space Grey.<\/p>\n<p><strong>TAILLE<\/strong><br \/>\n\u00f89 x 19 cm<br \/>\n[\/vc_column_text][\/vc_column][\/vc_row][vc_row][vc_column width=\u00a0\u00bb1\/2&Prime;][vc_btn title=\u00a0\u00bbFICHE TECHNIQUE LAITON ET GRIS ESPACE\u00a0\u00bb style=\u00a0\u00bbcustom\u00a0\u00bb custom_background=\u00a0\u00bb#009bc2&Prime; custom_text=\u00a0\u00bb#ffffff\u00a0\u00bb shape=\u00a0\u00bbsquare\u00a0\u00bb link=\u00a0\u00bburl:https%3A%2F%2Facortar.link%2FhSaxMa|target:_blank|\u00a0\u00bb el_class=\u00a0\u00bbbtn_descargar_ficha\u00a0\u00bb][\/vc_column][vc_column width=\u00a0\u00bb1\/2&Prime;][vc_btn title=\u00a0\u00bbManuel d&rsquo;instrutions\u00a0\u00bb style=\u00a0\u00bbcustom\u00a0\u00bb custom_background=\u00a0\u00bb#009bc2&Prime; custom_text=\u00a0\u00bb#ffffff\u00a0\u00bb shape=\u00a0\u00bbsquare\u00a0\u00bb link=\u00a0\u00bburl:https%3A%2F%2Facortar.link%2F2ZFcua|target:_blank|\u00a0\u00bb el_class=\u00a0\u00bbbtn_descargar_ficha\u00a0\u00bb][\/vc_column][vc_column][\/vc_column][\/vc_row]<\/p>\n<\/section>","protected":false},"excerpt":{"rendered":"<h6>LAMPE DE TABLE SANS FIL MAIA<\/h6>\n","protected":false},"featured_media":66515,"template":"","meta":[],"product_cat":[651,754],"product_tag":[653,707],"class_list":{"0":"post-66489","1":"product","2":"type-product","3":"status-publish","4":"has-post-thumbnail","6":"product_cat-lightdeco-fr","7":"product_cat-portables","8":"product_tag-batterie","9":"product_tag-sans-fil","11":"first","12":"instock","13":"taxable","14":"shipping-taxable","15":"purchasable","16":"product-type-variable"},"yoast_head":"<!-- This site is optimized with the Yoast SEO plugin v24.2 - https:\/\/yoast.com\/wordpress\/plugins\/seo\/ -->\n<title>AMPOULE PORTABLE RECHARGEABLE CHERRY<\/title>\n<meta name=\"description\" content=\"La lampe de table qui transforme vos d\u00eeners en exp\u00e9riences m\u00e9morables.\" \/>\n<meta name=\"robots\" content=\"index, follow, max-snippet:-1, max-image-preview:large, max-video-preview:-1\" \/>\n<link rel=\"canonical\" href=\"https:\/\/newgarden.es\/fr\/lampe-de-table-sans-fil-maia\/\" \/>\n<meta property=\"og:locale\" content=\"fr_FR\" \/>\n<meta property=\"og:type\" content=\"article\" \/>\n<meta property=\"og:title\" content=\"AMPOULE PORTABLE RECHARGEABLE CHERRY\" \/>\n<meta property=\"og:description\" content=\"La lampe de table qui transforme vos d\u00eeners en exp\u00e9riences m\u00e9morables.\" \/>\n<meta property=\"og:url\" content=\"https:\/\/newgarden.es\/fr\/lampe-de-table-sans-fil-maia\/\" \/>\n<meta property=\"og:site_name\" content=\"Newgarden\" \/>\n<meta property=\"article:modified_time\" content=\"2024-07-04T08:45:26+00:00\" \/>\n<meta property=\"og:image\" content=\"https:\/\/newgarden.es\/wp-content\/uploads\/2024\/07\/Mesa-de-trabajo-30-copia-copia-1024x1024.png\" \/>\n\t<meta property=\"og:image:width\" content=\"1024\" \/>\n\t<meta property=\"og:image:height\" content=\"1024\" \/>\n\t<meta property=\"og:image:type\" content=\"image\/png\" \/>\n<meta name=\"twitter:card\" content=\"summary_large_image\" \/>\n<meta name=\"twitter:label1\" content=\"Dur\u00e9e de lecture estim\u00e9e\" \/>\n\t<meta name=\"twitter:data1\" content=\"2 minutes\" \/>\n<script type=\"application\/ld+json\" class=\"yoast-schema-graph\">{\"@context\":\"https:\/\/schema.org\",\"@graph\":[{\"@type\":\"WebPage\",\"@id\":\"https:\/\/newgarden.es\/fr\/lampe-de-table-sans-fil-maia\/\",\"url\":\"https:\/\/newgarden.es\/fr\/lampe-de-table-sans-fil-maia\/\",\"name\":\"AMPOULE PORTABLE RECHARGEABLE CHERRY\",\"isPartOf\":{\"@id\":\"https:\/\/newgarden.es\/#website\"},\"primaryImageOfPage\":{\"@id\":\"https:\/\/newgarden.es\/fr\/lampe-de-table-sans-fil-maia\/#primaryimage\"},\"image\":{\"@id\":\"https:\/\/newgarden.es\/fr\/lampe-de-table-sans-fil-maia\/#primaryimage\"},\"thumbnailUrl\":\"https:\/\/newgarden.es\/wp-content\/uploads\/2024\/07\/Mesa-de-trabajo-30-copia-copia.png\",\"datePublished\":\"2024-07-04T07:18:30+00:00\",\"dateModified\":\"2024-07-04T08:45:26+00:00\",\"description\":\"La lampe de table qui transforme vos d\u00eeners en exp\u00e9riences m\u00e9morables.\",\"breadcrumb\":{\"@id\":\"https:\/\/newgarden.es\/fr\/lampe-de-table-sans-fil-maia\/#breadcrumb\"},\"inLanguage\":\"fr-FR\",\"potentialAction\":[{\"@type\":\"ReadAction\",\"target\":[\"https:\/\/newgarden.es\/fr\/lampe-de-table-sans-fil-maia\/\"]}]},{\"@type\":\"ImageObject\",\"inLanguage\":\"fr-FR\",\"@id\":\"https:\/\/newgarden.es\/fr\/lampe-de-table-sans-fil-maia\/#primaryimage\",\"url\":\"https:\/\/newgarden.es\/wp-content\/uploads\/2024\/07\/Mesa-de-trabajo-30-copia-copia.png\",\"contentUrl\":\"https:\/\/newgarden.es\/wp-content\/uploads\/2024\/07\/Mesa-de-trabajo-30-copia-copia.png\",\"width\":1200,\"height\":1200},{\"@type\":\"BreadcrumbList\",\"@id\":\"https:\/\/newgarden.es\/fr\/lampe-de-table-sans-fil-maia\/#breadcrumb\",\"itemListElement\":[{\"@type\":\"ListItem\",\"position\":1,\"name\":\"Home\",\"item\":\"https:\/\/newgarden.es\/fr\/\"},{\"@type\":\"ListItem\",\"position\":2,\"name\":\"Boutique\",\"item\":\"https:\/\/newgarden.es\/fr\/boutique\/\"},{\"@type\":\"ListItem\",\"position\":3,\"name\":\"LAMPE DE TABLE SANS FIL MAIA\"}]},{\"@type\":\"WebSite\",\"@id\":\"https:\/\/newgarden.es\/#website\",\"url\":\"https:\/\/newgarden.es\/\",\"name\":\"Newgarden\",\"description\":\"Be happy\",\"potentialAction\":[{\"@type\":\"SearchAction\",\"target\":{\"@type\":\"EntryPoint\",\"urlTemplate\":\"https:\/\/newgarden.es\/?s={search_term_string}\"},\"query-input\":{\"@type\":\"PropertyValueSpecification\",\"valueRequired\":true,\"valueName\":\"search_term_string\"}}],\"inLanguage\":\"fr-FR\"}]}<\/script>\n<!-- \/ Yoast SEO plugin. -->","yoast_head_json":{"title":"AMPOULE PORTABLE RECHARGEABLE CHERRY","description":"La lampe de table qui transforme vos d\u00eeners en exp\u00e9riences m\u00e9morables.","robots":{"index":"index","follow":"follow","max-snippet":"max-snippet:-1","max-image-preview":"max-image-preview:large","max-video-preview":"max-video-preview:-1"},"canonical":"https:\/\/newgarden.es\/fr\/lampe-de-table-sans-fil-maia\/","og_locale":"fr_FR","og_type":"article","og_title":"AMPOULE PORTABLE RECHARGEABLE CHERRY","og_description":"La lampe de table qui transforme vos d\u00eeners en exp\u00e9riences m\u00e9morables.","og_url":"https:\/\/newgarden.es\/fr\/lampe-de-table-sans-fil-maia\/","og_site_name":"Newgarden","article_modified_time":"2024-07-04T08:45:26+00:00","og_image":[{"width":1024,"height":1024,"url":"https:\/\/newgarden.es\/wp-content\/uploads\/2024\/07\/Mesa-de-trabajo-30-copia-copia-1024x1024.png","type":"image\/png"}],"twitter_card":"summary_large_image","twitter_misc":{"Dur\u00e9e de lecture estim\u00e9e":"2 minutes"},"schema":{"@context":"https:\/\/schema.org","@graph":[{"@type":"WebPage","@id":"https:\/\/newgarden.es\/fr\/lampe-de-table-sans-fil-maia\/","url":"https:\/\/newgarden.es\/fr\/lampe-de-table-sans-fil-maia\/","name":"AMPOULE PORTABLE RECHARGEABLE CHERRY","isPartOf":{"@id":"https:\/\/newgarden.es\/#website"},"primaryImageOfPage":{"@id":"https:\/\/newgarden.es\/fr\/lampe-de-table-sans-fil-maia\/#primaryimage"},"image":{"@id":"https:\/\/newgarden.es\/fr\/lampe-de-table-sans-fil-maia\/#primaryimage"},"thumbnailUrl":"https:\/\/newgarden.es\/wp-content\/uploads\/2024\/07\/Mesa-de-trabajo-30-copia-copia.png","datePublished":"2024-07-04T07:18:30+00:00","dateModified":"2024-07-04T08:45:26+00:00","description":"La lampe de table qui transforme vos d\u00eeners en exp\u00e9riences m\u00e9morables.","breadcrumb":{"@id":"https:\/\/newgarden.es\/fr\/lampe-de-table-sans-fil-maia\/#breadcrumb"},"inLanguage":"fr-FR","potentialAction":[{"@type":"ReadAction","target":["https:\/\/newgarden.es\/fr\/lampe-de-table-sans-fil-maia\/"]}]},{"@type":"ImageObject","inLanguage":"fr-FR","@id":"https:\/\/newgarden.es\/fr\/lampe-de-table-sans-fil-maia\/#primaryimage","url":"https:\/\/newgarden.es\/wp-content\/uploads\/2024\/07\/Mesa-de-trabajo-30-copia-copia.png","contentUrl":"https:\/\/newgarden.es\/wp-content\/uploads\/2024\/07\/Mesa-de-trabajo-30-copia-copia.png","width":1200,"height":1200},{"@type":"BreadcrumbList","@id":"https:\/\/newgarden.es\/fr\/lampe-de-table-sans-fil-maia\/#breadcrumb","itemListElement":[{"@type":"ListItem","position":1,"name":"Home","item":"https:\/\/newgarden.es\/fr\/"},{"@type":"ListItem","position":2,"name":"Boutique","item":"https:\/\/newgarden.es\/fr\/boutique\/"},{"@type":"ListItem","position":3,"name":"LAMPE DE TABLE SANS FIL MAIA"}]},{"@type":"WebSite","@id":"https:\/\/newgarden.es\/#website","url":"https:\/\/newgarden.es\/","name":"Newgarden","description":"Be happy","potentialAction":[{"@type":"SearchAction","target":{"@type":"EntryPoint","urlTemplate":"https:\/\/newgarden.es\/?s={search_term_string}"},"query-input":{"@type":"PropertyValueSpecification","valueRequired":true,"valueName":"search_term_string"}}],"inLanguage":"fr-FR"}]}},"df_price":42.7,"df_sale_price":"","df_regular_price":42.7,"df_image_link":"https:\/\/newgarden.es\/wp-content\/uploads\/2024\/07\/Mesa-de-trabajo-30-copia-copia-580x400.png","_links":{"self":[{"href":"https:\/\/newgarden.es\/fr\/wp-json\/wp\/v2\/product\/66489"}],"collection":[{"href":"https:\/\/newgarden.es\/fr\/wp-json\/wp\/v2\/product"}],"about":[{"href":"https:\/\/newgarden.es\/fr\/wp-json\/wp\/v2\/types\/product"}],"wp:featuredmedia":[{"embeddable":true,"href":"https:\/\/newgarden.es\/fr\/wp-json\/wp\/v2\/media\/66515"}],"wp:attachment":[{"href":"https:\/\/newgarden.es\/fr\/wp-json\/wp\/v2\/media?parent=66489"}],"wp:term":[{"taxonomy":"product_cat","embeddable":true,"href":"https:\/\/newgarden.es\/fr\/wp-json\/wp\/v2\/product_cat?post=66489"},{"taxonomy":"product_tag","embeddable":true,"href":"https:\/\/newgarden.es\/fr\/wp-json\/wp\/v2\/product_tag?post=66489"}],"curies":[{"name":"wp","href":"https:\/\/api.w.org\/{rel}","templated":true}]}}