{"id":66571,"date":"2024-07-04T10:57:10","date_gmt":"2024-07-04T08:57:17","guid":{"rendered":"https:\/\/newgarden.es\/?post_type=product&#038;p=66571"},"modified":"2024-07-04T11:47:17","modified_gmt":"2024-07-04T09:47:17","slug":"lampe-de-table-jack-lux","status":"publish","type":"product","link":"https:\/\/newgarden.es\/fr\/lampe-de-table-jack-lux","title":{"rendered":"LAMPE DE TABLE JACK LUX"},"content":{"rendered":"<section class=\"wpb-content-wrapper\"><p>[vc_row][vc_column el_class=&#8221;descripcion_producto&#8221;][vc_column_text]Transformez vos soir\u00e9es en plein air avec la lampe de table JACK LUX, une fusion parfaite entre un design \u00e9l\u00e9gant et une fonctionnalit\u00e9 avanc\u00e9e. Inspir\u00e9e d&#8217;une bougie, son design imite l&#8217;aspect du verre grav\u00e9, cr\u00e9ant une lueur chaleureuse et accueillante dans votre espace ext\u00e9rieur. Avec ses modes effet bougie et lumi\u00e8re fixe, Jack Lux vous permet de personnaliser la pi\u00e8ce en fonction de vos besoins ;<\/p>\n<p>Cette lampe portable est \u00e9quip\u00e9e d&#8217;une batterie rechargeable et d&#8217;un c\u00e2ble de chargement de type C. Elle constitue une source de lumi\u00e8re durable et efficace. Elle dispose de deux temp\u00e9ratures de couleur : 2200K pour imiter l&#8217;effet bougie et 3000K pour une lumi\u00e8re chaude et naturelle, ce qui permet d&#8217;adapter l&#8217;\u00e9clairage \u00e0 chaque occasion.<\/p>\n<p>Combinez-la avec les lampes de table LOLA 12 LUX et LOLA 20 LUX. Donnez du style et de la sophistication \u00e0 vos soir\u00e9es et cr\u00e9ez des moments inoubliables en toute occasion.<\/p>\n<p>Les produits Jack sont fabriqu\u00e9s dans un plastique super r\u00e9sistant qui imite le verre.<\/p>\n<p>Disponibles en 2 tailles :<\/p>\n<p><strong>TAILLE<\/strong><br \/>\n\u00f89,4 x 10 cm<br \/>\n<strong>TAILLE<\/strong><br \/>\n\u00f89,4 x 20 cm<br \/>\n[\/vc_column_text][\/vc_column][\/vc_row][vc_row disable_element=&#8221;yes&#8221;][vc_column][vc_single_image image=&#8221;6566&#8243; img_size=&#8221;full&#8221;][\/vc_column][\/vc_row][vc_row][vc_column width=&#8221;1\/2&#8243;][vc_btn title=&#8221;FICHE TECHNIQUE JACK 10&#8243; style=&#8221;custom&#8221; custom_background=&#8221;#009bc2&#8243; custom_text=&#8221;#ffffff&#8221; shape=&#8221;square&#8221; link=&#8221;url:https%3A%2F%2Facortar.link%2FVQtPUe|target:_blank|&#8221; el_class=&#8221;btn_descargar_ficha&#8221;][vc_btn title=&#8221;FICHE TECHNIQUE JACK 20&#8243; style=&#8221;custom&#8221; custom_background=&#8221;#009bc2&#8243; custom_text=&#8221;#ffffff&#8221; shape=&#8221;square&#8221; link=&#8221;url:https%3A%2F%2Facortar.link%2FcQVKCi|target:_blank|&#8221; el_class=&#8221;btn_descargar_ficha&#8221;][\/vc_column][vc_column width=&#8221;1\/2&#8243;][vc_btn title=&#8221;Manuel d&#8217;instrutions&#8221; style=&#8221;custom&#8221; custom_background=&#8221;#009bc2&#8243; custom_text=&#8221;#ffffff&#8221; shape=&#8221;square&#8221; link=&#8221;url:https%3A%2F%2Facortar.link%2FnQNU4S|target:_blank|&#8221; el_class=&#8221;btn_descargar_ficha&#8221;][\/vc_column][\/vc_row]<\/p>\n<\/section>","protected":false},"excerpt":{"rendered":"<h1 style=\"font-size: 12px;\">LAMPE DE TABLE JACK LUX<\/h1>\n","protected":false},"featured_media":66596,"template":"","meta":[],"product_cat":[1695,651,652,1223,1590],"product_tag":[653,1224],"class_list":{"0":"post-66571","1":"product","2":"type-product","3":"status-publish","4":"has-post-thumbnail","6":"product_cat-productos-fr","7":"product_cat-lightdeco-fr","8":"product_cat-lampe-a-cote","9":"product_cat-interieur","10":"product_cat-interieur-fr","11":"product_tag-batterie","12":"product_tag-interieur","14":"first","15":"instock","16":"taxable","17":"shipping-taxable","18":"purchasable","19":"product-type-variable"},"yoast_head":"<!-- This site is optimized with the Yoast SEO plugin v24.2 - https:\/\/yoast.com\/wordpress\/plugins\/seo\/ -->\n<title>LAMPE DE TABLE JACK LUX<\/title>\n<meta name=\"description\" content=\"Transformez vos soir\u00e9es en plein air avec la lampe de table JACK LUX, une fusion parfaite entre un design \u00e9l\u00e9gant et une fonctionnalit\u00e9 avanc\u00e9e.\" \/>\n<meta name=\"robots\" content=\"index, follow, max-snippet:-1, max-image-preview:large, max-video-preview:-1\" \/>\n<link rel=\"canonical\" href=\"https:\/\/newgarden.es\/fr\/lampe-de-table-jack-lux\/\" \/>\n<meta property=\"og:locale\" content=\"fr_FR\" \/>\n<meta property=\"og:type\" content=\"article\" \/>\n<meta property=\"og:title\" content=\"LAMPE DE TABLE JACK LUX\" \/>\n<meta property=\"og:description\" content=\"Transformez vos soir\u00e9es en plein air avec la lampe de table JACK LUX, une fusion parfaite entre un design \u00e9l\u00e9gant et une fonctionnalit\u00e9 avanc\u00e9e.\" \/>\n<meta property=\"og:url\" content=\"https:\/\/newgarden.es\/fr\/lampe-de-table-jack-lux\/\" \/>\n<meta property=\"og:site_name\" content=\"Newgarden\" \/>\n<meta property=\"article:modified_time\" content=\"2024-07-04T09:47:17+00:00\" \/>\n<meta property=\"og:image\" content=\"https:\/\/newgarden.es\/wp-content\/uploads\/2024\/07\/JACK_WEB-3.jpg\" \/>\n\t<meta property=\"og:image:width\" content=\"1200\" \/>\n\t<meta property=\"og:image:height\" content=\"1200\" \/>\n\t<meta property=\"og:image:type\" content=\"image\/jpeg\" \/>\n<meta name=\"twitter:card\" content=\"summary_large_image\" \/>\n<meta name=\"twitter:label1\" content=\"Dur\u00e9e de lecture estim\u00e9e\" \/>\n\t<meta name=\"twitter:data1\" content=\"2 minutes\" \/>\n<script type=\"application\/ld+json\" class=\"yoast-schema-graph\">{\"@context\":\"https:\/\/schema.org\",\"@graph\":[{\"@type\":\"WebPage\",\"@id\":\"https:\/\/newgarden.es\/fr\/lampe-de-table-jack-lux\/\",\"url\":\"https:\/\/newgarden.es\/fr\/lampe-de-table-jack-lux\/\",\"name\":\"LAMPE DE TABLE JACK LUX\",\"isPartOf\":{\"@id\":\"https:\/\/newgarden.es\/#website\"},\"primaryImageOfPage\":{\"@id\":\"https:\/\/newgarden.es\/fr\/lampe-de-table-jack-lux\/#primaryimage\"},\"image\":{\"@id\":\"https:\/\/newgarden.es\/fr\/lampe-de-table-jack-lux\/#primaryimage\"},\"thumbnailUrl\":\"https:\/\/newgarden.es\/wp-content\/uploads\/2024\/07\/JACK_WEB-3.jpg\",\"datePublished\":\"2024-07-04T08:57:17+00:00\",\"dateModified\":\"2024-07-04T09:47:17+00:00\",\"description\":\"Transformez vos soir\u00e9es en plein air avec la lampe de table JACK LUX, une fusion parfaite entre un design \u00e9l\u00e9gant et une fonctionnalit\u00e9 avanc\u00e9e.\",\"breadcrumb\":{\"@id\":\"https:\/\/newgarden.es\/fr\/lampe-de-table-jack-lux\/#breadcrumb\"},\"inLanguage\":\"fr-FR\",\"potentialAction\":[{\"@type\":\"ReadAction\",\"target\":[\"https:\/\/newgarden.es\/fr\/lampe-de-table-jack-lux\/\"]}]},{\"@type\":\"ImageObject\",\"inLanguage\":\"fr-FR\",\"@id\":\"https:\/\/newgarden.es\/fr\/lampe-de-table-jack-lux\/#primaryimage\",\"url\":\"https:\/\/newgarden.es\/wp-content\/uploads\/2024\/07\/JACK_WEB-3.jpg\",\"contentUrl\":\"https:\/\/newgarden.es\/wp-content\/uploads\/2024\/07\/JACK_WEB-3.jpg\",\"width\":1200,\"height\":1200},{\"@type\":\"BreadcrumbList\",\"@id\":\"https:\/\/newgarden.es\/fr\/lampe-de-table-jack-lux\/#breadcrumb\",\"itemListElement\":[{\"@type\":\"ListItem\",\"position\":1,\"name\":\"Home\",\"item\":\"https:\/\/newgarden.es\/fr\/\"},{\"@type\":\"ListItem\",\"position\":2,\"name\":\"Boutique\",\"item\":\"https:\/\/newgarden.es\/fr\/boutique\/\"},{\"@type\":\"ListItem\",\"position\":3,\"name\":\"LAMPE DE TABLE JACK LUX\"}]},{\"@type\":\"WebSite\",\"@id\":\"https:\/\/newgarden.es\/#website\",\"url\":\"https:\/\/newgarden.es\/\",\"name\":\"Newgarden\",\"description\":\"Be happy\",\"potentialAction\":[{\"@type\":\"SearchAction\",\"target\":{\"@type\":\"EntryPoint\",\"urlTemplate\":\"https:\/\/newgarden.es\/?s={search_term_string}\"},\"query-input\":{\"@type\":\"PropertyValueSpecification\",\"valueRequired\":true,\"valueName\":\"search_term_string\"}}],\"inLanguage\":\"fr-FR\"}]}<\/script>\n<!-- \/ Yoast SEO plugin. -->","yoast_head_json":{"title":"LAMPE DE TABLE JACK LUX","description":"Transformez vos soir\u00e9es en plein air avec la lampe de table JACK LUX, une fusion parfaite entre un design \u00e9l\u00e9gant et une fonctionnalit\u00e9 avanc\u00e9e.","robots":{"index":"index","follow":"follow","max-snippet":"max-snippet:-1","max-image-preview":"max-image-preview:large","max-video-preview":"max-video-preview:-1"},"canonical":"https:\/\/newgarden.es\/fr\/lampe-de-table-jack-lux\/","og_locale":"fr_FR","og_type":"article","og_title":"LAMPE DE TABLE JACK LUX","og_description":"Transformez vos soir\u00e9es en plein air avec la lampe de table JACK LUX, une fusion parfaite entre un design \u00e9l\u00e9gant et une fonctionnalit\u00e9 avanc\u00e9e.","og_url":"https:\/\/newgarden.es\/fr\/lampe-de-table-jack-lux\/","og_site_name":"Newgarden","article_modified_time":"2024-07-04T09:47:17+00:00","og_image":[{"width":1200,"height":1200,"url":"https:\/\/newgarden.es\/wp-content\/uploads\/2024\/07\/JACK_WEB-3.jpg","type":"image\/jpeg"}],"twitter_card":"summary_large_image","twitter_misc":{"Dur\u00e9e de lecture estim\u00e9e":"2 minutes"},"schema":{"@context":"https:\/\/schema.org","@graph":[{"@type":"WebPage","@id":"https:\/\/newgarden.es\/fr\/lampe-de-table-jack-lux\/","url":"https:\/\/newgarden.es\/fr\/lampe-de-table-jack-lux\/","name":"LAMPE DE TABLE JACK LUX","isPartOf":{"@id":"https:\/\/newgarden.es\/#website"},"primaryImageOfPage":{"@id":"https:\/\/newgarden.es\/fr\/lampe-de-table-jack-lux\/#primaryimage"},"image":{"@id":"https:\/\/newgarden.es\/fr\/lampe-de-table-jack-lux\/#primaryimage"},"thumbnailUrl":"https:\/\/newgarden.es\/wp-content\/uploads\/2024\/07\/JACK_WEB-3.jpg","datePublished":"2024-07-04T08:57:17+00:00","dateModified":"2024-07-04T09:47:17+00:00","description":"Transformez vos soir\u00e9es en plein air avec la lampe de table JACK LUX, une fusion parfaite entre un design \u00e9l\u00e9gant et une fonctionnalit\u00e9 avanc\u00e9e.","breadcrumb":{"@id":"https:\/\/newgarden.es\/fr\/lampe-de-table-jack-lux\/#breadcrumb"},"inLanguage":"fr-FR","potentialAction":[{"@type":"ReadAction","target":["https:\/\/newgarden.es\/fr\/lampe-de-table-jack-lux\/"]}]},{"@type":"ImageObject","inLanguage":"fr-FR","@id":"https:\/\/newgarden.es\/fr\/lampe-de-table-jack-lux\/#primaryimage","url":"https:\/\/newgarden.es\/wp-content\/uploads\/2024\/07\/JACK_WEB-3.jpg","contentUrl":"https:\/\/newgarden.es\/wp-content\/uploads\/2024\/07\/JACK_WEB-3.jpg","width":1200,"height":1200},{"@type":"BreadcrumbList","@id":"https:\/\/newgarden.es\/fr\/lampe-de-table-jack-lux\/#breadcrumb","itemListElement":[{"@type":"ListItem","position":1,"name":"Home","item":"https:\/\/newgarden.es\/fr\/"},{"@type":"ListItem","position":2,"name":"Boutique","item":"https:\/\/newgarden.es\/fr\/boutique\/"},{"@type":"ListItem","position":3,"name":"LAMPE DE TABLE JACK LUX"}]},{"@type":"WebSite","@id":"https:\/\/newgarden.es\/#website","url":"https:\/\/newgarden.es\/","name":"Newgarden","description":"Be happy","potentialAction":[{"@type":"SearchAction","target":{"@type":"EntryPoint","urlTemplate":"https:\/\/newgarden.es\/?s={search_term_string}"},"query-input":{"@type":"PropertyValueSpecification","valueRequired":true,"valueName":"search_term_string"}}],"inLanguage":"fr-FR"}]}},"df_price":39,"df_sale_price":"","df_regular_price":39,"df_image_link":"https:\/\/newgarden.es\/wp-content\/uploads\/2024\/07\/JACK_WEB-3-580x400.jpg","_links":{"self":[{"href":"https:\/\/newgarden.es\/fr\/wp-json\/wp\/v2\/product\/66571"}],"collection":[{"href":"https:\/\/newgarden.es\/fr\/wp-json\/wp\/v2\/product"}],"about":[{"href":"https:\/\/newgarden.es\/fr\/wp-json\/wp\/v2\/types\/product"}],"wp:featuredmedia":[{"embeddable":true,"href":"https:\/\/newgarden.es\/fr\/wp-json\/wp\/v2\/media\/66596"}],"wp:attachment":[{"href":"https:\/\/newgarden.es\/fr\/wp-json\/wp\/v2\/media?parent=66571"}],"wp:term":[{"taxonomy":"product_cat","embeddable":true,"href":"https:\/\/newgarden.es\/fr\/wp-json\/wp\/v2\/product_cat?post=66571"},{"taxonomy":"product_tag","embeddable":true,"href":"https:\/\/newgarden.es\/fr\/wp-json\/wp\/v2\/product_tag?post=66571"}],"curies":[{"name":"wp","href":"https:\/\/api.w.org\/{rel}","templated":true}]}}