{"id":66649,"date":"2024-07-15T09:30:53","date_gmt":"2024-07-15T07:31:05","guid":{"rendered":"https:\/\/newgarden.es\/?post_type=product&#038;p=66649"},"modified":"2024-07-15T11:33:52","modified_gmt":"2024-07-15T09:33:52","slug":"guirlande-decorative-mykonos","status":"publish","type":"product","link":"https:\/\/newgarden.es\/fr\/guirlande-decorative-mykonos","title":{"rendered":"GUIRLANDE D\u00c9CORATIVE MYKONOS"},"content":{"rendered":"<section class=\"wpb-content-wrapper\"><p>[vc_row][vc_column][vc_column_text]Guirlande d\u00e9corative MYKONOS<\/p>\n<p>D\u00e9couvrez la guirlande Mykonos, une guirlande sans fil qui va au-del\u00e0 de l&rsquo;\u00e9clairage conventionnel. Tress\u00e9e \u00e0 la main, avec une extension de 8 m\u00e8tres et 8 lampes suspendues, cette pi\u00e8ce transforme n&rsquo;importe quel espace en un environnement enchanteur et accueillant.<\/p>\n<p>La guirlande Mykonos peut \u00eatre recharg\u00e9e \u00e0 l&rsquo;aide d&rsquo;une batterie rechargeable ou fonctionner avec un cordon. Cette flexibilit\u00e9 vous permet d&rsquo;adapter la guirlande \u00e0 vos besoins et \u00e0 vos pr\u00e9f\u00e9rences, ce qui vous donne un contr\u00f4le total sur l&rsquo;\u00e9clairage de votre espace.<\/p>\n<p>Avec la guirlande Mykonos, la d\u00e9coration et la fonctionnalit\u00e9 se fondent parfaitement. Qu&rsquo;il s&rsquo;agisse d&#8217;embellir votre jardin, de d\u00e9corer une terrasse ou d&rsquo;illuminer un \u00e9v\u00e9nement sp\u00e9cial, cette guirlande apporte une touche distinctive et \u00e9l\u00e9gante. Transformez vos espaces avec charme et luminosit\u00e9, et d\u00e9couvrez la diff\u00e9rence que Mykonos Garland peut apporter \u00e0 votre environnement.<\/p>\n<p>Combinez-la avec la lampe suspendue Mykonos Hang.<\/p>\n<p><strong>TAILLE<\/strong><br \/>\n800 cm<br \/>\n[\/vc_column_text][\/vc_column][\/vc_row][vc_row][vc_column][vc_btn title=\u00a0\u00bbFiche technique\u00a0\u00bb style=\u00a0\u00bbcustom\u00a0\u00bb custom_background=\u00a0\u00bb#009bc2&Prime; custom_text=\u00a0\u00bb#ffffff\u00a0\u00bb link=\u00a0\u00bburl:https%3A%2F%2Facortar.link%2FRbrDJF|target:_blank|\u00a0\u00bb][vc_btn title=\u00a0\u00bbManuel d&rsquo;instrutions\u00a0\u00bb style=\u00a0\u00bbcustom\u00a0\u00bb custom_background=\u00a0\u00bb#009bc2&Prime; custom_text=\u00a0\u00bb#ffffff\u00a0\u00bb link=\u00a0\u00bburl:https%3A%2F%2Facortar.link%2FlFkOtP|target:_blank|\u00a0\u00bb el_class=\u00a0\u00bbbtn_descargar_ficha\u00a0\u00bb][\/vc_column][\/vc_row]<\/p>\n<\/section>","protected":false},"excerpt":{"rendered":"<h5>Guirlande d\u00e9corative MYKONOS<\/h5>\n","protected":false},"featured_media":66671,"template":"","meta":[],"product_cat":[651,1575,752],"product_tag":[647,648],"class_list":{"0":"post-66649","1":"product","2":"type-product","3":"status-publish","4":"has-post-thumbnail","6":"product_cat-lightdeco-fr","7":"product_cat-guirlandes","8":"product_cat-noel","9":"product_tag-cable-fr","10":"product_tag-solaire","12":"first","13":"instock","14":"taxable","15":"shipping-taxable","16":"purchasable","17":"product-type-variable"},"yoast_head":"<!-- This site is optimized with the Yoast SEO plugin v24.2 - https:\/\/yoast.com\/wordpress\/plugins\/seo\/ -->\n<title>GUIRLANDE D\u00c9CORATIVE MYKONOS<\/title>\n<meta name=\"description\" content=\"D\u00e9couvrez la guirlande Mykonos, une guirlande sans fil qui va au-del\u00e0 de l&#039;\u00e9clairage conventionnel. Tress\u00e9e \u00e0 la main, elle a une longueur de 8 m\u00e8tres et 8 lampes suspendues.\" \/>\n<meta name=\"robots\" content=\"index, follow, max-snippet:-1, max-image-preview:large, max-video-preview:-1\" \/>\n<link rel=\"canonical\" href=\"https:\/\/newgarden.es\/fr\/guirlande-decorative-mykonos\/\" \/>\n<meta property=\"og:locale\" content=\"fr_FR\" \/>\n<meta property=\"og:type\" content=\"article\" \/>\n<meta property=\"og:title\" content=\"GUIRLANDE D\u00c9CORATIVE MYKONOS\" \/>\n<meta property=\"og:description\" content=\"D\u00e9couvrez la guirlande Mykonos, une guirlande sans fil qui va au-del\u00e0 de l&#039;\u00e9clairage conventionnel. Tress\u00e9e \u00e0 la main, elle a une longueur de 8 m\u00e8tres et 8 lampes suspendues.\" \/>\n<meta property=\"og:url\" content=\"https:\/\/newgarden.es\/fr\/guirlande-decorative-mykonos\/\" \/>\n<meta property=\"og:site_name\" content=\"Newgarden\" \/>\n<meta property=\"article:modified_time\" content=\"2024-07-15T09:33:52+00:00\" \/>\n<meta property=\"og:image\" content=\"https:\/\/newgarden.es\/wp-content\/uploads\/2024\/07\/MYKONOS_GARLAND_1200X1200-3.jpg\" \/>\n\t<meta property=\"og:image:width\" content=\"1200\" \/>\n\t<meta property=\"og:image:height\" content=\"1200\" \/>\n\t<meta property=\"og:image:type\" content=\"image\/jpeg\" \/>\n<meta name=\"twitter:card\" content=\"summary_large_image\" \/>\n<meta name=\"twitter:label1\" content=\"Dur\u00e9e de lecture estim\u00e9e\" \/>\n\t<meta name=\"twitter:data1\" content=\"2 minutes\" \/>\n<script type=\"application\/ld+json\" class=\"yoast-schema-graph\">{\"@context\":\"https:\/\/schema.org\",\"@graph\":[{\"@type\":\"WebPage\",\"@id\":\"https:\/\/newgarden.es\/fr\/guirlande-decorative-mykonos\/\",\"url\":\"https:\/\/newgarden.es\/fr\/guirlande-decorative-mykonos\/\",\"name\":\"GUIRLANDE D\u00c9CORATIVE MYKONOS\",\"isPartOf\":{\"@id\":\"https:\/\/newgarden.es\/#website\"},\"primaryImageOfPage\":{\"@id\":\"https:\/\/newgarden.es\/fr\/guirlande-decorative-mykonos\/#primaryimage\"},\"image\":{\"@id\":\"https:\/\/newgarden.es\/fr\/guirlande-decorative-mykonos\/#primaryimage\"},\"thumbnailUrl\":\"https:\/\/newgarden.es\/wp-content\/uploads\/2024\/07\/MYKONOS_GARLAND_1200X1200-3.jpg\",\"datePublished\":\"2024-07-15T07:31:05+00:00\",\"dateModified\":\"2024-07-15T09:33:52+00:00\",\"description\":\"D\u00e9couvrez la guirlande Mykonos, une guirlande sans fil qui va au-del\u00e0 de l'\u00e9clairage conventionnel. Tress\u00e9e \u00e0 la main, elle a une longueur de 8 m\u00e8tres et 8 lampes suspendues.\",\"breadcrumb\":{\"@id\":\"https:\/\/newgarden.es\/fr\/guirlande-decorative-mykonos\/#breadcrumb\"},\"inLanguage\":\"fr-FR\",\"potentialAction\":[{\"@type\":\"ReadAction\",\"target\":[\"https:\/\/newgarden.es\/fr\/guirlande-decorative-mykonos\/\"]}]},{\"@type\":\"ImageObject\",\"inLanguage\":\"fr-FR\",\"@id\":\"https:\/\/newgarden.es\/fr\/guirlande-decorative-mykonos\/#primaryimage\",\"url\":\"https:\/\/newgarden.es\/wp-content\/uploads\/2024\/07\/MYKONOS_GARLAND_1200X1200-3.jpg\",\"contentUrl\":\"https:\/\/newgarden.es\/wp-content\/uploads\/2024\/07\/MYKONOS_GARLAND_1200X1200-3.jpg\",\"width\":1200,\"height\":1200},{\"@type\":\"BreadcrumbList\",\"@id\":\"https:\/\/newgarden.es\/fr\/guirlande-decorative-mykonos\/#breadcrumb\",\"itemListElement\":[{\"@type\":\"ListItem\",\"position\":1,\"name\":\"Home\",\"item\":\"https:\/\/newgarden.es\/fr\/\"},{\"@type\":\"ListItem\",\"position\":2,\"name\":\"Boutique\",\"item\":\"https:\/\/newgarden.es\/fr\/boutique\/\"},{\"@type\":\"ListItem\",\"position\":3,\"name\":\"GUIRLANDE D\u00c9CORATIVE MYKONOS\"}]},{\"@type\":\"WebSite\",\"@id\":\"https:\/\/newgarden.es\/#website\",\"url\":\"https:\/\/newgarden.es\/\",\"name\":\"Newgarden\",\"description\":\"Be happy\",\"potentialAction\":[{\"@type\":\"SearchAction\",\"target\":{\"@type\":\"EntryPoint\",\"urlTemplate\":\"https:\/\/newgarden.es\/?s={search_term_string}\"},\"query-input\":{\"@type\":\"PropertyValueSpecification\",\"valueRequired\":true,\"valueName\":\"search_term_string\"}}],\"inLanguage\":\"fr-FR\"}]}<\/script>\n<!-- \/ Yoast SEO plugin. -->","yoast_head_json":{"title":"GUIRLANDE D\u00c9CORATIVE MYKONOS","description":"D\u00e9couvrez la guirlande Mykonos, une guirlande sans fil qui va au-del\u00e0 de l'\u00e9clairage conventionnel. Tress\u00e9e \u00e0 la main, elle a une longueur de 8 m\u00e8tres et 8 lampes suspendues.","robots":{"index":"index","follow":"follow","max-snippet":"max-snippet:-1","max-image-preview":"max-image-preview:large","max-video-preview":"max-video-preview:-1"},"canonical":"https:\/\/newgarden.es\/fr\/guirlande-decorative-mykonos\/","og_locale":"fr_FR","og_type":"article","og_title":"GUIRLANDE D\u00c9CORATIVE MYKONOS","og_description":"D\u00e9couvrez la guirlande Mykonos, une guirlande sans fil qui va au-del\u00e0 de l'\u00e9clairage conventionnel. Tress\u00e9e \u00e0 la main, elle a une longueur de 8 m\u00e8tres et 8 lampes suspendues.","og_url":"https:\/\/newgarden.es\/fr\/guirlande-decorative-mykonos\/","og_site_name":"Newgarden","article_modified_time":"2024-07-15T09:33:52+00:00","og_image":[{"width":1200,"height":1200,"url":"https:\/\/newgarden.es\/wp-content\/uploads\/2024\/07\/MYKONOS_GARLAND_1200X1200-3.jpg","type":"image\/jpeg"}],"twitter_card":"summary_large_image","twitter_misc":{"Dur\u00e9e de lecture estim\u00e9e":"2 minutes"},"schema":{"@context":"https:\/\/schema.org","@graph":[{"@type":"WebPage","@id":"https:\/\/newgarden.es\/fr\/guirlande-decorative-mykonos\/","url":"https:\/\/newgarden.es\/fr\/guirlande-decorative-mykonos\/","name":"GUIRLANDE D\u00c9CORATIVE MYKONOS","isPartOf":{"@id":"https:\/\/newgarden.es\/#website"},"primaryImageOfPage":{"@id":"https:\/\/newgarden.es\/fr\/guirlande-decorative-mykonos\/#primaryimage"},"image":{"@id":"https:\/\/newgarden.es\/fr\/guirlande-decorative-mykonos\/#primaryimage"},"thumbnailUrl":"https:\/\/newgarden.es\/wp-content\/uploads\/2024\/07\/MYKONOS_GARLAND_1200X1200-3.jpg","datePublished":"2024-07-15T07:31:05+00:00","dateModified":"2024-07-15T09:33:52+00:00","description":"D\u00e9couvrez la guirlande Mykonos, une guirlande sans fil qui va au-del\u00e0 de l'\u00e9clairage conventionnel. Tress\u00e9e \u00e0 la main, elle a une longueur de 8 m\u00e8tres et 8 lampes suspendues.","breadcrumb":{"@id":"https:\/\/newgarden.es\/fr\/guirlande-decorative-mykonos\/#breadcrumb"},"inLanguage":"fr-FR","potentialAction":[{"@type":"ReadAction","target":["https:\/\/newgarden.es\/fr\/guirlande-decorative-mykonos\/"]}]},{"@type":"ImageObject","inLanguage":"fr-FR","@id":"https:\/\/newgarden.es\/fr\/guirlande-decorative-mykonos\/#primaryimage","url":"https:\/\/newgarden.es\/wp-content\/uploads\/2024\/07\/MYKONOS_GARLAND_1200X1200-3.jpg","contentUrl":"https:\/\/newgarden.es\/wp-content\/uploads\/2024\/07\/MYKONOS_GARLAND_1200X1200-3.jpg","width":1200,"height":1200},{"@type":"BreadcrumbList","@id":"https:\/\/newgarden.es\/fr\/guirlande-decorative-mykonos\/#breadcrumb","itemListElement":[{"@type":"ListItem","position":1,"name":"Home","item":"https:\/\/newgarden.es\/fr\/"},{"@type":"ListItem","position":2,"name":"Boutique","item":"https:\/\/newgarden.es\/fr\/boutique\/"},{"@type":"ListItem","position":3,"name":"GUIRLANDE D\u00c9CORATIVE MYKONOS"}]},{"@type":"WebSite","@id":"https:\/\/newgarden.es\/#website","url":"https:\/\/newgarden.es\/","name":"Newgarden","description":"Be happy","potentialAction":[{"@type":"SearchAction","target":{"@type":"EntryPoint","urlTemplate":"https:\/\/newgarden.es\/?s={search_term_string}"},"query-input":{"@type":"PropertyValueSpecification","valueRequired":true,"valueName":"search_term_string"}}],"inLanguage":"fr-FR"}]}},"df_price":134.1,"df_sale_price":"","df_regular_price":134.1,"df_image_link":"https:\/\/newgarden.es\/wp-content\/uploads\/2024\/07\/MYKONOS_GARLAND_1200X1200-3-580x400.jpg","_links":{"self":[{"href":"https:\/\/newgarden.es\/fr\/wp-json\/wp\/v2\/product\/66649"}],"collection":[{"href":"https:\/\/newgarden.es\/fr\/wp-json\/wp\/v2\/product"}],"about":[{"href":"https:\/\/newgarden.es\/fr\/wp-json\/wp\/v2\/types\/product"}],"wp:featuredmedia":[{"embeddable":true,"href":"https:\/\/newgarden.es\/fr\/wp-json\/wp\/v2\/media\/66671"}],"wp:attachment":[{"href":"https:\/\/newgarden.es\/fr\/wp-json\/wp\/v2\/media?parent=66649"}],"wp:term":[{"taxonomy":"product_cat","embeddable":true,"href":"https:\/\/newgarden.es\/fr\/wp-json\/wp\/v2\/product_cat?post=66649"},{"taxonomy":"product_tag","embeddable":true,"href":"https:\/\/newgarden.es\/fr\/wp-json\/wp\/v2\/product_tag?post=66649"}],"curies":[{"name":"wp","href":"https:\/\/api.w.org\/{rel}","templated":true}]}}