{"id":66711,"date":"2024-07-15T12:53:22","date_gmt":"2024-07-15T10:53:34","guid":{"rendered":"https:\/\/newgarden.es\/?post_type=product&#038;p=66711"},"modified":"2024-07-15T13:42:07","modified_gmt":"2024-07-15T11:42:07","slug":"mini-conta-hang","status":"publish","type":"product","link":"https:\/\/newgarden.es\/fr\/mini-conta-hang","title":{"rendered":"LAMPE PENDANTE MINI-CONTA HANG"},"content":{"rendered":"<section class=\"wpb-content-wrapper\"><p>[vc_row][vc_column][vc_column_text]Conta Mini Hang, la solution parfaite pour illuminer votre ext\u00e9rieur avec une touche distinctive. Elle est fabriqu\u00e9e \u00e0 partir de corde synth\u00e9tique recycl\u00e9e, disponible dans des couleurs tendance telles que le blanc, le vert ou le taupe. Cette lampe ne se contente pas d&rsquo;\u00e9clairer, elle contribue \u00e9galement \u00e0 un mode de vie durable en utilisant des mat\u00e9riaux recycl\u00e9s. La Conta Mini Hang est le choix id\u00e9al pour ceux qui cherchent \u00e0 \u00e9clairer avec \u00e9l\u00e9gance et conscience environnementale, offrant une exp\u00e9rience unique de d\u00e9coration ext\u00e9rieure. Transformez vos soir\u00e9es en plein air gr\u00e2ce \u00e0 cette pi\u00e8ce innovante qui allie style, fonctionnalit\u00e9 et respect de l&rsquo;environnement.<\/p>\n<p>Le Conta Mini Hang est \u00e9quip\u00e9 de l&rsquo;ampoule sans fil Mini Cherry, avec batterie rechargeable, qui fournit jusqu&rsquo;\u00e0 20 heures de lumi\u00e8re personnalisable en trois intensit\u00e9s diff\u00e9rentes. Avec une consommation efficace de 3W, sa lumi\u00e8re est chaude (3000\u00bak) et a une puissance de 350 lumens, offrant une illumination efficace et \u00e9l\u00e9gante pour vos soir\u00e9es en plein air.<\/p>\n<p><strong>TAILLE<\/strong><br \/>\n\u00f814,5 x 14,6 cm<br \/>\n[\/vc_column_text][\/vc_column][\/vc_row][vc_row][vc_column width=\u00a0\u00bb1\/2&Prime;][vc_btn title=\u00a0\u00bbFiche technique\u00a0\u00bb style=\u00a0\u00bbcustom\u00a0\u00bb custom_background=\u00a0\u00bb#009bc2&Prime; custom_text=\u00a0\u00bb#ffffff\u00a0\u00bb link=\u00a0\u00bburl:https%3A%2F%2Facortar.link%2FFyaI7o|target:_blank|\u00a0\u00bb el_class=\u00a0\u00bbbtn_descargar_ficha\u00a0\u00bb][\/vc_column][vc_column width=\u00a0\u00bb1\/2&Prime;][vc_btn title=\u00a0\u00bbManuel d&rsquo;instrutions\u00a0\u00bb style=\u00a0\u00bbcustom\u00a0\u00bb custom_background=\u00a0\u00bb#009bc2&Prime; custom_text=\u00a0\u00bb#ffffff\u00a0\u00bb link=\u00a0\u00bburl:https%3A%2F%2Facortar.link%2F8RAB50|target:_blank|\u00a0\u00bb el_class=\u00a0\u00bbbtn_descargar_ficha\u00a0\u00bb][\/vc_column][\/vc_row]<\/p>\n<\/section>","protected":false},"excerpt":{"rendered":"<h5>LAMPE PENDANTE MINI-CONTA HANG<\/h5>\n","protected":false},"featured_media":66739,"template":"","meta":[],"product_cat":[651,1569,744],"product_tag":[653],"class_list":{"0":"post-66711","1":"product","2":"type-product","3":"status-publish","4":"has-post-thumbnail","6":"product_cat-lightdeco-fr","7":"product_cat-plafonniers-sans-fil","8":"product_cat-lampes-suspendues","9":"product_tag-batterie","11":"first","12":"instock","13":"taxable","14":"shipping-taxable","15":"purchasable","16":"product-type-variable"},"yoast_head":"<!-- This site is optimized with the Yoast SEO plugin v24.2 - https:\/\/yoast.com\/wordpress\/plugins\/seo\/ -->\n<title>LAMPE PENDANTE MINI-CONTA HANG - Newgarden<\/title>\n<meta name=\"description\" content=\"Mini Conta Hang, la solution parfaite pour illuminer votre ext\u00e9rieur avec une touche distinctive. Disponible en plusieurs couleurs tendance.\" \/>\n<meta name=\"robots\" content=\"index, follow, max-snippet:-1, max-image-preview:large, max-video-preview:-1\" \/>\n<link rel=\"canonical\" href=\"https:\/\/newgarden.es\/fr\/mini-conta-hang\/\" \/>\n<meta property=\"og:locale\" content=\"fr_FR\" \/>\n<meta property=\"og:type\" content=\"article\" \/>\n<meta property=\"og:title\" content=\"LAMPE PENDANTE MINI-CONTA HANG - Newgarden\" \/>\n<meta property=\"og:description\" content=\"Mini Conta Hang, la solution parfaite pour illuminer votre ext\u00e9rieur avec une touche distinctive. Disponible en plusieurs couleurs tendance.\" \/>\n<meta property=\"og:url\" content=\"https:\/\/newgarden.es\/fr\/mini-conta-hang\/\" \/>\n<meta property=\"og:site_name\" content=\"Newgarden\" \/>\n<meta property=\"article:modified_time\" content=\"2024-07-15T11:42:07+00:00\" \/>\n<meta property=\"og:image\" content=\"https:\/\/newgarden.es\/wp-content\/uploads\/2024\/07\/CONTA_MINI_1200X1200-5.jpg\" \/>\n\t<meta property=\"og:image:width\" content=\"1200\" \/>\n\t<meta property=\"og:image:height\" content=\"1200\" \/>\n\t<meta property=\"og:image:type\" content=\"image\/jpeg\" \/>\n<meta name=\"twitter:card\" content=\"summary_large_image\" \/>\n<meta name=\"twitter:label1\" content=\"Dur\u00e9e de lecture estim\u00e9e\" \/>\n\t<meta name=\"twitter:data1\" content=\"2 minutes\" \/>\n<script type=\"application\/ld+json\" class=\"yoast-schema-graph\">{\"@context\":\"https:\/\/schema.org\",\"@graph\":[{\"@type\":\"WebPage\",\"@id\":\"https:\/\/newgarden.es\/fr\/mini-conta-hang\/\",\"url\":\"https:\/\/newgarden.es\/fr\/mini-conta-hang\/\",\"name\":\"LAMPE PENDANTE MINI-CONTA HANG - Newgarden\",\"isPartOf\":{\"@id\":\"https:\/\/newgarden.es\/#website\"},\"primaryImageOfPage\":{\"@id\":\"https:\/\/newgarden.es\/fr\/mini-conta-hang\/#primaryimage\"},\"image\":{\"@id\":\"https:\/\/newgarden.es\/fr\/mini-conta-hang\/#primaryimage\"},\"thumbnailUrl\":\"https:\/\/newgarden.es\/wp-content\/uploads\/2024\/07\/CONTA_MINI_1200X1200-5.jpg\",\"datePublished\":\"2024-07-15T10:53:34+00:00\",\"dateModified\":\"2024-07-15T11:42:07+00:00\",\"description\":\"Mini Conta Hang, la solution parfaite pour illuminer votre ext\u00e9rieur avec une touche distinctive. Disponible en plusieurs couleurs tendance.\",\"breadcrumb\":{\"@id\":\"https:\/\/newgarden.es\/fr\/mini-conta-hang\/#breadcrumb\"},\"inLanguage\":\"fr-FR\",\"potentialAction\":[{\"@type\":\"ReadAction\",\"target\":[\"https:\/\/newgarden.es\/fr\/mini-conta-hang\/\"]}]},{\"@type\":\"ImageObject\",\"inLanguage\":\"fr-FR\",\"@id\":\"https:\/\/newgarden.es\/fr\/mini-conta-hang\/#primaryimage\",\"url\":\"https:\/\/newgarden.es\/wp-content\/uploads\/2024\/07\/CONTA_MINI_1200X1200-5.jpg\",\"contentUrl\":\"https:\/\/newgarden.es\/wp-content\/uploads\/2024\/07\/CONTA_MINI_1200X1200-5.jpg\",\"width\":1200,\"height\":1200},{\"@type\":\"BreadcrumbList\",\"@id\":\"https:\/\/newgarden.es\/fr\/mini-conta-hang\/#breadcrumb\",\"itemListElement\":[{\"@type\":\"ListItem\",\"position\":1,\"name\":\"Home\",\"item\":\"https:\/\/newgarden.es\/fr\/\"},{\"@type\":\"ListItem\",\"position\":2,\"name\":\"Boutique\",\"item\":\"https:\/\/newgarden.es\/fr\/boutique\/\"},{\"@type\":\"ListItem\",\"position\":3,\"name\":\"LAMPE PENDANTE MINI-CONTA HANG\"}]},{\"@type\":\"WebSite\",\"@id\":\"https:\/\/newgarden.es\/#website\",\"url\":\"https:\/\/newgarden.es\/\",\"name\":\"Newgarden\",\"description\":\"Be happy\",\"potentialAction\":[{\"@type\":\"SearchAction\",\"target\":{\"@type\":\"EntryPoint\",\"urlTemplate\":\"https:\/\/newgarden.es\/?s={search_term_string}\"},\"query-input\":{\"@type\":\"PropertyValueSpecification\",\"valueRequired\":true,\"valueName\":\"search_term_string\"}}],\"inLanguage\":\"fr-FR\"}]}<\/script>\n<!-- \/ Yoast SEO plugin. -->","yoast_head_json":{"title":"LAMPE PENDANTE MINI-CONTA HANG - Newgarden","description":"Mini Conta Hang, la solution parfaite pour illuminer votre ext\u00e9rieur avec une touche distinctive. Disponible en plusieurs couleurs tendance.","robots":{"index":"index","follow":"follow","max-snippet":"max-snippet:-1","max-image-preview":"max-image-preview:large","max-video-preview":"max-video-preview:-1"},"canonical":"https:\/\/newgarden.es\/fr\/mini-conta-hang\/","og_locale":"fr_FR","og_type":"article","og_title":"LAMPE PENDANTE MINI-CONTA HANG - Newgarden","og_description":"Mini Conta Hang, la solution parfaite pour illuminer votre ext\u00e9rieur avec une touche distinctive. Disponible en plusieurs couleurs tendance.","og_url":"https:\/\/newgarden.es\/fr\/mini-conta-hang\/","og_site_name":"Newgarden","article_modified_time":"2024-07-15T11:42:07+00:00","og_image":[{"width":1200,"height":1200,"url":"https:\/\/newgarden.es\/wp-content\/uploads\/2024\/07\/CONTA_MINI_1200X1200-5.jpg","type":"image\/jpeg"}],"twitter_card":"summary_large_image","twitter_misc":{"Dur\u00e9e de lecture estim\u00e9e":"2 minutes"},"schema":{"@context":"https:\/\/schema.org","@graph":[{"@type":"WebPage","@id":"https:\/\/newgarden.es\/fr\/mini-conta-hang\/","url":"https:\/\/newgarden.es\/fr\/mini-conta-hang\/","name":"LAMPE PENDANTE MINI-CONTA HANG - Newgarden","isPartOf":{"@id":"https:\/\/newgarden.es\/#website"},"primaryImageOfPage":{"@id":"https:\/\/newgarden.es\/fr\/mini-conta-hang\/#primaryimage"},"image":{"@id":"https:\/\/newgarden.es\/fr\/mini-conta-hang\/#primaryimage"},"thumbnailUrl":"https:\/\/newgarden.es\/wp-content\/uploads\/2024\/07\/CONTA_MINI_1200X1200-5.jpg","datePublished":"2024-07-15T10:53:34+00:00","dateModified":"2024-07-15T11:42:07+00:00","description":"Mini Conta Hang, la solution parfaite pour illuminer votre ext\u00e9rieur avec une touche distinctive. Disponible en plusieurs couleurs tendance.","breadcrumb":{"@id":"https:\/\/newgarden.es\/fr\/mini-conta-hang\/#breadcrumb"},"inLanguage":"fr-FR","potentialAction":[{"@type":"ReadAction","target":["https:\/\/newgarden.es\/fr\/mini-conta-hang\/"]}]},{"@type":"ImageObject","inLanguage":"fr-FR","@id":"https:\/\/newgarden.es\/fr\/mini-conta-hang\/#primaryimage","url":"https:\/\/newgarden.es\/wp-content\/uploads\/2024\/07\/CONTA_MINI_1200X1200-5.jpg","contentUrl":"https:\/\/newgarden.es\/wp-content\/uploads\/2024\/07\/CONTA_MINI_1200X1200-5.jpg","width":1200,"height":1200},{"@type":"BreadcrumbList","@id":"https:\/\/newgarden.es\/fr\/mini-conta-hang\/#breadcrumb","itemListElement":[{"@type":"ListItem","position":1,"name":"Home","item":"https:\/\/newgarden.es\/fr\/"},{"@type":"ListItem","position":2,"name":"Boutique","item":"https:\/\/newgarden.es\/fr\/boutique\/"},{"@type":"ListItem","position":3,"name":"LAMPE PENDANTE MINI-CONTA HANG"}]},{"@type":"WebSite","@id":"https:\/\/newgarden.es\/#website","url":"https:\/\/newgarden.es\/","name":"Newgarden","description":"Be happy","potentialAction":[{"@type":"SearchAction","target":{"@type":"EntryPoint","urlTemplate":"https:\/\/newgarden.es\/?s={search_term_string}"},"query-input":{"@type":"PropertyValueSpecification","valueRequired":true,"valueName":"search_term_string"}}],"inLanguage":"fr-FR"}]}},"df_price":69.9,"df_sale_price":"","df_regular_price":69.9,"df_image_link":"https:\/\/newgarden.es\/wp-content\/uploads\/2024\/07\/CONTA_MINI_1200X1200-5-580x400.jpg","_links":{"self":[{"href":"https:\/\/newgarden.es\/fr\/wp-json\/wp\/v2\/product\/66711"}],"collection":[{"href":"https:\/\/newgarden.es\/fr\/wp-json\/wp\/v2\/product"}],"about":[{"href":"https:\/\/newgarden.es\/fr\/wp-json\/wp\/v2\/types\/product"}],"wp:featuredmedia":[{"embeddable":true,"href":"https:\/\/newgarden.es\/fr\/wp-json\/wp\/v2\/media\/66739"}],"wp:attachment":[{"href":"https:\/\/newgarden.es\/fr\/wp-json\/wp\/v2\/media?parent=66711"}],"wp:term":[{"taxonomy":"product_cat","embeddable":true,"href":"https:\/\/newgarden.es\/fr\/wp-json\/wp\/v2\/product_cat?post=66711"},{"taxonomy":"product_tag","embeddable":true,"href":"https:\/\/newgarden.es\/fr\/wp-json\/wp\/v2\/product_tag?post=66711"}],"curies":[{"name":"wp","href":"https:\/\/api.w.org\/{rel}","templated":true}]}}