{"id":66790,"date":"2024-07-17T13:20:32","date_gmt":"2024-07-17T11:20:41","guid":{"rendered":"https:\/\/newgarden.es\/?post_type=product&#038;p=66790"},"modified":"2024-07-18T10:44:38","modified_gmt":"2024-07-18T08:44:38","slug":"lampe-suspendue-sans-fil-mikonos-hang","status":"publish","type":"product","link":"https:\/\/newgarden.es\/fr\/lampe-suspendue-sans-fil-mykonos-hang","title":{"rendered":"LAMPE SUSPENDUE SANS FIL MIKONOS HANG"},"content":{"rendered":"<section class=\"wpb-content-wrapper\"><p>[vc_row][vc_column][vc_column_text]La lampe suspendue Mykonos Hang est une pi\u00e8ce unique qui transformera votre espace ext\u00e9rieur. Fabriqu\u00e9e \u00e0 partir d&rsquo;un tissu de coton, cette lampe ajoute une touche boh\u00e8me distinctive \u00e0 votre espace ext\u00e9rieur.<\/p>\n<p>L&rsquo;installation de la suspension Mykonos Hang est aussi simple que de la suspendre par son cordon \u00e0 l&rsquo;endroit de votre choix, ce qui \u00e9limine le besoin de connexions \u00e9lectriques et vous donne la libert\u00e9 de personnaliser l&rsquo;\u00e9clairage en fonction de vos pr\u00e9f\u00e9rences. Mykonos est \u00e9quip\u00e9e d&rsquo;une ampoule Cherry sans fil avec batterie rechargeable, cette lampe vous offre jusqu&rsquo;\u00e0 20 heures d&rsquo;\u00e9clairage autonome, vous permettant de profiter de soir\u00e9es sans soucis \u00e0 l&rsquo;ext\u00e9rieur.<\/p>\n<p>Mykonos Hang a une temp\u00e9rature de couleur de 3000K et 900 lumens, cr\u00e9ant un \u00e9clairage chaud et agr\u00e9able, et comprend une t\u00e9l\u00e9commande. Avec une consommation efficace de 9W, cette lampe allie style et confort, offrant une exp\u00e9rience unique pour illuminer vos soir\u00e9es en plein air avec \u00e9l\u00e9gance et sophistication.<\/p>\n<p><strong>TAILLE<\/strong><br \/>\n\u00f830 x 40 cm<br \/>\n[\/vc_column_text][\/vc_column][\/vc_row][vc_row][vc_column width=\u00a0\u00bb1\/2&Prime;][vc_btn title=\u00a0\u00bbFiche technique\u00a0\u00bb style=\u00a0\u00bbcustom\u00a0\u00bb custom_background=\u00a0\u00bb#009bc2&Prime; custom_text=\u00a0\u00bb#ffffff\u00a0\u00bb link=\u00a0\u00bburl:https%3A%2F%2Facortar.link%2FRqeq7T|target:_blank|\u00a0\u00bb el_class=\u00a0\u00bbbtn_descargar_ficha\u00a0\u00bb][\/vc_column][vc_column width=\u00a0\u00bb1\/2&Prime;][vc_btn title=\u00a0\u00bbManuel d&rsquo;instrutions\u00a0\u00bb style=\u00a0\u00bbcustom\u00a0\u00bb custom_background=\u00a0\u00bb#009bc2&Prime; custom_text=\u00a0\u00bb#ffffff\u00a0\u00bb link=\u00a0\u00bburl:https%3A%2F%2Fbit.ly%2F3EskOKx|target:%20_blank|\u00a0\u00bb el_class=\u00a0\u00bbbtn_descargar_ficha\u00a0\u00bb][\/vc_column][\/vc_row]<\/p>\n<\/section>","protected":false},"excerpt":{"rendered":"<h5>LAMPE SUSPENDUE SANS FIL MIKONOS HANG<\/h5>\n","protected":false},"featured_media":66845,"template":"","meta":[],"product_cat":[651,1569,754,744],"product_tag":[],"class_list":{"0":"post-66790","1":"product","2":"type-product","3":"status-publish","4":"has-post-thumbnail","6":"product_cat-lightdeco-fr","7":"product_cat-plafonniers-sans-fil","8":"product_cat-portables","9":"product_cat-lampes-suspendues","11":"first","12":"instock","13":"taxable","14":"shipping-taxable","15":"purchasable","16":"product-type-variable","17":"has-default-attributes"},"yoast_head":"<!-- This site is optimized with the Yoast SEO plugin v24.2 - https:\/\/yoast.com\/wordpress\/plugins\/seo\/ -->\n<title>Lampe Suspendue Sans Fil Mikonos Hang - Newgarden<\/title>\n<meta name=\"description\" content=\"D\u00e9couvrez la suspension Mykonos de Newgarden\u00ae pour illuminer votre int\u00e9rieur avec style. Achetez-la maintenant et donnez une touche unique \u00e0 votre espace.\" \/>\n<meta name=\"robots\" content=\"index, follow, max-snippet:-1, max-image-preview:large, max-video-preview:-1\" \/>\n<link rel=\"canonical\" href=\"https:\/\/newgarden.es\/fr\/lampe-suspendue-sans-fil-mykonos-hang\/\" \/>\n<meta property=\"og:locale\" content=\"fr_FR\" \/>\n<meta property=\"og:type\" content=\"article\" \/>\n<meta property=\"og:title\" content=\"Lampe Suspendue Sans Fil Mikonos Hang - Newgarden\" \/>\n<meta property=\"og:description\" content=\"D\u00e9couvrez la suspension Mykonos de Newgarden\u00ae pour illuminer votre int\u00e9rieur avec style. Achetez-la maintenant et donnez une touche unique \u00e0 votre espace.\" \/>\n<meta property=\"og:url\" content=\"https:\/\/newgarden.es\/fr\/lampe-suspendue-sans-fil-mykonos-hang\/\" \/>\n<meta property=\"og:site_name\" content=\"Newgarden\" \/>\n<meta property=\"article:modified_time\" content=\"2024-07-18T08:44:38+00:00\" \/>\n<meta property=\"og:image\" content=\"https:\/\/newgarden.es\/wp-content\/uploads\/2024\/07\/MYKONOS_HANG_1200X1200-8.jpg\" \/>\n\t<meta property=\"og:image:width\" content=\"1200\" \/>\n\t<meta property=\"og:image:height\" content=\"1200\" \/>\n\t<meta property=\"og:image:type\" content=\"image\/jpeg\" \/>\n<meta name=\"twitter:card\" content=\"summary_large_image\" \/>\n<meta name=\"twitter:label1\" content=\"Dur\u00e9e de lecture estim\u00e9e\" \/>\n\t<meta name=\"twitter:data1\" content=\"2 minutes\" \/>\n<script type=\"application\/ld+json\" class=\"yoast-schema-graph\">{\"@context\":\"https:\/\/schema.org\",\"@graph\":[{\"@type\":\"WebPage\",\"@id\":\"https:\/\/newgarden.es\/fr\/lampe-suspendue-sans-fil-mykonos-hang\/\",\"url\":\"https:\/\/newgarden.es\/fr\/lampe-suspendue-sans-fil-mykonos-hang\/\",\"name\":\"Lampe Suspendue Sans Fil Mikonos Hang - Newgarden\",\"isPartOf\":{\"@id\":\"https:\/\/newgarden.es\/#website\"},\"primaryImageOfPage\":{\"@id\":\"https:\/\/newgarden.es\/fr\/lampe-suspendue-sans-fil-mykonos-hang\/#primaryimage\"},\"image\":{\"@id\":\"https:\/\/newgarden.es\/fr\/lampe-suspendue-sans-fil-mykonos-hang\/#primaryimage\"},\"thumbnailUrl\":\"https:\/\/newgarden.es\/wp-content\/uploads\/2024\/07\/MYKONOS_HANG_1200X1200-8.jpg\",\"datePublished\":\"2024-07-17T11:20:41+00:00\",\"dateModified\":\"2024-07-18T08:44:38+00:00\",\"description\":\"D\u00e9couvrez la suspension Mykonos de Newgarden\u00ae pour illuminer votre int\u00e9rieur avec style. Achetez-la maintenant et donnez une touche unique \u00e0 votre espace.\",\"breadcrumb\":{\"@id\":\"https:\/\/newgarden.es\/fr\/lampe-suspendue-sans-fil-mykonos-hang\/#breadcrumb\"},\"inLanguage\":\"fr-FR\",\"potentialAction\":[{\"@type\":\"ReadAction\",\"target\":[\"https:\/\/newgarden.es\/fr\/lampe-suspendue-sans-fil-mykonos-hang\/\"]}]},{\"@type\":\"ImageObject\",\"inLanguage\":\"fr-FR\",\"@id\":\"https:\/\/newgarden.es\/fr\/lampe-suspendue-sans-fil-mykonos-hang\/#primaryimage\",\"url\":\"https:\/\/newgarden.es\/wp-content\/uploads\/2024\/07\/MYKONOS_HANG_1200X1200-8.jpg\",\"contentUrl\":\"https:\/\/newgarden.es\/wp-content\/uploads\/2024\/07\/MYKONOS_HANG_1200X1200-8.jpg\",\"width\":1200,\"height\":1200},{\"@type\":\"BreadcrumbList\",\"@id\":\"https:\/\/newgarden.es\/fr\/lampe-suspendue-sans-fil-mykonos-hang\/#breadcrumb\",\"itemListElement\":[{\"@type\":\"ListItem\",\"position\":1,\"name\":\"Home\",\"item\":\"https:\/\/newgarden.es\/fr\/\"},{\"@type\":\"ListItem\",\"position\":2,\"name\":\"Boutique\",\"item\":\"https:\/\/newgarden.es\/fr\/boutique\/\"},{\"@type\":\"ListItem\",\"position\":3,\"name\":\"LAMPE SUSPENDUE SANS FIL MIKONOS HANG\"}]},{\"@type\":\"WebSite\",\"@id\":\"https:\/\/newgarden.es\/#website\",\"url\":\"https:\/\/newgarden.es\/\",\"name\":\"Newgarden\",\"description\":\"Be happy\",\"potentialAction\":[{\"@type\":\"SearchAction\",\"target\":{\"@type\":\"EntryPoint\",\"urlTemplate\":\"https:\/\/newgarden.es\/?s={search_term_string}\"},\"query-input\":{\"@type\":\"PropertyValueSpecification\",\"valueRequired\":true,\"valueName\":\"search_term_string\"}}],\"inLanguage\":\"fr-FR\"}]}<\/script>\n<!-- \/ Yoast SEO plugin. -->","yoast_head_json":{"title":"Lampe Suspendue Sans Fil Mikonos Hang - Newgarden","description":"D\u00e9couvrez la suspension Mykonos de Newgarden\u00ae pour illuminer votre int\u00e9rieur avec style. Achetez-la maintenant et donnez une touche unique \u00e0 votre espace.","robots":{"index":"index","follow":"follow","max-snippet":"max-snippet:-1","max-image-preview":"max-image-preview:large","max-video-preview":"max-video-preview:-1"},"canonical":"https:\/\/newgarden.es\/fr\/lampe-suspendue-sans-fil-mykonos-hang\/","og_locale":"fr_FR","og_type":"article","og_title":"Lampe Suspendue Sans Fil Mikonos Hang - Newgarden","og_description":"D\u00e9couvrez la suspension Mykonos de Newgarden\u00ae pour illuminer votre int\u00e9rieur avec style. Achetez-la maintenant et donnez une touche unique \u00e0 votre espace.","og_url":"https:\/\/newgarden.es\/fr\/lampe-suspendue-sans-fil-mykonos-hang\/","og_site_name":"Newgarden","article_modified_time":"2024-07-18T08:44:38+00:00","og_image":[{"width":1200,"height":1200,"url":"https:\/\/newgarden.es\/wp-content\/uploads\/2024\/07\/MYKONOS_HANG_1200X1200-8.jpg","type":"image\/jpeg"}],"twitter_card":"summary_large_image","twitter_misc":{"Dur\u00e9e de lecture estim\u00e9e":"2 minutes"},"schema":{"@context":"https:\/\/schema.org","@graph":[{"@type":"WebPage","@id":"https:\/\/newgarden.es\/fr\/lampe-suspendue-sans-fil-mykonos-hang\/","url":"https:\/\/newgarden.es\/fr\/lampe-suspendue-sans-fil-mykonos-hang\/","name":"Lampe Suspendue Sans Fil Mikonos Hang - Newgarden","isPartOf":{"@id":"https:\/\/newgarden.es\/#website"},"primaryImageOfPage":{"@id":"https:\/\/newgarden.es\/fr\/lampe-suspendue-sans-fil-mykonos-hang\/#primaryimage"},"image":{"@id":"https:\/\/newgarden.es\/fr\/lampe-suspendue-sans-fil-mykonos-hang\/#primaryimage"},"thumbnailUrl":"https:\/\/newgarden.es\/wp-content\/uploads\/2024\/07\/MYKONOS_HANG_1200X1200-8.jpg","datePublished":"2024-07-17T11:20:41+00:00","dateModified":"2024-07-18T08:44:38+00:00","description":"D\u00e9couvrez la suspension Mykonos de Newgarden\u00ae pour illuminer votre int\u00e9rieur avec style. Achetez-la maintenant et donnez une touche unique \u00e0 votre espace.","breadcrumb":{"@id":"https:\/\/newgarden.es\/fr\/lampe-suspendue-sans-fil-mykonos-hang\/#breadcrumb"},"inLanguage":"fr-FR","potentialAction":[{"@type":"ReadAction","target":["https:\/\/newgarden.es\/fr\/lampe-suspendue-sans-fil-mykonos-hang\/"]}]},{"@type":"ImageObject","inLanguage":"fr-FR","@id":"https:\/\/newgarden.es\/fr\/lampe-suspendue-sans-fil-mykonos-hang\/#primaryimage","url":"https:\/\/newgarden.es\/wp-content\/uploads\/2024\/07\/MYKONOS_HANG_1200X1200-8.jpg","contentUrl":"https:\/\/newgarden.es\/wp-content\/uploads\/2024\/07\/MYKONOS_HANG_1200X1200-8.jpg","width":1200,"height":1200},{"@type":"BreadcrumbList","@id":"https:\/\/newgarden.es\/fr\/lampe-suspendue-sans-fil-mykonos-hang\/#breadcrumb","itemListElement":[{"@type":"ListItem","position":1,"name":"Home","item":"https:\/\/newgarden.es\/fr\/"},{"@type":"ListItem","position":2,"name":"Boutique","item":"https:\/\/newgarden.es\/fr\/boutique\/"},{"@type":"ListItem","position":3,"name":"LAMPE SUSPENDUE SANS FIL MIKONOS HANG"}]},{"@type":"WebSite","@id":"https:\/\/newgarden.es\/#website","url":"https:\/\/newgarden.es\/","name":"Newgarden","description":"Be happy","potentialAction":[{"@type":"SearchAction","target":{"@type":"EntryPoint","urlTemplate":"https:\/\/newgarden.es\/?s={search_term_string}"},"query-input":{"@type":"PropertyValueSpecification","valueRequired":true,"valueName":"search_term_string"}}],"inLanguage":"fr-FR"}]}},"df_price":69.9,"df_sale_price":"","df_regular_price":69.9,"df_image_link":"https:\/\/newgarden.es\/wp-content\/uploads\/2024\/07\/MYKONOS_HANG_1200X1200-8-580x400.jpg","_links":{"self":[{"href":"https:\/\/newgarden.es\/fr\/wp-json\/wp\/v2\/product\/66790"}],"collection":[{"href":"https:\/\/newgarden.es\/fr\/wp-json\/wp\/v2\/product"}],"about":[{"href":"https:\/\/newgarden.es\/fr\/wp-json\/wp\/v2\/types\/product"}],"wp:featuredmedia":[{"embeddable":true,"href":"https:\/\/newgarden.es\/fr\/wp-json\/wp\/v2\/media\/66845"}],"wp:attachment":[{"href":"https:\/\/newgarden.es\/fr\/wp-json\/wp\/v2\/media?parent=66790"}],"wp:term":[{"taxonomy":"product_cat","embeddable":true,"href":"https:\/\/newgarden.es\/fr\/wp-json\/wp\/v2\/product_cat?post=66790"},{"taxonomy":"product_tag","embeddable":true,"href":"https:\/\/newgarden.es\/fr\/wp-json\/wp\/v2\/product_tag?post=66790"}],"curies":[{"name":"wp","href":"https:\/\/api.w.org\/{rel}","templated":true}]}}