{"id":66862,"date":"2024-07-19T14:23:42","date_gmt":"2024-07-19T12:24:00","guid":{"rendered":"https:\/\/newgarden.es\/?post_type=product&#038;p=66862"},"modified":"2024-07-22T08:17:25","modified_gmt":"2024-07-22T06:17:25","slug":"guirlande-lumineuse-exterieure-neo","status":"publish","type":"product","link":"https:\/\/newgarden.es\/fr\/guirlande-lumineuse-exterieure-neo","title":{"rendered":"GUIRLANDE LUMINEUSE EXT\u00c9RIEURE NEO"},"content":{"rendered":"<section class=\"wpb-content-wrapper\"><p>[vc_row][vc_column][vc_column_text]Transformez vos espaces ext\u00e9rieurs avec la guirlande Neo, une guirlande unique. Sa forme tubulaire apporte non seulement une touche de modernit\u00e9, mais vous donne \u00e9galement la libert\u00e9 de la fa\u00e7onner selon vos besoins. Qu&rsquo;elle soit accroch\u00e9e dans un coin ou tendue le long d&rsquo;une balustrade, la guirlande Neo apporte une touche de style et d&rsquo;originalit\u00e9 \u00e0 votre espace ext\u00e9rieur.<\/p>\n<p><strong>TAILLE<\/strong><br \/>\n\u00f83 x 700 cm<br \/>\n[\/vc_column_text][\/vc_column][\/vc_row][vc_row][vc_column][vc_btn title=\u00a0\u00bbFiche technique\u00a0\u00bb style=\u00a0\u00bbcustom\u00a0\u00bb custom_background=\u00a0\u00bb#009bc2&Prime; custom_text=\u00a0\u00bb#ffffff\u00a0\u00bb link=\u00a0\u00bburl:https%3A%2F%2Facortar.link%2FkVBxBI|target:_blank|\u00a0\u00bb][vc_btn title=\u00a0\u00bbManuel d&rsquo;instrutions\u00a0\u00bb style=\u00a0\u00bbcustom\u00a0\u00bb custom_background=\u00a0\u00bb#009bc2&Prime; custom_text=\u00a0\u00bb#ffffff\u00a0\u00bb link=\u00a0\u00bburl:https%3A%2F%2Facortar.link%2F6HDVPE|target:_blank|\u00a0\u00bb el_class=\u00a0\u00bbbtn_descargar_ficha\u00a0\u00bb][\/vc_column][\/vc_row]<\/p>\n<\/section>","protected":false},"excerpt":{"rendered":"<h5>GUIRLANDE LUMINEUSE EXT\u00c9RIEURE NEO<\/h5>\n","protected":false},"featured_media":66887,"template":"","meta":[],"product_cat":[651,1575,752],"product_tag":[647,648],"class_list":{"0":"post-66862","1":"product","2":"type-product","3":"status-publish","4":"has-post-thumbnail","6":"product_cat-lightdeco-fr","7":"product_cat-guirlandes","8":"product_cat-noel","9":"product_tag-cable-fr","10":"product_tag-solaire","12":"first","13":"instock","14":"taxable","15":"shipping-taxable","16":"purchasable","17":"product-type-variable"},"yoast_head":"<!-- This site is optimized with the Yoast SEO plugin v24.2 - https:\/\/yoast.com\/wordpress\/plugins\/seo\/ -->\n<title>GUIRLANDE LUMINEUSE EXT\u00c9RIEURE NEO<\/title>\n<meta name=\"description\" content=\"Transformez vos espaces ext\u00e9rieurs avec la guirlande Neo, une guirlande unique. Sa forme tubulaire apporte non seulement une touche de modernit\u00e9, mais vous donne \u00e9galement la libert\u00e9 de la fa\u00e7onner selon vos besoins.\" \/>\n<meta name=\"robots\" content=\"index, follow, max-snippet:-1, max-image-preview:large, max-video-preview:-1\" \/>\n<link rel=\"canonical\" href=\"https:\/\/newgarden.es\/fr\/guirlande-lumineuse-exterieure-neo\/\" \/>\n<meta property=\"og:locale\" content=\"fr_FR\" \/>\n<meta property=\"og:type\" content=\"article\" \/>\n<meta property=\"og:title\" content=\"GUIRLANDE LUMINEUSE EXT\u00c9RIEURE NEO\" \/>\n<meta property=\"og:description\" content=\"Transformez vos espaces ext\u00e9rieurs avec la guirlande Neo, une guirlande unique. Sa forme tubulaire apporte non seulement une touche de modernit\u00e9, mais vous donne \u00e9galement la libert\u00e9 de la fa\u00e7onner selon vos besoins.\" \/>\n<meta property=\"og:url\" content=\"https:\/\/newgarden.es\/fr\/guirlande-lumineuse-exterieure-neo\/\" \/>\n<meta property=\"og:site_name\" content=\"Newgarden\" \/>\n<meta property=\"article:modified_time\" content=\"2024-07-22T06:17:25+00:00\" \/>\n<meta property=\"og:image\" content=\"https:\/\/newgarden.es\/wp-content\/uploads\/2024\/07\/NEO_cable_1200-3.jpg\" \/>\n\t<meta property=\"og:image:width\" content=\"1200\" \/>\n\t<meta property=\"og:image:height\" content=\"1200\" \/>\n\t<meta property=\"og:image:type\" content=\"image\/jpeg\" \/>\n<meta name=\"twitter:card\" content=\"summary_large_image\" \/>\n<meta name=\"twitter:label1\" content=\"Dur\u00e9e de lecture estim\u00e9e\" \/>\n\t<meta name=\"twitter:data1\" content=\"1 minute\" \/>\n<script type=\"application\/ld+json\" class=\"yoast-schema-graph\">{\"@context\":\"https:\/\/schema.org\",\"@graph\":[{\"@type\":\"WebPage\",\"@id\":\"https:\/\/newgarden.es\/fr\/guirlande-lumineuse-exterieure-neo\/\",\"url\":\"https:\/\/newgarden.es\/fr\/guirlande-lumineuse-exterieure-neo\/\",\"name\":\"GUIRLANDE LUMINEUSE EXT\u00c9RIEURE NEO\",\"isPartOf\":{\"@id\":\"https:\/\/newgarden.es\/#website\"},\"primaryImageOfPage\":{\"@id\":\"https:\/\/newgarden.es\/fr\/guirlande-lumineuse-exterieure-neo\/#primaryimage\"},\"image\":{\"@id\":\"https:\/\/newgarden.es\/fr\/guirlande-lumineuse-exterieure-neo\/#primaryimage\"},\"thumbnailUrl\":\"https:\/\/newgarden.es\/wp-content\/uploads\/2024\/07\/NEO_cable_1200-3.jpg\",\"datePublished\":\"2024-07-19T12:24:00+00:00\",\"dateModified\":\"2024-07-22T06:17:25+00:00\",\"description\":\"Transformez vos espaces ext\u00e9rieurs avec la guirlande Neo, une guirlande unique. Sa forme tubulaire apporte non seulement une touche de modernit\u00e9, mais vous donne \u00e9galement la libert\u00e9 de la fa\u00e7onner selon vos besoins.\",\"breadcrumb\":{\"@id\":\"https:\/\/newgarden.es\/fr\/guirlande-lumineuse-exterieure-neo\/#breadcrumb\"},\"inLanguage\":\"fr-FR\",\"potentialAction\":[{\"@type\":\"ReadAction\",\"target\":[\"https:\/\/newgarden.es\/fr\/guirlande-lumineuse-exterieure-neo\/\"]}]},{\"@type\":\"ImageObject\",\"inLanguage\":\"fr-FR\",\"@id\":\"https:\/\/newgarden.es\/fr\/guirlande-lumineuse-exterieure-neo\/#primaryimage\",\"url\":\"https:\/\/newgarden.es\/wp-content\/uploads\/2024\/07\/NEO_cable_1200-3.jpg\",\"contentUrl\":\"https:\/\/newgarden.es\/wp-content\/uploads\/2024\/07\/NEO_cable_1200-3.jpg\",\"width\":1200,\"height\":1200},{\"@type\":\"BreadcrumbList\",\"@id\":\"https:\/\/newgarden.es\/fr\/guirlande-lumineuse-exterieure-neo\/#breadcrumb\",\"itemListElement\":[{\"@type\":\"ListItem\",\"position\":1,\"name\":\"Home\",\"item\":\"https:\/\/newgarden.es\/fr\/\"},{\"@type\":\"ListItem\",\"position\":2,\"name\":\"Boutique\",\"item\":\"https:\/\/newgarden.es\/fr\/boutique\/\"},{\"@type\":\"ListItem\",\"position\":3,\"name\":\"GUIRLANDE LUMINEUSE EXT\u00c9RIEURE NEO\"}]},{\"@type\":\"WebSite\",\"@id\":\"https:\/\/newgarden.es\/#website\",\"url\":\"https:\/\/newgarden.es\/\",\"name\":\"Newgarden\",\"description\":\"Be happy\",\"potentialAction\":[{\"@type\":\"SearchAction\",\"target\":{\"@type\":\"EntryPoint\",\"urlTemplate\":\"https:\/\/newgarden.es\/?s={search_term_string}\"},\"query-input\":{\"@type\":\"PropertyValueSpecification\",\"valueRequired\":true,\"valueName\":\"search_term_string\"}}],\"inLanguage\":\"fr-FR\"}]}<\/script>\n<!-- \/ Yoast SEO plugin. -->","yoast_head_json":{"title":"GUIRLANDE LUMINEUSE EXT\u00c9RIEURE NEO","description":"Transformez vos espaces ext\u00e9rieurs avec la guirlande Neo, une guirlande unique. Sa forme tubulaire apporte non seulement une touche de modernit\u00e9, mais vous donne \u00e9galement la libert\u00e9 de la fa\u00e7onner selon vos besoins.","robots":{"index":"index","follow":"follow","max-snippet":"max-snippet:-1","max-image-preview":"max-image-preview:large","max-video-preview":"max-video-preview:-1"},"canonical":"https:\/\/newgarden.es\/fr\/guirlande-lumineuse-exterieure-neo\/","og_locale":"fr_FR","og_type":"article","og_title":"GUIRLANDE LUMINEUSE EXT\u00c9RIEURE NEO","og_description":"Transformez vos espaces ext\u00e9rieurs avec la guirlande Neo, une guirlande unique. Sa forme tubulaire apporte non seulement une touche de modernit\u00e9, mais vous donne \u00e9galement la libert\u00e9 de la fa\u00e7onner selon vos besoins.","og_url":"https:\/\/newgarden.es\/fr\/guirlande-lumineuse-exterieure-neo\/","og_site_name":"Newgarden","article_modified_time":"2024-07-22T06:17:25+00:00","og_image":[{"width":1200,"height":1200,"url":"https:\/\/newgarden.es\/wp-content\/uploads\/2024\/07\/NEO_cable_1200-3.jpg","type":"image\/jpeg"}],"twitter_card":"summary_large_image","twitter_misc":{"Dur\u00e9e de lecture estim\u00e9e":"1 minute"},"schema":{"@context":"https:\/\/schema.org","@graph":[{"@type":"WebPage","@id":"https:\/\/newgarden.es\/fr\/guirlande-lumineuse-exterieure-neo\/","url":"https:\/\/newgarden.es\/fr\/guirlande-lumineuse-exterieure-neo\/","name":"GUIRLANDE LUMINEUSE EXT\u00c9RIEURE NEO","isPartOf":{"@id":"https:\/\/newgarden.es\/#website"},"primaryImageOfPage":{"@id":"https:\/\/newgarden.es\/fr\/guirlande-lumineuse-exterieure-neo\/#primaryimage"},"image":{"@id":"https:\/\/newgarden.es\/fr\/guirlande-lumineuse-exterieure-neo\/#primaryimage"},"thumbnailUrl":"https:\/\/newgarden.es\/wp-content\/uploads\/2024\/07\/NEO_cable_1200-3.jpg","datePublished":"2024-07-19T12:24:00+00:00","dateModified":"2024-07-22T06:17:25+00:00","description":"Transformez vos espaces ext\u00e9rieurs avec la guirlande Neo, une guirlande unique. Sa forme tubulaire apporte non seulement une touche de modernit\u00e9, mais vous donne \u00e9galement la libert\u00e9 de la fa\u00e7onner selon vos besoins.","breadcrumb":{"@id":"https:\/\/newgarden.es\/fr\/guirlande-lumineuse-exterieure-neo\/#breadcrumb"},"inLanguage":"fr-FR","potentialAction":[{"@type":"ReadAction","target":["https:\/\/newgarden.es\/fr\/guirlande-lumineuse-exterieure-neo\/"]}]},{"@type":"ImageObject","inLanguage":"fr-FR","@id":"https:\/\/newgarden.es\/fr\/guirlande-lumineuse-exterieure-neo\/#primaryimage","url":"https:\/\/newgarden.es\/wp-content\/uploads\/2024\/07\/NEO_cable_1200-3.jpg","contentUrl":"https:\/\/newgarden.es\/wp-content\/uploads\/2024\/07\/NEO_cable_1200-3.jpg","width":1200,"height":1200},{"@type":"BreadcrumbList","@id":"https:\/\/newgarden.es\/fr\/guirlande-lumineuse-exterieure-neo\/#breadcrumb","itemListElement":[{"@type":"ListItem","position":1,"name":"Home","item":"https:\/\/newgarden.es\/fr\/"},{"@type":"ListItem","position":2,"name":"Boutique","item":"https:\/\/newgarden.es\/fr\/boutique\/"},{"@type":"ListItem","position":3,"name":"GUIRLANDE LUMINEUSE EXT\u00c9RIEURE NEO"}]},{"@type":"WebSite","@id":"https:\/\/newgarden.es\/#website","url":"https:\/\/newgarden.es\/","name":"Newgarden","description":"Be happy","potentialAction":[{"@type":"SearchAction","target":{"@type":"EntryPoint","urlTemplate":"https:\/\/newgarden.es\/?s={search_term_string}"},"query-input":{"@type":"PropertyValueSpecification","valueRequired":true,"valueName":"search_term_string"}}],"inLanguage":"fr-FR"}]}},"df_price":134.1,"df_sale_price":"","df_regular_price":134.1,"df_image_link":"https:\/\/newgarden.es\/wp-content\/uploads\/2024\/07\/NEO_cable_1200-3-580x400.jpg","_links":{"self":[{"href":"https:\/\/newgarden.es\/fr\/wp-json\/wp\/v2\/product\/66862"}],"collection":[{"href":"https:\/\/newgarden.es\/fr\/wp-json\/wp\/v2\/product"}],"about":[{"href":"https:\/\/newgarden.es\/fr\/wp-json\/wp\/v2\/types\/product"}],"wp:featuredmedia":[{"embeddable":true,"href":"https:\/\/newgarden.es\/fr\/wp-json\/wp\/v2\/media\/66887"}],"wp:attachment":[{"href":"https:\/\/newgarden.es\/fr\/wp-json\/wp\/v2\/media?parent=66862"}],"wp:term":[{"taxonomy":"product_cat","embeddable":true,"href":"https:\/\/newgarden.es\/fr\/wp-json\/wp\/v2\/product_cat?post=66862"},{"taxonomy":"product_tag","embeddable":true,"href":"https:\/\/newgarden.es\/fr\/wp-json\/wp\/v2\/product_tag?post=66862"}],"curies":[{"name":"wp","href":"https:\/\/api.w.org\/{rel}","templated":true}]}}