{"id":67010,"date":"2024-07-22T10:45:57","date_gmt":"2024-07-22T08:46:10","guid":{"rendered":"https:\/\/newgarden.es\/?post_type=product&#038;p=67010"},"modified":"2024-07-22T11:13:53","modified_gmt":"2024-07-22T09:13:53","slug":"ampoule-portable-rechargeable-banana","status":"publish","type":"product","link":"https:\/\/newgarden.es\/fr\/ampoule-portable-rechargeable-banana","title":{"rendered":"LAMPE PORTABLE RECHARGEABLE BANANA"},"content":{"rendered":"<section class=\"wpb-content-wrapper\"><p>[vc_row][vc_column][vc_column_text][\/vc_column_text][\/vc_column][\/vc_row][vc_row][vc_column][vc_column_text]La lampe sans fil Banana allie design et fonctionnalit\u00e9. Avec une longueur de 35 cm, sa forme unique ajoute une touche de modernit\u00e9 \u00e0 vos espaces ext\u00e9rieurs.<\/p>\n<p>La polyvalence de la lampe Banana est soulign\u00e9e par sa conception sans fil, qui ne n\u00e9cessite aucune installation. Vous pouvez facilement la placer n&rsquo;importe o\u00f9 gr\u00e2ce \u00e0 ses aimants int\u00e9gr\u00e9s ou \u00e0 ses bandes autocollantes (incluses), ce qui vous permet de cr\u00e9er une ambiance lumineuse dans n&rsquo;importe quel coin de votre jardin, de votre terrasse ou de votre patio ext\u00e9rieur.<\/p>\n<p>Avec trois intensit\u00e9s lumineuses r\u00e9glables, une lumi\u00e8re chaude et une lumi\u00e8re RVB, cette lampe vous offre une exp\u00e9rience d&rsquo;\u00e9clairage personnalis\u00e9e pour chaque occasion. Contr\u00f4lez l&rsquo;atmosph\u00e8re \u00e0 l&rsquo;aide de la t\u00e9l\u00e9commande pratique fournie, en adaptant la lumi\u00e8re \u00e0 vos pr\u00e9f\u00e9rences et en cr\u00e9ant l&rsquo;ambiance parfaite pour les d\u00eeners, les f\u00eates ou les moments de d\u00e9tente.<\/p>\n<p>\u00c9quip\u00e9e d&rsquo;une batterie rechargeable, la lampe Banana garantit jusqu&rsquo;\u00e0 20 heures d&rsquo;\u00e9clairage continu, offrant ainsi une solution efficace et durable. La combinaison de la lumi\u00e8re RVB et de la lumi\u00e8re blanche 3000K ajoute de l&rsquo;\u00e9l\u00e9gance et de la modernit\u00e9 \u00e0 vos espaces ext\u00e9rieurs, transformant vos soir\u00e9es en exp\u00e9riences uniques.<\/p>\n<p>D\u00e9couvrez l&rsquo;\u00e9volution de l&rsquo;\u00e9clairage ext\u00e9rieur avec ce produit innovant qui allie technologie, design et praticit\u00e9, red\u00e9finissant la mani\u00e8re dont vous \u00e9clairez et d\u00e9corez vos espaces ext\u00e9rieurs.<\/p>\n<p><strong>TAILLE<\/strong><br \/>\n5 x 5 x 12 cm<br \/>\n[\/vc_column_text][\/vc_column][\/vc_row][vc_row][vc_column width=\u00a0\u00bb1\/2&Prime;][vc_btn title=\u00a0\u00bbFiche technique\u00a0\u00bb style=\u00a0\u00bbcustom\u00a0\u00bb custom_background=\u00a0\u00bb#009bc2&Prime; custom_text=\u00a0\u00bb#ffffff\u00a0\u00bb shape=\u00a0\u00bbsquare\u00a0\u00bb link=\u00a0\u00bburl:https%3A%2F%2Facortar.link%2Fh5RGq2|target:_blank|\u00a0\u00bb el_class=\u00a0\u00bbbtn_descargar_ficha\u00a0\u00bb][vc_btn title=\u00a0\u00bbManuel d&rsquo;instrutions\u00a0\u00bb style=\u00a0\u00bbcustom\u00a0\u00bb custom_background=\u00a0\u00bb#009bc2&Prime; custom_text=\u00a0\u00bb#ffffff\u00a0\u00bb shape=\u00a0\u00bbsquare\u00a0\u00bb link=\u00a0\u00bburl:https%3A%2F%2Facortar.link%2FTTkkpZ|target:_blank|\u00a0\u00bb el_class=\u00a0\u00bbbtn_descargar_ficha\u00a0\u00bb][\/vc_column][vc_column][\/vc_column][\/vc_row]<\/p>\n<\/section>","protected":false},"excerpt":{"rendered":"<h6>Ampoule portable rechargeable BANANA<\/h6>\n","protected":false},"featured_media":67035,"template":"","meta":[],"product_cat":[651,754],"product_tag":[653,707],"class_list":{"0":"post-67010","1":"product","2":"type-product","3":"status-publish","4":"has-post-thumbnail","6":"product_cat-lightdeco-fr","7":"product_cat-portables","8":"product_tag-batterie","9":"product_tag-sans-fil","11":"first","12":"instock","13":"taxable","14":"shipping-taxable","15":"purchasable","16":"product-type-variable"},"yoast_head":"<!-- This site is optimized with the Yoast SEO plugin v24.2 - https:\/\/yoast.com\/wordpress\/plugins\/seo\/ -->\n<title>AMPOULE PORTABLE RECHARGEABLE LIMA<\/title>\n<meta name=\"description\" content=\"La lampe sans fil Banana allie design et fonctionnalit\u00e9. Avec une longueur de 35 cm, sa forme unique ajoute une touche de modernit\u00e9 \u00e0 vos espaces ext\u00e9rieurs.\" \/>\n<meta name=\"robots\" content=\"index, follow, max-snippet:-1, max-image-preview:large, max-video-preview:-1\" \/>\n<link rel=\"canonical\" href=\"https:\/\/newgarden.es\/fr\/ampoule-portable-rechargeable-banana\/\" \/>\n<meta property=\"og:locale\" content=\"fr_FR\" \/>\n<meta property=\"og:type\" content=\"article\" \/>\n<meta property=\"og:title\" content=\"AMPOULE PORTABLE RECHARGEABLE LIMA\" \/>\n<meta property=\"og:description\" content=\"La lampe sans fil Banana allie design et fonctionnalit\u00e9. Avec une longueur de 35 cm, sa forme unique ajoute une touche de modernit\u00e9 \u00e0 vos espaces ext\u00e9rieurs.\" \/>\n<meta property=\"og:url\" content=\"https:\/\/newgarden.es\/fr\/ampoule-portable-rechargeable-banana\/\" \/>\n<meta property=\"og:site_name\" content=\"Newgarden\" \/>\n<meta property=\"article:modified_time\" content=\"2024-07-22T09:13:53+00:00\" \/>\n<meta property=\"og:image\" content=\"https:\/\/newgarden.es\/wp-content\/uploads\/2024\/07\/BANANA_1200X1200-4.jpg\" \/>\n\t<meta property=\"og:image:width\" content=\"1200\" \/>\n\t<meta property=\"og:image:height\" content=\"1200\" \/>\n\t<meta property=\"og:image:type\" content=\"image\/jpeg\" \/>\n<meta name=\"twitter:card\" content=\"summary_large_image\" \/>\n<meta name=\"twitter:label1\" content=\"Dur\u00e9e de lecture estim\u00e9e\" \/>\n\t<meta name=\"twitter:data1\" content=\"2 minutes\" \/>\n<script type=\"application\/ld+json\" class=\"yoast-schema-graph\">{\"@context\":\"https:\/\/schema.org\",\"@graph\":[{\"@type\":\"WebPage\",\"@id\":\"https:\/\/newgarden.es\/fr\/ampoule-portable-rechargeable-banana\/\",\"url\":\"https:\/\/newgarden.es\/fr\/ampoule-portable-rechargeable-banana\/\",\"name\":\"AMPOULE PORTABLE RECHARGEABLE LIMA\",\"isPartOf\":{\"@id\":\"https:\/\/newgarden.es\/#website\"},\"primaryImageOfPage\":{\"@id\":\"https:\/\/newgarden.es\/fr\/ampoule-portable-rechargeable-banana\/#primaryimage\"},\"image\":{\"@id\":\"https:\/\/newgarden.es\/fr\/ampoule-portable-rechargeable-banana\/#primaryimage\"},\"thumbnailUrl\":\"https:\/\/newgarden.es\/wp-content\/uploads\/2024\/07\/BANANA_1200X1200-4.jpg\",\"datePublished\":\"2024-07-22T08:46:10+00:00\",\"dateModified\":\"2024-07-22T09:13:53+00:00\",\"description\":\"La lampe sans fil Banana allie design et fonctionnalit\u00e9. Avec une longueur de 35 cm, sa forme unique ajoute une touche de modernit\u00e9 \u00e0 vos espaces ext\u00e9rieurs.\",\"breadcrumb\":{\"@id\":\"https:\/\/newgarden.es\/fr\/ampoule-portable-rechargeable-banana\/#breadcrumb\"},\"inLanguage\":\"fr-FR\",\"potentialAction\":[{\"@type\":\"ReadAction\",\"target\":[\"https:\/\/newgarden.es\/fr\/ampoule-portable-rechargeable-banana\/\"]}]},{\"@type\":\"ImageObject\",\"inLanguage\":\"fr-FR\",\"@id\":\"https:\/\/newgarden.es\/fr\/ampoule-portable-rechargeable-banana\/#primaryimage\",\"url\":\"https:\/\/newgarden.es\/wp-content\/uploads\/2024\/07\/BANANA_1200X1200-4.jpg\",\"contentUrl\":\"https:\/\/newgarden.es\/wp-content\/uploads\/2024\/07\/BANANA_1200X1200-4.jpg\",\"width\":1200,\"height\":1200},{\"@type\":\"BreadcrumbList\",\"@id\":\"https:\/\/newgarden.es\/fr\/ampoule-portable-rechargeable-banana\/#breadcrumb\",\"itemListElement\":[{\"@type\":\"ListItem\",\"position\":1,\"name\":\"Home\",\"item\":\"https:\/\/newgarden.es\/fr\/\"},{\"@type\":\"ListItem\",\"position\":2,\"name\":\"Boutique\",\"item\":\"https:\/\/newgarden.es\/fr\/boutique\/\"},{\"@type\":\"ListItem\",\"position\":3,\"name\":\"LAMPE PORTABLE RECHARGEABLE BANANA\"}]},{\"@type\":\"WebSite\",\"@id\":\"https:\/\/newgarden.es\/#website\",\"url\":\"https:\/\/newgarden.es\/\",\"name\":\"Newgarden\",\"description\":\"Be happy\",\"potentialAction\":[{\"@type\":\"SearchAction\",\"target\":{\"@type\":\"EntryPoint\",\"urlTemplate\":\"https:\/\/newgarden.es\/?s={search_term_string}\"},\"query-input\":{\"@type\":\"PropertyValueSpecification\",\"valueRequired\":true,\"valueName\":\"search_term_string\"}}],\"inLanguage\":\"fr-FR\"}]}<\/script>\n<!-- \/ Yoast SEO plugin. -->","yoast_head_json":{"title":"AMPOULE PORTABLE RECHARGEABLE LIMA","description":"La lampe sans fil Banana allie design et fonctionnalit\u00e9. Avec une longueur de 35 cm, sa forme unique ajoute une touche de modernit\u00e9 \u00e0 vos espaces ext\u00e9rieurs.","robots":{"index":"index","follow":"follow","max-snippet":"max-snippet:-1","max-image-preview":"max-image-preview:large","max-video-preview":"max-video-preview:-1"},"canonical":"https:\/\/newgarden.es\/fr\/ampoule-portable-rechargeable-banana\/","og_locale":"fr_FR","og_type":"article","og_title":"AMPOULE PORTABLE RECHARGEABLE LIMA","og_description":"La lampe sans fil Banana allie design et fonctionnalit\u00e9. Avec une longueur de 35 cm, sa forme unique ajoute une touche de modernit\u00e9 \u00e0 vos espaces ext\u00e9rieurs.","og_url":"https:\/\/newgarden.es\/fr\/ampoule-portable-rechargeable-banana\/","og_site_name":"Newgarden","article_modified_time":"2024-07-22T09:13:53+00:00","og_image":[{"width":1200,"height":1200,"url":"https:\/\/newgarden.es\/wp-content\/uploads\/2024\/07\/BANANA_1200X1200-4.jpg","type":"image\/jpeg"}],"twitter_card":"summary_large_image","twitter_misc":{"Dur\u00e9e de lecture estim\u00e9e":"2 minutes"},"schema":{"@context":"https:\/\/schema.org","@graph":[{"@type":"WebPage","@id":"https:\/\/newgarden.es\/fr\/ampoule-portable-rechargeable-banana\/","url":"https:\/\/newgarden.es\/fr\/ampoule-portable-rechargeable-banana\/","name":"AMPOULE PORTABLE RECHARGEABLE LIMA","isPartOf":{"@id":"https:\/\/newgarden.es\/#website"},"primaryImageOfPage":{"@id":"https:\/\/newgarden.es\/fr\/ampoule-portable-rechargeable-banana\/#primaryimage"},"image":{"@id":"https:\/\/newgarden.es\/fr\/ampoule-portable-rechargeable-banana\/#primaryimage"},"thumbnailUrl":"https:\/\/newgarden.es\/wp-content\/uploads\/2024\/07\/BANANA_1200X1200-4.jpg","datePublished":"2024-07-22T08:46:10+00:00","dateModified":"2024-07-22T09:13:53+00:00","description":"La lampe sans fil Banana allie design et fonctionnalit\u00e9. Avec une longueur de 35 cm, sa forme unique ajoute une touche de modernit\u00e9 \u00e0 vos espaces ext\u00e9rieurs.","breadcrumb":{"@id":"https:\/\/newgarden.es\/fr\/ampoule-portable-rechargeable-banana\/#breadcrumb"},"inLanguage":"fr-FR","potentialAction":[{"@type":"ReadAction","target":["https:\/\/newgarden.es\/fr\/ampoule-portable-rechargeable-banana\/"]}]},{"@type":"ImageObject","inLanguage":"fr-FR","@id":"https:\/\/newgarden.es\/fr\/ampoule-portable-rechargeable-banana\/#primaryimage","url":"https:\/\/newgarden.es\/wp-content\/uploads\/2024\/07\/BANANA_1200X1200-4.jpg","contentUrl":"https:\/\/newgarden.es\/wp-content\/uploads\/2024\/07\/BANANA_1200X1200-4.jpg","width":1200,"height":1200},{"@type":"BreadcrumbList","@id":"https:\/\/newgarden.es\/fr\/ampoule-portable-rechargeable-banana\/#breadcrumb","itemListElement":[{"@type":"ListItem","position":1,"name":"Home","item":"https:\/\/newgarden.es\/fr\/"},{"@type":"ListItem","position":2,"name":"Boutique","item":"https:\/\/newgarden.es\/fr\/boutique\/"},{"@type":"ListItem","position":3,"name":"LAMPE PORTABLE RECHARGEABLE BANANA"}]},{"@type":"WebSite","@id":"https:\/\/newgarden.es\/#website","url":"https:\/\/newgarden.es\/","name":"Newgarden","description":"Be happy","potentialAction":[{"@type":"SearchAction","target":{"@type":"EntryPoint","urlTemplate":"https:\/\/newgarden.es\/?s={search_term_string}"},"query-input":{"@type":"PropertyValueSpecification","valueRequired":true,"valueName":"search_term_string"}}],"inLanguage":"fr-FR"}]}},"df_price":341.6,"df_sale_price":"","df_regular_price":341.6,"df_image_link":"https:\/\/newgarden.es\/wp-content\/uploads\/2024\/07\/BANANA_1200X1200-4-580x400.jpg","_links":{"self":[{"href":"https:\/\/newgarden.es\/fr\/wp-json\/wp\/v2\/product\/67010"}],"collection":[{"href":"https:\/\/newgarden.es\/fr\/wp-json\/wp\/v2\/product"}],"about":[{"href":"https:\/\/newgarden.es\/fr\/wp-json\/wp\/v2\/types\/product"}],"wp:featuredmedia":[{"embeddable":true,"href":"https:\/\/newgarden.es\/fr\/wp-json\/wp\/v2\/media\/67035"}],"wp:attachment":[{"href":"https:\/\/newgarden.es\/fr\/wp-json\/wp\/v2\/media?parent=67010"}],"wp:term":[{"taxonomy":"product_cat","embeddable":true,"href":"https:\/\/newgarden.es\/fr\/wp-json\/wp\/v2\/product_cat?post=67010"},{"taxonomy":"product_tag","embeddable":true,"href":"https:\/\/newgarden.es\/fr\/wp-json\/wp\/v2\/product_tag?post=67010"}],"curies":[{"name":"wp","href":"https:\/\/api.w.org\/{rel}","templated":true}]}}