{"id":67075,"date":"2024-08-02T10:10:36","date_gmt":"2024-08-02T08:10:51","guid":{"rendered":"https:\/\/newgarden.es\/?post_type=product&#038;p=67075"},"modified":"2024-08-02T10:44:12","modified_gmt":"2024-08-02T08:44:12","slug":"coco-ampoule-flottante-portable","status":"publish","type":"product","link":"https:\/\/newgarden.es\/fr\/coco-ampoule-flottante-portable","title":{"rendered":"COCO AMPOULE FLOTTANTE PORTABLE"},"content":{"rendered":"<section class=\"wpb-content-wrapper\"><p>[vc_row][vc_column][vc_column_text][\/vc_column_text][\/vc_column][\/vc_row][vc_row][vc_column][vc_column_text]D\u00e9couvrez l&rsquo;ampoule d&rsquo;ext\u00e9rieur Coco. Son design est fonctionnel, car vous pouvez l&rsquo;utiliser comme lampe de table ou comme lampe suspendue gr\u00e2ce \u00e0 son crochet. Vous pouvez \u00e9galement l&rsquo;utiliser comme \u00e9clairage de piscine. Cette caract\u00e9ristique vous donne la libert\u00e9 de cr\u00e9er des atmosph\u00e8res captivantes dans tous les coins de votre jardin, terrasse ou patio.<\/p>\n<p>La lampe Coco n&rsquo;est pas limit\u00e9e \u00e0 la terre ferme, puisqu&rsquo;elle flotte sur l&rsquo;eau, ce qui en fait le choix id\u00e9al pour \u00e9clairer les piscines et ajouter une touche de luxe \u00e0 vos moments en plein air. Imaginez des soir\u00e9es relaxantes au bord de la piscine avec la douce lumi\u00e8re \u00e9manant de la Coco, cr\u00e9ant une atmosph\u00e8re magique et m\u00e9morable.<\/p>\n<p>\u00c9quip\u00e9e d&rsquo;une batterie rechargeable \u00e0 charge magn\u00e9tique, l&rsquo;ampoule Coco offre jusqu&rsquo;\u00e0 20 heures d&rsquo;\u00e9clairage sans effort. Gr\u00e2ce \u00e0 sa t\u00e9l\u00e9commande, vous pouvez facilement g\u00e9rer les options d&rsquo;\u00e9clairage, qui comprennent une large gamme de couleurs RVB et de lumi\u00e8re blanche jusqu&rsquo;\u00e0 3000 K et 900 lumens. R\u00e9glez l&rsquo;intensit\u00e9 et la tonalit\u00e9 de la lumi\u00e8re en fonction de vos pr\u00e9f\u00e9rences, en l&rsquo;adaptant \u00e0 chaque occasion.<\/p>\n<p>Vous pouvez combiner plusieurs lampes Coco pour cr\u00e9er une exp\u00e9rience d&rsquo;\u00e9clairage ext\u00e9rieur unique et personnalis\u00e9e, transformant chaque coin en une toile de fond captivante. L&rsquo;\u00e9l\u00e9gance et la fonctionnalit\u00e9 de la lampe Coco rehaussent vos soir\u00e9es en plein air, illuminant vos moments avec une touche de luxe et de distinction.<\/p>\n<p><strong>TAILLE<\/strong><br \/>\n\u00f811 x 8 cm<br \/>\n[\/vc_column_text][\/vc_column][\/vc_row][vc_row][vc_column width=\u00a0\u00bb1\/2&Prime;][vc_btn title=\u00a0\u00bbDONN\u00c9ES TECHNIQUES\u00a0\u00bb style=\u00a0\u00bbcustom\u00a0\u00bb custom_background=\u00a0\u00bb#009bc2&Prime; custom_text=\u00a0\u00bb#ffffff\u00a0\u00bb shape=\u00a0\u00bbsquare\u00a0\u00bb link=\u00a0\u00bburl:https%3A%2F%2Facortar.link%2FkVBxBI|target:_blank|\u00a0\u00bb el_class=\u00a0\u00bbbtn_descargar_ficha\u00a0\u00bb][\/vc_column][vc_column width=\u00a0\u00bb1\/2&Prime;][vc_btn title=\u00a0\u00bbManuel d&rsquo;instrutions\u00a0\u00bb style=\u00a0\u00bbcustom\u00a0\u00bb custom_background=\u00a0\u00bb#009bc2&Prime; custom_text=\u00a0\u00bb#ffffff\u00a0\u00bb shape=\u00a0\u00bbsquare\u00a0\u00bb link=\u00a0\u00bburl:https%3A%2F%2Facortar.link%2FkVBxBI|target:_blank|\u00a0\u00bb el_class=\u00a0\u00bbbtn_descargar_ficha\u00a0\u00bb][\/vc_column][vc_column][\/vc_column][\/vc_row]<\/p>\n<\/section>","protected":false},"excerpt":{"rendered":"<h6>COCO AMPOULE FLOTTANTE PORTABLE<\/h6>\n","protected":false},"featured_media":67101,"template":"","meta":[],"product_cat":[651,754],"product_tag":[653,707],"class_list":{"0":"post-67075","1":"product","2":"type-product","3":"status-publish","4":"has-post-thumbnail","6":"product_cat-lightdeco-fr","7":"product_cat-portables","8":"product_tag-batterie","9":"product_tag-sans-fil","11":"first","12":"instock","13":"taxable","14":"shipping-taxable","15":"purchasable","16":"product-type-variable"},"yoast_head":"<!-- This site is optimized with the Yoast SEO plugin v24.2 - https:\/\/yoast.com\/wordpress\/plugins\/seo\/ -->\n<title>COCO AMPOULE FLOTTANTE PORTABLE<\/title>\n<meta name=\"description\" content=\"D\u00e9couvrez l&#039;ampoule d&#039;ext\u00e9rieur Coco. Son design est fonctionnel, car vous pouvez l&#039;utiliser comme lampe de table ou comme lampe suspendue gr\u00e2ce \u00e0 son crochet. Vous pouvez \u00e9galement l&#039;utiliser comme \u00e9clairage de piscine. Cette caract\u00e9ristique vous donne la libert\u00e9 de cr\u00e9er des atmosph\u00e8res captivantes dans tous les coins de votre jardin, terrasse ou patio.\" \/>\n<meta name=\"robots\" content=\"index, follow, max-snippet:-1, max-image-preview:large, max-video-preview:-1\" \/>\n<link rel=\"canonical\" href=\"https:\/\/newgarden.es\/fr\/coco-ampoule-flottante-portable\/\" \/>\n<meta property=\"og:locale\" content=\"fr_FR\" \/>\n<meta property=\"og:type\" content=\"article\" \/>\n<meta property=\"og:title\" content=\"COCO AMPOULE FLOTTANTE PORTABLE\" \/>\n<meta property=\"og:description\" content=\"D\u00e9couvrez l&#039;ampoule d&#039;ext\u00e9rieur Coco. Son design est fonctionnel, car vous pouvez l&#039;utiliser comme lampe de table ou comme lampe suspendue gr\u00e2ce \u00e0 son crochet. Vous pouvez \u00e9galement l&#039;utiliser comme \u00e9clairage de piscine. Cette caract\u00e9ristique vous donne la libert\u00e9 de cr\u00e9er des atmosph\u00e8res captivantes dans tous les coins de votre jardin, terrasse ou patio.\" \/>\n<meta property=\"og:url\" content=\"https:\/\/newgarden.es\/fr\/coco-ampoule-flottante-portable\/\" \/>\n<meta property=\"og:site_name\" content=\"Newgarden\" \/>\n<meta property=\"article:modified_time\" content=\"2024-08-02T08:44:12+00:00\" \/>\n<meta property=\"og:image\" content=\"https:\/\/newgarden.es\/wp-content\/uploads\/2024\/08\/COCO_1200X1200-3.jpg\" \/>\n\t<meta property=\"og:image:width\" content=\"1200\" \/>\n\t<meta property=\"og:image:height\" content=\"1200\" \/>\n\t<meta property=\"og:image:type\" content=\"image\/jpeg\" \/>\n<meta name=\"twitter:card\" content=\"summary_large_image\" \/>\n<meta name=\"twitter:label1\" content=\"Dur\u00e9e de lecture estim\u00e9e\" \/>\n\t<meta name=\"twitter:data1\" content=\"2 minutes\" \/>\n<script type=\"application\/ld+json\" class=\"yoast-schema-graph\">{\"@context\":\"https:\/\/schema.org\",\"@graph\":[{\"@type\":\"WebPage\",\"@id\":\"https:\/\/newgarden.es\/fr\/coco-ampoule-flottante-portable\/\",\"url\":\"https:\/\/newgarden.es\/fr\/coco-ampoule-flottante-portable\/\",\"name\":\"COCO AMPOULE FLOTTANTE PORTABLE\",\"isPartOf\":{\"@id\":\"https:\/\/newgarden.es\/#website\"},\"primaryImageOfPage\":{\"@id\":\"https:\/\/newgarden.es\/fr\/coco-ampoule-flottante-portable\/#primaryimage\"},\"image\":{\"@id\":\"https:\/\/newgarden.es\/fr\/coco-ampoule-flottante-portable\/#primaryimage\"},\"thumbnailUrl\":\"https:\/\/newgarden.es\/wp-content\/uploads\/2024\/08\/COCO_1200X1200-3.jpg\",\"datePublished\":\"2024-08-02T08:10:51+00:00\",\"dateModified\":\"2024-08-02T08:44:12+00:00\",\"description\":\"D\u00e9couvrez l'ampoule d'ext\u00e9rieur Coco. Son design est fonctionnel, car vous pouvez l'utiliser comme lampe de table ou comme lampe suspendue gr\u00e2ce \u00e0 son crochet. Vous pouvez \u00e9galement l'utiliser comme \u00e9clairage de piscine. Cette caract\u00e9ristique vous donne la libert\u00e9 de cr\u00e9er des atmosph\u00e8res captivantes dans tous les coins de votre jardin, terrasse ou patio.\",\"breadcrumb\":{\"@id\":\"https:\/\/newgarden.es\/fr\/coco-ampoule-flottante-portable\/#breadcrumb\"},\"inLanguage\":\"fr-FR\",\"potentialAction\":[{\"@type\":\"ReadAction\",\"target\":[\"https:\/\/newgarden.es\/fr\/coco-ampoule-flottante-portable\/\"]}]},{\"@type\":\"ImageObject\",\"inLanguage\":\"fr-FR\",\"@id\":\"https:\/\/newgarden.es\/fr\/coco-ampoule-flottante-portable\/#primaryimage\",\"url\":\"https:\/\/newgarden.es\/wp-content\/uploads\/2024\/08\/COCO_1200X1200-3.jpg\",\"contentUrl\":\"https:\/\/newgarden.es\/wp-content\/uploads\/2024\/08\/COCO_1200X1200-3.jpg\",\"width\":1200,\"height\":1200},{\"@type\":\"BreadcrumbList\",\"@id\":\"https:\/\/newgarden.es\/fr\/coco-ampoule-flottante-portable\/#breadcrumb\",\"itemListElement\":[{\"@type\":\"ListItem\",\"position\":1,\"name\":\"Home\",\"item\":\"https:\/\/newgarden.es\/fr\/\"},{\"@type\":\"ListItem\",\"position\":2,\"name\":\"Boutique\",\"item\":\"https:\/\/newgarden.es\/fr\/boutique\/\"},{\"@type\":\"ListItem\",\"position\":3,\"name\":\"COCO AMPOULE FLOTTANTE PORTABLE\"}]},{\"@type\":\"WebSite\",\"@id\":\"https:\/\/newgarden.es\/#website\",\"url\":\"https:\/\/newgarden.es\/\",\"name\":\"Newgarden\",\"description\":\"Be happy\",\"potentialAction\":[{\"@type\":\"SearchAction\",\"target\":{\"@type\":\"EntryPoint\",\"urlTemplate\":\"https:\/\/newgarden.es\/?s={search_term_string}\"},\"query-input\":{\"@type\":\"PropertyValueSpecification\",\"valueRequired\":true,\"valueName\":\"search_term_string\"}}],\"inLanguage\":\"fr-FR\"}]}<\/script>\n<!-- \/ Yoast SEO plugin. -->","yoast_head_json":{"title":"COCO AMPOULE FLOTTANTE PORTABLE","description":"D\u00e9couvrez l'ampoule d'ext\u00e9rieur Coco. Son design est fonctionnel, car vous pouvez l'utiliser comme lampe de table ou comme lampe suspendue gr\u00e2ce \u00e0 son crochet. Vous pouvez \u00e9galement l'utiliser comme \u00e9clairage de piscine. Cette caract\u00e9ristique vous donne la libert\u00e9 de cr\u00e9er des atmosph\u00e8res captivantes dans tous les coins de votre jardin, terrasse ou patio.","robots":{"index":"index","follow":"follow","max-snippet":"max-snippet:-1","max-image-preview":"max-image-preview:large","max-video-preview":"max-video-preview:-1"},"canonical":"https:\/\/newgarden.es\/fr\/coco-ampoule-flottante-portable\/","og_locale":"fr_FR","og_type":"article","og_title":"COCO AMPOULE FLOTTANTE PORTABLE","og_description":"D\u00e9couvrez l'ampoule d'ext\u00e9rieur Coco. Son design est fonctionnel, car vous pouvez l'utiliser comme lampe de table ou comme lampe suspendue gr\u00e2ce \u00e0 son crochet. Vous pouvez \u00e9galement l'utiliser comme \u00e9clairage de piscine. Cette caract\u00e9ristique vous donne la libert\u00e9 de cr\u00e9er des atmosph\u00e8res captivantes dans tous les coins de votre jardin, terrasse ou patio.","og_url":"https:\/\/newgarden.es\/fr\/coco-ampoule-flottante-portable\/","og_site_name":"Newgarden","article_modified_time":"2024-08-02T08:44:12+00:00","og_image":[{"width":1200,"height":1200,"url":"https:\/\/newgarden.es\/wp-content\/uploads\/2024\/08\/COCO_1200X1200-3.jpg","type":"image\/jpeg"}],"twitter_card":"summary_large_image","twitter_misc":{"Dur\u00e9e de lecture estim\u00e9e":"2 minutes"},"schema":{"@context":"https:\/\/schema.org","@graph":[{"@type":"WebPage","@id":"https:\/\/newgarden.es\/fr\/coco-ampoule-flottante-portable\/","url":"https:\/\/newgarden.es\/fr\/coco-ampoule-flottante-portable\/","name":"COCO AMPOULE FLOTTANTE PORTABLE","isPartOf":{"@id":"https:\/\/newgarden.es\/#website"},"primaryImageOfPage":{"@id":"https:\/\/newgarden.es\/fr\/coco-ampoule-flottante-portable\/#primaryimage"},"image":{"@id":"https:\/\/newgarden.es\/fr\/coco-ampoule-flottante-portable\/#primaryimage"},"thumbnailUrl":"https:\/\/newgarden.es\/wp-content\/uploads\/2024\/08\/COCO_1200X1200-3.jpg","datePublished":"2024-08-02T08:10:51+00:00","dateModified":"2024-08-02T08:44:12+00:00","description":"D\u00e9couvrez l'ampoule d'ext\u00e9rieur Coco. Son design est fonctionnel, car vous pouvez l'utiliser comme lampe de table ou comme lampe suspendue gr\u00e2ce \u00e0 son crochet. Vous pouvez \u00e9galement l'utiliser comme \u00e9clairage de piscine. Cette caract\u00e9ristique vous donne la libert\u00e9 de cr\u00e9er des atmosph\u00e8res captivantes dans tous les coins de votre jardin, terrasse ou patio.","breadcrumb":{"@id":"https:\/\/newgarden.es\/fr\/coco-ampoule-flottante-portable\/#breadcrumb"},"inLanguage":"fr-FR","potentialAction":[{"@type":"ReadAction","target":["https:\/\/newgarden.es\/fr\/coco-ampoule-flottante-portable\/"]}]},{"@type":"ImageObject","inLanguage":"fr-FR","@id":"https:\/\/newgarden.es\/fr\/coco-ampoule-flottante-portable\/#primaryimage","url":"https:\/\/newgarden.es\/wp-content\/uploads\/2024\/08\/COCO_1200X1200-3.jpg","contentUrl":"https:\/\/newgarden.es\/wp-content\/uploads\/2024\/08\/COCO_1200X1200-3.jpg","width":1200,"height":1200},{"@type":"BreadcrumbList","@id":"https:\/\/newgarden.es\/fr\/coco-ampoule-flottante-portable\/#breadcrumb","itemListElement":[{"@type":"ListItem","position":1,"name":"Home","item":"https:\/\/newgarden.es\/fr\/"},{"@type":"ListItem","position":2,"name":"Boutique","item":"https:\/\/newgarden.es\/fr\/boutique\/"},{"@type":"ListItem","position":3,"name":"COCO AMPOULE FLOTTANTE PORTABLE"}]},{"@type":"WebSite","@id":"https:\/\/newgarden.es\/#website","url":"https:\/\/newgarden.es\/","name":"Newgarden","description":"Be happy","potentialAction":[{"@type":"SearchAction","target":{"@type":"EntryPoint","urlTemplate":"https:\/\/newgarden.es\/?s={search_term_string}"},"query-input":{"@type":"PropertyValueSpecification","valueRequired":true,"valueName":"search_term_string"}}],"inLanguage":"fr-FR"}]}},"df_price":42.7,"df_sale_price":"","df_regular_price":42.7,"df_image_link":"https:\/\/newgarden.es\/wp-content\/uploads\/2024\/08\/COCO_1200X1200-3-580x400.jpg","_links":{"self":[{"href":"https:\/\/newgarden.es\/fr\/wp-json\/wp\/v2\/product\/67075"}],"collection":[{"href":"https:\/\/newgarden.es\/fr\/wp-json\/wp\/v2\/product"}],"about":[{"href":"https:\/\/newgarden.es\/fr\/wp-json\/wp\/v2\/types\/product"}],"wp:featuredmedia":[{"embeddable":true,"href":"https:\/\/newgarden.es\/fr\/wp-json\/wp\/v2\/media\/67101"}],"wp:attachment":[{"href":"https:\/\/newgarden.es\/fr\/wp-json\/wp\/v2\/media?parent=67075"}],"wp:term":[{"taxonomy":"product_cat","embeddable":true,"href":"https:\/\/newgarden.es\/fr\/wp-json\/wp\/v2\/product_cat?post=67075"},{"taxonomy":"product_tag","embeddable":true,"href":"https:\/\/newgarden.es\/fr\/wp-json\/wp\/v2\/product_tag?post=67075"}],"curies":[{"name":"wp","href":"https:\/\/api.w.org\/{rel}","templated":true}]}}