{"id":67139,"date":"2024-08-02T11:08:46","date_gmt":"2024-08-02T09:08:59","guid":{"rendered":"https:\/\/newgarden.es\/?post_type=product&#038;p=67139"},"modified":"2024-08-02T11:45:22","modified_gmt":"2024-08-02T09:45:22","slug":"roll-4-lampe-murale-sans-fil","status":"publish","type":"product","link":"https:\/\/newgarden.es\/fr\/roll-4-lampe-murale-sans-fil","title":{"rendered":"LAMPE MURALE D&rsquo;INTERIEUR SANS FIL RONDE ROLL 4"},"content":{"rendered":"<section class=\"wpb-content-wrapper\"><p>[vc_row][vc_column][vc_column_text][\/vc_column_text][\/vc_column][\/vc_row][vc_row][vc_column][vc_column_text]Introduisez une nouvelle norme d&rsquo;\u00e9clairage avec l&rsquo;applique murale sans fil Roll 4, un chef-d&rsquo;\u0153uvre de design qui allie fonctionnalit\u00e9 et style pour transformer vos espaces int\u00e9rieurs. Gr\u00e2ce \u00e0 sa fixation magn\u00e9tique, cette lampe \u00e9limine les contraintes li\u00e9es aux c\u00e2bles, ce qui vous permet de la placer facilement dans n&rsquo;importe quel coin.<\/p>\n<p>Le design rond distinctif de la Roll 4 ajoute non seulement une touche de modernit\u00e9 \u00e0 vos espaces, mais offre \u00e9galement des possibilit\u00e9s de placement polyvalentes. Avec sa face \u00e9clair\u00e9e, cette lampe devient un \u00e9l\u00e9ment d\u00e9coratif \u00e0 part enti\u00e8re, soulignant et am\u00e9liorant l&rsquo;esth\u00e9tique de n&rsquo;importe quel environnement.<\/p>\n<p>La polyvalence de la Roll 4 est associ\u00e9e \u00e0 des performances exceptionnelles. Avec 3 intensit\u00e9s lumineuses r\u00e9glables, vous pouvez adapter l&rsquo;\u00e9clairage \u00e0 votre humeur et \u00e0 vos besoins. La temp\u00e9rature de couleur de 3000K et les 300 lumens garantissent une lumi\u00e8re chaude et brillante qui illumine \u00e9l\u00e9gamment vos int\u00e9rieurs.<\/p>\n<p>Roll 4 est aliment\u00e9 par une batterie rechargeable, offrant jusqu&rsquo;\u00e0 20 heures d&rsquo;\u00e9clairage continu avec une consommation efficace de 3W. Cette caract\u00e9ristique garantit non seulement une autonomie de longue dur\u00e9e, mais aussi la commodit\u00e9 d&rsquo;une utilisation sans fil, vous permettant de placer la lampe n&rsquo;importe o\u00f9 sans d\u00e9pendre d&rsquo;une prise de courant.<\/p>\n<p>Combinez-la avec Roll 8 et Box 8.<\/p>\n<p>Disponible en accessoire suspendu blanc ou noir.<\/p>\n<p><strong>ROLL 4 TAILLE<\/strong><br \/>\n\u00f84,5 x 12 cm<br \/>\n[\/vc_column_text][\/vc_column][\/vc_row][vc_row][vc_column width=\u00a0\u00bb1\/2&Prime;][vc_btn title=\u00a0\u00bbFICHE TECHNIQUE\u00a0\u00bb style=\u00a0\u00bbcustom\u00a0\u00bb custom_background=\u00a0\u00bb#009bc2&Prime; custom_text=\u00a0\u00bb#ffffff\u00a0\u00bb shape=\u00a0\u00bbsquare\u00a0\u00bb link=\u00a0\u00bburl:https%3A%2F%2Facortar.link%2FlOjHBU|target:_blank|\u00a0\u00bb el_class=\u00a0\u00bbbtn_descargar_ficha\u00a0\u00bb][\/vc_column][vc_column width=\u00a0\u00bb1\/2&Prime;][vc_btn title=\u00a0\u00bbManuel d&rsquo;instrutions\u00a0\u00bb style=\u00a0\u00bbcustom\u00a0\u00bb custom_background=\u00a0\u00bb#009bc2&Prime; custom_text=\u00a0\u00bb#ffffff\u00a0\u00bb shape=\u00a0\u00bbsquare\u00a0\u00bb link=\u00a0\u00bburl:https%3A%2F%2Facortar.link%2FmMk9bf|target:_blank|\u00a0\u00bb el_class=\u00a0\u00bbbtn_descargar_ficha\u00a0\u00bb][\/vc_column][vc_column][\/vc_column][\/vc_row]<\/p>\n<\/section>","protected":false},"excerpt":{"rendered":"<h6>LAMPE MURALE D&rsquo;INTERIEUR SANS FIL RONDE ROLL 4<\/h6>\n","protected":false},"featured_media":67165,"template":"","meta":[],"product_cat":[651,757,754],"product_tag":[653,707],"class_list":{"0":"post-67139","1":"product","2":"type-product","3":"status-publish","4":"has-post-thumbnail","6":"product_cat-lightdeco-fr","7":"product_cat-appliques","8":"product_cat-portables","9":"product_tag-batterie","10":"product_tag-sans-fil","12":"first","13":"instock","14":"taxable","15":"shipping-taxable","16":"purchasable","17":"product-type-variable"},"yoast_head":"<!-- This site is optimized with the Yoast SEO plugin v24.2 - https:\/\/yoast.com\/wordpress\/plugins\/seo\/ -->\n<title>AMPOULE PORTABLE RECHARGEABLE CHERRY<\/title>\n<meta name=\"description\" content=\"Introduisez une nouvelle norme d&#039;\u00e9clairage avec l&#039;applique murale sans fil Roll 4, un chef-d&#039;\u0153uvre de design qui allie fonctionnalit\u00e9 et style pour transformer vos espaces int\u00e9rieurs. Gr\u00e2ce \u00e0 sa fixation magn\u00e9tique, cette lampe \u00e9limine les contraintes li\u00e9es aux c\u00e2bles, ce qui vous permet de la placer facilement dans n&#039;importe quel coin.\" \/>\n<meta name=\"robots\" content=\"index, follow, max-snippet:-1, max-image-preview:large, max-video-preview:-1\" \/>\n<link rel=\"canonical\" href=\"https:\/\/newgarden.es\/fr\/roll-4-lampe-murale-sans-fil\/\" \/>\n<meta property=\"og:locale\" content=\"fr_FR\" \/>\n<meta property=\"og:type\" content=\"article\" \/>\n<meta property=\"og:title\" content=\"AMPOULE PORTABLE RECHARGEABLE CHERRY\" \/>\n<meta property=\"og:description\" content=\"Introduisez une nouvelle norme d&#039;\u00e9clairage avec l&#039;applique murale sans fil Roll 4, un chef-d&#039;\u0153uvre de design qui allie fonctionnalit\u00e9 et style pour transformer vos espaces int\u00e9rieurs. Gr\u00e2ce \u00e0 sa fixation magn\u00e9tique, cette lampe \u00e9limine les contraintes li\u00e9es aux c\u00e2bles, ce qui vous permet de la placer facilement dans n&#039;importe quel coin.\" \/>\n<meta property=\"og:url\" content=\"https:\/\/newgarden.es\/fr\/roll-4-lampe-murale-sans-fil\/\" \/>\n<meta property=\"og:site_name\" content=\"Newgarden\" \/>\n<meta property=\"article:modified_time\" content=\"2024-08-02T09:45:22+00:00\" \/>\n<meta property=\"og:image\" content=\"https:\/\/newgarden.es\/wp-content\/uploads\/2024\/08\/ROLL_4_1200X12000-3.jpg\" \/>\n\t<meta property=\"og:image:width\" content=\"1200\" \/>\n\t<meta property=\"og:image:height\" content=\"1200\" \/>\n\t<meta property=\"og:image:type\" content=\"image\/jpeg\" \/>\n<meta name=\"twitter:card\" content=\"summary_large_image\" \/>\n<meta name=\"twitter:label1\" content=\"Dur\u00e9e de lecture estim\u00e9e\" \/>\n\t<meta name=\"twitter:data1\" content=\"2 minutes\" \/>\n<script type=\"application\/ld+json\" class=\"yoast-schema-graph\">{\"@context\":\"https:\/\/schema.org\",\"@graph\":[{\"@type\":\"WebPage\",\"@id\":\"https:\/\/newgarden.es\/fr\/roll-4-lampe-murale-sans-fil\/\",\"url\":\"https:\/\/newgarden.es\/fr\/roll-4-lampe-murale-sans-fil\/\",\"name\":\"AMPOULE PORTABLE RECHARGEABLE CHERRY\",\"isPartOf\":{\"@id\":\"https:\/\/newgarden.es\/#website\"},\"primaryImageOfPage\":{\"@id\":\"https:\/\/newgarden.es\/fr\/roll-4-lampe-murale-sans-fil\/#primaryimage\"},\"image\":{\"@id\":\"https:\/\/newgarden.es\/fr\/roll-4-lampe-murale-sans-fil\/#primaryimage\"},\"thumbnailUrl\":\"https:\/\/newgarden.es\/wp-content\/uploads\/2024\/08\/ROLL_4_1200X12000-3.jpg\",\"datePublished\":\"2024-08-02T09:08:59+00:00\",\"dateModified\":\"2024-08-02T09:45:22+00:00\",\"description\":\"Introduisez une nouvelle norme d'\u00e9clairage avec l'applique murale sans fil Roll 4, un chef-d'\u0153uvre de design qui allie fonctionnalit\u00e9 et style pour transformer vos espaces int\u00e9rieurs. Gr\u00e2ce \u00e0 sa fixation magn\u00e9tique, cette lampe \u00e9limine les contraintes li\u00e9es aux c\u00e2bles, ce qui vous permet de la placer facilement dans n'importe quel coin.\",\"breadcrumb\":{\"@id\":\"https:\/\/newgarden.es\/fr\/roll-4-lampe-murale-sans-fil\/#breadcrumb\"},\"inLanguage\":\"fr-FR\",\"potentialAction\":[{\"@type\":\"ReadAction\",\"target\":[\"https:\/\/newgarden.es\/fr\/roll-4-lampe-murale-sans-fil\/\"]}]},{\"@type\":\"ImageObject\",\"inLanguage\":\"fr-FR\",\"@id\":\"https:\/\/newgarden.es\/fr\/roll-4-lampe-murale-sans-fil\/#primaryimage\",\"url\":\"https:\/\/newgarden.es\/wp-content\/uploads\/2024\/08\/ROLL_4_1200X12000-3.jpg\",\"contentUrl\":\"https:\/\/newgarden.es\/wp-content\/uploads\/2024\/08\/ROLL_4_1200X12000-3.jpg\",\"width\":1200,\"height\":1200},{\"@type\":\"BreadcrumbList\",\"@id\":\"https:\/\/newgarden.es\/fr\/roll-4-lampe-murale-sans-fil\/#breadcrumb\",\"itemListElement\":[{\"@type\":\"ListItem\",\"position\":1,\"name\":\"Home\",\"item\":\"https:\/\/newgarden.es\/fr\/\"},{\"@type\":\"ListItem\",\"position\":2,\"name\":\"Boutique\",\"item\":\"https:\/\/newgarden.es\/fr\/boutique\/\"},{\"@type\":\"ListItem\",\"position\":3,\"name\":\"LAMPE MURALE D&#8217;INTERIEUR SANS FIL RONDE ROLL 4\"}]},{\"@type\":\"WebSite\",\"@id\":\"https:\/\/newgarden.es\/#website\",\"url\":\"https:\/\/newgarden.es\/\",\"name\":\"Newgarden\",\"description\":\"Be happy\",\"potentialAction\":[{\"@type\":\"SearchAction\",\"target\":{\"@type\":\"EntryPoint\",\"urlTemplate\":\"https:\/\/newgarden.es\/?s={search_term_string}\"},\"query-input\":{\"@type\":\"PropertyValueSpecification\",\"valueRequired\":true,\"valueName\":\"search_term_string\"}}],\"inLanguage\":\"fr-FR\"}]}<\/script>\n<!-- \/ Yoast SEO plugin. -->","yoast_head_json":{"title":"AMPOULE PORTABLE RECHARGEABLE CHERRY","description":"Introduisez une nouvelle norme d'\u00e9clairage avec l'applique murale sans fil Roll 4, un chef-d'\u0153uvre de design qui allie fonctionnalit\u00e9 et style pour transformer vos espaces int\u00e9rieurs. Gr\u00e2ce \u00e0 sa fixation magn\u00e9tique, cette lampe \u00e9limine les contraintes li\u00e9es aux c\u00e2bles, ce qui vous permet de la placer facilement dans n'importe quel coin.","robots":{"index":"index","follow":"follow","max-snippet":"max-snippet:-1","max-image-preview":"max-image-preview:large","max-video-preview":"max-video-preview:-1"},"canonical":"https:\/\/newgarden.es\/fr\/roll-4-lampe-murale-sans-fil\/","og_locale":"fr_FR","og_type":"article","og_title":"AMPOULE PORTABLE RECHARGEABLE CHERRY","og_description":"Introduisez une nouvelle norme d'\u00e9clairage avec l'applique murale sans fil Roll 4, un chef-d'\u0153uvre de design qui allie fonctionnalit\u00e9 et style pour transformer vos espaces int\u00e9rieurs. Gr\u00e2ce \u00e0 sa fixation magn\u00e9tique, cette lampe \u00e9limine les contraintes li\u00e9es aux c\u00e2bles, ce qui vous permet de la placer facilement dans n'importe quel coin.","og_url":"https:\/\/newgarden.es\/fr\/roll-4-lampe-murale-sans-fil\/","og_site_name":"Newgarden","article_modified_time":"2024-08-02T09:45:22+00:00","og_image":[{"width":1200,"height":1200,"url":"https:\/\/newgarden.es\/wp-content\/uploads\/2024\/08\/ROLL_4_1200X12000-3.jpg","type":"image\/jpeg"}],"twitter_card":"summary_large_image","twitter_misc":{"Dur\u00e9e de lecture estim\u00e9e":"2 minutes"},"schema":{"@context":"https:\/\/schema.org","@graph":[{"@type":"WebPage","@id":"https:\/\/newgarden.es\/fr\/roll-4-lampe-murale-sans-fil\/","url":"https:\/\/newgarden.es\/fr\/roll-4-lampe-murale-sans-fil\/","name":"AMPOULE PORTABLE RECHARGEABLE CHERRY","isPartOf":{"@id":"https:\/\/newgarden.es\/#website"},"primaryImageOfPage":{"@id":"https:\/\/newgarden.es\/fr\/roll-4-lampe-murale-sans-fil\/#primaryimage"},"image":{"@id":"https:\/\/newgarden.es\/fr\/roll-4-lampe-murale-sans-fil\/#primaryimage"},"thumbnailUrl":"https:\/\/newgarden.es\/wp-content\/uploads\/2024\/08\/ROLL_4_1200X12000-3.jpg","datePublished":"2024-08-02T09:08:59+00:00","dateModified":"2024-08-02T09:45:22+00:00","description":"Introduisez une nouvelle norme d'\u00e9clairage avec l'applique murale sans fil Roll 4, un chef-d'\u0153uvre de design qui allie fonctionnalit\u00e9 et style pour transformer vos espaces int\u00e9rieurs. Gr\u00e2ce \u00e0 sa fixation magn\u00e9tique, cette lampe \u00e9limine les contraintes li\u00e9es aux c\u00e2bles, ce qui vous permet de la placer facilement dans n'importe quel coin.","breadcrumb":{"@id":"https:\/\/newgarden.es\/fr\/roll-4-lampe-murale-sans-fil\/#breadcrumb"},"inLanguage":"fr-FR","potentialAction":[{"@type":"ReadAction","target":["https:\/\/newgarden.es\/fr\/roll-4-lampe-murale-sans-fil\/"]}]},{"@type":"ImageObject","inLanguage":"fr-FR","@id":"https:\/\/newgarden.es\/fr\/roll-4-lampe-murale-sans-fil\/#primaryimage","url":"https:\/\/newgarden.es\/wp-content\/uploads\/2024\/08\/ROLL_4_1200X12000-3.jpg","contentUrl":"https:\/\/newgarden.es\/wp-content\/uploads\/2024\/08\/ROLL_4_1200X12000-3.jpg","width":1200,"height":1200},{"@type":"BreadcrumbList","@id":"https:\/\/newgarden.es\/fr\/roll-4-lampe-murale-sans-fil\/#breadcrumb","itemListElement":[{"@type":"ListItem","position":1,"name":"Home","item":"https:\/\/newgarden.es\/fr\/"},{"@type":"ListItem","position":2,"name":"Boutique","item":"https:\/\/newgarden.es\/fr\/boutique\/"},{"@type":"ListItem","position":3,"name":"LAMPE MURALE D&#8217;INTERIEUR SANS FIL RONDE ROLL 4"}]},{"@type":"WebSite","@id":"https:\/\/newgarden.es\/#website","url":"https:\/\/newgarden.es\/","name":"Newgarden","description":"Be happy","potentialAction":[{"@type":"SearchAction","target":{"@type":"EntryPoint","urlTemplate":"https:\/\/newgarden.es\/?s={search_term_string}"},"query-input":{"@type":"PropertyValueSpecification","valueRequired":true,"valueName":"search_term_string"}}],"inLanguage":"fr-FR"}]}},"df_price":42.7,"df_sale_price":"","df_regular_price":42.7,"df_image_link":"https:\/\/newgarden.es\/wp-content\/uploads\/2024\/08\/ROLL_4_1200X12000-3-580x400.jpg","_links":{"self":[{"href":"https:\/\/newgarden.es\/fr\/wp-json\/wp\/v2\/product\/67139"}],"collection":[{"href":"https:\/\/newgarden.es\/fr\/wp-json\/wp\/v2\/product"}],"about":[{"href":"https:\/\/newgarden.es\/fr\/wp-json\/wp\/v2\/types\/product"}],"wp:featuredmedia":[{"embeddable":true,"href":"https:\/\/newgarden.es\/fr\/wp-json\/wp\/v2\/media\/67165"}],"wp:attachment":[{"href":"https:\/\/newgarden.es\/fr\/wp-json\/wp\/v2\/media?parent=67139"}],"wp:term":[{"taxonomy":"product_cat","embeddable":true,"href":"https:\/\/newgarden.es\/fr\/wp-json\/wp\/v2\/product_cat?post=67139"},{"taxonomy":"product_tag","embeddable":true,"href":"https:\/\/newgarden.es\/fr\/wp-json\/wp\/v2\/product_tag?post=67139"}],"curies":[{"name":"wp","href":"https:\/\/api.w.org\/{rel}","templated":true}]}}