{"id":67204,"date":"2024-08-02T12:03:58","date_gmt":"2024-08-02T10:04:09","guid":{"rendered":"https:\/\/newgarden.es\/?post_type=product&#038;p=67204"},"modified":"2024-08-02T12:45:46","modified_gmt":"2024-08-02T10:45:46","slug":"lampe-murale-dinterieur-sans-fil-ronde-roll-8","status":"publish","type":"product","link":"https:\/\/newgarden.es\/fr\/roll-8-lampe-murale-sans-fil","title":{"rendered":"LAMPE MURALE D&rsquo;INTERIEUR SANS FIL RONDE ROLL 8"},"content":{"rendered":"<section class=\"wpb-content-wrapper\"><p>[vc_row][vc_column][vc_column_text][\/vc_column_text][\/vc_column][\/vc_row][vc_row][vc_column][vc_column_text]Introduce a new standard of lighting with the Roll 8 cordless wall light, a masterpiece of design that combines functionality and style to transform your interior spaces. With its magnetic attachment, this lamp eliminates the restrictions of wires, allowing you to place it in any corner with ease.<\/p>\n<p>The distinctive round design of the Roll 8 not only adds a modern touch to your spaces, but also offers versatile placement possibilities. With an illuminated face, this lamp becomes a decorative element in its own right, highlighting and enhancing the aesthetics of any environment.<\/p>\n<p>The versatility of the Roll 8 is combined with exceptional performance. With 3 adjustable light intensities, you can adapt the lighting to suit your mood and needs. The 3000K colour temperature and 300 lumens ensure a warm, bright light that elegantly illuminates your interiors.<\/p>\n<p>Roll 4 is powered by a rechargeable battery, providing up to 20 hours of continuous illumination with an efficient consumption of 3W. This feature guarantees not only long-lasting autonomy but also the convenience of cordless use, allowing you to place the lamp anywhere without relying on plugs.<\/p>\n<p>Combine it with Roll 4 and Box 8.<\/p>\n<p>Available in white or black pendant accessory.<\/p>\n<p>SIZE ROLL 8<br \/>\n\u00f84,5 x 7,8 cm[\/vc_column_text][\/vc_column][\/vc_row][vc_row][vc_column width=\u00a0\u00bb1\/2&Prime;][vc_btn title=\u00a0\u00bbFiche technique\u00a0\u00bb style=\u00a0\u00bbcustom\u00a0\u00bb custom_background=\u00a0\u00bb#009bc2&Prime; custom_text=\u00a0\u00bb#ffffff\u00a0\u00bb shape=\u00a0\u00bbsquare\u00a0\u00bb link=\u00a0\u00bburl:https%3A%2F%2Facortar.link%2FufvbSD|target:_blank|\u00a0\u00bb el_class=\u00a0\u00bbbtn_descargar_ficha\u00a0\u00bb][\/vc_column][vc_column width=\u00a0\u00bb1\/2&Prime;][vc_btn title=\u00a0\u00bbManuel d&rsquo;instrutions\u00a0\u00bb style=\u00a0\u00bbcustom\u00a0\u00bb custom_background=\u00a0\u00bb#009bc2&Prime; custom_text=\u00a0\u00bb#ffffff\u00a0\u00bb shape=\u00a0\u00bbsquare\u00a0\u00bb link=\u00a0\u00bburl:https%3A%2F%2Facortar.link%2FmMk9bf|target:_blank|\u00a0\u00bb el_class=\u00a0\u00bbbtn_descargar_ficha\u00a0\u00bb][\/vc_column][vc_column][\/vc_column][\/vc_row]<\/p>\n<\/section>","protected":false},"excerpt":{"rendered":"<h6>LAMPE MURALE D&rsquo;INTERIEUR SANS FIL RONDE ROLL 8<\/h6>\n","protected":false},"featured_media":67270,"template":"","meta":[],"product_cat":[651,757,754],"product_tag":[653,707],"class_list":{"0":"post-67204","1":"product","2":"type-product","3":"status-publish","4":"has-post-thumbnail","6":"product_cat-lightdeco-fr","7":"product_cat-appliques","8":"product_cat-portables","9":"product_tag-batterie","10":"product_tag-sans-fil","12":"first","13":"instock","14":"taxable","15":"shipping-taxable","16":"purchasable","17":"product-type-variable"},"yoast_head":"<!-- This site is optimized with the Yoast SEO plugin v24.2 - https:\/\/yoast.com\/wordpress\/plugins\/seo\/ -->\n<title>AMPOULE PORTABLE RECHARGEABLE CHERRY<\/title>\n<meta name=\"description\" content=\"Introduisez une nouvelle norme d&#039;\u00e9clairage avec l&#039;applique murale sans fil Roll 8, un chef-d&#039;\u0153uvre de design qui allie fonctionnalit\u00e9 et style pour transformer vos espaces int\u00e9rieurs. Gr\u00e2ce \u00e0 sa fixation magn\u00e9tique, cette lampe \u00e9limine les contraintes li\u00e9es aux c\u00e2bles, ce qui vous permet de la placer facilement dans n&#039;importe quel coin.\" \/>\n<meta name=\"robots\" content=\"index, follow, max-snippet:-1, max-image-preview:large, max-video-preview:-1\" \/>\n<link rel=\"canonical\" href=\"https:\/\/newgarden.es\/fr\/roll-8-lampe-murale-sans-fil\/\" \/>\n<meta property=\"og:locale\" content=\"fr_FR\" \/>\n<meta property=\"og:type\" content=\"article\" \/>\n<meta property=\"og:title\" content=\"AMPOULE PORTABLE RECHARGEABLE CHERRY\" \/>\n<meta property=\"og:description\" content=\"Introduisez une nouvelle norme d&#039;\u00e9clairage avec l&#039;applique murale sans fil Roll 8, un chef-d&#039;\u0153uvre de design qui allie fonctionnalit\u00e9 et style pour transformer vos espaces int\u00e9rieurs. Gr\u00e2ce \u00e0 sa fixation magn\u00e9tique, cette lampe \u00e9limine les contraintes li\u00e9es aux c\u00e2bles, ce qui vous permet de la placer facilement dans n&#039;importe quel coin.\" \/>\n<meta property=\"og:url\" content=\"https:\/\/newgarden.es\/fr\/roll-8-lampe-murale-sans-fil\/\" \/>\n<meta property=\"og:site_name\" content=\"Newgarden\" \/>\n<meta property=\"article:modified_time\" content=\"2024-08-02T10:45:46+00:00\" \/>\n<meta property=\"og:image\" content=\"https:\/\/newgarden.es\/wp-content\/uploads\/2024\/08\/ROLL_8_1200X1200-2.jpg\" \/>\n\t<meta property=\"og:image:width\" content=\"1200\" \/>\n\t<meta property=\"og:image:height\" content=\"1200\" \/>\n\t<meta property=\"og:image:type\" content=\"image\/jpeg\" \/>\n<meta name=\"twitter:card\" content=\"summary_large_image\" \/>\n<meta name=\"twitter:label1\" content=\"Dur\u00e9e de lecture estim\u00e9e\" \/>\n\t<meta name=\"twitter:data1\" content=\"2 minutes\" \/>\n<script type=\"application\/ld+json\" class=\"yoast-schema-graph\">{\"@context\":\"https:\/\/schema.org\",\"@graph\":[{\"@type\":\"WebPage\",\"@id\":\"https:\/\/newgarden.es\/fr\/roll-8-lampe-murale-sans-fil\/\",\"url\":\"https:\/\/newgarden.es\/fr\/roll-8-lampe-murale-sans-fil\/\",\"name\":\"AMPOULE PORTABLE RECHARGEABLE CHERRY\",\"isPartOf\":{\"@id\":\"https:\/\/newgarden.es\/#website\"},\"primaryImageOfPage\":{\"@id\":\"https:\/\/newgarden.es\/fr\/roll-8-lampe-murale-sans-fil\/#primaryimage\"},\"image\":{\"@id\":\"https:\/\/newgarden.es\/fr\/roll-8-lampe-murale-sans-fil\/#primaryimage\"},\"thumbnailUrl\":\"https:\/\/newgarden.es\/wp-content\/uploads\/2024\/08\/ROLL_8_1200X1200-2.jpg\",\"datePublished\":\"2024-08-02T10:04:09+00:00\",\"dateModified\":\"2024-08-02T10:45:46+00:00\",\"description\":\"Introduisez une nouvelle norme d'\u00e9clairage avec l'applique murale sans fil Roll 8, un chef-d'\u0153uvre de design qui allie fonctionnalit\u00e9 et style pour transformer vos espaces int\u00e9rieurs. Gr\u00e2ce \u00e0 sa fixation magn\u00e9tique, cette lampe \u00e9limine les contraintes li\u00e9es aux c\u00e2bles, ce qui vous permet de la placer facilement dans n'importe quel coin.\",\"breadcrumb\":{\"@id\":\"https:\/\/newgarden.es\/fr\/roll-8-lampe-murale-sans-fil\/#breadcrumb\"},\"inLanguage\":\"fr-FR\",\"potentialAction\":[{\"@type\":\"ReadAction\",\"target\":[\"https:\/\/newgarden.es\/fr\/roll-8-lampe-murale-sans-fil\/\"]}]},{\"@type\":\"ImageObject\",\"inLanguage\":\"fr-FR\",\"@id\":\"https:\/\/newgarden.es\/fr\/roll-8-lampe-murale-sans-fil\/#primaryimage\",\"url\":\"https:\/\/newgarden.es\/wp-content\/uploads\/2024\/08\/ROLL_8_1200X1200-2.jpg\",\"contentUrl\":\"https:\/\/newgarden.es\/wp-content\/uploads\/2024\/08\/ROLL_8_1200X1200-2.jpg\",\"width\":1200,\"height\":1200},{\"@type\":\"BreadcrumbList\",\"@id\":\"https:\/\/newgarden.es\/fr\/roll-8-lampe-murale-sans-fil\/#breadcrumb\",\"itemListElement\":[{\"@type\":\"ListItem\",\"position\":1,\"name\":\"Home\",\"item\":\"https:\/\/newgarden.es\/fr\/\"},{\"@type\":\"ListItem\",\"position\":2,\"name\":\"Boutique\",\"item\":\"https:\/\/newgarden.es\/fr\/boutique\/\"},{\"@type\":\"ListItem\",\"position\":3,\"name\":\"LAMPE MURALE D&#8217;INTERIEUR SANS FIL RONDE ROLL 8\"}]},{\"@type\":\"WebSite\",\"@id\":\"https:\/\/newgarden.es\/#website\",\"url\":\"https:\/\/newgarden.es\/\",\"name\":\"Newgarden\",\"description\":\"Be happy\",\"potentialAction\":[{\"@type\":\"SearchAction\",\"target\":{\"@type\":\"EntryPoint\",\"urlTemplate\":\"https:\/\/newgarden.es\/?s={search_term_string}\"},\"query-input\":{\"@type\":\"PropertyValueSpecification\",\"valueRequired\":true,\"valueName\":\"search_term_string\"}}],\"inLanguage\":\"fr-FR\"}]}<\/script>\n<!-- \/ Yoast SEO plugin. -->","yoast_head_json":{"title":"AMPOULE PORTABLE RECHARGEABLE CHERRY","description":"Introduisez une nouvelle norme d'\u00e9clairage avec l'applique murale sans fil Roll 8, un chef-d'\u0153uvre de design qui allie fonctionnalit\u00e9 et style pour transformer vos espaces int\u00e9rieurs. Gr\u00e2ce \u00e0 sa fixation magn\u00e9tique, cette lampe \u00e9limine les contraintes li\u00e9es aux c\u00e2bles, ce qui vous permet de la placer facilement dans n'importe quel coin.","robots":{"index":"index","follow":"follow","max-snippet":"max-snippet:-1","max-image-preview":"max-image-preview:large","max-video-preview":"max-video-preview:-1"},"canonical":"https:\/\/newgarden.es\/fr\/roll-8-lampe-murale-sans-fil\/","og_locale":"fr_FR","og_type":"article","og_title":"AMPOULE PORTABLE RECHARGEABLE CHERRY","og_description":"Introduisez une nouvelle norme d'\u00e9clairage avec l'applique murale sans fil Roll 8, un chef-d'\u0153uvre de design qui allie fonctionnalit\u00e9 et style pour transformer vos espaces int\u00e9rieurs. Gr\u00e2ce \u00e0 sa fixation magn\u00e9tique, cette lampe \u00e9limine les contraintes li\u00e9es aux c\u00e2bles, ce qui vous permet de la placer facilement dans n'importe quel coin.","og_url":"https:\/\/newgarden.es\/fr\/roll-8-lampe-murale-sans-fil\/","og_site_name":"Newgarden","article_modified_time":"2024-08-02T10:45:46+00:00","og_image":[{"width":1200,"height":1200,"url":"https:\/\/newgarden.es\/wp-content\/uploads\/2024\/08\/ROLL_8_1200X1200-2.jpg","type":"image\/jpeg"}],"twitter_card":"summary_large_image","twitter_misc":{"Dur\u00e9e de lecture estim\u00e9e":"2 minutes"},"schema":{"@context":"https:\/\/schema.org","@graph":[{"@type":"WebPage","@id":"https:\/\/newgarden.es\/fr\/roll-8-lampe-murale-sans-fil\/","url":"https:\/\/newgarden.es\/fr\/roll-8-lampe-murale-sans-fil\/","name":"AMPOULE PORTABLE RECHARGEABLE CHERRY","isPartOf":{"@id":"https:\/\/newgarden.es\/#website"},"primaryImageOfPage":{"@id":"https:\/\/newgarden.es\/fr\/roll-8-lampe-murale-sans-fil\/#primaryimage"},"image":{"@id":"https:\/\/newgarden.es\/fr\/roll-8-lampe-murale-sans-fil\/#primaryimage"},"thumbnailUrl":"https:\/\/newgarden.es\/wp-content\/uploads\/2024\/08\/ROLL_8_1200X1200-2.jpg","datePublished":"2024-08-02T10:04:09+00:00","dateModified":"2024-08-02T10:45:46+00:00","description":"Introduisez une nouvelle norme d'\u00e9clairage avec l'applique murale sans fil Roll 8, un chef-d'\u0153uvre de design qui allie fonctionnalit\u00e9 et style pour transformer vos espaces int\u00e9rieurs. Gr\u00e2ce \u00e0 sa fixation magn\u00e9tique, cette lampe \u00e9limine les contraintes li\u00e9es aux c\u00e2bles, ce qui vous permet de la placer facilement dans n'importe quel coin.","breadcrumb":{"@id":"https:\/\/newgarden.es\/fr\/roll-8-lampe-murale-sans-fil\/#breadcrumb"},"inLanguage":"fr-FR","potentialAction":[{"@type":"ReadAction","target":["https:\/\/newgarden.es\/fr\/roll-8-lampe-murale-sans-fil\/"]}]},{"@type":"ImageObject","inLanguage":"fr-FR","@id":"https:\/\/newgarden.es\/fr\/roll-8-lampe-murale-sans-fil\/#primaryimage","url":"https:\/\/newgarden.es\/wp-content\/uploads\/2024\/08\/ROLL_8_1200X1200-2.jpg","contentUrl":"https:\/\/newgarden.es\/wp-content\/uploads\/2024\/08\/ROLL_8_1200X1200-2.jpg","width":1200,"height":1200},{"@type":"BreadcrumbList","@id":"https:\/\/newgarden.es\/fr\/roll-8-lampe-murale-sans-fil\/#breadcrumb","itemListElement":[{"@type":"ListItem","position":1,"name":"Home","item":"https:\/\/newgarden.es\/fr\/"},{"@type":"ListItem","position":2,"name":"Boutique","item":"https:\/\/newgarden.es\/fr\/boutique\/"},{"@type":"ListItem","position":3,"name":"LAMPE MURALE D&#8217;INTERIEUR SANS FIL RONDE ROLL 8"}]},{"@type":"WebSite","@id":"https:\/\/newgarden.es\/#website","url":"https:\/\/newgarden.es\/","name":"Newgarden","description":"Be happy","potentialAction":[{"@type":"SearchAction","target":{"@type":"EntryPoint","urlTemplate":"https:\/\/newgarden.es\/?s={search_term_string}"},"query-input":{"@type":"PropertyValueSpecification","valueRequired":true,"valueName":"search_term_string"}}],"inLanguage":"fr-FR"}]}},"df_price":42.7,"df_sale_price":"","df_regular_price":42.7,"df_image_link":"https:\/\/newgarden.es\/wp-content\/uploads\/2024\/08\/ROLL_8_1200X1200-2-580x400.jpg","_links":{"self":[{"href":"https:\/\/newgarden.es\/fr\/wp-json\/wp\/v2\/product\/67204"}],"collection":[{"href":"https:\/\/newgarden.es\/fr\/wp-json\/wp\/v2\/product"}],"about":[{"href":"https:\/\/newgarden.es\/fr\/wp-json\/wp\/v2\/types\/product"}],"wp:featuredmedia":[{"embeddable":true,"href":"https:\/\/newgarden.es\/fr\/wp-json\/wp\/v2\/media\/67270"}],"wp:attachment":[{"href":"https:\/\/newgarden.es\/fr\/wp-json\/wp\/v2\/media?parent=67204"}],"wp:term":[{"taxonomy":"product_cat","embeddable":true,"href":"https:\/\/newgarden.es\/fr\/wp-json\/wp\/v2\/product_cat?post=67204"},{"taxonomy":"product_tag","embeddable":true,"href":"https:\/\/newgarden.es\/fr\/wp-json\/wp\/v2\/product_tag?post=67204"}],"curies":[{"name":"wp","href":"https:\/\/api.w.org\/{rel}","templated":true}]}}