{"id":22214,"date":"2019-11-06T12:23:51","date_gmt":"2019-11-06T11:23:51","guid":{"rendered":"https:\/\/newgarden.es\/sostenibilidad-2\/"},"modified":"2024-06-21T13:21:45","modified_gmt":"2024-06-21T11:21:45","slug":"sostenibilidad-2","status":"publish","type":"page","link":"https:\/\/newgarden.es\/it\/sostenibilidad-2\/","title":{"rendered":"Sostenibile e responsabile"},"content":{"rendered":"<section class=\"wpb-content-wrapper\"><p>&nbsp; &nbsp;&nbsp;<\/p>\n<p>[vc_row full_width=&#8221;stretch_row&#8221; css=&#8221;.vc_custom_1696861599859{padding-top: 60px !important;padding-bottom: 60px !important;background-image: url(https:\/\/newgarden.es\/wp-content\/uploads\/2023\/10\/fondo-4.png?id=48759) !important;}&#8221;][vc_column][vc_empty_space height=&#8221;60px&#8221;][vc_custom_heading text=&#8221;Il Mediterraneo deve rimanere il Mediterraneo.&#8221; font_container=&#8221;tag:h2|font_size:52px|text_align:center|color:%238b949d&#8221; use_theme_fonts=&#8221;yes&#8221; css=&#8221;.vc_custom_1696859157661{margin-bottom: 10px !important;}&#8221;][vc_empty_space height=&#8221;30px&#8221;][vc_column_text]<\/p>\n<p style=\"text-align: justify;\" data-mce-style=\"text-align: justify;\"><span style=\"color: #a39f98;\" data-mce-style=\"color: #a39f98;\">In Newgarden lavoriamo ogni giorno per migliorare i nostri processi al fine di proteggere e curare il nostro ambiente.<\/span><\/p>\n<p style=\"text-align: justify;\" data-mce-style=\"text-align: justify;\"><span style=\"color: #a39f98;\" data-mce-style=\"color: #a39f98;\">E non ci accontentiamo del fatto che tutti i nostri prodotti siano riciclabili, vogliamo andare oltre perch\u00e9 il nostro ambiente ha bisogno di noi. In Newgarden abbiamo sviluppato diverse collezioni di lampade realizzate con materiali riciclati provenienti dal mare. E non ci siamo fermati qui.<\/span><\/p>\n<p style=\"text-align: justify;\" data-mce-style=\"text-align: justify;\"><span style=\"color: #a39f98;\" data-mce-style=\"color: #a39f98;\">Il Mar Mediterraneo ha plasmato il nostro modo di vivere e di goderci la vita. \u00c8 ora di restituirgli tutto ci\u00f2 che ci ha dato. Potete aiutarci?<\/span><\/p>\n<p><\/p>\n<p>[\/vc_column_text][vc_empty_space height=&#8221;120px&#8221;][\/vc_column][\/vc_row][vc_row full_width=&#8221;stretch_row&#8221; css=&#8221;.vc_custom_1695720674665{background-image: url(https:\/\/newgarden.es\/wp-content\/uploads\/2023\/09\/shutterstock_2170457007-baja-sat.jpg?id=48520) !important;background-position: center !important;background-repeat: no-repeat !important;background-size: cover !important;}&#8221;][vc_column]<\/p>\n<p>[vc_empty_space height=&#8221;700px&#8221;]&nbsp;[\/vc_column][\/vc_row][vc_row full_width=&#8221;stretch_row&#8221; content_placement=&#8221;middle&#8221; css=&#8221;.vc_custom_1696859343495{padding-top: 200px !important;padding-bottom: 200px !important;background-color: #a49c8f !important;}&#8221;][vc_column width=&#8221;1\/2&#8243;][vc_single_image image=&#8221;48480&#8243; img_size=&#8221;large&#8221; alignment=&#8221;center&#8221;][\/vc_column][vc_column width=&#8221;1\/2&#8243;][vc_custom_heading text=&#8221;Produrre in Spagna ci aiuta a ridurre le emissioni dovute al trasporto e a generare occupazione locale di qualit\u00e0. &#8221; font_container=&#8221;tag:h2|font_size:52px|text_align:left|color:%23ffffff&#8221; use_theme_fonts=&#8221;yes&#8221; css=&#8221;.vc_custom_1696859538279{margin-bottom: 10px !important;}&#8221;][vc_empty_space height=&#8221;30px&#8221;][vc_column_text]<\/p>\n<p><span style=\"color: #dbd7d3;\" data-mce-style=\"color: #dbd7d3;\">Lo stabilimento di Newgarden si trova ad Alhama de Murcia, nella regione di Murcia (Spagna sud-orientale). Amiamo la nostra terra e il nostro particolare stile di vita.<\/span><\/p>\n<p>[\/vc_column_text][\/vc_column][\/vc_row][vc_row full_width=&#8221;stretch_row&#8221; css=&#8221;.vc_custom_1695720700113{background-image: url(https:\/\/newgarden.es\/wp-content\/uploads\/2023\/09\/shutterstock_1230809935.jpg?id=48530) !important;background-position: center !important;background-repeat: no-repeat !important;background-size: cover !important;}&#8221;][vc_column]<\/p>\n<p>[vc_empty_space height=&#8221;700px&#8221;]<\/p>\n<p>[\/vc_column][\/vc_row][vc_row full_width=&#8221;stretch_row&#8221; content_placement=&#8221;middle&#8221; css=&#8221;.vc_custom_1696862397164{padding-top: 200px !important;padding-bottom: 120px !important;background: #3f4c5b url(https:\/\/newgarden.es\/wp-content\/uploads\/2023\/10\/fondo2-1.png?id=48770) !important;}&#8221;][vc_column width=&#8221;2\/5&#8243;][vc_single_image image=&#8221;48433&#8243; img_size=&#8221;large&#8221; alignment=&#8221;center&#8221;][\/vc_column][vc_column width=&#8221;1\/5&#8243;][\/vc_column][vc_column width=&#8221;2\/5&#8243;][vc_custom_heading text=&#8221;Tutti noi meritiamo una seconda possibilit\u00e0. Lampade in plastica riciclata. &#8221; font_container=&#8221;tag:h2|font_size:52px|text_align:left|color:%23ffffff&#8221; use_theme_fonts=&#8221;yes&#8221; css=&#8221;.vc_custom_1696859662698{margin-bottom: 10px !important;}&#8221;][vc_empty_space height=&#8221;30px&#8221;][vc_column_text]<\/p>\n<p style=\"text-align: justify;\" data-mce-style=\"text-align: justify;\"><span style=\"color: #879aad;\" data-mce-style=\"color: #879aad;\">Abbiamo diverse collezioni di prodotti realizzati con plastica riciclata. Per ogni lampada che produciamo, contribuiamo a dare una seconda vita alla plastica raccolta dal mare e dagli oceani.<\/span><\/p>\n<p><\/p>\n<p>[\/vc_column_text][vc_empty_space height=&#8221;30px&#8221;][\/vc_column][\/vc_row][vc_row full_width=&#8221;stretch_row&#8221; css=&#8221;.vc_custom_1696862504620{padding-top: 60px !important;padding-bottom: 200px !important;background: #3f4c5b url(https:\/\/newgarden.es\/wp-content\/uploads\/2023\/10\/fondo3.png?id=48775) !important;}&#8221;][vc_column width=&#8221;2\/5&#8243;][vc_custom_heading text=&#8221;Prodotti durevoli che aiutano a ridurre i consumi e il loro impatto.&#8221; font_container=&#8221;tag:h2|font_size:52|text_align:right|color:%23ffffff&#8221; use_theme_fonts=&#8221;yes&#8221; css=&#8221;.vc_custom_1696925975957{margin-bottom: 10px !important;}&#8221;][vc_empty_space height=&#8221;30px&#8221;][vc_column_text]<\/p>\n<p style=\"text-align: right;\" data-mce-style=\"text-align: right;\"><span style=\"color: #879aad;\" data-mce-style=\"color: #879aad;\">Il processo di <strong>fabbricazione mediante rotostampaggio<\/strong> ci permette di ottenere prodotti con una lunga vita utile e una grande resistenza agli agenti esterni (pioggia, neve, sole&#8230;). In questo modo, contribuiamo a ridurre gli sprechi e a promuovere abitudini di consumo responsabili.<\/span><\/p>\n<p><\/p>\n<p>[\/vc_column_text][vc_empty_space height=&#8221;30px&#8221;][\/vc_column][vc_column width=&#8221;1\/5&#8243;][\/vc_column][vc_column width=&#8221;2\/5&#8243;][vc_single_image image=&#8221;48550&#8243; img_size=&#8221;large&#8221; alignment=&#8221;center&#8221;][\/vc_column][\/vc_row][vc_row full_width=&#8221;stretch_row&#8221; css=&#8221;.vc_custom_1695720738715{background-image: url(https:\/\/newgarden.es\/wp-content\/uploads\/2023\/09\/shutterstock_374229883.jpg?id=48551) !important;background-position: center !important;background-repeat: no-repeat !important;background-size: cover !important;}&#8221;][vc_column]<\/p>\n<p>[vc_empty_space height=&#8221;700px&#8221;]<\/p>\n<p>[\/vc_column][\/vc_row][vc_row full_width=&#8221;stretch_row&#8221; css=&#8221;.vc_custom_1696862621457{padding-top: 60px !important;padding-bottom: 60px !important;background-color: #e9e7da !important;}&#8221;][vc_column][vc_empty_space height=&#8221;60px&#8221;][vc_custom_heading text=&#8221;Fatti a mano, naturalmente&#8221; font_container=&#8221;tag:h2|font_size:52px|text_align:center|color:%238f8b85&#8243; use_theme_fonts=&#8221;yes&#8221; css=&#8221;.vc_custom_1696862647555{margin-bottom: 10px !important;}&#8221;][vc_empty_space height=&#8221;30px&#8221;][vc_column_text]<\/p>\n<p style=\"text-align: justify;\" data-mce-style=\"text-align: justify;\"><span style=\"color: #b2aa9d;\" data-mce-style=\"color: #b2aa9d;\">Le fibre naturali come la canapa o il bamb\u00f9 sono molto presenti nelle nostre collezioni. Fatte a mano, sono in grado di trasportarci nella natura e nel Mediterraneo semplicemente guardandole. Collaboriamo con produttori locali, aiutando l&#8217;economia delle loro regioni a crescere e sostenendo lo sviluppo del loro habitat.<\/span><\/p>\n<p><\/p>\n<p>[\/vc_column_text][vc_empty_space height=&#8221;30px&#8221;][vc_single_image image=&#8221;48609&#8243; img_size=&#8221;large&#8221; alignment=&#8221;center&#8221; css=&#8221;.vc_custom_1695886305371{margin-top: 20px !important;margin-bottom: 20px !important;}&#8221;][vc_empty_space height=&#8221;120px&#8221;][\/vc_column][\/vc_row][vc_row full_width=&#8221;stretch_row&#8221; css=&#8221;.vc_custom_1695885558741{background-image: url(https:\/\/newgarden.es\/wp-content\/uploads\/2023\/09\/NEWGARDEN-RECURSOS-VIDEO-257.jpg?id=48610) !important;background-position: center !important;background-repeat: no-repeat !important;background-size: cover !important;}&#8221;][vc_column]<\/p>\n<p>[vc_empty_space height=&#8221;700px&#8221;]<\/p>\n<p>[\/vc_column][\/vc_row][vc_row full_width=&#8221;stretch_row&#8221; css=&#8221;.vc_custom_1696862854971{padding-top: 60px !important;padding-bottom: 60px !important;}&#8221;][vc_column width=&#8221;2\/5&#8243;][vc_empty_space height=&#8221;60px&#8221;][vc_single_image image=&#8221;48619&#8243; img_size=&#8221;large&#8221; alignment=&#8221;center&#8221; css=&#8221;.vc_custom_1695886297376{margin-top: 20px !important;margin-bottom: 20px !important;}&#8221;][vc_empty_space height=&#8221;60px&#8221;][\/vc_column][vc_column width=&#8221;1\/5&#8243;][\/vc_column][vc_column width=&#8221;2\/5&#8243;][vc_empty_space height=&#8221;60px&#8221;][vc_custom_heading text=&#8221;Il sole \u00e8 la nostra energia preferita&#8221; font_container=&#8221;tag:h2|font_size:52px|text_align:left|color:%238b949d&#8221; use_theme_fonts=&#8221;yes&#8221; css=&#8221;.vc_custom_1696862931364{margin-bottom: 10px !important;}&#8221;][vc_empty_space height=&#8221;30px&#8221;][vc_column_text]<\/p>\n<p style=\"text-align: justify;\" data-mce-style=\"text-align: justify;\"><span style=\"color: #a9b1b7;\" data-mce-style=\"color: #a9b1b7;\">Il potere del sole \u00e8 inimmaginabile. Pu\u00f2 generare vita, ispirare la nostra personalit\u00e0 o cambiare il nostro umore in pochi secondi. <\/span><\/p>\n<p style=\"text-align: justify;\" data-mce-style=\"text-align: justify;\"><span style=\"color: #a9b1b7;\" data-mce-style=\"color: #a9b1b7;\">Conosciamo il suo potere ed \u00e8 per questo che l&#8217;energia solare \u00e8 presente nelle nostre collezioni fin dagli albori di Newgarden. La maggior parte dei nostri prodotti \u00e8 disponibile con ricarica solare, utilizzando energia verde e sostenibile al 100%.<\/span><\/p>\n<p><\/p>\n<p>[\/vc_column_text][\/vc_column][\/vc_row][vc_row full_width=&#8221;stretch_row_content_no_spaces&#8221;][vc_column][vc_single_image image=&#8221;48635&#8243; img_size=&#8221;full&#8221; alignment=&#8221;center&#8221;][\/vc_column][\/vc_row]<\/p>\n<\/section>","protected":false},"excerpt":{"rendered":"<p>&nbsp; &nbsp;&nbsp; [vc_row full_width=&#8221;stretch_row&#8221; css=&#8221;.vc_custom_1696861599859{padding-top: 60px !important;padding-bottom: 60px !important;background-image: url(https:\/\/newgarden.es\/wp-content\/uploads\/2023\/10\/fondo-4.png?id=48759) !important;}&#8221;][vc_column][vc_empty_space height=&#8221;60px&#8221;][vc_custom_heading text=&#8221;Il Mediterraneo deve rimanere il Mediterraneo.&#8221; font_container=&#8221;tag:h2|font_size:52px|text_align:center|color:%238b949d&#8221; use_theme_fonts=&#8221;yes&#8221; css=&#8221;.vc_custom_1696859157661{margin-bottom: 10px !important;}&#8221;][vc_empty_space height=&#8221;30px&#8221;][vc_column_text] In Newgarden lavoriamo ogni giorno per<\/p>\n","protected":false},"author":1,"featured_media":48516,"parent":0,"menu_order":0,"comment_status":"closed","ping_status":"closed","template":"","meta":{"footnotes":""},"class_list":["post-22214","page","type-page","status-publish","has-post-thumbnail","hentry"],"yoast_head":"<!-- This site is optimized with the Yoast SEO plugin v24.2 - https:\/\/yoast.com\/wordpress\/plugins\/seo\/ -->\n<title>Newgarden rispettoso e impegnato per l&#039;ambiente<\/title>\n<meta name=\"description\" content=\"Newgarden svolge tutti i suoi processi ottimizzando l&#039;impegno per l&#039;ambiente, creando prodotti autosufficienti minimizzando cos\u00ec l&#039;impronta di carbonio durante la vita dei prodotti\" \/>\n<meta name=\"robots\" content=\"index, follow, max-snippet:-1, max-image-preview:large, max-video-preview:-1\" \/>\n<link rel=\"canonical\" href=\"https:\/\/newgarden.es\/sostenibilidad\/\" \/>\n<meta property=\"og:locale\" content=\"it_IT\" \/>\n<meta property=\"og:type\" content=\"article\" \/>\n<meta property=\"og:title\" content=\"Newgarden rispettoso e impegnato per l&#039;ambiente\" \/>\n<meta property=\"og:description\" content=\"Newgarden svolge tutti i suoi processi ottimizzando l&#039;impegno per l&#039;ambiente, creando prodotti autosufficienti minimizzando cos\u00ec l&#039;impronta di carbonio durante la vita dei prodotti\" \/>\n<meta property=\"og:url\" content=\"https:\/\/newgarden.es\/sostenibilidad\/\" \/>\n<meta property=\"og:site_name\" content=\"Newgarden\" \/>\n<meta property=\"article:modified_time\" content=\"2024-06-21T11:21:45+00:00\" \/>\n<meta property=\"og:image\" content=\"https:\/\/newgarden.es\/wp-content\/uploads\/2023\/09\/shutterstock_1687242511.jpg\" \/>\n\t<meta property=\"og:image:width\" content=\"1400\" \/>\n\t<meta property=\"og:image:height\" content=\"933\" \/>\n\t<meta property=\"og:image:type\" content=\"image\/jpeg\" \/>\n<meta name=\"twitter:card\" content=\"summary_large_image\" \/>\n<meta name=\"twitter:label1\" content=\"Tempo di lettura stimato\" \/>\n\t<meta name=\"twitter:data1\" content=\"5 minuti\" \/>\n<script type=\"application\/ld+json\" class=\"yoast-schema-graph\">{\"@context\":\"https:\/\/schema.org\",\"@graph\":[{\"@type\":\"WebPage\",\"@id\":\"https:\/\/newgarden.es\/sostenibilidad\/\",\"url\":\"https:\/\/newgarden.es\/sostenibilidad\/\",\"name\":\"Newgarden rispettoso e impegnato per l'ambiente\",\"isPartOf\":{\"@id\":\"https:\/\/newgarden.es\/#website\"},\"primaryImageOfPage\":{\"@id\":\"https:\/\/newgarden.es\/sostenibilidad\/#primaryimage\"},\"image\":{\"@id\":\"https:\/\/newgarden.es\/sostenibilidad\/#primaryimage\"},\"thumbnailUrl\":\"https:\/\/newgarden.es\/wp-content\/uploads\/2023\/09\/shutterstock_1687242511.jpg\",\"datePublished\":\"2019-11-06T11:23:51+00:00\",\"dateModified\":\"2024-06-21T11:21:45+00:00\",\"description\":\"Newgarden svolge tutti i suoi processi ottimizzando l'impegno per l'ambiente, creando prodotti autosufficienti minimizzando cos\u00ec l'impronta di carbonio durante la vita dei prodotti\",\"breadcrumb\":{\"@id\":\"https:\/\/newgarden.es\/sostenibilidad\/#breadcrumb\"},\"inLanguage\":\"it-IT\",\"potentialAction\":[{\"@type\":\"ReadAction\",\"target\":[\"https:\/\/newgarden.es\/sostenibilidad\/\"]}]},{\"@type\":\"ImageObject\",\"inLanguage\":\"it-IT\",\"@id\":\"https:\/\/newgarden.es\/sostenibilidad\/#primaryimage\",\"url\":\"https:\/\/newgarden.es\/wp-content\/uploads\/2023\/09\/shutterstock_1687242511.jpg\",\"contentUrl\":\"https:\/\/newgarden.es\/wp-content\/uploads\/2023\/09\/shutterstock_1687242511.jpg\",\"width\":1400,\"height\":933,\"caption\":\"Minimal buildings background with traditional Greek style architecture. Low angle view of white houses against a blue clear summer sky. Outdoor estate construction of modern residential building.\"},{\"@type\":\"BreadcrumbList\",\"@id\":\"https:\/\/newgarden.es\/sostenibilidad\/#breadcrumb\",\"itemListElement\":[{\"@type\":\"ListItem\",\"position\":1,\"name\":\"Home\",\"item\":\"https:\/\/newgarden.es\/it\/\"},{\"@type\":\"ListItem\",\"position\":2,\"name\":\"Sostenibile e responsabile\"}]},{\"@type\":\"WebSite\",\"@id\":\"https:\/\/newgarden.es\/#website\",\"url\":\"https:\/\/newgarden.es\/\",\"name\":\"Newgarden\",\"description\":\"Be happy\",\"potentialAction\":[{\"@type\":\"SearchAction\",\"target\":{\"@type\":\"EntryPoint\",\"urlTemplate\":\"https:\/\/newgarden.es\/?s={search_term_string}\"},\"query-input\":{\"@type\":\"PropertyValueSpecification\",\"valueRequired\":true,\"valueName\":\"search_term_string\"}}],\"inLanguage\":\"it-IT\"}]}<\/script>\n<!-- \/ Yoast SEO plugin. -->","yoast_head_json":{"title":"Newgarden rispettoso e impegnato per l'ambiente","description":"Newgarden svolge tutti i suoi processi ottimizzando l'impegno per l'ambiente, creando prodotti autosufficienti minimizzando cos\u00ec l'impronta di carbonio durante la vita dei prodotti","robots":{"index":"index","follow":"follow","max-snippet":"max-snippet:-1","max-image-preview":"max-image-preview:large","max-video-preview":"max-video-preview:-1"},"canonical":"https:\/\/newgarden.es\/sostenibilidad\/","og_locale":"it_IT","og_type":"article","og_title":"Newgarden rispettoso e impegnato per l'ambiente","og_description":"Newgarden svolge tutti i suoi processi ottimizzando l'impegno per l'ambiente, creando prodotti autosufficienti minimizzando cos\u00ec l'impronta di carbonio durante la vita dei prodotti","og_url":"https:\/\/newgarden.es\/sostenibilidad\/","og_site_name":"Newgarden","article_modified_time":"2024-06-21T11:21:45+00:00","og_image":[{"width":1400,"height":933,"url":"https:\/\/newgarden.es\/wp-content\/uploads\/2023\/09\/shutterstock_1687242511.jpg","type":"image\/jpeg"}],"twitter_card":"summary_large_image","twitter_misc":{"Tempo di lettura stimato":"5 minuti"},"schema":{"@context":"https:\/\/schema.org","@graph":[{"@type":"WebPage","@id":"https:\/\/newgarden.es\/sostenibilidad\/","url":"https:\/\/newgarden.es\/sostenibilidad\/","name":"Newgarden rispettoso e impegnato per l'ambiente","isPartOf":{"@id":"https:\/\/newgarden.es\/#website"},"primaryImageOfPage":{"@id":"https:\/\/newgarden.es\/sostenibilidad\/#primaryimage"},"image":{"@id":"https:\/\/newgarden.es\/sostenibilidad\/#primaryimage"},"thumbnailUrl":"https:\/\/newgarden.es\/wp-content\/uploads\/2023\/09\/shutterstock_1687242511.jpg","datePublished":"2019-11-06T11:23:51+00:00","dateModified":"2024-06-21T11:21:45+00:00","description":"Newgarden svolge tutti i suoi processi ottimizzando l'impegno per l'ambiente, creando prodotti autosufficienti minimizzando cos\u00ec l'impronta di carbonio durante la vita dei prodotti","breadcrumb":{"@id":"https:\/\/newgarden.es\/sostenibilidad\/#breadcrumb"},"inLanguage":"it-IT","potentialAction":[{"@type":"ReadAction","target":["https:\/\/newgarden.es\/sostenibilidad\/"]}]},{"@type":"ImageObject","inLanguage":"it-IT","@id":"https:\/\/newgarden.es\/sostenibilidad\/#primaryimage","url":"https:\/\/newgarden.es\/wp-content\/uploads\/2023\/09\/shutterstock_1687242511.jpg","contentUrl":"https:\/\/newgarden.es\/wp-content\/uploads\/2023\/09\/shutterstock_1687242511.jpg","width":1400,"height":933,"caption":"Minimal buildings background with traditional Greek style architecture. Low angle view of white houses against a blue clear summer sky. Outdoor estate construction of modern residential building."},{"@type":"BreadcrumbList","@id":"https:\/\/newgarden.es\/sostenibilidad\/#breadcrumb","itemListElement":[{"@type":"ListItem","position":1,"name":"Home","item":"https:\/\/newgarden.es\/it\/"},{"@type":"ListItem","position":2,"name":"Sostenibile e responsabile"}]},{"@type":"WebSite","@id":"https:\/\/newgarden.es\/#website","url":"https:\/\/newgarden.es\/","name":"Newgarden","description":"Be happy","potentialAction":[{"@type":"SearchAction","target":{"@type":"EntryPoint","urlTemplate":"https:\/\/newgarden.es\/?s={search_term_string}"},"query-input":{"@type":"PropertyValueSpecification","valueRequired":true,"valueName":"search_term_string"}}],"inLanguage":"it-IT"}]}},"_links":{"self":[{"href":"https:\/\/newgarden.es\/it\/wp-json\/wp\/v2\/pages\/22214"}],"collection":[{"href":"https:\/\/newgarden.es\/it\/wp-json\/wp\/v2\/pages"}],"about":[{"href":"https:\/\/newgarden.es\/it\/wp-json\/wp\/v2\/types\/page"}],"author":[{"embeddable":true,"href":"https:\/\/newgarden.es\/it\/wp-json\/wp\/v2\/users\/1"}],"replies":[{"embeddable":true,"href":"https:\/\/newgarden.es\/it\/wp-json\/wp\/v2\/comments?post=22214"}],"version-history":[{"count":15,"href":"https:\/\/newgarden.es\/it\/wp-json\/wp\/v2\/pages\/22214\/revisions"}],"predecessor-version":[{"id":55683,"href":"https:\/\/newgarden.es\/it\/wp-json\/wp\/v2\/pages\/22214\/revisions\/55683"}],"wp:featuredmedia":[{"embeddable":true,"href":"https:\/\/newgarden.es\/it\/wp-json\/wp\/v2\/media\/48516"}],"wp:attachment":[{"href":"https:\/\/newgarden.es\/it\/wp-json\/wp\/v2\/media?parent=22214"}],"curies":[{"name":"wp","href":"https:\/\/api.w.org\/{rel}","templated":true}]}}