{"id":22849,"date":"2019-05-28T09:03:04","date_gmt":"2019-11-13T10:13:36","guid":{"rendered":"https:\/\/newgarden.es\/shop\/sin%20categor\u00eda\/camelia-large-light\/"},"modified":"2019-12-20T10:17:01","modified_gmt":"2019-12-20T09:17:01","slug":"camelia-large-light","status":"publish","type":"product","link":"https:\/\/newgarden.es\/it\/shop\/vasi\/vasi-illuminati\/camelia-large-light\/","title":{"rendered":"CAMELIA LARGE LIGHT"},"content":{"rendered":"<section class=\"wpb-content-wrapper\"><p>[vc_row][vc_column el_class=&#8221;descripcion_producto&#8221;][vc_column_text]<\/p>\n<p style=\"text-align: justify;\"><em>*CAMELIA: si distingue per avere una grande variet\u00e0 di modelli diversi che soddisfano le tue esigenze ma tutti rispettando la stessa gamma di design. Combinali insieme per creare ambienti unici senza perdere la loro essenza mediterranea. <\/em><\/p>\n<p style=\"text-align: justify;\"><em>Tutti i prodotti Newgarden sono realizzati in polietilene, quindi sono leggeri e molto resistenti alle temperature estreme. Sono inoltre protetti dai raggi UV, rendendo la vita del prodotto straordinariamente lunga. <\/em><\/p>\n<p>[\/vc_column_text][\/vc_column][\/vc_row][vc_row disable_element=&#8221;yes&#8221;][vc_column][vc_single_image image=&#8221;6566&#8243; img_size=&#8221;full&#8221;][\/vc_column][\/vc_row][vc_row][vc_column width=&#8221;1\/2&#8243;][vc_btn title=&#8221;SCHEDA TECNICA&#8221; style=&#8221;custom&#8221; custom_background=&#8221;#009bc2&#8243; custom_text=&#8221;#ffffff&#8221; shape=&#8221;square&#8221; link=&#8221;url:https%3A%2F%2Fwww.newgarden.es%2Fwp-content%2Fuploads%2F2018%2F05%2FCamelia-family.pdf|target:%20_blank|&#8221; el_class=&#8221;btn_descargar_ficha&#8221;][\/vc_column][vc_column width=&#8221;1\/2&#8243;][vc_btn title=&#8221;MANUALE DI ISTRUZIONI&#8221; style=&#8221;custom&#8221; custom_background=&#8221;#009bc2&#8243; custom_text=&#8221;#ffffff&#8221; shape=&#8221;square&#8221; link=&#8221;url:https%3A%2F%2Fnewgarden.es%2Finstrucciones%2F||target:%20_blank|&#8221; el_class=&#8221;btn_descargar_ficha&#8221;][\/vc_column][\/vc_row]<\/p>\n<\/section>","protected":false},"excerpt":{"rendered":"<h1 style=\"font-size: 12px;\">Vaso per esterni con illumiazione solare<\/h1>\n","protected":false},"featured_media":59557,"template":"","meta":[],"product_cat":[976,986,1593],"product_tag":[955,962,961],"class_list":{"0":"post-22849","1":"product","2":"type-product","3":"status-publish","4":"has-post-thumbnail","6":"product_cat-vasi","7":"product_cat-vasi-illuminati","8":"product_cat-vasi-rotondi","9":"product_tag-cavo","10":"product_tag-senza-fili-it","11":"product_tag-solare","13":"first","14":"instock","15":"taxable","16":"shipping-taxable","17":"purchasable","18":"product-type-variable"},"yoast_head":"<!-- This site is optimized with the Yoast SEO plugin v24.2 - https:\/\/yoast.com\/wordpress\/plugins\/seo\/ -->\n<title>CAMELIA fioriera carico Esterno Illuminato solare esterno<\/title>\n<meta name=\"description\" content=\"Camelia \u00e8 una fioriera esterna che si distingue per avere una variet\u00e0 di diversi modelli \u00e8 disponibile con illuminato macetero smarttech cavo ricarica solare per uso esterno ed in diversi colori opachi. Combinarli tra di loro per creare ambienti unici.\" \/>\n<meta name=\"robots\" content=\"index, follow, max-snippet:-1, max-image-preview:large, max-video-preview:-1\" \/>\n<link rel=\"canonical\" href=\"https:\/\/newgarden.es\/it\/shop\/vasi\/vasi-illuminati\/camelia-large-light\/\" \/>\n<meta property=\"og:locale\" content=\"it_IT\" \/>\n<meta property=\"og:type\" content=\"article\" \/>\n<meta property=\"og:title\" content=\"CAMELIA fioriera carico Esterno Illuminato solare esterno\" \/>\n<meta property=\"og:description\" content=\"Camelia \u00e8 una fioriera esterna che si distingue per avere una variet\u00e0 di diversi modelli \u00e8 disponibile con illuminato macetero smarttech cavo ricarica solare per uso esterno ed in diversi colori opachi. Combinarli tra di loro per creare ambienti unici.\" \/>\n<meta property=\"og:url\" content=\"https:\/\/newgarden.es\/it\/shop\/vasi\/vasi-illuminati\/camelia-large-light\/\" \/>\n<meta property=\"og:site_name\" content=\"Newgarden\" \/>\n<meta property=\"article:modified_time\" content=\"2019-12-20T09:17:01+00:00\" \/>\n<meta property=\"og:image\" content=\"https:\/\/newgarden.es\/wp-content\/uploads\/2019\/05\/CAMELIA_LARGE_LIGHT_1200X1200-4.jpg\" \/>\n\t<meta property=\"og:image:width\" content=\"1200\" \/>\n\t<meta property=\"og:image:height\" content=\"1200\" \/>\n\t<meta property=\"og:image:type\" content=\"image\/jpeg\" \/>\n<meta name=\"twitter:card\" content=\"summary_large_image\" \/>\n<meta name=\"twitter:label1\" content=\"Tempo di lettura stimato\" \/>\n\t<meta name=\"twitter:data1\" content=\"1 minuto\" \/>\n<script type=\"application\/ld+json\" class=\"yoast-schema-graph\">{\"@context\":\"https:\/\/schema.org\",\"@graph\":[{\"@type\":\"WebPage\",\"@id\":\"https:\/\/newgarden.es\/it\/shop\/vasi\/vasi-illuminati\/camelia-large-light\/\",\"url\":\"https:\/\/newgarden.es\/it\/shop\/vasi\/vasi-illuminati\/camelia-large-light\/\",\"name\":\"CAMELIA fioriera carico Esterno Illuminato solare esterno\",\"isPartOf\":{\"@id\":\"https:\/\/newgarden.es\/#website\"},\"primaryImageOfPage\":{\"@id\":\"https:\/\/newgarden.es\/it\/shop\/vasi\/vasi-illuminati\/camelia-large-light\/#primaryimage\"},\"image\":{\"@id\":\"https:\/\/newgarden.es\/it\/shop\/vasi\/vasi-illuminati\/camelia-large-light\/#primaryimage\"},\"thumbnailUrl\":\"https:\/\/newgarden.es\/wp-content\/uploads\/2019\/05\/CAMELIA_LARGE_LIGHT_1200X1200-4.jpg\",\"datePublished\":\"2019-11-13T10:13:36+00:00\",\"dateModified\":\"2019-12-20T09:17:01+00:00\",\"description\":\"Camelia \u00e8 una fioriera esterna che si distingue per avere una variet\u00e0 di diversi modelli \u00e8 disponibile con illuminato macetero smarttech cavo ricarica solare per uso esterno ed in diversi colori opachi. Combinarli tra di loro per creare ambienti unici.\",\"breadcrumb\":{\"@id\":\"https:\/\/newgarden.es\/it\/shop\/vasi\/vasi-illuminati\/camelia-large-light\/#breadcrumb\"},\"inLanguage\":\"it-IT\",\"potentialAction\":[{\"@type\":\"ReadAction\",\"target\":[\"https:\/\/newgarden.es\/it\/shop\/vasi\/vasi-illuminati\/camelia-large-light\/\"]}]},{\"@type\":\"ImageObject\",\"inLanguage\":\"it-IT\",\"@id\":\"https:\/\/newgarden.es\/it\/shop\/vasi\/vasi-illuminati\/camelia-large-light\/#primaryimage\",\"url\":\"https:\/\/newgarden.es\/wp-content\/uploads\/2019\/05\/CAMELIA_LARGE_LIGHT_1200X1200-4.jpg\",\"contentUrl\":\"https:\/\/newgarden.es\/wp-content\/uploads\/2019\/05\/CAMELIA_LARGE_LIGHT_1200X1200-4.jpg\",\"width\":1200,\"height\":1200},{\"@type\":\"BreadcrumbList\",\"@id\":\"https:\/\/newgarden.es\/it\/shop\/vasi\/vasi-illuminati\/camelia-large-light\/#breadcrumb\",\"itemListElement\":[{\"@type\":\"ListItem\",\"position\":1,\"name\":\"Home\",\"item\":\"https:\/\/newgarden.es\/it\/\"},{\"@type\":\"ListItem\",\"position\":2,\"name\":\"Collezione\",\"item\":\"https:\/\/newgarden.es\/it\/negozio\/\"},{\"@type\":\"ListItem\",\"position\":3,\"name\":\"CAMELIA LARGE LIGHT\"}]},{\"@type\":\"WebSite\",\"@id\":\"https:\/\/newgarden.es\/#website\",\"url\":\"https:\/\/newgarden.es\/\",\"name\":\"Newgarden\",\"description\":\"Be happy\",\"potentialAction\":[{\"@type\":\"SearchAction\",\"target\":{\"@type\":\"EntryPoint\",\"urlTemplate\":\"https:\/\/newgarden.es\/?s={search_term_string}\"},\"query-input\":{\"@type\":\"PropertyValueSpecification\",\"valueRequired\":true,\"valueName\":\"search_term_string\"}}],\"inLanguage\":\"it-IT\"}]}<\/script>\n<!-- \/ Yoast SEO plugin. -->","yoast_head_json":{"title":"CAMELIA fioriera carico Esterno Illuminato solare esterno","description":"Camelia \u00e8 una fioriera esterna che si distingue per avere una variet\u00e0 di diversi modelli \u00e8 disponibile con illuminato macetero smarttech cavo ricarica solare per uso esterno ed in diversi colori opachi. Combinarli tra di loro per creare ambienti unici.","robots":{"index":"index","follow":"follow","max-snippet":"max-snippet:-1","max-image-preview":"max-image-preview:large","max-video-preview":"max-video-preview:-1"},"canonical":"https:\/\/newgarden.es\/it\/shop\/vasi\/vasi-illuminati\/camelia-large-light\/","og_locale":"it_IT","og_type":"article","og_title":"CAMELIA fioriera carico Esterno Illuminato solare esterno","og_description":"Camelia \u00e8 una fioriera esterna che si distingue per avere una variet\u00e0 di diversi modelli \u00e8 disponibile con illuminato macetero smarttech cavo ricarica solare per uso esterno ed in diversi colori opachi. Combinarli tra di loro per creare ambienti unici.","og_url":"https:\/\/newgarden.es\/it\/shop\/vasi\/vasi-illuminati\/camelia-large-light\/","og_site_name":"Newgarden","article_modified_time":"2019-12-20T09:17:01+00:00","og_image":[{"width":1200,"height":1200,"url":"https:\/\/newgarden.es\/wp-content\/uploads\/2019\/05\/CAMELIA_LARGE_LIGHT_1200X1200-4.jpg","type":"image\/jpeg"}],"twitter_card":"summary_large_image","twitter_misc":{"Tempo di lettura stimato":"1 minuto"},"schema":{"@context":"https:\/\/schema.org","@graph":[{"@type":"WebPage","@id":"https:\/\/newgarden.es\/it\/shop\/vasi\/vasi-illuminati\/camelia-large-light\/","url":"https:\/\/newgarden.es\/it\/shop\/vasi\/vasi-illuminati\/camelia-large-light\/","name":"CAMELIA fioriera carico Esterno Illuminato solare esterno","isPartOf":{"@id":"https:\/\/newgarden.es\/#website"},"primaryImageOfPage":{"@id":"https:\/\/newgarden.es\/it\/shop\/vasi\/vasi-illuminati\/camelia-large-light\/#primaryimage"},"image":{"@id":"https:\/\/newgarden.es\/it\/shop\/vasi\/vasi-illuminati\/camelia-large-light\/#primaryimage"},"thumbnailUrl":"https:\/\/newgarden.es\/wp-content\/uploads\/2019\/05\/CAMELIA_LARGE_LIGHT_1200X1200-4.jpg","datePublished":"2019-11-13T10:13:36+00:00","dateModified":"2019-12-20T09:17:01+00:00","description":"Camelia \u00e8 una fioriera esterna che si distingue per avere una variet\u00e0 di diversi modelli \u00e8 disponibile con illuminato macetero smarttech cavo ricarica solare per uso esterno ed in diversi colori opachi. Combinarli tra di loro per creare ambienti unici.","breadcrumb":{"@id":"https:\/\/newgarden.es\/it\/shop\/vasi\/vasi-illuminati\/camelia-large-light\/#breadcrumb"},"inLanguage":"it-IT","potentialAction":[{"@type":"ReadAction","target":["https:\/\/newgarden.es\/it\/shop\/vasi\/vasi-illuminati\/camelia-large-light\/"]}]},{"@type":"ImageObject","inLanguage":"it-IT","@id":"https:\/\/newgarden.es\/it\/shop\/vasi\/vasi-illuminati\/camelia-large-light\/#primaryimage","url":"https:\/\/newgarden.es\/wp-content\/uploads\/2019\/05\/CAMELIA_LARGE_LIGHT_1200X1200-4.jpg","contentUrl":"https:\/\/newgarden.es\/wp-content\/uploads\/2019\/05\/CAMELIA_LARGE_LIGHT_1200X1200-4.jpg","width":1200,"height":1200},{"@type":"BreadcrumbList","@id":"https:\/\/newgarden.es\/it\/shop\/vasi\/vasi-illuminati\/camelia-large-light\/#breadcrumb","itemListElement":[{"@type":"ListItem","position":1,"name":"Home","item":"https:\/\/newgarden.es\/it\/"},{"@type":"ListItem","position":2,"name":"Collezione","item":"https:\/\/newgarden.es\/it\/negozio\/"},{"@type":"ListItem","position":3,"name":"CAMELIA LARGE LIGHT"}]},{"@type":"WebSite","@id":"https:\/\/newgarden.es\/#website","url":"https:\/\/newgarden.es\/","name":"Newgarden","description":"Be happy","potentialAction":[{"@type":"SearchAction","target":{"@type":"EntryPoint","urlTemplate":"https:\/\/newgarden.es\/?s={search_term_string}"},"query-input":{"@type":"PropertyValueSpecification","valueRequired":true,"valueName":"search_term_string"}}],"inLanguage":"it-IT"}]}},"df_price":156.9,"df_sale_price":"","df_regular_price":156.9,"df_image_link":"https:\/\/newgarden.es\/wp-content\/uploads\/2019\/05\/CAMELIA_LARGE_LIGHT_1200X1200-4-580x400.jpg","_links":{"self":[{"href":"https:\/\/newgarden.es\/it\/wp-json\/wp\/v2\/product\/22849"}],"collection":[{"href":"https:\/\/newgarden.es\/it\/wp-json\/wp\/v2\/product"}],"about":[{"href":"https:\/\/newgarden.es\/it\/wp-json\/wp\/v2\/types\/product"}],"wp:featuredmedia":[{"embeddable":true,"href":"https:\/\/newgarden.es\/it\/wp-json\/wp\/v2\/media\/59557"}],"wp:attachment":[{"href":"https:\/\/newgarden.es\/it\/wp-json\/wp\/v2\/media?parent=22849"}],"wp:term":[{"taxonomy":"product_cat","embeddable":true,"href":"https:\/\/newgarden.es\/it\/wp-json\/wp\/v2\/product_cat?post=22849"},{"taxonomy":"product_tag","embeddable":true,"href":"https:\/\/newgarden.es\/it\/wp-json\/wp\/v2\/product_tag?post=22849"}],"curies":[{"name":"wp","href":"https:\/\/api.w.org\/{rel}","templated":true}]}}