{"id":23480,"date":"2019-04-29T11:59:54","date_gmt":"2019-11-13T12:29:03","guid":{"rendered":"https:\/\/newgarden.es\/shop\/sin%20categor\u00eda\/nova-45\/"},"modified":"2021-09-15T13:24:08","modified_gmt":"2021-09-15T11:24:08","slug":"nova-45","status":"publish","type":"product","link":"https:\/\/newgarden.es\/it\/shop\/lightdeco-it\/natale\/nova-45\/","title":{"rendered":"NOVA 45"},"content":{"rendered":"<section class=\"wpb-content-wrapper\"><p>[vc_row][vc_column][vc_column_text]Portiamo NOVA una stella decorativa fuggita dal cielo che ha voluto venire sulla Terra per essere posizionata ovunque nella tua casa o nello spazio esterno perfetto per gli amanti dell&#8217;astronomia. Sentiti come un astronauta mentre NOVA ti d\u00e0 una sensazione calda e piacevole. Perfetta anche per essere l&#8217;ornamento ideale nel tuo albero di Natale. Perfetta anche per essere l&#8217;ornamento ideale nel tuo albero di Natale.<\/p>\n<p>Questa stella illuminata \u00e8 disponibile sia in cavo con luce bianca traslucida che wireless con varianti cromatiche. E in due diverse misure, scopri quella pi\u00f9 adatta a te. In grado di illuminarti con la sua luce tutto l&#8217;anno<\/p>\n<p><em>Tutti i prodotti Newgarden sono realizzati in polietilene, quindi sono leggeri e molto resistenti. Resistono a sbalzi di temperatura estremi e sono protetti dai raggi UV rendendo la durata del prodotto quasi illimitata.<\/em>[\/vc_column_text][\/vc_column][\/vc_row][vc_row disable_element=&#8221;yes&#8221;][vc_column][vc_single_image image=&#8221;6566&#8243; img_size=&#8221;full&#8221;][\/vc_column][\/vc_row][vc_row][vc_column width=&#8221;1\/2&#8243;][vc_btn title=&#8221;SCHEDA TECNICA&#8221; style=&#8221;custom&#8221; custom_background=&#8221;#009bc2&#8243; custom_text=&#8221;#ffffff&#8221; shape=&#8221;square&#8221; link=&#8221;url:https%3A%2F%2Fdrive.google.com%2Fdrive%2Ffolders%2F1e23YzDSopVZgHwPB7Iu60elsveu5KtoB%3Fusp%3Dsharing|target:%20_blank|&#8221; el_class=&#8221;btn_descargar_ficha&#8221;][\/vc_column][vc_column width=&#8221;1\/2&#8243;][vc_btn title=&#8221;MANUALE DI ISTRUZIONI&#8221; style=&#8221;custom&#8221; custom_background=&#8221;#009bc2&#8243; custom_text=&#8221;#ffffff&#8221; shape=&#8221;square&#8221; link=&#8221;url:https%3A%2F%2Fnewgarden.es%2Fit%2F%3Fpage_id%3D25151|target:%20_blank|&#8221; el_class=&#8221;btn_descargar_ficha&#8221;][\/vc_column][\/vc_row]<\/p>\n<\/section>","protected":false},"excerpt":{"rendered":"<h1 style=\"font-size: 12px;\">Lampada decorativa a forma di stella<\/h1>\n","protected":false},"featured_media":60026,"template":"","meta":[],"product_cat":[974,1227,1250,1588,993],"product_tag":[955,962,961],"class_list":{"0":"post-23480","1":"product","2":"type-product","3":"status-publish","4":"has-post-thumbnail","6":"product_cat-lightdeco-it","7":"product_cat-interni-it","8":"product_cat-lampade-da-terra-interne","9":"product_cat-interni-it-it","10":"product_cat-natale","11":"product_tag-cavo","12":"product_tag-senza-fili-it","13":"product_tag-solare","15":"first","16":"instock","17":"taxable","18":"shipping-taxable","19":"purchasable","20":"product-type-variable"},"yoast_head":"<!-- This site is optimized with the Yoast SEO plugin v24.2 - https:\/\/yoast.com\/wordpress\/plugins\/seo\/ -->\n<title>NOVA lampada decorativa a forma si stella con carica solare o cavo<\/title>\n<meta name=\"description\" content=\"Nova \u00e8 un minimalista stella luminosa \u00e8 perfetta per l&#039;uso sia a Natale e durante il resto dell&#039;anno. NOVA stella decorativo \u00e8 ideale per ogni angolo della vostra casa o in ufficio terrazza con giardino. lampada NOVA \u00e8 disponibile in due dimensioni 45 e 60.\" \/>\n<meta name=\"robots\" content=\"index, follow, max-snippet:-1, max-image-preview:large, max-video-preview:-1\" \/>\n<link rel=\"canonical\" href=\"https:\/\/newgarden.es\/it\/shop\/lightdeco-it\/natale\/nova-45\/\" \/>\n<meta property=\"og:locale\" content=\"it_IT\" \/>\n<meta property=\"og:type\" content=\"article\" \/>\n<meta property=\"og:title\" content=\"NOVA lampada decorativa a forma si stella con carica solare o cavo\" \/>\n<meta property=\"og:description\" content=\"Nova \u00e8 un minimalista stella luminosa \u00e8 perfetta per l&#039;uso sia a Natale e durante il resto dell&#039;anno. NOVA stella decorativo \u00e8 ideale per ogni angolo della vostra casa o in ufficio terrazza con giardino. lampada NOVA \u00e8 disponibile in due dimensioni 45 e 60.\" \/>\n<meta property=\"og:url\" content=\"https:\/\/newgarden.es\/it\/shop\/lightdeco-it\/natale\/nova-45\/\" \/>\n<meta property=\"og:site_name\" content=\"Newgarden\" \/>\n<meta property=\"article:modified_time\" content=\"2021-09-15T11:24:08+00:00\" \/>\n<meta property=\"og:image\" content=\"https:\/\/newgarden.es\/wp-content\/uploads\/2019\/05\/NOVA_1200X1200-5.jpg\" \/>\n\t<meta property=\"og:image:width\" content=\"1200\" \/>\n\t<meta property=\"og:image:height\" content=\"1200\" \/>\n\t<meta property=\"og:image:type\" content=\"image\/jpeg\" \/>\n<meta name=\"twitter:card\" content=\"summary_large_image\" \/>\n<meta name=\"twitter:label1\" content=\"Tempo di lettura stimato\" \/>\n\t<meta name=\"twitter:data1\" content=\"1 minuto\" \/>\n<script type=\"application\/ld+json\" class=\"yoast-schema-graph\">{\"@context\":\"https:\/\/schema.org\",\"@graph\":[{\"@type\":\"WebPage\",\"@id\":\"https:\/\/newgarden.es\/it\/shop\/lightdeco-it\/natale\/nova-45\/\",\"url\":\"https:\/\/newgarden.es\/it\/shop\/lightdeco-it\/natale\/nova-45\/\",\"name\":\"NOVA lampada decorativa a forma si stella con carica solare o cavo\",\"isPartOf\":{\"@id\":\"https:\/\/newgarden.es\/#website\"},\"primaryImageOfPage\":{\"@id\":\"https:\/\/newgarden.es\/it\/shop\/lightdeco-it\/natale\/nova-45\/#primaryimage\"},\"image\":{\"@id\":\"https:\/\/newgarden.es\/it\/shop\/lightdeco-it\/natale\/nova-45\/#primaryimage\"},\"thumbnailUrl\":\"https:\/\/newgarden.es\/wp-content\/uploads\/2019\/05\/NOVA_1200X1200-5.jpg\",\"datePublished\":\"2019-11-13T12:29:03+00:00\",\"dateModified\":\"2021-09-15T11:24:08+00:00\",\"description\":\"Nova \u00e8 un minimalista stella luminosa \u00e8 perfetta per l'uso sia a Natale e durante il resto dell'anno. NOVA stella decorativo \u00e8 ideale per ogni angolo della vostra casa o in ufficio terrazza con giardino. lampada NOVA \u00e8 disponibile in due dimensioni 45 e 60.\",\"breadcrumb\":{\"@id\":\"https:\/\/newgarden.es\/it\/shop\/lightdeco-it\/natale\/nova-45\/#breadcrumb\"},\"inLanguage\":\"it-IT\",\"potentialAction\":[{\"@type\":\"ReadAction\",\"target\":[\"https:\/\/newgarden.es\/it\/shop\/lightdeco-it\/natale\/nova-45\/\"]}]},{\"@type\":\"ImageObject\",\"inLanguage\":\"it-IT\",\"@id\":\"https:\/\/newgarden.es\/it\/shop\/lightdeco-it\/natale\/nova-45\/#primaryimage\",\"url\":\"https:\/\/newgarden.es\/wp-content\/uploads\/2019\/05\/NOVA_1200X1200-5.jpg\",\"contentUrl\":\"https:\/\/newgarden.es\/wp-content\/uploads\/2019\/05\/NOVA_1200X1200-5.jpg\",\"width\":1200,\"height\":1200},{\"@type\":\"BreadcrumbList\",\"@id\":\"https:\/\/newgarden.es\/it\/shop\/lightdeco-it\/natale\/nova-45\/#breadcrumb\",\"itemListElement\":[{\"@type\":\"ListItem\",\"position\":1,\"name\":\"Home\",\"item\":\"https:\/\/newgarden.es\/it\/\"},{\"@type\":\"ListItem\",\"position\":2,\"name\":\"Collezione\",\"item\":\"https:\/\/newgarden.es\/it\/negozio\/\"},{\"@type\":\"ListItem\",\"position\":3,\"name\":\"NOVA 45\"}]},{\"@type\":\"WebSite\",\"@id\":\"https:\/\/newgarden.es\/#website\",\"url\":\"https:\/\/newgarden.es\/\",\"name\":\"Newgarden\",\"description\":\"Be happy\",\"potentialAction\":[{\"@type\":\"SearchAction\",\"target\":{\"@type\":\"EntryPoint\",\"urlTemplate\":\"https:\/\/newgarden.es\/?s={search_term_string}\"},\"query-input\":{\"@type\":\"PropertyValueSpecification\",\"valueRequired\":true,\"valueName\":\"search_term_string\"}}],\"inLanguage\":\"it-IT\"}]}<\/script>\n<!-- \/ Yoast SEO plugin. -->","yoast_head_json":{"title":"NOVA lampada decorativa a forma si stella con carica solare o cavo","description":"Nova \u00e8 un minimalista stella luminosa \u00e8 perfetta per l'uso sia a Natale e durante il resto dell'anno. NOVA stella decorativo \u00e8 ideale per ogni angolo della vostra casa o in ufficio terrazza con giardino. lampada NOVA \u00e8 disponibile in due dimensioni 45 e 60.","robots":{"index":"index","follow":"follow","max-snippet":"max-snippet:-1","max-image-preview":"max-image-preview:large","max-video-preview":"max-video-preview:-1"},"canonical":"https:\/\/newgarden.es\/it\/shop\/lightdeco-it\/natale\/nova-45\/","og_locale":"it_IT","og_type":"article","og_title":"NOVA lampada decorativa a forma si stella con carica solare o cavo","og_description":"Nova \u00e8 un minimalista stella luminosa \u00e8 perfetta per l'uso sia a Natale e durante il resto dell'anno. NOVA stella decorativo \u00e8 ideale per ogni angolo della vostra casa o in ufficio terrazza con giardino. lampada NOVA \u00e8 disponibile in due dimensioni 45 e 60.","og_url":"https:\/\/newgarden.es\/it\/shop\/lightdeco-it\/natale\/nova-45\/","og_site_name":"Newgarden","article_modified_time":"2021-09-15T11:24:08+00:00","og_image":[{"width":1200,"height":1200,"url":"https:\/\/newgarden.es\/wp-content\/uploads\/2019\/05\/NOVA_1200X1200-5.jpg","type":"image\/jpeg"}],"twitter_card":"summary_large_image","twitter_misc":{"Tempo di lettura stimato":"1 minuto"},"schema":{"@context":"https:\/\/schema.org","@graph":[{"@type":"WebPage","@id":"https:\/\/newgarden.es\/it\/shop\/lightdeco-it\/natale\/nova-45\/","url":"https:\/\/newgarden.es\/it\/shop\/lightdeco-it\/natale\/nova-45\/","name":"NOVA lampada decorativa a forma si stella con carica solare o cavo","isPartOf":{"@id":"https:\/\/newgarden.es\/#website"},"primaryImageOfPage":{"@id":"https:\/\/newgarden.es\/it\/shop\/lightdeco-it\/natale\/nova-45\/#primaryimage"},"image":{"@id":"https:\/\/newgarden.es\/it\/shop\/lightdeco-it\/natale\/nova-45\/#primaryimage"},"thumbnailUrl":"https:\/\/newgarden.es\/wp-content\/uploads\/2019\/05\/NOVA_1200X1200-5.jpg","datePublished":"2019-11-13T12:29:03+00:00","dateModified":"2021-09-15T11:24:08+00:00","description":"Nova \u00e8 un minimalista stella luminosa \u00e8 perfetta per l'uso sia a Natale e durante il resto dell'anno. NOVA stella decorativo \u00e8 ideale per ogni angolo della vostra casa o in ufficio terrazza con giardino. lampada NOVA \u00e8 disponibile in due dimensioni 45 e 60.","breadcrumb":{"@id":"https:\/\/newgarden.es\/it\/shop\/lightdeco-it\/natale\/nova-45\/#breadcrumb"},"inLanguage":"it-IT","potentialAction":[{"@type":"ReadAction","target":["https:\/\/newgarden.es\/it\/shop\/lightdeco-it\/natale\/nova-45\/"]}]},{"@type":"ImageObject","inLanguage":"it-IT","@id":"https:\/\/newgarden.es\/it\/shop\/lightdeco-it\/natale\/nova-45\/#primaryimage","url":"https:\/\/newgarden.es\/wp-content\/uploads\/2019\/05\/NOVA_1200X1200-5.jpg","contentUrl":"https:\/\/newgarden.es\/wp-content\/uploads\/2019\/05\/NOVA_1200X1200-5.jpg","width":1200,"height":1200},{"@type":"BreadcrumbList","@id":"https:\/\/newgarden.es\/it\/shop\/lightdeco-it\/natale\/nova-45\/#breadcrumb","itemListElement":[{"@type":"ListItem","position":1,"name":"Home","item":"https:\/\/newgarden.es\/it\/"},{"@type":"ListItem","position":2,"name":"Collezione","item":"https:\/\/newgarden.es\/it\/negozio\/"},{"@type":"ListItem","position":3,"name":"NOVA 45"}]},{"@type":"WebSite","@id":"https:\/\/newgarden.es\/#website","url":"https:\/\/newgarden.es\/","name":"Newgarden","description":"Be happy","potentialAction":[{"@type":"SearchAction","target":{"@type":"EntryPoint","urlTemplate":"https:\/\/newgarden.es\/?s={search_term_string}"},"query-input":{"@type":"PropertyValueSpecification","valueRequired":true,"valueName":"search_term_string"}}],"inLanguage":"it-IT"}]}},"df_price":52.4,"df_sale_price":"","df_regular_price":52.4,"df_image_link":"https:\/\/newgarden.es\/wp-content\/uploads\/2019\/05\/NOVA_1200X1200-5-580x400.jpg","_links":{"self":[{"href":"https:\/\/newgarden.es\/it\/wp-json\/wp\/v2\/product\/23480"}],"collection":[{"href":"https:\/\/newgarden.es\/it\/wp-json\/wp\/v2\/product"}],"about":[{"href":"https:\/\/newgarden.es\/it\/wp-json\/wp\/v2\/types\/product"}],"wp:featuredmedia":[{"embeddable":true,"href":"https:\/\/newgarden.es\/it\/wp-json\/wp\/v2\/media\/60026"}],"wp:attachment":[{"href":"https:\/\/newgarden.es\/it\/wp-json\/wp\/v2\/media?parent=23480"}],"wp:term":[{"taxonomy":"product_cat","embeddable":true,"href":"https:\/\/newgarden.es\/it\/wp-json\/wp\/v2\/product_cat?post=23480"},{"taxonomy":"product_tag","embeddable":true,"href":"https:\/\/newgarden.es\/it\/wp-json\/wp\/v2\/product_tag?post=23480"}],"curies":[{"name":"wp","href":"https:\/\/api.w.org\/{rel}","templated":true}]}}