{"id":23557,"date":"2019-04-29T11:35:00","date_gmt":"2019-11-13T12:52:13","guid":{"rendered":"https:\/\/newgarden.es\/shop\/sin%20categor\u00eda\/bricky-2\/"},"modified":"2022-03-17T15:37:59","modified_gmt":"2022-03-17T14:37:59","slug":"bricky-2","status":"publish","type":"product","link":"https:\/\/newgarden.es\/it\/shop\/lightdeco-it\/bricky-2\/","title":{"rendered":"RIPIANI MODULARI BRICKY CON LUCE"},"content":{"rendered":"<section class=\"wpb-content-wrapper\"><p>[vc_row][vc_column][vc_column_text]<\/p>\n<p>[\/vc_column_text][\/vc_column][\/vc_row][vc_row][vc_column el_class=&#8221;descripcion_producto&#8221;][vc_column_text]<\/p>\n<p>RIPIANI MODULARI <strong>BRICKY<\/strong> CON LUCE<\/p>\n<p><strong>Bricky<\/strong>\u00a0\u00e8 un ripiano illuminato progettato dal designer italiano Valerio Sommell nella sua stretta collaborazione con\u00a0<span style=\"text-decoration: underline;\">Newgarden\u00a0<\/span>nel corso di diversi anni.<\/p>\n<p>Ed \u00e8 realizzato in polietilene stampato in rotazionale. \u00c8 completamente impilabile e consente di creare moduli pi\u00f9 grandi. Pu\u00f2 essere illuminato tramite led integrati all\u2019interno del pezzo. Con un singolo modulo collegato al muro \u00e8 possibile illuminare il resto interconnesso tra loro. Il colore della luce a\u00a0<span data-sanitized-data-mce-fragment=\"1\">led\u00a0<\/span>\u00e8 disponibile in 128 colori e include il telecomando per attivare o disattivare l\u2019intensit\u00e0. El m\u00f3dulo puede ser retroiluminado o tambi\u00e9n en colores opacos.<\/p>\n<p>Le misure sono 46 x 46 cm x 46 cm. Ha ancore da appendere al muro.<\/p>\n<p><em>Tutti i prodotti\u00a0<span style=\"text-decoration: underline;\" data-sanitized-data-mce-style=\"text-decoration: underline;\">Newgarden<\/span>\u00a0sono realizzati in polietilene, quindi sono leggeri e molto resistenti. Resistono a sbalzi di temperatura estremi e sono protetti dai raggi UV rendendo la durata del prodotto quasi illimitata.<\/em><\/p>\n<ul class=\"tablaTech\">\n<li>\n<div class=\"boxContents no-border\">\n<div class=\"name\"><strong>DIMENSIONE<\/strong><\/div>\n<div>46 x 46 x 45 cm<\/div>\n<\/div>\n<\/li>\n<\/ul>\n<p>[\/vc_column_text][\/vc_column][\/vc_row][vc_row disable_element=&#8221;yes&#8221;][vc_column][vc_single_image image=&#8221;6566&#8243; img_size=&#8221;full&#8221;][\/vc_column][\/vc_row]<\/p>\n<\/section>","protected":false},"excerpt":{"rendered":"<h1 style=\"font-size: 12px;\">Ripiani modulari Bricky con luce<\/h1>\n","protected":false},"featured_media":23573,"template":"","meta":[],"product_cat":[974,977],"product_tag":[955],"class_list":{"0":"post-23557","1":"product","2":"type-product","3":"status-publish","4":"has-post-thumbnail","6":"product_cat-lightdeco-it","7":"product_cat-mobili","8":"product_tag-cavo","10":"first","11":"instock","12":"taxable","13":"shipping-taxable","14":"purchasable","15":"product-type-variable"},"yoast_head":"<!-- This site is optimized with the Yoast SEO plugin v24.2 - https:\/\/yoast.com\/wordpress\/plugins\/seo\/ -->\n<title>RIPIANI MODULARI BRICKY DESIGN ILLUMINATO<\/title>\n<meta name=\"description\" content=\"Bricky \u00e8 un ripiano illuminato progettato dal designer italiano Valerio Sommell nella sua stretta collaborazione con Newgarden nel corso di diversi anni.\" \/>\n<meta name=\"robots\" content=\"index, follow, max-snippet:-1, max-image-preview:large, max-video-preview:-1\" \/>\n<link rel=\"canonical\" href=\"https:\/\/newgarden.es\/?post_type=product&p=9664\" \/>\n<meta property=\"og:locale\" content=\"it_IT\" \/>\n<meta property=\"og:type\" content=\"article\" \/>\n<meta property=\"og:title\" content=\"RIPIANI MODULARI BRICKY DESIGN ILLUMINATO\" \/>\n<meta property=\"og:description\" content=\"Bricky \u00e8 un ripiano illuminato progettato dal designer italiano Valerio Sommell nella sua stretta collaborazione con Newgarden nel corso di diversi anni.\" \/>\n<meta property=\"og:url\" content=\"https:\/\/newgarden.es\/?post_type=product&amp;p=9664\" \/>\n<meta property=\"og:site_name\" content=\"Newgarden\" \/>\n<meta property=\"article:modified_time\" content=\"2022-03-17T14:37:59+00:00\" \/>\n<meta property=\"og:image\" content=\"https:\/\/newgarden.es\/wp-content\/uploads\/2019\/04\/bricky-instruccion-d-emontaje.174.jpg\" \/>\n\t<meta property=\"og:image:width\" content=\"1920\" \/>\n\t<meta property=\"og:image:height\" content=\"1920\" \/>\n\t<meta property=\"og:image:type\" content=\"image\/jpeg\" \/>\n<meta name=\"twitter:card\" content=\"summary_large_image\" \/>\n<meta name=\"twitter:label1\" content=\"Tempo di lettura stimato\" \/>\n\t<meta name=\"twitter:data1\" content=\"1 minuto\" \/>\n<script type=\"application\/ld+json\" class=\"yoast-schema-graph\">{\"@context\":\"https:\/\/schema.org\",\"@graph\":[{\"@type\":\"WebPage\",\"@id\":\"https:\/\/newgarden.es\/?post_type=product&p=9664\",\"url\":\"https:\/\/newgarden.es\/?post_type=product&p=9664\",\"name\":\"RIPIANI MODULARI BRICKY DESIGN ILLUMINATO\",\"isPartOf\":{\"@id\":\"https:\/\/newgarden.es\/#website\"},\"primaryImageOfPage\":{\"@id\":\"https:\/\/newgarden.es\/?post_type=product&p=9664#primaryimage\"},\"image\":{\"@id\":\"https:\/\/newgarden.es\/?post_type=product&p=9664#primaryimage\"},\"thumbnailUrl\":\"https:\/\/newgarden.es\/wp-content\/uploads\/2019\/04\/bricky-instruccion-d-emontaje.174.jpg\",\"datePublished\":\"2019-11-13T12:52:13+00:00\",\"dateModified\":\"2022-03-17T14:37:59+00:00\",\"description\":\"Bricky \u00e8 un ripiano illuminato progettato dal designer italiano Valerio Sommell nella sua stretta collaborazione con Newgarden nel corso di diversi anni.\",\"breadcrumb\":{\"@id\":\"https:\/\/newgarden.es\/?post_type=product&p=9664#breadcrumb\"},\"inLanguage\":\"it-IT\",\"potentialAction\":[{\"@type\":\"ReadAction\",\"target\":[\"https:\/\/newgarden.es\/?post_type=product&p=9664\"]}]},{\"@type\":\"ImageObject\",\"inLanguage\":\"it-IT\",\"@id\":\"https:\/\/newgarden.es\/?post_type=product&p=9664#primaryimage\",\"url\":\"https:\/\/newgarden.es\/wp-content\/uploads\/2019\/04\/bricky-instruccion-d-emontaje.174.jpg\",\"contentUrl\":\"https:\/\/newgarden.es\/wp-content\/uploads\/2019\/04\/bricky-instruccion-d-emontaje.174.jpg\",\"width\":1920,\"height\":1920,\"caption\":\"bricky instruccion d emontaje.174\"},{\"@type\":\"BreadcrumbList\",\"@id\":\"https:\/\/newgarden.es\/?post_type=product&p=9664#breadcrumb\",\"itemListElement\":[{\"@type\":\"ListItem\",\"position\":1,\"name\":\"Home\",\"item\":\"https:\/\/newgarden.es\/it\/\"},{\"@type\":\"ListItem\",\"position\":2,\"name\":\"Collezione\",\"item\":\"https:\/\/newgarden.es\/it\/negozio\/\"},{\"@type\":\"ListItem\",\"position\":3,\"name\":\"RIPIANI MODULARI BRICKY CON LUCE\"}]},{\"@type\":\"WebSite\",\"@id\":\"https:\/\/newgarden.es\/#website\",\"url\":\"https:\/\/newgarden.es\/\",\"name\":\"Newgarden\",\"description\":\"Be happy\",\"potentialAction\":[{\"@type\":\"SearchAction\",\"target\":{\"@type\":\"EntryPoint\",\"urlTemplate\":\"https:\/\/newgarden.es\/?s={search_term_string}\"},\"query-input\":{\"@type\":\"PropertyValueSpecification\",\"valueRequired\":true,\"valueName\":\"search_term_string\"}}],\"inLanguage\":\"it-IT\"}]}<\/script>\n<!-- \/ Yoast SEO plugin. -->","yoast_head_json":{"title":"RIPIANI MODULARI BRICKY DESIGN ILLUMINATO","description":"Bricky \u00e8 un ripiano illuminato progettato dal designer italiano Valerio Sommell nella sua stretta collaborazione con Newgarden nel corso di diversi anni.","robots":{"index":"index","follow":"follow","max-snippet":"max-snippet:-1","max-image-preview":"max-image-preview:large","max-video-preview":"max-video-preview:-1"},"canonical":"https:\/\/newgarden.es\/?post_type=product&p=9664","og_locale":"it_IT","og_type":"article","og_title":"RIPIANI MODULARI BRICKY DESIGN ILLUMINATO","og_description":"Bricky \u00e8 un ripiano illuminato progettato dal designer italiano Valerio Sommell nella sua stretta collaborazione con Newgarden nel corso di diversi anni.","og_url":"https:\/\/newgarden.es\/?post_type=product&p=9664","og_site_name":"Newgarden","article_modified_time":"2022-03-17T14:37:59+00:00","og_image":[{"width":1920,"height":1920,"url":"https:\/\/newgarden.es\/wp-content\/uploads\/2019\/04\/bricky-instruccion-d-emontaje.174.jpg","type":"image\/jpeg"}],"twitter_card":"summary_large_image","twitter_misc":{"Tempo di lettura stimato":"1 minuto"},"schema":{"@context":"https:\/\/schema.org","@graph":[{"@type":"WebPage","@id":"https:\/\/newgarden.es\/?post_type=product&p=9664","url":"https:\/\/newgarden.es\/?post_type=product&p=9664","name":"RIPIANI MODULARI BRICKY DESIGN ILLUMINATO","isPartOf":{"@id":"https:\/\/newgarden.es\/#website"},"primaryImageOfPage":{"@id":"https:\/\/newgarden.es\/?post_type=product&p=9664#primaryimage"},"image":{"@id":"https:\/\/newgarden.es\/?post_type=product&p=9664#primaryimage"},"thumbnailUrl":"https:\/\/newgarden.es\/wp-content\/uploads\/2019\/04\/bricky-instruccion-d-emontaje.174.jpg","datePublished":"2019-11-13T12:52:13+00:00","dateModified":"2022-03-17T14:37:59+00:00","description":"Bricky \u00e8 un ripiano illuminato progettato dal designer italiano Valerio Sommell nella sua stretta collaborazione con Newgarden nel corso di diversi anni.","breadcrumb":{"@id":"https:\/\/newgarden.es\/?post_type=product&p=9664#breadcrumb"},"inLanguage":"it-IT","potentialAction":[{"@type":"ReadAction","target":["https:\/\/newgarden.es\/?post_type=product&p=9664"]}]},{"@type":"ImageObject","inLanguage":"it-IT","@id":"https:\/\/newgarden.es\/?post_type=product&p=9664#primaryimage","url":"https:\/\/newgarden.es\/wp-content\/uploads\/2019\/04\/bricky-instruccion-d-emontaje.174.jpg","contentUrl":"https:\/\/newgarden.es\/wp-content\/uploads\/2019\/04\/bricky-instruccion-d-emontaje.174.jpg","width":1920,"height":1920,"caption":"bricky instruccion d emontaje.174"},{"@type":"BreadcrumbList","@id":"https:\/\/newgarden.es\/?post_type=product&p=9664#breadcrumb","itemListElement":[{"@type":"ListItem","position":1,"name":"Home","item":"https:\/\/newgarden.es\/it\/"},{"@type":"ListItem","position":2,"name":"Collezione","item":"https:\/\/newgarden.es\/it\/negozio\/"},{"@type":"ListItem","position":3,"name":"RIPIANI MODULARI BRICKY CON LUCE"}]},{"@type":"WebSite","@id":"https:\/\/newgarden.es\/#website","url":"https:\/\/newgarden.es\/","name":"Newgarden","description":"Be happy","potentialAction":[{"@type":"SearchAction","target":{"@type":"EntryPoint","urlTemplate":"https:\/\/newgarden.es\/?s={search_term_string}"},"query-input":{"@type":"PropertyValueSpecification","valueRequired":true,"valueName":"search_term_string"}}],"inLanguage":"it-IT"}]}},"df_price":127,"df_sale_price":"","df_regular_price":127,"df_image_link":"https:\/\/newgarden.es\/wp-content\/uploads\/2019\/04\/bricky-instruccion-d-emontaje.174.jpg","_links":{"self":[{"href":"https:\/\/newgarden.es\/it\/wp-json\/wp\/v2\/product\/23557"}],"collection":[{"href":"https:\/\/newgarden.es\/it\/wp-json\/wp\/v2\/product"}],"about":[{"href":"https:\/\/newgarden.es\/it\/wp-json\/wp\/v2\/types\/product"}],"wp:featuredmedia":[{"embeddable":true,"href":"https:\/\/newgarden.es\/it\/wp-json\/wp\/v2\/media\/23573"}],"wp:attachment":[{"href":"https:\/\/newgarden.es\/it\/wp-json\/wp\/v2\/media?parent=23557"}],"wp:term":[{"taxonomy":"product_cat","embeddable":true,"href":"https:\/\/newgarden.es\/it\/wp-json\/wp\/v2\/product_cat?post=23557"},{"taxonomy":"product_tag","embeddable":true,"href":"https:\/\/newgarden.es\/it\/wp-json\/wp\/v2\/product_tag?post=23557"}],"curies":[{"name":"wp","href":"https:\/\/api.w.org\/{rel}","templated":true}]}}