{"id":23613,"date":"2019-04-26T16:36:26","date_gmt":"2019-11-13T13:03:21","guid":{"rendered":"https:\/\/newgarden.es\/shop\/sin%20categor\u00eda\/lampadina-sun-rgb-by-newgarden\/"},"modified":"2019-11-13T14:03:24","modified_gmt":"2019-11-13T13:03:24","slug":"lampadina-sun-rgb-by-newgarden","status":"publish","type":"product","link":"https:\/\/newgarden.es\/it\/shop\/lightdeco-it\/lampadina-sun-rgb-by-newgarden\/","title":{"rendered":"LAMPADINA SUN RGB BY NEWGARDEN"},"content":{"rendered":"<section class=\"wpb-content-wrapper\"><p>[vc_row][vc_column][vc_column_text]<\/p>\n<p>[\/vc_column_text][\/vc_column][\/vc_row][vc_row][vc_column el_class=&#8221;descripcion_producto&#8221;][vc_column_text]<\/p>\n<p style=\"text-align: justify\">lampadina SUN RGB LED \u00e8 controllata dal tuo smartphone con l&#8217;applicazione esclusiva Newgarden SUN. Con questa lampadina \u00e8 possibile scegliere pi\u00f9 di 256 colori RGB per aumentare o diminuire l&#8217;intensit\u00e0 della luce e accenderla e creare gruppi di illuminazione sincronizzati.<\/p>\n<p>Presa E27[\/vc_column_text][\/vc_column][\/vc_row][vc_row disable_element=&#8221;yes&#8221;][vc_column][vc_single_image image=&#8221;6566&#8243; img_size=&#8221;full&#8221;][\/vc_column][\/vc_row][vc_row][vc_column width=&#8221;1\/2&#8243;][vc_btn title=&#8221;VIDEO TUTORIAL &#8221; style=&#8221;custom&#8221; custom_background=&#8221;#009bc2&#8243; custom_text=&#8221;#ffffff&#8221; shape=&#8221;square&#8221; link=&#8221;url:https%3A%2F%2Fwww.youtube.com%2Fwatch%3Fv%3DbZQQH02vuzo%26amp%3Bt%3D13s|target:%20_blank|&#8221; el_class=&#8221;btn_descargar_ficha&#8221;][\/vc_column][vc_column width=&#8221;1\/2&#8243;][vc_btn title=&#8221;MANUALE SUN RGB&#8221; style=&#8221;custom&#8221; custom_background=&#8221;#009bc2&#8243; custom_text=&#8221;#ffffff&#8221; shape=&#8221;square&#8221; link=&#8221;url:https%3A%2F%2Fwww.newgarden.es%2Fwp-content%2Fuploads%2F2018%2F08%2FInstrucciones-APP.pdf|target:%20_blank|&#8221; el_class=&#8221;btn_descargar_ficha&#8221;][\/vc_column][\/vc_row][vc_row][vc_column width=&#8221;1\/2&#8243;][vc_btn title=&#8221;SCARICA APP ANDROID&#8221; style=&#8221;custom&#8221; custom_background=&#8221;#d7ea00&#8243; custom_text=&#8221;#ffffff&#8221; shape=&#8221;square&#8221; i_icon_fontawesome=&#8221;fa fa-android&#8221; add_icon=&#8221;true&#8221; link=&#8221;url:https%3A%2F%2Fplay.google.com%2Fstore%2Fapps%2Fdetails%3Fid%3Dcom.newgarden.sunrgb%26amp%3Bhl%3Des|target:%20_blank|&#8221; el_class=&#8221;btn_descargar_ficha&#8221;][\/vc_column][vc_column width=&#8221;1\/2&#8243;][vc_btn title=&#8221;SCARICA APP IOS (IPHONE)&#8221; style=&#8221;custom&#8221; custom_background=&#8221;#eaeaea&#8221; custom_text=&#8221;#000000&#8243; shape=&#8221;square&#8221; i_icon_fontawesome=&#8221;fa fa-apple&#8221; add_icon=&#8221;true&#8221; link=&#8221;url:https%3A%2F%2Fitunes.apple.com%2Fus%2Fapp%2Fid921479732|target:%20_blank|&#8221; el_class=&#8221;btn_descargar_ficha&#8221;][\/vc_column][\/vc_row]<\/p>\n<\/section>","protected":false},"excerpt":{"rendered":"<h1 style=\"font-size: 12px\">Lampadina LED SUN RGB<\/h1>\n","protected":false},"featured_media":23627,"template":"","meta":[],"product_cat":[974,977],"product_tag":[],"class_list":{"0":"post-23613","1":"product","2":"type-product","3":"status-publish","4":"has-post-thumbnail","6":"product_cat-lightdeco-it","7":"product_cat-mobili","9":"first","10":"instock","11":"taxable","12":"shipping-taxable","13":"purchasable","14":"product-type-variable"},"yoast_head":"<!-- This site is optimized with the Yoast SEO plugin v24.2 - https:\/\/yoast.com\/wordpress\/plugins\/seo\/ -->\n<title>Lampadina SUN LED RGB controllabile dal dispositivo smartphone<\/title>\n<meta name=\"description\" content=\"lampadina SUN RGB LED \u00e8 controllata dal tuo smartphone con l&#039;applicazione esclusiva Newgarden SUN. Con questa lampadina \u00e8 possibile scegliere pi\u00f9 di 256 colori RGB o aumento dell&#039;intensit\u00e0 diminuzione della luce e si spegne e creare set di illuminazione\" \/>\n<meta name=\"robots\" content=\"index, follow, max-snippet:-1, max-image-preview:large, max-video-preview:-1\" \/>\n<link rel=\"canonical\" href=\"https:\/\/newgarden.es\/?post_type=product&p=9144\" \/>\n<meta property=\"og:locale\" content=\"it_IT\" \/>\n<meta property=\"og:type\" content=\"article\" \/>\n<meta property=\"og:title\" content=\"Lampadina SUN LED RGB controllabile dal dispositivo smartphone\" \/>\n<meta property=\"og:description\" content=\"lampadina SUN RGB LED \u00e8 controllata dal tuo smartphone con l&#039;applicazione esclusiva Newgarden SUN. Con questa lampadina \u00e8 possibile scegliere pi\u00f9 di 256 colori RGB o aumento dell&#039;intensit\u00e0 diminuzione della luce e si spegne e creare set di illuminazione\" \/>\n<meta property=\"og:url\" content=\"https:\/\/newgarden.es\/?post_type=product&amp;p=9144\" \/>\n<meta property=\"og:site_name\" content=\"Newgarden\" \/>\n<meta property=\"article:modified_time\" content=\"2019-11-13T13:03:24+00:00\" \/>\n<meta property=\"og:image\" content=\"https:\/\/newgarden.es\/wp-content\/uploads\/2019\/04\/bb-1.png\" \/>\n\t<meta property=\"og:image:width\" content=\"800\" \/>\n\t<meta property=\"og:image:height\" content=\"610\" \/>\n\t<meta property=\"og:image:type\" content=\"image\/png\" \/>\n<meta name=\"twitter:card\" content=\"summary_large_image\" \/>\n<meta name=\"twitter:label1\" content=\"Tempo di lettura stimato\" \/>\n\t<meta name=\"twitter:data1\" content=\"1 minuto\" \/>\n<script type=\"application\/ld+json\" class=\"yoast-schema-graph\">{\"@context\":\"https:\/\/schema.org\",\"@graph\":[{\"@type\":\"WebPage\",\"@id\":\"https:\/\/newgarden.es\/?post_type=product&p=9144\",\"url\":\"https:\/\/newgarden.es\/?post_type=product&p=9144\",\"name\":\"Lampadina SUN LED RGB controllabile dal dispositivo smartphone\",\"isPartOf\":{\"@id\":\"https:\/\/newgarden.es\/#website\"},\"primaryImageOfPage\":{\"@id\":\"https:\/\/newgarden.es\/?post_type=product&p=9144#primaryimage\"},\"image\":{\"@id\":\"https:\/\/newgarden.es\/?post_type=product&p=9144#primaryimage\"},\"thumbnailUrl\":\"https:\/\/newgarden.es\/wp-content\/uploads\/2019\/04\/bb-1.png\",\"datePublished\":\"2019-11-13T13:03:21+00:00\",\"dateModified\":\"2019-11-13T13:03:24+00:00\",\"description\":\"lampadina SUN RGB LED \u00e8 controllata dal tuo smartphone con l'applicazione esclusiva Newgarden SUN. Con questa lampadina \u00e8 possibile scegliere pi\u00f9 di 256 colori RGB o aumento dell'intensit\u00e0 diminuzione della luce e si spegne e creare set di illuminazione\",\"breadcrumb\":{\"@id\":\"https:\/\/newgarden.es\/?post_type=product&p=9144#breadcrumb\"},\"inLanguage\":\"it-IT\",\"potentialAction\":[{\"@type\":\"ReadAction\",\"target\":[\"https:\/\/newgarden.es\/?post_type=product&p=9144\"]}]},{\"@type\":\"ImageObject\",\"inLanguage\":\"it-IT\",\"@id\":\"https:\/\/newgarden.es\/?post_type=product&p=9144#primaryimage\",\"url\":\"https:\/\/newgarden.es\/wp-content\/uploads\/2019\/04\/bb-1.png\",\"contentUrl\":\"https:\/\/newgarden.es\/wp-content\/uploads\/2019\/04\/bb-1.png\",\"width\":800,\"height\":610,\"caption\":\"bb 1\"},{\"@type\":\"BreadcrumbList\",\"@id\":\"https:\/\/newgarden.es\/?post_type=product&p=9144#breadcrumb\",\"itemListElement\":[{\"@type\":\"ListItem\",\"position\":1,\"name\":\"Home\",\"item\":\"https:\/\/newgarden.es\/it\/\"},{\"@type\":\"ListItem\",\"position\":2,\"name\":\"Collezione\",\"item\":\"https:\/\/newgarden.es\/it\/negozio\/\"},{\"@type\":\"ListItem\",\"position\":3,\"name\":\"LAMPADINA SUN RGB BY NEWGARDEN\"}]},{\"@type\":\"WebSite\",\"@id\":\"https:\/\/newgarden.es\/#website\",\"url\":\"https:\/\/newgarden.es\/\",\"name\":\"Newgarden\",\"description\":\"Be happy\",\"potentialAction\":[{\"@type\":\"SearchAction\",\"target\":{\"@type\":\"EntryPoint\",\"urlTemplate\":\"https:\/\/newgarden.es\/?s={search_term_string}\"},\"query-input\":{\"@type\":\"PropertyValueSpecification\",\"valueRequired\":true,\"valueName\":\"search_term_string\"}}],\"inLanguage\":\"it-IT\"}]}<\/script>\n<!-- \/ Yoast SEO plugin. -->","yoast_head_json":{"title":"Lampadina SUN LED RGB controllabile dal dispositivo smartphone","description":"lampadina SUN RGB LED \u00e8 controllata dal tuo smartphone con l'applicazione esclusiva Newgarden SUN. Con questa lampadina \u00e8 possibile scegliere pi\u00f9 di 256 colori RGB o aumento dell'intensit\u00e0 diminuzione della luce e si spegne e creare set di illuminazione","robots":{"index":"index","follow":"follow","max-snippet":"max-snippet:-1","max-image-preview":"max-image-preview:large","max-video-preview":"max-video-preview:-1"},"canonical":"https:\/\/newgarden.es\/?post_type=product&p=9144","og_locale":"it_IT","og_type":"article","og_title":"Lampadina SUN LED RGB controllabile dal dispositivo smartphone","og_description":"lampadina SUN RGB LED \u00e8 controllata dal tuo smartphone con l'applicazione esclusiva Newgarden SUN. Con questa lampadina \u00e8 possibile scegliere pi\u00f9 di 256 colori RGB o aumento dell'intensit\u00e0 diminuzione della luce e si spegne e creare set di illuminazione","og_url":"https:\/\/newgarden.es\/?post_type=product&p=9144","og_site_name":"Newgarden","article_modified_time":"2019-11-13T13:03:24+00:00","og_image":[{"width":800,"height":610,"url":"https:\/\/newgarden.es\/wp-content\/uploads\/2019\/04\/bb-1.png","type":"image\/png"}],"twitter_card":"summary_large_image","twitter_misc":{"Tempo di lettura stimato":"1 minuto"},"schema":{"@context":"https:\/\/schema.org","@graph":[{"@type":"WebPage","@id":"https:\/\/newgarden.es\/?post_type=product&p=9144","url":"https:\/\/newgarden.es\/?post_type=product&p=9144","name":"Lampadina SUN LED RGB controllabile dal dispositivo smartphone","isPartOf":{"@id":"https:\/\/newgarden.es\/#website"},"primaryImageOfPage":{"@id":"https:\/\/newgarden.es\/?post_type=product&p=9144#primaryimage"},"image":{"@id":"https:\/\/newgarden.es\/?post_type=product&p=9144#primaryimage"},"thumbnailUrl":"https:\/\/newgarden.es\/wp-content\/uploads\/2019\/04\/bb-1.png","datePublished":"2019-11-13T13:03:21+00:00","dateModified":"2019-11-13T13:03:24+00:00","description":"lampadina SUN RGB LED \u00e8 controllata dal tuo smartphone con l'applicazione esclusiva Newgarden SUN. Con questa lampadina \u00e8 possibile scegliere pi\u00f9 di 256 colori RGB o aumento dell'intensit\u00e0 diminuzione della luce e si spegne e creare set di illuminazione","breadcrumb":{"@id":"https:\/\/newgarden.es\/?post_type=product&p=9144#breadcrumb"},"inLanguage":"it-IT","potentialAction":[{"@type":"ReadAction","target":["https:\/\/newgarden.es\/?post_type=product&p=9144"]}]},{"@type":"ImageObject","inLanguage":"it-IT","@id":"https:\/\/newgarden.es\/?post_type=product&p=9144#primaryimage","url":"https:\/\/newgarden.es\/wp-content\/uploads\/2019\/04\/bb-1.png","contentUrl":"https:\/\/newgarden.es\/wp-content\/uploads\/2019\/04\/bb-1.png","width":800,"height":610,"caption":"bb 1"},{"@type":"BreadcrumbList","@id":"https:\/\/newgarden.es\/?post_type=product&p=9144#breadcrumb","itemListElement":[{"@type":"ListItem","position":1,"name":"Home","item":"https:\/\/newgarden.es\/it\/"},{"@type":"ListItem","position":2,"name":"Collezione","item":"https:\/\/newgarden.es\/it\/negozio\/"},{"@type":"ListItem","position":3,"name":"LAMPADINA SUN RGB BY NEWGARDEN"}]},{"@type":"WebSite","@id":"https:\/\/newgarden.es\/#website","url":"https:\/\/newgarden.es\/","name":"Newgarden","description":"Be happy","potentialAction":[{"@type":"SearchAction","target":{"@type":"EntryPoint","urlTemplate":"https:\/\/newgarden.es\/?s={search_term_string}"},"query-input":{"@type":"PropertyValueSpecification","valueRequired":true,"valueName":"search_term_string"}}],"inLanguage":"it-IT"}]}},"df_price":49.95,"df_sale_price":"","df_regular_price":49.95,"df_image_link":"https:\/\/newgarden.es\/wp-content\/uploads\/2019\/04\/bb-1.png","_links":{"self":[{"href":"https:\/\/newgarden.es\/it\/wp-json\/wp\/v2\/product\/23613"}],"collection":[{"href":"https:\/\/newgarden.es\/it\/wp-json\/wp\/v2\/product"}],"about":[{"href":"https:\/\/newgarden.es\/it\/wp-json\/wp\/v2\/types\/product"}],"wp:featuredmedia":[{"embeddable":true,"href":"https:\/\/newgarden.es\/it\/wp-json\/wp\/v2\/media\/23627"}],"wp:attachment":[{"href":"https:\/\/newgarden.es\/it\/wp-json\/wp\/v2\/media?parent=23613"}],"wp:term":[{"taxonomy":"product_cat","embeddable":true,"href":"https:\/\/newgarden.es\/it\/wp-json\/wp\/v2\/product_cat?post=23613"},{"taxonomy":"product_tag","embeddable":true,"href":"https:\/\/newgarden.es\/it\/wp-json\/wp\/v2\/product_tag?post=23613"}],"curies":[{"name":"wp","href":"https:\/\/api.w.org\/{rel}","templated":true}]}}