{"id":24331,"date":"2019-04-25T16:39:43","date_gmt":"2019-11-15T10:56:53","guid":{"rendered":"https:\/\/newgarden.es\/shop\/sin%20categor\u00eda\/cuby-20\/"},"modified":"2022-03-17T16:31:03","modified_gmt":"2022-03-17T15:31:03","slug":"cuby-20","status":"publish","type":"product","link":"https:\/\/newgarden.es\/it\/shop\/lightdeco-it\/lampade-da-tavolo\/cuby-20\/","title":{"rendered":"CUBO LUMINOSO CUBY 20"},"content":{"rendered":"<section class=\"wpb-content-wrapper\"><p>[vc_row][vc_column el_class=&#8221;descripcion_producto&#8221;][vc_column_text]<\/p>\n<p>Una lampada cubica decorativa da esterno in polietilene della collezione <strong>Cuby<\/strong> di <span style=\"text-decoration: underline;\">Newgarden<\/span>.<br \/>\nQuesto cubo versatile pu\u00f2 essere usato come una decorazione illuminata, un tavolino, o anche come una seduta. Crea atmosfere e spazi per le tue feste o spazi, sia all&#8217;interno che all&#8217;esterno.<br \/>\nQuesto cubo illuminato ha un alto grado di protezione (IP65), che lo protegge dagli spruzzi d&#8217;acqua, quindi \u00e8 perfettamente adatto per l&#8217;uso in zone umide e pu\u00f2 essere installato nel vostro giardino o sulla vostra terrazza. Sar\u00e0 anche resistente ai cambiamenti del tempo e ai raggi UV.<\/p>\n<p>La collezione <strong>Cuby<\/strong> \u00e8 disponibile in diverse versioni e dimensioni. \u00c8 quindi possibile combinare e creare set personalizzati e grafici.<\/p>\n<p><em>Tutti i prodotti <span style=\"text-decoration: underline;\">Newgarden<\/span> sono fatti di polietilene, quindi sono leggeri e altamente resistenti alle temperature estreme. Sono anche resistenti ai raggi UV, rendendo il prodotto straordinariamente duraturo.<\/em><\/p>\n<ul>\n<li><strong>DIMENSIONE CUBY 20<\/strong><br \/>\n20 x 20 x 20 cm<\/li>\n<\/ul>\n<p>[\/vc_column_text][\/vc_column][\/vc_row][vc_row disable_element=&#8221;yes&#8221;][vc_column][vc_single_image image=&#8221;6566&#8243; img_size=&#8221;full&#8221;][\/vc_column][\/vc_row][vc_row][vc_column width=&#8221;1\/2&#8243;][vc_btn title=&#8221;SCHEDA TECNICA&#8221; style=&#8221;custom&#8221; custom_background=&#8221;#009bc2&#8243; custom_text=&#8221;#ffffff&#8221; shape=&#8221;square&#8221; link=&#8221;url:https%3A%2F%2Fwww.newgarden.es%2Fwp-content%2Fuploads%2F2018%2F01%2FCuby.pdf|target:%20_blank|&#8221; el_class=&#8221;btn_descargar_ficha&#8221;][\/vc_column][vc_column width=&#8221;1\/2&#8243;][vc_btn title=&#8221;MANUALE DI ISTRUZIONI&#8221; style=&#8221;custom&#8221; custom_background=&#8221;#009bc2&#8243; custom_text=&#8221;#ffffff&#8221; shape=&#8221;square&#8221; link=&#8221;url:https%3A%2F%2Fnewgarden.es%2Fwp-content%2Fuploads%2F2017%2F07%2Fmanual.pdf|target:%20_blank|&#8221; el_class=&#8221;btn_descargar_ficha&#8221;][\/vc_column][\/vc_row]<\/p>\n<\/section>","protected":false},"excerpt":{"rendered":"<h5>Cubo luminoso Cuby 20<\/h5>\n","protected":false},"featured_media":57155,"template":"","meta":[],"product_cat":[1697,974,983,1586,1588],"product_tag":[955,962,961],"class_list":{"0":"post-24331","1":"product","2":"type-product","3":"status-publish","4":"has-post-thumbnail","6":"product_cat-productos-it","7":"product_cat-lightdeco-it","8":"product_cat-lampade-da-tavolo","9":"product_cat-sfere-e-cubi","10":"product_cat-interni-it-it","11":"product_tag-cavo","12":"product_tag-senza-fili-it","13":"product_tag-solare","15":"first","16":"instock","17":"taxable","18":"shipping-taxable","19":"purchasable","20":"product-type-variable"},"yoast_head":"<!-- This site is optimized with the Yoast SEO plugin v24.2 - https:\/\/yoast.com\/wordpress\/plugins\/seo\/ -->\n<title>CUBO LUMINOSO CUBY 20 DECORATIVO ESTERNO<\/title>\n<meta name=\"description\" content=\"Una lampada cubica decorativa da esterno in polietilene della collezione Cuby di Newgarden.Questo cubo versatile pu\u00f2 essere usato come una decorazione\" \/>\n<meta name=\"robots\" content=\"index, follow, max-snippet:-1, max-image-preview:large, max-video-preview:-1\" \/>\n<link rel=\"canonical\" href=\"https:\/\/newgarden.es\/it\/shop\/lightdeco-it\/lampade-da-tavolo\/cuby-20\/\" \/>\n<meta property=\"og:locale\" content=\"it_IT\" \/>\n<meta property=\"og:type\" content=\"article\" \/>\n<meta property=\"og:title\" content=\"CUBO LUMINOSO CUBY 20 DECORATIVO ESTERNO\" \/>\n<meta property=\"og:description\" content=\"Una lampada cubica decorativa da esterno in polietilene della collezione Cuby di Newgarden.Questo cubo versatile pu\u00f2 essere usato come una decorazione\" \/>\n<meta property=\"og:url\" content=\"https:\/\/newgarden.es\/it\/shop\/lightdeco-it\/lampade-da-tavolo\/cuby-20\/\" \/>\n<meta property=\"og:site_name\" content=\"Newgarden\" \/>\n<meta property=\"article:modified_time\" content=\"2022-03-17T15:31:03+00:00\" \/>\n<meta property=\"og:image\" content=\"https:\/\/newgarden.es\/wp-content\/uploads\/2021\/07\/FAMILIA_CUBY_1200X1200-17.jpg\" \/>\n\t<meta property=\"og:image:width\" content=\"1200\" \/>\n\t<meta property=\"og:image:height\" content=\"1200\" \/>\n\t<meta property=\"og:image:type\" content=\"image\/jpeg\" \/>\n<meta name=\"twitter:card\" content=\"summary_large_image\" \/>\n<meta name=\"twitter:label1\" content=\"Tempo di lettura stimato\" \/>\n\t<meta name=\"twitter:data1\" content=\"1 minuto\" \/>\n<script type=\"application\/ld+json\" class=\"yoast-schema-graph\">{\"@context\":\"https:\/\/schema.org\",\"@graph\":[{\"@type\":\"WebPage\",\"@id\":\"https:\/\/newgarden.es\/it\/shop\/lightdeco-it\/lampade-da-tavolo\/cuby-20\/\",\"url\":\"https:\/\/newgarden.es\/it\/shop\/lightdeco-it\/lampade-da-tavolo\/cuby-20\/\",\"name\":\"CUBO LUMINOSO CUBY 20 DECORATIVO ESTERNO\",\"isPartOf\":{\"@id\":\"https:\/\/newgarden.es\/#website\"},\"primaryImageOfPage\":{\"@id\":\"https:\/\/newgarden.es\/it\/shop\/lightdeco-it\/lampade-da-tavolo\/cuby-20\/#primaryimage\"},\"image\":{\"@id\":\"https:\/\/newgarden.es\/it\/shop\/lightdeco-it\/lampade-da-tavolo\/cuby-20\/#primaryimage\"},\"thumbnailUrl\":\"https:\/\/newgarden.es\/wp-content\/uploads\/2021\/07\/FAMILIA_CUBY_1200X1200-17.jpg\",\"datePublished\":\"2019-11-15T10:56:53+00:00\",\"dateModified\":\"2022-03-17T15:31:03+00:00\",\"description\":\"Una lampada cubica decorativa da esterno in polietilene della collezione Cuby di Newgarden.Questo cubo versatile pu\u00f2 essere usato come una decorazione\",\"breadcrumb\":{\"@id\":\"https:\/\/newgarden.es\/it\/shop\/lightdeco-it\/lampade-da-tavolo\/cuby-20\/#breadcrumb\"},\"inLanguage\":\"it-IT\",\"potentialAction\":[{\"@type\":\"ReadAction\",\"target\":[\"https:\/\/newgarden.es\/it\/shop\/lightdeco-it\/lampade-da-tavolo\/cuby-20\/\"]}]},{\"@type\":\"ImageObject\",\"inLanguage\":\"it-IT\",\"@id\":\"https:\/\/newgarden.es\/it\/shop\/lightdeco-it\/lampade-da-tavolo\/cuby-20\/#primaryimage\",\"url\":\"https:\/\/newgarden.es\/wp-content\/uploads\/2021\/07\/FAMILIA_CUBY_1200X1200-17.jpg\",\"contentUrl\":\"https:\/\/newgarden.es\/wp-content\/uploads\/2021\/07\/FAMILIA_CUBY_1200X1200-17.jpg\",\"width\":1200,\"height\":1200},{\"@type\":\"BreadcrumbList\",\"@id\":\"https:\/\/newgarden.es\/it\/shop\/lightdeco-it\/lampade-da-tavolo\/cuby-20\/#breadcrumb\",\"itemListElement\":[{\"@type\":\"ListItem\",\"position\":1,\"name\":\"Home\",\"item\":\"https:\/\/newgarden.es\/it\/\"},{\"@type\":\"ListItem\",\"position\":2,\"name\":\"Collezione\",\"item\":\"https:\/\/newgarden.es\/it\/negozio\/\"},{\"@type\":\"ListItem\",\"position\":3,\"name\":\"CUBO LUMINOSO CUBY 20\"}]},{\"@type\":\"WebSite\",\"@id\":\"https:\/\/newgarden.es\/#website\",\"url\":\"https:\/\/newgarden.es\/\",\"name\":\"Newgarden\",\"description\":\"Be happy\",\"potentialAction\":[{\"@type\":\"SearchAction\",\"target\":{\"@type\":\"EntryPoint\",\"urlTemplate\":\"https:\/\/newgarden.es\/?s={search_term_string}\"},\"query-input\":{\"@type\":\"PropertyValueSpecification\",\"valueRequired\":true,\"valueName\":\"search_term_string\"}}],\"inLanguage\":\"it-IT\"}]}<\/script>\n<!-- \/ Yoast SEO plugin. -->","yoast_head_json":{"title":"CUBO LUMINOSO CUBY 20 DECORATIVO ESTERNO","description":"Una lampada cubica decorativa da esterno in polietilene della collezione Cuby di Newgarden.Questo cubo versatile pu\u00f2 essere usato come una decorazione","robots":{"index":"index","follow":"follow","max-snippet":"max-snippet:-1","max-image-preview":"max-image-preview:large","max-video-preview":"max-video-preview:-1"},"canonical":"https:\/\/newgarden.es\/it\/shop\/lightdeco-it\/lampade-da-tavolo\/cuby-20\/","og_locale":"it_IT","og_type":"article","og_title":"CUBO LUMINOSO CUBY 20 DECORATIVO ESTERNO","og_description":"Una lampada cubica decorativa da esterno in polietilene della collezione Cuby di Newgarden.Questo cubo versatile pu\u00f2 essere usato come una decorazione","og_url":"https:\/\/newgarden.es\/it\/shop\/lightdeco-it\/lampade-da-tavolo\/cuby-20\/","og_site_name":"Newgarden","article_modified_time":"2022-03-17T15:31:03+00:00","og_image":[{"width":1200,"height":1200,"url":"https:\/\/newgarden.es\/wp-content\/uploads\/2021\/07\/FAMILIA_CUBY_1200X1200-17.jpg","type":"image\/jpeg"}],"twitter_card":"summary_large_image","twitter_misc":{"Tempo di lettura stimato":"1 minuto"},"schema":{"@context":"https:\/\/schema.org","@graph":[{"@type":"WebPage","@id":"https:\/\/newgarden.es\/it\/shop\/lightdeco-it\/lampade-da-tavolo\/cuby-20\/","url":"https:\/\/newgarden.es\/it\/shop\/lightdeco-it\/lampade-da-tavolo\/cuby-20\/","name":"CUBO LUMINOSO CUBY 20 DECORATIVO ESTERNO","isPartOf":{"@id":"https:\/\/newgarden.es\/#website"},"primaryImageOfPage":{"@id":"https:\/\/newgarden.es\/it\/shop\/lightdeco-it\/lampade-da-tavolo\/cuby-20\/#primaryimage"},"image":{"@id":"https:\/\/newgarden.es\/it\/shop\/lightdeco-it\/lampade-da-tavolo\/cuby-20\/#primaryimage"},"thumbnailUrl":"https:\/\/newgarden.es\/wp-content\/uploads\/2021\/07\/FAMILIA_CUBY_1200X1200-17.jpg","datePublished":"2019-11-15T10:56:53+00:00","dateModified":"2022-03-17T15:31:03+00:00","description":"Una lampada cubica decorativa da esterno in polietilene della collezione Cuby di Newgarden.Questo cubo versatile pu\u00f2 essere usato come una decorazione","breadcrumb":{"@id":"https:\/\/newgarden.es\/it\/shop\/lightdeco-it\/lampade-da-tavolo\/cuby-20\/#breadcrumb"},"inLanguage":"it-IT","potentialAction":[{"@type":"ReadAction","target":["https:\/\/newgarden.es\/it\/shop\/lightdeco-it\/lampade-da-tavolo\/cuby-20\/"]}]},{"@type":"ImageObject","inLanguage":"it-IT","@id":"https:\/\/newgarden.es\/it\/shop\/lightdeco-it\/lampade-da-tavolo\/cuby-20\/#primaryimage","url":"https:\/\/newgarden.es\/wp-content\/uploads\/2021\/07\/FAMILIA_CUBY_1200X1200-17.jpg","contentUrl":"https:\/\/newgarden.es\/wp-content\/uploads\/2021\/07\/FAMILIA_CUBY_1200X1200-17.jpg","width":1200,"height":1200},{"@type":"BreadcrumbList","@id":"https:\/\/newgarden.es\/it\/shop\/lightdeco-it\/lampade-da-tavolo\/cuby-20\/#breadcrumb","itemListElement":[{"@type":"ListItem","position":1,"name":"Home","item":"https:\/\/newgarden.es\/it\/"},{"@type":"ListItem","position":2,"name":"Collezione","item":"https:\/\/newgarden.es\/it\/negozio\/"},{"@type":"ListItem","position":3,"name":"CUBO LUMINOSO CUBY 20"}]},{"@type":"WebSite","@id":"https:\/\/newgarden.es\/#website","url":"https:\/\/newgarden.es\/","name":"Newgarden","description":"Be happy","potentialAction":[{"@type":"SearchAction","target":{"@type":"EntryPoint","urlTemplate":"https:\/\/newgarden.es\/?s={search_term_string}"},"query-input":{"@type":"PropertyValueSpecification","valueRequired":true,"valueName":"search_term_string"}}],"inLanguage":"it-IT"}]}},"df_price":29.6,"df_sale_price":"","df_regular_price":29.6,"df_image_link":"https:\/\/newgarden.es\/wp-content\/uploads\/2021\/07\/FAMILIA_CUBY_1200X1200-17-580x400.jpg","_links":{"self":[{"href":"https:\/\/newgarden.es\/it\/wp-json\/wp\/v2\/product\/24331"}],"collection":[{"href":"https:\/\/newgarden.es\/it\/wp-json\/wp\/v2\/product"}],"about":[{"href":"https:\/\/newgarden.es\/it\/wp-json\/wp\/v2\/types\/product"}],"wp:featuredmedia":[{"embeddable":true,"href":"https:\/\/newgarden.es\/it\/wp-json\/wp\/v2\/media\/57155"}],"wp:attachment":[{"href":"https:\/\/newgarden.es\/it\/wp-json\/wp\/v2\/media?parent=24331"}],"wp:term":[{"taxonomy":"product_cat","embeddable":true,"href":"https:\/\/newgarden.es\/it\/wp-json\/wp\/v2\/product_cat?post=24331"},{"taxonomy":"product_tag","embeddable":true,"href":"https:\/\/newgarden.es\/it\/wp-json\/wp\/v2\/product_tag?post=24331"}],"curies":[{"name":"wp","href":"https:\/\/api.w.org\/{rel}","templated":true}]}}