{"id":26576,"date":"2020-02-26T10:15:32","date_gmt":"2020-02-26T09:15:35","guid":{"rendered":"https:\/\/newgarden.es\/?post_type=product&#038;p=26576"},"modified":"2021-04-23T08:58:12","modified_gmt":"2021-04-23T06:58:12","slug":"lamapada-da-parete-solare-paquita-40","status":"publish","type":"product","link":"https:\/\/newgarden.es\/it\/shop\/lightdeco-it\/lampade-da-terra\/lamapada-da-parete-solare-paquita-40\/","title":{"rendered":"LAMAPADA DA PARETE SOLARE PAQUITA 40"},"content":{"rendered":"<section class=\"wpb-content-wrapper\"><p>[vc_row][vc_column el_class=&#8221;descripcion_producto&#8221;][vc_column_text]<\/p>\n<p>La serie Paquita Family es una de las Novedades m\u00e1s destacadas de Newgarden, por su dise\u00f1o elegante y funcionalidad.<\/p>\n<p>La l\u00e1mpara Sobre MuroPaquita 40 (\u00f829&#215;40,3 cm) combina dentro de cualquier espacio sin romper la est\u00e9tica del mismo, es perfecta para iluminar cualquier rinc\u00f3n de exterior, jard\u00edn, terrazas o negocios ya que funciona con carga solar. Comb\u00ednala con su familia\u00a0<a href=\"https:\/\/newgarden.es\/shop\/coleccion\/lightdeco\/paquita-farola\/\">Paquita Farola<\/a>\u00a0y Paquita Wall para crear ambientes \u00fanicos.<\/p>\n<p>La instalaci\u00f3n de Paquita 40 es realmente sencilla ya que no necesita de instalaci\u00f3n el\u00e9ctrica, adem\u00e1s dispone de iluminaci\u00f3n por sensor de movimiento, modo crepuscular y control remoto lo que hacen de este modelo un imprescindible dentro de cualquier espacio de exterior.<\/p>\n<p><em>Los productos Newgarden son ligeros y muy resistentes a temperaturas extremas. Tambi\u00e9n est\u00e1n protegidos contra los rayos UV, haciendo que la vida \u00fatil del producto sea extraordinariamente larga.\u00a0<\/em><\/p>\n<p>[\/vc_column_text][\/vc_column][\/vc_row][vc_row disable_element=&#8221;yes&#8221;][vc_column][vc_single_image image=&#8221;6566&#8243; img_size=&#8221;full&#8221;][\/vc_column][\/vc_row][vc_row][vc_column width=&#8221;1\/2&#8243;][vc_btn title=&#8221;SCHEDA TECNICA&#8221; style=&#8221;custom&#8221; custom_background=&#8221;#009bc2&#8243; custom_text=&#8221;#ffffff&#8221; shape=&#8221;square&#8221; link=&#8221;url:https%3A%2F%2Fnewgarden.es%2Fwp-content%2Fuploads%2F2017%2F08%2FLolaSlim.pdf|target:%20_blank|&#8221; el_class=&#8221;btn_descargar_ficha&#8221;][\/vc_column][vc_column width=&#8221;1\/2&#8243;][vc_btn title=&#8221;MANUALE DI ISTRUZIONI&#8221; style=&#8221;custom&#8221; custom_background=&#8221;#009bc2&#8243; custom_text=&#8221;#ffffff&#8221; shape=&#8221;square&#8221; link=&#8221;url:https%3A%2F%2Fnewgarden.es%2Finstrucciones%2F||target:%20_blank|&#8221; el_class=&#8221;btn_descargar_ficha&#8221;][\/vc_column][\/vc_row]<\/p>\n<\/section>","protected":false},"excerpt":{"rendered":"<h1 style=\"font-size: 12px;\">LAMAPADA DA PARETE SOLARE PAQUITA 40<\/h1>\n","protected":false},"featured_media":57837,"template":"","meta":[],"product_cat":[974,985,1562],"product_tag":[468],"class_list":{"0":"post-26576","1":"product","2":"type-product","3":"status-publish","4":"has-post-thumbnail","6":"product_cat-lightdeco-it","7":"product_cat-lampade-da-terra","8":"product_cat-lanterne-e-lampade-da-parete","9":"product_tag-cable","11":"first","12":"instock","13":"taxable","14":"shipping-taxable","15":"purchasable","16":"product-type-variable"},"yoast_head":"<!-- This site is optimized with the Yoast SEO plugin v24.2 - https:\/\/yoast.com\/wordpress\/plugins\/seo\/ -->\n<title>LOLA SLIM lampada da terra con piede metalico per esterni<\/title>\n<meta name=\"description\" content=\"Es una de las l\u00e1mparas de pie para exterior m\u00e1s destacadas dentro de LOLA FAMILY por su pie met\u00e1lico: estrecho y elegante. La sua altezza rende questo prodotto una lampada che fonde in qualsiasi spazio senza rottura dei estetica di questo.\" \/>\n<meta name=\"robots\" content=\"index, follow, max-snippet:-1, max-image-preview:large, max-video-preview:-1\" \/>\n<link rel=\"canonical\" href=\"https:\/\/newgarden.es\/shop\/lightdeco\/lamparas-de-pie\/paquita-40\/\" \/>\n<meta property=\"og:locale\" content=\"it_IT\" \/>\n<meta property=\"og:type\" content=\"article\" \/>\n<meta property=\"og:title\" content=\"LOLA SLIM lampada da terra con piede metalico per esterni\" \/>\n<meta property=\"og:description\" content=\"Es una de las l\u00e1mparas de pie para exterior m\u00e1s destacadas dentro de LOLA FAMILY por su pie met\u00e1lico: estrecho y elegante. La sua altezza rende questo prodotto una lampada che fonde in qualsiasi spazio senza rottura dei estetica di questo.\" \/>\n<meta property=\"og:url\" content=\"https:\/\/newgarden.es\/shop\/lightdeco\/lamparas-de-pie\/paquita-40\/\" \/>\n<meta property=\"og:site_name\" content=\"Newgarden\" \/>\n<meta property=\"article:modified_time\" content=\"2021-04-23T06:58:12+00:00\" \/>\n<meta property=\"og:image\" content=\"https:\/\/newgarden.es\/wp-content\/uploads\/2020\/02\/PAQUITA_40_SOBREMURO_1200X1200-3.jpg\" \/>\n\t<meta property=\"og:image:width\" content=\"1200\" \/>\n\t<meta property=\"og:image:height\" content=\"1200\" \/>\n\t<meta property=\"og:image:type\" content=\"image\/jpeg\" \/>\n<meta name=\"twitter:card\" content=\"summary_large_image\" \/>\n<meta name=\"twitter:label1\" content=\"Tempo di lettura stimato\" \/>\n\t<meta name=\"twitter:data1\" content=\"1 minuto\" \/>\n<script type=\"application\/ld+json\" class=\"yoast-schema-graph\">{\"@context\":\"https:\/\/schema.org\",\"@graph\":[{\"@type\":\"WebPage\",\"@id\":\"https:\/\/newgarden.es\/shop\/lightdeco\/lamparas-de-pie\/paquita-40\/\",\"url\":\"https:\/\/newgarden.es\/shop\/lightdeco\/lamparas-de-pie\/paquita-40\/\",\"name\":\"LOLA SLIM lampada da terra con piede metalico per esterni\",\"isPartOf\":{\"@id\":\"https:\/\/newgarden.es\/#website\"},\"primaryImageOfPage\":{\"@id\":\"https:\/\/newgarden.es\/shop\/lightdeco\/lamparas-de-pie\/paquita-40\/#primaryimage\"},\"image\":{\"@id\":\"https:\/\/newgarden.es\/shop\/lightdeco\/lamparas-de-pie\/paquita-40\/#primaryimage\"},\"thumbnailUrl\":\"https:\/\/newgarden.es\/wp-content\/uploads\/2020\/02\/PAQUITA_40_SOBREMURO_1200X1200-3.jpg\",\"datePublished\":\"2020-02-26T09:15:35+00:00\",\"dateModified\":\"2021-04-23T06:58:12+00:00\",\"description\":\"Es una de las l\u00e1mparas de pie para exterior m\u00e1s destacadas dentro de LOLA FAMILY por su pie met\u00e1lico: estrecho y elegante. La sua altezza rende questo prodotto una lampada che fonde in qualsiasi spazio senza rottura dei estetica di questo.\",\"breadcrumb\":{\"@id\":\"https:\/\/newgarden.es\/shop\/lightdeco\/lamparas-de-pie\/paquita-40\/#breadcrumb\"},\"inLanguage\":\"it-IT\",\"potentialAction\":[{\"@type\":\"ReadAction\",\"target\":[\"https:\/\/newgarden.es\/shop\/lightdeco\/lamparas-de-pie\/paquita-40\/\"]}]},{\"@type\":\"ImageObject\",\"inLanguage\":\"it-IT\",\"@id\":\"https:\/\/newgarden.es\/shop\/lightdeco\/lamparas-de-pie\/paquita-40\/#primaryimage\",\"url\":\"https:\/\/newgarden.es\/wp-content\/uploads\/2020\/02\/PAQUITA_40_SOBREMURO_1200X1200-3.jpg\",\"contentUrl\":\"https:\/\/newgarden.es\/wp-content\/uploads\/2020\/02\/PAQUITA_40_SOBREMURO_1200X1200-3.jpg\",\"width\":1200,\"height\":1200},{\"@type\":\"BreadcrumbList\",\"@id\":\"https:\/\/newgarden.es\/shop\/lightdeco\/lamparas-de-pie\/paquita-40\/#breadcrumb\",\"itemListElement\":[{\"@type\":\"ListItem\",\"position\":1,\"name\":\"Home\",\"item\":\"https:\/\/newgarden.es\/it\/\"},{\"@type\":\"ListItem\",\"position\":2,\"name\":\"Collezione\",\"item\":\"https:\/\/newgarden.es\/it\/negozio\/\"},{\"@type\":\"ListItem\",\"position\":3,\"name\":\"LAMAPADA DA PARETE SOLARE PAQUITA 40\"}]},{\"@type\":\"WebSite\",\"@id\":\"https:\/\/newgarden.es\/#website\",\"url\":\"https:\/\/newgarden.es\/\",\"name\":\"Newgarden\",\"description\":\"Be happy\",\"potentialAction\":[{\"@type\":\"SearchAction\",\"target\":{\"@type\":\"EntryPoint\",\"urlTemplate\":\"https:\/\/newgarden.es\/?s={search_term_string}\"},\"query-input\":{\"@type\":\"PropertyValueSpecification\",\"valueRequired\":true,\"valueName\":\"search_term_string\"}}],\"inLanguage\":\"it-IT\"}]}<\/script>\n<!-- \/ Yoast SEO plugin. -->","yoast_head_json":{"title":"LOLA SLIM lampada da terra con piede metalico per esterni","description":"Es una de las l\u00e1mparas de pie para exterior m\u00e1s destacadas dentro de LOLA FAMILY por su pie met\u00e1lico: estrecho y elegante. La sua altezza rende questo prodotto una lampada che fonde in qualsiasi spazio senza rottura dei estetica di questo.","robots":{"index":"index","follow":"follow","max-snippet":"max-snippet:-1","max-image-preview":"max-image-preview:large","max-video-preview":"max-video-preview:-1"},"canonical":"https:\/\/newgarden.es\/shop\/lightdeco\/lamparas-de-pie\/paquita-40\/","og_locale":"it_IT","og_type":"article","og_title":"LOLA SLIM lampada da terra con piede metalico per esterni","og_description":"Es una de las l\u00e1mparas de pie para exterior m\u00e1s destacadas dentro de LOLA FAMILY por su pie met\u00e1lico: estrecho y elegante. La sua altezza rende questo prodotto una lampada che fonde in qualsiasi spazio senza rottura dei estetica di questo.","og_url":"https:\/\/newgarden.es\/shop\/lightdeco\/lamparas-de-pie\/paquita-40\/","og_site_name":"Newgarden","article_modified_time":"2021-04-23T06:58:12+00:00","og_image":[{"width":1200,"height":1200,"url":"https:\/\/newgarden.es\/wp-content\/uploads\/2020\/02\/PAQUITA_40_SOBREMURO_1200X1200-3.jpg","type":"image\/jpeg"}],"twitter_card":"summary_large_image","twitter_misc":{"Tempo di lettura stimato":"1 minuto"},"schema":{"@context":"https:\/\/schema.org","@graph":[{"@type":"WebPage","@id":"https:\/\/newgarden.es\/shop\/lightdeco\/lamparas-de-pie\/paquita-40\/","url":"https:\/\/newgarden.es\/shop\/lightdeco\/lamparas-de-pie\/paquita-40\/","name":"LOLA SLIM lampada da terra con piede metalico per esterni","isPartOf":{"@id":"https:\/\/newgarden.es\/#website"},"primaryImageOfPage":{"@id":"https:\/\/newgarden.es\/shop\/lightdeco\/lamparas-de-pie\/paquita-40\/#primaryimage"},"image":{"@id":"https:\/\/newgarden.es\/shop\/lightdeco\/lamparas-de-pie\/paquita-40\/#primaryimage"},"thumbnailUrl":"https:\/\/newgarden.es\/wp-content\/uploads\/2020\/02\/PAQUITA_40_SOBREMURO_1200X1200-3.jpg","datePublished":"2020-02-26T09:15:35+00:00","dateModified":"2021-04-23T06:58:12+00:00","description":"Es una de las l\u00e1mparas de pie para exterior m\u00e1s destacadas dentro de LOLA FAMILY por su pie met\u00e1lico: estrecho y elegante. La sua altezza rende questo prodotto una lampada che fonde in qualsiasi spazio senza rottura dei estetica di questo.","breadcrumb":{"@id":"https:\/\/newgarden.es\/shop\/lightdeco\/lamparas-de-pie\/paquita-40\/#breadcrumb"},"inLanguage":"it-IT","potentialAction":[{"@type":"ReadAction","target":["https:\/\/newgarden.es\/shop\/lightdeco\/lamparas-de-pie\/paquita-40\/"]}]},{"@type":"ImageObject","inLanguage":"it-IT","@id":"https:\/\/newgarden.es\/shop\/lightdeco\/lamparas-de-pie\/paquita-40\/#primaryimage","url":"https:\/\/newgarden.es\/wp-content\/uploads\/2020\/02\/PAQUITA_40_SOBREMURO_1200X1200-3.jpg","contentUrl":"https:\/\/newgarden.es\/wp-content\/uploads\/2020\/02\/PAQUITA_40_SOBREMURO_1200X1200-3.jpg","width":1200,"height":1200},{"@type":"BreadcrumbList","@id":"https:\/\/newgarden.es\/shop\/lightdeco\/lamparas-de-pie\/paquita-40\/#breadcrumb","itemListElement":[{"@type":"ListItem","position":1,"name":"Home","item":"https:\/\/newgarden.es\/it\/"},{"@type":"ListItem","position":2,"name":"Collezione","item":"https:\/\/newgarden.es\/it\/negozio\/"},{"@type":"ListItem","position":3,"name":"LAMAPADA DA PARETE SOLARE PAQUITA 40"}]},{"@type":"WebSite","@id":"https:\/\/newgarden.es\/#website","url":"https:\/\/newgarden.es\/","name":"Newgarden","description":"Be happy","potentialAction":[{"@type":"SearchAction","target":{"@type":"EntryPoint","urlTemplate":"https:\/\/newgarden.es\/?s={search_term_string}"},"query-input":{"@type":"PropertyValueSpecification","valueRequired":true,"valueName":"search_term_string"}}],"inLanguage":"it-IT"}]}},"df_price":85.5,"df_sale_price":"","df_regular_price":85.5,"df_image_link":"https:\/\/newgarden.es\/wp-content\/uploads\/2020\/02\/PAQUITA_40_SOBREMURO_1200X1200-3-580x400.jpg","_links":{"self":[{"href":"https:\/\/newgarden.es\/it\/wp-json\/wp\/v2\/product\/26576"}],"collection":[{"href":"https:\/\/newgarden.es\/it\/wp-json\/wp\/v2\/product"}],"about":[{"href":"https:\/\/newgarden.es\/it\/wp-json\/wp\/v2\/types\/product"}],"wp:featuredmedia":[{"embeddable":true,"href":"https:\/\/newgarden.es\/it\/wp-json\/wp\/v2\/media\/57837"}],"wp:attachment":[{"href":"https:\/\/newgarden.es\/it\/wp-json\/wp\/v2\/media?parent=26576"}],"wp:term":[{"taxonomy":"product_cat","embeddable":true,"href":"https:\/\/newgarden.es\/it\/wp-json\/wp\/v2\/product_cat?post=26576"},{"taxonomy":"product_tag","embeddable":true,"href":"https:\/\/newgarden.es\/it\/wp-json\/wp\/v2\/product_tag?post=26576"}],"curies":[{"name":"wp","href":"https:\/\/api.w.org\/{rel}","templated":true}]}}