{"id":30287,"date":"2019-10-14T10:44:23","date_gmt":"2020-08-05T11:33:43","guid":{"rendered":"https:\/\/newgarden.es\/?post_type=product&#038;p=30287"},"modified":"2024-05-29T12:49:26","modified_gmt":"2024-05-29T10:49:26","slug":"x6-ghirlanda-di-lici-allegra","status":"publish","type":"product","link":"https:\/\/newgarden.es\/it\/shop\/lightdeco-it\/natale\/x6-ghirlanda-di-lici-allegra\/","title":{"rendered":"GHIRLANDA DECORATIVA ALLEGRA ROSA"},"content":{"rendered":"<section class=\"wpb-content-wrapper\"><p>[vc_row][vc_column][vc_column_text]<b>GHIRLANDA ALLEGRA ROSA<\/b><\/p>\n<p>La ghirlanda ALLEGRA \u00e8 uno dei nuovi prodotti di NEWGARDEN. \u00c8 perfetta per eventi e feste, ma \u00e8 anche ideale per decorare la casa e per qualsiasi angolo esterno, giardino, terrazza, azienda o come decorazione natalizia.<\/p>\n<p>A differenza della maggior parte delle ghirlande presenti sul mercato, la ghirlanda Newgarden \u00e8 dotata di 10 lampadine LED integrate non sostituibili che le conferiscono un design vintage.<\/p>\n<p>Il modello con finitura rosa \u00e8 stato creato appositamente per decorare e creare atmosfera, anche quando la ghirlanda non \u00e8 accesa, il suo colore \u00e8 unico!<\/p>\n<p>La ghirlanda decorativa Allegra \u00e8 disponibile in 2 finiture: nero e rosa.<\/p>\n<p>Le dimensioni della ghirlanda Allegra Design sono di 8 metri e se ne possono unire fino a 4.[\/vc_column_text][vc_video link=&#8221;https:\/\/youtu.be\/UIOM3rWcvh0&#8243;][\/vc_column][\/vc_row][vc_row][vc_column width=&#8221;1\/2&#8243;][vc_btn title=&#8221;SCHEDA TECNICA&#8221; style=&#8221;custom&#8221; custom_background=&#8221;#009bc2&#8243; custom_text=&#8221;#ffffff&#8221; link=&#8221;url:https%3A%2F%2Fbit.ly%2F3OrxpQO|&#8221;][\/vc_column][vc_column width=&#8221;1\/2&#8243;][vc_btn title=&#8221;MANUALE DI ISTRUZIONI&#8221; style=&#8221;custom&#8221; custom_background=&#8221;#009bc2&#8243; custom_text=&#8221;#ffffff&#8221; link=&#8221;url:https%3A%2F%2Fbit.ly%2F3zwJWg8|target:%20_blank|&#8221; el_class=&#8221;btn_descargar_ficha&#8221;][\/vc_column][\/vc_row]<\/p>\n<\/section>","protected":false},"excerpt":{"rendered":"<p>[vc_row][vc_column][vc_column_text]GHIRLANDA ALLEGRA ROSA La ghirlanda ALLEGRA \u00e8 uno dei nuovi prodotti di NEWGARDEN. \u00c8 perfetta per eventi e feste, ma \u00e8 anche ideale per decorare la casa e per qualsiasi<\/p>\n","protected":false},"featured_media":58455,"template":"","meta":[],"product_cat":[974,1577,993],"product_tag":[],"class_list":{"0":"post-30287","1":"product","2":"type-product","3":"status-publish","4":"has-post-thumbnail","6":"product_cat-lightdeco-it","7":"product_cat-ghirlande","8":"product_cat-natale","10":"first","11":"instock","12":"taxable","13":"shipping-taxable","14":"purchasable","15":"product-type-variable"},"yoast_head":"<!-- This site is optimized with the Yoast SEO plugin v24.2 - https:\/\/yoast.com\/wordpress\/plugins\/seo\/ -->\n<title>Ghirlanda ALLEGRA ROSA Newgarden, con 10 lampadine incluse<\/title>\n<meta name=\"description\" content=\"Ghirlanda ALLEGRA ROSA, \u00e8 uno dei nuovi prodotti di NEWGARDEN. \u00c8 perfetto per qualsiasi angolo esterno, giardino, terrazza e attivit\u00e0 commerciale. Include 10 lampadine.\" \/>\n<meta name=\"robots\" content=\"index, follow, max-snippet:-1, max-image-preview:large, max-video-preview:-1\" \/>\n<link rel=\"canonical\" href=\"https:\/\/newgarden.es\/it\/shop\/lightdeco-it\/natale\/x6-ghirlanda-di-lici-allegra\/\" \/>\n<meta property=\"og:locale\" content=\"it_IT\" \/>\n<meta property=\"og:type\" content=\"article\" \/>\n<meta property=\"og:title\" content=\"Ghirlanda ALLEGRA ROSA Newgarden, con 10 lampadine incluse\" \/>\n<meta property=\"og:description\" content=\"Ghirlanda ALLEGRA ROSA, \u00e8 uno dei nuovi prodotti di NEWGARDEN. \u00c8 perfetto per qualsiasi angolo esterno, giardino, terrazza e attivit\u00e0 commerciale. Include 10 lampadine.\" \/>\n<meta property=\"og:url\" content=\"https:\/\/newgarden.es\/it\/shop\/lightdeco-it\/natale\/x6-ghirlanda-di-lici-allegra\/\" \/>\n<meta property=\"og:site_name\" content=\"Newgarden\" \/>\n<meta property=\"article:modified_time\" content=\"2024-05-29T10:49:26+00:00\" \/>\n<meta property=\"og:image\" content=\"https:\/\/newgarden.es\/wp-content\/uploads\/2019\/10\/ALLEGRA-1200X1200-2.jpg\" \/>\n\t<meta property=\"og:image:width\" content=\"1200\" \/>\n\t<meta property=\"og:image:height\" content=\"1200\" \/>\n\t<meta property=\"og:image:type\" content=\"image\/jpeg\" \/>\n<meta name=\"twitter:card\" content=\"summary_large_image\" \/>\n<meta name=\"twitter:label1\" content=\"Tempo di lettura stimato\" \/>\n\t<meta name=\"twitter:data1\" content=\"1 minuto\" \/>\n<script type=\"application\/ld+json\" class=\"yoast-schema-graph\">{\"@context\":\"https:\/\/schema.org\",\"@graph\":[{\"@type\":\"WebPage\",\"@id\":\"https:\/\/newgarden.es\/it\/shop\/lightdeco-it\/natale\/x6-ghirlanda-di-lici-allegra\/\",\"url\":\"https:\/\/newgarden.es\/it\/shop\/lightdeco-it\/natale\/x6-ghirlanda-di-lici-allegra\/\",\"name\":\"Ghirlanda ALLEGRA ROSA Newgarden, con 10 lampadine incluse\",\"isPartOf\":{\"@id\":\"https:\/\/newgarden.es\/#website\"},\"primaryImageOfPage\":{\"@id\":\"https:\/\/newgarden.es\/it\/shop\/lightdeco-it\/natale\/x6-ghirlanda-di-lici-allegra\/#primaryimage\"},\"image\":{\"@id\":\"https:\/\/newgarden.es\/it\/shop\/lightdeco-it\/natale\/x6-ghirlanda-di-lici-allegra\/#primaryimage\"},\"thumbnailUrl\":\"https:\/\/newgarden.es\/wp-content\/uploads\/2019\/10\/ALLEGRA-1200X1200-2.jpg\",\"datePublished\":\"2020-08-05T11:33:43+00:00\",\"dateModified\":\"2024-05-29T10:49:26+00:00\",\"description\":\"Ghirlanda ALLEGRA ROSA, \u00e8 uno dei nuovi prodotti di NEWGARDEN. \u00c8 perfetto per qualsiasi angolo esterno, giardino, terrazza e attivit\u00e0 commerciale. Include 10 lampadine.\",\"breadcrumb\":{\"@id\":\"https:\/\/newgarden.es\/it\/shop\/lightdeco-it\/natale\/x6-ghirlanda-di-lici-allegra\/#breadcrumb\"},\"inLanguage\":\"it-IT\",\"potentialAction\":[{\"@type\":\"ReadAction\",\"target\":[\"https:\/\/newgarden.es\/it\/shop\/lightdeco-it\/natale\/x6-ghirlanda-di-lici-allegra\/\"]}]},{\"@type\":\"ImageObject\",\"inLanguage\":\"it-IT\",\"@id\":\"https:\/\/newgarden.es\/it\/shop\/lightdeco-it\/natale\/x6-ghirlanda-di-lici-allegra\/#primaryimage\",\"url\":\"https:\/\/newgarden.es\/wp-content\/uploads\/2019\/10\/ALLEGRA-1200X1200-2.jpg\",\"contentUrl\":\"https:\/\/newgarden.es\/wp-content\/uploads\/2019\/10\/ALLEGRA-1200X1200-2.jpg\",\"width\":1200,\"height\":1200},{\"@type\":\"BreadcrumbList\",\"@id\":\"https:\/\/newgarden.es\/it\/shop\/lightdeco-it\/natale\/x6-ghirlanda-di-lici-allegra\/#breadcrumb\",\"itemListElement\":[{\"@type\":\"ListItem\",\"position\":1,\"name\":\"Home\",\"item\":\"https:\/\/newgarden.es\/it\/\"},{\"@type\":\"ListItem\",\"position\":2,\"name\":\"Collezione\",\"item\":\"https:\/\/newgarden.es\/it\/negozio\/\"},{\"@type\":\"ListItem\",\"position\":3,\"name\":\"GHIRLANDA DECORATIVA ALLEGRA ROSA\"}]},{\"@type\":\"WebSite\",\"@id\":\"https:\/\/newgarden.es\/#website\",\"url\":\"https:\/\/newgarden.es\/\",\"name\":\"Newgarden\",\"description\":\"Be happy\",\"potentialAction\":[{\"@type\":\"SearchAction\",\"target\":{\"@type\":\"EntryPoint\",\"urlTemplate\":\"https:\/\/newgarden.es\/?s={search_term_string}\"},\"query-input\":{\"@type\":\"PropertyValueSpecification\",\"valueRequired\":true,\"valueName\":\"search_term_string\"}}],\"inLanguage\":\"it-IT\"}]}<\/script>\n<!-- \/ Yoast SEO plugin. -->","yoast_head_json":{"title":"Ghirlanda ALLEGRA ROSA Newgarden, con 10 lampadine incluse","description":"Ghirlanda ALLEGRA ROSA, \u00e8 uno dei nuovi prodotti di NEWGARDEN. \u00c8 perfetto per qualsiasi angolo esterno, giardino, terrazza e attivit\u00e0 commerciale. Include 10 lampadine.","robots":{"index":"index","follow":"follow","max-snippet":"max-snippet:-1","max-image-preview":"max-image-preview:large","max-video-preview":"max-video-preview:-1"},"canonical":"https:\/\/newgarden.es\/it\/shop\/lightdeco-it\/natale\/x6-ghirlanda-di-lici-allegra\/","og_locale":"it_IT","og_type":"article","og_title":"Ghirlanda ALLEGRA ROSA Newgarden, con 10 lampadine incluse","og_description":"Ghirlanda ALLEGRA ROSA, \u00e8 uno dei nuovi prodotti di NEWGARDEN. \u00c8 perfetto per qualsiasi angolo esterno, giardino, terrazza e attivit\u00e0 commerciale. Include 10 lampadine.","og_url":"https:\/\/newgarden.es\/it\/shop\/lightdeco-it\/natale\/x6-ghirlanda-di-lici-allegra\/","og_site_name":"Newgarden","article_modified_time":"2024-05-29T10:49:26+00:00","og_image":[{"width":1200,"height":1200,"url":"https:\/\/newgarden.es\/wp-content\/uploads\/2019\/10\/ALLEGRA-1200X1200-2.jpg","type":"image\/jpeg"}],"twitter_card":"summary_large_image","twitter_misc":{"Tempo di lettura stimato":"1 minuto"},"schema":{"@context":"https:\/\/schema.org","@graph":[{"@type":"WebPage","@id":"https:\/\/newgarden.es\/it\/shop\/lightdeco-it\/natale\/x6-ghirlanda-di-lici-allegra\/","url":"https:\/\/newgarden.es\/it\/shop\/lightdeco-it\/natale\/x6-ghirlanda-di-lici-allegra\/","name":"Ghirlanda ALLEGRA ROSA Newgarden, con 10 lampadine incluse","isPartOf":{"@id":"https:\/\/newgarden.es\/#website"},"primaryImageOfPage":{"@id":"https:\/\/newgarden.es\/it\/shop\/lightdeco-it\/natale\/x6-ghirlanda-di-lici-allegra\/#primaryimage"},"image":{"@id":"https:\/\/newgarden.es\/it\/shop\/lightdeco-it\/natale\/x6-ghirlanda-di-lici-allegra\/#primaryimage"},"thumbnailUrl":"https:\/\/newgarden.es\/wp-content\/uploads\/2019\/10\/ALLEGRA-1200X1200-2.jpg","datePublished":"2020-08-05T11:33:43+00:00","dateModified":"2024-05-29T10:49:26+00:00","description":"Ghirlanda ALLEGRA ROSA, \u00e8 uno dei nuovi prodotti di NEWGARDEN. \u00c8 perfetto per qualsiasi angolo esterno, giardino, terrazza e attivit\u00e0 commerciale. Include 10 lampadine.","breadcrumb":{"@id":"https:\/\/newgarden.es\/it\/shop\/lightdeco-it\/natale\/x6-ghirlanda-di-lici-allegra\/#breadcrumb"},"inLanguage":"it-IT","potentialAction":[{"@type":"ReadAction","target":["https:\/\/newgarden.es\/it\/shop\/lightdeco-it\/natale\/x6-ghirlanda-di-lici-allegra\/"]}]},{"@type":"ImageObject","inLanguage":"it-IT","@id":"https:\/\/newgarden.es\/it\/shop\/lightdeco-it\/natale\/x6-ghirlanda-di-lici-allegra\/#primaryimage","url":"https:\/\/newgarden.es\/wp-content\/uploads\/2019\/10\/ALLEGRA-1200X1200-2.jpg","contentUrl":"https:\/\/newgarden.es\/wp-content\/uploads\/2019\/10\/ALLEGRA-1200X1200-2.jpg","width":1200,"height":1200},{"@type":"BreadcrumbList","@id":"https:\/\/newgarden.es\/it\/shop\/lightdeco-it\/natale\/x6-ghirlanda-di-lici-allegra\/#breadcrumb","itemListElement":[{"@type":"ListItem","position":1,"name":"Home","item":"https:\/\/newgarden.es\/it\/"},{"@type":"ListItem","position":2,"name":"Collezione","item":"https:\/\/newgarden.es\/it\/negozio\/"},{"@type":"ListItem","position":3,"name":"GHIRLANDA DECORATIVA ALLEGRA ROSA"}]},{"@type":"WebSite","@id":"https:\/\/newgarden.es\/#website","url":"https:\/\/newgarden.es\/","name":"Newgarden","description":"Be happy","potentialAction":[{"@type":"SearchAction","target":{"@type":"EntryPoint","urlTemplate":"https:\/\/newgarden.es\/?s={search_term_string}"},"query-input":{"@type":"PropertyValueSpecification","valueRequired":true,"valueName":"search_term_string"}}],"inLanguage":"it-IT"}]}},"df_price":116.1,"df_sale_price":"","df_regular_price":116.1,"df_image_link":"https:\/\/newgarden.es\/wp-content\/uploads\/2019\/10\/ALLEGRA-1200X1200-2-580x400.jpg","_links":{"self":[{"href":"https:\/\/newgarden.es\/it\/wp-json\/wp\/v2\/product\/30287"}],"collection":[{"href":"https:\/\/newgarden.es\/it\/wp-json\/wp\/v2\/product"}],"about":[{"href":"https:\/\/newgarden.es\/it\/wp-json\/wp\/v2\/types\/product"}],"wp:featuredmedia":[{"embeddable":true,"href":"https:\/\/newgarden.es\/it\/wp-json\/wp\/v2\/media\/58455"}],"wp:attachment":[{"href":"https:\/\/newgarden.es\/it\/wp-json\/wp\/v2\/media?parent=30287"}],"wp:term":[{"taxonomy":"product_cat","embeddable":true,"href":"https:\/\/newgarden.es\/it\/wp-json\/wp\/v2\/product_cat?post=30287"},{"taxonomy":"product_tag","embeddable":true,"href":"https:\/\/newgarden.es\/it\/wp-json\/wp\/v2\/product_tag?post=30287"}],"curies":[{"name":"wp","href":"https:\/\/api.w.org\/{rel}","templated":true}]}}