{"id":30325,"date":"2020-02-18T15:47:36","date_gmt":"2020-08-06T07:53:01","guid":{"rendered":"https:\/\/newgarden.es\/?post_type=product&#038;p=30325"},"modified":"2024-06-13T16:24:04","modified_gmt":"2024-06-13T14:24:04","slug":"bianche-panchito","status":"publish","type":"product","link":"https:\/\/newgarden.es\/it\/shop\/lightdeco-it\/lampade-da-tavolo\/bianche-panchito\/","title":{"rendered":"LAMPADA DA TAVOLO PANCHITO BIANCO TRASLUCIDO"},"content":{"rendered":"<section class=\"wpb-content-wrapper\"><p>[vc_row][vc_column][vc_column_text]La lampada da tavolo Panchito \u00e8 una delle novit\u00e0 di Newgarden. \u00c8 ideale per qualsiasi angolo della casa e delle stanze. Grazie alle sue dimensioni ridotte, \u00e8 ideale per decorare e illuminare i tavoli di ristoranti, bar, terrazze, hotel e ogni tipo di attivit\u00e0 commerciale.<\/p>\n<p>Caratteristiche tecniche:<\/p>\n<p>-Tecnologia LED<br \/>\n-IP43 Uso interno ed esterno<br \/>\n-Batteria ricaricabile<br \/>\n-Dimensioni: 20 x 16 cm.<br \/>\n-Finitura bianca<br \/>\n-Luce bianca[\/vc_column_text][\/vc_column][\/vc_row][vc_row][vc_column width=&#8221;1\/2&#8243;][vc_btn title=&#8221;SCHEDA TECNICA&#8221; style=&#8221;custom&#8221; custom_background=&#8221;#009bc2&#8243; custom_text=&#8221;#ffffff&#8221; link=&#8221;url:https%3A%2F%2Fbit.ly%2F3HGe8ZO|target:%20_blank|&#8221; el_class=&#8221;btn_descargar_ficha&#8221;][\/vc_column][vc_column width=&#8221;1\/2&#8243;][vc_btn title=&#8221;MANUALE DI ISTRUZIONI&#8221; style=&#8221;custom&#8221; custom_background=&#8221;#009bc2&#8243; custom_text=&#8221;#ffffff&#8221; link=&#8221;url:https%3A%2F%2Fbit.ly%2F3Q0Xvv3|target:%20_blank|&#8221; el_class=&#8221;btn_descargar_ficha&#8221;][\/vc_column][\/vc_row]<\/p>\n<\/section>","protected":false},"excerpt":{"rendered":"<h5>PACCHETTO x3 UNIT\u00c0 &#8211; Panchito Silicone Cactus Nightlight<\/h5>\n","protected":false},"featured_media":61418,"template":"","meta":[],"product_cat":[1697,974,983,1588],"product_tag":[],"class_list":{"0":"post-30325","1":"product","2":"type-product","3":"status-publish","4":"has-post-thumbnail","6":"product_cat-productos-it","7":"product_cat-lightdeco-it","8":"product_cat-lampade-da-tavolo","9":"product_cat-interni-it-it","11":"first","12":"instock","13":"taxable","14":"shipping-taxable","15":"purchasable","16":"product-type-variable"},"yoast_head":"<!-- This site is optimized with the Yoast SEO plugin v24.2 - https:\/\/yoast.com\/wordpress\/plugins\/seo\/ -->\n<title>LAMPADA DA TAVOLO PANCHITO BIANCO TRASLUCIDO<\/title>\n<meta name=\"description\" content=\"LAMPADA DA TAVOLO PANCHITO BIANCO TRASLUCIDOPANCHITO Luce notturna a forma di cactus in silicone: Fatto da Newgarden. \u00c8 fatto di una struttura in silicone\" \/>\n<meta name=\"robots\" content=\"index, follow, max-snippet:-1, max-image-preview:large, max-video-preview:-1\" \/>\n<link rel=\"canonical\" href=\"https:\/\/newgarden.es\/it\/shop\/lightdeco-it\/lampade-da-tavolo\/bianche-panchito\/\" \/>\n<meta property=\"og:locale\" content=\"it_IT\" \/>\n<meta property=\"og:type\" content=\"article\" \/>\n<meta property=\"og:title\" content=\"LAMPADA DA TAVOLO PANCHITO BIANCO TRASLUCIDO\" \/>\n<meta property=\"og:description\" content=\"LAMPADA DA TAVOLO PANCHITO BIANCO TRASLUCIDOPANCHITO Luce notturna a forma di cactus in silicone: Fatto da Newgarden. \u00c8 fatto di una struttura in silicone\" \/>\n<meta property=\"og:url\" content=\"https:\/\/newgarden.es\/it\/shop\/lightdeco-it\/lampade-da-tavolo\/bianche-panchito\/\" \/>\n<meta property=\"og:site_name\" content=\"Newgarden\" \/>\n<meta property=\"article:modified_time\" content=\"2024-06-13T14:24:04+00:00\" \/>\n<meta property=\"og:image\" content=\"https:\/\/newgarden.es\/wp-content\/uploads\/2020\/02\/PANCHITO_1200X1200-8.jpg\" \/>\n\t<meta property=\"og:image:width\" content=\"1200\" \/>\n\t<meta property=\"og:image:height\" content=\"1200\" \/>\n\t<meta property=\"og:image:type\" content=\"image\/jpeg\" \/>\n<meta name=\"twitter:card\" content=\"summary_large_image\" \/>\n<meta name=\"twitter:label1\" content=\"Tempo di lettura stimato\" \/>\n\t<meta name=\"twitter:data1\" content=\"1 minuto\" \/>\n<script type=\"application\/ld+json\" class=\"yoast-schema-graph\">{\"@context\":\"https:\/\/schema.org\",\"@graph\":[{\"@type\":\"WebPage\",\"@id\":\"https:\/\/newgarden.es\/it\/shop\/lightdeco-it\/lampade-da-tavolo\/bianche-panchito\/\",\"url\":\"https:\/\/newgarden.es\/it\/shop\/lightdeco-it\/lampade-da-tavolo\/bianche-panchito\/\",\"name\":\"LAMPADA DA TAVOLO PANCHITO BIANCO TRASLUCIDO\",\"isPartOf\":{\"@id\":\"https:\/\/newgarden.es\/#website\"},\"primaryImageOfPage\":{\"@id\":\"https:\/\/newgarden.es\/it\/shop\/lightdeco-it\/lampade-da-tavolo\/bianche-panchito\/#primaryimage\"},\"image\":{\"@id\":\"https:\/\/newgarden.es\/it\/shop\/lightdeco-it\/lampade-da-tavolo\/bianche-panchito\/#primaryimage\"},\"thumbnailUrl\":\"https:\/\/newgarden.es\/wp-content\/uploads\/2020\/02\/PANCHITO_1200X1200-8.jpg\",\"datePublished\":\"2020-08-06T07:53:01+00:00\",\"dateModified\":\"2024-06-13T14:24:04+00:00\",\"description\":\"LAMPADA DA TAVOLO PANCHITO BIANCO TRASLUCIDOPANCHITO Luce notturna a forma di cactus in silicone: Fatto da Newgarden. \u00c8 fatto di una struttura in silicone\",\"breadcrumb\":{\"@id\":\"https:\/\/newgarden.es\/it\/shop\/lightdeco-it\/lampade-da-tavolo\/bianche-panchito\/#breadcrumb\"},\"inLanguage\":\"it-IT\",\"potentialAction\":[{\"@type\":\"ReadAction\",\"target\":[\"https:\/\/newgarden.es\/it\/shop\/lightdeco-it\/lampade-da-tavolo\/bianche-panchito\/\"]}]},{\"@type\":\"ImageObject\",\"inLanguage\":\"it-IT\",\"@id\":\"https:\/\/newgarden.es\/it\/shop\/lightdeco-it\/lampade-da-tavolo\/bianche-panchito\/#primaryimage\",\"url\":\"https:\/\/newgarden.es\/wp-content\/uploads\/2020\/02\/PANCHITO_1200X1200-8.jpg\",\"contentUrl\":\"https:\/\/newgarden.es\/wp-content\/uploads\/2020\/02\/PANCHITO_1200X1200-8.jpg\",\"width\":1200,\"height\":1200},{\"@type\":\"BreadcrumbList\",\"@id\":\"https:\/\/newgarden.es\/it\/shop\/lightdeco-it\/lampade-da-tavolo\/bianche-panchito\/#breadcrumb\",\"itemListElement\":[{\"@type\":\"ListItem\",\"position\":1,\"name\":\"Home\",\"item\":\"https:\/\/newgarden.es\/it\/\"},{\"@type\":\"ListItem\",\"position\":2,\"name\":\"Collezione\",\"item\":\"https:\/\/newgarden.es\/it\/negozio\/\"},{\"@type\":\"ListItem\",\"position\":3,\"name\":\"LAMPADA DA TAVOLO PANCHITO BIANCO TRASLUCIDO\"}]},{\"@type\":\"WebSite\",\"@id\":\"https:\/\/newgarden.es\/#website\",\"url\":\"https:\/\/newgarden.es\/\",\"name\":\"Newgarden\",\"description\":\"Be happy\",\"potentialAction\":[{\"@type\":\"SearchAction\",\"target\":{\"@type\":\"EntryPoint\",\"urlTemplate\":\"https:\/\/newgarden.es\/?s={search_term_string}\"},\"query-input\":{\"@type\":\"PropertyValueSpecification\",\"valueRequired\":true,\"valueName\":\"search_term_string\"}}],\"inLanguage\":\"it-IT\"}]}<\/script>\n<!-- \/ Yoast SEO plugin. -->","yoast_head_json":{"title":"LAMPADA DA TAVOLO PANCHITO BIANCO TRASLUCIDO","description":"LAMPADA DA TAVOLO PANCHITO BIANCO TRASLUCIDOPANCHITO Luce notturna a forma di cactus in silicone: Fatto da Newgarden. \u00c8 fatto di una struttura in silicone","robots":{"index":"index","follow":"follow","max-snippet":"max-snippet:-1","max-image-preview":"max-image-preview:large","max-video-preview":"max-video-preview:-1"},"canonical":"https:\/\/newgarden.es\/it\/shop\/lightdeco-it\/lampade-da-tavolo\/bianche-panchito\/","og_locale":"it_IT","og_type":"article","og_title":"LAMPADA DA TAVOLO PANCHITO BIANCO TRASLUCIDO","og_description":"LAMPADA DA TAVOLO PANCHITO BIANCO TRASLUCIDOPANCHITO Luce notturna a forma di cactus in silicone: Fatto da Newgarden. \u00c8 fatto di una struttura in silicone","og_url":"https:\/\/newgarden.es\/it\/shop\/lightdeco-it\/lampade-da-tavolo\/bianche-panchito\/","og_site_name":"Newgarden","article_modified_time":"2024-06-13T14:24:04+00:00","og_image":[{"width":1200,"height":1200,"url":"https:\/\/newgarden.es\/wp-content\/uploads\/2020\/02\/PANCHITO_1200X1200-8.jpg","type":"image\/jpeg"}],"twitter_card":"summary_large_image","twitter_misc":{"Tempo di lettura stimato":"1 minuto"},"schema":{"@context":"https:\/\/schema.org","@graph":[{"@type":"WebPage","@id":"https:\/\/newgarden.es\/it\/shop\/lightdeco-it\/lampade-da-tavolo\/bianche-panchito\/","url":"https:\/\/newgarden.es\/it\/shop\/lightdeco-it\/lampade-da-tavolo\/bianche-panchito\/","name":"LAMPADA DA TAVOLO PANCHITO BIANCO TRASLUCIDO","isPartOf":{"@id":"https:\/\/newgarden.es\/#website"},"primaryImageOfPage":{"@id":"https:\/\/newgarden.es\/it\/shop\/lightdeco-it\/lampade-da-tavolo\/bianche-panchito\/#primaryimage"},"image":{"@id":"https:\/\/newgarden.es\/it\/shop\/lightdeco-it\/lampade-da-tavolo\/bianche-panchito\/#primaryimage"},"thumbnailUrl":"https:\/\/newgarden.es\/wp-content\/uploads\/2020\/02\/PANCHITO_1200X1200-8.jpg","datePublished":"2020-08-06T07:53:01+00:00","dateModified":"2024-06-13T14:24:04+00:00","description":"LAMPADA DA TAVOLO PANCHITO BIANCO TRASLUCIDOPANCHITO Luce notturna a forma di cactus in silicone: Fatto da Newgarden. \u00c8 fatto di una struttura in silicone","breadcrumb":{"@id":"https:\/\/newgarden.es\/it\/shop\/lightdeco-it\/lampade-da-tavolo\/bianche-panchito\/#breadcrumb"},"inLanguage":"it-IT","potentialAction":[{"@type":"ReadAction","target":["https:\/\/newgarden.es\/it\/shop\/lightdeco-it\/lampade-da-tavolo\/bianche-panchito\/"]}]},{"@type":"ImageObject","inLanguage":"it-IT","@id":"https:\/\/newgarden.es\/it\/shop\/lightdeco-it\/lampade-da-tavolo\/bianche-panchito\/#primaryimage","url":"https:\/\/newgarden.es\/wp-content\/uploads\/2020\/02\/PANCHITO_1200X1200-8.jpg","contentUrl":"https:\/\/newgarden.es\/wp-content\/uploads\/2020\/02\/PANCHITO_1200X1200-8.jpg","width":1200,"height":1200},{"@type":"BreadcrumbList","@id":"https:\/\/newgarden.es\/it\/shop\/lightdeco-it\/lampade-da-tavolo\/bianche-panchito\/#breadcrumb","itemListElement":[{"@type":"ListItem","position":1,"name":"Home","item":"https:\/\/newgarden.es\/it\/"},{"@type":"ListItem","position":2,"name":"Collezione","item":"https:\/\/newgarden.es\/it\/negozio\/"},{"@type":"ListItem","position":3,"name":"LAMPADA DA TAVOLO PANCHITO BIANCO TRASLUCIDO"}]},{"@type":"WebSite","@id":"https:\/\/newgarden.es\/#website","url":"https:\/\/newgarden.es\/","name":"Newgarden","description":"Be happy","potentialAction":[{"@type":"SearchAction","target":{"@type":"EntryPoint","urlTemplate":"https:\/\/newgarden.es\/?s={search_term_string}"},"query-input":{"@type":"PropertyValueSpecification","valueRequired":true,"valueName":"search_term_string"}}],"inLanguage":"it-IT"}]}},"df_price":66,"df_sale_price":"","df_regular_price":66,"df_image_link":"https:\/\/newgarden.es\/wp-content\/uploads\/2020\/02\/PANCHITO_1200X1200-8-580x400.jpg","_links":{"self":[{"href":"https:\/\/newgarden.es\/it\/wp-json\/wp\/v2\/product\/30325"}],"collection":[{"href":"https:\/\/newgarden.es\/it\/wp-json\/wp\/v2\/product"}],"about":[{"href":"https:\/\/newgarden.es\/it\/wp-json\/wp\/v2\/types\/product"}],"wp:featuredmedia":[{"embeddable":true,"href":"https:\/\/newgarden.es\/it\/wp-json\/wp\/v2\/media\/61418"}],"wp:attachment":[{"href":"https:\/\/newgarden.es\/it\/wp-json\/wp\/v2\/media?parent=30325"}],"wp:term":[{"taxonomy":"product_cat","embeddable":true,"href":"https:\/\/newgarden.es\/it\/wp-json\/wp\/v2\/product_cat?post=30325"},{"taxonomy":"product_tag","embeddable":true,"href":"https:\/\/newgarden.es\/it\/wp-json\/wp\/v2\/product_tag?post=30325"}],"curies":[{"name":"wp","href":"https:\/\/api.w.org\/{rel}","templated":true}]}}