{"id":32760,"date":"2021-02-10T11:39:10","date_gmt":"2021-02-10T10:39:15","guid":{"rendered":"https:\/\/newgarden.es\/?post_type=product&#038;p=32760"},"modified":"2021-06-16T16:48:30","modified_gmt":"2021-06-16T14:48:30","slug":"lampione-solare-ibrido-pepita","status":"publish","type":"product","link":"https:\/\/newgarden.es\/it\/shop\/lightdeco-it\/lanterne-e-lampade-da-parete\/lampione-solare-ibrido-pepita\/","title":{"rendered":"LAMPIONE SOLARE IBRIDO PEPITA"},"content":{"rendered":"<section class=\"wpb-content-wrapper\"><p>[vc_row][vc_column el_class=&#8221;descripcion_producto&#8221;][vc_column_text]<\/p>\n<p>La lampione solare ibrida PEPITA \u00e8 un must per il giardino, il suo sistema avanzato di tecnologia ibrida combina la ricarica solare ed elettrica, cos\u00ec la lanterna \u00e8 completamente funzionale per tutto il tempo necessario.<\/p>\n<p>Quando la carica solare si esaurisce, si collega automaticamente alla rete elettrica per continuare a lavorare a piena capacit\u00e0.<\/p>\n<p style=\"text-align: justify;\">Ha due modalit\u00e0 di commutazione: MANUALE e AUTOMATICO e la modalit\u00e0 SENSOR (sensore di movimento). In modalit\u00e0 sensore di movimento, la lampada \u00e8 accesa a bassa intensit\u00e0, solo quando rileva la presenza si accende al 100% per circa 60 secondi, e torna a bassa intensit\u00e0 per ottimizzare l&#8217;illuminazione.<\/p>\n<p style=\"text-align: justify;\">Questo apparecchio richiede l&#8217;installazione. 1500 lumen.<\/p>\n<p><em>Tutti i prodotti Newgarden sono realizzati in polietilene, quindi sono leggeri e molto resistenti. Resistono a sbalzi di temperatura estremi e sono protetti dai raggi UV rendendo la durata del prodotto quasi illimitata.<\/em><\/p>\n<p>[\/vc_column_text][\/vc_column][\/vc_row][vc_row disable_element=&#8221;yes&#8221;][vc_column][vc_single_image image=&#8221;6566&#8243; img_size=&#8221;full&#8221;][\/vc_column][\/vc_row][vc_row][vc_column width=&#8221;1\/2&#8243;][vc_btn title=&#8221;SCHEDA TECNICA&#8221; style=&#8221;custom&#8221; custom_background=&#8221;#009bc2&#8243; custom_text=&#8221;#ffffff&#8221; shape=&#8221;square&#8221; link=&#8221;url:https%3A%2F%2Fdrive.google.com%2Fdrive%2Ffolders%2F1j3A2vwvkTN_UwW_9ZOMlXQitAPCd0wDB|target:%20_blank|&#8221; el_class=&#8221;btn_descargar_ficha&#8221;][\/vc_column][vc_column width=&#8221;1\/2&#8243;][vc_btn title=&#8221;MANUALE DI ISTRUZIONI&#8221; style=&#8221;custom&#8221; custom_background=&#8221;#009bc2&#8243; custom_text=&#8221;#ffffff&#8221; shape=&#8221;square&#8221; link=&#8221;url:https%3A%2F%2Fnewgarden.es%2Fit%2F%3Fpage_id%3D25151|target:%20_blank|&#8221; el_class=&#8221;btn_descargar_ficha&#8221;][\/vc_column][\/vc_row]<\/p>\n<\/section>","protected":false},"excerpt":{"rendered":"<h1 style=\"font-size: 12px;\">Lampione solare ibrido PEPITA<\/h1>\n","protected":false},"featured_media":57772,"template":"","meta":[],"product_cat":[974,1562],"product_tag":[],"class_list":{"0":"post-32760","1":"product","2":"type-product","3":"status-publish","4":"has-post-thumbnail","6":"product_cat-lightdeco-it","7":"product_cat-lanterne-e-lampade-da-parete","9":"first","10":"instock","11":"taxable","12":"shipping-taxable","13":"purchasable","14":"product-type-variable","15":"has-default-attributes"},"yoast_head":"<!-- This site is optimized with the Yoast SEO plugin v24.2 - https:\/\/yoast.com\/wordpress\/plugins\/seo\/ -->\n<title>LAMPIONE SOLARE IBRIDO PEPITA - Newgarden<\/title>\n<meta name=\"description\" content=\"La lanterna solare ibrida PEPITA \u00e8 un must per il giardino, il suo sistema avanzato di tecnologia ibrida combina la ricarica solare ed elettrica.\" \/>\n<meta name=\"robots\" content=\"index, follow, max-snippet:-1, max-image-preview:large, max-video-preview:-1\" \/>\n<link rel=\"canonical\" href=\"https:\/\/newgarden.es\/it\/shop\/lightdeco-it\/lanterne-e-lampade-da-parete\/lampione-solare-ibrido-pepita\/\" \/>\n<meta property=\"og:locale\" content=\"it_IT\" \/>\n<meta property=\"og:type\" content=\"article\" \/>\n<meta property=\"og:title\" content=\"LAMPIONE SOLARE IBRIDO PEPITA - Newgarden\" \/>\n<meta property=\"og:description\" content=\"La lanterna solare ibrida PEPITA \u00e8 un must per il giardino, il suo sistema avanzato di tecnologia ibrida combina la ricarica solare ed elettrica.\" \/>\n<meta property=\"og:url\" content=\"https:\/\/newgarden.es\/it\/shop\/lightdeco-it\/lanterne-e-lampade-da-parete\/lampione-solare-ibrido-pepita\/\" \/>\n<meta property=\"og:site_name\" content=\"Newgarden\" \/>\n<meta property=\"article:modified_time\" content=\"2021-06-16T14:48:30+00:00\" \/>\n<meta property=\"og:image\" content=\"https:\/\/newgarden.es\/wp-content\/uploads\/2021\/02\/PEPITA_FAROLA_1200X1200-7.jpg\" \/>\n\t<meta property=\"og:image:width\" content=\"1200\" \/>\n\t<meta property=\"og:image:height\" content=\"1200\" \/>\n\t<meta property=\"og:image:type\" content=\"image\/jpeg\" \/>\n<meta name=\"twitter:card\" content=\"summary_large_image\" \/>\n<meta name=\"twitter:label1\" content=\"Tempo di lettura stimato\" \/>\n\t<meta name=\"twitter:data1\" content=\"1 minuto\" \/>\n<script type=\"application\/ld+json\" class=\"yoast-schema-graph\">{\"@context\":\"https:\/\/schema.org\",\"@graph\":[{\"@type\":\"WebPage\",\"@id\":\"https:\/\/newgarden.es\/it\/shop\/lightdeco-it\/lanterne-e-lampade-da-parete\/lampione-solare-ibrido-pepita\/\",\"url\":\"https:\/\/newgarden.es\/it\/shop\/lightdeco-it\/lanterne-e-lampade-da-parete\/lampione-solare-ibrido-pepita\/\",\"name\":\"LAMPIONE SOLARE IBRIDO PEPITA - Newgarden\",\"isPartOf\":{\"@id\":\"https:\/\/newgarden.es\/#website\"},\"primaryImageOfPage\":{\"@id\":\"https:\/\/newgarden.es\/it\/shop\/lightdeco-it\/lanterne-e-lampade-da-parete\/lampione-solare-ibrido-pepita\/#primaryimage\"},\"image\":{\"@id\":\"https:\/\/newgarden.es\/it\/shop\/lightdeco-it\/lanterne-e-lampade-da-parete\/lampione-solare-ibrido-pepita\/#primaryimage\"},\"thumbnailUrl\":\"https:\/\/newgarden.es\/wp-content\/uploads\/2021\/02\/PEPITA_FAROLA_1200X1200-7.jpg\",\"datePublished\":\"2021-02-10T10:39:15+00:00\",\"dateModified\":\"2021-06-16T14:48:30+00:00\",\"description\":\"La lanterna solare ibrida PEPITA \u00e8 un must per il giardino, il suo sistema avanzato di tecnologia ibrida combina la ricarica solare ed elettrica.\",\"breadcrumb\":{\"@id\":\"https:\/\/newgarden.es\/it\/shop\/lightdeco-it\/lanterne-e-lampade-da-parete\/lampione-solare-ibrido-pepita\/#breadcrumb\"},\"inLanguage\":\"it-IT\",\"potentialAction\":[{\"@type\":\"ReadAction\",\"target\":[\"https:\/\/newgarden.es\/it\/shop\/lightdeco-it\/lanterne-e-lampade-da-parete\/lampione-solare-ibrido-pepita\/\"]}]},{\"@type\":\"ImageObject\",\"inLanguage\":\"it-IT\",\"@id\":\"https:\/\/newgarden.es\/it\/shop\/lightdeco-it\/lanterne-e-lampade-da-parete\/lampione-solare-ibrido-pepita\/#primaryimage\",\"url\":\"https:\/\/newgarden.es\/wp-content\/uploads\/2021\/02\/PEPITA_FAROLA_1200X1200-7.jpg\",\"contentUrl\":\"https:\/\/newgarden.es\/wp-content\/uploads\/2021\/02\/PEPITA_FAROLA_1200X1200-7.jpg\",\"width\":1200,\"height\":1200},{\"@type\":\"BreadcrumbList\",\"@id\":\"https:\/\/newgarden.es\/it\/shop\/lightdeco-it\/lanterne-e-lampade-da-parete\/lampione-solare-ibrido-pepita\/#breadcrumb\",\"itemListElement\":[{\"@type\":\"ListItem\",\"position\":1,\"name\":\"Home\",\"item\":\"https:\/\/newgarden.es\/it\/\"},{\"@type\":\"ListItem\",\"position\":2,\"name\":\"Collezione\",\"item\":\"https:\/\/newgarden.es\/it\/negozio\/\"},{\"@type\":\"ListItem\",\"position\":3,\"name\":\"LAMPIONE SOLARE IBRIDO PEPITA\"}]},{\"@type\":\"WebSite\",\"@id\":\"https:\/\/newgarden.es\/#website\",\"url\":\"https:\/\/newgarden.es\/\",\"name\":\"Newgarden\",\"description\":\"Be happy\",\"potentialAction\":[{\"@type\":\"SearchAction\",\"target\":{\"@type\":\"EntryPoint\",\"urlTemplate\":\"https:\/\/newgarden.es\/?s={search_term_string}\"},\"query-input\":{\"@type\":\"PropertyValueSpecification\",\"valueRequired\":true,\"valueName\":\"search_term_string\"}}],\"inLanguage\":\"it-IT\"}]}<\/script>\n<!-- \/ Yoast SEO plugin. -->","yoast_head_json":{"title":"LAMPIONE SOLARE IBRIDO PEPITA - Newgarden","description":"La lanterna solare ibrida PEPITA \u00e8 un must per il giardino, il suo sistema avanzato di tecnologia ibrida combina la ricarica solare ed elettrica.","robots":{"index":"index","follow":"follow","max-snippet":"max-snippet:-1","max-image-preview":"max-image-preview:large","max-video-preview":"max-video-preview:-1"},"canonical":"https:\/\/newgarden.es\/it\/shop\/lightdeco-it\/lanterne-e-lampade-da-parete\/lampione-solare-ibrido-pepita\/","og_locale":"it_IT","og_type":"article","og_title":"LAMPIONE SOLARE IBRIDO PEPITA - Newgarden","og_description":"La lanterna solare ibrida PEPITA \u00e8 un must per il giardino, il suo sistema avanzato di tecnologia ibrida combina la ricarica solare ed elettrica.","og_url":"https:\/\/newgarden.es\/it\/shop\/lightdeco-it\/lanterne-e-lampade-da-parete\/lampione-solare-ibrido-pepita\/","og_site_name":"Newgarden","article_modified_time":"2021-06-16T14:48:30+00:00","og_image":[{"width":1200,"height":1200,"url":"https:\/\/newgarden.es\/wp-content\/uploads\/2021\/02\/PEPITA_FAROLA_1200X1200-7.jpg","type":"image\/jpeg"}],"twitter_card":"summary_large_image","twitter_misc":{"Tempo di lettura stimato":"1 minuto"},"schema":{"@context":"https:\/\/schema.org","@graph":[{"@type":"WebPage","@id":"https:\/\/newgarden.es\/it\/shop\/lightdeco-it\/lanterne-e-lampade-da-parete\/lampione-solare-ibrido-pepita\/","url":"https:\/\/newgarden.es\/it\/shop\/lightdeco-it\/lanterne-e-lampade-da-parete\/lampione-solare-ibrido-pepita\/","name":"LAMPIONE SOLARE IBRIDO PEPITA - Newgarden","isPartOf":{"@id":"https:\/\/newgarden.es\/#website"},"primaryImageOfPage":{"@id":"https:\/\/newgarden.es\/it\/shop\/lightdeco-it\/lanterne-e-lampade-da-parete\/lampione-solare-ibrido-pepita\/#primaryimage"},"image":{"@id":"https:\/\/newgarden.es\/it\/shop\/lightdeco-it\/lanterne-e-lampade-da-parete\/lampione-solare-ibrido-pepita\/#primaryimage"},"thumbnailUrl":"https:\/\/newgarden.es\/wp-content\/uploads\/2021\/02\/PEPITA_FAROLA_1200X1200-7.jpg","datePublished":"2021-02-10T10:39:15+00:00","dateModified":"2021-06-16T14:48:30+00:00","description":"La lanterna solare ibrida PEPITA \u00e8 un must per il giardino, il suo sistema avanzato di tecnologia ibrida combina la ricarica solare ed elettrica.","breadcrumb":{"@id":"https:\/\/newgarden.es\/it\/shop\/lightdeco-it\/lanterne-e-lampade-da-parete\/lampione-solare-ibrido-pepita\/#breadcrumb"},"inLanguage":"it-IT","potentialAction":[{"@type":"ReadAction","target":["https:\/\/newgarden.es\/it\/shop\/lightdeco-it\/lanterne-e-lampade-da-parete\/lampione-solare-ibrido-pepita\/"]}]},{"@type":"ImageObject","inLanguage":"it-IT","@id":"https:\/\/newgarden.es\/it\/shop\/lightdeco-it\/lanterne-e-lampade-da-parete\/lampione-solare-ibrido-pepita\/#primaryimage","url":"https:\/\/newgarden.es\/wp-content\/uploads\/2021\/02\/PEPITA_FAROLA_1200X1200-7.jpg","contentUrl":"https:\/\/newgarden.es\/wp-content\/uploads\/2021\/02\/PEPITA_FAROLA_1200X1200-7.jpg","width":1200,"height":1200},{"@type":"BreadcrumbList","@id":"https:\/\/newgarden.es\/it\/shop\/lightdeco-it\/lanterne-e-lampade-da-parete\/lampione-solare-ibrido-pepita\/#breadcrumb","itemListElement":[{"@type":"ListItem","position":1,"name":"Home","item":"https:\/\/newgarden.es\/it\/"},{"@type":"ListItem","position":2,"name":"Collezione","item":"https:\/\/newgarden.es\/it\/negozio\/"},{"@type":"ListItem","position":3,"name":"LAMPIONE SOLARE IBRIDO PEPITA"}]},{"@type":"WebSite","@id":"https:\/\/newgarden.es\/#website","url":"https:\/\/newgarden.es\/","name":"Newgarden","description":"Be happy","potentialAction":[{"@type":"SearchAction","target":{"@type":"EntryPoint","urlTemplate":"https:\/\/newgarden.es\/?s={search_term_string}"},"query-input":{"@type":"PropertyValueSpecification","valueRequired":true,"valueName":"search_term_string"}}],"inLanguage":"it-IT"}]}},"df_price":299,"df_sale_price":"","df_regular_price":299,"df_image_link":"https:\/\/newgarden.es\/wp-content\/uploads\/2021\/02\/PEPITA_FAROLA_1200X1200-7-580x400.jpg","_links":{"self":[{"href":"https:\/\/newgarden.es\/it\/wp-json\/wp\/v2\/product\/32760"}],"collection":[{"href":"https:\/\/newgarden.es\/it\/wp-json\/wp\/v2\/product"}],"about":[{"href":"https:\/\/newgarden.es\/it\/wp-json\/wp\/v2\/types\/product"}],"wp:featuredmedia":[{"embeddable":true,"href":"https:\/\/newgarden.es\/it\/wp-json\/wp\/v2\/media\/57772"}],"wp:attachment":[{"href":"https:\/\/newgarden.es\/it\/wp-json\/wp\/v2\/media?parent=32760"}],"wp:term":[{"taxonomy":"product_cat","embeddable":true,"href":"https:\/\/newgarden.es\/it\/wp-json\/wp\/v2\/product_cat?post=32760"},{"taxonomy":"product_tag","embeddable":true,"href":"https:\/\/newgarden.es\/it\/wp-json\/wp\/v2\/product_tag?post=32760"}],"curies":[{"name":"wp","href":"https:\/\/api.w.org\/{rel}","templated":true}]}}