{"id":36077,"date":"2021-07-27T10:08:06","date_gmt":"2021-07-27T08:08:12","guid":{"rendered":"https:\/\/newgarden.es\/?post_type=product&#038;p=36077"},"modified":"2024-05-28T14:44:02","modified_gmt":"2024-05-28T12:44:02","slug":"x3-ghirlanda-allegra-bianco","status":"publish","type":"product","link":"https:\/\/newgarden.es\/it\/shop\/lightdeco-it\/natale\/x3-ghirlanda-allegra-bianco\/","title":{"rendered":"x3 GHIRLANDA DI LUCI ALLEGRA BIANCO"},"content":{"rendered":"<section class=\"wpb-content-wrapper\"><p>[vc_row][vc_column][vc_column_text]<\/p>\n<p><strong>GHIRLANDA ALLEGRA<\/strong><\/p>\n<p>La ghirlanda ALLEGRA \u00e8 una delle novit\u00e0 di NEWGARDEN.<\/p>\n<p>\u00c8 perfetto per eventi e feste, \u00e8 ideale anche per allestire la tua casa e per qualsiasi angolo esterno, giardino, terrazze, attivit\u00e0 commerciali o come decorazioni natalizie.<\/p>\n<p>A differenza della maggior parte delle ghirlande sul mercato, la ghirlanda decorativa ALLEGRA di Newgarden ha 10 lampadine a LED integrate non sostituibili che forniscono un design vintage.<\/p>\n<p>La ghirlanda decorativa Aurora \u00e8 disponibile in 4 versioni: Nero, Bianco, Juta e Rosa.<\/p>\n<p>La dimensione della ghirlanda Allegra \u00e8 di 8 metri e pu\u00f2 essere unita fino a 4.<\/p>\n<p>[\/vc_column_text][\/vc_column][\/vc_row][vc_row][vc_column width=&#8221;1\/2&#8243;][vc_video link=&#8221;https:\/\/www.youtube.com\/watch?v=UIOM3rWcvh0&#8243;][\/vc_column][vc_column width=&#8221;1\/2&#8243;][vc_video link=&#8221;https:\/\/www.youtube.com\/watch?v=9Vvsi2lt2DE&#8221;][\/vc_column][\/vc_row][vc_row][vc_column width=&#8221;1\/2&#8243;][vc_btn title=&#8221;<\/p>\n<p>SCHEDA TECNICA<\/p>\n<p>&#8221; style=&#8221;custom&#8221; custom_background=&#8221;#009bc2&#8243; custom_text=&#8221;#ffffff&#8221; link=&#8221;url:%3Cp%3E%3Cbr%20data-mce-bogus%3D%221%22%3E%3C%2Fp%3E|target:%20_blank|&#8221;][vc_btn title=&#8221;<\/p>\n<p>SCHEDA TECNICA<\/p>\n<p>&#8221; style=&#8221;custom&#8221; custom_background=&#8221;#009bc2&#8243; custom_text=&#8221;#ffffff&#8221; link=&#8221;url:%3Cp%3E%3Cbr%20data-mce-bogus%3D%221%22%3E%3C%2Fp%3E|target:%20_blank|&#8221;][\/vc_column][vc_column width=&#8221;1\/2&#8243;][vc_btn title=&#8221;<\/p>\n<p>MANUALE DI ISTRUZIONI<\/p>\n<p>&#8221; style=&#8221;custom&#8221; custom_background=&#8221;#009bc2&#8243; custom_text=&#8221;#ffffff&#8221; link=&#8221;url:%3Cp%3E%3Cbr%20data-mce-bogus%3D%221%22%3E%3C%2Fp%3E|target:%20_blank|&#8221; el_class=&#8221;btn_descargar_ficha&#8221;][vc_btn title=&#8221;<\/p>\n<p>MANUALE DI ISTRUZIONI<\/p>\n<p>&#8221; style=&#8221;custom&#8221; custom_background=&#8221;#009bc2&#8243; custom_text=&#8221;#ffffff&#8221; link=&#8221;url:%3Cp%3E%3Cbr%20data-mce-bogus%3D%221%22%3E%3C%2Fp%3E|target:%20_blank|&#8221; el_class=&#8221;btn_descargar_ficha&#8221;][\/vc_column][\/vc_row]<\/p>\n<\/section>","protected":false},"excerpt":{"rendered":"<p><br data-mce-bogus=\"1\"><\/p>\n","protected":false},"featured_media":54651,"template":"","meta":[],"product_cat":[974,1577,993],"product_tag":[955,961],"class_list":{"0":"post-36077","1":"product","2":"type-product","3":"status-publish","4":"has-post-thumbnail","6":"product_cat-lightdeco-it","7":"product_cat-ghirlande","8":"product_cat-natale","9":"product_tag-cavo","10":"product_tag-solare","12":"first","13":"instock","14":"taxable","15":"shipping-taxable","16":"purchasable","17":"product-type-variable"},"yoast_head":"<!-- This site is optimized with the Yoast SEO plugin v24.2 - https:\/\/yoast.com\/wordpress\/plugins\/seo\/ -->\n<title>x3 GHIRLANDA DI LUCI ALLEGRA BIANCO - Newgarden<\/title>\n<meta name=\"robots\" content=\"index, follow, max-snippet:-1, max-image-preview:large, max-video-preview:-1\" \/>\n<link rel=\"canonical\" href=\"https:\/\/newgarden.es\/it\/shop\/lightdeco-it\/natale\/x3-ghirlanda-allegra-bianco\/\" \/>\n<meta property=\"og:locale\" content=\"it_IT\" \/>\n<meta property=\"og:type\" content=\"article\" \/>\n<meta property=\"og:title\" content=\"x3 GHIRLANDA DI LUCI ALLEGRA BIANCO - Newgarden\" \/>\n<meta property=\"og:url\" content=\"https:\/\/newgarden.es\/it\/shop\/lightdeco-it\/natale\/x3-ghirlanda-allegra-bianco\/\" \/>\n<meta property=\"og:site_name\" content=\"Newgarden\" \/>\n<meta property=\"article:modified_time\" content=\"2024-05-28T12:44:02+00:00\" \/>\n<meta property=\"og:image\" content=\"https:\/\/newgarden.es\/wp-content\/uploads\/2021\/07\/ALLEGRA_1200X1200-21-1.jpg\" \/>\n\t<meta property=\"og:image:width\" content=\"1200\" \/>\n\t<meta property=\"og:image:height\" content=\"1200\" \/>\n\t<meta property=\"og:image:type\" content=\"image\/jpeg\" \/>\n<meta name=\"twitter:card\" content=\"summary_large_image\" \/>\n<meta name=\"twitter:label1\" content=\"Tempo di lettura stimato\" \/>\n\t<meta name=\"twitter:data1\" content=\"1 minuto\" \/>\n<script type=\"application\/ld+json\" class=\"yoast-schema-graph\">{\"@context\":\"https:\/\/schema.org\",\"@graph\":[{\"@type\":\"WebPage\",\"@id\":\"https:\/\/newgarden.es\/it\/shop\/lightdeco-it\/natale\/x3-ghirlanda-allegra-bianco\/\",\"url\":\"https:\/\/newgarden.es\/it\/shop\/lightdeco-it\/natale\/x3-ghirlanda-allegra-bianco\/\",\"name\":\"x3 GHIRLANDA DI LUCI ALLEGRA BIANCO - Newgarden\",\"isPartOf\":{\"@id\":\"https:\/\/newgarden.es\/#website\"},\"primaryImageOfPage\":{\"@id\":\"https:\/\/newgarden.es\/it\/shop\/lightdeco-it\/natale\/x3-ghirlanda-allegra-bianco\/#primaryimage\"},\"image\":{\"@id\":\"https:\/\/newgarden.es\/it\/shop\/lightdeco-it\/natale\/x3-ghirlanda-allegra-bianco\/#primaryimage\"},\"thumbnailUrl\":\"https:\/\/newgarden.es\/wp-content\/uploads\/2021\/07\/ALLEGRA_1200X1200-21-1.jpg\",\"datePublished\":\"2021-07-27T08:08:12+00:00\",\"dateModified\":\"2024-05-28T12:44:02+00:00\",\"breadcrumb\":{\"@id\":\"https:\/\/newgarden.es\/it\/shop\/lightdeco-it\/natale\/x3-ghirlanda-allegra-bianco\/#breadcrumb\"},\"inLanguage\":\"it-IT\",\"potentialAction\":[{\"@type\":\"ReadAction\",\"target\":[\"https:\/\/newgarden.es\/it\/shop\/lightdeco-it\/natale\/x3-ghirlanda-allegra-bianco\/\"]}]},{\"@type\":\"ImageObject\",\"inLanguage\":\"it-IT\",\"@id\":\"https:\/\/newgarden.es\/it\/shop\/lightdeco-it\/natale\/x3-ghirlanda-allegra-bianco\/#primaryimage\",\"url\":\"https:\/\/newgarden.es\/wp-content\/uploads\/2021\/07\/ALLEGRA_1200X1200-21-1.jpg\",\"contentUrl\":\"https:\/\/newgarden.es\/wp-content\/uploads\/2021\/07\/ALLEGRA_1200X1200-21-1.jpg\",\"width\":1200,\"height\":1200},{\"@type\":\"BreadcrumbList\",\"@id\":\"https:\/\/newgarden.es\/it\/shop\/lightdeco-it\/natale\/x3-ghirlanda-allegra-bianco\/#breadcrumb\",\"itemListElement\":[{\"@type\":\"ListItem\",\"position\":1,\"name\":\"Home\",\"item\":\"https:\/\/newgarden.es\/it\/\"},{\"@type\":\"ListItem\",\"position\":2,\"name\":\"Collezione\",\"item\":\"https:\/\/newgarden.es\/it\/negozio\/\"},{\"@type\":\"ListItem\",\"position\":3,\"name\":\"x3 GHIRLANDA DI LUCI ALLEGRA BIANCO\"}]},{\"@type\":\"WebSite\",\"@id\":\"https:\/\/newgarden.es\/#website\",\"url\":\"https:\/\/newgarden.es\/\",\"name\":\"Newgarden\",\"description\":\"Be happy\",\"potentialAction\":[{\"@type\":\"SearchAction\",\"target\":{\"@type\":\"EntryPoint\",\"urlTemplate\":\"https:\/\/newgarden.es\/?s={search_term_string}\"},\"query-input\":{\"@type\":\"PropertyValueSpecification\",\"valueRequired\":true,\"valueName\":\"search_term_string\"}}],\"inLanguage\":\"it-IT\"}]}<\/script>\n<!-- \/ Yoast SEO plugin. -->","yoast_head_json":{"title":"x3 GHIRLANDA DI LUCI ALLEGRA BIANCO - Newgarden","robots":{"index":"index","follow":"follow","max-snippet":"max-snippet:-1","max-image-preview":"max-image-preview:large","max-video-preview":"max-video-preview:-1"},"canonical":"https:\/\/newgarden.es\/it\/shop\/lightdeco-it\/natale\/x3-ghirlanda-allegra-bianco\/","og_locale":"it_IT","og_type":"article","og_title":"x3 GHIRLANDA DI LUCI ALLEGRA BIANCO - Newgarden","og_url":"https:\/\/newgarden.es\/it\/shop\/lightdeco-it\/natale\/x3-ghirlanda-allegra-bianco\/","og_site_name":"Newgarden","article_modified_time":"2024-05-28T12:44:02+00:00","og_image":[{"width":1200,"height":1200,"url":"https:\/\/newgarden.es\/wp-content\/uploads\/2021\/07\/ALLEGRA_1200X1200-21-1.jpg","type":"image\/jpeg"}],"twitter_card":"summary_large_image","twitter_misc":{"Tempo di lettura stimato":"1 minuto"},"schema":{"@context":"https:\/\/schema.org","@graph":[{"@type":"WebPage","@id":"https:\/\/newgarden.es\/it\/shop\/lightdeco-it\/natale\/x3-ghirlanda-allegra-bianco\/","url":"https:\/\/newgarden.es\/it\/shop\/lightdeco-it\/natale\/x3-ghirlanda-allegra-bianco\/","name":"x3 GHIRLANDA DI LUCI ALLEGRA BIANCO - Newgarden","isPartOf":{"@id":"https:\/\/newgarden.es\/#website"},"primaryImageOfPage":{"@id":"https:\/\/newgarden.es\/it\/shop\/lightdeco-it\/natale\/x3-ghirlanda-allegra-bianco\/#primaryimage"},"image":{"@id":"https:\/\/newgarden.es\/it\/shop\/lightdeco-it\/natale\/x3-ghirlanda-allegra-bianco\/#primaryimage"},"thumbnailUrl":"https:\/\/newgarden.es\/wp-content\/uploads\/2021\/07\/ALLEGRA_1200X1200-21-1.jpg","datePublished":"2021-07-27T08:08:12+00:00","dateModified":"2024-05-28T12:44:02+00:00","breadcrumb":{"@id":"https:\/\/newgarden.es\/it\/shop\/lightdeco-it\/natale\/x3-ghirlanda-allegra-bianco\/#breadcrumb"},"inLanguage":"it-IT","potentialAction":[{"@type":"ReadAction","target":["https:\/\/newgarden.es\/it\/shop\/lightdeco-it\/natale\/x3-ghirlanda-allegra-bianco\/"]}]},{"@type":"ImageObject","inLanguage":"it-IT","@id":"https:\/\/newgarden.es\/it\/shop\/lightdeco-it\/natale\/x3-ghirlanda-allegra-bianco\/#primaryimage","url":"https:\/\/newgarden.es\/wp-content\/uploads\/2021\/07\/ALLEGRA_1200X1200-21-1.jpg","contentUrl":"https:\/\/newgarden.es\/wp-content\/uploads\/2021\/07\/ALLEGRA_1200X1200-21-1.jpg","width":1200,"height":1200},{"@type":"BreadcrumbList","@id":"https:\/\/newgarden.es\/it\/shop\/lightdeco-it\/natale\/x3-ghirlanda-allegra-bianco\/#breadcrumb","itemListElement":[{"@type":"ListItem","position":1,"name":"Home","item":"https:\/\/newgarden.es\/it\/"},{"@type":"ListItem","position":2,"name":"Collezione","item":"https:\/\/newgarden.es\/it\/negozio\/"},{"@type":"ListItem","position":3,"name":"x3 GHIRLANDA DI LUCI ALLEGRA BIANCO"}]},{"@type":"WebSite","@id":"https:\/\/newgarden.es\/#website","url":"https:\/\/newgarden.es\/","name":"Newgarden","description":"Be happy","potentialAction":[{"@type":"SearchAction","target":{"@type":"EntryPoint","urlTemplate":"https:\/\/newgarden.es\/?s={search_term_string}"},"query-input":{"@type":"PropertyValueSpecification","valueRequired":true,"valueName":"search_term_string"}}],"inLanguage":"it-IT"}]}},"df_price":116.1,"df_sale_price":"","df_regular_price":116.1,"df_image_link":"https:\/\/newgarden.es\/wp-content\/uploads\/2021\/07\/ALLEGRA_1200X1200-21-1-580x400.jpg","_links":{"self":[{"href":"https:\/\/newgarden.es\/it\/wp-json\/wp\/v2\/product\/36077"}],"collection":[{"href":"https:\/\/newgarden.es\/it\/wp-json\/wp\/v2\/product"}],"about":[{"href":"https:\/\/newgarden.es\/it\/wp-json\/wp\/v2\/types\/product"}],"wp:featuredmedia":[{"embeddable":true,"href":"https:\/\/newgarden.es\/it\/wp-json\/wp\/v2\/media\/54651"}],"wp:attachment":[{"href":"https:\/\/newgarden.es\/it\/wp-json\/wp\/v2\/media?parent=36077"}],"wp:term":[{"taxonomy":"product_cat","embeddable":true,"href":"https:\/\/newgarden.es\/it\/wp-json\/wp\/v2\/product_cat?post=36077"},{"taxonomy":"product_tag","embeddable":true,"href":"https:\/\/newgarden.es\/it\/wp-json\/wp\/v2\/product_tag?post=36077"}],"curies":[{"name":"wp","href":"https:\/\/api.w.org\/{rel}","templated":true}]}}