{"id":36712,"date":"2021-09-14T11:54:11","date_gmt":"2021-09-14T09:54:19","guid":{"rendered":"https:\/\/newgarden.es\/?post_type=product&#038;p=36712"},"modified":"2024-06-13T15:44:43","modified_gmt":"2024-06-13T13:44:43","slug":"lampada-da-terra-lola-slim-180-interni","status":"publish","type":"product","link":"https:\/\/newgarden.es\/it\/shop\/lightdeco-it\/lampade-da-terra\/lampada-da-terra-lola-slim-180-interni\/","title":{"rendered":"LAMPADA DA TERRA LOLA SLIM 180 | INTERNI"},"content":{"rendered":"<section class=\"wpb-content-wrapper\"><p>[vc_row][vc_column el_class=&#8221;descripcion_producto&#8221;][vc_column_text]La lampada da terra Lola Slim 180 fa parte della famiglia LOLA grazie al suo design elegante. La sua altezza rende questo prodotto una lampada che si combina in qualsiasi ambiente senza interromperne l&#8217;estetica, ideale per qualsiasi spazio all&#8217;interno della casa.<\/p>\n<p>La serie Lola Slim 180, essendo una famiglia, pu\u00f2 essere combinata insieme per creare un numero infinito di atmosfere. Disponibile in diverse altezze: 30 cm, 120 cm e 180 cm e con un corpo in metallo rifinito in oro rosa, ottone, antracite o grigio spazio.<\/p>\n<p>La lampada da terra Lola Slim \u00e8 disponibile con cavo IN&amp;OUT.[\/vc_column_text][\/vc_column][\/vc_row][vc_row disable_element=&#8221;yes&#8221;][vc_column][vc_single_image image=&#8221;6566&#8243; img_size=&#8221;full&#8221;][\/vc_column][\/vc_row][vc_row][vc_column width=&#8221;1\/2&#8243;][vc_btn title=&#8221;FICHA T\u00c9CNICA ROSE GOLD&#8221; style=&#8221;custom&#8221; custom_background=&#8221;#009bc2&#8243; custom_text=&#8221;#ffffff&#8221; shape=&#8221;square&#8221; link=&#8221;url:https%3A%2F%2Fbit.ly%2F3HGaJdz|target:%20_blank|&#8221; el_class=&#8221;btn_descargar_ficha&#8221;][vc_btn title=&#8221;FICHA T\u00c9CNICA BRASS&#8221; style=&#8221;custom&#8221; custom_background=&#8221;#009bc2&#8243; custom_text=&#8221;#ffffff&#8221; shape=&#8221;square&#8221; link=&#8221;url:https%3A%2F%2Fbit.ly%2F3Obw9Br|target:%20_blank|&#8221; el_class=&#8221;btn_descargar_ficha&#8221;][\/vc_column][vc_column width=&#8221;1\/2&#8243;][vc_btn title=&#8221;MANUAL DE INSTRUCCIONES ROSE GOLD&#8221; style=&#8221;custom&#8221; custom_background=&#8221;#009bc2&#8243; custom_text=&#8221;#ffffff&#8221; shape=&#8221;square&#8221; link=&#8221;url:https%3A%2F%2Fbit.ly%2F3oOswXc|target:%20_blank|&#8221; el_class=&#8221;btn_descargar_ficha&#8221;][vc_btn title=&#8221;MANUAL DE INSTRUCCIONES BRASS&#8221; style=&#8221;custom&#8221; custom_background=&#8221;#009bc2&#8243; custom_text=&#8221;#ffffff&#8221; shape=&#8221;square&#8221; link=&#8221;url:https%3A%2F%2Fbit.ly%2F3QcNevC|target:%20_blank|&#8221; el_class=&#8221;btn_descargar_ficha&#8221;][\/vc_column][\/vc_row]<\/p>\n<\/section>","protected":false},"excerpt":{"rendered":"<p>LAMPADA DA TERRA DA ESTERNO LOLA SLIM 180<\/p>\n","protected":false},"featured_media":59801,"template":"","meta":[],"product_cat":[1697,974,985,1227,1250],"product_tag":[955,1228],"class_list":{"0":"post-36712","1":"product","2":"type-product","3":"status-publish","4":"has-post-thumbnail","6":"product_cat-productos-it","7":"product_cat-lightdeco-it","8":"product_cat-lampade-da-terra","9":"product_cat-interni-it","10":"product_cat-lampade-da-terra-interne","11":"product_tag-cavo","12":"product_tag-interni-it","14":"first","15":"instock","16":"taxable","17":"shipping-taxable","18":"purchasable","19":"product-type-variable"},"yoast_head":"<!-- This site is optimized with the Yoast SEO plugin v24.2 - https:\/\/yoast.com\/wordpress\/plugins\/seo\/ -->\n<title>LAMPADA DA TERRA LOLA SLIM 180 | INTERNI<\/title>\n<meta name=\"description\" content=\"La lampada da terra Lola Slim 180 \u00e8 una delle novit\u00e0 pi\u00f9 straordinarie di Newgarden, appartiene alla famiglia LOLA per il suo design elegante. La sua altezza rende questo prodotto una lampada che si combina in qualsiasi spazio senza comprometterne l&#039;estetica, ideale per qualsiasi spazio esterno, giardino o azienda moderno.La serie Lola Slim pu\u00f2 essere combinata tra loro per creare ambienti infiniti. Disponibile in diverse altezze: 30 cm, 120 cm. e 180 cm. e in una finitura metallica in oro rosa, ottone, antracite e grigio spazio.\" \/>\n<meta name=\"robots\" content=\"index, follow, max-snippet:-1, max-image-preview:large, max-video-preview:-1\" \/>\n<link rel=\"canonical\" href=\"https:\/\/newgarden.es\/it\/shop\/lightdeco-it\/lampade-da-terra\/lampada-da-terra-lola-slim-180-interni\/\" \/>\n<meta property=\"og:locale\" content=\"it_IT\" \/>\n<meta property=\"og:type\" content=\"article\" \/>\n<meta property=\"og:title\" content=\"LAMPADA DA TERRA LOLA SLIM 180 | INTERNI\" \/>\n<meta property=\"og:description\" content=\"La lampada da terra Lola Slim 180 \u00e8 una delle novit\u00e0 pi\u00f9 straordinarie di Newgarden, appartiene alla famiglia LOLA per il suo design elegante. La sua altezza rende questo prodotto una lampada che si combina in qualsiasi spazio senza comprometterne l&#039;estetica, ideale per qualsiasi spazio esterno, giardino o azienda moderno.La serie Lola Slim pu\u00f2 essere combinata tra loro per creare ambienti infiniti. Disponibile in diverse altezze: 30 cm, 120 cm. e 180 cm. e in una finitura metallica in oro rosa, ottone, antracite e grigio spazio.\" \/>\n<meta property=\"og:url\" content=\"https:\/\/newgarden.es\/it\/shop\/lightdeco-it\/lampade-da-terra\/lampada-da-terra-lola-slim-180-interni\/\" \/>\n<meta property=\"og:site_name\" content=\"Newgarden\" \/>\n<meta property=\"article:modified_time\" content=\"2024-06-13T13:44:43+00:00\" \/>\n<meta property=\"og:image\" content=\"https:\/\/newgarden.es\/wp-content\/uploads\/2021\/09\/LOLA_SLIM_180_BATTERY_1200X1200-4.jpg\" \/>\n\t<meta property=\"og:image:width\" content=\"1200\" \/>\n\t<meta property=\"og:image:height\" content=\"1200\" \/>\n\t<meta property=\"og:image:type\" content=\"image\/jpeg\" \/>\n<meta name=\"twitter:card\" content=\"summary_large_image\" \/>\n<meta name=\"twitter:label1\" content=\"Tempo di lettura stimato\" \/>\n\t<meta name=\"twitter:data1\" content=\"1 minuto\" \/>\n<script type=\"application\/ld+json\" class=\"yoast-schema-graph\">{\"@context\":\"https:\/\/schema.org\",\"@graph\":[{\"@type\":\"WebPage\",\"@id\":\"https:\/\/newgarden.es\/it\/shop\/lightdeco-it\/lampade-da-terra\/lampada-da-terra-lola-slim-180-interni\/\",\"url\":\"https:\/\/newgarden.es\/it\/shop\/lightdeco-it\/lampade-da-terra\/lampada-da-terra-lola-slim-180-interni\/\",\"name\":\"LAMPADA DA TERRA LOLA SLIM 180 | INTERNI\",\"isPartOf\":{\"@id\":\"https:\/\/newgarden.es\/#website\"},\"primaryImageOfPage\":{\"@id\":\"https:\/\/newgarden.es\/it\/shop\/lightdeco-it\/lampade-da-terra\/lampada-da-terra-lola-slim-180-interni\/#primaryimage\"},\"image\":{\"@id\":\"https:\/\/newgarden.es\/it\/shop\/lightdeco-it\/lampade-da-terra\/lampada-da-terra-lola-slim-180-interni\/#primaryimage\"},\"thumbnailUrl\":\"https:\/\/newgarden.es\/wp-content\/uploads\/2021\/09\/LOLA_SLIM_180_BATTERY_1200X1200-4.jpg\",\"datePublished\":\"2021-09-14T09:54:19+00:00\",\"dateModified\":\"2024-06-13T13:44:43+00:00\",\"description\":\"La lampada da terra Lola Slim 180 \u00e8 una delle novit\u00e0 pi\u00f9 straordinarie di Newgarden, appartiene alla famiglia LOLA per il suo design elegante. La sua altezza rende questo prodotto una lampada che si combina in qualsiasi spazio senza comprometterne l'estetica, ideale per qualsiasi spazio esterno, giardino o azienda moderno.La serie Lola Slim pu\u00f2 essere combinata tra loro per creare ambienti infiniti. Disponibile in diverse altezze: 30 cm, 120 cm. e 180 cm. e in una finitura metallica in oro rosa, ottone, antracite e grigio spazio.\",\"breadcrumb\":{\"@id\":\"https:\/\/newgarden.es\/it\/shop\/lightdeco-it\/lampade-da-terra\/lampada-da-terra-lola-slim-180-interni\/#breadcrumb\"},\"inLanguage\":\"it-IT\",\"potentialAction\":[{\"@type\":\"ReadAction\",\"target\":[\"https:\/\/newgarden.es\/it\/shop\/lightdeco-it\/lampade-da-terra\/lampada-da-terra-lola-slim-180-interni\/\"]}]},{\"@type\":\"ImageObject\",\"inLanguage\":\"it-IT\",\"@id\":\"https:\/\/newgarden.es\/it\/shop\/lightdeco-it\/lampade-da-terra\/lampada-da-terra-lola-slim-180-interni\/#primaryimage\",\"url\":\"https:\/\/newgarden.es\/wp-content\/uploads\/2021\/09\/LOLA_SLIM_180_BATTERY_1200X1200-4.jpg\",\"contentUrl\":\"https:\/\/newgarden.es\/wp-content\/uploads\/2021\/09\/LOLA_SLIM_180_BATTERY_1200X1200-4.jpg\",\"width\":1200,\"height\":1200},{\"@type\":\"BreadcrumbList\",\"@id\":\"https:\/\/newgarden.es\/it\/shop\/lightdeco-it\/lampade-da-terra\/lampada-da-terra-lola-slim-180-interni\/#breadcrumb\",\"itemListElement\":[{\"@type\":\"ListItem\",\"position\":1,\"name\":\"Home\",\"item\":\"https:\/\/newgarden.es\/it\/\"},{\"@type\":\"ListItem\",\"position\":2,\"name\":\"Collezione\",\"item\":\"https:\/\/newgarden.es\/it\/negozio\/\"},{\"@type\":\"ListItem\",\"position\":3,\"name\":\"LAMPADA DA TERRA LOLA SLIM 180 | INTERNI\"}]},{\"@type\":\"WebSite\",\"@id\":\"https:\/\/newgarden.es\/#website\",\"url\":\"https:\/\/newgarden.es\/\",\"name\":\"Newgarden\",\"description\":\"Be happy\",\"potentialAction\":[{\"@type\":\"SearchAction\",\"target\":{\"@type\":\"EntryPoint\",\"urlTemplate\":\"https:\/\/newgarden.es\/?s={search_term_string}\"},\"query-input\":{\"@type\":\"PropertyValueSpecification\",\"valueRequired\":true,\"valueName\":\"search_term_string\"}}],\"inLanguage\":\"it-IT\"}]}<\/script>\n<!-- \/ Yoast SEO plugin. -->","yoast_head_json":{"title":"LAMPADA DA TERRA LOLA SLIM 180 | INTERNI","description":"La lampada da terra Lola Slim 180 \u00e8 una delle novit\u00e0 pi\u00f9 straordinarie di Newgarden, appartiene alla famiglia LOLA per il suo design elegante. La sua altezza rende questo prodotto una lampada che si combina in qualsiasi spazio senza comprometterne l'estetica, ideale per qualsiasi spazio esterno, giardino o azienda moderno.La serie Lola Slim pu\u00f2 essere combinata tra loro per creare ambienti infiniti. Disponibile in diverse altezze: 30 cm, 120 cm. e 180 cm. e in una finitura metallica in oro rosa, ottone, antracite e grigio spazio.","robots":{"index":"index","follow":"follow","max-snippet":"max-snippet:-1","max-image-preview":"max-image-preview:large","max-video-preview":"max-video-preview:-1"},"canonical":"https:\/\/newgarden.es\/it\/shop\/lightdeco-it\/lampade-da-terra\/lampada-da-terra-lola-slim-180-interni\/","og_locale":"it_IT","og_type":"article","og_title":"LAMPADA DA TERRA LOLA SLIM 180 | INTERNI","og_description":"La lampada da terra Lola Slim 180 \u00e8 una delle novit\u00e0 pi\u00f9 straordinarie di Newgarden, appartiene alla famiglia LOLA per il suo design elegante. La sua altezza rende questo prodotto una lampada che si combina in qualsiasi spazio senza comprometterne l'estetica, ideale per qualsiasi spazio esterno, giardino o azienda moderno.La serie Lola Slim pu\u00f2 essere combinata tra loro per creare ambienti infiniti. Disponibile in diverse altezze: 30 cm, 120 cm. e 180 cm. e in una finitura metallica in oro rosa, ottone, antracite e grigio spazio.","og_url":"https:\/\/newgarden.es\/it\/shop\/lightdeco-it\/lampade-da-terra\/lampada-da-terra-lola-slim-180-interni\/","og_site_name":"Newgarden","article_modified_time":"2024-06-13T13:44:43+00:00","og_image":[{"width":1200,"height":1200,"url":"https:\/\/newgarden.es\/wp-content\/uploads\/2021\/09\/LOLA_SLIM_180_BATTERY_1200X1200-4.jpg","type":"image\/jpeg"}],"twitter_card":"summary_large_image","twitter_misc":{"Tempo di lettura stimato":"1 minuto"},"schema":{"@context":"https:\/\/schema.org","@graph":[{"@type":"WebPage","@id":"https:\/\/newgarden.es\/it\/shop\/lightdeco-it\/lampade-da-terra\/lampada-da-terra-lola-slim-180-interni\/","url":"https:\/\/newgarden.es\/it\/shop\/lightdeco-it\/lampade-da-terra\/lampada-da-terra-lola-slim-180-interni\/","name":"LAMPADA DA TERRA LOLA SLIM 180 | INTERNI","isPartOf":{"@id":"https:\/\/newgarden.es\/#website"},"primaryImageOfPage":{"@id":"https:\/\/newgarden.es\/it\/shop\/lightdeco-it\/lampade-da-terra\/lampada-da-terra-lola-slim-180-interni\/#primaryimage"},"image":{"@id":"https:\/\/newgarden.es\/it\/shop\/lightdeco-it\/lampade-da-terra\/lampada-da-terra-lola-slim-180-interni\/#primaryimage"},"thumbnailUrl":"https:\/\/newgarden.es\/wp-content\/uploads\/2021\/09\/LOLA_SLIM_180_BATTERY_1200X1200-4.jpg","datePublished":"2021-09-14T09:54:19+00:00","dateModified":"2024-06-13T13:44:43+00:00","description":"La lampada da terra Lola Slim 180 \u00e8 una delle novit\u00e0 pi\u00f9 straordinarie di Newgarden, appartiene alla famiglia LOLA per il suo design elegante. La sua altezza rende questo prodotto una lampada che si combina in qualsiasi spazio senza comprometterne l'estetica, ideale per qualsiasi spazio esterno, giardino o azienda moderno.La serie Lola Slim pu\u00f2 essere combinata tra loro per creare ambienti infiniti. Disponibile in diverse altezze: 30 cm, 120 cm. e 180 cm. e in una finitura metallica in oro rosa, ottone, antracite e grigio spazio.","breadcrumb":{"@id":"https:\/\/newgarden.es\/it\/shop\/lightdeco-it\/lampade-da-terra\/lampada-da-terra-lola-slim-180-interni\/#breadcrumb"},"inLanguage":"it-IT","potentialAction":[{"@type":"ReadAction","target":["https:\/\/newgarden.es\/it\/shop\/lightdeco-it\/lampade-da-terra\/lampada-da-terra-lola-slim-180-interni\/"]}]},{"@type":"ImageObject","inLanguage":"it-IT","@id":"https:\/\/newgarden.es\/it\/shop\/lightdeco-it\/lampade-da-terra\/lampada-da-terra-lola-slim-180-interni\/#primaryimage","url":"https:\/\/newgarden.es\/wp-content\/uploads\/2021\/09\/LOLA_SLIM_180_BATTERY_1200X1200-4.jpg","contentUrl":"https:\/\/newgarden.es\/wp-content\/uploads\/2021\/09\/LOLA_SLIM_180_BATTERY_1200X1200-4.jpg","width":1200,"height":1200},{"@type":"BreadcrumbList","@id":"https:\/\/newgarden.es\/it\/shop\/lightdeco-it\/lampade-da-terra\/lampada-da-terra-lola-slim-180-interni\/#breadcrumb","itemListElement":[{"@type":"ListItem","position":1,"name":"Home","item":"https:\/\/newgarden.es\/it\/"},{"@type":"ListItem","position":2,"name":"Collezione","item":"https:\/\/newgarden.es\/it\/negozio\/"},{"@type":"ListItem","position":3,"name":"LAMPADA DA TERRA LOLA SLIM 180 | INTERNI"}]},{"@type":"WebSite","@id":"https:\/\/newgarden.es\/#website","url":"https:\/\/newgarden.es\/","name":"Newgarden","description":"Be happy","potentialAction":[{"@type":"SearchAction","target":{"@type":"EntryPoint","urlTemplate":"https:\/\/newgarden.es\/?s={search_term_string}"},"query-input":{"@type":"PropertyValueSpecification","valueRequired":true,"valueName":"search_term_string"}}],"inLanguage":"it-IT"}]}},"df_price":208.4,"df_sale_price":"","df_regular_price":208.4,"df_image_link":"https:\/\/newgarden.es\/wp-content\/uploads\/2021\/09\/LOLA_SLIM_180_BATTERY_1200X1200-4-580x400.jpg","_links":{"self":[{"href":"https:\/\/newgarden.es\/it\/wp-json\/wp\/v2\/product\/36712"}],"collection":[{"href":"https:\/\/newgarden.es\/it\/wp-json\/wp\/v2\/product"}],"about":[{"href":"https:\/\/newgarden.es\/it\/wp-json\/wp\/v2\/types\/product"}],"wp:featuredmedia":[{"embeddable":true,"href":"https:\/\/newgarden.es\/it\/wp-json\/wp\/v2\/media\/59801"}],"wp:attachment":[{"href":"https:\/\/newgarden.es\/it\/wp-json\/wp\/v2\/media?parent=36712"}],"wp:term":[{"taxonomy":"product_cat","embeddable":true,"href":"https:\/\/newgarden.es\/it\/wp-json\/wp\/v2\/product_cat?post=36712"},{"taxonomy":"product_tag","embeddable":true,"href":"https:\/\/newgarden.es\/it\/wp-json\/wp\/v2\/product_tag?post=36712"}],"curies":[{"name":"wp","href":"https:\/\/api.w.org\/{rel}","templated":true}]}}