{"id":36784,"date":"2020-10-08T08:41:26","date_gmt":"2020-10-08T06:41:26","guid":{"rendered":"https:\/\/newgarden.es\/shop\/senza%20categoria\/ghirlanda-pallina\/"},"modified":"2024-05-29T10:20:52","modified_gmt":"2024-05-29T08:20:52","slug":"ghirlanda-pallina","status":"publish","type":"product","link":"https:\/\/newgarden.es\/it\/shop\/lightdeco-it\/natale\/ghirlanda-pallina\/","title":{"rendered":"GHIRLANDA DECORATIVA PALLINA"},"content":{"rendered":"<section class=\"wpb-content-wrapper\"><p>[vc_row][vc_column][vc_column_text]<strong>GHIRLANDA PALLINA<\/strong><\/p>\n<p>La ghirlanda Pallina non vi lascer\u00e0 indifferenti. Realizzata con cura in tessuto intrecciato con effetto juta e tappetini antiurto, la ghirlanda Pallina diventer\u00e0 un must della vostra casa, non solo a Natale, ma tutto l&#8217;anno. Senza installazione e adattabile a tutti i tipi di ambienti, si pu\u00f2 usare sia all&#8217;interno che all&#8217;esterno. IP44. 10 lampadine LED integrate.<br \/>\n[\/vc_column_text][\/vc_column][\/vc_row][vc_row][vc_column width=&#8221;1\/2&#8243;][vc_btn title=&#8221;SCHEDA TECNICA&#8221; style=&#8221;custom&#8221; custom_background=&#8221;#009bc2&#8243; custom_text=&#8221;#ffffff&#8221; link=&#8221;url:https%3A%2F%2Fbit.ly%2F3tPdLGK|&#8221;][\/vc_column][vc_column width=&#8221;1\/2&#8243;][vc_btn title=&#8221;MANUALE DI ISTRUZIONI&#8221; style=&#8221;custom&#8221; custom_background=&#8221;#009bc2&#8243; custom_text=&#8221;#ffffff&#8221; link=&#8221;url:https%3A%2F%2Fbit.ly%2F39DLYBY|&#8221;][\/vc_column][\/vc_row]<\/p>\n<\/section>","protected":false},"excerpt":{"rendered":"<p>Ghirlanda decorativa Pallina.<\/p>\n","protected":false},"featured_media":58348,"template":"","meta":[],"product_cat":[974,1577,1227,993],"product_tag":[],"class_list":{"0":"post-36784","1":"product","2":"type-product","3":"status-publish","4":"has-post-thumbnail","6":"product_cat-lightdeco-it","7":"product_cat-ghirlande","8":"product_cat-interni-it","9":"product_cat-natale","11":"first","12":"instock","13":"taxable","14":"shipping-taxable","15":"purchasable","16":"product-type-variable"},"yoast_head":"<!-- This site is optimized with the Yoast SEO plugin v24.2 - https:\/\/yoast.com\/wordpress\/plugins\/seo\/ -->\n<title>Ghirlanda PALLINA Newgarden, con 10 lampadine incluse<\/title>\n<meta name=\"description\" content=\"La ghirlanda PALLINA \u00e8 una delle novit\u00e0 NEWGARDEN. Realizzato in tessuto intrecciato con effetto juta, sar\u00e0 un must-have per la vostra casa.\" \/>\n<meta name=\"robots\" content=\"index, follow, max-snippet:-1, max-image-preview:large, max-video-preview:-1\" \/>\n<link rel=\"canonical\" href=\"https:\/\/newgarden.es\/it\/shop\/lightdeco-it\/natale\/ghirlanda-pallina\/\" \/>\n<meta property=\"og:locale\" content=\"it_IT\" \/>\n<meta property=\"og:type\" content=\"article\" \/>\n<meta property=\"og:title\" content=\"Ghirlanda PALLINA Newgarden, con 10 lampadine incluse\" \/>\n<meta property=\"og:description\" content=\"La ghirlanda PALLINA \u00e8 una delle novit\u00e0 NEWGARDEN. Realizzato in tessuto intrecciato con effetto juta, sar\u00e0 un must-have per la vostra casa.\" \/>\n<meta property=\"og:url\" content=\"https:\/\/newgarden.es\/it\/shop\/lightdeco-it\/natale\/ghirlanda-pallina\/\" \/>\n<meta property=\"og:site_name\" content=\"Newgarden\" \/>\n<meta property=\"article:modified_time\" content=\"2024-05-29T08:20:52+00:00\" \/>\n<meta property=\"og:image\" content=\"https:\/\/newgarden.es\/wp-content\/uploads\/2020\/10\/PALLINA_1200X1200-2.jpg\" \/>\n\t<meta property=\"og:image:width\" content=\"1200\" \/>\n\t<meta property=\"og:image:height\" content=\"1200\" \/>\n\t<meta property=\"og:image:type\" content=\"image\/jpeg\" \/>\n<meta name=\"twitter:card\" content=\"summary_large_image\" \/>\n<meta name=\"twitter:label1\" content=\"Tempo di lettura stimato\" \/>\n\t<meta name=\"twitter:data1\" content=\"1 minuto\" \/>\n<script type=\"application\/ld+json\" class=\"yoast-schema-graph\">{\"@context\":\"https:\/\/schema.org\",\"@graph\":[{\"@type\":\"WebPage\",\"@id\":\"https:\/\/newgarden.es\/it\/shop\/lightdeco-it\/natale\/ghirlanda-pallina\/\",\"url\":\"https:\/\/newgarden.es\/it\/shop\/lightdeco-it\/natale\/ghirlanda-pallina\/\",\"name\":\"Ghirlanda PALLINA Newgarden, con 10 lampadine incluse\",\"isPartOf\":{\"@id\":\"https:\/\/newgarden.es\/#website\"},\"primaryImageOfPage\":{\"@id\":\"https:\/\/newgarden.es\/it\/shop\/lightdeco-it\/natale\/ghirlanda-pallina\/#primaryimage\"},\"image\":{\"@id\":\"https:\/\/newgarden.es\/it\/shop\/lightdeco-it\/natale\/ghirlanda-pallina\/#primaryimage\"},\"thumbnailUrl\":\"https:\/\/newgarden.es\/wp-content\/uploads\/2020\/10\/PALLINA_1200X1200-2.jpg\",\"datePublished\":\"2020-10-08T06:41:26+00:00\",\"dateModified\":\"2024-05-29T08:20:52+00:00\",\"description\":\"La ghirlanda PALLINA \u00e8 una delle novit\u00e0 NEWGARDEN. Realizzato in tessuto intrecciato con effetto juta, sar\u00e0 un must-have per la vostra casa.\",\"breadcrumb\":{\"@id\":\"https:\/\/newgarden.es\/it\/shop\/lightdeco-it\/natale\/ghirlanda-pallina\/#breadcrumb\"},\"inLanguage\":\"it-IT\",\"potentialAction\":[{\"@type\":\"ReadAction\",\"target\":[\"https:\/\/newgarden.es\/it\/shop\/lightdeco-it\/natale\/ghirlanda-pallina\/\"]}]},{\"@type\":\"ImageObject\",\"inLanguage\":\"it-IT\",\"@id\":\"https:\/\/newgarden.es\/it\/shop\/lightdeco-it\/natale\/ghirlanda-pallina\/#primaryimage\",\"url\":\"https:\/\/newgarden.es\/wp-content\/uploads\/2020\/10\/PALLINA_1200X1200-2.jpg\",\"contentUrl\":\"https:\/\/newgarden.es\/wp-content\/uploads\/2020\/10\/PALLINA_1200X1200-2.jpg\",\"width\":1200,\"height\":1200},{\"@type\":\"BreadcrumbList\",\"@id\":\"https:\/\/newgarden.es\/it\/shop\/lightdeco-it\/natale\/ghirlanda-pallina\/#breadcrumb\",\"itemListElement\":[{\"@type\":\"ListItem\",\"position\":1,\"name\":\"Home\",\"item\":\"https:\/\/newgarden.es\/it\/\"},{\"@type\":\"ListItem\",\"position\":2,\"name\":\"Collezione\",\"item\":\"https:\/\/newgarden.es\/it\/negozio\/\"},{\"@type\":\"ListItem\",\"position\":3,\"name\":\"GHIRLANDA DECORATIVA PALLINA\"}]},{\"@type\":\"WebSite\",\"@id\":\"https:\/\/newgarden.es\/#website\",\"url\":\"https:\/\/newgarden.es\/\",\"name\":\"Newgarden\",\"description\":\"Be happy\",\"potentialAction\":[{\"@type\":\"SearchAction\",\"target\":{\"@type\":\"EntryPoint\",\"urlTemplate\":\"https:\/\/newgarden.es\/?s={search_term_string}\"},\"query-input\":{\"@type\":\"PropertyValueSpecification\",\"valueRequired\":true,\"valueName\":\"search_term_string\"}}],\"inLanguage\":\"it-IT\"}]}<\/script>\n<!-- \/ Yoast SEO plugin. -->","yoast_head_json":{"title":"Ghirlanda PALLINA Newgarden, con 10 lampadine incluse","description":"La ghirlanda PALLINA \u00e8 una delle novit\u00e0 NEWGARDEN. Realizzato in tessuto intrecciato con effetto juta, sar\u00e0 un must-have per la vostra casa.","robots":{"index":"index","follow":"follow","max-snippet":"max-snippet:-1","max-image-preview":"max-image-preview:large","max-video-preview":"max-video-preview:-1"},"canonical":"https:\/\/newgarden.es\/it\/shop\/lightdeco-it\/natale\/ghirlanda-pallina\/","og_locale":"it_IT","og_type":"article","og_title":"Ghirlanda PALLINA Newgarden, con 10 lampadine incluse","og_description":"La ghirlanda PALLINA \u00e8 una delle novit\u00e0 NEWGARDEN. Realizzato in tessuto intrecciato con effetto juta, sar\u00e0 un must-have per la vostra casa.","og_url":"https:\/\/newgarden.es\/it\/shop\/lightdeco-it\/natale\/ghirlanda-pallina\/","og_site_name":"Newgarden","article_modified_time":"2024-05-29T08:20:52+00:00","og_image":[{"width":1200,"height":1200,"url":"https:\/\/newgarden.es\/wp-content\/uploads\/2020\/10\/PALLINA_1200X1200-2.jpg","type":"image\/jpeg"}],"twitter_card":"summary_large_image","twitter_misc":{"Tempo di lettura stimato":"1 minuto"},"schema":{"@context":"https:\/\/schema.org","@graph":[{"@type":"WebPage","@id":"https:\/\/newgarden.es\/it\/shop\/lightdeco-it\/natale\/ghirlanda-pallina\/","url":"https:\/\/newgarden.es\/it\/shop\/lightdeco-it\/natale\/ghirlanda-pallina\/","name":"Ghirlanda PALLINA Newgarden, con 10 lampadine incluse","isPartOf":{"@id":"https:\/\/newgarden.es\/#website"},"primaryImageOfPage":{"@id":"https:\/\/newgarden.es\/it\/shop\/lightdeco-it\/natale\/ghirlanda-pallina\/#primaryimage"},"image":{"@id":"https:\/\/newgarden.es\/it\/shop\/lightdeco-it\/natale\/ghirlanda-pallina\/#primaryimage"},"thumbnailUrl":"https:\/\/newgarden.es\/wp-content\/uploads\/2020\/10\/PALLINA_1200X1200-2.jpg","datePublished":"2020-10-08T06:41:26+00:00","dateModified":"2024-05-29T08:20:52+00:00","description":"La ghirlanda PALLINA \u00e8 una delle novit\u00e0 NEWGARDEN. Realizzato in tessuto intrecciato con effetto juta, sar\u00e0 un must-have per la vostra casa.","breadcrumb":{"@id":"https:\/\/newgarden.es\/it\/shop\/lightdeco-it\/natale\/ghirlanda-pallina\/#breadcrumb"},"inLanguage":"it-IT","potentialAction":[{"@type":"ReadAction","target":["https:\/\/newgarden.es\/it\/shop\/lightdeco-it\/natale\/ghirlanda-pallina\/"]}]},{"@type":"ImageObject","inLanguage":"it-IT","@id":"https:\/\/newgarden.es\/it\/shop\/lightdeco-it\/natale\/ghirlanda-pallina\/#primaryimage","url":"https:\/\/newgarden.es\/wp-content\/uploads\/2020\/10\/PALLINA_1200X1200-2.jpg","contentUrl":"https:\/\/newgarden.es\/wp-content\/uploads\/2020\/10\/PALLINA_1200X1200-2.jpg","width":1200,"height":1200},{"@type":"BreadcrumbList","@id":"https:\/\/newgarden.es\/it\/shop\/lightdeco-it\/natale\/ghirlanda-pallina\/#breadcrumb","itemListElement":[{"@type":"ListItem","position":1,"name":"Home","item":"https:\/\/newgarden.es\/it\/"},{"@type":"ListItem","position":2,"name":"Collezione","item":"https:\/\/newgarden.es\/it\/negozio\/"},{"@type":"ListItem","position":3,"name":"GHIRLANDA DECORATIVA PALLINA"}]},{"@type":"WebSite","@id":"https:\/\/newgarden.es\/#website","url":"https:\/\/newgarden.es\/","name":"Newgarden","description":"Be happy","potentialAction":[{"@type":"SearchAction","target":{"@type":"EntryPoint","urlTemplate":"https:\/\/newgarden.es\/?s={search_term_string}"},"query-input":{"@type":"PropertyValueSpecification","valueRequired":true,"valueName":"search_term_string"}}],"inLanguage":"it-IT"}]}},"df_price":56.4,"df_sale_price":"","df_regular_price":56.4,"df_image_link":"https:\/\/newgarden.es\/wp-content\/uploads\/2020\/10\/PALLINA_1200X1200-2-580x400.jpg","_links":{"self":[{"href":"https:\/\/newgarden.es\/it\/wp-json\/wp\/v2\/product\/36784"}],"collection":[{"href":"https:\/\/newgarden.es\/it\/wp-json\/wp\/v2\/product"}],"about":[{"href":"https:\/\/newgarden.es\/it\/wp-json\/wp\/v2\/types\/product"}],"wp:featuredmedia":[{"embeddable":true,"href":"https:\/\/newgarden.es\/it\/wp-json\/wp\/v2\/media\/58348"}],"wp:attachment":[{"href":"https:\/\/newgarden.es\/it\/wp-json\/wp\/v2\/media?parent=36784"}],"wp:term":[{"taxonomy":"product_cat","embeddable":true,"href":"https:\/\/newgarden.es\/it\/wp-json\/wp\/v2\/product_cat?post=36784"},{"taxonomy":"product_tag","embeddable":true,"href":"https:\/\/newgarden.es\/it\/wp-json\/wp\/v2\/product_tag?post=36784"}],"curies":[{"name":"wp","href":"https:\/\/api.w.org\/{rel}","templated":true}]}}