{"id":37641,"date":"2021-09-24T09:58:48","date_gmt":"2021-09-24T07:58:52","guid":{"rendered":"https:\/\/newgarden.es\/?post_type=product&#038;p=37641"},"modified":"2021-11-16T15:07:44","modified_gmt":"2021-11-16T14:07:44","slug":"x3-ghirlanda-di-luci-stella-copia","status":"publish","type":"product","link":"https:\/\/newgarden.es\/it\/shop\/lightdeco-it\/natale\/x3-ghirlanda-di-luci-stella-copia\/","title":{"rendered":"Ghirlanda tenda LUCEO 3&#215;2"},"content":{"rendered":"<section class=\"wpb-content-wrapper\"><p>[vc_row][vc_column][vc_column_text]La ghirlanda Luceo 3&#215;2 vi lascer\u00e0 indifferenti. La grande ghirlanda \u00e8 lunga 300 cm e alta 200 cm, il che la rende una delle pi\u00f9 grandi ghirlande del suo genere. Luceo diventer\u00e0 un must nella vostra casa, non solo a Natale, ma tutto l&#8217;anno. Senza installazione e adattabile a tutti i tipi di ambienti, si pu\u00f2 usare sia all&#8217;interno che all&#8217;esterno. IP44. 400 lampadine a LED integrate.<\/p>\n<p><a href=\"https:\/\/drive.google.com\/drive\/folders\/1C45aKvLjNCDbymTdwnffCywyOR5CnOHi?usp=sharing\"><strong>SCHEDA TECNICA<\/strong><\/a>[\/vc_column_text][\/vc_column][\/vc_row]<\/p>\n<\/section>","protected":false},"excerpt":{"rendered":"<h1 style=\"font-size: 12px;\">Ghirlanda tenda LUCEO 3&#215;2<\/h1>\n","protected":false},"featured_media":58062,"template":"","meta":[],"product_cat":[974,1577,993],"product_tag":[],"class_list":{"0":"post-37641","1":"product","2":"type-product","3":"status-publish","4":"has-post-thumbnail","6":"product_cat-lightdeco-it","7":"product_cat-ghirlande","8":"product_cat-natale","10":"first","11":"instock","12":"taxable","13":"shipping-taxable","14":"purchasable","15":"product-type-variable"},"yoast_head":"<!-- This site is optimized with the Yoast SEO plugin v24.2 - https:\/\/yoast.com\/wordpress\/plugins\/seo\/ -->\n<title>Ghirlanda tenda LUCEO 3x2<\/title>\n<meta name=\"description\" content=\"La ghirlanda Luceo 3x2 vi lascer\u00e0 indifferenti. La grande ghirlanda \u00e8 lunga 300 cm e alta 200 cm, il che la rende una delle pi\u00f9 grandi ghirlande del suo genere. Luceo diventer\u00e0 un must nella vostra casa, non solo a Natale, ma tutto l&#039;anno. Senza installazione e adattabile a tutti i tipi di ambienti, si pu\u00f2 usare sia all&#039;interno che all&#039;esterno. IP44. 400 lampadine a LED integrate.\" \/>\n<meta name=\"robots\" content=\"index, follow, max-snippet:-1, max-image-preview:large, max-video-preview:-1\" \/>\n<link rel=\"canonical\" href=\"https:\/\/newgarden.es\/it\/shop\/lightdeco-it\/natale\/x3-ghirlanda-di-luci-stella-copia\/\" \/>\n<meta property=\"og:locale\" content=\"it_IT\" \/>\n<meta property=\"og:type\" content=\"article\" \/>\n<meta property=\"og:title\" content=\"Ghirlanda tenda LUCEO 3x2\" \/>\n<meta property=\"og:description\" content=\"La ghirlanda Luceo 3x2 vi lascer\u00e0 indifferenti. La grande ghirlanda \u00e8 lunga 300 cm e alta 200 cm, il che la rende una delle pi\u00f9 grandi ghirlande del suo genere. Luceo diventer\u00e0 un must nella vostra casa, non solo a Natale, ma tutto l&#039;anno. Senza installazione e adattabile a tutti i tipi di ambienti, si pu\u00f2 usare sia all&#039;interno che all&#039;esterno. IP44. 400 lampadine a LED integrate.\" \/>\n<meta property=\"og:url\" content=\"https:\/\/newgarden.es\/it\/shop\/lightdeco-it\/natale\/x3-ghirlanda-di-luci-stella-copia\/\" \/>\n<meta property=\"og:site_name\" content=\"Newgarden\" \/>\n<meta property=\"article:modified_time\" content=\"2021-11-16T14:07:44+00:00\" \/>\n<meta property=\"og:image\" content=\"https:\/\/newgarden.es\/wp-content\/uploads\/2021\/09\/LUCEO_1200X1200-2.jpg\" \/>\n\t<meta property=\"og:image:width\" content=\"1200\" \/>\n\t<meta property=\"og:image:height\" content=\"1200\" \/>\n\t<meta property=\"og:image:type\" content=\"image\/jpeg\" \/>\n<meta name=\"twitter:card\" content=\"summary_large_image\" \/>\n<script type=\"application\/ld+json\" class=\"yoast-schema-graph\">{\"@context\":\"https:\/\/schema.org\",\"@graph\":[{\"@type\":\"WebPage\",\"@id\":\"https:\/\/newgarden.es\/it\/shop\/lightdeco-it\/natale\/x3-ghirlanda-di-luci-stella-copia\/\",\"url\":\"https:\/\/newgarden.es\/it\/shop\/lightdeco-it\/natale\/x3-ghirlanda-di-luci-stella-copia\/\",\"name\":\"Ghirlanda tenda LUCEO 3x2\",\"isPartOf\":{\"@id\":\"https:\/\/newgarden.es\/#website\"},\"primaryImageOfPage\":{\"@id\":\"https:\/\/newgarden.es\/it\/shop\/lightdeco-it\/natale\/x3-ghirlanda-di-luci-stella-copia\/#primaryimage\"},\"image\":{\"@id\":\"https:\/\/newgarden.es\/it\/shop\/lightdeco-it\/natale\/x3-ghirlanda-di-luci-stella-copia\/#primaryimage\"},\"thumbnailUrl\":\"https:\/\/newgarden.es\/wp-content\/uploads\/2021\/09\/LUCEO_1200X1200-2.jpg\",\"datePublished\":\"2021-09-24T07:58:52+00:00\",\"dateModified\":\"2021-11-16T14:07:44+00:00\",\"description\":\"La ghirlanda Luceo 3x2 vi lascer\u00e0 indifferenti. La grande ghirlanda \u00e8 lunga 300 cm e alta 200 cm, il che la rende una delle pi\u00f9 grandi ghirlande del suo genere. Luceo diventer\u00e0 un must nella vostra casa, non solo a Natale, ma tutto l'anno. Senza installazione e adattabile a tutti i tipi di ambienti, si pu\u00f2 usare sia all'interno che all'esterno. IP44. 400 lampadine a LED integrate.\",\"breadcrumb\":{\"@id\":\"https:\/\/newgarden.es\/it\/shop\/lightdeco-it\/natale\/x3-ghirlanda-di-luci-stella-copia\/#breadcrumb\"},\"inLanguage\":\"it-IT\",\"potentialAction\":[{\"@type\":\"ReadAction\",\"target\":[\"https:\/\/newgarden.es\/it\/shop\/lightdeco-it\/natale\/x3-ghirlanda-di-luci-stella-copia\/\"]}]},{\"@type\":\"ImageObject\",\"inLanguage\":\"it-IT\",\"@id\":\"https:\/\/newgarden.es\/it\/shop\/lightdeco-it\/natale\/x3-ghirlanda-di-luci-stella-copia\/#primaryimage\",\"url\":\"https:\/\/newgarden.es\/wp-content\/uploads\/2021\/09\/LUCEO_1200X1200-2.jpg\",\"contentUrl\":\"https:\/\/newgarden.es\/wp-content\/uploads\/2021\/09\/LUCEO_1200X1200-2.jpg\",\"width\":1200,\"height\":1200},{\"@type\":\"BreadcrumbList\",\"@id\":\"https:\/\/newgarden.es\/it\/shop\/lightdeco-it\/natale\/x3-ghirlanda-di-luci-stella-copia\/#breadcrumb\",\"itemListElement\":[{\"@type\":\"ListItem\",\"position\":1,\"name\":\"Home\",\"item\":\"https:\/\/newgarden.es\/it\/\"},{\"@type\":\"ListItem\",\"position\":2,\"name\":\"Collezione\",\"item\":\"https:\/\/newgarden.es\/it\/negozio\/\"},{\"@type\":\"ListItem\",\"position\":3,\"name\":\"Ghirlanda tenda LUCEO 3&#215;2\"}]},{\"@type\":\"WebSite\",\"@id\":\"https:\/\/newgarden.es\/#website\",\"url\":\"https:\/\/newgarden.es\/\",\"name\":\"Newgarden\",\"description\":\"Be happy\",\"potentialAction\":[{\"@type\":\"SearchAction\",\"target\":{\"@type\":\"EntryPoint\",\"urlTemplate\":\"https:\/\/newgarden.es\/?s={search_term_string}\"},\"query-input\":{\"@type\":\"PropertyValueSpecification\",\"valueRequired\":true,\"valueName\":\"search_term_string\"}}],\"inLanguage\":\"it-IT\"}]}<\/script>\n<!-- \/ Yoast SEO plugin. -->","yoast_head_json":{"title":"Ghirlanda tenda LUCEO 3x2","description":"La ghirlanda Luceo 3x2 vi lascer\u00e0 indifferenti. La grande ghirlanda \u00e8 lunga 300 cm e alta 200 cm, il che la rende una delle pi\u00f9 grandi ghirlande del suo genere. Luceo diventer\u00e0 un must nella vostra casa, non solo a Natale, ma tutto l'anno. Senza installazione e adattabile a tutti i tipi di ambienti, si pu\u00f2 usare sia all'interno che all'esterno. IP44. 400 lampadine a LED integrate.","robots":{"index":"index","follow":"follow","max-snippet":"max-snippet:-1","max-image-preview":"max-image-preview:large","max-video-preview":"max-video-preview:-1"},"canonical":"https:\/\/newgarden.es\/it\/shop\/lightdeco-it\/natale\/x3-ghirlanda-di-luci-stella-copia\/","og_locale":"it_IT","og_type":"article","og_title":"Ghirlanda tenda LUCEO 3x2","og_description":"La ghirlanda Luceo 3x2 vi lascer\u00e0 indifferenti. La grande ghirlanda \u00e8 lunga 300 cm e alta 200 cm, il che la rende una delle pi\u00f9 grandi ghirlande del suo genere. Luceo diventer\u00e0 un must nella vostra casa, non solo a Natale, ma tutto l'anno. Senza installazione e adattabile a tutti i tipi di ambienti, si pu\u00f2 usare sia all'interno che all'esterno. IP44. 400 lampadine a LED integrate.","og_url":"https:\/\/newgarden.es\/it\/shop\/lightdeco-it\/natale\/x3-ghirlanda-di-luci-stella-copia\/","og_site_name":"Newgarden","article_modified_time":"2021-11-16T14:07:44+00:00","og_image":[{"width":1200,"height":1200,"url":"https:\/\/newgarden.es\/wp-content\/uploads\/2021\/09\/LUCEO_1200X1200-2.jpg","type":"image\/jpeg"}],"twitter_card":"summary_large_image","schema":{"@context":"https:\/\/schema.org","@graph":[{"@type":"WebPage","@id":"https:\/\/newgarden.es\/it\/shop\/lightdeco-it\/natale\/x3-ghirlanda-di-luci-stella-copia\/","url":"https:\/\/newgarden.es\/it\/shop\/lightdeco-it\/natale\/x3-ghirlanda-di-luci-stella-copia\/","name":"Ghirlanda tenda LUCEO 3x2","isPartOf":{"@id":"https:\/\/newgarden.es\/#website"},"primaryImageOfPage":{"@id":"https:\/\/newgarden.es\/it\/shop\/lightdeco-it\/natale\/x3-ghirlanda-di-luci-stella-copia\/#primaryimage"},"image":{"@id":"https:\/\/newgarden.es\/it\/shop\/lightdeco-it\/natale\/x3-ghirlanda-di-luci-stella-copia\/#primaryimage"},"thumbnailUrl":"https:\/\/newgarden.es\/wp-content\/uploads\/2021\/09\/LUCEO_1200X1200-2.jpg","datePublished":"2021-09-24T07:58:52+00:00","dateModified":"2021-11-16T14:07:44+00:00","description":"La ghirlanda Luceo 3x2 vi lascer\u00e0 indifferenti. La grande ghirlanda \u00e8 lunga 300 cm e alta 200 cm, il che la rende una delle pi\u00f9 grandi ghirlande del suo genere. Luceo diventer\u00e0 un must nella vostra casa, non solo a Natale, ma tutto l'anno. Senza installazione e adattabile a tutti i tipi di ambienti, si pu\u00f2 usare sia all'interno che all'esterno. IP44. 400 lampadine a LED integrate.","breadcrumb":{"@id":"https:\/\/newgarden.es\/it\/shop\/lightdeco-it\/natale\/x3-ghirlanda-di-luci-stella-copia\/#breadcrumb"},"inLanguage":"it-IT","potentialAction":[{"@type":"ReadAction","target":["https:\/\/newgarden.es\/it\/shop\/lightdeco-it\/natale\/x3-ghirlanda-di-luci-stella-copia\/"]}]},{"@type":"ImageObject","inLanguage":"it-IT","@id":"https:\/\/newgarden.es\/it\/shop\/lightdeco-it\/natale\/x3-ghirlanda-di-luci-stella-copia\/#primaryimage","url":"https:\/\/newgarden.es\/wp-content\/uploads\/2021\/09\/LUCEO_1200X1200-2.jpg","contentUrl":"https:\/\/newgarden.es\/wp-content\/uploads\/2021\/09\/LUCEO_1200X1200-2.jpg","width":1200,"height":1200},{"@type":"BreadcrumbList","@id":"https:\/\/newgarden.es\/it\/shop\/lightdeco-it\/natale\/x3-ghirlanda-di-luci-stella-copia\/#breadcrumb","itemListElement":[{"@type":"ListItem","position":1,"name":"Home","item":"https:\/\/newgarden.es\/it\/"},{"@type":"ListItem","position":2,"name":"Collezione","item":"https:\/\/newgarden.es\/it\/negozio\/"},{"@type":"ListItem","position":3,"name":"Ghirlanda tenda LUCEO 3&#215;2"}]},{"@type":"WebSite","@id":"https:\/\/newgarden.es\/#website","url":"https:\/\/newgarden.es\/","name":"Newgarden","description":"Be happy","potentialAction":[{"@type":"SearchAction","target":{"@type":"EntryPoint","urlTemplate":"https:\/\/newgarden.es\/?s={search_term_string}"},"query-input":{"@type":"PropertyValueSpecification","valueRequired":true,"valueName":"search_term_string"}}],"inLanguage":"it-IT"}]}},"df_price":41.7,"df_sale_price":"","df_regular_price":41.7,"df_image_link":"https:\/\/newgarden.es\/wp-content\/uploads\/2021\/09\/LUCEO_1200X1200-2-580x400.jpg","_links":{"self":[{"href":"https:\/\/newgarden.es\/it\/wp-json\/wp\/v2\/product\/37641"}],"collection":[{"href":"https:\/\/newgarden.es\/it\/wp-json\/wp\/v2\/product"}],"about":[{"href":"https:\/\/newgarden.es\/it\/wp-json\/wp\/v2\/types\/product"}],"wp:featuredmedia":[{"embeddable":true,"href":"https:\/\/newgarden.es\/it\/wp-json\/wp\/v2\/media\/58062"}],"wp:attachment":[{"href":"https:\/\/newgarden.es\/it\/wp-json\/wp\/v2\/media?parent=37641"}],"wp:term":[{"taxonomy":"product_cat","embeddable":true,"href":"https:\/\/newgarden.es\/it\/wp-json\/wp\/v2\/product_cat?post=37641"},{"taxonomy":"product_tag","embeddable":true,"href":"https:\/\/newgarden.es\/it\/wp-json\/wp\/v2\/product_tag?post=37641"}],"curies":[{"name":"wp","href":"https:\/\/api.w.org\/{rel}","templated":true}]}}