{"id":37742,"date":"2021-09-27T10:20:33","date_gmt":"2021-09-27T08:20:37","guid":{"rendered":"https:\/\/newgarden.es\/?post_type=product&#038;p=37742"},"modified":"2021-09-27T11:29:49","modified_gmt":"2021-09-27T09:29:49","slug":"lampada-a-sospensione-amalfi-80-hang-interni","status":"publish","type":"product","link":"https:\/\/newgarden.es\/it\/shop\/lightdeco-it\/interni-it\/lampada-a-sospensione-amalfi-80-hang-interni\/","title":{"rendered":"LAMPADA A SOSPENSIONE AMALFI 80 HANG | INTERNI"},"content":{"rendered":"<section class=\"wpb-content-wrapper\"><p>[vc_row][vc_column][vc_column_text]<\/p>\n<p>[\/vc_column_text][\/vc_column][\/vc_row][vc_row][vc_column el_class=&#8221;descripcion_producto&#8221;][vc_column_text]<\/p>\n<p>La lampada a sospensione Amalfi si distingue per il suo ispirato design mediterraneo. Il paralume \u00e8 fatto a mano con fibre naturali e viene fornito con un cavo nero di 180 cm in modo da poter regolare l&#8217;altezza a proprio piacimento. Installazione richiesta.<\/p>\n<p>LAMPADINA E27 NON INCLUSA.<\/p>\n<p>[\/vc_column_text][\/vc_column][\/vc_row][vc_row disable_element=&#8221;yes&#8221;][vc_column][vc_single_image image=&#8221;6566&#8243; img_size=&#8221;full&#8221;][\/vc_column][\/vc_row]<\/p>\n<\/section>","protected":false},"excerpt":{"rendered":"<h5 class=\"product_title entry-title\">LAMPADA A SOSPENSIONE AMALFI 80 HANG | INTERNI<\/h5>\n<div class=\"flex eficiencia_flex\">\n<div><\/div>\n<\/div>\n","protected":false},"featured_media":58909,"template":"","meta":[],"product_cat":[974,1573,1227],"product_tag":[955],"class_list":{"0":"post-37742","1":"product","2":"type-product","3":"status-publish","4":"has-post-thumbnail","6":"product_cat-lightdeco-it","7":"product_cat-plafoniere-con-cavo","8":"product_cat-interni-it","9":"product_tag-cavo","11":"first","12":"instock","13":"taxable","14":"shipping-taxable","15":"purchasable","16":"product-type-variable"},"yoast_head":"<!-- This site is optimized with the Yoast SEO plugin v24.2 - https:\/\/yoast.com\/wordpress\/plugins\/seo\/ -->\n<title>LAMPADA A SOSPENSIONE AMALFI 80 HANG | INTERNI - Newgarden<\/title>\n<meta name=\"description\" content=\"La Lampada a suspicione Sisine Hang \u00e8 una delle novit\u00e0 di NEWGARDEN. \u00c8 perfetto per eventi e feste, poich\u00e9 non necessita di installazione, \u00e8 ideale sia per uso interno in casa che per qualsiasi angolo esterno, giardino, terrazza o attivit\u00e0 commerciale.\" \/>\n<meta name=\"robots\" content=\"index, follow, max-snippet:-1, max-image-preview:large, max-video-preview:-1\" \/>\n<link rel=\"canonical\" href=\"https:\/\/newgarden.es\/it\/shop\/lightdeco-it\/interni-it\/lampada-a-sospensione-amalfi-80-hang-interni\/\" \/>\n<meta property=\"og:locale\" content=\"it_IT\" \/>\n<meta property=\"og:type\" content=\"article\" \/>\n<meta property=\"og:title\" content=\"LAMPADA A SOSPENSIONE AMALFI 80 HANG | INTERNI - Newgarden\" \/>\n<meta property=\"og:description\" content=\"La Lampada a suspicione Sisine Hang \u00e8 una delle novit\u00e0 di NEWGARDEN. \u00c8 perfetto per eventi e feste, poich\u00e9 non necessita di installazione, \u00e8 ideale sia per uso interno in casa che per qualsiasi angolo esterno, giardino, terrazza o attivit\u00e0 commerciale.\" \/>\n<meta property=\"og:url\" content=\"https:\/\/newgarden.es\/it\/shop\/lightdeco-it\/interni-it\/lampada-a-sospensione-amalfi-80-hang-interni\/\" \/>\n<meta property=\"og:site_name\" content=\"Newgarden\" \/>\n<meta property=\"article:modified_time\" content=\"2021-09-27T09:29:49+00:00\" \/>\n<meta property=\"og:image\" content=\"https:\/\/newgarden.es\/wp-content\/uploads\/2021\/09\/AMALFI_80_1200X1200-2-1.jpg\" \/>\n\t<meta property=\"og:image:width\" content=\"1200\" \/>\n\t<meta property=\"og:image:height\" content=\"1200\" \/>\n\t<meta property=\"og:image:type\" content=\"image\/jpeg\" \/>\n<meta name=\"twitter:card\" content=\"summary_large_image\" \/>\n<script type=\"application\/ld+json\" class=\"yoast-schema-graph\">{\"@context\":\"https:\/\/schema.org\",\"@graph\":[{\"@type\":\"WebPage\",\"@id\":\"https:\/\/newgarden.es\/it\/shop\/lightdeco-it\/interni-it\/lampada-a-sospensione-amalfi-80-hang-interni\/\",\"url\":\"https:\/\/newgarden.es\/it\/shop\/lightdeco-it\/interni-it\/lampada-a-sospensione-amalfi-80-hang-interni\/\",\"name\":\"LAMPADA A SOSPENSIONE AMALFI 80 HANG | INTERNI - Newgarden\",\"isPartOf\":{\"@id\":\"https:\/\/newgarden.es\/#website\"},\"primaryImageOfPage\":{\"@id\":\"https:\/\/newgarden.es\/it\/shop\/lightdeco-it\/interni-it\/lampada-a-sospensione-amalfi-80-hang-interni\/#primaryimage\"},\"image\":{\"@id\":\"https:\/\/newgarden.es\/it\/shop\/lightdeco-it\/interni-it\/lampada-a-sospensione-amalfi-80-hang-interni\/#primaryimage\"},\"thumbnailUrl\":\"https:\/\/newgarden.es\/wp-content\/uploads\/2021\/09\/AMALFI_80_1200X1200-2-1.jpg\",\"datePublished\":\"2021-09-27T08:20:37+00:00\",\"dateModified\":\"2021-09-27T09:29:49+00:00\",\"description\":\"La Lampada a suspicione Sisine Hang \u00e8 una delle novit\u00e0 di NEWGARDEN. \u00c8 perfetto per eventi e feste, poich\u00e9 non necessita di installazione, \u00e8 ideale sia per uso interno in casa che per qualsiasi angolo esterno, giardino, terrazza o attivit\u00e0 commerciale.\",\"breadcrumb\":{\"@id\":\"https:\/\/newgarden.es\/it\/shop\/lightdeco-it\/interni-it\/lampada-a-sospensione-amalfi-80-hang-interni\/#breadcrumb\"},\"inLanguage\":\"it-IT\",\"potentialAction\":[{\"@type\":\"ReadAction\",\"target\":[\"https:\/\/newgarden.es\/it\/shop\/lightdeco-it\/interni-it\/lampada-a-sospensione-amalfi-80-hang-interni\/\"]}]},{\"@type\":\"ImageObject\",\"inLanguage\":\"it-IT\",\"@id\":\"https:\/\/newgarden.es\/it\/shop\/lightdeco-it\/interni-it\/lampada-a-sospensione-amalfi-80-hang-interni\/#primaryimage\",\"url\":\"https:\/\/newgarden.es\/wp-content\/uploads\/2021\/09\/AMALFI_80_1200X1200-2-1.jpg\",\"contentUrl\":\"https:\/\/newgarden.es\/wp-content\/uploads\/2021\/09\/AMALFI_80_1200X1200-2-1.jpg\",\"width\":1200,\"height\":1200},{\"@type\":\"BreadcrumbList\",\"@id\":\"https:\/\/newgarden.es\/it\/shop\/lightdeco-it\/interni-it\/lampada-a-sospensione-amalfi-80-hang-interni\/#breadcrumb\",\"itemListElement\":[{\"@type\":\"ListItem\",\"position\":1,\"name\":\"Home\",\"item\":\"https:\/\/newgarden.es\/it\/\"},{\"@type\":\"ListItem\",\"position\":2,\"name\":\"Collezione\",\"item\":\"https:\/\/newgarden.es\/it\/negozio\/\"},{\"@type\":\"ListItem\",\"position\":3,\"name\":\"LAMPADA A SOSPENSIONE AMALFI 80 HANG | INTERNI\"}]},{\"@type\":\"WebSite\",\"@id\":\"https:\/\/newgarden.es\/#website\",\"url\":\"https:\/\/newgarden.es\/\",\"name\":\"Newgarden\",\"description\":\"Be happy\",\"potentialAction\":[{\"@type\":\"SearchAction\",\"target\":{\"@type\":\"EntryPoint\",\"urlTemplate\":\"https:\/\/newgarden.es\/?s={search_term_string}\"},\"query-input\":{\"@type\":\"PropertyValueSpecification\",\"valueRequired\":true,\"valueName\":\"search_term_string\"}}],\"inLanguage\":\"it-IT\"}]}<\/script>\n<!-- \/ Yoast SEO plugin. -->","yoast_head_json":{"title":"LAMPADA A SOSPENSIONE AMALFI 80 HANG | INTERNI - Newgarden","description":"La Lampada a suspicione Sisine Hang \u00e8 una delle novit\u00e0 di NEWGARDEN. \u00c8 perfetto per eventi e feste, poich\u00e9 non necessita di installazione, \u00e8 ideale sia per uso interno in casa che per qualsiasi angolo esterno, giardino, terrazza o attivit\u00e0 commerciale.","robots":{"index":"index","follow":"follow","max-snippet":"max-snippet:-1","max-image-preview":"max-image-preview:large","max-video-preview":"max-video-preview:-1"},"canonical":"https:\/\/newgarden.es\/it\/shop\/lightdeco-it\/interni-it\/lampada-a-sospensione-amalfi-80-hang-interni\/","og_locale":"it_IT","og_type":"article","og_title":"LAMPADA A SOSPENSIONE AMALFI 80 HANG | INTERNI - Newgarden","og_description":"La Lampada a suspicione Sisine Hang \u00e8 una delle novit\u00e0 di NEWGARDEN. \u00c8 perfetto per eventi e feste, poich\u00e9 non necessita di installazione, \u00e8 ideale sia per uso interno in casa che per qualsiasi angolo esterno, giardino, terrazza o attivit\u00e0 commerciale.","og_url":"https:\/\/newgarden.es\/it\/shop\/lightdeco-it\/interni-it\/lampada-a-sospensione-amalfi-80-hang-interni\/","og_site_name":"Newgarden","article_modified_time":"2021-09-27T09:29:49+00:00","og_image":[{"width":1200,"height":1200,"url":"https:\/\/newgarden.es\/wp-content\/uploads\/2021\/09\/AMALFI_80_1200X1200-2-1.jpg","type":"image\/jpeg"}],"twitter_card":"summary_large_image","schema":{"@context":"https:\/\/schema.org","@graph":[{"@type":"WebPage","@id":"https:\/\/newgarden.es\/it\/shop\/lightdeco-it\/interni-it\/lampada-a-sospensione-amalfi-80-hang-interni\/","url":"https:\/\/newgarden.es\/it\/shop\/lightdeco-it\/interni-it\/lampada-a-sospensione-amalfi-80-hang-interni\/","name":"LAMPADA A SOSPENSIONE AMALFI 80 HANG | INTERNI - Newgarden","isPartOf":{"@id":"https:\/\/newgarden.es\/#website"},"primaryImageOfPage":{"@id":"https:\/\/newgarden.es\/it\/shop\/lightdeco-it\/interni-it\/lampada-a-sospensione-amalfi-80-hang-interni\/#primaryimage"},"image":{"@id":"https:\/\/newgarden.es\/it\/shop\/lightdeco-it\/interni-it\/lampada-a-sospensione-amalfi-80-hang-interni\/#primaryimage"},"thumbnailUrl":"https:\/\/newgarden.es\/wp-content\/uploads\/2021\/09\/AMALFI_80_1200X1200-2-1.jpg","datePublished":"2021-09-27T08:20:37+00:00","dateModified":"2021-09-27T09:29:49+00:00","description":"La Lampada a suspicione Sisine Hang \u00e8 una delle novit\u00e0 di NEWGARDEN. \u00c8 perfetto per eventi e feste, poich\u00e9 non necessita di installazione, \u00e8 ideale sia per uso interno in casa che per qualsiasi angolo esterno, giardino, terrazza o attivit\u00e0 commerciale.","breadcrumb":{"@id":"https:\/\/newgarden.es\/it\/shop\/lightdeco-it\/interni-it\/lampada-a-sospensione-amalfi-80-hang-interni\/#breadcrumb"},"inLanguage":"it-IT","potentialAction":[{"@type":"ReadAction","target":["https:\/\/newgarden.es\/it\/shop\/lightdeco-it\/interni-it\/lampada-a-sospensione-amalfi-80-hang-interni\/"]}]},{"@type":"ImageObject","inLanguage":"it-IT","@id":"https:\/\/newgarden.es\/it\/shop\/lightdeco-it\/interni-it\/lampada-a-sospensione-amalfi-80-hang-interni\/#primaryimage","url":"https:\/\/newgarden.es\/wp-content\/uploads\/2021\/09\/AMALFI_80_1200X1200-2-1.jpg","contentUrl":"https:\/\/newgarden.es\/wp-content\/uploads\/2021\/09\/AMALFI_80_1200X1200-2-1.jpg","width":1200,"height":1200},{"@type":"BreadcrumbList","@id":"https:\/\/newgarden.es\/it\/shop\/lightdeco-it\/interni-it\/lampada-a-sospensione-amalfi-80-hang-interni\/#breadcrumb","itemListElement":[{"@type":"ListItem","position":1,"name":"Home","item":"https:\/\/newgarden.es\/it\/"},{"@type":"ListItem","position":2,"name":"Collezione","item":"https:\/\/newgarden.es\/it\/negozio\/"},{"@type":"ListItem","position":3,"name":"LAMPADA A SOSPENSIONE AMALFI 80 HANG | INTERNI"}]},{"@type":"WebSite","@id":"https:\/\/newgarden.es\/#website","url":"https:\/\/newgarden.es\/","name":"Newgarden","description":"Be happy","potentialAction":[{"@type":"SearchAction","target":{"@type":"EntryPoint","urlTemplate":"https:\/\/newgarden.es\/?s={search_term_string}"},"query-input":{"@type":"PropertyValueSpecification","valueRequired":true,"valueName":"search_term_string"}}],"inLanguage":"it-IT"}]}},"df_price":69.9,"df_sale_price":"","df_regular_price":69.9,"df_image_link":"https:\/\/newgarden.es\/wp-content\/uploads\/2021\/09\/AMALFI_80_1200X1200-2-1-580x400.jpg","_links":{"self":[{"href":"https:\/\/newgarden.es\/it\/wp-json\/wp\/v2\/product\/37742"}],"collection":[{"href":"https:\/\/newgarden.es\/it\/wp-json\/wp\/v2\/product"}],"about":[{"href":"https:\/\/newgarden.es\/it\/wp-json\/wp\/v2\/types\/product"}],"wp:featuredmedia":[{"embeddable":true,"href":"https:\/\/newgarden.es\/it\/wp-json\/wp\/v2\/media\/58909"}],"wp:attachment":[{"href":"https:\/\/newgarden.es\/it\/wp-json\/wp\/v2\/media?parent=37742"}],"wp:term":[{"taxonomy":"product_cat","embeddable":true,"href":"https:\/\/newgarden.es\/it\/wp-json\/wp\/v2\/product_cat?post=37742"},{"taxonomy":"product_tag","embeddable":true,"href":"https:\/\/newgarden.es\/it\/wp-json\/wp\/v2\/product_tag?post=37742"}],"curies":[{"name":"wp","href":"https:\/\/api.w.org\/{rel}","templated":true}]}}