{"id":38021,"date":"2021-09-28T13:28:52","date_gmt":"2021-09-28T11:28:58","guid":{"rendered":"https:\/\/newgarden.es\/?post_type=product&#038;p=38021"},"modified":"2023-01-13T11:20:46","modified_gmt":"2023-01-13T10:20:46","slug":"chloe-tischleuchte-35-innenbereich","status":"publish","type":"product","link":"https:\/\/newgarden.es\/it\/shop\/lightdeco-it\/lampade-da-tavolo\/chloe-tischleuchte-35-innenbereich\/","title":{"rendered":"CHLOE TISCHLEUCHTE 35 | INNENBEREICH"},"content":{"rendered":"<section class=\"wpb-content-wrapper\"><p>[vc_row][vc_column][vc_column_text]La l\u00e1mpara de Mesa Chloe 35, es una de las Novedades mas atractivas de Newgarden.<\/p>\n<p>Es ideal para cualquier rinc\u00f3n de tu hogar o habitaciones. Debido a su peque\u00f1o tama\u00f1o es perfecta para decorar e iluminar mesas de restaurantes, bares, terrazas, hoteles o negocios.<\/p>\n<p>La l\u00e1mpara de dise\u00f1o Chloe 35 est\u00e1 disponible en acabado cable con encendido y apagado t\u00e1ctil, regulador de intensidad y cable de c\u00e1\u00f1amo.<br \/>\nEl acabado Solar + Bater\u00eda recargable es perfecta para interior y exterior, permitiendo cambiar la tonalidad del color led RGB con su mando a distancia.[\/vc_column_text][\/vc_column][\/vc_row][vc_row][vc_column width=&#8221;1\/2&#8243;][vc_btn title=&#8221;SCHEDA TECNICA&#8221; style=&#8221;custom&#8221; custom_background=&#8221;#009bc2&#8243; custom_text=&#8221;#ffffff&#8221; el_class=&#8221;btn_descargar_ficha&#8221; link=&#8221;url:https%3A%2F%2Fdrive.google.com%2Fdrive%2Ffolders%2F1CWO_v_7IPRiVyTFiFrGMOnaIxtMorEr8%3Fusp%3Dsharing|target:%20_blank|&#8221;][\/vc_column][vc_column width=&#8221;1\/2&#8243;][vc_btn title=&#8221;MANUALE DI ISTRUZIONI&#8221; style=&#8221;custom&#8221; custom_background=&#8221;#009bc2&#8243; custom_text=&#8221;#ffffff&#8221; link=&#8221;url:https%3A%2F%2Fnewgarden.es%2Fit%2F%3Fpage_id%3D25151|target:%20_blank|&#8221; el_class=&#8221;btn_descargar_ficha&#8221;][\/vc_column][\/vc_row]<\/p>\n<\/section>","protected":false},"excerpt":{"rendered":"<h5>Die Tischleuchte Chloe 35 hat Holzbeine.<\/h5>\n","protected":false},"featured_media":38242,"template":"","meta":[],"product_cat":[974,983,1227],"product_tag":[1228],"class_list":{"0":"post-38021","1":"product","2":"type-product","3":"status-publish","4":"has-post-thumbnail","6":"product_cat-lightdeco-it","7":"product_cat-lampade-da-tavolo","8":"product_cat-interni-it","9":"product_tag-interni-it","11":"first","12":"instock","13":"taxable","14":"shipping-taxable","15":"purchasable","16":"product-type-variable"},"yoast_head":"<!-- This site is optimized with the Yoast SEO plugin v24.2 - https:\/\/yoast.com\/wordpress\/plugins\/seo\/ -->\n<title>Chloe 35 Tischleuchte mit Kabel, f\u00fcr den Innen- und Au\u00dfenbereich.<\/title>\n<meta name=\"description\" content=\"Die Designleuchte Chloe 35 ist in einer Kabelausf\u00fchrung mit Touch On\/Off, Dimmer und Hanfkabel erh\u00e4ltlich.\" \/>\n<meta name=\"robots\" content=\"index, follow, max-snippet:-1, max-image-preview:large, max-video-preview:-1\" \/>\n<link rel=\"canonical\" href=\"https:\/\/newgarden.es\/it\/shop\/lightdeco-it\/lampade-da-tavolo\/chloe-tischleuchte-35-innenbereich\/\" \/>\n<meta property=\"og:locale\" content=\"it_IT\" \/>\n<meta property=\"og:type\" content=\"article\" \/>\n<meta property=\"og:title\" content=\"Chloe 35 Tischleuchte mit Kabel, f\u00fcr den Innen- und Au\u00dfenbereich.\" \/>\n<meta property=\"og:description\" content=\"Die Designleuchte Chloe 35 ist in einer Kabelausf\u00fchrung mit Touch On\/Off, Dimmer und Hanfkabel erh\u00e4ltlich.\" \/>\n<meta property=\"og:url\" content=\"https:\/\/newgarden.es\/it\/shop\/lightdeco-it\/lampade-da-tavolo\/chloe-tischleuchte-35-innenbereich\/\" \/>\n<meta property=\"og:site_name\" content=\"Newgarden\" \/>\n<meta property=\"article:modified_time\" content=\"2023-01-13T10:20:46+00:00\" \/>\n<meta property=\"og:image\" content=\"https:\/\/newgarden.es\/wp-content\/uploads\/2021\/09\/FDS.jpg\" \/>\n\t<meta property=\"og:image:width\" content=\"800\" \/>\n\t<meta property=\"og:image:height\" content=\"800\" \/>\n\t<meta property=\"og:image:type\" content=\"image\/jpeg\" \/>\n<meta name=\"twitter:card\" content=\"summary_large_image\" \/>\n<meta name=\"twitter:label1\" content=\"Tempo di lettura stimato\" \/>\n\t<meta name=\"twitter:data1\" content=\"1 minuto\" \/>\n<script type=\"application\/ld+json\" class=\"yoast-schema-graph\">{\"@context\":\"https:\/\/schema.org\",\"@graph\":[{\"@type\":\"WebPage\",\"@id\":\"https:\/\/newgarden.es\/it\/shop\/lightdeco-it\/lampade-da-tavolo\/chloe-tischleuchte-35-innenbereich\/\",\"url\":\"https:\/\/newgarden.es\/it\/shop\/lightdeco-it\/lampade-da-tavolo\/chloe-tischleuchte-35-innenbereich\/\",\"name\":\"Chloe 35 Tischleuchte mit Kabel, f\u00fcr den Innen- und Au\u00dfenbereich.\",\"isPartOf\":{\"@id\":\"https:\/\/newgarden.es\/#website\"},\"primaryImageOfPage\":{\"@id\":\"https:\/\/newgarden.es\/it\/shop\/lightdeco-it\/lampade-da-tavolo\/chloe-tischleuchte-35-innenbereich\/#primaryimage\"},\"image\":{\"@id\":\"https:\/\/newgarden.es\/it\/shop\/lightdeco-it\/lampade-da-tavolo\/chloe-tischleuchte-35-innenbereich\/#primaryimage\"},\"thumbnailUrl\":\"https:\/\/newgarden.es\/wp-content\/uploads\/2021\/09\/FDS.jpg\",\"datePublished\":\"2021-09-28T11:28:58+00:00\",\"dateModified\":\"2023-01-13T10:20:46+00:00\",\"description\":\"Die Designleuchte Chloe 35 ist in einer Kabelausf\u00fchrung mit Touch On\/Off, Dimmer und Hanfkabel erh\u00e4ltlich.\",\"breadcrumb\":{\"@id\":\"https:\/\/newgarden.es\/it\/shop\/lightdeco-it\/lampade-da-tavolo\/chloe-tischleuchte-35-innenbereich\/#breadcrumb\"},\"inLanguage\":\"it-IT\",\"potentialAction\":[{\"@type\":\"ReadAction\",\"target\":[\"https:\/\/newgarden.es\/it\/shop\/lightdeco-it\/lampade-da-tavolo\/chloe-tischleuchte-35-innenbereich\/\"]}]},{\"@type\":\"ImageObject\",\"inLanguage\":\"it-IT\",\"@id\":\"https:\/\/newgarden.es\/it\/shop\/lightdeco-it\/lampade-da-tavolo\/chloe-tischleuchte-35-innenbereich\/#primaryimage\",\"url\":\"https:\/\/newgarden.es\/wp-content\/uploads\/2021\/09\/FDS.jpg\",\"contentUrl\":\"https:\/\/newgarden.es\/wp-content\/uploads\/2021\/09\/FDS.jpg\",\"width\":800,\"height\":800},{\"@type\":\"BreadcrumbList\",\"@id\":\"https:\/\/newgarden.es\/it\/shop\/lightdeco-it\/lampade-da-tavolo\/chloe-tischleuchte-35-innenbereich\/#breadcrumb\",\"itemListElement\":[{\"@type\":\"ListItem\",\"position\":1,\"name\":\"Home\",\"item\":\"https:\/\/newgarden.es\/it\/\"},{\"@type\":\"ListItem\",\"position\":2,\"name\":\"Collezione\",\"item\":\"https:\/\/newgarden.es\/it\/negozio\/\"},{\"@type\":\"ListItem\",\"position\":3,\"name\":\"CHLOE TISCHLEUCHTE 35 | INNENBEREICH\"}]},{\"@type\":\"WebSite\",\"@id\":\"https:\/\/newgarden.es\/#website\",\"url\":\"https:\/\/newgarden.es\/\",\"name\":\"Newgarden\",\"description\":\"Be happy\",\"potentialAction\":[{\"@type\":\"SearchAction\",\"target\":{\"@type\":\"EntryPoint\",\"urlTemplate\":\"https:\/\/newgarden.es\/?s={search_term_string}\"},\"query-input\":{\"@type\":\"PropertyValueSpecification\",\"valueRequired\":true,\"valueName\":\"search_term_string\"}}],\"inLanguage\":\"it-IT\"}]}<\/script>\n<!-- \/ Yoast SEO plugin. -->","yoast_head_json":{"title":"Chloe 35 Tischleuchte mit Kabel, f\u00fcr den Innen- und Au\u00dfenbereich.","description":"Die Designleuchte Chloe 35 ist in einer Kabelausf\u00fchrung mit Touch On\/Off, Dimmer und Hanfkabel erh\u00e4ltlich.","robots":{"index":"index","follow":"follow","max-snippet":"max-snippet:-1","max-image-preview":"max-image-preview:large","max-video-preview":"max-video-preview:-1"},"canonical":"https:\/\/newgarden.es\/it\/shop\/lightdeco-it\/lampade-da-tavolo\/chloe-tischleuchte-35-innenbereich\/","og_locale":"it_IT","og_type":"article","og_title":"Chloe 35 Tischleuchte mit Kabel, f\u00fcr den Innen- und Au\u00dfenbereich.","og_description":"Die Designleuchte Chloe 35 ist in einer Kabelausf\u00fchrung mit Touch On\/Off, Dimmer und Hanfkabel erh\u00e4ltlich.","og_url":"https:\/\/newgarden.es\/it\/shop\/lightdeco-it\/lampade-da-tavolo\/chloe-tischleuchte-35-innenbereich\/","og_site_name":"Newgarden","article_modified_time":"2023-01-13T10:20:46+00:00","og_image":[{"width":800,"height":800,"url":"https:\/\/newgarden.es\/wp-content\/uploads\/2021\/09\/FDS.jpg","type":"image\/jpeg"}],"twitter_card":"summary_large_image","twitter_misc":{"Tempo di lettura stimato":"1 minuto"},"schema":{"@context":"https:\/\/schema.org","@graph":[{"@type":"WebPage","@id":"https:\/\/newgarden.es\/it\/shop\/lightdeco-it\/lampade-da-tavolo\/chloe-tischleuchte-35-innenbereich\/","url":"https:\/\/newgarden.es\/it\/shop\/lightdeco-it\/lampade-da-tavolo\/chloe-tischleuchte-35-innenbereich\/","name":"Chloe 35 Tischleuchte mit Kabel, f\u00fcr den Innen- und Au\u00dfenbereich.","isPartOf":{"@id":"https:\/\/newgarden.es\/#website"},"primaryImageOfPage":{"@id":"https:\/\/newgarden.es\/it\/shop\/lightdeco-it\/lampade-da-tavolo\/chloe-tischleuchte-35-innenbereich\/#primaryimage"},"image":{"@id":"https:\/\/newgarden.es\/it\/shop\/lightdeco-it\/lampade-da-tavolo\/chloe-tischleuchte-35-innenbereich\/#primaryimage"},"thumbnailUrl":"https:\/\/newgarden.es\/wp-content\/uploads\/2021\/09\/FDS.jpg","datePublished":"2021-09-28T11:28:58+00:00","dateModified":"2023-01-13T10:20:46+00:00","description":"Die Designleuchte Chloe 35 ist in einer Kabelausf\u00fchrung mit Touch On\/Off, Dimmer und Hanfkabel erh\u00e4ltlich.","breadcrumb":{"@id":"https:\/\/newgarden.es\/it\/shop\/lightdeco-it\/lampade-da-tavolo\/chloe-tischleuchte-35-innenbereich\/#breadcrumb"},"inLanguage":"it-IT","potentialAction":[{"@type":"ReadAction","target":["https:\/\/newgarden.es\/it\/shop\/lightdeco-it\/lampade-da-tavolo\/chloe-tischleuchte-35-innenbereich\/"]}]},{"@type":"ImageObject","inLanguage":"it-IT","@id":"https:\/\/newgarden.es\/it\/shop\/lightdeco-it\/lampade-da-tavolo\/chloe-tischleuchte-35-innenbereich\/#primaryimage","url":"https:\/\/newgarden.es\/wp-content\/uploads\/2021\/09\/FDS.jpg","contentUrl":"https:\/\/newgarden.es\/wp-content\/uploads\/2021\/09\/FDS.jpg","width":800,"height":800},{"@type":"BreadcrumbList","@id":"https:\/\/newgarden.es\/it\/shop\/lightdeco-it\/lampade-da-tavolo\/chloe-tischleuchte-35-innenbereich\/#breadcrumb","itemListElement":[{"@type":"ListItem","position":1,"name":"Home","item":"https:\/\/newgarden.es\/it\/"},{"@type":"ListItem","position":2,"name":"Collezione","item":"https:\/\/newgarden.es\/it\/negozio\/"},{"@type":"ListItem","position":3,"name":"CHLOE TISCHLEUCHTE 35 | INNENBEREICH"}]},{"@type":"WebSite","@id":"https:\/\/newgarden.es\/#website","url":"https:\/\/newgarden.es\/","name":"Newgarden","description":"Be happy","potentialAction":[{"@type":"SearchAction","target":{"@type":"EntryPoint","urlTemplate":"https:\/\/newgarden.es\/?s={search_term_string}"},"query-input":{"@type":"PropertyValueSpecification","valueRequired":true,"valueName":"search_term_string"}}],"inLanguage":"it-IT"}]}},"df_price":57.8,"df_sale_price":"","df_regular_price":57.8,"df_image_link":"https:\/\/newgarden.es\/wp-content\/uploads\/2021\/09\/FDS.jpg","_links":{"self":[{"href":"https:\/\/newgarden.es\/it\/wp-json\/wp\/v2\/product\/38021"}],"collection":[{"href":"https:\/\/newgarden.es\/it\/wp-json\/wp\/v2\/product"}],"about":[{"href":"https:\/\/newgarden.es\/it\/wp-json\/wp\/v2\/types\/product"}],"wp:featuredmedia":[{"embeddable":true,"href":"https:\/\/newgarden.es\/it\/wp-json\/wp\/v2\/media\/38242"}],"wp:attachment":[{"href":"https:\/\/newgarden.es\/it\/wp-json\/wp\/v2\/media?parent=38021"}],"wp:term":[{"taxonomy":"product_cat","embeddable":true,"href":"https:\/\/newgarden.es\/it\/wp-json\/wp\/v2\/product_cat?post=38021"},{"taxonomy":"product_tag","embeddable":true,"href":"https:\/\/newgarden.es\/it\/wp-json\/wp\/v2\/product_tag?post=38021"}],"curies":[{"name":"wp","href":"https:\/\/api.w.org\/{rel}","templated":true}]}}