{"id":38044,"date":"2021-09-28T13:34:05","date_gmt":"2021-09-28T11:34:09","guid":{"rendered":"https:\/\/newgarden.es\/?post_type=product&#038;p=38044"},"modified":"2023-03-14T11:16:45","modified_gmt":"2023-03-14T10:16:45","slug":"lampada-da-tavolo-enoki-uso-interno","status":"publish","type":"product","link":"https:\/\/newgarden.es\/it\/shop\/lightdeco-it\/lampade-da-tavolo\/lampada-da-tavolo-enoki-uso-interno\/","title":{"rendered":"LAMPADA DA TAVOLO ENOKI | USO INTERNO"},"content":{"rendered":"<section class=\"wpb-content-wrapper\"><p>[vc_row][vc_column][vc_column_text]La L\u00e1mpara de Mesa Enoki es una de las novedades de NEWGARDEN. Es perfecta cualquier rinc\u00f3n de tu hogar y espacios de exterior, terrazas o negocios.<\/p>\n<p>\u00bfSabias que Enoki es un tipo de seta? Tambi\u00e9n conocida como &#8216;seta de agua de oro&#8217; es uno de los ingredientes m\u00e1s utilizados en las gastronom\u00edas asi\u00e1ticas.<\/p>\n<p>La l\u00e1mpara de dise\u00f1o Enoki, est\u00e1 disponible en 3 acabados Newgarden: Negro, blanco y rosa.<\/p>\n<p>La l\u00e1mpara Enoki adem\u00e1s de ser orientable, permite regular hasta 3 veces la intensidad de la luz mediante el bot\u00f3n t\u00e1ctil.<br \/>\nIncluye cargador y su bater\u00eda de 4,4Ah tiene una duraci\u00f3n de 5 a 24 horas.<\/p>\n<p>Tama\u00f1o: Alto: 25,5 cm. Ancho: 16,5 cm.[\/vc_column_text][\/vc_column][\/vc_row][vc_row][vc_column][vc_btn title=&#8221;SCHEDA TECNICA&#8221; style=&#8221;custom&#8221; custom_background=&#8221;#009bc2&#8243; custom_text=&#8221;#ffffff&#8221; link=&#8221;url:https%3A%2F%2Fdrive.google.com%2Fdrive%2Ffolders%2F1ps7LKNF-XWLIioj917E3Xp0qbnJA-MsD%3Fusp%3Dsharing|target:%20_blank|&#8221; el_class=&#8221;btn_descargar_ficha&#8221;][\/vc_column][\/vc_row]<\/p>\n<\/section>","protected":false},"excerpt":{"rendered":"<h5>Lampada da tavolo regolabile Enoki disponibile in vari colori.<\/h5>\n","protected":false},"featured_media":38237,"template":"","meta":[],"product_cat":[974,983,1227],"product_tag":[1228],"class_list":{"0":"post-38044","1":"product","2":"type-product","3":"status-publish","4":"has-post-thumbnail","6":"product_cat-lightdeco-it","7":"product_cat-lampade-da-tavolo","8":"product_cat-interni-it","9":"product_tag-interni-it","11":"first","12":"outofstock","13":"taxable","14":"shipping-taxable","15":"purchasable","16":"product-type-variable"},"yoast_head":"<!-- This site is optimized with the Yoast SEO plugin v24.2 - https:\/\/yoast.com\/wordpress\/plugins\/seo\/ -->\n<title>Enoki, lampada da tavolo di design, in stock - Acquista online!<\/title>\n<meta name=\"description\" content=\"Enoki \u00e8 una delle novit\u00e0 di NEWGARDEN. \u00c8 perfetto per qualsiasi angolo della vostra casa e per spazi esterni, terrazze o aziende.\" \/>\n<meta name=\"robots\" content=\"index, follow, max-snippet:-1, max-image-preview:large, max-video-preview:-1\" \/>\n<link rel=\"canonical\" href=\"https:\/\/newgarden.es\/it\/shop\/lightdeco-it\/lampade-da-tavolo\/lampada-da-tavolo-enoki-uso-interno\/\" \/>\n<meta property=\"og:locale\" content=\"it_IT\" \/>\n<meta property=\"og:type\" content=\"article\" \/>\n<meta property=\"og:title\" content=\"Enoki, lampada da tavolo di design, in stock - Acquista online!\" \/>\n<meta property=\"og:description\" content=\"Enoki \u00e8 una delle novit\u00e0 di NEWGARDEN. \u00c8 perfetto per qualsiasi angolo della vostra casa e per spazi esterni, terrazze o aziende.\" \/>\n<meta property=\"og:url\" content=\"https:\/\/newgarden.es\/it\/shop\/lightdeco-it\/lampade-da-tavolo\/lampada-da-tavolo-enoki-uso-interno\/\" \/>\n<meta property=\"og:site_name\" content=\"Newgarden\" \/>\n<meta property=\"article:modified_time\" content=\"2023-03-14T10:16:45+00:00\" \/>\n<meta property=\"og:image\" content=\"https:\/\/newgarden.es\/wp-content\/uploads\/2021\/09\/Enoki_web_ab24e244-31d9-4bc4-9cd3-c5314d001a93.jpg\" \/>\n\t<meta property=\"og:image:width\" content=\"800\" \/>\n\t<meta property=\"og:image:height\" content=\"800\" \/>\n\t<meta property=\"og:image:type\" content=\"image\/jpeg\" \/>\n<meta name=\"twitter:card\" content=\"summary_large_image\" \/>\n<meta name=\"twitter:label1\" content=\"Tempo di lettura stimato\" \/>\n\t<meta name=\"twitter:data1\" content=\"1 minuto\" \/>\n<script type=\"application\/ld+json\" class=\"yoast-schema-graph\">{\"@context\":\"https:\/\/schema.org\",\"@graph\":[{\"@type\":\"WebPage\",\"@id\":\"https:\/\/newgarden.es\/it\/shop\/lightdeco-it\/lampade-da-tavolo\/lampada-da-tavolo-enoki-uso-interno\/\",\"url\":\"https:\/\/newgarden.es\/it\/shop\/lightdeco-it\/lampade-da-tavolo\/lampada-da-tavolo-enoki-uso-interno\/\",\"name\":\"Enoki, lampada da tavolo di design, in stock - Acquista online!\",\"isPartOf\":{\"@id\":\"https:\/\/newgarden.es\/#website\"},\"primaryImageOfPage\":{\"@id\":\"https:\/\/newgarden.es\/it\/shop\/lightdeco-it\/lampade-da-tavolo\/lampada-da-tavolo-enoki-uso-interno\/#primaryimage\"},\"image\":{\"@id\":\"https:\/\/newgarden.es\/it\/shop\/lightdeco-it\/lampade-da-tavolo\/lampada-da-tavolo-enoki-uso-interno\/#primaryimage\"},\"thumbnailUrl\":\"https:\/\/newgarden.es\/wp-content\/uploads\/2021\/09\/Enoki_web_ab24e244-31d9-4bc4-9cd3-c5314d001a93.jpg\",\"datePublished\":\"2021-09-28T11:34:09+00:00\",\"dateModified\":\"2023-03-14T10:16:45+00:00\",\"description\":\"Enoki \u00e8 una delle novit\u00e0 di NEWGARDEN. \u00c8 perfetto per qualsiasi angolo della vostra casa e per spazi esterni, terrazze o aziende.\",\"breadcrumb\":{\"@id\":\"https:\/\/newgarden.es\/it\/shop\/lightdeco-it\/lampade-da-tavolo\/lampada-da-tavolo-enoki-uso-interno\/#breadcrumb\"},\"inLanguage\":\"it-IT\",\"potentialAction\":[{\"@type\":\"ReadAction\",\"target\":[\"https:\/\/newgarden.es\/it\/shop\/lightdeco-it\/lampade-da-tavolo\/lampada-da-tavolo-enoki-uso-interno\/\"]}]},{\"@type\":\"ImageObject\",\"inLanguage\":\"it-IT\",\"@id\":\"https:\/\/newgarden.es\/it\/shop\/lightdeco-it\/lampade-da-tavolo\/lampada-da-tavolo-enoki-uso-interno\/#primaryimage\",\"url\":\"https:\/\/newgarden.es\/wp-content\/uploads\/2021\/09\/Enoki_web_ab24e244-31d9-4bc4-9cd3-c5314d001a93.jpg\",\"contentUrl\":\"https:\/\/newgarden.es\/wp-content\/uploads\/2021\/09\/Enoki_web_ab24e244-31d9-4bc4-9cd3-c5314d001a93.jpg\",\"width\":800,\"height\":800},{\"@type\":\"BreadcrumbList\",\"@id\":\"https:\/\/newgarden.es\/it\/shop\/lightdeco-it\/lampade-da-tavolo\/lampada-da-tavolo-enoki-uso-interno\/#breadcrumb\",\"itemListElement\":[{\"@type\":\"ListItem\",\"position\":1,\"name\":\"Home\",\"item\":\"https:\/\/newgarden.es\/it\/\"},{\"@type\":\"ListItem\",\"position\":2,\"name\":\"Collezione\",\"item\":\"https:\/\/newgarden.es\/it\/negozio\/\"},{\"@type\":\"ListItem\",\"position\":3,\"name\":\"LAMPADA DA TAVOLO ENOKI | USO INTERNO\"}]},{\"@type\":\"WebSite\",\"@id\":\"https:\/\/newgarden.es\/#website\",\"url\":\"https:\/\/newgarden.es\/\",\"name\":\"Newgarden\",\"description\":\"Be happy\",\"potentialAction\":[{\"@type\":\"SearchAction\",\"target\":{\"@type\":\"EntryPoint\",\"urlTemplate\":\"https:\/\/newgarden.es\/?s={search_term_string}\"},\"query-input\":{\"@type\":\"PropertyValueSpecification\",\"valueRequired\":true,\"valueName\":\"search_term_string\"}}],\"inLanguage\":\"it-IT\"}]}<\/script>\n<!-- \/ Yoast SEO plugin. -->","yoast_head_json":{"title":"Enoki, lampada da tavolo di design, in stock - Acquista online!","description":"Enoki \u00e8 una delle novit\u00e0 di NEWGARDEN. \u00c8 perfetto per qualsiasi angolo della vostra casa e per spazi esterni, terrazze o aziende.","robots":{"index":"index","follow":"follow","max-snippet":"max-snippet:-1","max-image-preview":"max-image-preview:large","max-video-preview":"max-video-preview:-1"},"canonical":"https:\/\/newgarden.es\/it\/shop\/lightdeco-it\/lampade-da-tavolo\/lampada-da-tavolo-enoki-uso-interno\/","og_locale":"it_IT","og_type":"article","og_title":"Enoki, lampada da tavolo di design, in stock - Acquista online!","og_description":"Enoki \u00e8 una delle novit\u00e0 di NEWGARDEN. \u00c8 perfetto per qualsiasi angolo della vostra casa e per spazi esterni, terrazze o aziende.","og_url":"https:\/\/newgarden.es\/it\/shop\/lightdeco-it\/lampade-da-tavolo\/lampada-da-tavolo-enoki-uso-interno\/","og_site_name":"Newgarden","article_modified_time":"2023-03-14T10:16:45+00:00","og_image":[{"width":800,"height":800,"url":"https:\/\/newgarden.es\/wp-content\/uploads\/2021\/09\/Enoki_web_ab24e244-31d9-4bc4-9cd3-c5314d001a93.jpg","type":"image\/jpeg"}],"twitter_card":"summary_large_image","twitter_misc":{"Tempo di lettura stimato":"1 minuto"},"schema":{"@context":"https:\/\/schema.org","@graph":[{"@type":"WebPage","@id":"https:\/\/newgarden.es\/it\/shop\/lightdeco-it\/lampade-da-tavolo\/lampada-da-tavolo-enoki-uso-interno\/","url":"https:\/\/newgarden.es\/it\/shop\/lightdeco-it\/lampade-da-tavolo\/lampada-da-tavolo-enoki-uso-interno\/","name":"Enoki, lampada da tavolo di design, in stock - Acquista online!","isPartOf":{"@id":"https:\/\/newgarden.es\/#website"},"primaryImageOfPage":{"@id":"https:\/\/newgarden.es\/it\/shop\/lightdeco-it\/lampade-da-tavolo\/lampada-da-tavolo-enoki-uso-interno\/#primaryimage"},"image":{"@id":"https:\/\/newgarden.es\/it\/shop\/lightdeco-it\/lampade-da-tavolo\/lampada-da-tavolo-enoki-uso-interno\/#primaryimage"},"thumbnailUrl":"https:\/\/newgarden.es\/wp-content\/uploads\/2021\/09\/Enoki_web_ab24e244-31d9-4bc4-9cd3-c5314d001a93.jpg","datePublished":"2021-09-28T11:34:09+00:00","dateModified":"2023-03-14T10:16:45+00:00","description":"Enoki \u00e8 una delle novit\u00e0 di NEWGARDEN. \u00c8 perfetto per qualsiasi angolo della vostra casa e per spazi esterni, terrazze o aziende.","breadcrumb":{"@id":"https:\/\/newgarden.es\/it\/shop\/lightdeco-it\/lampade-da-tavolo\/lampada-da-tavolo-enoki-uso-interno\/#breadcrumb"},"inLanguage":"it-IT","potentialAction":[{"@type":"ReadAction","target":["https:\/\/newgarden.es\/it\/shop\/lightdeco-it\/lampade-da-tavolo\/lampada-da-tavolo-enoki-uso-interno\/"]}]},{"@type":"ImageObject","inLanguage":"it-IT","@id":"https:\/\/newgarden.es\/it\/shop\/lightdeco-it\/lampade-da-tavolo\/lampada-da-tavolo-enoki-uso-interno\/#primaryimage","url":"https:\/\/newgarden.es\/wp-content\/uploads\/2021\/09\/Enoki_web_ab24e244-31d9-4bc4-9cd3-c5314d001a93.jpg","contentUrl":"https:\/\/newgarden.es\/wp-content\/uploads\/2021\/09\/Enoki_web_ab24e244-31d9-4bc4-9cd3-c5314d001a93.jpg","width":800,"height":800},{"@type":"BreadcrumbList","@id":"https:\/\/newgarden.es\/it\/shop\/lightdeco-it\/lampade-da-tavolo\/lampada-da-tavolo-enoki-uso-interno\/#breadcrumb","itemListElement":[{"@type":"ListItem","position":1,"name":"Home","item":"https:\/\/newgarden.es\/it\/"},{"@type":"ListItem","position":2,"name":"Collezione","item":"https:\/\/newgarden.es\/it\/negozio\/"},{"@type":"ListItem","position":3,"name":"LAMPADA DA TAVOLO ENOKI | USO INTERNO"}]},{"@type":"WebSite","@id":"https:\/\/newgarden.es\/#website","url":"https:\/\/newgarden.es\/","name":"Newgarden","description":"Be happy","potentialAction":[{"@type":"SearchAction","target":{"@type":"EntryPoint","urlTemplate":"https:\/\/newgarden.es\/?s={search_term_string}"},"query-input":{"@type":"PropertyValueSpecification","valueRequired":true,"valueName":"search_term_string"}}],"inLanguage":"it-IT"}]}},"df_price":47.3,"df_sale_price":"","df_regular_price":47.3,"df_image_link":"https:\/\/newgarden.es\/wp-content\/uploads\/2021\/09\/Enoki_web_ab24e244-31d9-4bc4-9cd3-c5314d001a93.jpg","_links":{"self":[{"href":"https:\/\/newgarden.es\/it\/wp-json\/wp\/v2\/product\/38044"}],"collection":[{"href":"https:\/\/newgarden.es\/it\/wp-json\/wp\/v2\/product"}],"about":[{"href":"https:\/\/newgarden.es\/it\/wp-json\/wp\/v2\/types\/product"}],"wp:featuredmedia":[{"embeddable":true,"href":"https:\/\/newgarden.es\/it\/wp-json\/wp\/v2\/media\/38237"}],"wp:attachment":[{"href":"https:\/\/newgarden.es\/it\/wp-json\/wp\/v2\/media?parent=38044"}],"wp:term":[{"taxonomy":"product_cat","embeddable":true,"href":"https:\/\/newgarden.es\/it\/wp-json\/wp\/v2\/product_cat?post=38044"},{"taxonomy":"product_tag","embeddable":true,"href":"https:\/\/newgarden.es\/it\/wp-json\/wp\/v2\/product_tag?post=38044"}],"curies":[{"name":"wp","href":"https:\/\/api.w.org\/{rel}","templated":true}]}}