{"id":38088,"date":"2021-09-28T13:57:02","date_gmt":"2021-09-28T11:57:14","guid":{"rendered":"https:\/\/newgarden.es\/?post_type=product&#038;p=38088"},"modified":"2023-04-12T10:34:59","modified_gmt":"2023-04-12T08:34:59","slug":"lampada-da-tavolo-lola-slim-30-uso-interno","status":"publish","type":"product","link":"https:\/\/newgarden.es\/it\/shop\/lightdeco-it\/lampade-da-tavolo\/lampada-da-tavolo-lola-slim-30-uso-interno\/","title":{"rendered":"LAMPADA DA TAVOLO LOLA SLIM 30 | USO INTERNO"},"content":{"rendered":"<section class=\"wpb-content-wrapper\"><p>[vc_row][vc_column][vc_column_text][\/vc_column_text][\/vc_column][\/vc_row][vc_row][vc_column el_class=&#8221;descripcion_producto&#8221;][vc_column_text]<br \/>\nLola Slim 30 \u00e8 una delle novit\u00e0 pi\u00f9 importanti di Newgarden, fa parte della famiglia LOLA grazie al suo elegante design.<\/p>\n<p>La lampada da tavolo Lola Slim 30 \u00e8 ideale per qualsiasi angolo della tua casa, aree per bambini o camere da letto. Grazie alle sue piccole dimensioni \u00e8 perfetto per decorare e illuminare i tavoli di ristoranti, bar, terrazze, hotel o aziende.<\/p>\n<p>I prodotti Newgarden sono leggeri e molto resistenti alle temperature estreme. Sono anche protetti contro i raggi UV, rendendo la durata del prodotto straordinariamente lunga.<\/p>\n<p>&nbsp;<br \/>\n[\/vc_column_text][vc_video link=&#8221;https:\/\/youtu.be\/-2GDj-T-1AA&#8221;][\/vc_column][\/vc_row][vc_row][vc_column width=&#8221;1\/2&#8243;][vc_btn title=&#8221;SCHEDA TECNICA&#8221; style=&#8221;custom&#8221; custom_background=&#8221;#009bc2&#8243; custom_text=&#8221;#ffffff&#8221; shape=&#8221;square&#8221; link=&#8221;url:https%3A%2F%2Fdrive.google.com%2Fdrive%2Ffolders%2F1wYX2Lp5O24oFzu8qMdUCg8AOtJFkXBWe%3Fusp%3Dsharing|target:%20_blank|&#8221; el_class=&#8221;btn_descargar_ficha&#8221;][\/vc_column][vc_column width=&#8221;1\/2&#8243;][vc_btn title=&#8221;MANUALE DI ISTRUZIONI&#8221; style=&#8221;custom&#8221; custom_background=&#8221;#009bc2&#8243; custom_text=&#8221;#ffffff&#8221; shape=&#8221;square&#8221; link=&#8221;url:https%3A%2F%2Fnewgarden.es%2Fit%2F%3Fpage_id%3D25151|target:%20_blank|&#8221; el_class=&#8221;btn_descargar_ficha&#8221;][\/vc_column][vc_column][\/vc_column][\/vc_row]<\/p>\n<\/section>","protected":false},"excerpt":{"rendered":"<h1 style=\"font-size: 12px;\">La lampada da tavolo Lola Slim 30 \u00e8 disponibile in vari colori, Corpo in metallo<\/h1>\n","protected":false},"featured_media":38232,"template":"","meta":[],"product_cat":[974,983,1227],"product_tag":[1228],"class_list":{"0":"post-38088","1":"product","2":"type-product","3":"status-publish","4":"has-post-thumbnail","6":"product_cat-lightdeco-it","7":"product_cat-lampade-da-tavolo","8":"product_cat-interni-it","9":"product_tag-interni-it","11":"first","12":"instock","13":"taxable","14":"shipping-taxable","15":"purchasable","16":"product-type-variable"},"yoast_head":"<!-- This site is optimized with the Yoast SEO plugin v24.2 - https:\/\/yoast.com\/wordpress\/plugins\/seo\/ -->\n<title>LOLA SLIM 30, lampada da tavolo in diverse finiture - Newgarden<\/title>\n<meta name=\"description\" content=\"Lola Slim 30, \u00e8 una delle lampade da tavolo per esterni pi\u00f9 eccezionali della LOLA FAMILY per il suo piede in metallo: stretto ed elegante.\" \/>\n<meta name=\"robots\" content=\"index, follow, max-snippet:-1, max-image-preview:large, max-video-preview:-1\" \/>\n<link rel=\"canonical\" href=\"https:\/\/newgarden.es\/it\/shop\/lightdeco-it\/lampade-da-tavolo\/lampada-da-tavolo-lola-slim-30-uso-interno\/\" \/>\n<meta property=\"og:locale\" content=\"it_IT\" \/>\n<meta property=\"og:type\" content=\"article\" \/>\n<meta property=\"og:title\" content=\"LOLA SLIM 30, lampada da tavolo in diverse finiture - Newgarden\" \/>\n<meta property=\"og:description\" content=\"Lola Slim 30, \u00e8 una delle lampade da tavolo per esterni pi\u00f9 eccezionali della LOLA FAMILY per il suo piede in metallo: stretto ed elegante.\" \/>\n<meta property=\"og:url\" content=\"https:\/\/newgarden.es\/it\/shop\/lightdeco-it\/lampade-da-tavolo\/lampada-da-tavolo-lola-slim-30-uso-interno\/\" \/>\n<meta property=\"og:site_name\" content=\"Newgarden\" \/>\n<meta property=\"article:modified_time\" content=\"2023-04-12T08:34:59+00:00\" \/>\n<meta property=\"og:image\" content=\"https:\/\/newgarden.es\/wp-content\/uploads\/2021\/09\/LOLASLIM2021WEB_8f39ba03-bb67-4adc-8f66-24019969ce96.jpg\" \/>\n\t<meta property=\"og:image:width\" content=\"800\" \/>\n\t<meta property=\"og:image:height\" content=\"800\" \/>\n\t<meta property=\"og:image:type\" content=\"image\/jpeg\" \/>\n<meta name=\"twitter:card\" content=\"summary_large_image\" \/>\n<meta name=\"twitter:label1\" content=\"Tempo di lettura stimato\" \/>\n\t<meta name=\"twitter:data1\" content=\"1 minuto\" \/>\n<script type=\"application\/ld+json\" class=\"yoast-schema-graph\">{\"@context\":\"https:\/\/schema.org\",\"@graph\":[{\"@type\":\"WebPage\",\"@id\":\"https:\/\/newgarden.es\/it\/shop\/lightdeco-it\/lampade-da-tavolo\/lampada-da-tavolo-lola-slim-30-uso-interno\/\",\"url\":\"https:\/\/newgarden.es\/it\/shop\/lightdeco-it\/lampade-da-tavolo\/lampada-da-tavolo-lola-slim-30-uso-interno\/\",\"name\":\"LOLA SLIM 30, lampada da tavolo in diverse finiture - Newgarden\",\"isPartOf\":{\"@id\":\"https:\/\/newgarden.es\/#website\"},\"primaryImageOfPage\":{\"@id\":\"https:\/\/newgarden.es\/it\/shop\/lightdeco-it\/lampade-da-tavolo\/lampada-da-tavolo-lola-slim-30-uso-interno\/#primaryimage\"},\"image\":{\"@id\":\"https:\/\/newgarden.es\/it\/shop\/lightdeco-it\/lampade-da-tavolo\/lampada-da-tavolo-lola-slim-30-uso-interno\/#primaryimage\"},\"thumbnailUrl\":\"https:\/\/newgarden.es\/wp-content\/uploads\/2021\/09\/LOLASLIM2021WEB_8f39ba03-bb67-4adc-8f66-24019969ce96.jpg\",\"datePublished\":\"2021-09-28T11:57:14+00:00\",\"dateModified\":\"2023-04-12T08:34:59+00:00\",\"description\":\"Lola Slim 30, \u00e8 una delle lampade da tavolo per esterni pi\u00f9 eccezionali della LOLA FAMILY per il suo piede in metallo: stretto ed elegante.\",\"breadcrumb\":{\"@id\":\"https:\/\/newgarden.es\/it\/shop\/lightdeco-it\/lampade-da-tavolo\/lampada-da-tavolo-lola-slim-30-uso-interno\/#breadcrumb\"},\"inLanguage\":\"it-IT\",\"potentialAction\":[{\"@type\":\"ReadAction\",\"target\":[\"https:\/\/newgarden.es\/it\/shop\/lightdeco-it\/lampade-da-tavolo\/lampada-da-tavolo-lola-slim-30-uso-interno\/\"]}]},{\"@type\":\"ImageObject\",\"inLanguage\":\"it-IT\",\"@id\":\"https:\/\/newgarden.es\/it\/shop\/lightdeco-it\/lampade-da-tavolo\/lampada-da-tavolo-lola-slim-30-uso-interno\/#primaryimage\",\"url\":\"https:\/\/newgarden.es\/wp-content\/uploads\/2021\/09\/LOLASLIM2021WEB_8f39ba03-bb67-4adc-8f66-24019969ce96.jpg\",\"contentUrl\":\"https:\/\/newgarden.es\/wp-content\/uploads\/2021\/09\/LOLASLIM2021WEB_8f39ba03-bb67-4adc-8f66-24019969ce96.jpg\",\"width\":800,\"height\":800},{\"@type\":\"BreadcrumbList\",\"@id\":\"https:\/\/newgarden.es\/it\/shop\/lightdeco-it\/lampade-da-tavolo\/lampada-da-tavolo-lola-slim-30-uso-interno\/#breadcrumb\",\"itemListElement\":[{\"@type\":\"ListItem\",\"position\":1,\"name\":\"Home\",\"item\":\"https:\/\/newgarden.es\/it\/\"},{\"@type\":\"ListItem\",\"position\":2,\"name\":\"Collezione\",\"item\":\"https:\/\/newgarden.es\/it\/negozio\/\"},{\"@type\":\"ListItem\",\"position\":3,\"name\":\"LAMPADA DA TAVOLO LOLA SLIM 30 | USO INTERNO\"}]},{\"@type\":\"WebSite\",\"@id\":\"https:\/\/newgarden.es\/#website\",\"url\":\"https:\/\/newgarden.es\/\",\"name\":\"Newgarden\",\"description\":\"Be happy\",\"potentialAction\":[{\"@type\":\"SearchAction\",\"target\":{\"@type\":\"EntryPoint\",\"urlTemplate\":\"https:\/\/newgarden.es\/?s={search_term_string}\"},\"query-input\":{\"@type\":\"PropertyValueSpecification\",\"valueRequired\":true,\"valueName\":\"search_term_string\"}}],\"inLanguage\":\"it-IT\"}]}<\/script>\n<!-- \/ Yoast SEO plugin. -->","yoast_head_json":{"title":"LOLA SLIM 30, lampada da tavolo in diverse finiture - Newgarden","description":"Lola Slim 30, \u00e8 una delle lampade da tavolo per esterni pi\u00f9 eccezionali della LOLA FAMILY per il suo piede in metallo: stretto ed elegante.","robots":{"index":"index","follow":"follow","max-snippet":"max-snippet:-1","max-image-preview":"max-image-preview:large","max-video-preview":"max-video-preview:-1"},"canonical":"https:\/\/newgarden.es\/it\/shop\/lightdeco-it\/lampade-da-tavolo\/lampada-da-tavolo-lola-slim-30-uso-interno\/","og_locale":"it_IT","og_type":"article","og_title":"LOLA SLIM 30, lampada da tavolo in diverse finiture - Newgarden","og_description":"Lola Slim 30, \u00e8 una delle lampade da tavolo per esterni pi\u00f9 eccezionali della LOLA FAMILY per il suo piede in metallo: stretto ed elegante.","og_url":"https:\/\/newgarden.es\/it\/shop\/lightdeco-it\/lampade-da-tavolo\/lampada-da-tavolo-lola-slim-30-uso-interno\/","og_site_name":"Newgarden","article_modified_time":"2023-04-12T08:34:59+00:00","og_image":[{"width":800,"height":800,"url":"https:\/\/newgarden.es\/wp-content\/uploads\/2021\/09\/LOLASLIM2021WEB_8f39ba03-bb67-4adc-8f66-24019969ce96.jpg","type":"image\/jpeg"}],"twitter_card":"summary_large_image","twitter_misc":{"Tempo di lettura stimato":"1 minuto"},"schema":{"@context":"https:\/\/schema.org","@graph":[{"@type":"WebPage","@id":"https:\/\/newgarden.es\/it\/shop\/lightdeco-it\/lampade-da-tavolo\/lampada-da-tavolo-lola-slim-30-uso-interno\/","url":"https:\/\/newgarden.es\/it\/shop\/lightdeco-it\/lampade-da-tavolo\/lampada-da-tavolo-lola-slim-30-uso-interno\/","name":"LOLA SLIM 30, lampada da tavolo in diverse finiture - Newgarden","isPartOf":{"@id":"https:\/\/newgarden.es\/#website"},"primaryImageOfPage":{"@id":"https:\/\/newgarden.es\/it\/shop\/lightdeco-it\/lampade-da-tavolo\/lampada-da-tavolo-lola-slim-30-uso-interno\/#primaryimage"},"image":{"@id":"https:\/\/newgarden.es\/it\/shop\/lightdeco-it\/lampade-da-tavolo\/lampada-da-tavolo-lola-slim-30-uso-interno\/#primaryimage"},"thumbnailUrl":"https:\/\/newgarden.es\/wp-content\/uploads\/2021\/09\/LOLASLIM2021WEB_8f39ba03-bb67-4adc-8f66-24019969ce96.jpg","datePublished":"2021-09-28T11:57:14+00:00","dateModified":"2023-04-12T08:34:59+00:00","description":"Lola Slim 30, \u00e8 una delle lampade da tavolo per esterni pi\u00f9 eccezionali della LOLA FAMILY per il suo piede in metallo: stretto ed elegante.","breadcrumb":{"@id":"https:\/\/newgarden.es\/it\/shop\/lightdeco-it\/lampade-da-tavolo\/lampada-da-tavolo-lola-slim-30-uso-interno\/#breadcrumb"},"inLanguage":"it-IT","potentialAction":[{"@type":"ReadAction","target":["https:\/\/newgarden.es\/it\/shop\/lightdeco-it\/lampade-da-tavolo\/lampada-da-tavolo-lola-slim-30-uso-interno\/"]}]},{"@type":"ImageObject","inLanguage":"it-IT","@id":"https:\/\/newgarden.es\/it\/shop\/lightdeco-it\/lampade-da-tavolo\/lampada-da-tavolo-lola-slim-30-uso-interno\/#primaryimage","url":"https:\/\/newgarden.es\/wp-content\/uploads\/2021\/09\/LOLASLIM2021WEB_8f39ba03-bb67-4adc-8f66-24019969ce96.jpg","contentUrl":"https:\/\/newgarden.es\/wp-content\/uploads\/2021\/09\/LOLASLIM2021WEB_8f39ba03-bb67-4adc-8f66-24019969ce96.jpg","width":800,"height":800},{"@type":"BreadcrumbList","@id":"https:\/\/newgarden.es\/it\/shop\/lightdeco-it\/lampade-da-tavolo\/lampada-da-tavolo-lola-slim-30-uso-interno\/#breadcrumb","itemListElement":[{"@type":"ListItem","position":1,"name":"Home","item":"https:\/\/newgarden.es\/it\/"},{"@type":"ListItem","position":2,"name":"Collezione","item":"https:\/\/newgarden.es\/it\/negozio\/"},{"@type":"ListItem","position":3,"name":"LAMPADA DA TAVOLO LOLA SLIM 30 | USO INTERNO"}]},{"@type":"WebSite","@id":"https:\/\/newgarden.es\/#website","url":"https:\/\/newgarden.es\/","name":"Newgarden","description":"Be happy","potentialAction":[{"@type":"SearchAction","target":{"@type":"EntryPoint","urlTemplate":"https:\/\/newgarden.es\/?s={search_term_string}"},"query-input":{"@type":"PropertyValueSpecification","valueRequired":true,"valueName":"search_term_string"}}],"inLanguage":"it-IT"}]}},"df_price":33.6,"df_sale_price":"","df_regular_price":33.6,"df_image_link":"https:\/\/newgarden.es\/wp-content\/uploads\/2021\/09\/LOLASLIM2021WEB_8f39ba03-bb67-4adc-8f66-24019969ce96.jpg","_links":{"self":[{"href":"https:\/\/newgarden.es\/it\/wp-json\/wp\/v2\/product\/38088"}],"collection":[{"href":"https:\/\/newgarden.es\/it\/wp-json\/wp\/v2\/product"}],"about":[{"href":"https:\/\/newgarden.es\/it\/wp-json\/wp\/v2\/types\/product"}],"wp:featuredmedia":[{"embeddable":true,"href":"https:\/\/newgarden.es\/it\/wp-json\/wp\/v2\/media\/38232"}],"wp:attachment":[{"href":"https:\/\/newgarden.es\/it\/wp-json\/wp\/v2\/media?parent=38088"}],"wp:term":[{"taxonomy":"product_cat","embeddable":true,"href":"https:\/\/newgarden.es\/it\/wp-json\/wp\/v2\/product_cat?post=38088"},{"taxonomy":"product_tag","embeddable":true,"href":"https:\/\/newgarden.es\/it\/wp-json\/wp\/v2\/product_tag?post=38088"}],"curies":[{"name":"wp","href":"https:\/\/api.w.org\/{rel}","templated":true}]}}