{"id":38414,"date":"2021-09-15T14:55:17","date_gmt":"2021-09-15T12:55:17","guid":{"rendered":"https:\/\/newgarden.es\/shop\/senza%20categoria\/tavolo-bora-con-luce-uso-interno\/"},"modified":"2021-10-04T11:40:20","modified_gmt":"2021-10-04T09:40:20","slug":"tavolo-bora-con-luce-uso-interno","status":"publish","type":"product","link":"https:\/\/newgarden.es\/it\/shop\/mobili\/seggiole\/tavolo-bora-con-luce-uso-interno\/","title":{"rendered":"TAVOLO BORA CON LUCE | USO INTERNO"},"content":{"rendered":"<section class=\"wpb-content-wrapper\"><p>[vc_row][vc_column el_class=&#8221;descripcion_producto&#8221;][vc_column_text]<\/p>\n<p style=\"text-align: justify;\">La Mesita Bora, es una de las Novedades estrella de Newgarden.<\/p>\n<p style=\"text-align: justify;\">Su forma c\u00fabica combina en cualquier espacio de exterior o interior, jard\u00edn, negocio o en cualquier rinc\u00f3n de nuestro hogar.<\/p>\n<p style=\"text-align: justify;\">Es un modelo de mesita muy estable y modular, puedes encontrarla con la tapa superior con efecto bamb\u00fa o con efecto m\u00e1rmol. Adem\u00e1s, est\u00e1 disponible con opci\u00f3n de iluminaci\u00f3n por cable con luz fr\u00eda y en color blanco opaco.<\/p>\n<p style=\"text-align: justify;\"><em>El modelo Bora est\u00e1 fabricado en polietileno por lo que es ligero y muy resistentes a temperaturas extremas. Tambi\u00e9n est\u00e1 protegido contra los rayos UV, haciendo que la vida \u00fatil del producto sea extraordinariamente larga. \u00a0<\/em><\/p>\n<p>[\/vc_column_text][\/vc_column][\/vc_row][vc_row disable_element=&#8221;yes&#8221;][vc_column][vc_single_image image=&#8221;6566&#8243; img_size=&#8221;full&#8221;][\/vc_column][\/vc_row][vc_row][vc_column width=&#8221;1\/2&#8243;][vc_btn title=&#8221;SCHEDA TECNICA&#8221; style=&#8221;custom&#8221; custom_background=&#8221;#009bc2&#8243; custom_text=&#8221;#ffffff&#8221; shape=&#8221;square&#8221; link=&#8221;url:https%3A%2F%2Fdrive.google.com%2Fdrive%2Ffolders%2F198EB_3eL5Zoex7BkyEarkDmKUbf_gT9P|target:%20_blank|&#8221; el_class=&#8221;btn_descargar_ficha&#8221;][\/vc_column][vc_column width=&#8221;1\/2&#8243;][vc_btn title=&#8221;MANUALE DI ISTRUZIONI&#8221; style=&#8221;custom&#8221; custom_background=&#8221;#009bc2&#8243; custom_text=&#8221;#ffffff&#8221; shape=&#8221;square&#8221; el_class=&#8221;btn_descargar_ficha&#8221; link=&#8221;url:https%3A%2F%2Fnewgarden.es%2Fit%2F%3Fpage_id%3D25151|target:%20_blank|&#8221;][\/vc_column][\/vc_row]<\/p>\n<\/section>","protected":false},"excerpt":{"rendered":"<h1 style=\"font-size: 12px;\">TAVOLO BORA CON LUCE<\/h1>\n","protected":false},"featured_media":63263,"template":"","meta":[],"product_cat":[974,1227,977,971],"product_tag":[955,962,961],"class_list":{"0":"post-38414","1":"product","2":"type-product","3":"status-publish","4":"has-post-thumbnail","6":"product_cat-lightdeco-it","7":"product_cat-interni-it","8":"product_cat-mobili","9":"product_cat-seggiole","10":"product_tag-cavo","11":"product_tag-senza-fili-it","12":"product_tag-solare","14":"first","15":"instock","16":"taxable","17":"shipping-taxable","18":"purchasable","19":"product-type-variable"},"yoast_head":"<!-- This site is optimized with the Yoast SEO plugin v24.2 - https:\/\/yoast.com\/wordpress\/plugins\/seo\/ -->\n<title>Tavolino di design in colore illuminato o opaco Bora | Newgarden<\/title>\n<meta name=\"description\" content=\"La sua forma cubica si combina in qualsiasi spazio esterno o interno, giardino, azienda o in qualsiasi angolo della nostra casa.\" \/>\n<meta name=\"robots\" content=\"index, follow, max-snippet:-1, max-image-preview:large, max-video-preview:-1\" \/>\n<link rel=\"canonical\" href=\"https:\/\/newgarden.es\/it\/shop\/mobili\/seggiole\/tavolo-bora-con-luce-uso-interno\/\" \/>\n<meta property=\"og:locale\" content=\"it_IT\" \/>\n<meta property=\"og:type\" content=\"article\" \/>\n<meta property=\"og:title\" content=\"Tavolino di design in colore illuminato o opaco Bora | Newgarden\" \/>\n<meta property=\"og:description\" content=\"La sua forma cubica si combina in qualsiasi spazio esterno o interno, giardino, azienda o in qualsiasi angolo della nostra casa.\" \/>\n<meta property=\"og:url\" content=\"https:\/\/newgarden.es\/it\/shop\/mobili\/seggiole\/tavolo-bora-con-luce-uso-interno\/\" \/>\n<meta property=\"og:site_name\" content=\"Newgarden\" \/>\n<meta property=\"article:modified_time\" content=\"2021-10-04T09:40:20+00:00\" \/>\n<meta property=\"og:image\" content=\"https:\/\/newgarden.es\/wp-content\/uploads\/2021\/09\/bora_1200x1200-5.jpg\" \/>\n\t<meta property=\"og:image:width\" content=\"1200\" \/>\n\t<meta property=\"og:image:height\" content=\"1200\" \/>\n\t<meta property=\"og:image:type\" content=\"image\/jpeg\" \/>\n<meta name=\"twitter:card\" content=\"summary_large_image\" \/>\n<meta name=\"twitter:label1\" content=\"Tempo di lettura stimato\" \/>\n\t<meta name=\"twitter:data1\" content=\"1 minuto\" \/>\n<script type=\"application\/ld+json\" class=\"yoast-schema-graph\">{\"@context\":\"https:\/\/schema.org\",\"@graph\":[{\"@type\":\"WebPage\",\"@id\":\"https:\/\/newgarden.es\/it\/shop\/mobili\/seggiole\/tavolo-bora-con-luce-uso-interno\/\",\"url\":\"https:\/\/newgarden.es\/it\/shop\/mobili\/seggiole\/tavolo-bora-con-luce-uso-interno\/\",\"name\":\"Tavolino di design in colore illuminato o opaco Bora | Newgarden\",\"isPartOf\":{\"@id\":\"https:\/\/newgarden.es\/#website\"},\"primaryImageOfPage\":{\"@id\":\"https:\/\/newgarden.es\/it\/shop\/mobili\/seggiole\/tavolo-bora-con-luce-uso-interno\/#primaryimage\"},\"image\":{\"@id\":\"https:\/\/newgarden.es\/it\/shop\/mobili\/seggiole\/tavolo-bora-con-luce-uso-interno\/#primaryimage\"},\"thumbnailUrl\":\"https:\/\/newgarden.es\/wp-content\/uploads\/2021\/09\/bora_1200x1200-5.jpg\",\"datePublished\":\"2021-09-15T12:55:17+00:00\",\"dateModified\":\"2021-10-04T09:40:20+00:00\",\"description\":\"La sua forma cubica si combina in qualsiasi spazio esterno o interno, giardino, azienda o in qualsiasi angolo della nostra casa.\",\"breadcrumb\":{\"@id\":\"https:\/\/newgarden.es\/it\/shop\/mobili\/seggiole\/tavolo-bora-con-luce-uso-interno\/#breadcrumb\"},\"inLanguage\":\"it-IT\",\"potentialAction\":[{\"@type\":\"ReadAction\",\"target\":[\"https:\/\/newgarden.es\/it\/shop\/mobili\/seggiole\/tavolo-bora-con-luce-uso-interno\/\"]}]},{\"@type\":\"ImageObject\",\"inLanguage\":\"it-IT\",\"@id\":\"https:\/\/newgarden.es\/it\/shop\/mobili\/seggiole\/tavolo-bora-con-luce-uso-interno\/#primaryimage\",\"url\":\"https:\/\/newgarden.es\/wp-content\/uploads\/2021\/09\/bora_1200x1200-5.jpg\",\"contentUrl\":\"https:\/\/newgarden.es\/wp-content\/uploads\/2021\/09\/bora_1200x1200-5.jpg\",\"width\":1200,\"height\":1200},{\"@type\":\"BreadcrumbList\",\"@id\":\"https:\/\/newgarden.es\/it\/shop\/mobili\/seggiole\/tavolo-bora-con-luce-uso-interno\/#breadcrumb\",\"itemListElement\":[{\"@type\":\"ListItem\",\"position\":1,\"name\":\"Home\",\"item\":\"https:\/\/newgarden.es\/it\/\"},{\"@type\":\"ListItem\",\"position\":2,\"name\":\"Collezione\",\"item\":\"https:\/\/newgarden.es\/it\/negozio\/\"},{\"@type\":\"ListItem\",\"position\":3,\"name\":\"TAVOLO BORA CON LUCE | USO INTERNO\"}]},{\"@type\":\"WebSite\",\"@id\":\"https:\/\/newgarden.es\/#website\",\"url\":\"https:\/\/newgarden.es\/\",\"name\":\"Newgarden\",\"description\":\"Be happy\",\"potentialAction\":[{\"@type\":\"SearchAction\",\"target\":{\"@type\":\"EntryPoint\",\"urlTemplate\":\"https:\/\/newgarden.es\/?s={search_term_string}\"},\"query-input\":{\"@type\":\"PropertyValueSpecification\",\"valueRequired\":true,\"valueName\":\"search_term_string\"}}],\"inLanguage\":\"it-IT\"}]}<\/script>\n<!-- \/ Yoast SEO plugin. -->","yoast_head_json":{"title":"Tavolino di design in colore illuminato o opaco Bora | Newgarden","description":"La sua forma cubica si combina in qualsiasi spazio esterno o interno, giardino, azienda o in qualsiasi angolo della nostra casa.","robots":{"index":"index","follow":"follow","max-snippet":"max-snippet:-1","max-image-preview":"max-image-preview:large","max-video-preview":"max-video-preview:-1"},"canonical":"https:\/\/newgarden.es\/it\/shop\/mobili\/seggiole\/tavolo-bora-con-luce-uso-interno\/","og_locale":"it_IT","og_type":"article","og_title":"Tavolino di design in colore illuminato o opaco Bora | Newgarden","og_description":"La sua forma cubica si combina in qualsiasi spazio esterno o interno, giardino, azienda o in qualsiasi angolo della nostra casa.","og_url":"https:\/\/newgarden.es\/it\/shop\/mobili\/seggiole\/tavolo-bora-con-luce-uso-interno\/","og_site_name":"Newgarden","article_modified_time":"2021-10-04T09:40:20+00:00","og_image":[{"width":1200,"height":1200,"url":"https:\/\/newgarden.es\/wp-content\/uploads\/2021\/09\/bora_1200x1200-5.jpg","type":"image\/jpeg"}],"twitter_card":"summary_large_image","twitter_misc":{"Tempo di lettura stimato":"1 minuto"},"schema":{"@context":"https:\/\/schema.org","@graph":[{"@type":"WebPage","@id":"https:\/\/newgarden.es\/it\/shop\/mobili\/seggiole\/tavolo-bora-con-luce-uso-interno\/","url":"https:\/\/newgarden.es\/it\/shop\/mobili\/seggiole\/tavolo-bora-con-luce-uso-interno\/","name":"Tavolino di design in colore illuminato o opaco Bora | Newgarden","isPartOf":{"@id":"https:\/\/newgarden.es\/#website"},"primaryImageOfPage":{"@id":"https:\/\/newgarden.es\/it\/shop\/mobili\/seggiole\/tavolo-bora-con-luce-uso-interno\/#primaryimage"},"image":{"@id":"https:\/\/newgarden.es\/it\/shop\/mobili\/seggiole\/tavolo-bora-con-luce-uso-interno\/#primaryimage"},"thumbnailUrl":"https:\/\/newgarden.es\/wp-content\/uploads\/2021\/09\/bora_1200x1200-5.jpg","datePublished":"2021-09-15T12:55:17+00:00","dateModified":"2021-10-04T09:40:20+00:00","description":"La sua forma cubica si combina in qualsiasi spazio esterno o interno, giardino, azienda o in qualsiasi angolo della nostra casa.","breadcrumb":{"@id":"https:\/\/newgarden.es\/it\/shop\/mobili\/seggiole\/tavolo-bora-con-luce-uso-interno\/#breadcrumb"},"inLanguage":"it-IT","potentialAction":[{"@type":"ReadAction","target":["https:\/\/newgarden.es\/it\/shop\/mobili\/seggiole\/tavolo-bora-con-luce-uso-interno\/"]}]},{"@type":"ImageObject","inLanguage":"it-IT","@id":"https:\/\/newgarden.es\/it\/shop\/mobili\/seggiole\/tavolo-bora-con-luce-uso-interno\/#primaryimage","url":"https:\/\/newgarden.es\/wp-content\/uploads\/2021\/09\/bora_1200x1200-5.jpg","contentUrl":"https:\/\/newgarden.es\/wp-content\/uploads\/2021\/09\/bora_1200x1200-5.jpg","width":1200,"height":1200},{"@type":"BreadcrumbList","@id":"https:\/\/newgarden.es\/it\/shop\/mobili\/seggiole\/tavolo-bora-con-luce-uso-interno\/#breadcrumb","itemListElement":[{"@type":"ListItem","position":1,"name":"Home","item":"https:\/\/newgarden.es\/it\/"},{"@type":"ListItem","position":2,"name":"Collezione","item":"https:\/\/newgarden.es\/it\/negozio\/"},{"@type":"ListItem","position":3,"name":"TAVOLO BORA CON LUCE | USO INTERNO"}]},{"@type":"WebSite","@id":"https:\/\/newgarden.es\/#website","url":"https:\/\/newgarden.es\/","name":"Newgarden","description":"Be happy","potentialAction":[{"@type":"SearchAction","target":{"@type":"EntryPoint","urlTemplate":"https:\/\/newgarden.es\/?s={search_term_string}"},"query-input":{"@type":"PropertyValueSpecification","valueRequired":true,"valueName":"search_term_string"}}],"inLanguage":"it-IT"}]}},"df_price":156.5,"df_sale_price":"","df_regular_price":156.5,"df_image_link":"https:\/\/newgarden.es\/wp-content\/uploads\/2021\/09\/bora_1200x1200-5-580x400.jpg","_links":{"self":[{"href":"https:\/\/newgarden.es\/it\/wp-json\/wp\/v2\/product\/38414"}],"collection":[{"href":"https:\/\/newgarden.es\/it\/wp-json\/wp\/v2\/product"}],"about":[{"href":"https:\/\/newgarden.es\/it\/wp-json\/wp\/v2\/types\/product"}],"wp:featuredmedia":[{"embeddable":true,"href":"https:\/\/newgarden.es\/it\/wp-json\/wp\/v2\/media\/63263"}],"wp:attachment":[{"href":"https:\/\/newgarden.es\/it\/wp-json\/wp\/v2\/media?parent=38414"}],"wp:term":[{"taxonomy":"product_cat","embeddable":true,"href":"https:\/\/newgarden.es\/it\/wp-json\/wp\/v2\/product_cat?post=38414"},{"taxonomy":"product_tag","embeddable":true,"href":"https:\/\/newgarden.es\/it\/wp-json\/wp\/v2\/product_tag?post=38414"}],"curies":[{"name":"wp","href":"https:\/\/api.w.org\/{rel}","templated":true}]}}