{"id":41758,"date":"2022-02-21T12:09:00","date_gmt":"2022-02-21T11:09:10","guid":{"rendered":"https:\/\/newgarden.es\/?post_type=product&#038;p=41758"},"modified":"2024-06-13T15:26:13","modified_gmt":"2024-06-13T13:26:13","slug":"lampada-da-parete-senza-filo-sisine-25-copia-2","status":"publish","type":"product","link":"https:\/\/newgarden.es\/it\/shop\/lightdeco-it\/lampada-da-parete\/lampada-da-parete-senza-filo-sisine-25-copia-2\/","title":{"rendered":"LAMPADA DA PARETE SAONA"},"content":{"rendered":"<section class=\"wpb-content-wrapper\"><p>[vc_row][vc_column][vc_column_text][\/vc_column_text][\/vc_column][\/vc_row][vc_row][vc_column][vc_column_text]La lampada da parete Saona \u00e8 intrecciata a mano con fibre naturali. Facilissima da installare, questa lampada da parete diventer\u00e0 indispensabile per illuminare qualsiasi spazio del vostro giardino, dandogli un tocco naturale.<\/p>\n<p>Incorpora una lampadina portatile ricaricabile da 900 lumen che non richiede installazione: basta avvicinarla alla lampada e questa aderir\u00e0 grazie alla sua base magnetizzata. Questa lampadina \u00e8 dotata anche di un telecomando che consente di accenderla, spegnerla e regolarne l&#8217;intensit\u00e0.<\/p>\n<p>Questa lampada fa parte della famiglia Saona e pu\u00f2 essere combinata con una lampada a sospensione, una lampada da tavolo e una lampada da terra.[\/vc_column_text][vc_video link=&#8221;https:\/\/youtu.be\/YEtzCTqHdwg&#8221;][\/vc_column][\/vc_row][vc_row][vc_column width=&#8221;1\/2&#8243;][vc_btn title=&#8221;SCHEDA TECNICA&#8221; style=&#8221;custom&#8221; custom_background=&#8221;#009bc2&#8243; custom_text=&#8221;#ffffff&#8221; shape=&#8221;square&#8221; el_class=&#8221;btn_descargar_ficha&#8221; link=&#8221;url:https%3A%2F%2Fbit.ly%2F3OsylEr|target:%20_blank|&#8221;][\/vc_column][vc_column width=&#8221;1\/2&#8243;][vc_btn title=&#8221;MANUALE DI ISTRUZIONI&#8221; style=&#8221;custom&#8221; custom_background=&#8221;#009bc2&#8243; custom_text=&#8221;#ffffff&#8221; shape=&#8221;square&#8221; el_class=&#8221;btn_descargar_ficha&#8221; link=&#8221;url:https%3A%2F%2Fbit.ly%2F3cWoJ7x|target:%20_blank|&#8221;][\/vc_column][\/vc_row]<\/p>\n<\/section>","protected":false},"excerpt":{"rendered":"<p>[vc_row][vc_column][vc_column_text][\/vc_column_text][\/vc_column][\/vc_row][vc_row][vc_column][vc_column_text]La lampada da parete Saona \u00e8 intrecciata a mano con fibre naturali. Facilissima da installare, questa lampada da parete diventer\u00e0 indispensabile per illuminare qualsiasi spazio del vostro giardino, dandogli un<\/p>\n","protected":false},"featured_media":56737,"template":"","meta":[],"product_cat":[974,969],"product_tag":[953,962],"class_list":{"0":"post-41758","1":"product","2":"type-product","3":"status-publish","4":"has-post-thumbnail","6":"product_cat-lightdeco-it","7":"product_cat-lampada-da-parete","8":"product_tag-batteria","9":"product_tag-senza-fili-it","11":"first","12":"instock","13":"taxable","14":"shipping-taxable","15":"purchasable","16":"product-type-variable","17":"has-default-attributes"},"yoast_head":"<!-- This site is optimized with the Yoast SEO plugin v24.2 - https:\/\/yoast.com\/wordpress\/plugins\/seo\/ -->\n<title>LAMPADA DA PARETE SAONA - Newgarden<\/title>\n<meta name=\"description\" content=\"La lampada da parete SAONA diventer\u00e0 un indispensabile per illuminare qualsiasi spazio nel vostro giardino dandogli un tocco naturale.\" \/>\n<meta name=\"robots\" content=\"index, follow, max-snippet:-1, max-image-preview:large, max-video-preview:-1\" \/>\n<link rel=\"canonical\" href=\"https:\/\/newgarden.es\/it\/shop\/lightdeco-it\/lampada-da-parete\/lampada-da-parete-senza-filo-sisine-25-copia-2\/\" \/>\n<meta property=\"og:locale\" content=\"it_IT\" \/>\n<meta property=\"og:type\" content=\"article\" \/>\n<meta property=\"og:title\" content=\"LAMPADA DA PARETE SAONA - Newgarden\" \/>\n<meta property=\"og:description\" content=\"La lampada da parete SAONA diventer\u00e0 un indispensabile per illuminare qualsiasi spazio nel vostro giardino dandogli un tocco naturale.\" \/>\n<meta property=\"og:url\" content=\"https:\/\/newgarden.es\/it\/shop\/lightdeco-it\/lampada-da-parete\/lampada-da-parete-senza-filo-sisine-25-copia-2\/\" \/>\n<meta property=\"og:site_name\" content=\"Newgarden\" \/>\n<meta property=\"article:modified_time\" content=\"2024-06-13T13:26:13+00:00\" \/>\n<meta property=\"og:image\" content=\"https:\/\/newgarden.es\/wp-content\/uploads\/2022\/03\/SAONA_25_WALL_200X1200-3.jpg\" \/>\n\t<meta property=\"og:image:width\" content=\"1200\" \/>\n\t<meta property=\"og:image:height\" content=\"1200\" \/>\n\t<meta property=\"og:image:type\" content=\"image\/jpeg\" \/>\n<meta name=\"twitter:card\" content=\"summary_large_image\" \/>\n<meta name=\"twitter:label1\" content=\"Tempo di lettura stimato\" \/>\n\t<meta name=\"twitter:data1\" content=\"1 minuto\" \/>\n<script type=\"application\/ld+json\" class=\"yoast-schema-graph\">{\"@context\":\"https:\/\/schema.org\",\"@graph\":[{\"@type\":\"WebPage\",\"@id\":\"https:\/\/newgarden.es\/it\/shop\/lightdeco-it\/lampada-da-parete\/lampada-da-parete-senza-filo-sisine-25-copia-2\/\",\"url\":\"https:\/\/newgarden.es\/it\/shop\/lightdeco-it\/lampada-da-parete\/lampada-da-parete-senza-filo-sisine-25-copia-2\/\",\"name\":\"LAMPADA DA PARETE SAONA - Newgarden\",\"isPartOf\":{\"@id\":\"https:\/\/newgarden.es\/#website\"},\"primaryImageOfPage\":{\"@id\":\"https:\/\/newgarden.es\/it\/shop\/lightdeco-it\/lampada-da-parete\/lampada-da-parete-senza-filo-sisine-25-copia-2\/#primaryimage\"},\"image\":{\"@id\":\"https:\/\/newgarden.es\/it\/shop\/lightdeco-it\/lampada-da-parete\/lampada-da-parete-senza-filo-sisine-25-copia-2\/#primaryimage\"},\"thumbnailUrl\":\"https:\/\/newgarden.es\/wp-content\/uploads\/2022\/03\/SAONA_25_WALL_200X1200-3.jpg\",\"datePublished\":\"2022-02-21T11:09:10+00:00\",\"dateModified\":\"2024-06-13T13:26:13+00:00\",\"description\":\"La lampada da parete SAONA diventer\u00e0 un indispensabile per illuminare qualsiasi spazio nel vostro giardino dandogli un tocco naturale.\",\"breadcrumb\":{\"@id\":\"https:\/\/newgarden.es\/it\/shop\/lightdeco-it\/lampada-da-parete\/lampada-da-parete-senza-filo-sisine-25-copia-2\/#breadcrumb\"},\"inLanguage\":\"it-IT\",\"potentialAction\":[{\"@type\":\"ReadAction\",\"target\":[\"https:\/\/newgarden.es\/it\/shop\/lightdeco-it\/lampada-da-parete\/lampada-da-parete-senza-filo-sisine-25-copia-2\/\"]}]},{\"@type\":\"ImageObject\",\"inLanguage\":\"it-IT\",\"@id\":\"https:\/\/newgarden.es\/it\/shop\/lightdeco-it\/lampada-da-parete\/lampada-da-parete-senza-filo-sisine-25-copia-2\/#primaryimage\",\"url\":\"https:\/\/newgarden.es\/wp-content\/uploads\/2022\/03\/SAONA_25_WALL_200X1200-3.jpg\",\"contentUrl\":\"https:\/\/newgarden.es\/wp-content\/uploads\/2022\/03\/SAONA_25_WALL_200X1200-3.jpg\",\"width\":1200,\"height\":1200},{\"@type\":\"BreadcrumbList\",\"@id\":\"https:\/\/newgarden.es\/it\/shop\/lightdeco-it\/lampada-da-parete\/lampada-da-parete-senza-filo-sisine-25-copia-2\/#breadcrumb\",\"itemListElement\":[{\"@type\":\"ListItem\",\"position\":1,\"name\":\"Home\",\"item\":\"https:\/\/newgarden.es\/it\/\"},{\"@type\":\"ListItem\",\"position\":2,\"name\":\"Collezione\",\"item\":\"https:\/\/newgarden.es\/it\/negozio\/\"},{\"@type\":\"ListItem\",\"position\":3,\"name\":\"LAMPADA DA PARETE SAONA\"}]},{\"@type\":\"WebSite\",\"@id\":\"https:\/\/newgarden.es\/#website\",\"url\":\"https:\/\/newgarden.es\/\",\"name\":\"Newgarden\",\"description\":\"Be happy\",\"potentialAction\":[{\"@type\":\"SearchAction\",\"target\":{\"@type\":\"EntryPoint\",\"urlTemplate\":\"https:\/\/newgarden.es\/?s={search_term_string}\"},\"query-input\":{\"@type\":\"PropertyValueSpecification\",\"valueRequired\":true,\"valueName\":\"search_term_string\"}}],\"inLanguage\":\"it-IT\"}]}<\/script>\n<!-- \/ Yoast SEO plugin. -->","yoast_head_json":{"title":"LAMPADA DA PARETE SAONA - Newgarden","description":"La lampada da parete SAONA diventer\u00e0 un indispensabile per illuminare qualsiasi spazio nel vostro giardino dandogli un tocco naturale.","robots":{"index":"index","follow":"follow","max-snippet":"max-snippet:-1","max-image-preview":"max-image-preview:large","max-video-preview":"max-video-preview:-1"},"canonical":"https:\/\/newgarden.es\/it\/shop\/lightdeco-it\/lampada-da-parete\/lampada-da-parete-senza-filo-sisine-25-copia-2\/","og_locale":"it_IT","og_type":"article","og_title":"LAMPADA DA PARETE SAONA - Newgarden","og_description":"La lampada da parete SAONA diventer\u00e0 un indispensabile per illuminare qualsiasi spazio nel vostro giardino dandogli un tocco naturale.","og_url":"https:\/\/newgarden.es\/it\/shop\/lightdeco-it\/lampada-da-parete\/lampada-da-parete-senza-filo-sisine-25-copia-2\/","og_site_name":"Newgarden","article_modified_time":"2024-06-13T13:26:13+00:00","og_image":[{"width":1200,"height":1200,"url":"https:\/\/newgarden.es\/wp-content\/uploads\/2022\/03\/SAONA_25_WALL_200X1200-3.jpg","type":"image\/jpeg"}],"twitter_card":"summary_large_image","twitter_misc":{"Tempo di lettura stimato":"1 minuto"},"schema":{"@context":"https:\/\/schema.org","@graph":[{"@type":"WebPage","@id":"https:\/\/newgarden.es\/it\/shop\/lightdeco-it\/lampada-da-parete\/lampada-da-parete-senza-filo-sisine-25-copia-2\/","url":"https:\/\/newgarden.es\/it\/shop\/lightdeco-it\/lampada-da-parete\/lampada-da-parete-senza-filo-sisine-25-copia-2\/","name":"LAMPADA DA PARETE SAONA - Newgarden","isPartOf":{"@id":"https:\/\/newgarden.es\/#website"},"primaryImageOfPage":{"@id":"https:\/\/newgarden.es\/it\/shop\/lightdeco-it\/lampada-da-parete\/lampada-da-parete-senza-filo-sisine-25-copia-2\/#primaryimage"},"image":{"@id":"https:\/\/newgarden.es\/it\/shop\/lightdeco-it\/lampada-da-parete\/lampada-da-parete-senza-filo-sisine-25-copia-2\/#primaryimage"},"thumbnailUrl":"https:\/\/newgarden.es\/wp-content\/uploads\/2022\/03\/SAONA_25_WALL_200X1200-3.jpg","datePublished":"2022-02-21T11:09:10+00:00","dateModified":"2024-06-13T13:26:13+00:00","description":"La lampada da parete SAONA diventer\u00e0 un indispensabile per illuminare qualsiasi spazio nel vostro giardino dandogli un tocco naturale.","breadcrumb":{"@id":"https:\/\/newgarden.es\/it\/shop\/lightdeco-it\/lampada-da-parete\/lampada-da-parete-senza-filo-sisine-25-copia-2\/#breadcrumb"},"inLanguage":"it-IT","potentialAction":[{"@type":"ReadAction","target":["https:\/\/newgarden.es\/it\/shop\/lightdeco-it\/lampada-da-parete\/lampada-da-parete-senza-filo-sisine-25-copia-2\/"]}]},{"@type":"ImageObject","inLanguage":"it-IT","@id":"https:\/\/newgarden.es\/it\/shop\/lightdeco-it\/lampada-da-parete\/lampada-da-parete-senza-filo-sisine-25-copia-2\/#primaryimage","url":"https:\/\/newgarden.es\/wp-content\/uploads\/2022\/03\/SAONA_25_WALL_200X1200-3.jpg","contentUrl":"https:\/\/newgarden.es\/wp-content\/uploads\/2022\/03\/SAONA_25_WALL_200X1200-3.jpg","width":1200,"height":1200},{"@type":"BreadcrumbList","@id":"https:\/\/newgarden.es\/it\/shop\/lightdeco-it\/lampada-da-parete\/lampada-da-parete-senza-filo-sisine-25-copia-2\/#breadcrumb","itemListElement":[{"@type":"ListItem","position":1,"name":"Home","item":"https:\/\/newgarden.es\/it\/"},{"@type":"ListItem","position":2,"name":"Collezione","item":"https:\/\/newgarden.es\/it\/negozio\/"},{"@type":"ListItem","position":3,"name":"LAMPADA DA PARETE SAONA"}]},{"@type":"WebSite","@id":"https:\/\/newgarden.es\/#website","url":"https:\/\/newgarden.es\/","name":"Newgarden","description":"Be happy","potentialAction":[{"@type":"SearchAction","target":{"@type":"EntryPoint","urlTemplate":"https:\/\/newgarden.es\/?s={search_term_string}"},"query-input":{"@type":"PropertyValueSpecification","valueRequired":true,"valueName":"search_term_string"}}],"inLanguage":"it-IT"}]}},"df_price":51,"df_sale_price":"","df_regular_price":51,"df_image_link":"https:\/\/newgarden.es\/wp-content\/uploads\/2022\/03\/SAONA_25_WALL_200X1200-3-580x400.jpg","_links":{"self":[{"href":"https:\/\/newgarden.es\/it\/wp-json\/wp\/v2\/product\/41758"}],"collection":[{"href":"https:\/\/newgarden.es\/it\/wp-json\/wp\/v2\/product"}],"about":[{"href":"https:\/\/newgarden.es\/it\/wp-json\/wp\/v2\/types\/product"}],"wp:featuredmedia":[{"embeddable":true,"href":"https:\/\/newgarden.es\/it\/wp-json\/wp\/v2\/media\/56737"}],"wp:attachment":[{"href":"https:\/\/newgarden.es\/it\/wp-json\/wp\/v2\/media?parent=41758"}],"wp:term":[{"taxonomy":"product_cat","embeddable":true,"href":"https:\/\/newgarden.es\/it\/wp-json\/wp\/v2\/product_cat?post=41758"},{"taxonomy":"product_tag","embeddable":true,"href":"https:\/\/newgarden.es\/it\/wp-json\/wp\/v2\/product_tag?post=41758"}],"curies":[{"name":"wp","href":"https:\/\/api.w.org\/{rel}","templated":true}]}}