{"id":42434,"date":"2022-03-10T14:57:40","date_gmt":"2022-03-10T13:57:49","guid":{"rendered":"https:\/\/newgarden.es\/?post_type=product&#038;p=42434"},"modified":"2024-06-13T11:45:10","modified_gmt":"2024-06-13T09:45:10","slug":"magnolia-160-color","status":"publish","type":"product","link":"https:\/\/newgarden.es\/it\/shop\/vasi\/vasi-non-illuminati\/magnolia-160-color\/","title":{"rendered":"VASO CILINDRICO CPOLORE  MAGNOLIA 160"},"content":{"rendered":"<section class=\"wpb-content-wrapper\"><p>[vc_row][vc_column el_class=&#8221;descripcion_producto&#8221;][vc_column_text]<br \/>\nFIORIERA GIGANTE IN COLORE MAGNOLIA 160<\/p>\n<p>* MAGNOLIA \u00e8 considerata una delle fioriere di punta della collezione da giardino Newgarden. La sua ampia variet\u00e0 di finiture, dimensioni e colori la rendono un must della gamma di fioriere rotonde.<\/p>\n<p>Magnolia 160 \u00e8 adatta all&#8217;arredo urbano grazie al suo design, alle sue dimensioni e alla sua stabilit\u00e0 (pu\u00f2 pesare fino a una tonnellata nella finitura a colori). Un sostituto pratico ed elegante del dissuasore.<\/p>\n<p>Tutti i prodotti Newgarden sono realizzati in polietilene, che li rende altamente resistenti alle temperature estreme. Sono inoltre protetti dai raggi UV, rendendo la durata del prodotto straordinariamente lunga.<br \/>\n[\/vc_column_text][\/vc_column][\/vc_row][vc_row disable_element=&#8221;yes&#8221;][vc_column][vc_single_image image=&#8221;6566&#8243; img_size=&#8221;full&#8221;][\/vc_column][\/vc_row][vc_row][vc_column width=&#8221;1\/2&#8243;][vc_btn title=&#8221;SCHEDA TECNICA&#8221; style=&#8221;custom&#8221; custom_background=&#8221;#009bc2&#8243; custom_text=&#8221;#ffffff&#8221; shape=&#8221;square&#8221; link=&#8221;url:https%3A%2F%2Fbit.ly%2F39JGNAK|target:%20_blank|&#8221; el_class=&#8221;btn_descargar_ficha&#8221;][\/vc_column][vc_column width=&#8221;1\/2&#8243;][\/vc_column][\/vc_row]<\/p>\n<\/section>","protected":false},"excerpt":{"rendered":"<h5><strong>Vaso dalla forma conica per esterni Magnolia 160<\/strong><\/h5>\n","protected":false},"featured_media":60757,"template":"","meta":[],"product_cat":[976,987,1593],"product_tag":[],"class_list":{"0":"post-42434","1":"product","2":"type-product","3":"status-publish","4":"has-post-thumbnail","6":"product_cat-vasi","7":"product_cat-vasi-non-illuminati","8":"product_cat-vasi-rotondi","10":"first","11":"instock","12":"taxable","13":"shipping-taxable","14":"purchasable","15":"product-type-variable"},"yoast_head":"<!-- This site is optimized with the Yoast SEO plugin v24.2 - https:\/\/yoast.com\/wordpress\/plugins\/seo\/ -->\n<title>MAGNOLIA 160 COLOR VASI DI FIORI GIARDINO<\/title>\n<meta name=\"description\" content=\"* MAGNOLIA \u00e8 considerata una delle piantatrici di stelle della collezione da giardino Newgarden. La sua grande variet\u00e0 di dimensioni e colori finiti lo ren\" \/>\n<meta name=\"robots\" content=\"index, follow, max-snippet:-1, max-image-preview:large, max-video-preview:-1\" \/>\n<link rel=\"canonical\" href=\"https:\/\/newgarden.es\/it\/shop\/vasi\/vasi-non-illuminati\/magnolia-160-color\/\" \/>\n<meta property=\"og:locale\" content=\"it_IT\" \/>\n<meta property=\"og:type\" content=\"article\" \/>\n<meta property=\"og:title\" content=\"MAGNOLIA 160 COLOR VASI DI FIORI GIARDINO\" \/>\n<meta property=\"og:description\" content=\"* MAGNOLIA \u00e8 considerata una delle piantatrici di stelle della collezione da giardino Newgarden. La sua grande variet\u00e0 di dimensioni e colori finiti lo ren\" \/>\n<meta property=\"og:url\" content=\"https:\/\/newgarden.es\/it\/shop\/vasi\/vasi-non-illuminati\/magnolia-160-color\/\" \/>\n<meta property=\"og:site_name\" content=\"Newgarden\" \/>\n<meta property=\"article:modified_time\" content=\"2024-06-13T09:45:10+00:00\" \/>\n<meta property=\"og:image\" content=\"https:\/\/newgarden.es\/wp-content\/uploads\/2022\/03\/MAGNOLIA_160_1200X1200-11.jpg\" \/>\n\t<meta property=\"og:image:width\" content=\"1200\" \/>\n\t<meta property=\"og:image:height\" content=\"1200\" \/>\n\t<meta property=\"og:image:type\" content=\"image\/jpeg\" \/>\n<meta name=\"twitter:card\" content=\"summary_large_image\" \/>\n<meta name=\"twitter:label1\" content=\"Tempo di lettura stimato\" \/>\n\t<meta name=\"twitter:data1\" content=\"1 minuto\" \/>\n<script type=\"application\/ld+json\" class=\"yoast-schema-graph\">{\"@context\":\"https:\/\/schema.org\",\"@graph\":[{\"@type\":\"WebPage\",\"@id\":\"https:\/\/newgarden.es\/it\/shop\/vasi\/vasi-non-illuminati\/magnolia-160-color\/\",\"url\":\"https:\/\/newgarden.es\/it\/shop\/vasi\/vasi-non-illuminati\/magnolia-160-color\/\",\"name\":\"MAGNOLIA 160 COLOR VASI DI FIORI GIARDINO\",\"isPartOf\":{\"@id\":\"https:\/\/newgarden.es\/#website\"},\"primaryImageOfPage\":{\"@id\":\"https:\/\/newgarden.es\/it\/shop\/vasi\/vasi-non-illuminati\/magnolia-160-color\/#primaryimage\"},\"image\":{\"@id\":\"https:\/\/newgarden.es\/it\/shop\/vasi\/vasi-non-illuminati\/magnolia-160-color\/#primaryimage\"},\"thumbnailUrl\":\"https:\/\/newgarden.es\/wp-content\/uploads\/2022\/03\/MAGNOLIA_160_1200X1200-11.jpg\",\"datePublished\":\"2022-03-10T13:57:49+00:00\",\"dateModified\":\"2024-06-13T09:45:10+00:00\",\"description\":\"* MAGNOLIA \u00e8 considerata una delle piantatrici di stelle della collezione da giardino Newgarden. La sua grande variet\u00e0 di dimensioni e colori finiti lo ren\",\"breadcrumb\":{\"@id\":\"https:\/\/newgarden.es\/it\/shop\/vasi\/vasi-non-illuminati\/magnolia-160-color\/#breadcrumb\"},\"inLanguage\":\"it-IT\",\"potentialAction\":[{\"@type\":\"ReadAction\",\"target\":[\"https:\/\/newgarden.es\/it\/shop\/vasi\/vasi-non-illuminati\/magnolia-160-color\/\"]}]},{\"@type\":\"ImageObject\",\"inLanguage\":\"it-IT\",\"@id\":\"https:\/\/newgarden.es\/it\/shop\/vasi\/vasi-non-illuminati\/magnolia-160-color\/#primaryimage\",\"url\":\"https:\/\/newgarden.es\/wp-content\/uploads\/2022\/03\/MAGNOLIA_160_1200X1200-11.jpg\",\"contentUrl\":\"https:\/\/newgarden.es\/wp-content\/uploads\/2022\/03\/MAGNOLIA_160_1200X1200-11.jpg\",\"width\":1200,\"height\":1200},{\"@type\":\"BreadcrumbList\",\"@id\":\"https:\/\/newgarden.es\/it\/shop\/vasi\/vasi-non-illuminati\/magnolia-160-color\/#breadcrumb\",\"itemListElement\":[{\"@type\":\"ListItem\",\"position\":1,\"name\":\"Home\",\"item\":\"https:\/\/newgarden.es\/it\/\"},{\"@type\":\"ListItem\",\"position\":2,\"name\":\"Collezione\",\"item\":\"https:\/\/newgarden.es\/it\/negozio\/\"},{\"@type\":\"ListItem\",\"position\":3,\"name\":\"VASO CILINDRICO CPOLORE MAGNOLIA 160\"}]},{\"@type\":\"WebSite\",\"@id\":\"https:\/\/newgarden.es\/#website\",\"url\":\"https:\/\/newgarden.es\/\",\"name\":\"Newgarden\",\"description\":\"Be happy\",\"potentialAction\":[{\"@type\":\"SearchAction\",\"target\":{\"@type\":\"EntryPoint\",\"urlTemplate\":\"https:\/\/newgarden.es\/?s={search_term_string}\"},\"query-input\":{\"@type\":\"PropertyValueSpecification\",\"valueRequired\":true,\"valueName\":\"search_term_string\"}}],\"inLanguage\":\"it-IT\"}]}<\/script>\n<!-- \/ Yoast SEO plugin. -->","yoast_head_json":{"title":"MAGNOLIA 160 COLOR VASI DI FIORI GIARDINO","description":"* MAGNOLIA \u00e8 considerata una delle piantatrici di stelle della collezione da giardino Newgarden. La sua grande variet\u00e0 di dimensioni e colori finiti lo ren","robots":{"index":"index","follow":"follow","max-snippet":"max-snippet:-1","max-image-preview":"max-image-preview:large","max-video-preview":"max-video-preview:-1"},"canonical":"https:\/\/newgarden.es\/it\/shop\/vasi\/vasi-non-illuminati\/magnolia-160-color\/","og_locale":"it_IT","og_type":"article","og_title":"MAGNOLIA 160 COLOR VASI DI FIORI GIARDINO","og_description":"* MAGNOLIA \u00e8 considerata una delle piantatrici di stelle della collezione da giardino Newgarden. La sua grande variet\u00e0 di dimensioni e colori finiti lo ren","og_url":"https:\/\/newgarden.es\/it\/shop\/vasi\/vasi-non-illuminati\/magnolia-160-color\/","og_site_name":"Newgarden","article_modified_time":"2024-06-13T09:45:10+00:00","og_image":[{"width":1200,"height":1200,"url":"https:\/\/newgarden.es\/wp-content\/uploads\/2022\/03\/MAGNOLIA_160_1200X1200-11.jpg","type":"image\/jpeg"}],"twitter_card":"summary_large_image","twitter_misc":{"Tempo di lettura stimato":"1 minuto"},"schema":{"@context":"https:\/\/schema.org","@graph":[{"@type":"WebPage","@id":"https:\/\/newgarden.es\/it\/shop\/vasi\/vasi-non-illuminati\/magnolia-160-color\/","url":"https:\/\/newgarden.es\/it\/shop\/vasi\/vasi-non-illuminati\/magnolia-160-color\/","name":"MAGNOLIA 160 COLOR VASI DI FIORI GIARDINO","isPartOf":{"@id":"https:\/\/newgarden.es\/#website"},"primaryImageOfPage":{"@id":"https:\/\/newgarden.es\/it\/shop\/vasi\/vasi-non-illuminati\/magnolia-160-color\/#primaryimage"},"image":{"@id":"https:\/\/newgarden.es\/it\/shop\/vasi\/vasi-non-illuminati\/magnolia-160-color\/#primaryimage"},"thumbnailUrl":"https:\/\/newgarden.es\/wp-content\/uploads\/2022\/03\/MAGNOLIA_160_1200X1200-11.jpg","datePublished":"2022-03-10T13:57:49+00:00","dateModified":"2024-06-13T09:45:10+00:00","description":"* MAGNOLIA \u00e8 considerata una delle piantatrici di stelle della collezione da giardino Newgarden. La sua grande variet\u00e0 di dimensioni e colori finiti lo ren","breadcrumb":{"@id":"https:\/\/newgarden.es\/it\/shop\/vasi\/vasi-non-illuminati\/magnolia-160-color\/#breadcrumb"},"inLanguage":"it-IT","potentialAction":[{"@type":"ReadAction","target":["https:\/\/newgarden.es\/it\/shop\/vasi\/vasi-non-illuminati\/magnolia-160-color\/"]}]},{"@type":"ImageObject","inLanguage":"it-IT","@id":"https:\/\/newgarden.es\/it\/shop\/vasi\/vasi-non-illuminati\/magnolia-160-color\/#primaryimage","url":"https:\/\/newgarden.es\/wp-content\/uploads\/2022\/03\/MAGNOLIA_160_1200X1200-11.jpg","contentUrl":"https:\/\/newgarden.es\/wp-content\/uploads\/2022\/03\/MAGNOLIA_160_1200X1200-11.jpg","width":1200,"height":1200},{"@type":"BreadcrumbList","@id":"https:\/\/newgarden.es\/it\/shop\/vasi\/vasi-non-illuminati\/magnolia-160-color\/#breadcrumb","itemListElement":[{"@type":"ListItem","position":1,"name":"Home","item":"https:\/\/newgarden.es\/it\/"},{"@type":"ListItem","position":2,"name":"Collezione","item":"https:\/\/newgarden.es\/it\/negozio\/"},{"@type":"ListItem","position":3,"name":"VASO CILINDRICO CPOLORE MAGNOLIA 160"}]},{"@type":"WebSite","@id":"https:\/\/newgarden.es\/#website","url":"https:\/\/newgarden.es\/","name":"Newgarden","description":"Be happy","potentialAction":[{"@type":"SearchAction","target":{"@type":"EntryPoint","urlTemplate":"https:\/\/newgarden.es\/?s={search_term_string}"},"query-input":{"@type":"PropertyValueSpecification","valueRequired":true,"valueName":"search_term_string"}}],"inLanguage":"it-IT"}]}},"df_price":1534.4,"df_sale_price":"","df_regular_price":1534.4,"df_image_link":"https:\/\/newgarden.es\/wp-content\/uploads\/2022\/03\/MAGNOLIA_160_1200X1200-11-580x400.jpg","_links":{"self":[{"href":"https:\/\/newgarden.es\/it\/wp-json\/wp\/v2\/product\/42434"}],"collection":[{"href":"https:\/\/newgarden.es\/it\/wp-json\/wp\/v2\/product"}],"about":[{"href":"https:\/\/newgarden.es\/it\/wp-json\/wp\/v2\/types\/product"}],"wp:featuredmedia":[{"embeddable":true,"href":"https:\/\/newgarden.es\/it\/wp-json\/wp\/v2\/media\/60757"}],"wp:attachment":[{"href":"https:\/\/newgarden.es\/it\/wp-json\/wp\/v2\/media?parent=42434"}],"wp:term":[{"taxonomy":"product_cat","embeddable":true,"href":"https:\/\/newgarden.es\/it\/wp-json\/wp\/v2\/product_cat?post=42434"},{"taxonomy":"product_tag","embeddable":true,"href":"https:\/\/newgarden.es\/it\/wp-json\/wp\/v2\/product_tag?post=42434"}],"curies":[{"name":"wp","href":"https:\/\/api.w.org\/{rel}","templated":true}]}}