{"id":42790,"date":"2022-03-14T15:12:01","date_gmt":"2022-03-14T14:12:05","guid":{"rendered":"https:\/\/newgarden.es\/?post_type=product&#038;p=42790"},"modified":"2024-05-27T14:19:04","modified_gmt":"2024-05-27T12:19:04","slug":"lampadina-portatile-ricaricabile-edy-g125","status":"publish","type":"product","link":"https:\/\/newgarden.es\/it\/shop\/lightdeco-it\/lampade-a-sospensione\/lampadina-portatile-ricaricabile-edy-g125\/","title":{"rendered":"EDY G125 LAMPADINA PORTATILE VINTAGE A BATTERIA"},"content":{"rendered":"<section class=\"wpb-content-wrapper\"><p>[vc_row][vc_column][vc_column_text][\/vc_column_text][\/vc_column][\/vc_row][vc_row][vc_column][vc_column_text]La lampadina vintage portatile senza fili EDY G125 non richiede installazione, basta appenderla o avvicinarla a un&#8217;area metallica e aderir\u00e0 grazie alla sua base magnetizzata. Incorpora un filamento LED di grande luminosit\u00e0 e il suo rivestimento in plastica che simula il vetro fum\u00e9 \u00e8 altamente resistente, quasi infrangibile. Include un gancio metallico per essere appeso e un cavo di due metri.<\/p>\n<p>Questa lampadina comprende anche un telecomando per accenderla e spegnerla, regolarne l&#8217;intensit\u00e0 e utilizzare le funzioni di luce fissa o effetto fiamma.<\/p>\n<p>Ha 400 lumen e un&#8217;autonomia fino a 25 ore a seconda dell&#8217;intensit\u00e0.<\/p>\n<p>1 unit\u00e0 di acquisto equivale a 6 unit\u00e0<\/p>\n<ul>\n<li><strong>DIMENSIONE<\/strong><br \/>\n\u00f812 x 22,5 cm<\/li>\n<\/ul>\n<p>[\/vc_column_text][\/vc_column][\/vc_row][vc_row][vc_column width=&#8221;1\/2&#8243;][vc_btn title=&#8221;SCHEDA TECNICA COLORE BIANCO&#8221; style=&#8221;custom&#8221; custom_background=&#8221;#009bc2&#8243; custom_text=&#8221;#ffffff&#8221; shape=&#8221;square&#8221; link=&#8221;url:https%3A%2F%2Fbit.ly%2F39GpS1P|target:%20_blank|&#8221; el_class=&#8221;btn_descargar_ficha&#8221;][vc_btn title=&#8221;SCHEDA TECNICA COLORE BEIGE&#8221; style=&#8221;custom&#8221; custom_background=&#8221;#009bc2&#8243; custom_text=&#8221;#ffffff&#8221; shape=&#8221;square&#8221; link=&#8221;url:https%3A%2F%2Fbit.ly%2F3xLkL8J|target:%20_blank|&#8221; el_class=&#8221;btn_descargar_ficha&#8221;][vc_btn title=&#8221;SCHEDA TECNICA COLORE NERO&#8221; style=&#8221;custom&#8221; custom_background=&#8221;#009bc2&#8243; custom_text=&#8221;#ffffff&#8221; shape=&#8221;square&#8221; link=&#8221;url:https%3A%2F%2Fbit.ly%2F3xKfOwC|target:%20_blank|&#8221; el_class=&#8221;btn_descargar_ficha&#8221;][\/vc_column][vc_column width=&#8221;1\/2&#8243;][vc_btn title=&#8221;MANUALE DI ISTRUZIONI BIANCO&#8221; style=&#8221;custom&#8221; custom_background=&#8221;#009bc2&#8243; custom_text=&#8221;#ffffff&#8221; shape=&#8221;square&#8221; link=&#8221;url:https%3A%2F%2Fbit.ly%2F3vx00x0|target:%20_blank|&#8221; el_class=&#8221;btn_descargar_ficha&#8221;][vc_btn title=&#8221;MANUALE DI ISTRUZIONI COLORE BEIGE&#8221; style=&#8221;custom&#8221; custom_background=&#8221;#009bc2&#8243; custom_text=&#8221;#ffffff&#8221; shape=&#8221;square&#8221; link=&#8221;url:https%3A%2F%2Fbit.ly%2F3zns5bj|target:%20_blank|&#8221; el_class=&#8221;btn_descargar_ficha&#8221;][vc_btn title=&#8221;MANUALE DI ISTRUZIONI COLORE NERO&#8221; style=&#8221;custom&#8221; custom_background=&#8221;#009bc2&#8243; custom_text=&#8221;#ffffff&#8221; shape=&#8221;square&#8221; link=&#8221;url:https%3A%2F%2Fbit.ly%2F3zmF4dn|target:%20_blank|&#8221; el_class=&#8221;btn_descargar_ficha&#8221;][\/vc_column][vc_column][\/vc_column][\/vc_row]<\/p>\n<\/section>","protected":false},"excerpt":{"rendered":"<p>[vc_row][vc_column][vc_column_text][\/vc_column_text][\/vc_column][\/vc_row][vc_row][vc_column][vc_column_text]La lampadina vintage portatile senza fili EDY G125 non richiede installazione, basta appenderla o avvicinarla a un&#8217;area metallica e aderir\u00e0 grazie alla sua base magnetizzata. Incorpora un filamento LED di<\/p>\n","protected":false},"featured_media":55256,"template":"","meta":[],"product_cat":[974,991,980],"product_tag":[953,962],"class_list":{"0":"post-42790","1":"product","2":"type-product","3":"status-publish","4":"has-post-thumbnail","6":"product_cat-lightdeco-it","7":"product_cat-lampada-portatile","8":"product_cat-lampade-a-sospensione","9":"product_tag-batteria","10":"product_tag-senza-fili-it","12":"first","13":"instock","14":"taxable","15":"shipping-taxable","16":"purchasable","17":"product-type-variable"},"yoast_head":"<!-- This site is optimized with the Yoast SEO plugin v24.2 - https:\/\/yoast.com\/wordpress\/plugins\/seo\/ -->\n<title>EDY G125 LAMPADINA PORTATILE VINTAGE A BATTERIA - Newgarden<\/title>\n<meta name=\"description\" content=\"La lampadina vintage portatile senza fili EDY G125 non richiede installazione, basta appenderla o avvicinarla a una zona metallica e aderir\u00e0 grazie alla\" \/>\n<meta name=\"robots\" content=\"index, follow, max-snippet:-1, max-image-preview:large, max-video-preview:-1\" \/>\n<link rel=\"canonical\" href=\"https:\/\/newgarden.es\/it\/shop\/lightdeco-it\/lampade-a-sospensione\/lampadina-portatile-ricaricabile-edy-g125\/\" \/>\n<meta property=\"og:locale\" content=\"it_IT\" \/>\n<meta property=\"og:type\" content=\"article\" \/>\n<meta property=\"og:title\" content=\"EDY G125 LAMPADINA PORTATILE VINTAGE A BATTERIA - Newgarden\" \/>\n<meta property=\"og:description\" content=\"La lampadina vintage portatile senza fili EDY G125 non richiede installazione, basta appenderla o avvicinarla a una zona metallica e aderir\u00e0 grazie alla\" \/>\n<meta property=\"og:url\" content=\"https:\/\/newgarden.es\/it\/shop\/lightdeco-it\/lampade-a-sospensione\/lampadina-portatile-ricaricabile-edy-g125\/\" \/>\n<meta property=\"og:site_name\" content=\"Newgarden\" \/>\n<meta property=\"article:modified_time\" content=\"2024-05-27T12:19:04+00:00\" \/>\n<meta property=\"og:image\" content=\"https:\/\/newgarden.es\/wp-content\/uploads\/2022\/03\/EDY_G125_1200X1200-17.jpg\" \/>\n\t<meta property=\"og:image:width\" content=\"1200\" \/>\n\t<meta property=\"og:image:height\" content=\"1200\" \/>\n\t<meta property=\"og:image:type\" content=\"image\/jpeg\" \/>\n<meta name=\"twitter:card\" content=\"summary_large_image\" \/>\n<meta name=\"twitter:label1\" content=\"Tempo di lettura stimato\" \/>\n\t<meta name=\"twitter:data1\" content=\"2 minuti\" \/>\n<script type=\"application\/ld+json\" class=\"yoast-schema-graph\">{\"@context\":\"https:\/\/schema.org\",\"@graph\":[{\"@type\":\"WebPage\",\"@id\":\"https:\/\/newgarden.es\/it\/shop\/lightdeco-it\/lampade-a-sospensione\/lampadina-portatile-ricaricabile-edy-g125\/\",\"url\":\"https:\/\/newgarden.es\/it\/shop\/lightdeco-it\/lampade-a-sospensione\/lampadina-portatile-ricaricabile-edy-g125\/\",\"name\":\"EDY G125 LAMPADINA PORTATILE VINTAGE A BATTERIA - Newgarden\",\"isPartOf\":{\"@id\":\"https:\/\/newgarden.es\/#website\"},\"primaryImageOfPage\":{\"@id\":\"https:\/\/newgarden.es\/it\/shop\/lightdeco-it\/lampade-a-sospensione\/lampadina-portatile-ricaricabile-edy-g125\/#primaryimage\"},\"image\":{\"@id\":\"https:\/\/newgarden.es\/it\/shop\/lightdeco-it\/lampade-a-sospensione\/lampadina-portatile-ricaricabile-edy-g125\/#primaryimage\"},\"thumbnailUrl\":\"https:\/\/newgarden.es\/wp-content\/uploads\/2022\/03\/EDY_G125_1200X1200-17.jpg\",\"datePublished\":\"2022-03-14T14:12:05+00:00\",\"dateModified\":\"2024-05-27T12:19:04+00:00\",\"description\":\"La lampadina vintage portatile senza fili EDY G125 non richiede installazione, basta appenderla o avvicinarla a una zona metallica e aderir\u00e0 grazie alla\",\"breadcrumb\":{\"@id\":\"https:\/\/newgarden.es\/it\/shop\/lightdeco-it\/lampade-a-sospensione\/lampadina-portatile-ricaricabile-edy-g125\/#breadcrumb\"},\"inLanguage\":\"it-IT\",\"potentialAction\":[{\"@type\":\"ReadAction\",\"target\":[\"https:\/\/newgarden.es\/it\/shop\/lightdeco-it\/lampade-a-sospensione\/lampadina-portatile-ricaricabile-edy-g125\/\"]}]},{\"@type\":\"ImageObject\",\"inLanguage\":\"it-IT\",\"@id\":\"https:\/\/newgarden.es\/it\/shop\/lightdeco-it\/lampade-a-sospensione\/lampadina-portatile-ricaricabile-edy-g125\/#primaryimage\",\"url\":\"https:\/\/newgarden.es\/wp-content\/uploads\/2022\/03\/EDY_G125_1200X1200-17.jpg\",\"contentUrl\":\"https:\/\/newgarden.es\/wp-content\/uploads\/2022\/03\/EDY_G125_1200X1200-17.jpg\",\"width\":1200,\"height\":1200},{\"@type\":\"BreadcrumbList\",\"@id\":\"https:\/\/newgarden.es\/it\/shop\/lightdeco-it\/lampade-a-sospensione\/lampadina-portatile-ricaricabile-edy-g125\/#breadcrumb\",\"itemListElement\":[{\"@type\":\"ListItem\",\"position\":1,\"name\":\"Home\",\"item\":\"https:\/\/newgarden.es\/it\/\"},{\"@type\":\"ListItem\",\"position\":2,\"name\":\"Collezione\",\"item\":\"https:\/\/newgarden.es\/it\/negozio\/\"},{\"@type\":\"ListItem\",\"position\":3,\"name\":\"EDY G125 LAMPADINA PORTATILE VINTAGE A BATTERIA\"}]},{\"@type\":\"WebSite\",\"@id\":\"https:\/\/newgarden.es\/#website\",\"url\":\"https:\/\/newgarden.es\/\",\"name\":\"Newgarden\",\"description\":\"Be happy\",\"potentialAction\":[{\"@type\":\"SearchAction\",\"target\":{\"@type\":\"EntryPoint\",\"urlTemplate\":\"https:\/\/newgarden.es\/?s={search_term_string}\"},\"query-input\":{\"@type\":\"PropertyValueSpecification\",\"valueRequired\":true,\"valueName\":\"search_term_string\"}}],\"inLanguage\":\"it-IT\"}]}<\/script>\n<!-- \/ Yoast SEO plugin. -->","yoast_head_json":{"title":"EDY G125 LAMPADINA PORTATILE VINTAGE A BATTERIA - Newgarden","description":"La lampadina vintage portatile senza fili EDY G125 non richiede installazione, basta appenderla o avvicinarla a una zona metallica e aderir\u00e0 grazie alla","robots":{"index":"index","follow":"follow","max-snippet":"max-snippet:-1","max-image-preview":"max-image-preview:large","max-video-preview":"max-video-preview:-1"},"canonical":"https:\/\/newgarden.es\/it\/shop\/lightdeco-it\/lampade-a-sospensione\/lampadina-portatile-ricaricabile-edy-g125\/","og_locale":"it_IT","og_type":"article","og_title":"EDY G125 LAMPADINA PORTATILE VINTAGE A BATTERIA - Newgarden","og_description":"La lampadina vintage portatile senza fili EDY G125 non richiede installazione, basta appenderla o avvicinarla a una zona metallica e aderir\u00e0 grazie alla","og_url":"https:\/\/newgarden.es\/it\/shop\/lightdeco-it\/lampade-a-sospensione\/lampadina-portatile-ricaricabile-edy-g125\/","og_site_name":"Newgarden","article_modified_time":"2024-05-27T12:19:04+00:00","og_image":[{"width":1200,"height":1200,"url":"https:\/\/newgarden.es\/wp-content\/uploads\/2022\/03\/EDY_G125_1200X1200-17.jpg","type":"image\/jpeg"}],"twitter_card":"summary_large_image","twitter_misc":{"Tempo di lettura stimato":"2 minuti"},"schema":{"@context":"https:\/\/schema.org","@graph":[{"@type":"WebPage","@id":"https:\/\/newgarden.es\/it\/shop\/lightdeco-it\/lampade-a-sospensione\/lampadina-portatile-ricaricabile-edy-g125\/","url":"https:\/\/newgarden.es\/it\/shop\/lightdeco-it\/lampade-a-sospensione\/lampadina-portatile-ricaricabile-edy-g125\/","name":"EDY G125 LAMPADINA PORTATILE VINTAGE A BATTERIA - Newgarden","isPartOf":{"@id":"https:\/\/newgarden.es\/#website"},"primaryImageOfPage":{"@id":"https:\/\/newgarden.es\/it\/shop\/lightdeco-it\/lampade-a-sospensione\/lampadina-portatile-ricaricabile-edy-g125\/#primaryimage"},"image":{"@id":"https:\/\/newgarden.es\/it\/shop\/lightdeco-it\/lampade-a-sospensione\/lampadina-portatile-ricaricabile-edy-g125\/#primaryimage"},"thumbnailUrl":"https:\/\/newgarden.es\/wp-content\/uploads\/2022\/03\/EDY_G125_1200X1200-17.jpg","datePublished":"2022-03-14T14:12:05+00:00","dateModified":"2024-05-27T12:19:04+00:00","description":"La lampadina vintage portatile senza fili EDY G125 non richiede installazione, basta appenderla o avvicinarla a una zona metallica e aderir\u00e0 grazie alla","breadcrumb":{"@id":"https:\/\/newgarden.es\/it\/shop\/lightdeco-it\/lampade-a-sospensione\/lampadina-portatile-ricaricabile-edy-g125\/#breadcrumb"},"inLanguage":"it-IT","potentialAction":[{"@type":"ReadAction","target":["https:\/\/newgarden.es\/it\/shop\/lightdeco-it\/lampade-a-sospensione\/lampadina-portatile-ricaricabile-edy-g125\/"]}]},{"@type":"ImageObject","inLanguage":"it-IT","@id":"https:\/\/newgarden.es\/it\/shop\/lightdeco-it\/lampade-a-sospensione\/lampadina-portatile-ricaricabile-edy-g125\/#primaryimage","url":"https:\/\/newgarden.es\/wp-content\/uploads\/2022\/03\/EDY_G125_1200X1200-17.jpg","contentUrl":"https:\/\/newgarden.es\/wp-content\/uploads\/2022\/03\/EDY_G125_1200X1200-17.jpg","width":1200,"height":1200},{"@type":"BreadcrumbList","@id":"https:\/\/newgarden.es\/it\/shop\/lightdeco-it\/lampade-a-sospensione\/lampadina-portatile-ricaricabile-edy-g125\/#breadcrumb","itemListElement":[{"@type":"ListItem","position":1,"name":"Home","item":"https:\/\/newgarden.es\/it\/"},{"@type":"ListItem","position":2,"name":"Collezione","item":"https:\/\/newgarden.es\/it\/negozio\/"},{"@type":"ListItem","position":3,"name":"EDY G125 LAMPADINA PORTATILE VINTAGE A BATTERIA"}]},{"@type":"WebSite","@id":"https:\/\/newgarden.es\/#website","url":"https:\/\/newgarden.es\/","name":"Newgarden","description":"Be happy","potentialAction":[{"@type":"SearchAction","target":{"@type":"EntryPoint","urlTemplate":"https:\/\/newgarden.es\/?s={search_term_string}"},"query-input":{"@type":"PropertyValueSpecification","valueRequired":true,"valueName":"search_term_string"}}],"inLanguage":"it-IT"}]}},"df_price":210,"df_sale_price":"","df_regular_price":210,"df_image_link":"https:\/\/newgarden.es\/wp-content\/uploads\/2022\/03\/EDY_G125_1200X1200-17-580x400.jpg","_links":{"self":[{"href":"https:\/\/newgarden.es\/it\/wp-json\/wp\/v2\/product\/42790"}],"collection":[{"href":"https:\/\/newgarden.es\/it\/wp-json\/wp\/v2\/product"}],"about":[{"href":"https:\/\/newgarden.es\/it\/wp-json\/wp\/v2\/types\/product"}],"wp:featuredmedia":[{"embeddable":true,"href":"https:\/\/newgarden.es\/it\/wp-json\/wp\/v2\/media\/55256"}],"wp:attachment":[{"href":"https:\/\/newgarden.es\/it\/wp-json\/wp\/v2\/media?parent=42790"}],"wp:term":[{"taxonomy":"product_cat","embeddable":true,"href":"https:\/\/newgarden.es\/it\/wp-json\/wp\/v2\/product_cat?post=42790"},{"taxonomy":"product_tag","embeddable":true,"href":"https:\/\/newgarden.es\/it\/wp-json\/wp\/v2\/product_tag?post=42790"}],"curies":[{"name":"wp","href":"https:\/\/api.w.org\/{rel}","templated":true}]}}