{"id":42868,"date":"2022-03-14T15:23:08","date_gmt":"2022-03-14T14:23:12","guid":{"rendered":"https:\/\/newgarden.es\/?post_type=product&#038;p=42868"},"modified":"2024-06-13T11:13:27","modified_gmt":"2024-06-13T09:13:27","slug":"fioriera-portatile-ricaricabile-elba-39","status":"publish","type":"product","link":"https:\/\/newgarden.es\/it\/shop\/vasi\/vasi-illuminati\/fioriera-portatile-ricaricabile-elba-39\/","title":{"rendered":"FIORIERA ROTONDA SOSPESA CON ILLUMINAZIONE SENZA FILI ELBA 39"},"content":{"rendered":"<section class=\"wpb-content-wrapper\"><p>[vc_row][vc_column][vc_column_text][\/vc_column_text][\/vc_column][\/vc_row][vc_row][vc_column][vc_column_text]La fioriera rotonda a sospensione con illuminazione wireless ELBA 39 \u00e8 realizzata in polietilene bianco super resistente. \u00c8 molto facile da installare perch\u00e9 include un magnete che consente di appenderla senza bisogno di fori su qualsiasi superficie magnetica. Per regolarne l&#8217;altezza \u00e8 sufficiente spingere il cavo verso l&#8217;interno.<\/p>\n<p>\u00c8 possibile combinarla con la versione pi\u00f9 grande: ELBA 59.<\/p>\n<p><strong>Include un set di piante artificiali<\/strong><\/p>\n<p>La sua illuminazione: La mano non necessita di installazione, basta avvicinarla all&#8217;anello metallico interno e aderir\u00e0 grazie alla sua base magnetizzata.<\/p>\n<p>Questa lampadina include anche un telecomando per accenderla, spegnerla e regolarne l&#8217;intensit\u00e0.<\/p>\n<p>Ha 900 lumen e un&#8217;autonomia compresa tra 6 e 20 ore a seconda dell&#8217;intensit\u00e0.<\/p>\n<p>&nbsp;<\/p>\n<ul class=\"tablaTech\">\n<li>\n<div class=\"boxContents no-border\">\n<div class=\"name\"><strong>DIMENSIONI<\/strong><\/div>\n<div class=\"data\">\u00f839 x\u00a010 cm<\/div>\n<\/div>\n<\/li>\n<\/ul>\n<p>[\/vc_column_text][vc_video link=&#8221;https:\/\/youtu.be\/Zo0FlNN_K5U&#8221;][\/vc_column][\/vc_row][vc_row][vc_column width=&#8221;1\/2&#8243;][vc_btn title=&#8221;SCHEDA TECNICA&#8221; style=&#8221;custom&#8221; custom_background=&#8221;#009bc2&#8243; custom_text=&#8221;#ffffff&#8221; shape=&#8221;square&#8221; link=&#8221;url:https%3A%2F%2Fbit.ly%2F3zXUtT5|target:%20_blank|&#8221; el_class=&#8221;btn_descargar_ficha&#8221;][\/vc_column][vc_column width=&#8221;1\/2&#8243;][vc_btn title=&#8221;MANUALE DI ISTRUZIONI&#8221; style=&#8221;custom&#8221; custom_background=&#8221;#009bc2&#8243; custom_text=&#8221;#ffffff&#8221; shape=&#8221;square&#8221; link=&#8221;url:https%3A%2F%2Fbit.ly%2F3SiVGLF|target:%20_blank|&#8221; el_class=&#8221;btn_descargar_ficha&#8221;][\/vc_column][vc_column][\/vc_column][\/vc_row]<\/p>\n<\/section>","protected":false},"excerpt":{"rendered":"<p>[vc_row][vc_column][vc_column_text][\/vc_column_text][\/vc_column][\/vc_row][vc_row][vc_column][vc_column_text]La fioriera rotonda a sospensione con illuminazione wireless ELBA 39 \u00e8 realizzata in polietilene bianco super resistente. \u00c8 molto facile da installare perch\u00e9 include un magnete che consente di appenderla<\/p>\n","protected":false},"featured_media":57444,"template":"","meta":[],"product_cat":[974,991,980,976,986],"product_tag":[953,962],"class_list":{"0":"post-42868","1":"product","2":"type-product","3":"status-publish","4":"has-post-thumbnail","6":"product_cat-lightdeco-it","7":"product_cat-lampada-portatile","8":"product_cat-lampade-a-sospensione","9":"product_cat-vasi","10":"product_cat-vasi-illuminati","11":"product_tag-batteria","12":"product_tag-senza-fili-it","14":"first","15":"instock","16":"taxable","17":"shipping-taxable","18":"purchasable","19":"product-type-variable"},"yoast_head":"<!-- This site is optimized with the Yoast SEO plugin v24.2 - https:\/\/yoast.com\/wordpress\/plugins\/seo\/ -->\n<title>FIORIERA ROTONDA SOSPESA CON ILLUMINAZIONE SENZA FILI ELBA 39 - Newgarden<\/title>\n<meta name=\"description\" content=\"Fioriera rotonda sospesa con illuminazione senza fili ELBA 39 \u00e8 realizzata in polietilene bianco super resistente. Molto facile da installare in quanto\" \/>\n<meta name=\"robots\" content=\"index, follow, max-snippet:-1, max-image-preview:large, max-video-preview:-1\" \/>\n<link rel=\"canonical\" href=\"https:\/\/newgarden.es\/it\/shop\/vasi\/vasi-illuminati\/fioriera-portatile-ricaricabile-elba-39\/\" \/>\n<meta property=\"og:locale\" content=\"it_IT\" \/>\n<meta property=\"og:type\" content=\"article\" \/>\n<meta property=\"og:title\" content=\"FIORIERA ROTONDA SOSPESA CON ILLUMINAZIONE SENZA FILI ELBA 39 - Newgarden\" \/>\n<meta property=\"og:description\" content=\"Fioriera rotonda sospesa con illuminazione senza fili ELBA 39 \u00e8 realizzata in polietilene bianco super resistente. Molto facile da installare in quanto\" \/>\n<meta property=\"og:url\" content=\"https:\/\/newgarden.es\/it\/shop\/vasi\/vasi-illuminati\/fioriera-portatile-ricaricabile-elba-39\/\" \/>\n<meta property=\"og:site_name\" content=\"Newgarden\" \/>\n<meta property=\"article:modified_time\" content=\"2024-06-13T09:13:27+00:00\" \/>\n<meta property=\"og:image\" content=\"https:\/\/newgarden.es\/wp-content\/uploads\/2022\/03\/ELBA_35_BATTERY_1200X1200-6-1.jpg\" \/>\n\t<meta property=\"og:image:width\" content=\"1200\" \/>\n\t<meta property=\"og:image:height\" content=\"1200\" \/>\n\t<meta property=\"og:image:type\" content=\"image\/jpeg\" \/>\n<meta name=\"twitter:card\" content=\"summary_large_image\" \/>\n<meta name=\"twitter:label1\" content=\"Tempo di lettura stimato\" \/>\n\t<meta name=\"twitter:data1\" content=\"1 minuto\" \/>\n<script type=\"application\/ld+json\" class=\"yoast-schema-graph\">{\"@context\":\"https:\/\/schema.org\",\"@graph\":[{\"@type\":\"WebPage\",\"@id\":\"https:\/\/newgarden.es\/it\/shop\/vasi\/vasi-illuminati\/fioriera-portatile-ricaricabile-elba-39\/\",\"url\":\"https:\/\/newgarden.es\/it\/shop\/vasi\/vasi-illuminati\/fioriera-portatile-ricaricabile-elba-39\/\",\"name\":\"FIORIERA ROTONDA SOSPESA CON ILLUMINAZIONE SENZA FILI ELBA 39 - Newgarden\",\"isPartOf\":{\"@id\":\"https:\/\/newgarden.es\/#website\"},\"primaryImageOfPage\":{\"@id\":\"https:\/\/newgarden.es\/it\/shop\/vasi\/vasi-illuminati\/fioriera-portatile-ricaricabile-elba-39\/#primaryimage\"},\"image\":{\"@id\":\"https:\/\/newgarden.es\/it\/shop\/vasi\/vasi-illuminati\/fioriera-portatile-ricaricabile-elba-39\/#primaryimage\"},\"thumbnailUrl\":\"https:\/\/newgarden.es\/wp-content\/uploads\/2022\/03\/ELBA_35_BATTERY_1200X1200-6-1.jpg\",\"datePublished\":\"2022-03-14T14:23:12+00:00\",\"dateModified\":\"2024-06-13T09:13:27+00:00\",\"description\":\"Fioriera rotonda sospesa con illuminazione senza fili ELBA 39 \u00e8 realizzata in polietilene bianco super resistente. Molto facile da installare in quanto\",\"breadcrumb\":{\"@id\":\"https:\/\/newgarden.es\/it\/shop\/vasi\/vasi-illuminati\/fioriera-portatile-ricaricabile-elba-39\/#breadcrumb\"},\"inLanguage\":\"it-IT\",\"potentialAction\":[{\"@type\":\"ReadAction\",\"target\":[\"https:\/\/newgarden.es\/it\/shop\/vasi\/vasi-illuminati\/fioriera-portatile-ricaricabile-elba-39\/\"]}]},{\"@type\":\"ImageObject\",\"inLanguage\":\"it-IT\",\"@id\":\"https:\/\/newgarden.es\/it\/shop\/vasi\/vasi-illuminati\/fioriera-portatile-ricaricabile-elba-39\/#primaryimage\",\"url\":\"https:\/\/newgarden.es\/wp-content\/uploads\/2022\/03\/ELBA_35_BATTERY_1200X1200-6-1.jpg\",\"contentUrl\":\"https:\/\/newgarden.es\/wp-content\/uploads\/2022\/03\/ELBA_35_BATTERY_1200X1200-6-1.jpg\",\"width\":1200,\"height\":1200},{\"@type\":\"BreadcrumbList\",\"@id\":\"https:\/\/newgarden.es\/it\/shop\/vasi\/vasi-illuminati\/fioriera-portatile-ricaricabile-elba-39\/#breadcrumb\",\"itemListElement\":[{\"@type\":\"ListItem\",\"position\":1,\"name\":\"Home\",\"item\":\"https:\/\/newgarden.es\/it\/\"},{\"@type\":\"ListItem\",\"position\":2,\"name\":\"Collezione\",\"item\":\"https:\/\/newgarden.es\/it\/negozio\/\"},{\"@type\":\"ListItem\",\"position\":3,\"name\":\"FIORIERA ROTONDA SOSPESA CON ILLUMINAZIONE SENZA FILI ELBA 39\"}]},{\"@type\":\"WebSite\",\"@id\":\"https:\/\/newgarden.es\/#website\",\"url\":\"https:\/\/newgarden.es\/\",\"name\":\"Newgarden\",\"description\":\"Be happy\",\"potentialAction\":[{\"@type\":\"SearchAction\",\"target\":{\"@type\":\"EntryPoint\",\"urlTemplate\":\"https:\/\/newgarden.es\/?s={search_term_string}\"},\"query-input\":{\"@type\":\"PropertyValueSpecification\",\"valueRequired\":true,\"valueName\":\"search_term_string\"}}],\"inLanguage\":\"it-IT\"}]}<\/script>\n<!-- \/ Yoast SEO plugin. -->","yoast_head_json":{"title":"FIORIERA ROTONDA SOSPESA CON ILLUMINAZIONE SENZA FILI ELBA 39 - Newgarden","description":"Fioriera rotonda sospesa con illuminazione senza fili ELBA 39 \u00e8 realizzata in polietilene bianco super resistente. Molto facile da installare in quanto","robots":{"index":"index","follow":"follow","max-snippet":"max-snippet:-1","max-image-preview":"max-image-preview:large","max-video-preview":"max-video-preview:-1"},"canonical":"https:\/\/newgarden.es\/it\/shop\/vasi\/vasi-illuminati\/fioriera-portatile-ricaricabile-elba-39\/","og_locale":"it_IT","og_type":"article","og_title":"FIORIERA ROTONDA SOSPESA CON ILLUMINAZIONE SENZA FILI ELBA 39 - Newgarden","og_description":"Fioriera rotonda sospesa con illuminazione senza fili ELBA 39 \u00e8 realizzata in polietilene bianco super resistente. Molto facile da installare in quanto","og_url":"https:\/\/newgarden.es\/it\/shop\/vasi\/vasi-illuminati\/fioriera-portatile-ricaricabile-elba-39\/","og_site_name":"Newgarden","article_modified_time":"2024-06-13T09:13:27+00:00","og_image":[{"width":1200,"height":1200,"url":"https:\/\/newgarden.es\/wp-content\/uploads\/2022\/03\/ELBA_35_BATTERY_1200X1200-6-1.jpg","type":"image\/jpeg"}],"twitter_card":"summary_large_image","twitter_misc":{"Tempo di lettura stimato":"1 minuto"},"schema":{"@context":"https:\/\/schema.org","@graph":[{"@type":"WebPage","@id":"https:\/\/newgarden.es\/it\/shop\/vasi\/vasi-illuminati\/fioriera-portatile-ricaricabile-elba-39\/","url":"https:\/\/newgarden.es\/it\/shop\/vasi\/vasi-illuminati\/fioriera-portatile-ricaricabile-elba-39\/","name":"FIORIERA ROTONDA SOSPESA CON ILLUMINAZIONE SENZA FILI ELBA 39 - Newgarden","isPartOf":{"@id":"https:\/\/newgarden.es\/#website"},"primaryImageOfPage":{"@id":"https:\/\/newgarden.es\/it\/shop\/vasi\/vasi-illuminati\/fioriera-portatile-ricaricabile-elba-39\/#primaryimage"},"image":{"@id":"https:\/\/newgarden.es\/it\/shop\/vasi\/vasi-illuminati\/fioriera-portatile-ricaricabile-elba-39\/#primaryimage"},"thumbnailUrl":"https:\/\/newgarden.es\/wp-content\/uploads\/2022\/03\/ELBA_35_BATTERY_1200X1200-6-1.jpg","datePublished":"2022-03-14T14:23:12+00:00","dateModified":"2024-06-13T09:13:27+00:00","description":"Fioriera rotonda sospesa con illuminazione senza fili ELBA 39 \u00e8 realizzata in polietilene bianco super resistente. Molto facile da installare in quanto","breadcrumb":{"@id":"https:\/\/newgarden.es\/it\/shop\/vasi\/vasi-illuminati\/fioriera-portatile-ricaricabile-elba-39\/#breadcrumb"},"inLanguage":"it-IT","potentialAction":[{"@type":"ReadAction","target":["https:\/\/newgarden.es\/it\/shop\/vasi\/vasi-illuminati\/fioriera-portatile-ricaricabile-elba-39\/"]}]},{"@type":"ImageObject","inLanguage":"it-IT","@id":"https:\/\/newgarden.es\/it\/shop\/vasi\/vasi-illuminati\/fioriera-portatile-ricaricabile-elba-39\/#primaryimage","url":"https:\/\/newgarden.es\/wp-content\/uploads\/2022\/03\/ELBA_35_BATTERY_1200X1200-6-1.jpg","contentUrl":"https:\/\/newgarden.es\/wp-content\/uploads\/2022\/03\/ELBA_35_BATTERY_1200X1200-6-1.jpg","width":1200,"height":1200},{"@type":"BreadcrumbList","@id":"https:\/\/newgarden.es\/it\/shop\/vasi\/vasi-illuminati\/fioriera-portatile-ricaricabile-elba-39\/#breadcrumb","itemListElement":[{"@type":"ListItem","position":1,"name":"Home","item":"https:\/\/newgarden.es\/it\/"},{"@type":"ListItem","position":2,"name":"Collezione","item":"https:\/\/newgarden.es\/it\/negozio\/"},{"@type":"ListItem","position":3,"name":"FIORIERA ROTONDA SOSPESA CON ILLUMINAZIONE SENZA FILI ELBA 39"}]},{"@type":"WebSite","@id":"https:\/\/newgarden.es\/#website","url":"https:\/\/newgarden.es\/","name":"Newgarden","description":"Be happy","potentialAction":[{"@type":"SearchAction","target":{"@type":"EntryPoint","urlTemplate":"https:\/\/newgarden.es\/?s={search_term_string}"},"query-input":{"@type":"PropertyValueSpecification","valueRequired":true,"valueName":"search_term_string"}}],"inLanguage":"it-IT"}]}},"df_price":79.4,"df_sale_price":"","df_regular_price":79.4,"df_image_link":"https:\/\/newgarden.es\/wp-content\/uploads\/2022\/03\/ELBA_35_BATTERY_1200X1200-6-1-580x400.jpg","_links":{"self":[{"href":"https:\/\/newgarden.es\/it\/wp-json\/wp\/v2\/product\/42868"}],"collection":[{"href":"https:\/\/newgarden.es\/it\/wp-json\/wp\/v2\/product"}],"about":[{"href":"https:\/\/newgarden.es\/it\/wp-json\/wp\/v2\/types\/product"}],"wp:featuredmedia":[{"embeddable":true,"href":"https:\/\/newgarden.es\/it\/wp-json\/wp\/v2\/media\/57444"}],"wp:attachment":[{"href":"https:\/\/newgarden.es\/it\/wp-json\/wp\/v2\/media?parent=42868"}],"wp:term":[{"taxonomy":"product_cat","embeddable":true,"href":"https:\/\/newgarden.es\/it\/wp-json\/wp\/v2\/product_cat?post=42868"},{"taxonomy":"product_tag","embeddable":true,"href":"https:\/\/newgarden.es\/it\/wp-json\/wp\/v2\/product_tag?post=42868"}],"curies":[{"name":"wp","href":"https:\/\/api.w.org\/{rel}","templated":true}]}}