{"id":43903,"date":"2022-04-18T09:51:46","date_gmt":"2022-04-18T07:51:52","guid":{"rendered":"https:\/\/newgarden.es\/?post_type=product&#038;p=43903"},"modified":"2024-06-13T15:53:35","modified_gmt":"2024-06-13T13:53:35","slug":"applique-wally-disk-con-carica-solare","status":"publish","type":"product","link":"https:\/\/newgarden.es\/it\/shop\/lightdeco-it\/lampada-da-parete\/applique-wally-disk-con-carica-solare\/","title":{"rendered":"APPLIQUE WALLY DISK CON CARICA SOLARE"},"content":{"rendered":"<section class=\"wpb-content-wrapper\"><p>[vc_row][vc_column][vc_column_text][\/vc_column_text][\/vc_column][\/vc_row][vc_row][vc_column][vc_column_text]Wally \u00e8 molto pi\u00f9 di una tradizionale lampada da parete. \u00c8 realizzata in plastica riciclata e dispone di un pannello solare per la ricarica. Posizionatela in zone di passaggio, vicino alla piscina o dove volete, ma assicurandovi che riceva sempre la luce diretta del sole in modo da funzionare perfettamente. \u00c8 dotata di un sensore crepuscolare, quindi potete dimenticarvi di accenderla o spegnerla, perch\u00e9 quando rilever\u00e0 che la luce del sole sta diminuendo, si accender\u00e0 automaticamente.<\/p>\n<p>All&#8217;interno della famiglia Wally si trovano forme e dimensioni diverse, oltre che in formato vaso, in modo da poter creare composizioni incredibili.<\/p>\n<p>La famiglia Wally \u00e8 realizzata con materiale riciclato proveniente dagli oceani, \u00e8 un prodotto sostenibile che d\u00e0 nuova vita ai rifiuti plastici sotto forma di lampada. Disponibile in bianco o nero.[\/vc_column_text][\/vc_column][\/vc_row][vc_row][vc_column width=&#8221;1\/2&#8243;][vc_btn title=&#8221;FICHA T\u00c9CNICA WALLY DISK \u00f827&#8243; style=&#8221;custom&#8221; custom_background=&#8221;#009bc2&#8243; custom_text=&#8221;#ffffff&#8221; shape=&#8221;square&#8221; link=&#8221;url:https%3A%2F%2Fbit.ly%2F3blRoSK|&#8221;][vc_btn title=&#8221;FICHA T\u00c9CNICA WALLY DISK \u00f839&#8243; style=&#8221;custom&#8221; custom_background=&#8221;#009bc2&#8243; custom_text=&#8221;#ffffff&#8221; shape=&#8221;square&#8221; el_class=&#8221;btn_descargar_ficha&#8221; link=&#8221;url:https%3A%2F%2Fbit.ly%2F3tSdx1w|target:%20_blank|&#8221;][\/vc_column][vc_column width=&#8221;1\/2&#8243;][vc_btn title=&#8221;MANUAL DE INSTRUCCIONES WALLY DISK \u00f827&#8243; style=&#8221;custom&#8221; custom_background=&#8221;#009bc2&#8243; custom_text=&#8221;#ffffff&#8221; shape=&#8221;square&#8221; el_class=&#8221;btn_descargar_ficha&#8221; link=&#8221;url:https%3A%2F%2Fbit.ly%2F3OMgKXW|target:%20_blank|&#8221;][vc_btn title=&#8221;MANUAL DE INSTRUCCIONES WALLY DISK \u00f839&#8243; style=&#8221;custom&#8221; custom_background=&#8221;#009bc2&#8243; custom_text=&#8221;#ffffff&#8221; shape=&#8221;square&#8221; el_class=&#8221;btn_descargar_ficha&#8221; link=&#8221;url:https%3A%2F%2Fbit.ly%2F3BQuaQ3|target:%20_blank|&#8221;][\/vc_column][\/vc_row]<\/p>\n<\/section>","protected":false},"excerpt":{"rendered":"<p><strong>Applique WALLY DISK con carica solare<\/strong><\/p>\n","protected":false},"featured_media":56642,"template":"","meta":[],"product_cat":[974,969,991],"product_tag":[962,961],"class_list":{"0":"post-43903","1":"product","2":"type-product","3":"status-publish","4":"has-post-thumbnail","6":"product_cat-lightdeco-it","7":"product_cat-lampada-da-parete","8":"product_cat-lampada-portatile","9":"product_tag-senza-fili-it","10":"product_tag-solare","12":"first","13":"instock","14":"taxable","15":"shipping-taxable","16":"purchasable","17":"product-type-variable"},"yoast_head":"<!-- This site is optimized with the Yoast SEO plugin v24.2 - https:\/\/yoast.com\/wordpress\/plugins\/seo\/ -->\n<title>APPLIQUE WALLY DISK CON CARICA SOLARE - Newgarden<\/title>\n<meta name=\"description\" content=\"Wally \u00e8 pi\u00f9 di un&#039;applique convenzionale. \u00c8 fatto di plastica riciclata e ha un pannello solare per la ricarica. Posizionarlo in aree di\" \/>\n<meta name=\"robots\" content=\"index, follow, max-snippet:-1, max-image-preview:large, max-video-preview:-1\" \/>\n<link rel=\"canonical\" href=\"https:\/\/newgarden.es\/it\/shop\/lightdeco-it\/lampada-da-parete\/applique-wally-disk-con-carica-solare\/\" \/>\n<meta property=\"og:locale\" content=\"it_IT\" \/>\n<meta property=\"og:type\" content=\"article\" \/>\n<meta property=\"og:title\" content=\"APPLIQUE WALLY DISK CON CARICA SOLARE - Newgarden\" \/>\n<meta property=\"og:description\" content=\"Wally \u00e8 pi\u00f9 di un&#039;applique convenzionale. \u00c8 fatto di plastica riciclata e ha un pannello solare per la ricarica. Posizionarlo in aree di\" \/>\n<meta property=\"og:url\" content=\"https:\/\/newgarden.es\/it\/shop\/lightdeco-it\/lampada-da-parete\/applique-wally-disk-con-carica-solare\/\" \/>\n<meta property=\"og:site_name\" content=\"Newgarden\" \/>\n<meta property=\"article:modified_time\" content=\"2024-06-13T13:53:35+00:00\" \/>\n<meta property=\"og:image\" content=\"https:\/\/newgarden.es\/wp-content\/uploads\/2022\/04\/WALLY_DISK_27_39_1200X1200-6.jpg\" \/>\n\t<meta property=\"og:image:width\" content=\"1200\" \/>\n\t<meta property=\"og:image:height\" content=\"1200\" \/>\n\t<meta property=\"og:image:type\" content=\"image\/jpeg\" \/>\n<meta name=\"twitter:card\" content=\"summary_large_image\" \/>\n<meta name=\"twitter:label1\" content=\"Tempo di lettura stimato\" \/>\n\t<meta name=\"twitter:data1\" content=\"1 minuto\" \/>\n<script type=\"application\/ld+json\" class=\"yoast-schema-graph\">{\"@context\":\"https:\/\/schema.org\",\"@graph\":[{\"@type\":\"WebPage\",\"@id\":\"https:\/\/newgarden.es\/it\/shop\/lightdeco-it\/lampada-da-parete\/applique-wally-disk-con-carica-solare\/\",\"url\":\"https:\/\/newgarden.es\/it\/shop\/lightdeco-it\/lampada-da-parete\/applique-wally-disk-con-carica-solare\/\",\"name\":\"APPLIQUE WALLY DISK CON CARICA SOLARE - Newgarden\",\"isPartOf\":{\"@id\":\"https:\/\/newgarden.es\/#website\"},\"primaryImageOfPage\":{\"@id\":\"https:\/\/newgarden.es\/it\/shop\/lightdeco-it\/lampada-da-parete\/applique-wally-disk-con-carica-solare\/#primaryimage\"},\"image\":{\"@id\":\"https:\/\/newgarden.es\/it\/shop\/lightdeco-it\/lampada-da-parete\/applique-wally-disk-con-carica-solare\/#primaryimage\"},\"thumbnailUrl\":\"https:\/\/newgarden.es\/wp-content\/uploads\/2022\/04\/WALLY_DISK_27_39_1200X1200-6.jpg\",\"datePublished\":\"2022-04-18T07:51:52+00:00\",\"dateModified\":\"2024-06-13T13:53:35+00:00\",\"description\":\"Wally \u00e8 pi\u00f9 di un'applique convenzionale. \u00c8 fatto di plastica riciclata e ha un pannello solare per la ricarica. Posizionarlo in aree di\",\"breadcrumb\":{\"@id\":\"https:\/\/newgarden.es\/it\/shop\/lightdeco-it\/lampada-da-parete\/applique-wally-disk-con-carica-solare\/#breadcrumb\"},\"inLanguage\":\"it-IT\",\"potentialAction\":[{\"@type\":\"ReadAction\",\"target\":[\"https:\/\/newgarden.es\/it\/shop\/lightdeco-it\/lampada-da-parete\/applique-wally-disk-con-carica-solare\/\"]}]},{\"@type\":\"ImageObject\",\"inLanguage\":\"it-IT\",\"@id\":\"https:\/\/newgarden.es\/it\/shop\/lightdeco-it\/lampada-da-parete\/applique-wally-disk-con-carica-solare\/#primaryimage\",\"url\":\"https:\/\/newgarden.es\/wp-content\/uploads\/2022\/04\/WALLY_DISK_27_39_1200X1200-6.jpg\",\"contentUrl\":\"https:\/\/newgarden.es\/wp-content\/uploads\/2022\/04\/WALLY_DISK_27_39_1200X1200-6.jpg\",\"width\":1200,\"height\":1200},{\"@type\":\"BreadcrumbList\",\"@id\":\"https:\/\/newgarden.es\/it\/shop\/lightdeco-it\/lampada-da-parete\/applique-wally-disk-con-carica-solare\/#breadcrumb\",\"itemListElement\":[{\"@type\":\"ListItem\",\"position\":1,\"name\":\"Home\",\"item\":\"https:\/\/newgarden.es\/it\/\"},{\"@type\":\"ListItem\",\"position\":2,\"name\":\"Collezione\",\"item\":\"https:\/\/newgarden.es\/it\/negozio\/\"},{\"@type\":\"ListItem\",\"position\":3,\"name\":\"APPLIQUE WALLY DISK CON CARICA SOLARE\"}]},{\"@type\":\"WebSite\",\"@id\":\"https:\/\/newgarden.es\/#website\",\"url\":\"https:\/\/newgarden.es\/\",\"name\":\"Newgarden\",\"description\":\"Be happy\",\"potentialAction\":[{\"@type\":\"SearchAction\",\"target\":{\"@type\":\"EntryPoint\",\"urlTemplate\":\"https:\/\/newgarden.es\/?s={search_term_string}\"},\"query-input\":{\"@type\":\"PropertyValueSpecification\",\"valueRequired\":true,\"valueName\":\"search_term_string\"}}],\"inLanguage\":\"it-IT\"}]}<\/script>\n<!-- \/ Yoast SEO plugin. -->","yoast_head_json":{"title":"APPLIQUE WALLY DISK CON CARICA SOLARE - Newgarden","description":"Wally \u00e8 pi\u00f9 di un'applique convenzionale. \u00c8 fatto di plastica riciclata e ha un pannello solare per la ricarica. Posizionarlo in aree di","robots":{"index":"index","follow":"follow","max-snippet":"max-snippet:-1","max-image-preview":"max-image-preview:large","max-video-preview":"max-video-preview:-1"},"canonical":"https:\/\/newgarden.es\/it\/shop\/lightdeco-it\/lampada-da-parete\/applique-wally-disk-con-carica-solare\/","og_locale":"it_IT","og_type":"article","og_title":"APPLIQUE WALLY DISK CON CARICA SOLARE - Newgarden","og_description":"Wally \u00e8 pi\u00f9 di un'applique convenzionale. \u00c8 fatto di plastica riciclata e ha un pannello solare per la ricarica. Posizionarlo in aree di","og_url":"https:\/\/newgarden.es\/it\/shop\/lightdeco-it\/lampada-da-parete\/applique-wally-disk-con-carica-solare\/","og_site_name":"Newgarden","article_modified_time":"2024-06-13T13:53:35+00:00","og_image":[{"width":1200,"height":1200,"url":"https:\/\/newgarden.es\/wp-content\/uploads\/2022\/04\/WALLY_DISK_27_39_1200X1200-6.jpg","type":"image\/jpeg"}],"twitter_card":"summary_large_image","twitter_misc":{"Tempo di lettura stimato":"1 minuto"},"schema":{"@context":"https:\/\/schema.org","@graph":[{"@type":"WebPage","@id":"https:\/\/newgarden.es\/it\/shop\/lightdeco-it\/lampada-da-parete\/applique-wally-disk-con-carica-solare\/","url":"https:\/\/newgarden.es\/it\/shop\/lightdeco-it\/lampada-da-parete\/applique-wally-disk-con-carica-solare\/","name":"APPLIQUE WALLY DISK CON CARICA SOLARE - Newgarden","isPartOf":{"@id":"https:\/\/newgarden.es\/#website"},"primaryImageOfPage":{"@id":"https:\/\/newgarden.es\/it\/shop\/lightdeco-it\/lampada-da-parete\/applique-wally-disk-con-carica-solare\/#primaryimage"},"image":{"@id":"https:\/\/newgarden.es\/it\/shop\/lightdeco-it\/lampada-da-parete\/applique-wally-disk-con-carica-solare\/#primaryimage"},"thumbnailUrl":"https:\/\/newgarden.es\/wp-content\/uploads\/2022\/04\/WALLY_DISK_27_39_1200X1200-6.jpg","datePublished":"2022-04-18T07:51:52+00:00","dateModified":"2024-06-13T13:53:35+00:00","description":"Wally \u00e8 pi\u00f9 di un'applique convenzionale. \u00c8 fatto di plastica riciclata e ha un pannello solare per la ricarica. Posizionarlo in aree di","breadcrumb":{"@id":"https:\/\/newgarden.es\/it\/shop\/lightdeco-it\/lampada-da-parete\/applique-wally-disk-con-carica-solare\/#breadcrumb"},"inLanguage":"it-IT","potentialAction":[{"@type":"ReadAction","target":["https:\/\/newgarden.es\/it\/shop\/lightdeco-it\/lampada-da-parete\/applique-wally-disk-con-carica-solare\/"]}]},{"@type":"ImageObject","inLanguage":"it-IT","@id":"https:\/\/newgarden.es\/it\/shop\/lightdeco-it\/lampada-da-parete\/applique-wally-disk-con-carica-solare\/#primaryimage","url":"https:\/\/newgarden.es\/wp-content\/uploads\/2022\/04\/WALLY_DISK_27_39_1200X1200-6.jpg","contentUrl":"https:\/\/newgarden.es\/wp-content\/uploads\/2022\/04\/WALLY_DISK_27_39_1200X1200-6.jpg","width":1200,"height":1200},{"@type":"BreadcrumbList","@id":"https:\/\/newgarden.es\/it\/shop\/lightdeco-it\/lampada-da-parete\/applique-wally-disk-con-carica-solare\/#breadcrumb","itemListElement":[{"@type":"ListItem","position":1,"name":"Home","item":"https:\/\/newgarden.es\/it\/"},{"@type":"ListItem","position":2,"name":"Collezione","item":"https:\/\/newgarden.es\/it\/negozio\/"},{"@type":"ListItem","position":3,"name":"APPLIQUE WALLY DISK CON CARICA SOLARE"}]},{"@type":"WebSite","@id":"https:\/\/newgarden.es\/#website","url":"https:\/\/newgarden.es\/","name":"Newgarden","description":"Be happy","potentialAction":[{"@type":"SearchAction","target":{"@type":"EntryPoint","urlTemplate":"https:\/\/newgarden.es\/?s={search_term_string}"},"query-input":{"@type":"PropertyValueSpecification","valueRequired":true,"valueName":"search_term_string"}}],"inLanguage":"it-IT"}]}},"df_price":29.9,"df_sale_price":"","df_regular_price":29.9,"df_image_link":"https:\/\/newgarden.es\/wp-content\/uploads\/2022\/04\/WALLY_DISK_27_39_1200X1200-6-580x400.jpg","_links":{"self":[{"href":"https:\/\/newgarden.es\/it\/wp-json\/wp\/v2\/product\/43903"}],"collection":[{"href":"https:\/\/newgarden.es\/it\/wp-json\/wp\/v2\/product"}],"about":[{"href":"https:\/\/newgarden.es\/it\/wp-json\/wp\/v2\/types\/product"}],"wp:featuredmedia":[{"embeddable":true,"href":"https:\/\/newgarden.es\/it\/wp-json\/wp\/v2\/media\/56642"}],"wp:attachment":[{"href":"https:\/\/newgarden.es\/it\/wp-json\/wp\/v2\/media?parent=43903"}],"wp:term":[{"taxonomy":"product_cat","embeddable":true,"href":"https:\/\/newgarden.es\/it\/wp-json\/wp\/v2\/product_cat?post=43903"},{"taxonomy":"product_tag","embeddable":true,"href":"https:\/\/newgarden.es\/it\/wp-json\/wp\/v2\/product_tag?post=43903"}],"curies":[{"name":"wp","href":"https:\/\/api.w.org\/{rel}","templated":true}]}}