{"id":43961,"date":"2022-04-18T10:12:22","date_gmt":"2022-04-18T08:12:27","guid":{"rendered":"https:\/\/newgarden.es\/?post_type=product&#038;p=43961"},"modified":"2024-05-28T11:18:56","modified_gmt":"2024-05-28T09:18:56","slug":"x3-ghirlanda-decorativa-di-luci-aurora-copia","status":"publish","type":"product","link":"https:\/\/newgarden.es\/it\/shop\/lightdeco-it\/natale\/x3-ghirlanda-decorativa-di-luci-aurora-copia\/","title":{"rendered":"GHIRLANDA DECORATIVA ALBA"},"content":{"rendered":"<section class=\"wpb-content-wrapper\"><p>[vc_row][vc_column][vc_column_text][\/vc_column_text][\/vc_column][\/vc_row][vc_row][vc_column][vc_column_text]La Guirnalda decorativa ALBA es perfecta para eventos y fiestas, adem\u00e1s es ideal tanto para ambientar tu hogar como para cualquier rinc\u00f3n de exterior, jard\u00edn, terrazas, negocios o como decoraci\u00f3n Navide\u00f1a. Su tulipa est\u00e1 hecha a mano en fibras naturales.<\/p>\n<p>A diferencia de la mayor\u00eda de las guirnaldas del mercado, la guirnalda decorativa de Newgarden, lleva 10 Bombillas recambiables incluidas que aportan un dise\u00f1o vintage y una iluminaci\u00f3n c\u00e1lida muy destacable.<\/p>\n<p>El acabado de la cuerda es de Yute, que le aporta un toque natural a la guirnalda sin perder sus propiedades el\u00e9ctricas.<\/p>\n<p>La Guirlanda decorativa Aurora est\u00e1 disponible en 2 acabados: CABLE o SOLAR + BATER\u00cdA RECARGABLE.<\/p>\n<p>*En el acabado CABLE se pueden unir hasta 4.<\/p>\n<p>1 unidad de compra es igual a 4 unidades<\/p>\n<p>Videos explicativos modelo Aurora que funciona igual que el modelo Alba.[\/vc_column_text][vc_video link=&#8221;https:\/\/youtu.be\/wRib50HxTbI&#8221;][vc_video link=&#8221;https:\/\/youtu.be\/r7IA5TyahN8&#8243;][\/vc_column][\/vc_row][vc_row][vc_column width=&#8221;1\/2&#8243;][vc_btn title=&#8221;SCHEDA TECNICA DEI CAVI&#8221; style=&#8221;custom&#8221; custom_background=&#8221;#009bc2&#8243; custom_text=&#8221;#ffffff&#8221; shape=&#8221;square&#8221; el_class=&#8221;btn_descargar_ficha&#8221; link=&#8221;url:https%3A%2F%2Fbit.ly%2F3uxox57|target:%20_blank|&#8221;][vc_btn title=&#8221;SCHEDA TECNICA SOLARE&#8221; style=&#8221;custom&#8221; custom_background=&#8221;#009bc2&#8243; custom_text=&#8221;#ffffff&#8221; shape=&#8221;square&#8221; el_class=&#8221;btn_descargar_ficha&#8221; link=&#8221;url:https%3A%2F%2Fbit.ly%2F3rkn9R7|target:%20_blank|&#8221;][\/vc_column][vc_column width=&#8221;1\/2&#8243;][vc_btn title=&#8221;MANUAL DE INSTRUCCIONES Cable&#8221; style=&#8221;custom&#8221; custom_background=&#8221;#009bc2&#8243; custom_text=&#8221;#ffffff&#8221; shape=&#8221;square&#8221; el_class=&#8221;btn_descargar_ficha&#8221; link=&#8221;url:https%3A%2F%2Fbit.ly%2F3bqD4ZA|target:%20_blank|&#8221;][vc_btn title=&#8221;MANUALE D&apos;ISTRUZIONE SOLARE&#8221; style=&#8221;custom&#8221; custom_background=&#8221;#009bc2&#8243; custom_text=&#8221;#ffffff&#8221; shape=&#8221;square&#8221; el_class=&#8221;btn_descargar_ficha&#8221; link=&#8221;url:https%3A%2F%2Fbit.ly%2F3ONjTGR|target:%20_blank|&#8221;][\/vc_column][\/vc_row]<\/p>\n<\/section>","protected":false},"excerpt":{"rendered":"<p>[vc_row][vc_column][vc_column_text][\/vc_column_text][\/vc_column][\/vc_row][vc_row][vc_column][vc_column_text]La Guirnalda decorativa ALBA es perfecta para eventos y fiestas, adem\u00e1s es ideal tanto para ambientar tu hogar como para cualquier rinc\u00f3n de exterior, jard\u00edn, terrazas, negocios o como decoraci\u00f3n<\/p>\n","protected":false},"featured_media":58027,"template":"","meta":[],"product_cat":[974,1577,993],"product_tag":[955,962,961],"class_list":{"0":"post-43961","1":"product","2":"type-product","3":"status-publish","4":"has-post-thumbnail","6":"product_cat-lightdeco-it","7":"product_cat-ghirlande","8":"product_cat-natale","9":"product_tag-cavo","10":"product_tag-senza-fili-it","11":"product_tag-solare","13":"first","14":"instock","15":"taxable","16":"shipping-taxable","17":"purchasable","18":"product-type-variable"},"yoast_head":"<!-- This site is optimized with the Yoast SEO plugin v24.2 - https:\/\/yoast.com\/wordpress\/plugins\/seo\/ -->\n<title>GHIRLANDA DECORATIVA ALBA - Newgarden<\/title>\n<meta name=\"description\" content=\"La ghirlanda decorativa AURORA \u00e8 ideale per decorare la vostra casa o qualsiasi luogo all&#039;aperto, giardino, terrazza o come decorazione natalizia.\" \/>\n<meta name=\"robots\" content=\"index, follow, max-snippet:-1, max-image-preview:large, max-video-preview:-1\" \/>\n<link rel=\"canonical\" href=\"https:\/\/newgarden.es\/it\/shop\/lightdeco-it\/natale\/x3-ghirlanda-decorativa-di-luci-aurora-copia\/\" \/>\n<meta property=\"og:locale\" content=\"it_IT\" \/>\n<meta property=\"og:type\" content=\"article\" \/>\n<meta property=\"og:title\" content=\"GHIRLANDA DECORATIVA ALBA - Newgarden\" \/>\n<meta property=\"og:description\" content=\"La ghirlanda decorativa AURORA \u00e8 ideale per decorare la vostra casa o qualsiasi luogo all&#039;aperto, giardino, terrazza o come decorazione natalizia.\" \/>\n<meta property=\"og:url\" content=\"https:\/\/newgarden.es\/it\/shop\/lightdeco-it\/natale\/x3-ghirlanda-decorativa-di-luci-aurora-copia\/\" \/>\n<meta property=\"og:site_name\" content=\"Newgarden\" \/>\n<meta property=\"article:modified_time\" content=\"2024-05-28T09:18:56+00:00\" \/>\n<meta property=\"og:image\" content=\"https:\/\/newgarden.es\/wp-content\/uploads\/2022\/04\/GUIRNALDA_ALBA_1200X1200-3.jpg\" \/>\n\t<meta property=\"og:image:width\" content=\"1200\" \/>\n\t<meta property=\"og:image:height\" content=\"1200\" \/>\n\t<meta property=\"og:image:type\" content=\"image\/jpeg\" \/>\n<meta name=\"twitter:card\" content=\"summary_large_image\" \/>\n<meta name=\"twitter:label1\" content=\"Tempo di lettura stimato\" \/>\n\t<meta name=\"twitter:data1\" content=\"2 minuti\" \/>\n<script type=\"application\/ld+json\" class=\"yoast-schema-graph\">{\"@context\":\"https:\/\/schema.org\",\"@graph\":[{\"@type\":\"WebPage\",\"@id\":\"https:\/\/newgarden.es\/it\/shop\/lightdeco-it\/natale\/x3-ghirlanda-decorativa-di-luci-aurora-copia\/\",\"url\":\"https:\/\/newgarden.es\/it\/shop\/lightdeco-it\/natale\/x3-ghirlanda-decorativa-di-luci-aurora-copia\/\",\"name\":\"GHIRLANDA DECORATIVA ALBA - Newgarden\",\"isPartOf\":{\"@id\":\"https:\/\/newgarden.es\/#website\"},\"primaryImageOfPage\":{\"@id\":\"https:\/\/newgarden.es\/it\/shop\/lightdeco-it\/natale\/x3-ghirlanda-decorativa-di-luci-aurora-copia\/#primaryimage\"},\"image\":{\"@id\":\"https:\/\/newgarden.es\/it\/shop\/lightdeco-it\/natale\/x3-ghirlanda-decorativa-di-luci-aurora-copia\/#primaryimage\"},\"thumbnailUrl\":\"https:\/\/newgarden.es\/wp-content\/uploads\/2022\/04\/GUIRNALDA_ALBA_1200X1200-3.jpg\",\"datePublished\":\"2022-04-18T08:12:27+00:00\",\"dateModified\":\"2024-05-28T09:18:56+00:00\",\"description\":\"La ghirlanda decorativa AURORA \u00e8 ideale per decorare la vostra casa o qualsiasi luogo all'aperto, giardino, terrazza o come decorazione natalizia.\",\"breadcrumb\":{\"@id\":\"https:\/\/newgarden.es\/it\/shop\/lightdeco-it\/natale\/x3-ghirlanda-decorativa-di-luci-aurora-copia\/#breadcrumb\"},\"inLanguage\":\"it-IT\",\"potentialAction\":[{\"@type\":\"ReadAction\",\"target\":[\"https:\/\/newgarden.es\/it\/shop\/lightdeco-it\/natale\/x3-ghirlanda-decorativa-di-luci-aurora-copia\/\"]}]},{\"@type\":\"ImageObject\",\"inLanguage\":\"it-IT\",\"@id\":\"https:\/\/newgarden.es\/it\/shop\/lightdeco-it\/natale\/x3-ghirlanda-decorativa-di-luci-aurora-copia\/#primaryimage\",\"url\":\"https:\/\/newgarden.es\/wp-content\/uploads\/2022\/04\/GUIRNALDA_ALBA_1200X1200-3.jpg\",\"contentUrl\":\"https:\/\/newgarden.es\/wp-content\/uploads\/2022\/04\/GUIRNALDA_ALBA_1200X1200-3.jpg\",\"width\":1200,\"height\":1200},{\"@type\":\"BreadcrumbList\",\"@id\":\"https:\/\/newgarden.es\/it\/shop\/lightdeco-it\/natale\/x3-ghirlanda-decorativa-di-luci-aurora-copia\/#breadcrumb\",\"itemListElement\":[{\"@type\":\"ListItem\",\"position\":1,\"name\":\"Home\",\"item\":\"https:\/\/newgarden.es\/it\/\"},{\"@type\":\"ListItem\",\"position\":2,\"name\":\"Collezione\",\"item\":\"https:\/\/newgarden.es\/it\/negozio\/\"},{\"@type\":\"ListItem\",\"position\":3,\"name\":\"GHIRLANDA DECORATIVA ALBA\"}]},{\"@type\":\"WebSite\",\"@id\":\"https:\/\/newgarden.es\/#website\",\"url\":\"https:\/\/newgarden.es\/\",\"name\":\"Newgarden\",\"description\":\"Be happy\",\"potentialAction\":[{\"@type\":\"SearchAction\",\"target\":{\"@type\":\"EntryPoint\",\"urlTemplate\":\"https:\/\/newgarden.es\/?s={search_term_string}\"},\"query-input\":{\"@type\":\"PropertyValueSpecification\",\"valueRequired\":true,\"valueName\":\"search_term_string\"}}],\"inLanguage\":\"it-IT\"}]}<\/script>\n<!-- \/ Yoast SEO plugin. -->","yoast_head_json":{"title":"GHIRLANDA DECORATIVA ALBA - Newgarden","description":"La ghirlanda decorativa AURORA \u00e8 ideale per decorare la vostra casa o qualsiasi luogo all'aperto, giardino, terrazza o come decorazione natalizia.","robots":{"index":"index","follow":"follow","max-snippet":"max-snippet:-1","max-image-preview":"max-image-preview:large","max-video-preview":"max-video-preview:-1"},"canonical":"https:\/\/newgarden.es\/it\/shop\/lightdeco-it\/natale\/x3-ghirlanda-decorativa-di-luci-aurora-copia\/","og_locale":"it_IT","og_type":"article","og_title":"GHIRLANDA DECORATIVA ALBA - Newgarden","og_description":"La ghirlanda decorativa AURORA \u00e8 ideale per decorare la vostra casa o qualsiasi luogo all'aperto, giardino, terrazza o come decorazione natalizia.","og_url":"https:\/\/newgarden.es\/it\/shop\/lightdeco-it\/natale\/x3-ghirlanda-decorativa-di-luci-aurora-copia\/","og_site_name":"Newgarden","article_modified_time":"2024-05-28T09:18:56+00:00","og_image":[{"width":1200,"height":1200,"url":"https:\/\/newgarden.es\/wp-content\/uploads\/2022\/04\/GUIRNALDA_ALBA_1200X1200-3.jpg","type":"image\/jpeg"}],"twitter_card":"summary_large_image","twitter_misc":{"Tempo di lettura stimato":"2 minuti"},"schema":{"@context":"https:\/\/schema.org","@graph":[{"@type":"WebPage","@id":"https:\/\/newgarden.es\/it\/shop\/lightdeco-it\/natale\/x3-ghirlanda-decorativa-di-luci-aurora-copia\/","url":"https:\/\/newgarden.es\/it\/shop\/lightdeco-it\/natale\/x3-ghirlanda-decorativa-di-luci-aurora-copia\/","name":"GHIRLANDA DECORATIVA ALBA - Newgarden","isPartOf":{"@id":"https:\/\/newgarden.es\/#website"},"primaryImageOfPage":{"@id":"https:\/\/newgarden.es\/it\/shop\/lightdeco-it\/natale\/x3-ghirlanda-decorativa-di-luci-aurora-copia\/#primaryimage"},"image":{"@id":"https:\/\/newgarden.es\/it\/shop\/lightdeco-it\/natale\/x3-ghirlanda-decorativa-di-luci-aurora-copia\/#primaryimage"},"thumbnailUrl":"https:\/\/newgarden.es\/wp-content\/uploads\/2022\/04\/GUIRNALDA_ALBA_1200X1200-3.jpg","datePublished":"2022-04-18T08:12:27+00:00","dateModified":"2024-05-28T09:18:56+00:00","description":"La ghirlanda decorativa AURORA \u00e8 ideale per decorare la vostra casa o qualsiasi luogo all'aperto, giardino, terrazza o come decorazione natalizia.","breadcrumb":{"@id":"https:\/\/newgarden.es\/it\/shop\/lightdeco-it\/natale\/x3-ghirlanda-decorativa-di-luci-aurora-copia\/#breadcrumb"},"inLanguage":"it-IT","potentialAction":[{"@type":"ReadAction","target":["https:\/\/newgarden.es\/it\/shop\/lightdeco-it\/natale\/x3-ghirlanda-decorativa-di-luci-aurora-copia\/"]}]},{"@type":"ImageObject","inLanguage":"it-IT","@id":"https:\/\/newgarden.es\/it\/shop\/lightdeco-it\/natale\/x3-ghirlanda-decorativa-di-luci-aurora-copia\/#primaryimage","url":"https:\/\/newgarden.es\/wp-content\/uploads\/2022\/04\/GUIRNALDA_ALBA_1200X1200-3.jpg","contentUrl":"https:\/\/newgarden.es\/wp-content\/uploads\/2022\/04\/GUIRNALDA_ALBA_1200X1200-3.jpg","width":1200,"height":1200},{"@type":"BreadcrumbList","@id":"https:\/\/newgarden.es\/it\/shop\/lightdeco-it\/natale\/x3-ghirlanda-decorativa-di-luci-aurora-copia\/#breadcrumb","itemListElement":[{"@type":"ListItem","position":1,"name":"Home","item":"https:\/\/newgarden.es\/it\/"},{"@type":"ListItem","position":2,"name":"Collezione","item":"https:\/\/newgarden.es\/it\/negozio\/"},{"@type":"ListItem","position":3,"name":"GHIRLANDA DECORATIVA ALBA"}]},{"@type":"WebSite","@id":"https:\/\/newgarden.es\/#website","url":"https:\/\/newgarden.es\/","name":"Newgarden","description":"Be happy","potentialAction":[{"@type":"SearchAction","target":{"@type":"EntryPoint","urlTemplate":"https:\/\/newgarden.es\/?s={search_term_string}"},"query-input":{"@type":"PropertyValueSpecification","valueRequired":true,"valueName":"search_term_string"}}],"inLanguage":"it-IT"}]}},"df_price":169,"df_sale_price":"","df_regular_price":169,"df_image_link":"https:\/\/newgarden.es\/wp-content\/uploads\/2022\/04\/GUIRNALDA_ALBA_1200X1200-3-580x400.jpg","_links":{"self":[{"href":"https:\/\/newgarden.es\/it\/wp-json\/wp\/v2\/product\/43961"}],"collection":[{"href":"https:\/\/newgarden.es\/it\/wp-json\/wp\/v2\/product"}],"about":[{"href":"https:\/\/newgarden.es\/it\/wp-json\/wp\/v2\/types\/product"}],"wp:featuredmedia":[{"embeddable":true,"href":"https:\/\/newgarden.es\/it\/wp-json\/wp\/v2\/media\/58027"}],"wp:attachment":[{"href":"https:\/\/newgarden.es\/it\/wp-json\/wp\/v2\/media?parent=43961"}],"wp:term":[{"taxonomy":"product_cat","embeddable":true,"href":"https:\/\/newgarden.es\/it\/wp-json\/wp\/v2\/product_cat?post=43961"},{"taxonomy":"product_tag","embeddable":true,"href":"https:\/\/newgarden.es\/it\/wp-json\/wp\/v2\/product_tag?post=43961"}],"curies":[{"name":"wp","href":"https:\/\/api.w.org\/{rel}","templated":true}]}}