{"id":44004,"date":"2022-04-18T10:36:33","date_gmt":"2022-04-18T08:36:46","guid":{"rendered":"https:\/\/newgarden.es\/?post_type=product&#038;p=44004"},"modified":"2024-05-29T13:16:19","modified_gmt":"2024-05-29T11:16:19","slug":"lola-lampada-da-tavolo-20-lux","status":"publish","type":"product","link":"https:\/\/newgarden.es\/it\/shop\/lightdeco-it\/lampade-da-tavolo\/lola-lampada-da-tavolo-20-lux\/","title":{"rendered":"LAMPADA DA TAVOLO LOLA 20 LUX"},"content":{"rendered":"<section class=\"wpb-content-wrapper\"><p>[vc_row][vc_column el_class=&#8221;descripcion_producto&#8221;][vc_column_text]<\/p>\n<p>La lampada da tavolo LOLA 20 LUX \u00e8 stata creata per luoghi e spazi in cui si desidera aggiungere un tocco di design e raffinatezza. LOLA 20 LUX \u00e8 realizzata in poliammide resistente e trasparente, con aree a specchio che consentono di godere della sua illuminazione in modo diverso. L&#8217;intensit\u00e0 luminosa \u00e8 regolabile e l&#8217;autonomia raggiunge le 50 ore.<\/p>\n<p>Il modello LOLA \u00e8 considerato l&#8217;icona della famiglia di prodotti <span style=\"text-decoration: underline;\" data-mce-style=\"text-decoration: underline;\">Newgarden<\/span>, con la sua forma particolare \u00e8 stato amato da mezza Europa ed \u00e8 il nostro prodotto pi\u00f9 venduto sul mercato.<\/p>\n<p>Sistema di illuminazione a led integrato a luce calda (3000\u00baK).<\/p>\n<ul>\n<li><strong>DIMENSIONE<\/strong><br \/>\u00f811 x 20 cm<\/li>\n<\/ul>\n<p>[\/vc_column_text][\/vc_column][\/vc_row][vc_row disable_element=&#8221;yes&#8221;][vc_column][vc_single_image image=&#8221;6566&#8243; img_size=&#8221;full&#8221;][\/vc_column][\/vc_row][vc_row][vc_column width=&#8221;1\/2&#8243;][vc_btn title=&#8221;<\/p>\n<p>SCHEDA TECNICA<\/p>\n<p>&#8221; style=&#8221;custom&#8221; custom_background=&#8221;#009bc2&#8243; custom_text=&#8221;#ffffff&#8221; shape=&#8221;square&#8221; link=&#8221;url:%3Cp%3Ehttps%3A%2F%2Fbit.ly%2F3E1L8tz%3C%2Fp%3E|target:%20_blank|&#8221; el_class=&#8221;btn_descargar_ficha&#8221;][\/vc_column][vc_column width=&#8221;1\/2&#8243;][vc_btn title=&#8221;<\/p>\n<p>MANUALE DI ISTRUZIONI<\/p>\n<p>&#8221; style=&#8221;custom&#8221; custom_background=&#8221;#009bc2&#8243; custom_text=&#8221;#ffffff&#8221; shape=&#8221;square&#8221; link=&#8221;url:%3Cp%3Ehttps%3A%2F%2Fbit.ly%2F3PUHw1w%3C%2Fp%3E|target:%20_blank|&#8221; el_class=&#8221;btn_descargar_ficha&#8221;][\/vc_column][\/vc_row]<\/p>\n<\/section>","protected":false},"excerpt":{"rendered":"<h1 style=\"font-size: 12px;\" data-mce-style=\"font-size: 12px;\">La lampada da tavolo LOLA 20 LUX<\/h1>\n","protected":false},"featured_media":58541,"template":"","meta":[],"product_cat":[1697,974,983,1227,1588],"product_tag":[953,1228],"class_list":{"0":"post-44004","1":"product","2":"type-product","3":"status-publish","4":"has-post-thumbnail","6":"product_cat-productos-it","7":"product_cat-lightdeco-it","8":"product_cat-lampade-da-tavolo","9":"product_cat-interni-it","10":"product_cat-interni-it-it","11":"product_tag-batteria","12":"product_tag-interni-it","14":"first","15":"instock","16":"taxable","17":"shipping-taxable","18":"purchasable","19":"product-type-variable","20":"has-default-attributes"},"yoast_head":"<!-- This site is optimized with the Yoast SEO plugin v24.2 - https:\/\/yoast.com\/wordpress\/plugins\/seo\/ -->\n<title>LAMPADA DA TAVOLO LOLA 20 LUX<\/title>\n<meta name=\"description\" content=\"La lampada da tavolo LOLA 20 LUX \u00e8 stata creata per luoghi e spazi in cui si desidera aggiungere un tocco di design e raffinatezza. LOLA 20 LUX\" \/>\n<meta name=\"robots\" content=\"index, follow, max-snippet:-1, max-image-preview:large, max-video-preview:-1\" \/>\n<link rel=\"canonical\" href=\"https:\/\/newgarden.es\/it\/shop\/lightdeco-it\/lampade-da-tavolo\/lola-lampada-da-tavolo-20-lux\/\" \/>\n<meta property=\"og:locale\" content=\"it_IT\" \/>\n<meta property=\"og:type\" content=\"article\" \/>\n<meta property=\"og:title\" content=\"LAMPADA DA TAVOLO LOLA 20 LUX\" \/>\n<meta property=\"og:description\" content=\"La lampada da tavolo LOLA 20 LUX \u00e8 stata creata per luoghi e spazi in cui si desidera aggiungere un tocco di design e raffinatezza. LOLA 20 LUX\" \/>\n<meta property=\"og:url\" content=\"https:\/\/newgarden.es\/it\/shop\/lightdeco-it\/lampade-da-tavolo\/lola-lampada-da-tavolo-20-lux\/\" \/>\n<meta property=\"og:site_name\" content=\"Newgarden\" \/>\n<meta property=\"article:modified_time\" content=\"2024-05-29T11:16:19+00:00\" \/>\n<meta property=\"og:image\" content=\"https:\/\/newgarden.es\/wp-content\/uploads\/2022\/04\/LOLA_20_LUX_1200X1200-6.jpg\" \/>\n\t<meta property=\"og:image:width\" content=\"1200\" \/>\n\t<meta property=\"og:image:height\" content=\"1200\" \/>\n\t<meta property=\"og:image:type\" content=\"image\/jpeg\" \/>\n<meta name=\"twitter:card\" content=\"summary_large_image\" \/>\n<meta name=\"twitter:label1\" content=\"Tempo di lettura stimato\" \/>\n\t<meta name=\"twitter:data1\" content=\"1 minuto\" \/>\n<script type=\"application\/ld+json\" class=\"yoast-schema-graph\">{\"@context\":\"https:\/\/schema.org\",\"@graph\":[{\"@type\":\"WebPage\",\"@id\":\"https:\/\/newgarden.es\/it\/shop\/lightdeco-it\/lampade-da-tavolo\/lola-lampada-da-tavolo-20-lux\/\",\"url\":\"https:\/\/newgarden.es\/it\/shop\/lightdeco-it\/lampade-da-tavolo\/lola-lampada-da-tavolo-20-lux\/\",\"name\":\"LAMPADA DA TAVOLO LOLA 20 LUX\",\"isPartOf\":{\"@id\":\"https:\/\/newgarden.es\/#website\"},\"primaryImageOfPage\":{\"@id\":\"https:\/\/newgarden.es\/it\/shop\/lightdeco-it\/lampade-da-tavolo\/lola-lampada-da-tavolo-20-lux\/#primaryimage\"},\"image\":{\"@id\":\"https:\/\/newgarden.es\/it\/shop\/lightdeco-it\/lampade-da-tavolo\/lola-lampada-da-tavolo-20-lux\/#primaryimage\"},\"thumbnailUrl\":\"https:\/\/newgarden.es\/wp-content\/uploads\/2022\/04\/LOLA_20_LUX_1200X1200-6.jpg\",\"datePublished\":\"2022-04-18T08:36:46+00:00\",\"dateModified\":\"2024-05-29T11:16:19+00:00\",\"description\":\"La lampada da tavolo LOLA 20 LUX \u00e8 stata creata per luoghi e spazi in cui si desidera aggiungere un tocco di design e raffinatezza. LOLA 20 LUX\",\"breadcrumb\":{\"@id\":\"https:\/\/newgarden.es\/it\/shop\/lightdeco-it\/lampade-da-tavolo\/lola-lampada-da-tavolo-20-lux\/#breadcrumb\"},\"inLanguage\":\"it-IT\",\"potentialAction\":[{\"@type\":\"ReadAction\",\"target\":[\"https:\/\/newgarden.es\/it\/shop\/lightdeco-it\/lampade-da-tavolo\/lola-lampada-da-tavolo-20-lux\/\"]}]},{\"@type\":\"ImageObject\",\"inLanguage\":\"it-IT\",\"@id\":\"https:\/\/newgarden.es\/it\/shop\/lightdeco-it\/lampade-da-tavolo\/lola-lampada-da-tavolo-20-lux\/#primaryimage\",\"url\":\"https:\/\/newgarden.es\/wp-content\/uploads\/2022\/04\/LOLA_20_LUX_1200X1200-6.jpg\",\"contentUrl\":\"https:\/\/newgarden.es\/wp-content\/uploads\/2022\/04\/LOLA_20_LUX_1200X1200-6.jpg\",\"width\":1200,\"height\":1200},{\"@type\":\"BreadcrumbList\",\"@id\":\"https:\/\/newgarden.es\/it\/shop\/lightdeco-it\/lampade-da-tavolo\/lola-lampada-da-tavolo-20-lux\/#breadcrumb\",\"itemListElement\":[{\"@type\":\"ListItem\",\"position\":1,\"name\":\"Home\",\"item\":\"https:\/\/newgarden.es\/it\/\"},{\"@type\":\"ListItem\",\"position\":2,\"name\":\"Collezione\",\"item\":\"https:\/\/newgarden.es\/it\/negozio\/\"},{\"@type\":\"ListItem\",\"position\":3,\"name\":\"LAMPADA DA TAVOLO LOLA 20 LUX\"}]},{\"@type\":\"WebSite\",\"@id\":\"https:\/\/newgarden.es\/#website\",\"url\":\"https:\/\/newgarden.es\/\",\"name\":\"Newgarden\",\"description\":\"Be happy\",\"potentialAction\":[{\"@type\":\"SearchAction\",\"target\":{\"@type\":\"EntryPoint\",\"urlTemplate\":\"https:\/\/newgarden.es\/?s={search_term_string}\"},\"query-input\":{\"@type\":\"PropertyValueSpecification\",\"valueRequired\":true,\"valueName\":\"search_term_string\"}}],\"inLanguage\":\"it-IT\"}]}<\/script>\n<!-- \/ Yoast SEO plugin. -->","yoast_head_json":{"title":"LAMPADA DA TAVOLO LOLA 20 LUX","description":"La lampada da tavolo LOLA 20 LUX \u00e8 stata creata per luoghi e spazi in cui si desidera aggiungere un tocco di design e raffinatezza. LOLA 20 LUX","robots":{"index":"index","follow":"follow","max-snippet":"max-snippet:-1","max-image-preview":"max-image-preview:large","max-video-preview":"max-video-preview:-1"},"canonical":"https:\/\/newgarden.es\/it\/shop\/lightdeco-it\/lampade-da-tavolo\/lola-lampada-da-tavolo-20-lux\/","og_locale":"it_IT","og_type":"article","og_title":"LAMPADA DA TAVOLO LOLA 20 LUX","og_description":"La lampada da tavolo LOLA 20 LUX \u00e8 stata creata per luoghi e spazi in cui si desidera aggiungere un tocco di design e raffinatezza. LOLA 20 LUX","og_url":"https:\/\/newgarden.es\/it\/shop\/lightdeco-it\/lampade-da-tavolo\/lola-lampada-da-tavolo-20-lux\/","og_site_name":"Newgarden","article_modified_time":"2024-05-29T11:16:19+00:00","og_image":[{"width":1200,"height":1200,"url":"https:\/\/newgarden.es\/wp-content\/uploads\/2022\/04\/LOLA_20_LUX_1200X1200-6.jpg","type":"image\/jpeg"}],"twitter_card":"summary_large_image","twitter_misc":{"Tempo di lettura stimato":"1 minuto"},"schema":{"@context":"https:\/\/schema.org","@graph":[{"@type":"WebPage","@id":"https:\/\/newgarden.es\/it\/shop\/lightdeco-it\/lampade-da-tavolo\/lola-lampada-da-tavolo-20-lux\/","url":"https:\/\/newgarden.es\/it\/shop\/lightdeco-it\/lampade-da-tavolo\/lola-lampada-da-tavolo-20-lux\/","name":"LAMPADA DA TAVOLO LOLA 20 LUX","isPartOf":{"@id":"https:\/\/newgarden.es\/#website"},"primaryImageOfPage":{"@id":"https:\/\/newgarden.es\/it\/shop\/lightdeco-it\/lampade-da-tavolo\/lola-lampada-da-tavolo-20-lux\/#primaryimage"},"image":{"@id":"https:\/\/newgarden.es\/it\/shop\/lightdeco-it\/lampade-da-tavolo\/lola-lampada-da-tavolo-20-lux\/#primaryimage"},"thumbnailUrl":"https:\/\/newgarden.es\/wp-content\/uploads\/2022\/04\/LOLA_20_LUX_1200X1200-6.jpg","datePublished":"2022-04-18T08:36:46+00:00","dateModified":"2024-05-29T11:16:19+00:00","description":"La lampada da tavolo LOLA 20 LUX \u00e8 stata creata per luoghi e spazi in cui si desidera aggiungere un tocco di design e raffinatezza. LOLA 20 LUX","breadcrumb":{"@id":"https:\/\/newgarden.es\/it\/shop\/lightdeco-it\/lampade-da-tavolo\/lola-lampada-da-tavolo-20-lux\/#breadcrumb"},"inLanguage":"it-IT","potentialAction":[{"@type":"ReadAction","target":["https:\/\/newgarden.es\/it\/shop\/lightdeco-it\/lampade-da-tavolo\/lola-lampada-da-tavolo-20-lux\/"]}]},{"@type":"ImageObject","inLanguage":"it-IT","@id":"https:\/\/newgarden.es\/it\/shop\/lightdeco-it\/lampade-da-tavolo\/lola-lampada-da-tavolo-20-lux\/#primaryimage","url":"https:\/\/newgarden.es\/wp-content\/uploads\/2022\/04\/LOLA_20_LUX_1200X1200-6.jpg","contentUrl":"https:\/\/newgarden.es\/wp-content\/uploads\/2022\/04\/LOLA_20_LUX_1200X1200-6.jpg","width":1200,"height":1200},{"@type":"BreadcrumbList","@id":"https:\/\/newgarden.es\/it\/shop\/lightdeco-it\/lampade-da-tavolo\/lola-lampada-da-tavolo-20-lux\/#breadcrumb","itemListElement":[{"@type":"ListItem","position":1,"name":"Home","item":"https:\/\/newgarden.es\/it\/"},{"@type":"ListItem","position":2,"name":"Collezione","item":"https:\/\/newgarden.es\/it\/negozio\/"},{"@type":"ListItem","position":3,"name":"LAMPADA DA TAVOLO LOLA 20 LUX"}]},{"@type":"WebSite","@id":"https:\/\/newgarden.es\/#website","url":"https:\/\/newgarden.es\/","name":"Newgarden","description":"Be happy","potentialAction":[{"@type":"SearchAction","target":{"@type":"EntryPoint","urlTemplate":"https:\/\/newgarden.es\/?s={search_term_string}"},"query-input":{"@type":"PropertyValueSpecification","valueRequired":true,"valueName":"search_term_string"}}],"inLanguage":"it-IT"}]}},"df_price":39,"df_sale_price":"","df_regular_price":39,"df_image_link":"https:\/\/newgarden.es\/wp-content\/uploads\/2022\/04\/LOLA_20_LUX_1200X1200-6-580x400.jpg","_links":{"self":[{"href":"https:\/\/newgarden.es\/it\/wp-json\/wp\/v2\/product\/44004"}],"collection":[{"href":"https:\/\/newgarden.es\/it\/wp-json\/wp\/v2\/product"}],"about":[{"href":"https:\/\/newgarden.es\/it\/wp-json\/wp\/v2\/types\/product"}],"wp:featuredmedia":[{"embeddable":true,"href":"https:\/\/newgarden.es\/it\/wp-json\/wp\/v2\/media\/58541"}],"wp:attachment":[{"href":"https:\/\/newgarden.es\/it\/wp-json\/wp\/v2\/media?parent=44004"}],"wp:term":[{"taxonomy":"product_cat","embeddable":true,"href":"https:\/\/newgarden.es\/it\/wp-json\/wp\/v2\/product_cat?post=44004"},{"taxonomy":"product_tag","embeddable":true,"href":"https:\/\/newgarden.es\/it\/wp-json\/wp\/v2\/product_tag?post=44004"}],"curies":[{"name":"wp","href":"https:\/\/api.w.org\/{rel}","templated":true}]}}