{"id":46232,"date":"2023-02-03T08:25:03","date_gmt":"2023-02-03T07:25:09","guid":{"rendered":"https:\/\/newgarden.es\/?post_type=product&#038;p=46232"},"modified":"2025-06-11T15:53:33","modified_gmt":"2025-06-11T13:53:33","slug":"lampadina-portatile-ricaricabile-cherry-mini","status":"publish","type":"product","link":"https:\/\/newgarden.es\/it\/shop\/lightdeco-it\/lampada-da-parete\/lampadina-portatile-ricaricabile-cherry-mini\/","title":{"rendered":"MINI LAMPADINA PORTATILE RICARICABILE CHERRY (3 PEZZI)"},"content":{"rendered":"<section class=\"wpb-content-wrapper\"><p>[vc_row][vc_column][vc_column_text][\/vc_column_text][\/vc_column][\/vc_row][vc_row][vc_column][vc_column_text]Cherry Mini \u00e8 la lampadina portatile ricaricabile pi\u00f9 versatile che si possa trovare sul mercato; le sue dimensioni ridotte la rendono adatta a qualsiasi luogo, sia in casa che da portare con s\u00e9. <strong>Cherry Mini \u00e8 perfetta per illuminare aree difficili da raggiungere o dove non si dispone di una presa elettrica, \u00e8 perfetta per il campeggio e da portare con s\u00e9 come luce ausiliaria.<\/strong> Poich\u00e9 non richiede installazione, \u00e8 dotata di un potente magnete integrato per attaccarla a qualsiasi superficie metallica e di un gancio per appenderla a qualsiasi lampada o albero in giardino. <strong>La sua potenza \u00e8 di 350 lumen di intensit\u00e0 massima.<\/strong><\/p>\n<p><strong>Ogni confezione di Cherry Mini comprende 3 lampadine.<\/strong>\u00a0Ogni lampadina \u00e8 dotata di un gancio di sospensione e di una piastra metallica adesiva per aumentare le possibilit\u00e0 di posizionamento. Include anche un telecomando che consente di accenderli e spegnerli e di regolarne l&#8217;intensit\u00e0.<\/p>\n<p>Pagherete 5 scatole di CHERRI MINI (ogni scatola contiene 3 ciliegie mini)<br \/>\n[\/vc_column_text][\/vc_column][\/vc_row][vc_row][vc_column width=&#8221;1\/2&#8243;][vc_btn title=&#8221;SCHEDA TECNICA&#8221; style=&#8221;custom&#8221; custom_background=&#8221;#009bc2&#8243; custom_text=&#8221;#ffffff&#8221; shape=&#8221;square&#8221; link=&#8221;url:https%3A%2F%2Fbit.ly%2F3RFINeV|target:%20_blank|&#8221; el_class=&#8221;btn_descargar_ficha&#8221;][\/vc_column][vc_column width=&#8221;1\/2&#8243;][vc_btn title=&#8221;MANUALE DI ISTRUZIONI&#8221; style=&#8221;custom&#8221; custom_background=&#8221;#009bc2&#8243; custom_text=&#8221;#ffffff&#8221; shape=&#8221;square&#8221; link=&#8221;url:https%3A%2F%2Fbit.ly%2F3DAVRw5|target:%20_blank|&#8221; el_class=&#8221;btn_descargar_ficha&#8221;][\/vc_column][vc_column][\/vc_column][\/vc_row]<\/p>\n<\/section>","protected":false},"excerpt":{"rendered":"<p>[vc_row][vc_column][vc_column_text][\/vc_column_text][\/vc_column][\/vc_row][vc_row][vc_column][vc_column_text]Cherry Mini \u00e8 la lampadina portatile ricaricabile pi\u00f9 versatile che si possa trovare sul mercato; le sue dimensioni ridotte la rendono adatta a qualsiasi luogo, sia in casa che da<\/p>\n","protected":false},"featured_media":57028,"template":"","meta":[],"product_cat":[974,969,991],"product_tag":[953,962],"class_list":{"0":"post-46232","1":"product","2":"type-product","3":"status-publish","4":"has-post-thumbnail","6":"product_cat-lightdeco-it","7":"product_cat-lampada-da-parete","8":"product_cat-lampada-portatile","9":"product_tag-batteria","10":"product_tag-senza-fili-it","12":"first","13":"instock","14":"taxable","15":"shipping-taxable","16":"purchasable","17":"product-type-variable"},"yoast_head":"<!-- This site is optimized with the Yoast SEO plugin v24.2 - https:\/\/yoast.com\/wordpress\/plugins\/seo\/ -->\n<title>MINI LAMPADINA PORTATILE RICARICABILE CHERRY (3 PEZZI) - Newgarden<\/title>\n<meta name=\"description\" content=\"Cherry Mini \u00e8 perfetto per illuminare aree difficili da raggiungere o dove non si dispone di una presa elettrica. La sua potenza \u00e8 di 350 lumen.\" \/>\n<meta name=\"robots\" content=\"index, follow, max-snippet:-1, max-image-preview:large, max-video-preview:-1\" \/>\n<link rel=\"canonical\" href=\"https:\/\/newgarden.es\/it\/shop\/lightdeco-it\/lampada-da-parete\/lampadina-portatile-ricaricabile-cherry-mini\/\" \/>\n<meta property=\"og:locale\" content=\"it_IT\" \/>\n<meta property=\"og:type\" content=\"article\" \/>\n<meta property=\"og:title\" content=\"MINI LAMPADINA PORTATILE RICARICABILE CHERRY (3 PEZZI) - Newgarden\" \/>\n<meta property=\"og:description\" content=\"Cherry Mini \u00e8 perfetto per illuminare aree difficili da raggiungere o dove non si dispone di una presa elettrica. La sua potenza \u00e8 di 350 lumen.\" \/>\n<meta property=\"og:url\" content=\"https:\/\/newgarden.es\/it\/shop\/lightdeco-it\/lampada-da-parete\/lampadina-portatile-ricaricabile-cherry-mini\/\" \/>\n<meta property=\"og:site_name\" content=\"Newgarden\" \/>\n<meta property=\"article:modified_time\" content=\"2025-06-11T13:53:33+00:00\" \/>\n<meta property=\"og:image\" content=\"https:\/\/newgarden.es\/wp-content\/uploads\/2023\/02\/CHERRY_MINI_BATTERY_1200X1200-5.jpg\" \/>\n\t<meta property=\"og:image:width\" content=\"1200\" \/>\n\t<meta property=\"og:image:height\" content=\"1200\" \/>\n\t<meta property=\"og:image:type\" content=\"image\/jpeg\" \/>\n<meta name=\"twitter:card\" content=\"summary_large_image\" \/>\n<meta name=\"twitter:label1\" content=\"Tempo di lettura stimato\" \/>\n\t<meta name=\"twitter:data1\" content=\"2 minuti\" \/>\n<script type=\"application\/ld+json\" class=\"yoast-schema-graph\">{\"@context\":\"https:\/\/schema.org\",\"@graph\":[{\"@type\":\"WebPage\",\"@id\":\"https:\/\/newgarden.es\/it\/shop\/lightdeco-it\/lampada-da-parete\/lampadina-portatile-ricaricabile-cherry-mini\/\",\"url\":\"https:\/\/newgarden.es\/it\/shop\/lightdeco-it\/lampada-da-parete\/lampadina-portatile-ricaricabile-cherry-mini\/\",\"name\":\"MINI LAMPADINA PORTATILE RICARICABILE CHERRY (3 PEZZI) - Newgarden\",\"isPartOf\":{\"@id\":\"https:\/\/newgarden.es\/#website\"},\"primaryImageOfPage\":{\"@id\":\"https:\/\/newgarden.es\/it\/shop\/lightdeco-it\/lampada-da-parete\/lampadina-portatile-ricaricabile-cherry-mini\/#primaryimage\"},\"image\":{\"@id\":\"https:\/\/newgarden.es\/it\/shop\/lightdeco-it\/lampada-da-parete\/lampadina-portatile-ricaricabile-cherry-mini\/#primaryimage\"},\"thumbnailUrl\":\"https:\/\/newgarden.es\/wp-content\/uploads\/2023\/02\/CHERRY_MINI_BATTERY_1200X1200-5.jpg\",\"datePublished\":\"2023-02-03T07:25:09+00:00\",\"dateModified\":\"2025-06-11T13:53:33+00:00\",\"description\":\"Cherry Mini \u00e8 perfetto per illuminare aree difficili da raggiungere o dove non si dispone di una presa elettrica. La sua potenza \u00e8 di 350 lumen.\",\"breadcrumb\":{\"@id\":\"https:\/\/newgarden.es\/it\/shop\/lightdeco-it\/lampada-da-parete\/lampadina-portatile-ricaricabile-cherry-mini\/#breadcrumb\"},\"inLanguage\":\"it-IT\",\"potentialAction\":[{\"@type\":\"ReadAction\",\"target\":[\"https:\/\/newgarden.es\/it\/shop\/lightdeco-it\/lampada-da-parete\/lampadina-portatile-ricaricabile-cherry-mini\/\"]}]},{\"@type\":\"ImageObject\",\"inLanguage\":\"it-IT\",\"@id\":\"https:\/\/newgarden.es\/it\/shop\/lightdeco-it\/lampada-da-parete\/lampadina-portatile-ricaricabile-cherry-mini\/#primaryimage\",\"url\":\"https:\/\/newgarden.es\/wp-content\/uploads\/2023\/02\/CHERRY_MINI_BATTERY_1200X1200-5.jpg\",\"contentUrl\":\"https:\/\/newgarden.es\/wp-content\/uploads\/2023\/02\/CHERRY_MINI_BATTERY_1200X1200-5.jpg\",\"width\":1200,\"height\":1200},{\"@type\":\"BreadcrumbList\",\"@id\":\"https:\/\/newgarden.es\/it\/shop\/lightdeco-it\/lampada-da-parete\/lampadina-portatile-ricaricabile-cherry-mini\/#breadcrumb\",\"itemListElement\":[{\"@type\":\"ListItem\",\"position\":1,\"name\":\"Home\",\"item\":\"https:\/\/newgarden.es\/it\/\"},{\"@type\":\"ListItem\",\"position\":2,\"name\":\"Collezione\",\"item\":\"https:\/\/newgarden.es\/it\/negozio\/\"},{\"@type\":\"ListItem\",\"position\":3,\"name\":\"MINI LAMPADINA PORTATILE RICARICABILE CHERRY (3 PEZZI)\"}]},{\"@type\":\"WebSite\",\"@id\":\"https:\/\/newgarden.es\/#website\",\"url\":\"https:\/\/newgarden.es\/\",\"name\":\"Newgarden\",\"description\":\"Be happy\",\"potentialAction\":[{\"@type\":\"SearchAction\",\"target\":{\"@type\":\"EntryPoint\",\"urlTemplate\":\"https:\/\/newgarden.es\/?s={search_term_string}\"},\"query-input\":{\"@type\":\"PropertyValueSpecification\",\"valueRequired\":true,\"valueName\":\"search_term_string\"}}],\"inLanguage\":\"it-IT\"}]}<\/script>\n<!-- \/ Yoast SEO plugin. -->","yoast_head_json":{"title":"MINI LAMPADINA PORTATILE RICARICABILE CHERRY (3 PEZZI) - Newgarden","description":"Cherry Mini \u00e8 perfetto per illuminare aree difficili da raggiungere o dove non si dispone di una presa elettrica. La sua potenza \u00e8 di 350 lumen.","robots":{"index":"index","follow":"follow","max-snippet":"max-snippet:-1","max-image-preview":"max-image-preview:large","max-video-preview":"max-video-preview:-1"},"canonical":"https:\/\/newgarden.es\/it\/shop\/lightdeco-it\/lampada-da-parete\/lampadina-portatile-ricaricabile-cherry-mini\/","og_locale":"it_IT","og_type":"article","og_title":"MINI LAMPADINA PORTATILE RICARICABILE CHERRY (3 PEZZI) - Newgarden","og_description":"Cherry Mini \u00e8 perfetto per illuminare aree difficili da raggiungere o dove non si dispone di una presa elettrica. La sua potenza \u00e8 di 350 lumen.","og_url":"https:\/\/newgarden.es\/it\/shop\/lightdeco-it\/lampada-da-parete\/lampadina-portatile-ricaricabile-cherry-mini\/","og_site_name":"Newgarden","article_modified_time":"2025-06-11T13:53:33+00:00","og_image":[{"width":1200,"height":1200,"url":"https:\/\/newgarden.es\/wp-content\/uploads\/2023\/02\/CHERRY_MINI_BATTERY_1200X1200-5.jpg","type":"image\/jpeg"}],"twitter_card":"summary_large_image","twitter_misc":{"Tempo di lettura stimato":"2 minuti"},"schema":{"@context":"https:\/\/schema.org","@graph":[{"@type":"WebPage","@id":"https:\/\/newgarden.es\/it\/shop\/lightdeco-it\/lampada-da-parete\/lampadina-portatile-ricaricabile-cherry-mini\/","url":"https:\/\/newgarden.es\/it\/shop\/lightdeco-it\/lampada-da-parete\/lampadina-portatile-ricaricabile-cherry-mini\/","name":"MINI LAMPADINA PORTATILE RICARICABILE CHERRY (3 PEZZI) - Newgarden","isPartOf":{"@id":"https:\/\/newgarden.es\/#website"},"primaryImageOfPage":{"@id":"https:\/\/newgarden.es\/it\/shop\/lightdeco-it\/lampada-da-parete\/lampadina-portatile-ricaricabile-cherry-mini\/#primaryimage"},"image":{"@id":"https:\/\/newgarden.es\/it\/shop\/lightdeco-it\/lampada-da-parete\/lampadina-portatile-ricaricabile-cherry-mini\/#primaryimage"},"thumbnailUrl":"https:\/\/newgarden.es\/wp-content\/uploads\/2023\/02\/CHERRY_MINI_BATTERY_1200X1200-5.jpg","datePublished":"2023-02-03T07:25:09+00:00","dateModified":"2025-06-11T13:53:33+00:00","description":"Cherry Mini \u00e8 perfetto per illuminare aree difficili da raggiungere o dove non si dispone di una presa elettrica. La sua potenza \u00e8 di 350 lumen.","breadcrumb":{"@id":"https:\/\/newgarden.es\/it\/shop\/lightdeco-it\/lampada-da-parete\/lampadina-portatile-ricaricabile-cherry-mini\/#breadcrumb"},"inLanguage":"it-IT","potentialAction":[{"@type":"ReadAction","target":["https:\/\/newgarden.es\/it\/shop\/lightdeco-it\/lampada-da-parete\/lampadina-portatile-ricaricabile-cherry-mini\/"]}]},{"@type":"ImageObject","inLanguage":"it-IT","@id":"https:\/\/newgarden.es\/it\/shop\/lightdeco-it\/lampada-da-parete\/lampadina-portatile-ricaricabile-cherry-mini\/#primaryimage","url":"https:\/\/newgarden.es\/wp-content\/uploads\/2023\/02\/CHERRY_MINI_BATTERY_1200X1200-5.jpg","contentUrl":"https:\/\/newgarden.es\/wp-content\/uploads\/2023\/02\/CHERRY_MINI_BATTERY_1200X1200-5.jpg","width":1200,"height":1200},{"@type":"BreadcrumbList","@id":"https:\/\/newgarden.es\/it\/shop\/lightdeco-it\/lampada-da-parete\/lampadina-portatile-ricaricabile-cherry-mini\/#breadcrumb","itemListElement":[{"@type":"ListItem","position":1,"name":"Home","item":"https:\/\/newgarden.es\/it\/"},{"@type":"ListItem","position":2,"name":"Collezione","item":"https:\/\/newgarden.es\/it\/negozio\/"},{"@type":"ListItem","position":3,"name":"MINI LAMPADINA PORTATILE RICARICABILE CHERRY (3 PEZZI)"}]},{"@type":"WebSite","@id":"https:\/\/newgarden.es\/#website","url":"https:\/\/newgarden.es\/","name":"Newgarden","description":"Be happy","potentialAction":[{"@type":"SearchAction","target":{"@type":"EntryPoint","urlTemplate":"https:\/\/newgarden.es\/?s={search_term_string}"},"query-input":{"@type":"PropertyValueSpecification","valueRequired":true,"valueName":"search_term_string"}}],"inLanguage":"it-IT"}]}},"df_price":30.1,"df_sale_price":"","df_regular_price":30.1,"df_image_link":"https:\/\/newgarden.es\/wp-content\/uploads\/2023\/02\/CHERRY_MINI_BATTERY_1200X1200-5-580x400.jpg","_links":{"self":[{"href":"https:\/\/newgarden.es\/it\/wp-json\/wp\/v2\/product\/46232"}],"collection":[{"href":"https:\/\/newgarden.es\/it\/wp-json\/wp\/v2\/product"}],"about":[{"href":"https:\/\/newgarden.es\/it\/wp-json\/wp\/v2\/types\/product"}],"wp:featuredmedia":[{"embeddable":true,"href":"https:\/\/newgarden.es\/it\/wp-json\/wp\/v2\/media\/57028"}],"wp:attachment":[{"href":"https:\/\/newgarden.es\/it\/wp-json\/wp\/v2\/media?parent=46232"}],"wp:term":[{"taxonomy":"product_cat","embeddable":true,"href":"https:\/\/newgarden.es\/it\/wp-json\/wp\/v2\/product_cat?post=46232"},{"taxonomy":"product_tag","embeddable":true,"href":"https:\/\/newgarden.es\/it\/wp-json\/wp\/v2\/product_tag?post=46232"}],"curies":[{"name":"wp","href":"https:\/\/api.w.org\/{rel}","templated":true}]}}