{"id":46567,"date":"2023-02-21T11:11:11","date_gmt":"2023-02-21T10:11:15","guid":{"rendered":"https:\/\/newgarden.es\/?post_type=product&#038;p=46567"},"modified":"2024-07-01T11:12:27","modified_gmt":"2024-07-01T09:12:27","slug":"luce-solare-per-piscina-a-batteria-papaya-30","status":"publish","type":"product","link":"https:\/\/newgarden.es\/it\/shop\/lightdeco-it\/lampada-da-parete\/luce-solare-per-piscina-a-batteria-papaya-30\/","title":{"rendered":"LUCE SOLARE PER PISCINA A BATTERIA PAPAYA 30"},"content":{"rendered":"<section class=\"wpb-content-wrapper\"><p>[vc_row][vc_column][vc_column_text][\/vc_column_text][\/vc_column][\/vc_row][vc_row][vc_column][vc_column_text]Papaya 30 SOLAR &amp; BATTERY \u00e8 una luce wireless appositamente progettata per illuminare la tua piscina. Il suo design compatto e impermeabile consente di immergersi fino a 1 metro (IP 68). Una piastra solare di grandi dimensioni \u00e8 integrata in modo che possa essere caricata in modo efficiente senza cavi. Dispone di telecomando con il quale \u00e8 possibile controllare la luce e scegliere tra un&#8217;infinit\u00e0 di colori, nonch\u00e9 diverse modalit\u00e0 di colore variabile e la possibilit\u00e0 di attivare il sensore crepuscolare per accendersi automaticamente al crepuscolo.<\/p>\n<p>Pu\u00f2 essere installato in due modi: con adesivo rimovibile o con ventose, in modo da poterlo installare in qualsiasi tipo di piscina, sia essa piastrellata, in gresite o in altri materiali. Pu\u00f2 essere utilizzata anche come luce decorativa galleggiante, da tavolo, a livello del suolo&#8230; per tutto questo e altro ancora, questa luce da piscina \u00e8 un elemento essenziale per la vostra terrazza o il vostro giardino.<\/p>\n<p>Ha due sistemi di ricarica: solare e magnetica:<\/p>\n<p>Carica magnetica: \u00e8 una modalit\u00e0 di carica sicura per i prodotti acquatici. Baster\u00e0 tirarlo fuori dalla piscina, asciugare l&#8217;area di ricarica della lampada e in pochissimo tempo il prodotto sar\u00e0 carico al 100% per godere di tutti i suoi vantaggi.<\/p>\n<p>Carica solare: come suggerisce il nome, \u00e8 sufficiente che il prodotto sia esposto alla luce del sole. Pi\u00f9 tempo riceve la luce diretta del sole, maggiore sar\u00e0 l&#8217;autonomia.<\/p>\n<p>Ha fino a 32 ore di autonomia e una sorgente luminosa di 800 lumen. Include telecomando e kit di fissaggio.<\/p>\n<p>&nbsp;<br \/>\n[\/vc_column_text][\/vc_column][\/vc_row][vc_row][vc_column width=&#8221;1\/2&#8243;][vc_btn title=&#8221;SCHEDA TECNICA&#8221; style=&#8221;custom&#8221; custom_background=&#8221;#009bc2&#8243; custom_text=&#8221;#ffffff&#8221; shape=&#8221;square&#8221; link=&#8221;url:https%3A%2F%2Fbit.ly%2F3EoK9oW|target:%20_blank|&#8221; el_class=&#8221;btn_descargar_ficha&#8221;][\/vc_column][vc_column width=&#8221;1\/2&#8243;][vc_btn title=&#8221;MANUALE DI ISTRUZIONI&#8221; style=&#8221;custom&#8221; custom_background=&#8221;#009bc2&#8243; custom_text=&#8221;#ffffff&#8221; shape=&#8221;square&#8221; link=&#8221;url:https%3A%2F%2Fbit.ly%2F3YJYMLs|target:%20_blank|&#8221; el_class=&#8221;btn_descargar_ficha&#8221;][\/vc_column][vc_column][\/vc_column][\/vc_row]<\/p>\n<\/section>","protected":false},"excerpt":{"rendered":"<p>Luce solare per piscina a batteria PAPAYA 30<\/p>\n","protected":false},"featured_media":56597,"template":"","meta":[],"product_cat":[974,969,991],"product_tag":[953,962],"class_list":{"0":"post-46567","1":"product","2":"type-product","3":"status-publish","4":"has-post-thumbnail","6":"product_cat-lightdeco-it","7":"product_cat-lampada-da-parete","8":"product_cat-lampada-portatile","9":"product_tag-batteria","10":"product_tag-senza-fili-it","12":"first","13":"outofstock","14":"taxable","15":"shipping-taxable","16":"product-type-simple"},"yoast_head":"<!-- This site is optimized with the Yoast SEO plugin v24.2 - https:\/\/yoast.com\/wordpress\/plugins\/seo\/ -->\n<title>LUCE SOLARE PER PISCINA A BATTERIA PAPAYA 30 - Newgarden<\/title>\n<meta name=\"description\" content=\"Papaya 30 SOLAR &amp; BATTERY \u00e8 una luce wireless appositamente progettata per illuminare la tua piscina. Il suo design compatto e impermeabile consente di\" \/>\n<meta name=\"robots\" content=\"index, follow, max-snippet:-1, max-image-preview:large, max-video-preview:-1\" \/>\n<link rel=\"canonical\" href=\"https:\/\/newgarden.es\/it\/shop\/lightdeco-it\/lampada-da-parete\/luce-solare-per-piscina-a-batteria-papaya-30\/\" \/>\n<meta property=\"og:locale\" content=\"it_IT\" \/>\n<meta property=\"og:type\" content=\"article\" \/>\n<meta property=\"og:title\" content=\"LUCE SOLARE PER PISCINA A BATTERIA PAPAYA 30 - Newgarden\" \/>\n<meta property=\"og:description\" content=\"Papaya 30 SOLAR &amp; BATTERY \u00e8 una luce wireless appositamente progettata per illuminare la tua piscina. Il suo design compatto e impermeabile consente di\" \/>\n<meta property=\"og:url\" content=\"https:\/\/newgarden.es\/it\/shop\/lightdeco-it\/lampada-da-parete\/luce-solare-per-piscina-a-batteria-papaya-30\/\" \/>\n<meta property=\"og:site_name\" content=\"Newgarden\" \/>\n<meta property=\"article:modified_time\" content=\"2024-07-01T09:12:27+00:00\" \/>\n<meta property=\"og:image\" content=\"https:\/\/newgarden.es\/wp-content\/uploads\/2023\/02\/PAPAYA_30_SOLAR_1200X1200-4.jpg\" \/>\n\t<meta property=\"og:image:width\" content=\"1200\" \/>\n\t<meta property=\"og:image:height\" content=\"1200\" \/>\n\t<meta property=\"og:image:type\" content=\"image\/jpeg\" \/>\n<meta name=\"twitter:card\" content=\"summary_large_image\" \/>\n<meta name=\"twitter:label1\" content=\"Tempo di lettura stimato\" \/>\n\t<meta name=\"twitter:data1\" content=\"2 minuti\" \/>\n<script type=\"application\/ld+json\" class=\"yoast-schema-graph\">{\"@context\":\"https:\/\/schema.org\",\"@graph\":[{\"@type\":\"WebPage\",\"@id\":\"https:\/\/newgarden.es\/it\/shop\/lightdeco-it\/lampada-da-parete\/luce-solare-per-piscina-a-batteria-papaya-30\/\",\"url\":\"https:\/\/newgarden.es\/it\/shop\/lightdeco-it\/lampada-da-parete\/luce-solare-per-piscina-a-batteria-papaya-30\/\",\"name\":\"LUCE SOLARE PER PISCINA A BATTERIA PAPAYA 30 - Newgarden\",\"isPartOf\":{\"@id\":\"https:\/\/newgarden.es\/#website\"},\"primaryImageOfPage\":{\"@id\":\"https:\/\/newgarden.es\/it\/shop\/lightdeco-it\/lampada-da-parete\/luce-solare-per-piscina-a-batteria-papaya-30\/#primaryimage\"},\"image\":{\"@id\":\"https:\/\/newgarden.es\/it\/shop\/lightdeco-it\/lampada-da-parete\/luce-solare-per-piscina-a-batteria-papaya-30\/#primaryimage\"},\"thumbnailUrl\":\"https:\/\/newgarden.es\/wp-content\/uploads\/2023\/02\/PAPAYA_30_SOLAR_1200X1200-4.jpg\",\"datePublished\":\"2023-02-21T10:11:15+00:00\",\"dateModified\":\"2024-07-01T09:12:27+00:00\",\"description\":\"Papaya 30 SOLAR & BATTERY \u00e8 una luce wireless appositamente progettata per illuminare la tua piscina. Il suo design compatto e impermeabile consente di\",\"breadcrumb\":{\"@id\":\"https:\/\/newgarden.es\/it\/shop\/lightdeco-it\/lampada-da-parete\/luce-solare-per-piscina-a-batteria-papaya-30\/#breadcrumb\"},\"inLanguage\":\"it-IT\",\"potentialAction\":[{\"@type\":\"ReadAction\",\"target\":[\"https:\/\/newgarden.es\/it\/shop\/lightdeco-it\/lampada-da-parete\/luce-solare-per-piscina-a-batteria-papaya-30\/\"]}]},{\"@type\":\"ImageObject\",\"inLanguage\":\"it-IT\",\"@id\":\"https:\/\/newgarden.es\/it\/shop\/lightdeco-it\/lampada-da-parete\/luce-solare-per-piscina-a-batteria-papaya-30\/#primaryimage\",\"url\":\"https:\/\/newgarden.es\/wp-content\/uploads\/2023\/02\/PAPAYA_30_SOLAR_1200X1200-4.jpg\",\"contentUrl\":\"https:\/\/newgarden.es\/wp-content\/uploads\/2023\/02\/PAPAYA_30_SOLAR_1200X1200-4.jpg\",\"width\":1200,\"height\":1200},{\"@type\":\"BreadcrumbList\",\"@id\":\"https:\/\/newgarden.es\/it\/shop\/lightdeco-it\/lampada-da-parete\/luce-solare-per-piscina-a-batteria-papaya-30\/#breadcrumb\",\"itemListElement\":[{\"@type\":\"ListItem\",\"position\":1,\"name\":\"Home\",\"item\":\"https:\/\/newgarden.es\/it\/\"},{\"@type\":\"ListItem\",\"position\":2,\"name\":\"Collezione\",\"item\":\"https:\/\/newgarden.es\/it\/negozio\/\"},{\"@type\":\"ListItem\",\"position\":3,\"name\":\"LUCE SOLARE PER PISCINA A BATTERIA PAPAYA 30\"}]},{\"@type\":\"WebSite\",\"@id\":\"https:\/\/newgarden.es\/#website\",\"url\":\"https:\/\/newgarden.es\/\",\"name\":\"Newgarden\",\"description\":\"Be happy\",\"potentialAction\":[{\"@type\":\"SearchAction\",\"target\":{\"@type\":\"EntryPoint\",\"urlTemplate\":\"https:\/\/newgarden.es\/?s={search_term_string}\"},\"query-input\":{\"@type\":\"PropertyValueSpecification\",\"valueRequired\":true,\"valueName\":\"search_term_string\"}}],\"inLanguage\":\"it-IT\"}]}<\/script>\n<!-- \/ Yoast SEO plugin. -->","yoast_head_json":{"title":"LUCE SOLARE PER PISCINA A BATTERIA PAPAYA 30 - Newgarden","description":"Papaya 30 SOLAR & BATTERY \u00e8 una luce wireless appositamente progettata per illuminare la tua piscina. Il suo design compatto e impermeabile consente di","robots":{"index":"index","follow":"follow","max-snippet":"max-snippet:-1","max-image-preview":"max-image-preview:large","max-video-preview":"max-video-preview:-1"},"canonical":"https:\/\/newgarden.es\/it\/shop\/lightdeco-it\/lampada-da-parete\/luce-solare-per-piscina-a-batteria-papaya-30\/","og_locale":"it_IT","og_type":"article","og_title":"LUCE SOLARE PER PISCINA A BATTERIA PAPAYA 30 - Newgarden","og_description":"Papaya 30 SOLAR & BATTERY \u00e8 una luce wireless appositamente progettata per illuminare la tua piscina. Il suo design compatto e impermeabile consente di","og_url":"https:\/\/newgarden.es\/it\/shop\/lightdeco-it\/lampada-da-parete\/luce-solare-per-piscina-a-batteria-papaya-30\/","og_site_name":"Newgarden","article_modified_time":"2024-07-01T09:12:27+00:00","og_image":[{"width":1200,"height":1200,"url":"https:\/\/newgarden.es\/wp-content\/uploads\/2023\/02\/PAPAYA_30_SOLAR_1200X1200-4.jpg","type":"image\/jpeg"}],"twitter_card":"summary_large_image","twitter_misc":{"Tempo di lettura stimato":"2 minuti"},"schema":{"@context":"https:\/\/schema.org","@graph":[{"@type":"WebPage","@id":"https:\/\/newgarden.es\/it\/shop\/lightdeco-it\/lampada-da-parete\/luce-solare-per-piscina-a-batteria-papaya-30\/","url":"https:\/\/newgarden.es\/it\/shop\/lightdeco-it\/lampada-da-parete\/luce-solare-per-piscina-a-batteria-papaya-30\/","name":"LUCE SOLARE PER PISCINA A BATTERIA PAPAYA 30 - Newgarden","isPartOf":{"@id":"https:\/\/newgarden.es\/#website"},"primaryImageOfPage":{"@id":"https:\/\/newgarden.es\/it\/shop\/lightdeco-it\/lampada-da-parete\/luce-solare-per-piscina-a-batteria-papaya-30\/#primaryimage"},"image":{"@id":"https:\/\/newgarden.es\/it\/shop\/lightdeco-it\/lampada-da-parete\/luce-solare-per-piscina-a-batteria-papaya-30\/#primaryimage"},"thumbnailUrl":"https:\/\/newgarden.es\/wp-content\/uploads\/2023\/02\/PAPAYA_30_SOLAR_1200X1200-4.jpg","datePublished":"2023-02-21T10:11:15+00:00","dateModified":"2024-07-01T09:12:27+00:00","description":"Papaya 30 SOLAR & BATTERY \u00e8 una luce wireless appositamente progettata per illuminare la tua piscina. Il suo design compatto e impermeabile consente di","breadcrumb":{"@id":"https:\/\/newgarden.es\/it\/shop\/lightdeco-it\/lampada-da-parete\/luce-solare-per-piscina-a-batteria-papaya-30\/#breadcrumb"},"inLanguage":"it-IT","potentialAction":[{"@type":"ReadAction","target":["https:\/\/newgarden.es\/it\/shop\/lightdeco-it\/lampada-da-parete\/luce-solare-per-piscina-a-batteria-papaya-30\/"]}]},{"@type":"ImageObject","inLanguage":"it-IT","@id":"https:\/\/newgarden.es\/it\/shop\/lightdeco-it\/lampada-da-parete\/luce-solare-per-piscina-a-batteria-papaya-30\/#primaryimage","url":"https:\/\/newgarden.es\/wp-content\/uploads\/2023\/02\/PAPAYA_30_SOLAR_1200X1200-4.jpg","contentUrl":"https:\/\/newgarden.es\/wp-content\/uploads\/2023\/02\/PAPAYA_30_SOLAR_1200X1200-4.jpg","width":1200,"height":1200},{"@type":"BreadcrumbList","@id":"https:\/\/newgarden.es\/it\/shop\/lightdeco-it\/lampada-da-parete\/luce-solare-per-piscina-a-batteria-papaya-30\/#breadcrumb","itemListElement":[{"@type":"ListItem","position":1,"name":"Home","item":"https:\/\/newgarden.es\/it\/"},{"@type":"ListItem","position":2,"name":"Collezione","item":"https:\/\/newgarden.es\/it\/negozio\/"},{"@type":"ListItem","position":3,"name":"LUCE SOLARE PER PISCINA A BATTERIA PAPAYA 30"}]},{"@type":"WebSite","@id":"https:\/\/newgarden.es\/#website","url":"https:\/\/newgarden.es\/","name":"Newgarden","description":"Be happy","potentialAction":[{"@type":"SearchAction","target":{"@type":"EntryPoint","urlTemplate":"https:\/\/newgarden.es\/?s={search_term_string}"},"query-input":{"@type":"PropertyValueSpecification","valueRequired":true,"valueName":"search_term_string"}}],"inLanguage":"it-IT"}]}},"df_price":"","df_sale_price":"","df_regular_price":"","df_image_link":"https:\/\/newgarden.es\/wp-content\/uploads\/2023\/02\/PAPAYA_30_SOLAR_1200X1200-4-580x400.jpg","_links":{"self":[{"href":"https:\/\/newgarden.es\/it\/wp-json\/wp\/v2\/product\/46567"}],"collection":[{"href":"https:\/\/newgarden.es\/it\/wp-json\/wp\/v2\/product"}],"about":[{"href":"https:\/\/newgarden.es\/it\/wp-json\/wp\/v2\/types\/product"}],"wp:featuredmedia":[{"embeddable":true,"href":"https:\/\/newgarden.es\/it\/wp-json\/wp\/v2\/media\/56597"}],"wp:attachment":[{"href":"https:\/\/newgarden.es\/it\/wp-json\/wp\/v2\/media?parent=46567"}],"wp:term":[{"taxonomy":"product_cat","embeddable":true,"href":"https:\/\/newgarden.es\/it\/wp-json\/wp\/v2\/product_cat?post=46567"},{"taxonomy":"product_tag","embeddable":true,"href":"https:\/\/newgarden.es\/it\/wp-json\/wp\/v2\/product_tag?post=46567"}],"curies":[{"name":"wp","href":"https:\/\/api.w.org\/{rel}","templated":true}]}}