{"id":47056,"date":"2023-02-21T12:49:30","date_gmt":"2023-02-21T11:49:34","guid":{"rendered":"https:\/\/newgarden.es\/?post_type=product&#038;p=47056"},"modified":"2024-05-28T10:32:45","modified_gmt":"2024-05-28T08:32:45","slug":"struttura-da-tavolo-allungabile-per-ghirlande","status":"publish","type":"product","link":"https:\/\/newgarden.es\/it\/shop\/lightdeco-it\/ghirlande\/struttura-da-tavolo-allungabile-per-ghirlande\/","title":{"rendered":"STRUTTURA DA TAVOLO ALLUNGABILE PER GHIRLANDE GARLAND LIFT"},"content":{"rendered":"<section class=\"wpb-content-wrapper\"><p>[vc_row][vc_column el_class=&#8221;descripcion_producto&#8221;][vc_column_text]La struttura per ghirlanda GARLAND LIFT \u00e8 stata progettata per decorare la tavola in modo diverso. Questo telaio per tavolo \u00e8 molto facile da installare e, grazie al design dell&#8217;asta allungabile, pu\u00f2 essere adattato a quasi tutti i tipi di tavolo. Realizzato in acciaio laccato, \u00e8 leggero e resistente. Pu\u00f2 essere utilizzato sia all&#8217;interno che all&#8217;esterno, quindi non ci sono limiti quando si tratta di aggiungere un nuovo tocco al tavolo della terrazza o del giardino.<\/p>\n<p>Combinate Garland lift con qualsiasi delle ghirlande della famiglia Newgarden.<br \/>\n[\/vc_column_text][\/vc_column][\/vc_row][vc_row][vc_column width=&#8221;1\/2&#8243;][vc_btn title=&#8221;SCHEDA TECNICA&#8221; style=&#8221;custom&#8221; custom_background=&#8221;#009bc2&#8243; custom_text=&#8221;#ffffff&#8221; shape=&#8221;square&#8221; link=&#8221;url:https%3A%2F%2Fbit.ly%2F3keaSgS|target:%20_blank|&#8221; el_class=&#8221;btn_descargar_ficha&#8221;][\/vc_column][vc_column width=&#8221;1\/2&#8243;][vc_btn title=&#8221;MANUALE DI ISTRUZIONI&#8221; style=&#8221;custom&#8221; custom_background=&#8221;#009bc2&#8243; custom_text=&#8221;#ffffff&#8221; shape=&#8221;square&#8221; link=&#8221;url:https%3A%2F%2Fbit.ly%2F3IaUs0M|target:%20_blank|&#8221; el_class=&#8221;btn_descargar_ficha&#8221;][\/vc_column][\/vc_row]<\/p>\n<\/section>","protected":false},"excerpt":{"rendered":"<h1 style=\"font-size: 12px;\">Struttura da tavolo allungabile per ghirlande<\/h1>\n","protected":false},"featured_media":57952,"template":"","meta":[],"product_cat":[974,1577],"product_tag":[],"class_list":{"0":"post-47056","1":"product","2":"type-product","3":"status-publish","4":"has-post-thumbnail","6":"product_cat-lightdeco-it","7":"product_cat-ghirlande","9":"first","10":"instock","11":"taxable","12":"shipping-taxable","13":"purchasable","14":"product-type-variable"},"yoast_head":"<!-- This site is optimized with the Yoast SEO plugin v24.2 - https:\/\/yoast.com\/wordpress\/plugins\/seo\/ -->\n<title>STRUTTURA DA TAVOLO ALLUNGABILE PER GHIRLANDE GARLAND LIFT - Newgarden<\/title>\n<meta name=\"description\" content=\"La struttura per ghirlanda GARLAND LIFT \u00e8 stata progettata per decorare la tavola in modo diverso. Questo telaio per tavolo \u00e8 molto facile da installare e,\" \/>\n<meta name=\"robots\" content=\"index, follow, max-snippet:-1, max-image-preview:large, max-video-preview:-1\" \/>\n<link rel=\"canonical\" href=\"https:\/\/newgarden.es\/it\/shop\/lightdeco-it\/ghirlande\/struttura-da-tavolo-allungabile-per-ghirlande\/\" \/>\n<meta property=\"og:locale\" content=\"it_IT\" \/>\n<meta property=\"og:type\" content=\"article\" \/>\n<meta property=\"og:title\" content=\"STRUTTURA DA TAVOLO ALLUNGABILE PER GHIRLANDE GARLAND LIFT - Newgarden\" \/>\n<meta property=\"og:description\" content=\"La struttura per ghirlanda GARLAND LIFT \u00e8 stata progettata per decorare la tavola in modo diverso. Questo telaio per tavolo \u00e8 molto facile da installare e,\" \/>\n<meta property=\"og:url\" content=\"https:\/\/newgarden.es\/it\/shop\/lightdeco-it\/ghirlande\/struttura-da-tavolo-allungabile-per-ghirlande\/\" \/>\n<meta property=\"og:site_name\" content=\"Newgarden\" \/>\n<meta property=\"article:modified_time\" content=\"2024-05-28T08:32:45+00:00\" \/>\n<meta property=\"og:image\" content=\"https:\/\/newgarden.es\/wp-content\/uploads\/2023\/02\/GARLAND_LIFT_1200X1200-13-1.jpg\" \/>\n\t<meta property=\"og:image:width\" content=\"1200\" \/>\n\t<meta property=\"og:image:height\" content=\"1200\" \/>\n\t<meta property=\"og:image:type\" content=\"image\/jpeg\" \/>\n<meta name=\"twitter:card\" content=\"summary_large_image\" \/>\n<meta name=\"twitter:label1\" content=\"Tempo di lettura stimato\" \/>\n\t<meta name=\"twitter:data1\" content=\"1 minuto\" \/>\n<script type=\"application\/ld+json\" class=\"yoast-schema-graph\">{\"@context\":\"https:\/\/schema.org\",\"@graph\":[{\"@type\":\"WebPage\",\"@id\":\"https:\/\/newgarden.es\/it\/shop\/lightdeco-it\/ghirlande\/struttura-da-tavolo-allungabile-per-ghirlande\/\",\"url\":\"https:\/\/newgarden.es\/it\/shop\/lightdeco-it\/ghirlande\/struttura-da-tavolo-allungabile-per-ghirlande\/\",\"name\":\"STRUTTURA DA TAVOLO ALLUNGABILE PER GHIRLANDE GARLAND LIFT - Newgarden\",\"isPartOf\":{\"@id\":\"https:\/\/newgarden.es\/#website\"},\"primaryImageOfPage\":{\"@id\":\"https:\/\/newgarden.es\/it\/shop\/lightdeco-it\/ghirlande\/struttura-da-tavolo-allungabile-per-ghirlande\/#primaryimage\"},\"image\":{\"@id\":\"https:\/\/newgarden.es\/it\/shop\/lightdeco-it\/ghirlande\/struttura-da-tavolo-allungabile-per-ghirlande\/#primaryimage\"},\"thumbnailUrl\":\"https:\/\/newgarden.es\/wp-content\/uploads\/2023\/02\/GARLAND_LIFT_1200X1200-13-1.jpg\",\"datePublished\":\"2023-02-21T11:49:34+00:00\",\"dateModified\":\"2024-05-28T08:32:45+00:00\",\"description\":\"La struttura per ghirlanda GARLAND LIFT \u00e8 stata progettata per decorare la tavola in modo diverso. Questo telaio per tavolo \u00e8 molto facile da installare e,\",\"breadcrumb\":{\"@id\":\"https:\/\/newgarden.es\/it\/shop\/lightdeco-it\/ghirlande\/struttura-da-tavolo-allungabile-per-ghirlande\/#breadcrumb\"},\"inLanguage\":\"it-IT\",\"potentialAction\":[{\"@type\":\"ReadAction\",\"target\":[\"https:\/\/newgarden.es\/it\/shop\/lightdeco-it\/ghirlande\/struttura-da-tavolo-allungabile-per-ghirlande\/\"]}]},{\"@type\":\"ImageObject\",\"inLanguage\":\"it-IT\",\"@id\":\"https:\/\/newgarden.es\/it\/shop\/lightdeco-it\/ghirlande\/struttura-da-tavolo-allungabile-per-ghirlande\/#primaryimage\",\"url\":\"https:\/\/newgarden.es\/wp-content\/uploads\/2023\/02\/GARLAND_LIFT_1200X1200-13-1.jpg\",\"contentUrl\":\"https:\/\/newgarden.es\/wp-content\/uploads\/2023\/02\/GARLAND_LIFT_1200X1200-13-1.jpg\",\"width\":1200,\"height\":1200},{\"@type\":\"BreadcrumbList\",\"@id\":\"https:\/\/newgarden.es\/it\/shop\/lightdeco-it\/ghirlande\/struttura-da-tavolo-allungabile-per-ghirlande\/#breadcrumb\",\"itemListElement\":[{\"@type\":\"ListItem\",\"position\":1,\"name\":\"Home\",\"item\":\"https:\/\/newgarden.es\/it\/\"},{\"@type\":\"ListItem\",\"position\":2,\"name\":\"Collezione\",\"item\":\"https:\/\/newgarden.es\/it\/negozio\/\"},{\"@type\":\"ListItem\",\"position\":3,\"name\":\"STRUTTURA DA TAVOLO ALLUNGABILE PER GHIRLANDE GARLAND LIFT\"}]},{\"@type\":\"WebSite\",\"@id\":\"https:\/\/newgarden.es\/#website\",\"url\":\"https:\/\/newgarden.es\/\",\"name\":\"Newgarden\",\"description\":\"Be happy\",\"potentialAction\":[{\"@type\":\"SearchAction\",\"target\":{\"@type\":\"EntryPoint\",\"urlTemplate\":\"https:\/\/newgarden.es\/?s={search_term_string}\"},\"query-input\":{\"@type\":\"PropertyValueSpecification\",\"valueRequired\":true,\"valueName\":\"search_term_string\"}}],\"inLanguage\":\"it-IT\"}]}<\/script>\n<!-- \/ Yoast SEO plugin. -->","yoast_head_json":{"title":"STRUTTURA DA TAVOLO ALLUNGABILE PER GHIRLANDE GARLAND LIFT - Newgarden","description":"La struttura per ghirlanda GARLAND LIFT \u00e8 stata progettata per decorare la tavola in modo diverso. Questo telaio per tavolo \u00e8 molto facile da installare e,","robots":{"index":"index","follow":"follow","max-snippet":"max-snippet:-1","max-image-preview":"max-image-preview:large","max-video-preview":"max-video-preview:-1"},"canonical":"https:\/\/newgarden.es\/it\/shop\/lightdeco-it\/ghirlande\/struttura-da-tavolo-allungabile-per-ghirlande\/","og_locale":"it_IT","og_type":"article","og_title":"STRUTTURA DA TAVOLO ALLUNGABILE PER GHIRLANDE GARLAND LIFT - Newgarden","og_description":"La struttura per ghirlanda GARLAND LIFT \u00e8 stata progettata per decorare la tavola in modo diverso. Questo telaio per tavolo \u00e8 molto facile da installare e,","og_url":"https:\/\/newgarden.es\/it\/shop\/lightdeco-it\/ghirlande\/struttura-da-tavolo-allungabile-per-ghirlande\/","og_site_name":"Newgarden","article_modified_time":"2024-05-28T08:32:45+00:00","og_image":[{"width":1200,"height":1200,"url":"https:\/\/newgarden.es\/wp-content\/uploads\/2023\/02\/GARLAND_LIFT_1200X1200-13-1.jpg","type":"image\/jpeg"}],"twitter_card":"summary_large_image","twitter_misc":{"Tempo di lettura stimato":"1 minuto"},"schema":{"@context":"https:\/\/schema.org","@graph":[{"@type":"WebPage","@id":"https:\/\/newgarden.es\/it\/shop\/lightdeco-it\/ghirlande\/struttura-da-tavolo-allungabile-per-ghirlande\/","url":"https:\/\/newgarden.es\/it\/shop\/lightdeco-it\/ghirlande\/struttura-da-tavolo-allungabile-per-ghirlande\/","name":"STRUTTURA DA TAVOLO ALLUNGABILE PER GHIRLANDE GARLAND LIFT - Newgarden","isPartOf":{"@id":"https:\/\/newgarden.es\/#website"},"primaryImageOfPage":{"@id":"https:\/\/newgarden.es\/it\/shop\/lightdeco-it\/ghirlande\/struttura-da-tavolo-allungabile-per-ghirlande\/#primaryimage"},"image":{"@id":"https:\/\/newgarden.es\/it\/shop\/lightdeco-it\/ghirlande\/struttura-da-tavolo-allungabile-per-ghirlande\/#primaryimage"},"thumbnailUrl":"https:\/\/newgarden.es\/wp-content\/uploads\/2023\/02\/GARLAND_LIFT_1200X1200-13-1.jpg","datePublished":"2023-02-21T11:49:34+00:00","dateModified":"2024-05-28T08:32:45+00:00","description":"La struttura per ghirlanda GARLAND LIFT \u00e8 stata progettata per decorare la tavola in modo diverso. Questo telaio per tavolo \u00e8 molto facile da installare e,","breadcrumb":{"@id":"https:\/\/newgarden.es\/it\/shop\/lightdeco-it\/ghirlande\/struttura-da-tavolo-allungabile-per-ghirlande\/#breadcrumb"},"inLanguage":"it-IT","potentialAction":[{"@type":"ReadAction","target":["https:\/\/newgarden.es\/it\/shop\/lightdeco-it\/ghirlande\/struttura-da-tavolo-allungabile-per-ghirlande\/"]}]},{"@type":"ImageObject","inLanguage":"it-IT","@id":"https:\/\/newgarden.es\/it\/shop\/lightdeco-it\/ghirlande\/struttura-da-tavolo-allungabile-per-ghirlande\/#primaryimage","url":"https:\/\/newgarden.es\/wp-content\/uploads\/2023\/02\/GARLAND_LIFT_1200X1200-13-1.jpg","contentUrl":"https:\/\/newgarden.es\/wp-content\/uploads\/2023\/02\/GARLAND_LIFT_1200X1200-13-1.jpg","width":1200,"height":1200},{"@type":"BreadcrumbList","@id":"https:\/\/newgarden.es\/it\/shop\/lightdeco-it\/ghirlande\/struttura-da-tavolo-allungabile-per-ghirlande\/#breadcrumb","itemListElement":[{"@type":"ListItem","position":1,"name":"Home","item":"https:\/\/newgarden.es\/it\/"},{"@type":"ListItem","position":2,"name":"Collezione","item":"https:\/\/newgarden.es\/it\/negozio\/"},{"@type":"ListItem","position":3,"name":"STRUTTURA DA TAVOLO ALLUNGABILE PER GHIRLANDE GARLAND LIFT"}]},{"@type":"WebSite","@id":"https:\/\/newgarden.es\/#website","url":"https:\/\/newgarden.es\/","name":"Newgarden","description":"Be happy","potentialAction":[{"@type":"SearchAction","target":{"@type":"EntryPoint","urlTemplate":"https:\/\/newgarden.es\/?s={search_term_string}"},"query-input":{"@type":"PropertyValueSpecification","valueRequired":true,"valueName":"search_term_string"}}],"inLanguage":"it-IT"}]}},"df_price":29,"df_sale_price":"","df_regular_price":29,"df_image_link":"https:\/\/newgarden.es\/wp-content\/uploads\/2023\/02\/GARLAND_LIFT_1200X1200-13-1-580x400.jpg","_links":{"self":[{"href":"https:\/\/newgarden.es\/it\/wp-json\/wp\/v2\/product\/47056"}],"collection":[{"href":"https:\/\/newgarden.es\/it\/wp-json\/wp\/v2\/product"}],"about":[{"href":"https:\/\/newgarden.es\/it\/wp-json\/wp\/v2\/types\/product"}],"wp:featuredmedia":[{"embeddable":true,"href":"https:\/\/newgarden.es\/it\/wp-json\/wp\/v2\/media\/57952"}],"wp:attachment":[{"href":"https:\/\/newgarden.es\/it\/wp-json\/wp\/v2\/media?parent=47056"}],"wp:term":[{"taxonomy":"product_cat","embeddable":true,"href":"https:\/\/newgarden.es\/it\/wp-json\/wp\/v2\/product_cat?post=47056"},{"taxonomy":"product_tag","embeddable":true,"href":"https:\/\/newgarden.es\/it\/wp-json\/wp\/v2\/product_tag?post=47056"}],"curies":[{"name":"wp","href":"https:\/\/api.w.org\/{rel}","templated":true}]}}