{"id":47116,"date":"2023-02-21T13:02:17","date_gmt":"2023-02-21T12:02:21","guid":{"rendered":"https:\/\/newgarden.es\/?post_type=product&#038;p=47116"},"modified":"2024-07-01T11:12:19","modified_gmt":"2024-07-01T09:12:19","slug":"play-disk-40-altoparlante-da-piscina-senza-fili","status":"publish","type":"product","link":"https:\/\/newgarden.es\/it\/shop\/lightdeco-it\/lampada-da-parete\/play-disk-40-altoparlante-da-piscina-senza-fili\/","title":{"rendered":"PLAY DISK 40 ALTOPARLANTE DA PISCINA SENSA FILI"},"content":{"rendered":"<section class=\"wpb-content-wrapper\"><p>[vc_row][vc_column el_class=&#8221;descripcion_producto&#8221;][vc_column_text]Play disk 40 \u00e8 un altoparlante appositamente progettato per essere utilizzato in piscina. \u00c8 molto facile da usare: scegliete la vostra musica preferita, gettatela in acqua e divertitevi&#8230; \u00e8 semplicissimo. Questo diffusore acquatico sar\u00e0 un must per animare le vostre feste in piscina, per rilassarvi nella vasca idromassaggio o semplicemente per portare la musica in terrazza o in giardino, dato che pu\u00f2 anche essere appeso a una parete o posizionato accanto a un tavolo. La batteria ha un&#8217;autonomia fino a 20 ore (a seconda della modalit\u00e0 di utilizzo).<\/p>\n<p>Play 40 Disk \u00e8 dotato di tecnologia Bluetooth TWS, che consente di collegare due dischi Play 40 con un unico dispositivo. Con il telecomando (incluso) \u00e8 possibile passare da un colore fisso a un altro, cambiare modalit\u00e0 di colore, riprodurre o mettere in pausa&#8230;<\/p>\n<p>*inserire nella tabella di descrizione: GALLEGGIANTE SI: SOMMERGIBILE: NO<br \/>\n[\/vc_column_text][\/vc_column][\/vc_row][vc_row disable_element=&#8221;yes&#8221;][vc_column][vc_single_image image=&#8221;6566&#8243; img_size=&#8221;full&#8221;][\/vc_column][\/vc_row][vc_row][vc_column width=&#8221;1\/2&#8243;][vc_btn title=&#8221;SCHEDA TECNICA&#8221; style=&#8221;custom&#8221; custom_background=&#8221;#009bc2&#8243; custom_text=&#8221;#ffffff&#8221; shape=&#8221;square&#8221; link=&#8221;url:https%3A%2F%2Fbit.ly%2F3IiB6aa|target:%20_blank|&#8221; el_class=&#8221;btn_descargar_ficha&#8221;][\/vc_column][vc_column width=&#8221;1\/2&#8243;][vc_btn title=&#8221;MANUALE DI ISTRUZIONI&#8221; style=&#8221;custom&#8221; custom_background=&#8221;#009bc2&#8243; custom_text=&#8221;#ffffff&#8221; shape=&#8221;square&#8221; link=&#8221;url:https%3A%2F%2Fbit.ly%2F3KpTro7|target:%20_blank|&#8221; el_class=&#8221;btn_descargar_ficha&#8221;][\/vc_column][\/vc_row]<\/p>\n<\/section>","protected":false},"excerpt":{"rendered":"<h1 style=\"font-size: 12px;\">PLAY DISK 40 Altoparlante da piscina senza fili<\/h1>\n","protected":false},"featured_media":56346,"template":"","meta":[],"product_cat":[974,969,991,979],"product_tag":[],"class_list":{"0":"post-47116","1":"product","2":"type-product","3":"status-publish","4":"has-post-thumbnail","6":"product_cat-lightdeco-it","7":"product_cat-lampada-da-parete","8":"product_cat-lampada-portatile","9":"product_cat-altoparlanti","11":"first","12":"instock","13":"taxable","14":"shipping-taxable","15":"product-type-simple"},"yoast_head":"<!-- This site is optimized with the Yoast SEO plugin v24.2 - https:\/\/yoast.com\/wordpress\/plugins\/seo\/ -->\n<title>PLAY DISK 40 Altoparlante da piscina senza fili<\/title>\n<meta name=\"description\" content=\"Play disk 40 \u00e8 un altoparlante appositamente progettato per essere utilizzato in piscina. \u00c8 molto facile da usare: scegliete la vostra musica preferita,\" \/>\n<meta name=\"robots\" content=\"index, follow, max-snippet:-1, max-image-preview:large, max-video-preview:-1\" \/>\n<link rel=\"canonical\" href=\"https:\/\/newgarden.es\/it\/shop\/lightdeco-it\/lampada-da-parete\/play-disk-40-altoparlante-da-piscina-senza-fili\/\" \/>\n<meta property=\"og:locale\" content=\"it_IT\" \/>\n<meta property=\"og:type\" content=\"article\" \/>\n<meta property=\"og:title\" content=\"PLAY DISK 40 Altoparlante da piscina senza fili\" \/>\n<meta property=\"og:description\" content=\"Play disk 40 \u00e8 un altoparlante appositamente progettato per essere utilizzato in piscina. \u00c8 molto facile da usare: scegliete la vostra musica preferita,\" \/>\n<meta property=\"og:url\" content=\"https:\/\/newgarden.es\/it\/shop\/lightdeco-it\/lampada-da-parete\/play-disk-40-altoparlante-da-piscina-senza-fili\/\" \/>\n<meta property=\"og:site_name\" content=\"Newgarden\" \/>\n<meta property=\"article:modified_time\" content=\"2024-07-01T09:12:19+00:00\" \/>\n<meta property=\"og:image\" content=\"https:\/\/newgarden.es\/wp-content\/uploads\/2023\/02\/WALLY_PLAY_1200X1200-8.jpg\" \/>\n\t<meta property=\"og:image:width\" content=\"1200\" \/>\n\t<meta property=\"og:image:height\" content=\"1200\" \/>\n\t<meta property=\"og:image:type\" content=\"image\/jpeg\" \/>\n<meta name=\"twitter:card\" content=\"summary_large_image\" \/>\n<meta name=\"twitter:label1\" content=\"Tempo di lettura stimato\" \/>\n\t<meta name=\"twitter:data1\" content=\"1 minuto\" \/>\n<script type=\"application\/ld+json\" class=\"yoast-schema-graph\">{\"@context\":\"https:\/\/schema.org\",\"@graph\":[{\"@type\":\"WebPage\",\"@id\":\"https:\/\/newgarden.es\/it\/shop\/lightdeco-it\/lampada-da-parete\/play-disk-40-altoparlante-da-piscina-senza-fili\/\",\"url\":\"https:\/\/newgarden.es\/it\/shop\/lightdeco-it\/lampada-da-parete\/play-disk-40-altoparlante-da-piscina-senza-fili\/\",\"name\":\"PLAY DISK 40 Altoparlante da piscina senza fili\",\"isPartOf\":{\"@id\":\"https:\/\/newgarden.es\/#website\"},\"primaryImageOfPage\":{\"@id\":\"https:\/\/newgarden.es\/it\/shop\/lightdeco-it\/lampada-da-parete\/play-disk-40-altoparlante-da-piscina-senza-fili\/#primaryimage\"},\"image\":{\"@id\":\"https:\/\/newgarden.es\/it\/shop\/lightdeco-it\/lampada-da-parete\/play-disk-40-altoparlante-da-piscina-senza-fili\/#primaryimage\"},\"thumbnailUrl\":\"https:\/\/newgarden.es\/wp-content\/uploads\/2023\/02\/WALLY_PLAY_1200X1200-8.jpg\",\"datePublished\":\"2023-02-21T12:02:21+00:00\",\"dateModified\":\"2024-07-01T09:12:19+00:00\",\"description\":\"Play disk 40 \u00e8 un altoparlante appositamente progettato per essere utilizzato in piscina. \u00c8 molto facile da usare: scegliete la vostra musica preferita,\",\"breadcrumb\":{\"@id\":\"https:\/\/newgarden.es\/it\/shop\/lightdeco-it\/lampada-da-parete\/play-disk-40-altoparlante-da-piscina-senza-fili\/#breadcrumb\"},\"inLanguage\":\"it-IT\",\"potentialAction\":[{\"@type\":\"ReadAction\",\"target\":[\"https:\/\/newgarden.es\/it\/shop\/lightdeco-it\/lampada-da-parete\/play-disk-40-altoparlante-da-piscina-senza-fili\/\"]}]},{\"@type\":\"ImageObject\",\"inLanguage\":\"it-IT\",\"@id\":\"https:\/\/newgarden.es\/it\/shop\/lightdeco-it\/lampada-da-parete\/play-disk-40-altoparlante-da-piscina-senza-fili\/#primaryimage\",\"url\":\"https:\/\/newgarden.es\/wp-content\/uploads\/2023\/02\/WALLY_PLAY_1200X1200-8.jpg\",\"contentUrl\":\"https:\/\/newgarden.es\/wp-content\/uploads\/2023\/02\/WALLY_PLAY_1200X1200-8.jpg\",\"width\":1200,\"height\":1200},{\"@type\":\"BreadcrumbList\",\"@id\":\"https:\/\/newgarden.es\/it\/shop\/lightdeco-it\/lampada-da-parete\/play-disk-40-altoparlante-da-piscina-senza-fili\/#breadcrumb\",\"itemListElement\":[{\"@type\":\"ListItem\",\"position\":1,\"name\":\"Home\",\"item\":\"https:\/\/newgarden.es\/it\/\"},{\"@type\":\"ListItem\",\"position\":2,\"name\":\"Collezione\",\"item\":\"https:\/\/newgarden.es\/it\/negozio\/\"},{\"@type\":\"ListItem\",\"position\":3,\"name\":\"PLAY DISK 40 ALTOPARLANTE DA PISCINA SENSA FILI\"}]},{\"@type\":\"WebSite\",\"@id\":\"https:\/\/newgarden.es\/#website\",\"url\":\"https:\/\/newgarden.es\/\",\"name\":\"Newgarden\",\"description\":\"Be happy\",\"potentialAction\":[{\"@type\":\"SearchAction\",\"target\":{\"@type\":\"EntryPoint\",\"urlTemplate\":\"https:\/\/newgarden.es\/?s={search_term_string}\"},\"query-input\":{\"@type\":\"PropertyValueSpecification\",\"valueRequired\":true,\"valueName\":\"search_term_string\"}}],\"inLanguage\":\"it-IT\"}]}<\/script>\n<!-- \/ Yoast SEO plugin. -->","yoast_head_json":{"title":"PLAY DISK 40 Altoparlante da piscina senza fili","description":"Play disk 40 \u00e8 un altoparlante appositamente progettato per essere utilizzato in piscina. \u00c8 molto facile da usare: scegliete la vostra musica preferita,","robots":{"index":"index","follow":"follow","max-snippet":"max-snippet:-1","max-image-preview":"max-image-preview:large","max-video-preview":"max-video-preview:-1"},"canonical":"https:\/\/newgarden.es\/it\/shop\/lightdeco-it\/lampada-da-parete\/play-disk-40-altoparlante-da-piscina-senza-fili\/","og_locale":"it_IT","og_type":"article","og_title":"PLAY DISK 40 Altoparlante da piscina senza fili","og_description":"Play disk 40 \u00e8 un altoparlante appositamente progettato per essere utilizzato in piscina. \u00c8 molto facile da usare: scegliete la vostra musica preferita,","og_url":"https:\/\/newgarden.es\/it\/shop\/lightdeco-it\/lampada-da-parete\/play-disk-40-altoparlante-da-piscina-senza-fili\/","og_site_name":"Newgarden","article_modified_time":"2024-07-01T09:12:19+00:00","og_image":[{"width":1200,"height":1200,"url":"https:\/\/newgarden.es\/wp-content\/uploads\/2023\/02\/WALLY_PLAY_1200X1200-8.jpg","type":"image\/jpeg"}],"twitter_card":"summary_large_image","twitter_misc":{"Tempo di lettura stimato":"1 minuto"},"schema":{"@context":"https:\/\/schema.org","@graph":[{"@type":"WebPage","@id":"https:\/\/newgarden.es\/it\/shop\/lightdeco-it\/lampada-da-parete\/play-disk-40-altoparlante-da-piscina-senza-fili\/","url":"https:\/\/newgarden.es\/it\/shop\/lightdeco-it\/lampada-da-parete\/play-disk-40-altoparlante-da-piscina-senza-fili\/","name":"PLAY DISK 40 Altoparlante da piscina senza fili","isPartOf":{"@id":"https:\/\/newgarden.es\/#website"},"primaryImageOfPage":{"@id":"https:\/\/newgarden.es\/it\/shop\/lightdeco-it\/lampada-da-parete\/play-disk-40-altoparlante-da-piscina-senza-fili\/#primaryimage"},"image":{"@id":"https:\/\/newgarden.es\/it\/shop\/lightdeco-it\/lampada-da-parete\/play-disk-40-altoparlante-da-piscina-senza-fili\/#primaryimage"},"thumbnailUrl":"https:\/\/newgarden.es\/wp-content\/uploads\/2023\/02\/WALLY_PLAY_1200X1200-8.jpg","datePublished":"2023-02-21T12:02:21+00:00","dateModified":"2024-07-01T09:12:19+00:00","description":"Play disk 40 \u00e8 un altoparlante appositamente progettato per essere utilizzato in piscina. \u00c8 molto facile da usare: scegliete la vostra musica preferita,","breadcrumb":{"@id":"https:\/\/newgarden.es\/it\/shop\/lightdeco-it\/lampada-da-parete\/play-disk-40-altoparlante-da-piscina-senza-fili\/#breadcrumb"},"inLanguage":"it-IT","potentialAction":[{"@type":"ReadAction","target":["https:\/\/newgarden.es\/it\/shop\/lightdeco-it\/lampada-da-parete\/play-disk-40-altoparlante-da-piscina-senza-fili\/"]}]},{"@type":"ImageObject","inLanguage":"it-IT","@id":"https:\/\/newgarden.es\/it\/shop\/lightdeco-it\/lampada-da-parete\/play-disk-40-altoparlante-da-piscina-senza-fili\/#primaryimage","url":"https:\/\/newgarden.es\/wp-content\/uploads\/2023\/02\/WALLY_PLAY_1200X1200-8.jpg","contentUrl":"https:\/\/newgarden.es\/wp-content\/uploads\/2023\/02\/WALLY_PLAY_1200X1200-8.jpg","width":1200,"height":1200},{"@type":"BreadcrumbList","@id":"https:\/\/newgarden.es\/it\/shop\/lightdeco-it\/lampada-da-parete\/play-disk-40-altoparlante-da-piscina-senza-fili\/#breadcrumb","itemListElement":[{"@type":"ListItem","position":1,"name":"Home","item":"https:\/\/newgarden.es\/it\/"},{"@type":"ListItem","position":2,"name":"Collezione","item":"https:\/\/newgarden.es\/it\/negozio\/"},{"@type":"ListItem","position":3,"name":"PLAY DISK 40 ALTOPARLANTE DA PISCINA SENSA FILI"}]},{"@type":"WebSite","@id":"https:\/\/newgarden.es\/#website","url":"https:\/\/newgarden.es\/","name":"Newgarden","description":"Be happy","potentialAction":[{"@type":"SearchAction","target":{"@type":"EntryPoint","urlTemplate":"https:\/\/newgarden.es\/?s={search_term_string}"},"query-input":{"@type":"PropertyValueSpecification","valueRequired":true,"valueName":"search_term_string"}}],"inLanguage":"it-IT"}]}},"df_price":"","df_sale_price":"","df_regular_price":"","df_image_link":"https:\/\/newgarden.es\/wp-content\/uploads\/2023\/02\/WALLY_PLAY_1200X1200-8-580x400.jpg","_links":{"self":[{"href":"https:\/\/newgarden.es\/it\/wp-json\/wp\/v2\/product\/47116"}],"collection":[{"href":"https:\/\/newgarden.es\/it\/wp-json\/wp\/v2\/product"}],"about":[{"href":"https:\/\/newgarden.es\/it\/wp-json\/wp\/v2\/types\/product"}],"wp:featuredmedia":[{"embeddable":true,"href":"https:\/\/newgarden.es\/it\/wp-json\/wp\/v2\/media\/56346"}],"wp:attachment":[{"href":"https:\/\/newgarden.es\/it\/wp-json\/wp\/v2\/media?parent=47116"}],"wp:term":[{"taxonomy":"product_cat","embeddable":true,"href":"https:\/\/newgarden.es\/it\/wp-json\/wp\/v2\/product_cat?post=47116"},{"taxonomy":"product_tag","embeddable":true,"href":"https:\/\/newgarden.es\/it\/wp-json\/wp\/v2\/product_tag?post=47116"}],"curies":[{"name":"wp","href":"https:\/\/api.w.org\/{rel}","templated":true}]}}