{"id":47285,"date":"2023-02-21T13:42:11","date_gmt":"2023-02-21T12:42:16","guid":{"rendered":"https:\/\/newgarden.es\/?post_type=product&#038;p=47285"},"modified":"2024-06-13T15:10:48","modified_gmt":"2024-06-13T13:10:48","slug":"okinawa-hang-wireless-pendant-lamp","status":"publish","type":"product","link":"https:\/\/newgarden.es\/it\/shop\/lightdeco-it\/lampade-a-sospensione\/okinawa-hang-wireless-pendant-lamp\/","title":{"rendered":"LUCE A SOSPENSIONE OKINAWA HANG"},"content":{"rendered":"<section class=\"wpb-content-wrapper\"><p>[vc_row][vc_column][vc_column_text]La lampada a sospensione per esterni Okinawa 40 Hang \u00e8 realizzata a mano in bamb\u00f9. Il suo design organico e la sua forma svasata con linee rette lo rendono un prodotto indispensabile per qualsiasi terrazza o giardino. Pu\u00f2 essere abbinata ad altri prodotti della serie Okinawa, come la ghirlanda, la lanterna (Okinawa Lantern) o la straordinaria lampada da terra Okinawa 170. Tutti formano un insieme di lampade che portano un tocco di natura armoniosa nella vostra casa.<\/p>\n<p>La lampada a sospensione per esterni Okinawa 40 Hang comprende un cavo di 3 metri, un paralume e la lampadina ricaricabile portatile Cherry. Questa lampadina non richiede alcuna installazione: basta posizionarla vicino all&#8217;area metallica del paralume e aderir\u00e0 grazie alla sua base magnetizzata. Questa lampadina \u00e8 dotata anche di un telecomando che consente di accenderla, spegnerla e regolarne l&#8217;intensit\u00e0. Ha 900 lumen e un&#8217;autonomia compresa tra 6 e 20 ore a seconda dell&#8217;intensit\u00e0.<br \/>\n[\/vc_column_text][\/vc_column][\/vc_row][vc_row][vc_column width=&#8221;1\/2&#8243;][vc_btn title=&#8221;SCHEDA TECNICA&#8221; style=&#8221;custom&#8221; custom_background=&#8221;#009bc2&#8243; custom_text=&#8221;#ffffff&#8221; link=&#8221;url:https%3A%2F%2Fbit.ly%2F3ImEf8I|target:%20_blank|&#8221; el_class=&#8221;btn_descargar_ficha&#8221;][\/vc_column][vc_column width=&#8221;1\/2&#8243;][vc_btn title=&#8221;MANUALE DI ISTRUZIONI&#8221; style=&#8221;custom&#8221; custom_background=&#8221;#009bc2&#8243; custom_text=&#8221;#ffffff&#8221; link=&#8221;url:https%3A%2F%2Fbit.ly%2F3EskOKx|target:%20_blank|&#8221; el_class=&#8221;btn_descargar_ficha&#8221;][\/vc_column][\/vc_row]<\/p>\n<\/section>","protected":false},"excerpt":{"rendered":"<h5><strong>OKINAWA HANG wireless pendant lamp<\/strong><\/h5>\n","protected":false},"featured_media":55386,"template":"","meta":[],"product_cat":[974,1566,991,980],"product_tag":[],"class_list":{"0":"post-47285","1":"product","2":"type-product","3":"status-publish","4":"has-post-thumbnail","6":"product_cat-lightdeco-it","7":"product_cat-plafoniere-senza-fili","8":"product_cat-lampada-portatile","9":"product_cat-lampade-a-sospensione","11":"first","12":"instock","13":"taxable","14":"shipping-taxable","15":"purchasable","16":"product-type-variable","17":"has-default-attributes"},"yoast_head":"<!-- This site is optimized with the Yoast SEO plugin v24.2 - https:\/\/yoast.com\/wordpress\/plugins\/seo\/ -->\n<title>Lampada a sospensione a batteria OKINAWA HANG<\/title>\n<meta name=\"description\" content=\"OKINAWA HANG wireless pendant lamp is made of recycled PVC. This lamp is the perfect complement to illuminate any space in your home or garden giving it a\" \/>\n<meta name=\"robots\" content=\"index, follow, max-snippet:-1, max-image-preview:large, max-video-preview:-1\" \/>\n<link rel=\"canonical\" href=\"https:\/\/newgarden.es\/it\/shop\/lightdeco-it\/lampade-a-sospensione\/okinawa-hang-wireless-pendant-lamp\/\" \/>\n<meta property=\"og:locale\" content=\"it_IT\" \/>\n<meta property=\"og:type\" content=\"article\" \/>\n<meta property=\"og:title\" content=\"Lampada a sospensione a batteria OKINAWA HANG\" \/>\n<meta property=\"og:description\" content=\"OKINAWA HANG wireless pendant lamp is made of recycled PVC. This lamp is the perfect complement to illuminate any space in your home or garden giving it a\" \/>\n<meta property=\"og:url\" content=\"https:\/\/newgarden.es\/it\/shop\/lightdeco-it\/lampade-a-sospensione\/okinawa-hang-wireless-pendant-lamp\/\" \/>\n<meta property=\"og:site_name\" content=\"Newgarden\" \/>\n<meta property=\"article:modified_time\" content=\"2024-06-13T13:10:48+00:00\" \/>\n<meta property=\"og:image\" content=\"https:\/\/newgarden.es\/wp-content\/uploads\/2023\/02\/OKINAWA_HANG_1200X1200-2.jpg\" \/>\n\t<meta property=\"og:image:width\" content=\"1200\" \/>\n\t<meta property=\"og:image:height\" content=\"1200\" \/>\n\t<meta property=\"og:image:type\" content=\"image\/jpeg\" \/>\n<meta name=\"twitter:card\" content=\"summary_large_image\" \/>\n<meta name=\"twitter:label1\" content=\"Tempo di lettura stimato\" \/>\n\t<meta name=\"twitter:data1\" content=\"1 minuto\" \/>\n<script type=\"application\/ld+json\" class=\"yoast-schema-graph\">{\"@context\":\"https:\/\/schema.org\",\"@graph\":[{\"@type\":\"WebPage\",\"@id\":\"https:\/\/newgarden.es\/it\/shop\/lightdeco-it\/lampade-a-sospensione\/okinawa-hang-wireless-pendant-lamp\/\",\"url\":\"https:\/\/newgarden.es\/it\/shop\/lightdeco-it\/lampade-a-sospensione\/okinawa-hang-wireless-pendant-lamp\/\",\"name\":\"Lampada a sospensione a batteria OKINAWA HANG\",\"isPartOf\":{\"@id\":\"https:\/\/newgarden.es\/#website\"},\"primaryImageOfPage\":{\"@id\":\"https:\/\/newgarden.es\/it\/shop\/lightdeco-it\/lampade-a-sospensione\/okinawa-hang-wireless-pendant-lamp\/#primaryimage\"},\"image\":{\"@id\":\"https:\/\/newgarden.es\/it\/shop\/lightdeco-it\/lampade-a-sospensione\/okinawa-hang-wireless-pendant-lamp\/#primaryimage\"},\"thumbnailUrl\":\"https:\/\/newgarden.es\/wp-content\/uploads\/2023\/02\/OKINAWA_HANG_1200X1200-2.jpg\",\"datePublished\":\"2023-02-21T12:42:16+00:00\",\"dateModified\":\"2024-06-13T13:10:48+00:00\",\"description\":\"OKINAWA HANG wireless pendant lamp is made of recycled PVC. This lamp is the perfect complement to illuminate any space in your home or garden giving it a\",\"breadcrumb\":{\"@id\":\"https:\/\/newgarden.es\/it\/shop\/lightdeco-it\/lampade-a-sospensione\/okinawa-hang-wireless-pendant-lamp\/#breadcrumb\"},\"inLanguage\":\"it-IT\",\"potentialAction\":[{\"@type\":\"ReadAction\",\"target\":[\"https:\/\/newgarden.es\/it\/shop\/lightdeco-it\/lampade-a-sospensione\/okinawa-hang-wireless-pendant-lamp\/\"]}]},{\"@type\":\"ImageObject\",\"inLanguage\":\"it-IT\",\"@id\":\"https:\/\/newgarden.es\/it\/shop\/lightdeco-it\/lampade-a-sospensione\/okinawa-hang-wireless-pendant-lamp\/#primaryimage\",\"url\":\"https:\/\/newgarden.es\/wp-content\/uploads\/2023\/02\/OKINAWA_HANG_1200X1200-2.jpg\",\"contentUrl\":\"https:\/\/newgarden.es\/wp-content\/uploads\/2023\/02\/OKINAWA_HANG_1200X1200-2.jpg\",\"width\":1200,\"height\":1200},{\"@type\":\"BreadcrumbList\",\"@id\":\"https:\/\/newgarden.es\/it\/shop\/lightdeco-it\/lampade-a-sospensione\/okinawa-hang-wireless-pendant-lamp\/#breadcrumb\",\"itemListElement\":[{\"@type\":\"ListItem\",\"position\":1,\"name\":\"Home\",\"item\":\"https:\/\/newgarden.es\/it\/\"},{\"@type\":\"ListItem\",\"position\":2,\"name\":\"Collezione\",\"item\":\"https:\/\/newgarden.es\/it\/negozio\/\"},{\"@type\":\"ListItem\",\"position\":3,\"name\":\"LUCE A SOSPENSIONE OKINAWA HANG\"}]},{\"@type\":\"WebSite\",\"@id\":\"https:\/\/newgarden.es\/#website\",\"url\":\"https:\/\/newgarden.es\/\",\"name\":\"Newgarden\",\"description\":\"Be happy\",\"potentialAction\":[{\"@type\":\"SearchAction\",\"target\":{\"@type\":\"EntryPoint\",\"urlTemplate\":\"https:\/\/newgarden.es\/?s={search_term_string}\"},\"query-input\":{\"@type\":\"PropertyValueSpecification\",\"valueRequired\":true,\"valueName\":\"search_term_string\"}}],\"inLanguage\":\"it-IT\"}]}<\/script>\n<!-- \/ Yoast SEO plugin. -->","yoast_head_json":{"title":"Lampada a sospensione a batteria OKINAWA HANG","description":"OKINAWA HANG wireless pendant lamp is made of recycled PVC. This lamp is the perfect complement to illuminate any space in your home or garden giving it a","robots":{"index":"index","follow":"follow","max-snippet":"max-snippet:-1","max-image-preview":"max-image-preview:large","max-video-preview":"max-video-preview:-1"},"canonical":"https:\/\/newgarden.es\/it\/shop\/lightdeco-it\/lampade-a-sospensione\/okinawa-hang-wireless-pendant-lamp\/","og_locale":"it_IT","og_type":"article","og_title":"Lampada a sospensione a batteria OKINAWA HANG","og_description":"OKINAWA HANG wireless pendant lamp is made of recycled PVC. This lamp is the perfect complement to illuminate any space in your home or garden giving it a","og_url":"https:\/\/newgarden.es\/it\/shop\/lightdeco-it\/lampade-a-sospensione\/okinawa-hang-wireless-pendant-lamp\/","og_site_name":"Newgarden","article_modified_time":"2024-06-13T13:10:48+00:00","og_image":[{"width":1200,"height":1200,"url":"https:\/\/newgarden.es\/wp-content\/uploads\/2023\/02\/OKINAWA_HANG_1200X1200-2.jpg","type":"image\/jpeg"}],"twitter_card":"summary_large_image","twitter_misc":{"Tempo di lettura stimato":"1 minuto"},"schema":{"@context":"https:\/\/schema.org","@graph":[{"@type":"WebPage","@id":"https:\/\/newgarden.es\/it\/shop\/lightdeco-it\/lampade-a-sospensione\/okinawa-hang-wireless-pendant-lamp\/","url":"https:\/\/newgarden.es\/it\/shop\/lightdeco-it\/lampade-a-sospensione\/okinawa-hang-wireless-pendant-lamp\/","name":"Lampada a sospensione a batteria OKINAWA HANG","isPartOf":{"@id":"https:\/\/newgarden.es\/#website"},"primaryImageOfPage":{"@id":"https:\/\/newgarden.es\/it\/shop\/lightdeco-it\/lampade-a-sospensione\/okinawa-hang-wireless-pendant-lamp\/#primaryimage"},"image":{"@id":"https:\/\/newgarden.es\/it\/shop\/lightdeco-it\/lampade-a-sospensione\/okinawa-hang-wireless-pendant-lamp\/#primaryimage"},"thumbnailUrl":"https:\/\/newgarden.es\/wp-content\/uploads\/2023\/02\/OKINAWA_HANG_1200X1200-2.jpg","datePublished":"2023-02-21T12:42:16+00:00","dateModified":"2024-06-13T13:10:48+00:00","description":"OKINAWA HANG wireless pendant lamp is made of recycled PVC. This lamp is the perfect complement to illuminate any space in your home or garden giving it a","breadcrumb":{"@id":"https:\/\/newgarden.es\/it\/shop\/lightdeco-it\/lampade-a-sospensione\/okinawa-hang-wireless-pendant-lamp\/#breadcrumb"},"inLanguage":"it-IT","potentialAction":[{"@type":"ReadAction","target":["https:\/\/newgarden.es\/it\/shop\/lightdeco-it\/lampade-a-sospensione\/okinawa-hang-wireless-pendant-lamp\/"]}]},{"@type":"ImageObject","inLanguage":"it-IT","@id":"https:\/\/newgarden.es\/it\/shop\/lightdeco-it\/lampade-a-sospensione\/okinawa-hang-wireless-pendant-lamp\/#primaryimage","url":"https:\/\/newgarden.es\/wp-content\/uploads\/2023\/02\/OKINAWA_HANG_1200X1200-2.jpg","contentUrl":"https:\/\/newgarden.es\/wp-content\/uploads\/2023\/02\/OKINAWA_HANG_1200X1200-2.jpg","width":1200,"height":1200},{"@type":"BreadcrumbList","@id":"https:\/\/newgarden.es\/it\/shop\/lightdeco-it\/lampade-a-sospensione\/okinawa-hang-wireless-pendant-lamp\/#breadcrumb","itemListElement":[{"@type":"ListItem","position":1,"name":"Home","item":"https:\/\/newgarden.es\/it\/"},{"@type":"ListItem","position":2,"name":"Collezione","item":"https:\/\/newgarden.es\/it\/negozio\/"},{"@type":"ListItem","position":3,"name":"LUCE A SOSPENSIONE OKINAWA HANG"}]},{"@type":"WebSite","@id":"https:\/\/newgarden.es\/#website","url":"https:\/\/newgarden.es\/","name":"Newgarden","description":"Be happy","potentialAction":[{"@type":"SearchAction","target":{"@type":"EntryPoint","urlTemplate":"https:\/\/newgarden.es\/?s={search_term_string}"},"query-input":{"@type":"PropertyValueSpecification","valueRequired":true,"valueName":"search_term_string"}}],"inLanguage":"it-IT"}]}},"df_price":69.9,"df_sale_price":"","df_regular_price":69.9,"df_image_link":"https:\/\/newgarden.es\/wp-content\/uploads\/2023\/02\/OKINAWA_HANG_1200X1200-2-580x400.jpg","_links":{"self":[{"href":"https:\/\/newgarden.es\/it\/wp-json\/wp\/v2\/product\/47285"}],"collection":[{"href":"https:\/\/newgarden.es\/it\/wp-json\/wp\/v2\/product"}],"about":[{"href":"https:\/\/newgarden.es\/it\/wp-json\/wp\/v2\/types\/product"}],"wp:featuredmedia":[{"embeddable":true,"href":"https:\/\/newgarden.es\/it\/wp-json\/wp\/v2\/media\/55386"}],"wp:attachment":[{"href":"https:\/\/newgarden.es\/it\/wp-json\/wp\/v2\/media?parent=47285"}],"wp:term":[{"taxonomy":"product_cat","embeddable":true,"href":"https:\/\/newgarden.es\/it\/wp-json\/wp\/v2\/product_cat?post=47285"},{"taxonomy":"product_tag","embeddable":true,"href":"https:\/\/newgarden.es\/it\/wp-json\/wp\/v2\/product_tag?post=47285"}],"curies":[{"name":"wp","href":"https:\/\/api.w.org\/{rel}","templated":true}]}}