{"id":47325,"date":"2023-02-21T14:01:36","date_gmt":"2023-02-21T13:01:40","guid":{"rendered":"https:\/\/newgarden.es\/?post_type=product&#038;p=47325"},"modified":"2024-06-10T08:24:09","modified_gmt":"2024-06-10T06:24:09","slug":"lanterna-okinawa-lanterna-portatile-a-batteria","status":"publish","type":"product","link":"https:\/\/newgarden.es\/it\/shop\/lightdeco-it\/lampade-da-tavolo\/lanterna-okinawa-lanterna-portatile-a-batteria\/","title":{"rendered":"LANTERN OKINAWA LANTERNA PORTATILE A BATTERIA"},"content":{"rendered":"<section class=\"wpb-content-wrapper\"><p>[vc_row][vc_column][vc_column_text][\/vc_column_text][\/vc_column][\/vc_row][vc_row][vc_column][vc_column_text]La lampada a mano OKINAWA LANTERN \u00e8 realizzata a mano in bamb\u00f9. Il suo design organico e le sue linee rette lo rendono un prodotto indispensabile per qualsiasi terrazza o giardino. Pu\u00f2 essere abbinata ad altri prodotti della serie Okinawa, come la ghirlanda, la lampada a sospensione (Okinawa 40 Hang) o la straordinaria lampada da terra Okinawa 170. Tutte formano un insieme di lampade che portano un tocco di natura armoniosa nella vostra casa. Incorpora un pannello solare di grandi dimensioni che consente di caricarlo in modo efficiente senza bisogno di cavi. Il manico \u00e8 realizzato in metallo per garantire robustezza e resistenza.<\/p>\n<p>La lampada portatile OKINAWA \u00e8 la lampadina ricaricabile portatile Cherry. Questa lampadina non richiede installazione, basta avvicinarla al retro del pannello solare e aderir\u00e0 grazie alla sua base magnetica. Questa lampadina \u00e8 dotata anche di un telecomando che consente di accenderla, spegnerla e regolarne l&#8217;intensit\u00e0. Ha 900 lumen e un&#8217;autonomia compresa tra 6 e 20 ore di durata a seconda dell&#8217;intensit\u00e0.<\/p>\n<p>*Carica solare: come suggerisce il nome, \u00e8 sufficiente che il prodotto sia esposto alla luce del sole. Pi\u00f9 tempo riceve la luce solare diretta, pi\u00f9 lunga sar\u00e0 l&#8217;autonomia.<br \/>\n[\/vc_column_text][\/vc_column][\/vc_row][vc_row][vc_column width=&#8221;1\/2&#8243;][vc_btn title=&#8221;SCHEDA TECNICA&#8221; style=&#8221;custom&#8221; custom_background=&#8221;#009bc2&#8243; custom_text=&#8221;#ffffff&#8221; shape=&#8221;square&#8221; el_class=&#8221;btn_descargar_ficha&#8221; link=&#8221;url:https%3A%2F%2Fbit.ly%2F41fKL9T|target:%20_blank|&#8221;][\/vc_column][vc_column width=&#8221;1\/2&#8243;][vc_btn title=&#8221;MANUALE DI ISTRUZIONI&#8221; style=&#8221;custom&#8221; custom_background=&#8221;#009bc2&#8243; custom_text=&#8221;#ffffff&#8221; shape=&#8221;square&#8221; el_class=&#8221;btn_descargar_ficha&#8221; link=&#8221;url:https%3A%2F%2Fbit.ly%2F3EsSyHT|target:%20_blank|&#8221;][\/vc_column][\/vc_row]<\/p>\n<\/section>","protected":false},"excerpt":{"rendered":"<p>LANTERN OKINAWA Lanterna portatile a batteria<\/p>\n","protected":false},"featured_media":60226,"template":"","meta":[],"product_cat":[1697,974,983,991,1588],"product_tag":[953,955,962],"class_list":{"0":"post-47325","1":"product","2":"type-product","3":"status-publish","4":"has-post-thumbnail","6":"product_cat-productos-it","7":"product_cat-lightdeco-it","8":"product_cat-lampade-da-tavolo","9":"product_cat-lampada-portatile","10":"product_cat-interni-it-it","11":"product_tag-batteria","12":"product_tag-cavo","13":"product_tag-senza-fili-it","15":"first","16":"instock","17":"taxable","18":"shipping-taxable","19":"purchasable","20":"product-type-variable"},"yoast_head":"<!-- This site is optimized with the Yoast SEO plugin v24.2 - https:\/\/yoast.com\/wordpress\/plugins\/seo\/ -->\n<title>LANTERN OKINAWA LANTERNA PORTATILE A BATTERIA - Newgarden<\/title>\n<meta name=\"description\" content=\"La lampada a mano OKINAWA LANTERN \u00e8 realizzata a mano in bamb\u00f9. Il suo design organico e le sue linee rette lo rendono un prodotto indispensabile per\" \/>\n<meta name=\"robots\" content=\"index, follow, max-snippet:-1, max-image-preview:large, max-video-preview:-1\" \/>\n<link rel=\"canonical\" href=\"https:\/\/newgarden.es\/it\/shop\/lightdeco-it\/lampade-da-tavolo\/lanterna-okinawa-lanterna-portatile-a-batteria\/\" \/>\n<meta property=\"og:locale\" content=\"it_IT\" \/>\n<meta property=\"og:type\" content=\"article\" \/>\n<meta property=\"og:title\" content=\"LANTERN OKINAWA LANTERNA PORTATILE A BATTERIA - Newgarden\" \/>\n<meta property=\"og:description\" content=\"La lampada a mano OKINAWA LANTERN \u00e8 realizzata a mano in bamb\u00f9. Il suo design organico e le sue linee rette lo rendono un prodotto indispensabile per\" \/>\n<meta property=\"og:url\" content=\"https:\/\/newgarden.es\/it\/shop\/lightdeco-it\/lampade-da-tavolo\/lanterna-okinawa-lanterna-portatile-a-batteria\/\" \/>\n<meta property=\"og:site_name\" content=\"Newgarden\" \/>\n<meta property=\"article:modified_time\" content=\"2024-06-10T06:24:09+00:00\" \/>\n<meta property=\"og:image\" content=\"https:\/\/newgarden.es\/wp-content\/uploads\/2023\/02\/OKINAWA_LANTERN_BATTERY_1200X1200-25-1.jpg\" \/>\n\t<meta property=\"og:image:width\" content=\"1200\" \/>\n\t<meta property=\"og:image:height\" content=\"1200\" \/>\n\t<meta property=\"og:image:type\" content=\"image\/jpeg\" \/>\n<meta name=\"twitter:card\" content=\"summary_large_image\" \/>\n<meta name=\"twitter:label1\" content=\"Tempo di lettura stimato\" \/>\n\t<meta name=\"twitter:data1\" content=\"1 minuto\" \/>\n<script type=\"application\/ld+json\" class=\"yoast-schema-graph\">{\"@context\":\"https:\/\/schema.org\",\"@graph\":[{\"@type\":\"WebPage\",\"@id\":\"https:\/\/newgarden.es\/it\/shop\/lightdeco-it\/lampade-da-tavolo\/lanterna-okinawa-lanterna-portatile-a-batteria\/\",\"url\":\"https:\/\/newgarden.es\/it\/shop\/lightdeco-it\/lampade-da-tavolo\/lanterna-okinawa-lanterna-portatile-a-batteria\/\",\"name\":\"LANTERN OKINAWA LANTERNA PORTATILE A BATTERIA - Newgarden\",\"isPartOf\":{\"@id\":\"https:\/\/newgarden.es\/#website\"},\"primaryImageOfPage\":{\"@id\":\"https:\/\/newgarden.es\/it\/shop\/lightdeco-it\/lampade-da-tavolo\/lanterna-okinawa-lanterna-portatile-a-batteria\/#primaryimage\"},\"image\":{\"@id\":\"https:\/\/newgarden.es\/it\/shop\/lightdeco-it\/lampade-da-tavolo\/lanterna-okinawa-lanterna-portatile-a-batteria\/#primaryimage\"},\"thumbnailUrl\":\"https:\/\/newgarden.es\/wp-content\/uploads\/2023\/02\/OKINAWA_LANTERN_BATTERY_1200X1200-25-1.jpg\",\"datePublished\":\"2023-02-21T13:01:40+00:00\",\"dateModified\":\"2024-06-10T06:24:09+00:00\",\"description\":\"La lampada a mano OKINAWA LANTERN \u00e8 realizzata a mano in bamb\u00f9. Il suo design organico e le sue linee rette lo rendono un prodotto indispensabile per\",\"breadcrumb\":{\"@id\":\"https:\/\/newgarden.es\/it\/shop\/lightdeco-it\/lampade-da-tavolo\/lanterna-okinawa-lanterna-portatile-a-batteria\/#breadcrumb\"},\"inLanguage\":\"it-IT\",\"potentialAction\":[{\"@type\":\"ReadAction\",\"target\":[\"https:\/\/newgarden.es\/it\/shop\/lightdeco-it\/lampade-da-tavolo\/lanterna-okinawa-lanterna-portatile-a-batteria\/\"]}]},{\"@type\":\"ImageObject\",\"inLanguage\":\"it-IT\",\"@id\":\"https:\/\/newgarden.es\/it\/shop\/lightdeco-it\/lampade-da-tavolo\/lanterna-okinawa-lanterna-portatile-a-batteria\/#primaryimage\",\"url\":\"https:\/\/newgarden.es\/wp-content\/uploads\/2023\/02\/OKINAWA_LANTERN_BATTERY_1200X1200-25-1.jpg\",\"contentUrl\":\"https:\/\/newgarden.es\/wp-content\/uploads\/2023\/02\/OKINAWA_LANTERN_BATTERY_1200X1200-25-1.jpg\",\"width\":1200,\"height\":1200},{\"@type\":\"BreadcrumbList\",\"@id\":\"https:\/\/newgarden.es\/it\/shop\/lightdeco-it\/lampade-da-tavolo\/lanterna-okinawa-lanterna-portatile-a-batteria\/#breadcrumb\",\"itemListElement\":[{\"@type\":\"ListItem\",\"position\":1,\"name\":\"Home\",\"item\":\"https:\/\/newgarden.es\/it\/\"},{\"@type\":\"ListItem\",\"position\":2,\"name\":\"Collezione\",\"item\":\"https:\/\/newgarden.es\/it\/negozio\/\"},{\"@type\":\"ListItem\",\"position\":3,\"name\":\"LANTERN OKINAWA LANTERNA PORTATILE A BATTERIA\"}]},{\"@type\":\"WebSite\",\"@id\":\"https:\/\/newgarden.es\/#website\",\"url\":\"https:\/\/newgarden.es\/\",\"name\":\"Newgarden\",\"description\":\"Be happy\",\"potentialAction\":[{\"@type\":\"SearchAction\",\"target\":{\"@type\":\"EntryPoint\",\"urlTemplate\":\"https:\/\/newgarden.es\/?s={search_term_string}\"},\"query-input\":{\"@type\":\"PropertyValueSpecification\",\"valueRequired\":true,\"valueName\":\"search_term_string\"}}],\"inLanguage\":\"it-IT\"}]}<\/script>\n<!-- \/ Yoast SEO plugin. -->","yoast_head_json":{"title":"LANTERN OKINAWA LANTERNA PORTATILE A BATTERIA - Newgarden","description":"La lampada a mano OKINAWA LANTERN \u00e8 realizzata a mano in bamb\u00f9. Il suo design organico e le sue linee rette lo rendono un prodotto indispensabile per","robots":{"index":"index","follow":"follow","max-snippet":"max-snippet:-1","max-image-preview":"max-image-preview:large","max-video-preview":"max-video-preview:-1"},"canonical":"https:\/\/newgarden.es\/it\/shop\/lightdeco-it\/lampade-da-tavolo\/lanterna-okinawa-lanterna-portatile-a-batteria\/","og_locale":"it_IT","og_type":"article","og_title":"LANTERN OKINAWA LANTERNA PORTATILE A BATTERIA - Newgarden","og_description":"La lampada a mano OKINAWA LANTERN \u00e8 realizzata a mano in bamb\u00f9. Il suo design organico e le sue linee rette lo rendono un prodotto indispensabile per","og_url":"https:\/\/newgarden.es\/it\/shop\/lightdeco-it\/lampade-da-tavolo\/lanterna-okinawa-lanterna-portatile-a-batteria\/","og_site_name":"Newgarden","article_modified_time":"2024-06-10T06:24:09+00:00","og_image":[{"width":1200,"height":1200,"url":"https:\/\/newgarden.es\/wp-content\/uploads\/2023\/02\/OKINAWA_LANTERN_BATTERY_1200X1200-25-1.jpg","type":"image\/jpeg"}],"twitter_card":"summary_large_image","twitter_misc":{"Tempo di lettura stimato":"1 minuto"},"schema":{"@context":"https:\/\/schema.org","@graph":[{"@type":"WebPage","@id":"https:\/\/newgarden.es\/it\/shop\/lightdeco-it\/lampade-da-tavolo\/lanterna-okinawa-lanterna-portatile-a-batteria\/","url":"https:\/\/newgarden.es\/it\/shop\/lightdeco-it\/lampade-da-tavolo\/lanterna-okinawa-lanterna-portatile-a-batteria\/","name":"LANTERN OKINAWA LANTERNA PORTATILE A BATTERIA - Newgarden","isPartOf":{"@id":"https:\/\/newgarden.es\/#website"},"primaryImageOfPage":{"@id":"https:\/\/newgarden.es\/it\/shop\/lightdeco-it\/lampade-da-tavolo\/lanterna-okinawa-lanterna-portatile-a-batteria\/#primaryimage"},"image":{"@id":"https:\/\/newgarden.es\/it\/shop\/lightdeco-it\/lampade-da-tavolo\/lanterna-okinawa-lanterna-portatile-a-batteria\/#primaryimage"},"thumbnailUrl":"https:\/\/newgarden.es\/wp-content\/uploads\/2023\/02\/OKINAWA_LANTERN_BATTERY_1200X1200-25-1.jpg","datePublished":"2023-02-21T13:01:40+00:00","dateModified":"2024-06-10T06:24:09+00:00","description":"La lampada a mano OKINAWA LANTERN \u00e8 realizzata a mano in bamb\u00f9. Il suo design organico e le sue linee rette lo rendono un prodotto indispensabile per","breadcrumb":{"@id":"https:\/\/newgarden.es\/it\/shop\/lightdeco-it\/lampade-da-tavolo\/lanterna-okinawa-lanterna-portatile-a-batteria\/#breadcrumb"},"inLanguage":"it-IT","potentialAction":[{"@type":"ReadAction","target":["https:\/\/newgarden.es\/it\/shop\/lightdeco-it\/lampade-da-tavolo\/lanterna-okinawa-lanterna-portatile-a-batteria\/"]}]},{"@type":"ImageObject","inLanguage":"it-IT","@id":"https:\/\/newgarden.es\/it\/shop\/lightdeco-it\/lampade-da-tavolo\/lanterna-okinawa-lanterna-portatile-a-batteria\/#primaryimage","url":"https:\/\/newgarden.es\/wp-content\/uploads\/2023\/02\/OKINAWA_LANTERN_BATTERY_1200X1200-25-1.jpg","contentUrl":"https:\/\/newgarden.es\/wp-content\/uploads\/2023\/02\/OKINAWA_LANTERN_BATTERY_1200X1200-25-1.jpg","width":1200,"height":1200},{"@type":"BreadcrumbList","@id":"https:\/\/newgarden.es\/it\/shop\/lightdeco-it\/lampade-da-tavolo\/lanterna-okinawa-lanterna-portatile-a-batteria\/#breadcrumb","itemListElement":[{"@type":"ListItem","position":1,"name":"Home","item":"https:\/\/newgarden.es\/it\/"},{"@type":"ListItem","position":2,"name":"Collezione","item":"https:\/\/newgarden.es\/it\/negozio\/"},{"@type":"ListItem","position":3,"name":"LANTERN OKINAWA LANTERNA PORTATILE A BATTERIA"}]},{"@type":"WebSite","@id":"https:\/\/newgarden.es\/#website","url":"https:\/\/newgarden.es\/","name":"Newgarden","description":"Be happy","potentialAction":[{"@type":"SearchAction","target":{"@type":"EntryPoint","urlTemplate":"https:\/\/newgarden.es\/?s={search_term_string}"},"query-input":{"@type":"PropertyValueSpecification","valueRequired":true,"valueName":"search_term_string"}}],"inLanguage":"it-IT"}]}},"df_price":169,"df_sale_price":"","df_regular_price":169,"df_image_link":"https:\/\/newgarden.es\/wp-content\/uploads\/2023\/02\/OKINAWA_LANTERN_BATTERY_1200X1200-25-1-580x400.jpg","_links":{"self":[{"href":"https:\/\/newgarden.es\/it\/wp-json\/wp\/v2\/product\/47325"}],"collection":[{"href":"https:\/\/newgarden.es\/it\/wp-json\/wp\/v2\/product"}],"about":[{"href":"https:\/\/newgarden.es\/it\/wp-json\/wp\/v2\/types\/product"}],"wp:featuredmedia":[{"embeddable":true,"href":"https:\/\/newgarden.es\/it\/wp-json\/wp\/v2\/media\/60226"}],"wp:attachment":[{"href":"https:\/\/newgarden.es\/it\/wp-json\/wp\/v2\/media?parent=47325"}],"wp:term":[{"taxonomy":"product_cat","embeddable":true,"href":"https:\/\/newgarden.es\/it\/wp-json\/wp\/v2\/product_cat?post=47325"},{"taxonomy":"product_tag","embeddable":true,"href":"https:\/\/newgarden.es\/it\/wp-json\/wp\/v2\/product_tag?post=47325"}],"curies":[{"name":"wp","href":"https:\/\/api.w.org\/{rel}","templated":true}]}}